{"id":10200,"date":"2025-05-28T19:35:28","date_gmt":"2025-05-28T19:35:28","guid":{"rendered":"https:\/\/vitablanca.ma\/product\/the-ordinary-buffet-anti-aging-serum-30-ml\/"},"modified":"2026-02-07T17:59:37","modified_gmt":"2026-02-07T17:59:37","slug":"the-ordinary-buffet-anti-aging-serum-30-ml","status":"publish","type":"product","link":"https:\/\/vitablanca.ma\/en\/product\/the-ordinary-buffet-anti-aging-serum-30-ml\/","title":{"rendered":"The Ordinary Buffet Anti-Aging Serum 30 ML"},"content":{"rendered":"<p>Description :<br \/>\n A lightweight, water-based, multi-peptide serum that targets multiple visible signs of aging at once. It&#039;s ideal for those seeking solutions to the signs of aging and wanting visibly healthy skin.<\/p>\n<p>Skin type: Normal, dry, combination and oily<\/p>\n<p>Skin concerns: Fine lines and wrinkles, dryness, loss of firmness and elasticity<\/p>\n<p>Formula: Serum<\/p>\n<p>Star ingredients:<br \/>\n\u2013 Matrixyl 3000 and Matrixyl Synthe-6 Peptide Complex: Help reduce the appearance of wrinkles, fine lines and surface irregularities.<br \/>\n\u2013 Hyaluronic Acid: Supports hydration and acts as a delivery system to enhance the skin&#039;s exposure to active ingredients.<br \/>\n\u2013 Syn-Ake Peptide Complex: Improves the appearance of fine lines and wrinkles.<\/p>\n<p>Ingredient Information: Free of parabens, formaldehyde, phthalates, mineral oil, oxybenzone, coal tar, and sulfates SLS and SLES. It is also vegan, gluten-free, and cruelty-free.<\/p>\n<p>Additional Information: This product is vegan, cruelty-free, and free of alcohol, silicone, nuts, gluten, and fragrance. The total concentration of these technologies represents 25.1 percent of the formula weight.<\/p>","protected":false},"excerpt":{"rendered":"<p>Description : Un s\u00e9rum multi-peptides, l\u00e9ger et \u00e0 base d&rsquo;eau, qui cible plusieurs signes de vieillissement visibles \u00e0 la fois. Il est id\u00e9al pour les personnes qui recherchent des solutions aux signes de vieillissement et qui souhaitent avoir une peau visiblement saine. Type de peau : Normale, s\u00e8che, mixte et grasse Probl\u00e8mes de peau : [&hellip;]<\/p>\n","protected":false},"featured_media":10199,"template":"","meta":{"om_disable_all_campaigns":false},"product_brand":[6942],"product_cat":[18,15,1186],"product_tag":[4774,8698,8695,8696,8694,8697,8693,3467,8692],"class_list":{"0":"post-10200","1":"product","2":"type-product","3":"status-publish","4":"has-post-thumbnail","6":"product_brand-the-ordinary-maroc-prix","7":"product_cat-beaute-sante","8":"product_cat-beaute-sante-complements-alimentaires-soins-et-bien-etre-au-meilleur-prix","9":"product_cat-visage","10":"product_tag-acide-hyaluronique-maroc","11":"product_tag-dermo-cosmetique-maroc","12":"product_tag-niacinamide-maroc","13":"product_tag-peeling-maroc","14":"product_tag-retinol-maroc","15":"product_tag-routine-peau","16":"product_tag-serums-actifs-maroc","17":"product_tag-soins-visage-maroc","18":"product_tag-the-ordinary-maroc","20":"first","21":"instock","22":"taxable","23":"shipping-taxable","24":"purchasable","25":"product-type-simple"},"yoast_head":"<!-- This site is optimized with the Yoast SEO plugin v27.3 - https:\/\/yoast.com\/product\/yoast-seo-wordpress\/ -->\n<title>The Ordinary Buffet Anti-Aging Serum 30 ML - Maroc Prix<\/title>\n<meta name=\"description\" content=\"The Ordinary Buffet Anti-Aging Serum 30 ML\" \/>\n<meta name=\"robots\" content=\"index, follow, max-snippet:-1, max-image-preview:large, max-video-preview:-1\" \/>\n<link rel=\"canonical\" href=\"https:\/\/vitablanca.ma\/en\/product\/the-ordinary-buffet-anti-aging-serum-30-ml\/\" \/>\n<meta property=\"og:locale\" content=\"en_US\" \/>\n<meta property=\"og:type\" content=\"article\" \/>\n<meta property=\"og:title\" content=\"The Ordinary Buffet Anti-Aging Serum 30 ML - Maroc Prix\" \/>\n<meta property=\"og:description\" content=\"The Ordinary Buffet Anti-Aging Serum 30 ML\" \/>\n<meta property=\"og:url\" content=\"https:\/\/vitablanca.ma\/en\/product\/the-ordinary-buffet-anti-aging-serum-30-ml\/\" \/>\n<meta property=\"og:site_name\" content=\"Vitablanca.ma &ndash; Sant&eacute;, vitalit&eacute; et bien-&ecirc;tre pour tous les Marocains\" \/>\n<meta property=\"article:publisher\" content=\"https:\/\/www.facebook.com\/profile.php?id=61576678196717\" \/>\n<meta property=\"article:modified_time\" content=\"2026-02-07T17:59:37+00:00\" \/>\n<meta property=\"og:image\" content=\"https:\/\/vitablanca.ma\/wp-content\/uploads\/2025\/05\/The_Ordinary_buffet_e62b4902-1bbf-4510-8ee7-55864312e475.jpg\" \/>\n\t<meta property=\"og:image:width\" content=\"800\" \/>\n\t<meta property=\"og:image:height\" content=\"800\" \/>\n\t<meta property=\"og:image:type\" content=\"image\/jpeg\" \/>\n<meta name=\"twitter:card\" content=\"summary_large_image\" \/>\n<meta name=\"twitter:label1\" content=\"Est. reading time\" \/>\n\t<meta name=\"twitter:data1\" content=\"1 minute\" \/>\n<script type=\"application\/ld+json\" class=\"yoast-schema-graph\">{\"@context\":\"https:\\\/\\\/schema.org\",\"@graph\":[{\"@type\":[\"WebPage\",\"ItemPage\"],\"@id\":\"https:\\\/\\\/vitablanca.ma\\\/produit\\\/the-ordinary-buffet-anti-aging-serum-30-ml\\\/\",\"url\":\"https:\\\/\\\/vitablanca.ma\\\/produit\\\/the-ordinary-buffet-anti-aging-serum-30-ml\\\/\",\"name\":\"The Ordinary Buffet Anti-Aging Serum 30 ML - Maroc Prix\",\"isPartOf\":{\"@id\":\"https:\\\/\\\/vitablanca.ma\\\/#website\"},\"primaryImageOfPage\":{\"@id\":\"https:\\\/\\\/vitablanca.ma\\\/produit\\\/the-ordinary-buffet-anti-aging-serum-30-ml\\\/#primaryimage\"},\"image\":{\"@id\":\"https:\\\/\\\/vitablanca.ma\\\/produit\\\/the-ordinary-buffet-anti-aging-serum-30-ml\\\/#primaryimage\"},\"thumbnailUrl\":\"https:\\\/\\\/vitablanca.ma\\\/wp-content\\\/uploads\\\/2025\\\/05\\\/The_Ordinary_buffet_e62b4902-1bbf-4510-8ee7-55864312e475.jpg\",\"datePublished\":\"2025-05-28T19:35:28+00:00\",\"dateModified\":\"2026-02-07T17:59:37+00:00\",\"description\":\"The Ordinary Buffet Anti-Aging Serum 30 ML\",\"breadcrumb\":{\"@id\":\"https:\\\/\\\/vitablanca.ma\\\/produit\\\/the-ordinary-buffet-anti-aging-serum-30-ml\\\/#breadcrumb\"},\"inLanguage\":\"en-US\",\"potentialAction\":[{\"@type\":\"ReadAction\",\"target\":[\"https:\\\/\\\/vitablanca.ma\\\/produit\\\/the-ordinary-buffet-anti-aging-serum-30-ml\\\/\"]}]},{\"@type\":\"ImageObject\",\"inLanguage\":\"en-US\",\"@id\":\"https:\\\/\\\/vitablanca.ma\\\/produit\\\/the-ordinary-buffet-anti-aging-serum-30-ml\\\/#primaryimage\",\"url\":\"https:\\\/\\\/vitablanca.ma\\\/wp-content\\\/uploads\\\/2025\\\/05\\\/The_Ordinary_buffet_e62b4902-1bbf-4510-8ee7-55864312e475.jpg\",\"contentUrl\":\"https:\\\/\\\/vitablanca.ma\\\/wp-content\\\/uploads\\\/2025\\\/05\\\/The_Ordinary_buffet_e62b4902-1bbf-4510-8ee7-55864312e475.jpg\",\"width\":800,\"height\":800},{\"@type\":\"BreadcrumbList\",\"@id\":\"https:\\\/\\\/vitablanca.ma\\\/produit\\\/the-ordinary-buffet-anti-aging-serum-30-ml\\\/#breadcrumb\",\"itemListElement\":[{\"@type\":\"ListItem\",\"position\":1,\"name\":\"Home\",\"item\":\"https:\\\/\\\/vitablanca.ma\\\/\"},{\"@type\":\"ListItem\",\"position\":2,\"name\":\"Tous Les Produits\",\"item\":\"https:\\\/\\\/vitablanca.ma\\\/tous-les-produits\\\/\"},{\"@type\":\"ListItem\",\"position\":3,\"name\":\"The Ordinary Buffet Anti-Aging Serum 30 ML\"}]},{\"@type\":\"WebSite\",\"@id\":\"https:\\\/\\\/vitablanca.ma\\\/#website\",\"url\":\"https:\\\/\\\/vitablanca.ma\\\/\",\"name\":\"VitaBlanca.ma | Compl\u00e9ments alimentaires, sant\u00e9 & beaut\u00e9 au Maroc\",\"description\":\"vendre vitamines et compl\u00e9ments premium des USA &amp; Canada, Nouvelle Z\u00e9lande,Maroc (NOW Foods, Solgar, Manuka). Livraison rapide partout au Maroc.\",\"publisher\":{\"@id\":\"https:\\\/\\\/vitablanca.ma\\\/#organization\"},\"alternateName\":\"VitaBlanca.ma\",\"potentialAction\":[{\"@type\":\"SearchAction\",\"target\":{\"@type\":\"EntryPoint\",\"urlTemplate\":\"https:\\\/\\\/vitablanca.ma\\\/?s={search_term_string}\"},\"query-input\":{\"@type\":\"PropertyValueSpecification\",\"valueRequired\":true,\"valueName\":\"search_term_string\"}}],\"inLanguage\":\"en-US\"},{\"@type\":\"Organization\",\"@id\":\"https:\\\/\\\/vitablanca.ma\\\/#organization\",\"name\":\"VitaBlanca\",\"url\":\"https:\\\/\\\/vitablanca.ma\\\/\",\"logo\":{\"@type\":\"ImageObject\",\"inLanguage\":\"en-US\",\"@id\":\"https:\\\/\\\/vitablanca.ma\\\/#\\\/schema\\\/logo\\\/image\\\/\",\"url\":\"https:\\\/\\\/vitablanca.ma\\\/wp-content\\\/uploads\\\/2025\\\/05\\\/cropped-vitablanca.png\",\"contentUrl\":\"https:\\\/\\\/vitablanca.ma\\\/wp-content\\\/uploads\\\/2025\\\/05\\\/cropped-vitablanca.png\",\"width\":360,\"height\":67,\"caption\":\"VitaBlanca\"},\"image\":{\"@id\":\"https:\\\/\\\/vitablanca.ma\\\/#\\\/schema\\\/logo\\\/image\\\/\"},\"sameAs\":[\"https:\\\/\\\/www.facebook.com\\\/profile.php?id=61576678196717\",\"https:\\\/\\\/www.tiktok.com\\\/@vitablanca.ma\",\"https:\\\/\\\/www.instagram.com\\\/vitablanca.ma\\\/\"]}]}<\/script>\n<!-- \/ Yoast SEO plugin. -->","yoast_head_json":{"title":"The Ordinary Buffet Anti-Aging Serum 30 ML - Morocco Price","description":"The Ordinary Buffet Anti-Aging Serum 30 ML","robots":{"index":"index","follow":"follow","max-snippet":"max-snippet:-1","max-image-preview":"max-image-preview:large","max-video-preview":"max-video-preview:-1"},"canonical":"https:\/\/vitablanca.ma\/en\/product\/the-ordinary-buffet-anti-aging-serum-30-ml\/","og_locale":"en_US","og_type":"article","og_title":"The Ordinary Buffet Anti-Aging Serum 30 ML - Maroc Prix","og_description":"The Ordinary Buffet Anti-Aging Serum 30 ML","og_url":"https:\/\/vitablanca.ma\/en\/product\/the-ordinary-buffet-anti-aging-serum-30-ml\/","og_site_name":"Vitablanca.ma &ndash; Sant&eacute;, vitalit&eacute; et bien-&ecirc;tre pour tous les Marocains","article_publisher":"https:\/\/www.facebook.com\/profile.php?id=61576678196717","article_modified_time":"2026-02-07T17:59:37+00:00","og_image":[{"width":800,"height":800,"url":"https:\/\/vitablanca.ma\/wp-content\/uploads\/2025\/05\/The_Ordinary_buffet_e62b4902-1bbf-4510-8ee7-55864312e475.jpg","type":"image\/jpeg"}],"twitter_card":"summary_large_image","twitter_misc":{"Est. reading time":"1 minute"},"schema":{"@context":"https:\/\/schema.org","@graph":[{"@type":["WebPage","ItemPage"],"@id":"https:\/\/vitablanca.ma\/produit\/the-ordinary-buffet-anti-aging-serum-30-ml\/","url":"https:\/\/vitablanca.ma\/produit\/the-ordinary-buffet-anti-aging-serum-30-ml\/","name":"The Ordinary Buffet Anti-Aging Serum 30 ML - Morocco Price","isPartOf":{"@id":"https:\/\/vitablanca.ma\/#website"},"primaryImageOfPage":{"@id":"https:\/\/vitablanca.ma\/produit\/the-ordinary-buffet-anti-aging-serum-30-ml\/#primaryimage"},"image":{"@id":"https:\/\/vitablanca.ma\/produit\/the-ordinary-buffet-anti-aging-serum-30-ml\/#primaryimage"},"thumbnailUrl":"https:\/\/vitablanca.ma\/wp-content\/uploads\/2025\/05\/The_Ordinary_buffet_e62b4902-1bbf-4510-8ee7-55864312e475.jpg","datePublished":"2025-05-28T19:35:28+00:00","dateModified":"2026-02-07T17:59:37+00:00","description":"The Ordinary Buffet Anti-Aging Serum 30 ML","breadcrumb":{"@id":"https:\/\/vitablanca.ma\/produit\/the-ordinary-buffet-anti-aging-serum-30-ml\/#breadcrumb"},"inLanguage":"en-US","potentialAction":[{"@type":"ReadAction","target":["https:\/\/vitablanca.ma\/produit\/the-ordinary-buffet-anti-aging-serum-30-ml\/"]}]},{"@type":"ImageObject","inLanguage":"en-US","@id":"https:\/\/vitablanca.ma\/produit\/the-ordinary-buffet-anti-aging-serum-30-ml\/#primaryimage","url":"https:\/\/vitablanca.ma\/wp-content\/uploads\/2025\/05\/The_Ordinary_buffet_e62b4902-1bbf-4510-8ee7-55864312e475.jpg","contentUrl":"https:\/\/vitablanca.ma\/wp-content\/uploads\/2025\/05\/The_Ordinary_buffet_e62b4902-1bbf-4510-8ee7-55864312e475.jpg","width":800,"height":800},{"@type":"BreadcrumbList","@id":"https:\/\/vitablanca.ma\/produit\/the-ordinary-buffet-anti-aging-serum-30-ml\/#breadcrumb","itemListElement":[{"@type":"ListItem","position":1,"name":"Home","item":"https:\/\/vitablanca.ma\/"},{"@type":"ListItem","position":2,"name":"Tous Les Produits","item":"https:\/\/vitablanca.ma\/tous-les-produits\/"},{"@type":"ListItem","position":3,"name":"The Ordinary Buffet Anti-Aging Serum 30 ML"}]},{"@type":"WebSite","@id":"https:\/\/vitablanca.ma\/#website","url":"https:\/\/vitablanca.ma\/","name":"VitaBlanca.ma | Food supplements, health &amp; beauty in Morocco","description":"sell premium vitamins and supplements from USA &amp; Canada, New Zealand, Morocco (NOW Foods, Solgar, Manuka). Fast delivery anywhere in Morocco.","publisher":{"@id":"https:\/\/vitablanca.ma\/#organization"},"alternateName":"VitaBlanca.ma","potentialAction":[{"@type":"SearchAction","target":{"@type":"EntryPoint","urlTemplate":"https:\/\/vitablanca.ma\/?s={search_term_string}"},"query-input":{"@type":"PropertyValueSpecification","valueRequired":true,"valueName":"search_term_string"}}],"inLanguage":"en-US"},{"@type":"Organization","@id":"https:\/\/vitablanca.ma\/#organization","name":"VitaBlanca","url":"https:\/\/vitablanca.ma\/","logo":{"@type":"ImageObject","inLanguage":"en-US","@id":"https:\/\/vitablanca.ma\/#\/schema\/logo\/image\/","url":"https:\/\/vitablanca.ma\/wp-content\/uploads\/2025\/05\/cropped-vitablanca.png","contentUrl":"https:\/\/vitablanca.ma\/wp-content\/uploads\/2025\/05\/cropped-vitablanca.png","width":360,"height":67,"caption":"VitaBlanca"},"image":{"@id":"https:\/\/vitablanca.ma\/#\/schema\/logo\/image\/"},"sameAs":["https:\/\/www.facebook.com\/profile.php?id=61576678196717","https:\/\/www.tiktok.com\/@vitablanca.ma","https:\/\/www.instagram.com\/vitablanca.ma\/"]}]}},"jetpack_sharing_enabled":true,"_links":{"self":[{"href":"https:\/\/vitablanca.ma\/en\/wp-json\/wp\/v2\/product\/10200","targetHints":{"allow":["GET"]}}],"collection":[{"href":"https:\/\/vitablanca.ma\/en\/wp-json\/wp\/v2\/product"}],"about":[{"href":"https:\/\/vitablanca.ma\/en\/wp-json\/wp\/v2\/types\/product"}],"wp:featuredmedia":[{"embeddable":true,"href":"https:\/\/vitablanca.ma\/en\/wp-json\/wp\/v2\/media\/10199"}],"wp:attachment":[{"href":"https:\/\/vitablanca.ma\/en\/wp-json\/wp\/v2\/media?parent=10200"}],"wp:term":[{"taxonomy":"product_brand","embeddable":true,"href":"https:\/\/vitablanca.ma\/en\/wp-json\/wp\/v2\/product_brand?post=10200"},{"taxonomy":"product_cat","embeddable":true,"href":"https:\/\/vitablanca.ma\/en\/wp-json\/wp\/v2\/product_cat?post=10200"},{"taxonomy":"product_tag","embeddable":true,"href":"https:\/\/vitablanca.ma\/en\/wp-json\/wp\/v2\/product_tag?post=10200"}],"curies":[{"name":"wp","href":"https:\/\/api.w.org\/{rel}","templated":true}]}}