{"id":102,"date":"2025-04-15T20:18:18","date_gmt":"2025-04-15T20:18:18","guid":{"rendered":"https:\/\/vitablanca.ma\/?post_type=product&#038;p=102"},"modified":"2026-01-26T01:14:52","modified_gmt":"2026-01-26T01:14:52","slug":"manuka-health-miel-850-mgo-250g-nouvelle-zelande","status":"publish","type":"product","link":"https:\/\/vitablanca.ma\/en\/product\/manuka-health-miel-850-mgo-250g-nouvelle-zelande\/","title":{"rendered":"Manuka Honey Health New Zealand 850+ MGO 250g"},"content":{"rendered":"<p>Gluten free<\/p>\n<p>Manuka d\u2019origine unique haute puissance de Nouvelle-Z\u00e9lande<\/p>\n<p>Sweet and sour taste, creamy and full-bodied texture<\/p>\n<p>100% New Zealand MGO\u2122 850+ Manuka Honey<\/p>\n<p>D\u00e9riv\u00e9 du nectar des fleurs de la plante Leptospermum scoparium originaire de Nouvelle-Z\u00e9lande, le miel de Manuka MGO\u2122 est le seul aliment 100% naturel au monde dont il a \u00e9t\u00e9 d\u00e9montr\u00e9 qu\u2019il poss\u00e8de des propri\u00e9t\u00e9s uniques en raison des niveaux exceptionnellement \u00e9lev\u00e9s du compos\u00e9 naturel, le m\u00e9thylglyoxal.<\/p>\n<p>MGO\u2122 850+ Manuka Honey has been tested and is certified to contain at least 850 mg\/kg of dietary methylglyoxal, a natural compound found in significant quantities in only some Manuka Honey produced from the wild, uncultivated manuka plant in New Zealand.<\/p>\n<p>Il est rare de trouver un manuka avec une combinaison aussi heureuse de saveur riche, de corps onctueux et de niveaux extr\u00eamement \u00e9lev\u00e9s de compos\u00e9 actif m\u00e9thylglyoxal \u2013 si rare, en fait, que le miel haut de gamme de Manuka Health ne pouvait provenir que d\u2019un seul endroit : l\u2019extr\u00eame nord. La Nouvelle-Z\u00e9lande, une r\u00e9gion isol\u00e9e et presque intacte avec le pur oc\u00e9an Pacifique sur trois c\u00f4t\u00e9s et une saison estivale prolong\u00e9e marqu\u00e9e par la chaleur n\u00e9cessaire pour produire de v\u00e9ritables manuka. Chaque lot est r\u00e9colt\u00e9 de mani\u00e8re durable, manipul\u00e9 avec douceur et minutieusement test\u00e9 pour attribuer un niveau MGO correct afin que vous puissiez \u00eatre s\u00fbr \u00e0 la fois de la qualit\u00e9 et de l\u2019origine du miel que vous obtenez \u2013 c\u2019est garanti.<\/p>","protected":false},"excerpt":{"rendered":"<ul>\n<li>High potency single origin Manuka from New Zealand<\/li>\n<li>Sweet and sour taste, creamy and full-bodied texture<\/li>\n<li>100% New Zealand MGO\u2122 850+ Manuka Honey<\/li>\n<\/ul>","protected":false},"featured_media":103,"template":"","meta":{"om_disable_all_campaigns":false},"product_brand":[234],"product_cat":[18,3366,2493,104,19],"product_tag":[108,235,784,107,109,110,112,111,115,120,106,105,113,119,116,118,114,117,121],"class_list":{"0":"post-102","1":"product","2":"type-product","3":"status-publish","4":"has-post-thumbnail","6":"product_brand-manuka-health-maroc-prix","7":"product_cat-beaute-sante","8":"product_cat-complements-alimentaires-au-maroc-vitablanca","9":"product_cat-miel-de-manuka","10":"product_cat-supplements-a-base-de-plantes","11":"product_cat-vitamines-supplements-dietetiques","12":"product_tag-manuka","13":"product_tag-manuka-health","14":"product_tag-manuka-health-maroc","15":"product_tag-manuka-honey","16":"product_tag-manuka-honey-maroc","17":"product_tag-manuka-honey-morocoo","18":"product_tag-manuka-honey-price-a-maroc","19":"product_tag-manuka-honey-prix-maroc","20":"product_tag-manuka-honey-","21":"product_tag-manuka-mgo","22":"product_tag-mgo-250g","23":"product_tag-miel-850","24":"product_tag-miel-de-manuka","25":"product_tag-miel-de-manuka-dangereux","26":"product_tag-miel-de-manuka-maroc","27":"product_tag-miel-de-manuka-prix","28":"product_tag-miel-manuka","29":"product_tag-miel-manuka-maroc","30":"product_tag-121","32":"first","33":"instock","34":"taxable","35":"shipping-taxable","36":"purchasable","37":"product-type-simple"},"yoast_head":"<!-- This site is optimized with the Yoast SEO plugin v27.5 - https:\/\/yoast.com\/product\/yoast-seo-wordpress\/ -->\n<title>miel de manuka Health Nouvelle Z\u00e9lande MGO 850, 250g -Maroc<\/title>\n<meta name=\"description\" content=\"Achetez miel de manuka Health Miel MGO 850+ (250g) au Maroc. Miel de Manuka authentique de Nouvelle-Z\u00e9lande, puret\u00e9 et puissance exceptionnelles.\" \/>\n<meta name=\"robots\" content=\"index, follow, max-snippet:-1, max-image-preview:large, max-video-preview:-1\" \/>\n<link rel=\"canonical\" href=\"https:\/\/vitablanca.ma\/en\/product\/manuka-health-miel-850-mgo-250g-nouvelle-zelande\/\" \/>\n<meta property=\"og:locale\" content=\"en_US\" \/>\n<meta property=\"og:type\" content=\"article\" \/>\n<meta property=\"og:title\" content=\"miel de manuka Health Nouvelle Z\u00e9lande MGO 850, 250g -Maroc\" \/>\n<meta property=\"og:description\" content=\"Achetez miel de manuka Health Miel MGO 850+ (250g) au Maroc. Miel de Manuka authentique de Nouvelle-Z\u00e9lande, puret\u00e9 et puissance exceptionnelles.\" \/>\n<meta property=\"og:url\" content=\"https:\/\/vitablanca.ma\/en\/product\/manuka-health-miel-850-mgo-250g-nouvelle-zelande\/\" \/>\n<meta property=\"og:site_name\" content=\"Vitablanca.ma &ndash; Sant&eacute;, vitalit&eacute; et bien-&ecirc;tre pour tous les Marocains\" \/>\n<meta property=\"article:publisher\" content=\"https:\/\/www.facebook.com\/profile.php?id=61576678196717\" \/>\n<meta property=\"article:modified_time\" content=\"2026-01-26T01:14:52+00:00\" \/>\n<meta property=\"og:image\" content=\"https:\/\/vitablanca.ma\/wp-content\/uploads\/2025\/04\/1manuka-health-miel-850-mgo-250g.jpg\" \/>\n\t<meta property=\"og:image:width\" content=\"680\" \/>\n\t<meta property=\"og:image:height\" content=\"680\" \/>\n\t<meta property=\"og:image:type\" content=\"image\/jpeg\" \/>\n<meta name=\"twitter:card\" content=\"summary_large_image\" \/>\n<meta name=\"twitter:label1\" content=\"Est. reading time\" \/>\n\t<meta name=\"twitter:data1\" content=\"2 minutes\" \/>\n<script type=\"application\/ld+json\" class=\"yoast-schema-graph\">{\"@context\":\"https:\\\/\\\/schema.org\",\"@graph\":[{\"@type\":[\"WebPage\",\"ItemPage\"],\"@id\":\"https:\\\/\\\/vitablanca.ma\\\/produit\\\/manuka-health-miel-850-mgo-250g-nouvelle-zelande\\\/\",\"url\":\"https:\\\/\\\/vitablanca.ma\\\/produit\\\/manuka-health-miel-850-mgo-250g-nouvelle-zelande\\\/\",\"name\":\"miel de manuka Health Nouvelle Z\u00e9lande MGO 850, 250g -Maroc\",\"isPartOf\":{\"@id\":\"https:\\\/\\\/vitablanca.ma\\\/#website\"},\"primaryImageOfPage\":{\"@id\":\"https:\\\/\\\/vitablanca.ma\\\/produit\\\/manuka-health-miel-850-mgo-250g-nouvelle-zelande\\\/#primaryimage\"},\"image\":{\"@id\":\"https:\\\/\\\/vitablanca.ma\\\/produit\\\/manuka-health-miel-850-mgo-250g-nouvelle-zelande\\\/#primaryimage\"},\"thumbnailUrl\":\"https:\\\/\\\/vitablanca.ma\\\/wp-content\\\/uploads\\\/2025\\\/04\\\/1manuka-health-miel-850-mgo-250g.jpg\",\"datePublished\":\"2025-04-15T20:18:18+00:00\",\"dateModified\":\"2026-01-26T01:14:52+00:00\",\"description\":\"Achetez miel de manuka Health Miel MGO 850+ (250g) au Maroc. Miel de Manuka authentique de Nouvelle-Z\u00e9lande, puret\u00e9 et puissance exceptionnelles.\",\"breadcrumb\":{\"@id\":\"https:\\\/\\\/vitablanca.ma\\\/produit\\\/manuka-health-miel-850-mgo-250g-nouvelle-zelande\\\/#breadcrumb\"},\"inLanguage\":\"en-US\",\"potentialAction\":[{\"@type\":\"ReadAction\",\"target\":[\"https:\\\/\\\/vitablanca.ma\\\/produit\\\/manuka-health-miel-850-mgo-250g-nouvelle-zelande\\\/\"]}]},{\"@type\":\"ImageObject\",\"inLanguage\":\"en-US\",\"@id\":\"https:\\\/\\\/vitablanca.ma\\\/produit\\\/manuka-health-miel-850-mgo-250g-nouvelle-zelande\\\/#primaryimage\",\"url\":\"https:\\\/\\\/vitablanca.ma\\\/wp-content\\\/uploads\\\/2025\\\/04\\\/1manuka-health-miel-850-mgo-250g.jpg\",\"contentUrl\":\"https:\\\/\\\/vitablanca.ma\\\/wp-content\\\/uploads\\\/2025\\\/04\\\/1manuka-health-miel-850-mgo-250g.jpg\",\"width\":680,\"height\":680},{\"@type\":\"BreadcrumbList\",\"@id\":\"https:\\\/\\\/vitablanca.ma\\\/produit\\\/manuka-health-miel-850-mgo-250g-nouvelle-zelande\\\/#breadcrumb\",\"itemListElement\":[{\"@type\":\"ListItem\",\"position\":1,\"name\":\"Home\",\"item\":\"https:\\\/\\\/vitablanca.ma\\\/\"},{\"@type\":\"ListItem\",\"position\":2,\"name\":\"Tous Les Produits\",\"item\":\"https:\\\/\\\/vitablanca.ma\\\/tous-les-produits\\\/\"},{\"@type\":\"ListItem\",\"position\":3,\"name\":\"Miel Manuka Health Nouvelle Z\u00e9lande 850+ MGO 250g\"}]},{\"@type\":\"WebSite\",\"@id\":\"https:\\\/\\\/vitablanca.ma\\\/#website\",\"url\":\"https:\\\/\\\/vitablanca.ma\\\/\",\"name\":\"VitaBlanca.ma | Compl\u00e9ments alimentaires, sant\u00e9 & beaut\u00e9 au Maroc\",\"description\":\"vendre vitamines et compl\u00e9ments premium des USA &amp; Canada, Nouvelle Z\u00e9lande,Maroc (NOW Foods, Solgar, Manuka). Livraison rapide partout au Maroc.\",\"publisher\":{\"@id\":\"https:\\\/\\\/vitablanca.ma\\\/#organization\"},\"alternateName\":\"VitaBlanca.ma\",\"potentialAction\":[{\"@type\":\"SearchAction\",\"target\":{\"@type\":\"EntryPoint\",\"urlTemplate\":\"https:\\\/\\\/vitablanca.ma\\\/?s={search_term_string}\"},\"query-input\":{\"@type\":\"PropertyValueSpecification\",\"valueRequired\":true,\"valueName\":\"search_term_string\"}}],\"inLanguage\":\"en-US\"},{\"@type\":\"Organization\",\"@id\":\"https:\\\/\\\/vitablanca.ma\\\/#organization\",\"name\":\"VitaBlanca\",\"url\":\"https:\\\/\\\/vitablanca.ma\\\/\",\"logo\":{\"@type\":\"ImageObject\",\"inLanguage\":\"en-US\",\"@id\":\"https:\\\/\\\/vitablanca.ma\\\/#\\\/schema\\\/logo\\\/image\\\/\",\"url\":\"https:\\\/\\\/vitablanca.ma\\\/wp-content\\\/uploads\\\/2025\\\/05\\\/cropped-vitablanca.png\",\"contentUrl\":\"https:\\\/\\\/vitablanca.ma\\\/wp-content\\\/uploads\\\/2025\\\/05\\\/cropped-vitablanca.png\",\"width\":360,\"height\":67,\"caption\":\"VitaBlanca\"},\"image\":{\"@id\":\"https:\\\/\\\/vitablanca.ma\\\/#\\\/schema\\\/logo\\\/image\\\/\"},\"sameAs\":[\"https:\\\/\\\/www.facebook.com\\\/profile.php?id=61576678196717\",\"https:\\\/\\\/www.tiktok.com\\\/@vitablanca.ma\",\"https:\\\/\\\/www.instagram.com\\\/vitablanca.ma\\\/\"]}]}<\/script>\n<!-- \/ Yoast SEO plugin. -->","yoast_head_json":{"title":"Manuka Honey Health New Zealand MGO 850, 250g - Morocco","description":"Buy Manuka Honey Health Miel MGO 850+ (250g) in Morocco. Authentic New Zealand Manuka Honey, exceptional purity and potency.","robots":{"index":"index","follow":"follow","max-snippet":"max-snippet:-1","max-image-preview":"max-image-preview:large","max-video-preview":"max-video-preview:-1"},"canonical":"https:\/\/vitablanca.ma\/en\/product\/manuka-health-miel-850-mgo-250g-nouvelle-zelande\/","og_locale":"en_US","og_type":"article","og_title":"miel de manuka Health Nouvelle Z\u00e9lande MGO 850, 250g -Maroc","og_description":"Achetez miel de manuka Health Miel MGO 850+ (250g) au Maroc. Miel de Manuka authentique de Nouvelle-Z\u00e9lande, puret\u00e9 et puissance exceptionnelles.","og_url":"https:\/\/vitablanca.ma\/en\/product\/manuka-health-miel-850-mgo-250g-nouvelle-zelande\/","og_site_name":"Vitablanca.ma &ndash; Sant&eacute;, vitalit&eacute; et bien-&ecirc;tre pour tous les Marocains","article_publisher":"https:\/\/www.facebook.com\/profile.php?id=61576678196717","article_modified_time":"2026-01-26T01:14:52+00:00","og_image":[{"width":680,"height":680,"url":"https:\/\/vitablanca.ma\/wp-content\/uploads\/2025\/04\/1manuka-health-miel-850-mgo-250g.jpg","type":"image\/jpeg"}],"twitter_card":"summary_large_image","twitter_misc":{"Est. reading time":"2 minutes"},"schema":{"@context":"https:\/\/schema.org","@graph":[{"@type":["WebPage","ItemPage"],"@id":"https:\/\/vitablanca.ma\/produit\/manuka-health-miel-850-mgo-250g-nouvelle-zelande\/","url":"https:\/\/vitablanca.ma\/produit\/manuka-health-miel-850-mgo-250g-nouvelle-zelande\/","name":"Manuka Honey Health New Zealand MGO 850, 250g - Morocco","isPartOf":{"@id":"https:\/\/vitablanca.ma\/#website"},"primaryImageOfPage":{"@id":"https:\/\/vitablanca.ma\/produit\/manuka-health-miel-850-mgo-250g-nouvelle-zelande\/#primaryimage"},"image":{"@id":"https:\/\/vitablanca.ma\/produit\/manuka-health-miel-850-mgo-250g-nouvelle-zelande\/#primaryimage"},"thumbnailUrl":"https:\/\/vitablanca.ma\/wp-content\/uploads\/2025\/04\/1manuka-health-miel-850-mgo-250g.jpg","datePublished":"2025-04-15T20:18:18+00:00","dateModified":"2026-01-26T01:14:52+00:00","description":"Buy Manuka Honey Health Miel MGO 850+ (250g) in Morocco. Authentic New Zealand Manuka Honey, exceptional purity and potency.","breadcrumb":{"@id":"https:\/\/vitablanca.ma\/produit\/manuka-health-miel-850-mgo-250g-nouvelle-zelande\/#breadcrumb"},"inLanguage":"en-US","potentialAction":[{"@type":"ReadAction","target":["https:\/\/vitablanca.ma\/produit\/manuka-health-miel-850-mgo-250g-nouvelle-zelande\/"]}]},{"@type":"ImageObject","inLanguage":"en-US","@id":"https:\/\/vitablanca.ma\/produit\/manuka-health-miel-850-mgo-250g-nouvelle-zelande\/#primaryimage","url":"https:\/\/vitablanca.ma\/wp-content\/uploads\/2025\/04\/1manuka-health-miel-850-mgo-250g.jpg","contentUrl":"https:\/\/vitablanca.ma\/wp-content\/uploads\/2025\/04\/1manuka-health-miel-850-mgo-250g.jpg","width":680,"height":680},{"@type":"BreadcrumbList","@id":"https:\/\/vitablanca.ma\/produit\/manuka-health-miel-850-mgo-250g-nouvelle-zelande\/#breadcrumb","itemListElement":[{"@type":"ListItem","position":1,"name":"Home","item":"https:\/\/vitablanca.ma\/"},{"@type":"ListItem","position":2,"name":"Tous Les Produits","item":"https:\/\/vitablanca.ma\/tous-les-produits\/"},{"@type":"ListItem","position":3,"name":"Miel Manuka Health Nouvelle Z\u00e9lande 850+ MGO 250g"}]},{"@type":"WebSite","@id":"https:\/\/vitablanca.ma\/#website","url":"https:\/\/vitablanca.ma\/","name":"VitaBlanca.ma | Food supplements, health &amp; beauty in Morocco","description":"sell premium vitamins and supplements from USA &amp; Canada, New Zealand, Morocco (NOW Foods, Solgar, Manuka). Fast delivery anywhere in Morocco.","publisher":{"@id":"https:\/\/vitablanca.ma\/#organization"},"alternateName":"VitaBlanca.ma","potentialAction":[{"@type":"SearchAction","target":{"@type":"EntryPoint","urlTemplate":"https:\/\/vitablanca.ma\/?s={search_term_string}"},"query-input":{"@type":"PropertyValueSpecification","valueRequired":true,"valueName":"search_term_string"}}],"inLanguage":"en-US"},{"@type":"Organization","@id":"https:\/\/vitablanca.ma\/#organization","name":"VitaBlanca","url":"https:\/\/vitablanca.ma\/","logo":{"@type":"ImageObject","inLanguage":"en-US","@id":"https:\/\/vitablanca.ma\/#\/schema\/logo\/image\/","url":"https:\/\/vitablanca.ma\/wp-content\/uploads\/2025\/05\/cropped-vitablanca.png","contentUrl":"https:\/\/vitablanca.ma\/wp-content\/uploads\/2025\/05\/cropped-vitablanca.png","width":360,"height":67,"caption":"VitaBlanca"},"image":{"@id":"https:\/\/vitablanca.ma\/#\/schema\/logo\/image\/"},"sameAs":["https:\/\/www.facebook.com\/profile.php?id=61576678196717","https:\/\/www.tiktok.com\/@vitablanca.ma","https:\/\/www.instagram.com\/vitablanca.ma\/"]}]}},"jetpack_sharing_enabled":true,"_links":{"self":[{"href":"https:\/\/vitablanca.ma\/en\/wp-json\/wp\/v2\/product\/102","targetHints":{"allow":["GET"]}}],"collection":[{"href":"https:\/\/vitablanca.ma\/en\/wp-json\/wp\/v2\/product"}],"about":[{"href":"https:\/\/vitablanca.ma\/en\/wp-json\/wp\/v2\/types\/product"}],"wp:featuredmedia":[{"embeddable":true,"href":"https:\/\/vitablanca.ma\/en\/wp-json\/wp\/v2\/media\/103"}],"wp:attachment":[{"href":"https:\/\/vitablanca.ma\/en\/wp-json\/wp\/v2\/media?parent=102"}],"wp:term":[{"taxonomy":"product_brand","embeddable":true,"href":"https:\/\/vitablanca.ma\/en\/wp-json\/wp\/v2\/product_brand?post=102"},{"taxonomy":"product_cat","embeddable":true,"href":"https:\/\/vitablanca.ma\/en\/wp-json\/wp\/v2\/product_cat?post=102"},{"taxonomy":"product_tag","embeddable":true,"href":"https:\/\/vitablanca.ma\/en\/wp-json\/wp\/v2\/product_tag?post=102"}],"curies":[{"name":"wp","href":"https:\/\/api.w.org\/{rel}","templated":true}]}}