{"id":10192,"date":"2025-05-28T19:35:17","date_gmt":"2025-05-28T19:35:17","guid":{"rendered":"https:\/\/vitablanca.ma\/product\/laura-mercier-tinted-moisturizer-natural-skin-perfector-ref-ow1-pearl\/"},"modified":"2026-03-30T11:03:57","modified_gmt":"2026-03-30T11:03:57","slug":"laura-mercier-tinted-moisturizer-natural-skin-perfector-ref-ow1-pearl","status":"publish","type":"product","link":"https:\/\/vitablanca.ma\/en\/product\/laura-mercier-tinted-moisturizer-natural-skin-perfector-ref-ow1-pearl\/","title":{"rendered":"Laura Mercier \u2013 Tinted Moisturizer Natural Skin Perfector Ref: OW1 PEARL"},"content":{"rendered":"<p>Perfect your skin with lightweight coverage for a naturally fresh finish. This perfect blend of skincare and makeup improves skin with regular use. A complex of macadamia and kukui seed oils increases moisture levels for 24 hours while visibly reducing dryness. Its lightweight formula, enriched with tamarind seed extract, hydrates and helps maintain skin&#039;s moisture. With SPF 30 against UVA\/UVB rays and a powerful blend of vitamins C and E, skin is optimally protected against free radicals and external aggressors.<\/p>","protected":false},"excerpt":{"rendered":"<p>Perfectionnez votre peau avec une couvrance l\u00e9g\u00e8re pour un fini naturellement frais. Ce m\u00e9lange parfait de soins de la peau et de maquillage am\u00e9liore la peau lors d\u2019une utilisation r\u00e9guli\u00e8re. Un complexe d&rsquo;huiles de macadamia et de graines de kukui augmente le taux d&rsquo;hydratation pendant 24 heures tout en r\u00e9duisant visiblement la s\u00e9cheresse de la [&hellip;]<\/p>\n","protected":false},"featured_media":10191,"template":"","meta":{"om_disable_all_campaigns":false},"product_brand":[],"product_cat":[18,15,1186],"product_tag":[],"class_list":{"0":"post-10192","1":"product","2":"type-product","3":"status-publish","4":"has-post-thumbnail","6":"product_cat-beaute-sante","7":"product_cat-beaute-sante-complements-alimentaires-soins-et-bien-etre-au-meilleur-prix","8":"product_cat-visage","10":"first","11":"outofstock","12":"sale","13":"taxable","14":"shipping-taxable","15":"purchasable","16":"product-type-simple"},"yoast_head":"<!-- This site is optimized with the Yoast SEO plugin v27.3 - https:\/\/yoast.com\/product\/yoast-seo-wordpress\/ -->\n<title>Laura Mercier - Tinted Moisturizer Natural Skin Perfector R\u00e9f: OW1 PEARL - Maroc Prix<\/title>\n<meta name=\"description\" content=\"Laura Mercier - Tinted Moisturizer Natural Skin Perfector R\u00e9f: OW1 PEARL\" \/>\n<meta name=\"robots\" content=\"index, follow, max-snippet:-1, max-image-preview:large, max-video-preview:-1\" \/>\n<link rel=\"canonical\" href=\"https:\/\/vitablanca.ma\/en\/product\/laura-mercier-tinted-moisturizer-natural-skin-perfector-ref-ow1-pearl\/\" \/>\n<meta property=\"og:locale\" content=\"en_US\" \/>\n<meta property=\"og:type\" content=\"article\" \/>\n<meta property=\"og:title\" content=\"Laura Mercier - Tinted Moisturizer Natural Skin Perfector R\u00e9f: OW1 PEARL - Maroc Prix\" \/>\n<meta property=\"og:description\" content=\"Laura Mercier - Tinted Moisturizer Natural Skin Perfector R\u00e9f: OW1 PEARL\" \/>\n<meta property=\"og:url\" content=\"https:\/\/vitablanca.ma\/en\/product\/laura-mercier-tinted-moisturizer-natural-skin-perfector-ref-ow1-pearl\/\" \/>\n<meta property=\"og:site_name\" content=\"Vitablanca.ma &ndash; Sant&eacute;, vitalit&eacute; et bien-&ecirc;tre pour tous les Marocains\" \/>\n<meta property=\"article:publisher\" content=\"https:\/\/www.facebook.com\/profile.php?id=61576678196717\" \/>\n<meta property=\"article:modified_time\" content=\"2026-03-30T11:03:57+00:00\" \/>\n<meta property=\"og:image\" content=\"https:\/\/vitablanca.ma\/wp-content\/uploads\/2025\/05\/Laura-Mercier-Tinted-Moisturizer_cb54172d-67d9-4824-bfb1-05c93638d6ba.jpg\" \/>\n\t<meta property=\"og:image:width\" content=\"800\" \/>\n\t<meta property=\"og:image:height\" content=\"800\" \/>\n\t<meta property=\"og:image:type\" content=\"image\/jpeg\" \/>\n<meta name=\"twitter:card\" content=\"summary_large_image\" \/>\n<meta name=\"twitter:label1\" content=\"Est. reading time\" \/>\n\t<meta name=\"twitter:data1\" content=\"1 minute\" \/>\n<script type=\"application\/ld+json\" class=\"yoast-schema-graph\">{\"@context\":\"https:\\\/\\\/schema.org\",\"@graph\":[{\"@type\":[\"WebPage\",\"ItemPage\"],\"@id\":\"https:\\\/\\\/vitablanca.ma\\\/produit\\\/laura-mercier-tinted-moisturizer-natural-skin-perfector-ref-ow1-pearl\\\/\",\"url\":\"https:\\\/\\\/vitablanca.ma\\\/produit\\\/laura-mercier-tinted-moisturizer-natural-skin-perfector-ref-ow1-pearl\\\/\",\"name\":\"Laura Mercier - Tinted Moisturizer Natural Skin Perfector R\u00e9f: OW1 PEARL - Maroc Prix\",\"isPartOf\":{\"@id\":\"https:\\\/\\\/vitablanca.ma\\\/#website\"},\"primaryImageOfPage\":{\"@id\":\"https:\\\/\\\/vitablanca.ma\\\/produit\\\/laura-mercier-tinted-moisturizer-natural-skin-perfector-ref-ow1-pearl\\\/#primaryimage\"},\"image\":{\"@id\":\"https:\\\/\\\/vitablanca.ma\\\/produit\\\/laura-mercier-tinted-moisturizer-natural-skin-perfector-ref-ow1-pearl\\\/#primaryimage\"},\"thumbnailUrl\":\"https:\\\/\\\/vitablanca.ma\\\/wp-content\\\/uploads\\\/2025\\\/05\\\/Laura-Mercier-Tinted-Moisturizer_cb54172d-67d9-4824-bfb1-05c93638d6ba.jpg\",\"datePublished\":\"2025-05-28T19:35:17+00:00\",\"dateModified\":\"2026-03-30T11:03:57+00:00\",\"description\":\"Laura Mercier - Tinted Moisturizer Natural Skin Perfector R\u00e9f: OW1 PEARL\",\"breadcrumb\":{\"@id\":\"https:\\\/\\\/vitablanca.ma\\\/produit\\\/laura-mercier-tinted-moisturizer-natural-skin-perfector-ref-ow1-pearl\\\/#breadcrumb\"},\"inLanguage\":\"en-US\",\"potentialAction\":[{\"@type\":\"ReadAction\",\"target\":[\"https:\\\/\\\/vitablanca.ma\\\/produit\\\/laura-mercier-tinted-moisturizer-natural-skin-perfector-ref-ow1-pearl\\\/\"]}]},{\"@type\":\"ImageObject\",\"inLanguage\":\"en-US\",\"@id\":\"https:\\\/\\\/vitablanca.ma\\\/produit\\\/laura-mercier-tinted-moisturizer-natural-skin-perfector-ref-ow1-pearl\\\/#primaryimage\",\"url\":\"https:\\\/\\\/vitablanca.ma\\\/wp-content\\\/uploads\\\/2025\\\/05\\\/Laura-Mercier-Tinted-Moisturizer_cb54172d-67d9-4824-bfb1-05c93638d6ba.jpg\",\"contentUrl\":\"https:\\\/\\\/vitablanca.ma\\\/wp-content\\\/uploads\\\/2025\\\/05\\\/Laura-Mercier-Tinted-Moisturizer_cb54172d-67d9-4824-bfb1-05c93638d6ba.jpg\",\"width\":800,\"height\":800},{\"@type\":\"BreadcrumbList\",\"@id\":\"https:\\\/\\\/vitablanca.ma\\\/produit\\\/laura-mercier-tinted-moisturizer-natural-skin-perfector-ref-ow1-pearl\\\/#breadcrumb\",\"itemListElement\":[{\"@type\":\"ListItem\",\"position\":1,\"name\":\"Home\",\"item\":\"https:\\\/\\\/vitablanca.ma\\\/\"},{\"@type\":\"ListItem\",\"position\":2,\"name\":\"Tous Les Produits\",\"item\":\"https:\\\/\\\/vitablanca.ma\\\/tous-les-produits\\\/\"},{\"@type\":\"ListItem\",\"position\":3,\"name\":\"Laura Mercier &#8211; Tinted Moisturizer Natural Skin Perfector R\u00e9f: OW1 PEARL\"}]},{\"@type\":\"WebSite\",\"@id\":\"https:\\\/\\\/vitablanca.ma\\\/#website\",\"url\":\"https:\\\/\\\/vitablanca.ma\\\/\",\"name\":\"VitaBlanca.ma | Compl\u00e9ments alimentaires, sant\u00e9 & beaut\u00e9 au Maroc\",\"description\":\"vendre vitamines et compl\u00e9ments premium des USA &amp; Canada, Nouvelle Z\u00e9lande,Maroc (NOW Foods, Solgar, Manuka). Livraison rapide partout au Maroc.\",\"publisher\":{\"@id\":\"https:\\\/\\\/vitablanca.ma\\\/#organization\"},\"alternateName\":\"VitaBlanca.ma\",\"potentialAction\":[{\"@type\":\"SearchAction\",\"target\":{\"@type\":\"EntryPoint\",\"urlTemplate\":\"https:\\\/\\\/vitablanca.ma\\\/?s={search_term_string}\"},\"query-input\":{\"@type\":\"PropertyValueSpecification\",\"valueRequired\":true,\"valueName\":\"search_term_string\"}}],\"inLanguage\":\"en-US\"},{\"@type\":\"Organization\",\"@id\":\"https:\\\/\\\/vitablanca.ma\\\/#organization\",\"name\":\"VitaBlanca\",\"url\":\"https:\\\/\\\/vitablanca.ma\\\/\",\"logo\":{\"@type\":\"ImageObject\",\"inLanguage\":\"en-US\",\"@id\":\"https:\\\/\\\/vitablanca.ma\\\/#\\\/schema\\\/logo\\\/image\\\/\",\"url\":\"https:\\\/\\\/vitablanca.ma\\\/wp-content\\\/uploads\\\/2025\\\/05\\\/cropped-vitablanca.png\",\"contentUrl\":\"https:\\\/\\\/vitablanca.ma\\\/wp-content\\\/uploads\\\/2025\\\/05\\\/cropped-vitablanca.png\",\"width\":360,\"height\":67,\"caption\":\"VitaBlanca\"},\"image\":{\"@id\":\"https:\\\/\\\/vitablanca.ma\\\/#\\\/schema\\\/logo\\\/image\\\/\"},\"sameAs\":[\"https:\\\/\\\/www.facebook.com\\\/profile.php?id=61576678196717\",\"https:\\\/\\\/www.tiktok.com\\\/@vitablanca.ma\",\"https:\\\/\\\/www.instagram.com\\\/vitablanca.ma\\\/\"]}]}<\/script>\n<!-- \/ Yoast SEO plugin. -->","yoast_head_json":{"title":"Laura Mercier - Tinted Moisturizer Natural Skin Perfector Ref: OW1 PEARL - Morocco Price","description":"Laura Mercier - Tinted Moisturizer Natural Skin Perfector Ref: OW1 PEARL","robots":{"index":"index","follow":"follow","max-snippet":"max-snippet:-1","max-image-preview":"max-image-preview:large","max-video-preview":"max-video-preview:-1"},"canonical":"https:\/\/vitablanca.ma\/en\/product\/laura-mercier-tinted-moisturizer-natural-skin-perfector-ref-ow1-pearl\/","og_locale":"en_US","og_type":"article","og_title":"Laura Mercier - Tinted Moisturizer Natural Skin Perfector R\u00e9f: OW1 PEARL - Maroc Prix","og_description":"Laura Mercier - Tinted Moisturizer Natural Skin Perfector R\u00e9f: OW1 PEARL","og_url":"https:\/\/vitablanca.ma\/en\/product\/laura-mercier-tinted-moisturizer-natural-skin-perfector-ref-ow1-pearl\/","og_site_name":"Vitablanca.ma &ndash; Sant&eacute;, vitalit&eacute; et bien-&ecirc;tre pour tous les Marocains","article_publisher":"https:\/\/www.facebook.com\/profile.php?id=61576678196717","article_modified_time":"2026-03-30T11:03:57+00:00","og_image":[{"width":800,"height":800,"url":"https:\/\/vitablanca.ma\/wp-content\/uploads\/2025\/05\/Laura-Mercier-Tinted-Moisturizer_cb54172d-67d9-4824-bfb1-05c93638d6ba.jpg","type":"image\/jpeg"}],"twitter_card":"summary_large_image","twitter_misc":{"Est. reading time":"1 minute"},"schema":{"@context":"https:\/\/schema.org","@graph":[{"@type":["WebPage","ItemPage"],"@id":"https:\/\/vitablanca.ma\/produit\/laura-mercier-tinted-moisturizer-natural-skin-perfector-ref-ow1-pearl\/","url":"https:\/\/vitablanca.ma\/produit\/laura-mercier-tinted-moisturizer-natural-skin-perfector-ref-ow1-pearl\/","name":"Laura Mercier - Tinted Moisturizer Natural Skin Perfector Ref: OW1 PEARL - Morocco Price","isPartOf":{"@id":"https:\/\/vitablanca.ma\/#website"},"primaryImageOfPage":{"@id":"https:\/\/vitablanca.ma\/produit\/laura-mercier-tinted-moisturizer-natural-skin-perfector-ref-ow1-pearl\/#primaryimage"},"image":{"@id":"https:\/\/vitablanca.ma\/produit\/laura-mercier-tinted-moisturizer-natural-skin-perfector-ref-ow1-pearl\/#primaryimage"},"thumbnailUrl":"https:\/\/vitablanca.ma\/wp-content\/uploads\/2025\/05\/Laura-Mercier-Tinted-Moisturizer_cb54172d-67d9-4824-bfb1-05c93638d6ba.jpg","datePublished":"2025-05-28T19:35:17+00:00","dateModified":"2026-03-30T11:03:57+00:00","description":"Laura Mercier - Tinted Moisturizer Natural Skin Perfector Ref: OW1 PEARL","breadcrumb":{"@id":"https:\/\/vitablanca.ma\/produit\/laura-mercier-tinted-moisturizer-natural-skin-perfector-ref-ow1-pearl\/#breadcrumb"},"inLanguage":"en-US","potentialAction":[{"@type":"ReadAction","target":["https:\/\/vitablanca.ma\/produit\/laura-mercier-tinted-moisturizer-natural-skin-perfector-ref-ow1-pearl\/"]}]},{"@type":"ImageObject","inLanguage":"en-US","@id":"https:\/\/vitablanca.ma\/produit\/laura-mercier-tinted-moisturizer-natural-skin-perfector-ref-ow1-pearl\/#primaryimage","url":"https:\/\/vitablanca.ma\/wp-content\/uploads\/2025\/05\/Laura-Mercier-Tinted-Moisturizer_cb54172d-67d9-4824-bfb1-05c93638d6ba.jpg","contentUrl":"https:\/\/vitablanca.ma\/wp-content\/uploads\/2025\/05\/Laura-Mercier-Tinted-Moisturizer_cb54172d-67d9-4824-bfb1-05c93638d6ba.jpg","width":800,"height":800},{"@type":"BreadcrumbList","@id":"https:\/\/vitablanca.ma\/produit\/laura-mercier-tinted-moisturizer-natural-skin-perfector-ref-ow1-pearl\/#breadcrumb","itemListElement":[{"@type":"ListItem","position":1,"name":"Home","item":"https:\/\/vitablanca.ma\/"},{"@type":"ListItem","position":2,"name":"Tous Les Produits","item":"https:\/\/vitablanca.ma\/tous-les-produits\/"},{"@type":"ListItem","position":3,"name":"Laura Mercier &#8211; Tinted Moisturizer Natural Skin Perfector R\u00e9f: OW1 PEARL"}]},{"@type":"WebSite","@id":"https:\/\/vitablanca.ma\/#website","url":"https:\/\/vitablanca.ma\/","name":"VitaBlanca.ma | Food supplements, health &amp; beauty in Morocco","description":"sell premium vitamins and supplements from USA &amp; Canada, New Zealand, Morocco (NOW Foods, Solgar, Manuka). Fast delivery anywhere in Morocco.","publisher":{"@id":"https:\/\/vitablanca.ma\/#organization"},"alternateName":"VitaBlanca.ma","potentialAction":[{"@type":"SearchAction","target":{"@type":"EntryPoint","urlTemplate":"https:\/\/vitablanca.ma\/?s={search_term_string}"},"query-input":{"@type":"PropertyValueSpecification","valueRequired":true,"valueName":"search_term_string"}}],"inLanguage":"en-US"},{"@type":"Organization","@id":"https:\/\/vitablanca.ma\/#organization","name":"VitaBlanca","url":"https:\/\/vitablanca.ma\/","logo":{"@type":"ImageObject","inLanguage":"en-US","@id":"https:\/\/vitablanca.ma\/#\/schema\/logo\/image\/","url":"https:\/\/vitablanca.ma\/wp-content\/uploads\/2025\/05\/cropped-vitablanca.png","contentUrl":"https:\/\/vitablanca.ma\/wp-content\/uploads\/2025\/05\/cropped-vitablanca.png","width":360,"height":67,"caption":"VitaBlanca"},"image":{"@id":"https:\/\/vitablanca.ma\/#\/schema\/logo\/image\/"},"sameAs":["https:\/\/www.facebook.com\/profile.php?id=61576678196717","https:\/\/www.tiktok.com\/@vitablanca.ma","https:\/\/www.instagram.com\/vitablanca.ma\/"]}]}},"jetpack_sharing_enabled":true,"_links":{"self":[{"href":"https:\/\/vitablanca.ma\/en\/wp-json\/wp\/v2\/product\/10192","targetHints":{"allow":["GET"]}}],"collection":[{"href":"https:\/\/vitablanca.ma\/en\/wp-json\/wp\/v2\/product"}],"about":[{"href":"https:\/\/vitablanca.ma\/en\/wp-json\/wp\/v2\/types\/product"}],"wp:featuredmedia":[{"embeddable":true,"href":"https:\/\/vitablanca.ma\/en\/wp-json\/wp\/v2\/media\/10191"}],"wp:attachment":[{"href":"https:\/\/vitablanca.ma\/en\/wp-json\/wp\/v2\/media?parent=10192"}],"wp:term":[{"taxonomy":"product_brand","embeddable":true,"href":"https:\/\/vitablanca.ma\/en\/wp-json\/wp\/v2\/product_brand?post=10192"},{"taxonomy":"product_cat","embeddable":true,"href":"https:\/\/vitablanca.ma\/en\/wp-json\/wp\/v2\/product_cat?post=10192"},{"taxonomy":"product_tag","embeddable":true,"href":"https:\/\/vitablanca.ma\/en\/wp-json\/wp\/v2\/product_tag?post=10192"}],"curies":[{"name":"wp","href":"https:\/\/api.w.org\/{rel}","templated":true}]}}