{"id":10183,"date":"2025-05-28T19:35:06","date_gmt":"2025-05-28T19:35:06","guid":{"rendered":"https:\/\/vitablanca.ma\/product\/it-cosmetics-bye-bye-foundation-full-coverage-moisturizer-with-spf-50\/"},"modified":"2025-12-27T13:55:42","modified_gmt":"2025-12-27T13:55:42","slug":"it-cosmetics-bye-bye-foundation-full-coverage-moisturizer-with-spf-50","status":"publish","type":"product","link":"https:\/\/vitablanca.ma\/en\/product\/it-cosmetics-bye-bye-foundation-full-coverage-moisturizer-with-spf-50\/","title":{"rendered":"iT Cosmetics BYE BYE FOUNDATION FULL COVERAGE MOISTURIZER WITH SPF 50+"},"content":{"rendered":"<p><span>Cr\u00e9ez une peau parfaite avec l\u2019iT Cosmetics BYE BYE FOUNDATION FULL COVERAGE MOISTURIZER SPF 50+. Adapt\u00e9 \u00e0 tous les types de peau, ce produit apporte des bienfaits imm\u00e9diats \u00e0 votre peau comme l\u2019am\u00e9lioration des imperfections cutan\u00e9es telles que la rougeur, les pores, les taches fonc\u00e9es, l\u2019acn\u00e9, les rides et les ridules. Il offre aussi une protection solaire \u00e0 large spectre d\u2019indice SPF 50+ et aide \u00e0 augmenter l\u2019efficacit\u00e9 des autres produits de soin.<\/span><\/p>","protected":false},"excerpt":{"rendered":"<p>Cr\u00e9ez une peau parfaite avec l\u2019iT Cosmetics BYE BYE FOUNDATION FULL COVERAGE MOISTURIZER SPF 50+. Adapt\u00e9 \u00e0 tous les types de peau, ce produit apporte des bienfaits imm\u00e9diats \u00e0 votre peau comme l\u2019am\u00e9lioration des imperfections cutan\u00e9es telles que la rougeur, les pores, les taches fonc\u00e9es, l\u2019acn\u00e9, les rides et les ridules. Il offre aussi une [&hellip;]<\/p>\n","protected":false},"featured_media":10177,"template":"","meta":{"om_disable_all_campaigns":false},"product_brand":[],"product_cat":[18,15,1186],"product_tag":[],"class_list":{"0":"post-10183","1":"product","2":"type-product","3":"status-publish","4":"has-post-thumbnail","6":"product_cat-beaute-sante","7":"product_cat-beaute-sante-complements-alimentaires-soins-et-bien-etre-au-meilleur-prix","8":"product_cat-visage","10":"first","11":"instock","12":"taxable","13":"shipping-taxable","14":"purchasable","15":"product-type-variable"},"yoast_head":"<!-- This site is optimized with the Yoast SEO plugin v27.5 - https:\/\/yoast.com\/product\/yoast-seo-wordpress\/ -->\n<title>iT Cosmetics BYE BYE FOUNDATION FULL COVERAGE MOISTURIZER WITH SPF 50+ - Maroc Prix<\/title>\n<meta name=\"description\" content=\"iT Cosmetics BYE BYE FOUNDATION FULL COVERAGE MOISTURIZER WITH SPF 50+\" \/>\n<meta name=\"robots\" content=\"index, follow, max-snippet:-1, max-image-preview:large, max-video-preview:-1\" \/>\n<link rel=\"canonical\" href=\"https:\/\/vitablanca.ma\/en\/product\/it-cosmetics-bye-bye-foundation-full-coverage-moisturizer-with-spf-50\/\" \/>\n<meta property=\"og:locale\" content=\"en_US\" \/>\n<meta property=\"og:type\" content=\"article\" \/>\n<meta property=\"og:title\" content=\"iT Cosmetics BYE BYE FOUNDATION FULL COVERAGE MOISTURIZER WITH SPF 50+ - Maroc Prix\" \/>\n<meta property=\"og:description\" content=\"iT Cosmetics BYE BYE FOUNDATION FULL COVERAGE MOISTURIZER WITH SPF 50+\" \/>\n<meta property=\"og:url\" content=\"https:\/\/vitablanca.ma\/en\/product\/it-cosmetics-bye-bye-foundation-full-coverage-moisturizer-with-spf-50\/\" \/>\n<meta property=\"og:site_name\" content=\"Vitablanca.ma &ndash; Sant&eacute;, vitalit&eacute; et bien-&ecirc;tre pour tous les Marocains\" \/>\n<meta property=\"article:publisher\" content=\"https:\/\/www.facebook.com\/profile.php?id=61576678196717\" \/>\n<meta property=\"article:modified_time\" content=\"2025-12-27T13:55:42+00:00\" \/>\n<meta property=\"og:image\" content=\"https:\/\/vitablanca.ma\/wp-content\/uploads\/2025\/05\/ITC-Liquid-Foundation-bb-foundation-2022-fair-full-size-open-000-Front.jpg\" \/>\n\t<meta property=\"og:image:width\" content=\"770\" \/>\n\t<meta property=\"og:image:height\" content=\"770\" \/>\n\t<meta property=\"og:image:type\" content=\"image\/jpeg\" \/>\n<meta name=\"twitter:card\" content=\"summary_large_image\" \/>\n<script type=\"application\/ld+json\" class=\"yoast-schema-graph\">{\"@context\":\"https:\\\/\\\/schema.org\",\"@graph\":[{\"@type\":[\"WebPage\",\"ItemPage\"],\"@id\":\"https:\\\/\\\/vitablanca.ma\\\/produit\\\/it-cosmetics-bye-bye-foundation-full-coverage-moisturizer-with-spf-50\\\/\",\"url\":\"https:\\\/\\\/vitablanca.ma\\\/produit\\\/it-cosmetics-bye-bye-foundation-full-coverage-moisturizer-with-spf-50\\\/\",\"name\":\"iT Cosmetics BYE BYE FOUNDATION FULL COVERAGE MOISTURIZER WITH SPF 50+ - Maroc Prix\",\"isPartOf\":{\"@id\":\"https:\\\/\\\/vitablanca.ma\\\/#website\"},\"primaryImageOfPage\":{\"@id\":\"https:\\\/\\\/vitablanca.ma\\\/produit\\\/it-cosmetics-bye-bye-foundation-full-coverage-moisturizer-with-spf-50\\\/#primaryimage\"},\"image\":{\"@id\":\"https:\\\/\\\/vitablanca.ma\\\/produit\\\/it-cosmetics-bye-bye-foundation-full-coverage-moisturizer-with-spf-50\\\/#primaryimage\"},\"thumbnailUrl\":\"https:\\\/\\\/vitablanca.ma\\\/wp-content\\\/uploads\\\/2025\\\/05\\\/ITC-Liquid-Foundation-bb-foundation-2022-fair-full-size-open-000-Front.jpg\",\"datePublished\":\"2025-05-28T19:35:06+00:00\",\"dateModified\":\"2025-12-27T13:55:42+00:00\",\"description\":\"iT Cosmetics BYE BYE FOUNDATION FULL COVERAGE MOISTURIZER WITH SPF 50+\",\"breadcrumb\":{\"@id\":\"https:\\\/\\\/vitablanca.ma\\\/produit\\\/it-cosmetics-bye-bye-foundation-full-coverage-moisturizer-with-spf-50\\\/#breadcrumb\"},\"inLanguage\":\"en-US\",\"potentialAction\":[{\"@type\":\"ReadAction\",\"target\":[\"https:\\\/\\\/vitablanca.ma\\\/produit\\\/it-cosmetics-bye-bye-foundation-full-coverage-moisturizer-with-spf-50\\\/\"]}]},{\"@type\":\"ImageObject\",\"inLanguage\":\"en-US\",\"@id\":\"https:\\\/\\\/vitablanca.ma\\\/produit\\\/it-cosmetics-bye-bye-foundation-full-coverage-moisturizer-with-spf-50\\\/#primaryimage\",\"url\":\"https:\\\/\\\/vitablanca.ma\\\/wp-content\\\/uploads\\\/2025\\\/05\\\/ITC-Liquid-Foundation-bb-foundation-2022-fair-full-size-open-000-Front.jpg\",\"contentUrl\":\"https:\\\/\\\/vitablanca.ma\\\/wp-content\\\/uploads\\\/2025\\\/05\\\/ITC-Liquid-Foundation-bb-foundation-2022-fair-full-size-open-000-Front.jpg\",\"width\":770,\"height\":770},{\"@type\":\"BreadcrumbList\",\"@id\":\"https:\\\/\\\/vitablanca.ma\\\/produit\\\/it-cosmetics-bye-bye-foundation-full-coverage-moisturizer-with-spf-50\\\/#breadcrumb\",\"itemListElement\":[{\"@type\":\"ListItem\",\"position\":1,\"name\":\"Home\",\"item\":\"https:\\\/\\\/vitablanca.ma\\\/\"},{\"@type\":\"ListItem\",\"position\":2,\"name\":\"Tous Les Produits\",\"item\":\"https:\\\/\\\/vitablanca.ma\\\/tous-les-produits\\\/\"},{\"@type\":\"ListItem\",\"position\":3,\"name\":\"iT Cosmetics BYE BYE FOUNDATION FULL COVERAGE MOISTURIZER WITH SPF 50+\"}]},{\"@type\":\"WebSite\",\"@id\":\"https:\\\/\\\/vitablanca.ma\\\/#website\",\"url\":\"https:\\\/\\\/vitablanca.ma\\\/\",\"name\":\"VitaBlanca.ma | Compl\u00e9ments alimentaires, sant\u00e9 & beaut\u00e9 au Maroc\",\"description\":\"vendre vitamines et compl\u00e9ments premium des USA &amp; Canada, Nouvelle Z\u00e9lande,Maroc (NOW Foods, Solgar, Manuka). Livraison rapide partout au Maroc.\",\"publisher\":{\"@id\":\"https:\\\/\\\/vitablanca.ma\\\/#organization\"},\"alternateName\":\"VitaBlanca.ma\",\"potentialAction\":[{\"@type\":\"SearchAction\",\"target\":{\"@type\":\"EntryPoint\",\"urlTemplate\":\"https:\\\/\\\/vitablanca.ma\\\/?s={search_term_string}\"},\"query-input\":{\"@type\":\"PropertyValueSpecification\",\"valueRequired\":true,\"valueName\":\"search_term_string\"}}],\"inLanguage\":\"en-US\"},{\"@type\":\"Organization\",\"@id\":\"https:\\\/\\\/vitablanca.ma\\\/#organization\",\"name\":\"VitaBlanca\",\"url\":\"https:\\\/\\\/vitablanca.ma\\\/\",\"logo\":{\"@type\":\"ImageObject\",\"inLanguage\":\"en-US\",\"@id\":\"https:\\\/\\\/vitablanca.ma\\\/#\\\/schema\\\/logo\\\/image\\\/\",\"url\":\"https:\\\/\\\/vitablanca.ma\\\/wp-content\\\/uploads\\\/2025\\\/05\\\/cropped-vitablanca.png\",\"contentUrl\":\"https:\\\/\\\/vitablanca.ma\\\/wp-content\\\/uploads\\\/2025\\\/05\\\/cropped-vitablanca.png\",\"width\":360,\"height\":67,\"caption\":\"VitaBlanca\"},\"image\":{\"@id\":\"https:\\\/\\\/vitablanca.ma\\\/#\\\/schema\\\/logo\\\/image\\\/\"},\"sameAs\":[\"https:\\\/\\\/www.facebook.com\\\/profile.php?id=61576678196717\",\"https:\\\/\\\/www.tiktok.com\\\/@vitablanca.ma\",\"https:\\\/\\\/www.instagram.com\\\/vitablanca.ma\\\/\"]}]}<\/script>\n<!-- \/ Yoast SEO plugin. -->","yoast_head_json":{"title":"iT Cosmetics BYE BYE FOUNDATION FULL COVERAGE MOISTURIZER WITH SPF 50+ - Morocco Price","description":"iT Cosmetics BYE BYE FOUNDATION FULL COVERAGE MOISTURIZER WITH SPF 50+","robots":{"index":"index","follow":"follow","max-snippet":"max-snippet:-1","max-image-preview":"max-image-preview:large","max-video-preview":"max-video-preview:-1"},"canonical":"https:\/\/vitablanca.ma\/en\/product\/it-cosmetics-bye-bye-foundation-full-coverage-moisturizer-with-spf-50\/","og_locale":"en_US","og_type":"article","og_title":"iT Cosmetics BYE BYE FOUNDATION FULL COVERAGE MOISTURIZER WITH SPF 50+ - Maroc Prix","og_description":"iT Cosmetics BYE BYE FOUNDATION FULL COVERAGE MOISTURIZER WITH SPF 50+","og_url":"https:\/\/vitablanca.ma\/en\/product\/it-cosmetics-bye-bye-foundation-full-coverage-moisturizer-with-spf-50\/","og_site_name":"Vitablanca.ma &ndash; Sant&eacute;, vitalit&eacute; et bien-&ecirc;tre pour tous les Marocains","article_publisher":"https:\/\/www.facebook.com\/profile.php?id=61576678196717","article_modified_time":"2025-12-27T13:55:42+00:00","og_image":[{"width":770,"height":770,"url":"https:\/\/vitablanca.ma\/wp-content\/uploads\/2025\/05\/ITC-Liquid-Foundation-bb-foundation-2022-fair-full-size-open-000-Front.jpg","type":"image\/jpeg"}],"twitter_card":"summary_large_image","schema":{"@context":"https:\/\/schema.org","@graph":[{"@type":["WebPage","ItemPage"],"@id":"https:\/\/vitablanca.ma\/produit\/it-cosmetics-bye-bye-foundation-full-coverage-moisturizer-with-spf-50\/","url":"https:\/\/vitablanca.ma\/produit\/it-cosmetics-bye-bye-foundation-full-coverage-moisturizer-with-spf-50\/","name":"iT Cosmetics BYE BYE FOUNDATION FULL COVERAGE MOISTURIZER WITH SPF 50+ - Morocco Price","isPartOf":{"@id":"https:\/\/vitablanca.ma\/#website"},"primaryImageOfPage":{"@id":"https:\/\/vitablanca.ma\/produit\/it-cosmetics-bye-bye-foundation-full-coverage-moisturizer-with-spf-50\/#primaryimage"},"image":{"@id":"https:\/\/vitablanca.ma\/produit\/it-cosmetics-bye-bye-foundation-full-coverage-moisturizer-with-spf-50\/#primaryimage"},"thumbnailUrl":"https:\/\/vitablanca.ma\/wp-content\/uploads\/2025\/05\/ITC-Liquid-Foundation-bb-foundation-2022-fair-full-size-open-000-Front.jpg","datePublished":"2025-05-28T19:35:06+00:00","dateModified":"2025-12-27T13:55:42+00:00","description":"iT Cosmetics BYE BYE FOUNDATION FULL COVERAGE MOISTURIZER WITH SPF 50+","breadcrumb":{"@id":"https:\/\/vitablanca.ma\/produit\/it-cosmetics-bye-bye-foundation-full-coverage-moisturizer-with-spf-50\/#breadcrumb"},"inLanguage":"en-US","potentialAction":[{"@type":"ReadAction","target":["https:\/\/vitablanca.ma\/produit\/it-cosmetics-bye-bye-foundation-full-coverage-moisturizer-with-spf-50\/"]}]},{"@type":"ImageObject","inLanguage":"en-US","@id":"https:\/\/vitablanca.ma\/produit\/it-cosmetics-bye-bye-foundation-full-coverage-moisturizer-with-spf-50\/#primaryimage","url":"https:\/\/vitablanca.ma\/wp-content\/uploads\/2025\/05\/ITC-Liquid-Foundation-bb-foundation-2022-fair-full-size-open-000-Front.jpg","contentUrl":"https:\/\/vitablanca.ma\/wp-content\/uploads\/2025\/05\/ITC-Liquid-Foundation-bb-foundation-2022-fair-full-size-open-000-Front.jpg","width":770,"height":770},{"@type":"BreadcrumbList","@id":"https:\/\/vitablanca.ma\/produit\/it-cosmetics-bye-bye-foundation-full-coverage-moisturizer-with-spf-50\/#breadcrumb","itemListElement":[{"@type":"ListItem","position":1,"name":"Home","item":"https:\/\/vitablanca.ma\/"},{"@type":"ListItem","position":2,"name":"Tous Les Produits","item":"https:\/\/vitablanca.ma\/tous-les-produits\/"},{"@type":"ListItem","position":3,"name":"iT Cosmetics BYE BYE FOUNDATION FULL COVERAGE MOISTURIZER WITH SPF 50+"}]},{"@type":"WebSite","@id":"https:\/\/vitablanca.ma\/#website","url":"https:\/\/vitablanca.ma\/","name":"VitaBlanca.ma | Food supplements, health &amp; beauty in Morocco","description":"sell premium vitamins and supplements from USA &amp; Canada, New Zealand, Morocco (NOW Foods, Solgar, Manuka). Fast delivery anywhere in Morocco.","publisher":{"@id":"https:\/\/vitablanca.ma\/#organization"},"alternateName":"VitaBlanca.ma","potentialAction":[{"@type":"SearchAction","target":{"@type":"EntryPoint","urlTemplate":"https:\/\/vitablanca.ma\/?s={search_term_string}"},"query-input":{"@type":"PropertyValueSpecification","valueRequired":true,"valueName":"search_term_string"}}],"inLanguage":"en-US"},{"@type":"Organization","@id":"https:\/\/vitablanca.ma\/#organization","name":"VitaBlanca","url":"https:\/\/vitablanca.ma\/","logo":{"@type":"ImageObject","inLanguage":"en-US","@id":"https:\/\/vitablanca.ma\/#\/schema\/logo\/image\/","url":"https:\/\/vitablanca.ma\/wp-content\/uploads\/2025\/05\/cropped-vitablanca.png","contentUrl":"https:\/\/vitablanca.ma\/wp-content\/uploads\/2025\/05\/cropped-vitablanca.png","width":360,"height":67,"caption":"VitaBlanca"},"image":{"@id":"https:\/\/vitablanca.ma\/#\/schema\/logo\/image\/"},"sameAs":["https:\/\/www.facebook.com\/profile.php?id=61576678196717","https:\/\/www.tiktok.com\/@vitablanca.ma","https:\/\/www.instagram.com\/vitablanca.ma\/"]}]}},"jetpack_sharing_enabled":true,"_links":{"self":[{"href":"https:\/\/vitablanca.ma\/en\/wp-json\/wp\/v2\/product\/10183","targetHints":{"allow":["GET"]}}],"collection":[{"href":"https:\/\/vitablanca.ma\/en\/wp-json\/wp\/v2\/product"}],"about":[{"href":"https:\/\/vitablanca.ma\/en\/wp-json\/wp\/v2\/types\/product"}],"wp:featuredmedia":[{"embeddable":true,"href":"https:\/\/vitablanca.ma\/en\/wp-json\/wp\/v2\/media\/10177"}],"wp:attachment":[{"href":"https:\/\/vitablanca.ma\/en\/wp-json\/wp\/v2\/media?parent=10183"}],"wp:term":[{"taxonomy":"product_brand","embeddable":true,"href":"https:\/\/vitablanca.ma\/en\/wp-json\/wp\/v2\/product_brand?post=10183"},{"taxonomy":"product_cat","embeddable":true,"href":"https:\/\/vitablanca.ma\/en\/wp-json\/wp\/v2\/product_cat?post=10183"},{"taxonomy":"product_tag","embeddable":true,"href":"https:\/\/vitablanca.ma\/en\/wp-json\/wp\/v2\/product_tag?post=10183"}],"curies":[{"name":"wp","href":"https:\/\/api.w.org\/{rel}","templated":true}]}}