{"id":10165,"date":"2025-05-28T19:34:36","date_gmt":"2025-05-28T19:34:36","guid":{"rendered":"https:\/\/vitablanca.ma\/product\/la-roche-posay-anthelios-uvmune-400-confort-hydratation-spf50\/"},"modified":"2025-12-17T19:08:19","modified_gmt":"2025-12-17T19:08:19","slug":"la-roche-posay-anthelios-uvmune-400-confort-hydratation-spf50","status":"publish","type":"product","link":"https:\/\/vitablanca.ma\/en\/product\/la-roche-posay-anthelios-uvmune-400-confort-hydratation-spf50\/","title":{"rendered":"La Roche-Posay Anthelios UVMune 400 COMFORT HYDRATION SPF50+"},"content":{"rendered":"<p><span>Moisturizing Milk Body Sunscreen SPF50+ Cardboard tube. Fragrance-free. The first generation of tube made from cardboard. Uses 75% less plastic* compared to a previous 250ml Anthelios tube, which was already plastic-free. BENEFITS Moisturizing milk sunscreen SPF50+. Very high broad-spectrum protection against UVA and UVB rays. INDICATION Sensitive and dry skin. Dermatologically tested on sensitive skin. *compared to a similar plastic tube.<\/span><\/p>","protected":false},"excerpt":{"rendered":"<p>Cr\u00e8me Solaire Corps en Lait Hydratant SPF50+ Tube \u00e0 base de carton. Sans parfum. La 1\u00e8re g\u00e9n\u00e9ration de tube r\u00e9alis\u00e9e \u00e0 partir de carton. Utilise 75% de plastique en moins* compar\u00e9 \u00e0 un tube Anthelios 250ml pr\u00e9c\u00e9dent, d\u00e9j\u00e0 all\u00e9g\u00e9 en plastique. B\u00c9N\u00c9FICES Cr\u00e8me solaire en lait hydratant SPF50+. Tr\u00e8s haute protection \u00e0 large spectre contre [&hellip;]<\/p>\n","protected":false},"featured_media":10163,"template":"","meta":{"om_disable_all_campaigns":false},"product_brand":[3456],"product_cat":[18,1186],"product_tag":[3459,3471,3473,3468,3472,3470,3474,3462,3464,3460,3465,3461,3457,3466,3469,3458,3463,3467],"class_list":{"0":"post-10165","1":"product","2":"type-product","3":"status-publish","4":"has-post-thumbnail","6":"product_brand-la-roche-posay-maroc-prix","7":"product_cat-beaute-sante","8":"product_cat-visage","9":"product_tag-acheter-la-roche-posay-en-ligne-maroc","10":"product_tag-anthelios-maroc","11":"product_tag-cosmetiques-maroc","12":"product_tag-creme-solaire-maroc","13":"product_tag-dermatologie-maroc","14":"product_tag-effaclar-maroc","15":"product_tag-hydratation-peau","16":"product_tag-la-roche-posay-acne-maroc","17":"product_tag-la-roche-posay-anthelios-maroc","18":"product_tag-la-roche-posay-creme-solaire-maroc","19":"product_tag-la-roche-posay-effaclar-maroc","20":"product_tag-la-roche-posay-hydratant-visage-maroc","21":"product_tag-la-roche-posay-maroc","22":"product_tag-la-roche-posay-maroc-prix","23":"product_tag-peau-sensible-maroc","24":"product_tag-produits-la-roche-posay-maroc","25":"product_tag-serum-la-roche-posay-maroc","26":"product_tag-soins-visage-maroc","28":"first","29":"instock","30":"taxable","31":"shipping-taxable","32":"purchasable","33":"product-type-variable"},"yoast_head":"<!-- This site is optimized with the Yoast SEO plugin v27.5 - https:\/\/yoast.com\/product\/yoast-seo-wordpress\/ -->\n<title>La Roche-Posay Anthelios UVMune 400 CONFORT HYDRATATION SPF50+ - Maroc Prix<\/title>\n<meta name=\"description\" content=\"La Roche-Posay Anthelios UVMune 400 CONFORT HYDRATATION SPF50+\" \/>\n<meta name=\"robots\" content=\"index, follow, max-snippet:-1, max-image-preview:large, max-video-preview:-1\" \/>\n<link rel=\"canonical\" href=\"https:\/\/vitablanca.ma\/en\/product\/la-roche-posay-anthelios-uvmune-400-confort-hydratation-spf50\/\" \/>\n<meta property=\"og:locale\" content=\"en_US\" \/>\n<meta property=\"og:type\" content=\"article\" \/>\n<meta property=\"og:title\" content=\"La Roche-Posay Anthelios UVMune 400 CONFORT HYDRATATION SPF50+ - Maroc Prix\" \/>\n<meta property=\"og:description\" content=\"La Roche-Posay Anthelios UVMune 400 CONFORT HYDRATATION SPF50+\" \/>\n<meta property=\"og:url\" content=\"https:\/\/vitablanca.ma\/en\/product\/la-roche-posay-anthelios-uvmune-400-confort-hydratation-spf50\/\" \/>\n<meta property=\"og:site_name\" content=\"Vitablanca.ma &ndash; Sant&eacute;, vitalit&eacute; et bien-&ecirc;tre pour tous les Marocains\" \/>\n<meta property=\"article:publisher\" content=\"https:\/\/www.facebook.com\/profile.php?id=61576678196717\" \/>\n<meta property=\"article:modified_time\" content=\"2025-12-17T19:08:19+00:00\" \/>\n<meta property=\"og:image\" content=\"https:\/\/vitablanca.ma\/wp-content\/uploads\/2025\/05\/3337875797719_Anthelios-UVMune-400-Hydrating-Cream-SPF50_-Sun-Cream_50ml_01_La-Roche-Posay.jpg\" \/>\n\t<meta property=\"og:image:width\" content=\"465\" \/>\n\t<meta property=\"og:image:height\" content=\"465\" \/>\n\t<meta property=\"og:image:type\" content=\"image\/jpeg\" \/>\n<meta name=\"twitter:card\" content=\"summary_large_image\" \/>\n<script type=\"application\/ld+json\" class=\"yoast-schema-graph\">{\"@context\":\"https:\\\/\\\/schema.org\",\"@graph\":[{\"@type\":[\"WebPage\",\"ItemPage\"],\"@id\":\"https:\\\/\\\/vitablanca.ma\\\/produit\\\/la-roche-posay-anthelios-uvmune-400-confort-hydratation-spf50\\\/\",\"url\":\"https:\\\/\\\/vitablanca.ma\\\/produit\\\/la-roche-posay-anthelios-uvmune-400-confort-hydratation-spf50\\\/\",\"name\":\"La Roche-Posay Anthelios UVMune 400 CONFORT HYDRATATION SPF50+ - Maroc Prix\",\"isPartOf\":{\"@id\":\"https:\\\/\\\/vitablanca.ma\\\/#website\"},\"primaryImageOfPage\":{\"@id\":\"https:\\\/\\\/vitablanca.ma\\\/produit\\\/la-roche-posay-anthelios-uvmune-400-confort-hydratation-spf50\\\/#primaryimage\"},\"image\":{\"@id\":\"https:\\\/\\\/vitablanca.ma\\\/produit\\\/la-roche-posay-anthelios-uvmune-400-confort-hydratation-spf50\\\/#primaryimage\"},\"thumbnailUrl\":\"https:\\\/\\\/vitablanca.ma\\\/wp-content\\\/uploads\\\/2025\\\/05\\\/3337875797719_Anthelios-UVMune-400-Hydrating-Cream-SPF50_-Sun-Cream_50ml_01_La-Roche-Posay.jpg\",\"datePublished\":\"2025-05-28T19:34:36+00:00\",\"dateModified\":\"2025-12-17T19:08:19+00:00\",\"description\":\"La Roche-Posay Anthelios UVMune 400 CONFORT HYDRATATION SPF50+\",\"breadcrumb\":{\"@id\":\"https:\\\/\\\/vitablanca.ma\\\/produit\\\/la-roche-posay-anthelios-uvmune-400-confort-hydratation-spf50\\\/#breadcrumb\"},\"inLanguage\":\"en-US\",\"potentialAction\":[{\"@type\":\"ReadAction\",\"target\":[\"https:\\\/\\\/vitablanca.ma\\\/produit\\\/la-roche-posay-anthelios-uvmune-400-confort-hydratation-spf50\\\/\"]}]},{\"@type\":\"ImageObject\",\"inLanguage\":\"en-US\",\"@id\":\"https:\\\/\\\/vitablanca.ma\\\/produit\\\/la-roche-posay-anthelios-uvmune-400-confort-hydratation-spf50\\\/#primaryimage\",\"url\":\"https:\\\/\\\/vitablanca.ma\\\/wp-content\\\/uploads\\\/2025\\\/05\\\/3337875797719_Anthelios-UVMune-400-Hydrating-Cream-SPF50_-Sun-Cream_50ml_01_La-Roche-Posay.jpg\",\"contentUrl\":\"https:\\\/\\\/vitablanca.ma\\\/wp-content\\\/uploads\\\/2025\\\/05\\\/3337875797719_Anthelios-UVMune-400-Hydrating-Cream-SPF50_-Sun-Cream_50ml_01_La-Roche-Posay.jpg\",\"width\":465,\"height\":465},{\"@type\":\"BreadcrumbList\",\"@id\":\"https:\\\/\\\/vitablanca.ma\\\/produit\\\/la-roche-posay-anthelios-uvmune-400-confort-hydratation-spf50\\\/#breadcrumb\",\"itemListElement\":[{\"@type\":\"ListItem\",\"position\":1,\"name\":\"Home\",\"item\":\"https:\\\/\\\/vitablanca.ma\\\/\"},{\"@type\":\"ListItem\",\"position\":2,\"name\":\"Tous Les Produits\",\"item\":\"https:\\\/\\\/vitablanca.ma\\\/tous-les-produits\\\/\"},{\"@type\":\"ListItem\",\"position\":3,\"name\":\"La Roche-Posay Anthelios UVMune 400 CONFORT HYDRATATION SPF50+\"}]},{\"@type\":\"WebSite\",\"@id\":\"https:\\\/\\\/vitablanca.ma\\\/#website\",\"url\":\"https:\\\/\\\/vitablanca.ma\\\/\",\"name\":\"VitaBlanca.ma | Compl\u00e9ments alimentaires, sant\u00e9 & beaut\u00e9 au Maroc\",\"description\":\"vendre vitamines et compl\u00e9ments premium des USA &amp; Canada, Nouvelle Z\u00e9lande,Maroc (NOW Foods, Solgar, Manuka). Livraison rapide partout au Maroc.\",\"publisher\":{\"@id\":\"https:\\\/\\\/vitablanca.ma\\\/#organization\"},\"alternateName\":\"VitaBlanca.ma\",\"potentialAction\":[{\"@type\":\"SearchAction\",\"target\":{\"@type\":\"EntryPoint\",\"urlTemplate\":\"https:\\\/\\\/vitablanca.ma\\\/?s={search_term_string}\"},\"query-input\":{\"@type\":\"PropertyValueSpecification\",\"valueRequired\":true,\"valueName\":\"search_term_string\"}}],\"inLanguage\":\"en-US\"},{\"@type\":\"Organization\",\"@id\":\"https:\\\/\\\/vitablanca.ma\\\/#organization\",\"name\":\"VitaBlanca\",\"url\":\"https:\\\/\\\/vitablanca.ma\\\/\",\"logo\":{\"@type\":\"ImageObject\",\"inLanguage\":\"en-US\",\"@id\":\"https:\\\/\\\/vitablanca.ma\\\/#\\\/schema\\\/logo\\\/image\\\/\",\"url\":\"https:\\\/\\\/vitablanca.ma\\\/wp-content\\\/uploads\\\/2025\\\/05\\\/cropped-vitablanca.png\",\"contentUrl\":\"https:\\\/\\\/vitablanca.ma\\\/wp-content\\\/uploads\\\/2025\\\/05\\\/cropped-vitablanca.png\",\"width\":360,\"height\":67,\"caption\":\"VitaBlanca\"},\"image\":{\"@id\":\"https:\\\/\\\/vitablanca.ma\\\/#\\\/schema\\\/logo\\\/image\\\/\"},\"sameAs\":[\"https:\\\/\\\/www.facebook.com\\\/profile.php?id=61576678196717\",\"https:\\\/\\\/www.tiktok.com\\\/@vitablanca.ma\",\"https:\\\/\\\/www.instagram.com\\\/vitablanca.ma\\\/\"]}]}<\/script>\n<!-- \/ Yoast SEO plugin. -->","yoast_head_json":{"title":"La Roche-Posay Anthelios UVMune 400 COMFORT HYDRATION SPF50+ - Morocco Price","description":"La Roche-Posay Anthelios UVMune 400 COMFORT HYDRATION SPF50+","robots":{"index":"index","follow":"follow","max-snippet":"max-snippet:-1","max-image-preview":"max-image-preview:large","max-video-preview":"max-video-preview:-1"},"canonical":"https:\/\/vitablanca.ma\/en\/product\/la-roche-posay-anthelios-uvmune-400-confort-hydratation-spf50\/","og_locale":"en_US","og_type":"article","og_title":"La Roche-Posay Anthelios UVMune 400 CONFORT HYDRATATION SPF50+ - Maroc Prix","og_description":"La Roche-Posay Anthelios UVMune 400 CONFORT HYDRATATION SPF50+","og_url":"https:\/\/vitablanca.ma\/en\/product\/la-roche-posay-anthelios-uvmune-400-confort-hydratation-spf50\/","og_site_name":"Vitablanca.ma &ndash; Sant&eacute;, vitalit&eacute; et bien-&ecirc;tre pour tous les Marocains","article_publisher":"https:\/\/www.facebook.com\/profile.php?id=61576678196717","article_modified_time":"2025-12-17T19:08:19+00:00","og_image":[{"width":465,"height":465,"url":"https:\/\/vitablanca.ma\/wp-content\/uploads\/2025\/05\/3337875797719_Anthelios-UVMune-400-Hydrating-Cream-SPF50_-Sun-Cream_50ml_01_La-Roche-Posay.jpg","type":"image\/jpeg"}],"twitter_card":"summary_large_image","schema":{"@context":"https:\/\/schema.org","@graph":[{"@type":["WebPage","ItemPage"],"@id":"https:\/\/vitablanca.ma\/produit\/la-roche-posay-anthelios-uvmune-400-confort-hydratation-spf50\/","url":"https:\/\/vitablanca.ma\/produit\/la-roche-posay-anthelios-uvmune-400-confort-hydratation-spf50\/","name":"La Roche-Posay Anthelios UVMune 400 COMFORT HYDRATION SPF50+ - Morocco Price","isPartOf":{"@id":"https:\/\/vitablanca.ma\/#website"},"primaryImageOfPage":{"@id":"https:\/\/vitablanca.ma\/produit\/la-roche-posay-anthelios-uvmune-400-confort-hydratation-spf50\/#primaryimage"},"image":{"@id":"https:\/\/vitablanca.ma\/produit\/la-roche-posay-anthelios-uvmune-400-confort-hydratation-spf50\/#primaryimage"},"thumbnailUrl":"https:\/\/vitablanca.ma\/wp-content\/uploads\/2025\/05\/3337875797719_Anthelios-UVMune-400-Hydrating-Cream-SPF50_-Sun-Cream_50ml_01_La-Roche-Posay.jpg","datePublished":"2025-05-28T19:34:36+00:00","dateModified":"2025-12-17T19:08:19+00:00","description":"La Roche-Posay Anthelios UVMune 400 COMFORT HYDRATION SPF50+","breadcrumb":{"@id":"https:\/\/vitablanca.ma\/produit\/la-roche-posay-anthelios-uvmune-400-confort-hydratation-spf50\/#breadcrumb"},"inLanguage":"en-US","potentialAction":[{"@type":"ReadAction","target":["https:\/\/vitablanca.ma\/produit\/la-roche-posay-anthelios-uvmune-400-confort-hydratation-spf50\/"]}]},{"@type":"ImageObject","inLanguage":"en-US","@id":"https:\/\/vitablanca.ma\/produit\/la-roche-posay-anthelios-uvmune-400-confort-hydratation-spf50\/#primaryimage","url":"https:\/\/vitablanca.ma\/wp-content\/uploads\/2025\/05\/3337875797719_Anthelios-UVMune-400-Hydrating-Cream-SPF50_-Sun-Cream_50ml_01_La-Roche-Posay.jpg","contentUrl":"https:\/\/vitablanca.ma\/wp-content\/uploads\/2025\/05\/3337875797719_Anthelios-UVMune-400-Hydrating-Cream-SPF50_-Sun-Cream_50ml_01_La-Roche-Posay.jpg","width":465,"height":465},{"@type":"BreadcrumbList","@id":"https:\/\/vitablanca.ma\/produit\/la-roche-posay-anthelios-uvmune-400-confort-hydratation-spf50\/#breadcrumb","itemListElement":[{"@type":"ListItem","position":1,"name":"Home","item":"https:\/\/vitablanca.ma\/"},{"@type":"ListItem","position":2,"name":"Tous Les Produits","item":"https:\/\/vitablanca.ma\/tous-les-produits\/"},{"@type":"ListItem","position":3,"name":"La Roche-Posay Anthelios UVMune 400 CONFORT HYDRATATION SPF50+"}]},{"@type":"WebSite","@id":"https:\/\/vitablanca.ma\/#website","url":"https:\/\/vitablanca.ma\/","name":"VitaBlanca.ma | Food supplements, health &amp; beauty in Morocco","description":"sell premium vitamins and supplements from USA &amp; Canada, New Zealand, Morocco (NOW Foods, Solgar, Manuka). Fast delivery anywhere in Morocco.","publisher":{"@id":"https:\/\/vitablanca.ma\/#organization"},"alternateName":"VitaBlanca.ma","potentialAction":[{"@type":"SearchAction","target":{"@type":"EntryPoint","urlTemplate":"https:\/\/vitablanca.ma\/?s={search_term_string}"},"query-input":{"@type":"PropertyValueSpecification","valueRequired":true,"valueName":"search_term_string"}}],"inLanguage":"en-US"},{"@type":"Organization","@id":"https:\/\/vitablanca.ma\/#organization","name":"VitaBlanca","url":"https:\/\/vitablanca.ma\/","logo":{"@type":"ImageObject","inLanguage":"en-US","@id":"https:\/\/vitablanca.ma\/#\/schema\/logo\/image\/","url":"https:\/\/vitablanca.ma\/wp-content\/uploads\/2025\/05\/cropped-vitablanca.png","contentUrl":"https:\/\/vitablanca.ma\/wp-content\/uploads\/2025\/05\/cropped-vitablanca.png","width":360,"height":67,"caption":"VitaBlanca"},"image":{"@id":"https:\/\/vitablanca.ma\/#\/schema\/logo\/image\/"},"sameAs":["https:\/\/www.facebook.com\/profile.php?id=61576678196717","https:\/\/www.tiktok.com\/@vitablanca.ma","https:\/\/www.instagram.com\/vitablanca.ma\/"]}]}},"jetpack_sharing_enabled":true,"_links":{"self":[{"href":"https:\/\/vitablanca.ma\/en\/wp-json\/wp\/v2\/product\/10165","targetHints":{"allow":["GET"]}}],"collection":[{"href":"https:\/\/vitablanca.ma\/en\/wp-json\/wp\/v2\/product"}],"about":[{"href":"https:\/\/vitablanca.ma\/en\/wp-json\/wp\/v2\/types\/product"}],"wp:featuredmedia":[{"embeddable":true,"href":"https:\/\/vitablanca.ma\/en\/wp-json\/wp\/v2\/media\/10163"}],"wp:attachment":[{"href":"https:\/\/vitablanca.ma\/en\/wp-json\/wp\/v2\/media?parent=10165"}],"wp:term":[{"taxonomy":"product_brand","embeddable":true,"href":"https:\/\/vitablanca.ma\/en\/wp-json\/wp\/v2\/product_brand?post=10165"},{"taxonomy":"product_cat","embeddable":true,"href":"https:\/\/vitablanca.ma\/en\/wp-json\/wp\/v2\/product_cat?post=10165"},{"taxonomy":"product_tag","embeddable":true,"href":"https:\/\/vitablanca.ma\/en\/wp-json\/wp\/v2\/product_tag?post=10165"}],"curies":[{"name":"wp","href":"https:\/\/api.w.org\/{rel}","templated":true}]}}