{"id":7371,"date":"2025-05-07T16:38:46","date_gmt":"2025-05-07T16:38:46","guid":{"rendered":"https:\/\/vitablanca.ma\/?page_id=7371"},"modified":"2025-06-20T17:47:26","modified_gmt":"2025-06-20T17:47:26","slug":"politique-de-livraison","status":"publish","type":"page","link":"https:\/\/vitablanca.ma\/en\/politique-de-livraison\/","title":{"rendered":"Shipping Policy"},"content":{"rendered":"<p>At the house of <strong>VitaBlanca<\/strong>, we deliver quickly and exclusively <strong>everywhere in Morocco<\/strong>, in all cities.<\/p>\n\n\n\n<h2 class=\"wp-block-heading\"> Delivery times<\/h2>\n\n\n\n<ul class=\"wp-block-list\">\n<li><strong>Estimated delivery times<\/strong> : between <strong>24h and 48h<\/strong> after order confirmation.<\/li>\n\n\n\n<li>Orders are being processed <strong>Monday to Saturday<\/strong>.<\/li>\n\n\n\n<li>No delivery on Sundays and public holidays.<\/li>\n<\/ul>\n\n\n\n<h2 class=\"wp-block-heading\">Areas served<\/h2>\n\n\n\n<ul class=\"wp-block-list\">\n<li>We deliver in <strong>all cities and regions of Morocco<\/strong>, including :<br>Casablanca, Rabat, Marrakech, F\u00e8s, Tanger, Agadir, Oujda, Mekn\u00e8s, La\u00e2youne, et bien d\u2019autres.<\/li>\n<\/ul>\n\n\n\n<h2 class=\"wp-block-heading\"> Delivery costs<\/h2>\n\n\n\n<ul class=\"wp-block-list\">\n<li>Delivery <strong>free<\/strong> from a minimum amount of 500 Dh.<\/li>\n\n\n\n<li>Otherwise, fixed charges will be applied to the order depending on the destination.<\/li>\n<\/ul>\n\n\n\n<h2 class=\"wp-block-heading\"> Suivi & Communication<\/h2>\n\n\n\n<ul class=\"wp-block-list\">\n<li>You will receive an SMS or call to confirm delivery with the delivery person.<\/li>\n\n\n\n<li>In the event of an exceptional delay, our customer service will inform you promptly.<\/li>\n<\/ul>\n\n\n\n<h2 class=\"wp-block-heading\"> Need help?<\/h2>\n\n\n\n<p>Contact us by email: <strong><a href=\"mailto:Contact@vitablanca.ma\">Contact@vitablanca.ma<\/a><\/strong><\/p>\n\n\n\n<p><\/p>","protected":false},"excerpt":{"rendered":"<p>Chez VitaBlanca, nous livrons rapidement et exclusivement partout au Maroc, dans toutes les villes. D\u00e9lais de Livraison Zones desservies Frais de Livraison Suivi &#038; Communication Besoin d\u2019aide ? Contactez-nous par e-mail : Contact@vitablanca.ma<\/p>","protected":false},"author":1,"featured_media":0,"parent":0,"menu_order":0,"comment_status":"closed","ping_status":"closed","template":"","meta":{"om_disable_all_campaigns":false,"footnotes":""},"class_list":["post-7371","page","type-page","status-publish","hentry"],"yoast_head":"<!-- This site is optimized with the Yoast SEO plugin v27.5 - https:\/\/yoast.com\/product\/yoast-seo-wordpress\/ -->\n<title>Politique de Livraison VitaBlanca- Livraison en 24\/48h! - Maroc<\/title>\n<meta name=\"description\" content=\"Consultez notre politique de livraison chez VitaBlanca.ma au Maroc. D\u00e9tails sur les d\u00e9lais (24\/48h), frais et zones de service pour recevoir vos produits rapidement et facilement.\" \/>\n<meta name=\"robots\" content=\"index, follow, max-snippet:-1, max-image-preview:large, max-video-preview:-1\" \/>\n<link rel=\"canonical\" href=\"https:\/\/vitablanca.ma\/en\/politique-de-livraison\/\" \/>\n<meta property=\"og:locale\" content=\"en_US\" \/>\n<meta property=\"og:type\" content=\"article\" \/>\n<meta property=\"og:title\" content=\"Politique de Livraison VitaBlanca- Livraison en 24\/48h! - Maroc\" \/>\n<meta property=\"og:description\" content=\"Consultez notre politique de livraison chez VitaBlanca.ma au Maroc. D\u00e9tails sur les d\u00e9lais (24\/48h), frais et zones de service pour recevoir vos produits rapidement et facilement.\" \/>\n<meta property=\"og:url\" content=\"https:\/\/vitablanca.ma\/en\/politique-de-livraison\/\" \/>\n<meta property=\"og:site_name\" content=\"Vitablanca.ma &ndash; Sant&eacute;, vitalit&eacute; et bien-&ecirc;tre pour tous les Marocains\" \/>\n<meta property=\"article:publisher\" content=\"https:\/\/www.facebook.com\/profile.php?id=61576678196717\" \/>\n<meta property=\"article:modified_time\" content=\"2025-06-20T17:47:26+00:00\" \/>\n<meta property=\"og:image\" content=\"https:\/\/vitablanca.ma\/wp-content\/uploads\/2025\/06\/Magnesium_2024_1400_x787_002.jpg\" \/>\n\t<meta property=\"og:image:width\" content=\"950\" \/>\n\t<meta property=\"og:image:height\" content=\"534\" \/>\n\t<meta property=\"og:image:type\" content=\"image\/jpeg\" \/>\n<meta name=\"twitter:card\" content=\"summary_large_image\" \/>\n<meta name=\"twitter:label1\" content=\"Est. reading time\" \/>\n\t<meta name=\"twitter:data1\" content=\"1 minute\" \/>\n<script type=\"application\/ld+json\" class=\"yoast-schema-graph\">{\"@context\":\"https:\\\/\\\/schema.org\",\"@graph\":[{\"@type\":\"WebPage\",\"@id\":\"https:\\\/\\\/vitablanca.ma\\\/politique-de-livraison\\\/\",\"url\":\"https:\\\/\\\/vitablanca.ma\\\/politique-de-livraison\\\/\",\"name\":\"Politique de Livraison VitaBlanca- Livraison en 24\\\/48h! - Maroc\",\"isPartOf\":{\"@id\":\"https:\\\/\\\/vitablanca.ma\\\/#website\"},\"datePublished\":\"2025-05-07T16:38:46+00:00\",\"dateModified\":\"2025-06-20T17:47:26+00:00\",\"description\":\"Consultez notre politique de livraison chez VitaBlanca.ma au Maroc. D\u00e9tails sur les d\u00e9lais (24\\\/48h), frais et zones de service pour recevoir vos produits rapidement et facilement.\",\"breadcrumb\":{\"@id\":\"https:\\\/\\\/vitablanca.ma\\\/politique-de-livraison\\\/#breadcrumb\"},\"inLanguage\":\"en-US\",\"potentialAction\":[{\"@type\":\"ReadAction\",\"target\":[\"https:\\\/\\\/vitablanca.ma\\\/politique-de-livraison\\\/\"]}]},{\"@type\":\"BreadcrumbList\",\"@id\":\"https:\\\/\\\/vitablanca.ma\\\/politique-de-livraison\\\/#breadcrumb\",\"itemListElement\":[{\"@type\":\"ListItem\",\"position\":1,\"name\":\"Home\",\"item\":\"https:\\\/\\\/vitablanca.ma\\\/\"},{\"@type\":\"ListItem\",\"position\":2,\"name\":\"Politique de Livraison\"}]},{\"@type\":\"WebSite\",\"@id\":\"https:\\\/\\\/vitablanca.ma\\\/#website\",\"url\":\"https:\\\/\\\/vitablanca.ma\\\/\",\"name\":\"VitaBlanca.ma | Compl\u00e9ments alimentaires, sant\u00e9 & beaut\u00e9 au Maroc\",\"description\":\"vendre vitamines et compl\u00e9ments premium des USA &amp; Canada, Nouvelle Z\u00e9lande,Maroc (NOW Foods, Solgar, Manuka). Livraison rapide partout au Maroc.\",\"publisher\":{\"@id\":\"https:\\\/\\\/vitablanca.ma\\\/#organization\"},\"alternateName\":\"VitaBlanca.ma\",\"potentialAction\":[{\"@type\":\"SearchAction\",\"target\":{\"@type\":\"EntryPoint\",\"urlTemplate\":\"https:\\\/\\\/vitablanca.ma\\\/?s={search_term_string}\"},\"query-input\":{\"@type\":\"PropertyValueSpecification\",\"valueRequired\":true,\"valueName\":\"search_term_string\"}}],\"inLanguage\":\"en-US\"},{\"@type\":\"Organization\",\"@id\":\"https:\\\/\\\/vitablanca.ma\\\/#organization\",\"name\":\"VitaBlanca\",\"url\":\"https:\\\/\\\/vitablanca.ma\\\/\",\"logo\":{\"@type\":\"ImageObject\",\"inLanguage\":\"en-US\",\"@id\":\"https:\\\/\\\/vitablanca.ma\\\/#\\\/schema\\\/logo\\\/image\\\/\",\"url\":\"https:\\\/\\\/vitablanca.ma\\\/wp-content\\\/uploads\\\/2025\\\/05\\\/cropped-vitablanca.png\",\"contentUrl\":\"https:\\\/\\\/vitablanca.ma\\\/wp-content\\\/uploads\\\/2025\\\/05\\\/cropped-vitablanca.png\",\"width\":360,\"height\":67,\"caption\":\"VitaBlanca\"},\"image\":{\"@id\":\"https:\\\/\\\/vitablanca.ma\\\/#\\\/schema\\\/logo\\\/image\\\/\"},\"sameAs\":[\"https:\\\/\\\/www.facebook.com\\\/profile.php?id=61576678196717\",\"https:\\\/\\\/www.tiktok.com\\\/@vitablanca.ma\",\"https:\\\/\\\/www.instagram.com\\\/vitablanca.ma\\\/\"]}]}<\/script>\n<!-- \/ Yoast SEO plugin. -->","yoast_head_json":{"title":"VitaBlanca Delivery Policy - Delivery in 24\/48 hours! - Morocco","description":"Check out our delivery policy at VitaBlanca.ma in Morocco. Details on delivery times (24\/48 hours), costs, and service areas to ensure you receive your products quickly and easily.","robots":{"index":"index","follow":"follow","max-snippet":"max-snippet:-1","max-image-preview":"max-image-preview:large","max-video-preview":"max-video-preview:-1"},"canonical":"https:\/\/vitablanca.ma\/en\/politique-de-livraison\/","og_locale":"en_US","og_type":"article","og_title":"Politique de Livraison VitaBlanca- Livraison en 24\/48h! - Maroc","og_description":"Consultez notre politique de livraison chez VitaBlanca.ma au Maroc. D\u00e9tails sur les d\u00e9lais (24\/48h), frais et zones de service pour recevoir vos produits rapidement et facilement.","og_url":"https:\/\/vitablanca.ma\/en\/politique-de-livraison\/","og_site_name":"Vitablanca.ma &ndash; Sant&eacute;, vitalit&eacute; et bien-&ecirc;tre pour tous les Marocains","article_publisher":"https:\/\/www.facebook.com\/profile.php?id=61576678196717","article_modified_time":"2025-06-20T17:47:26+00:00","og_image":[{"width":950,"height":534,"url":"https:\/\/vitablanca.ma\/wp-content\/uploads\/2025\/06\/Magnesium_2024_1400_x787_002.jpg","type":"image\/jpeg"}],"twitter_card":"summary_large_image","twitter_misc":{"Est. reading time":"1 minute"},"schema":{"@context":"https:\/\/schema.org","@graph":[{"@type":"WebPage","@id":"https:\/\/vitablanca.ma\/politique-de-livraison\/","url":"https:\/\/vitablanca.ma\/politique-de-livraison\/","name":"VitaBlanca Delivery Policy - Delivery in 24\/48 hours! - Morocco","isPartOf":{"@id":"https:\/\/vitablanca.ma\/#website"},"datePublished":"2025-05-07T16:38:46+00:00","dateModified":"2025-06-20T17:47:26+00:00","description":"Check out our delivery policy at VitaBlanca.ma in Morocco. Details on delivery times (24\/48 hours), costs, and service areas to ensure you receive your products quickly and easily.","breadcrumb":{"@id":"https:\/\/vitablanca.ma\/politique-de-livraison\/#breadcrumb"},"inLanguage":"en-US","potentialAction":[{"@type":"ReadAction","target":["https:\/\/vitablanca.ma\/politique-de-livraison\/"]}]},{"@type":"BreadcrumbList","@id":"https:\/\/vitablanca.ma\/politique-de-livraison\/#breadcrumb","itemListElement":[{"@type":"ListItem","position":1,"name":"Home","item":"https:\/\/vitablanca.ma\/"},{"@type":"ListItem","position":2,"name":"Politique de Livraison"}]},{"@type":"WebSite","@id":"https:\/\/vitablanca.ma\/#website","url":"https:\/\/vitablanca.ma\/","name":"VitaBlanca.ma | Food supplements, health &amp; beauty in Morocco","description":"sell premium vitamins and supplements from USA &amp; Canada, New Zealand, Morocco (NOW Foods, Solgar, Manuka). Fast delivery anywhere in Morocco.","publisher":{"@id":"https:\/\/vitablanca.ma\/#organization"},"alternateName":"VitaBlanca.ma","potentialAction":[{"@type":"SearchAction","target":{"@type":"EntryPoint","urlTemplate":"https:\/\/vitablanca.ma\/?s={search_term_string}"},"query-input":{"@type":"PropertyValueSpecification","valueRequired":true,"valueName":"search_term_string"}}],"inLanguage":"en-US"},{"@type":"Organization","@id":"https:\/\/vitablanca.ma\/#organization","name":"VitaBlanca","url":"https:\/\/vitablanca.ma\/","logo":{"@type":"ImageObject","inLanguage":"en-US","@id":"https:\/\/vitablanca.ma\/#\/schema\/logo\/image\/","url":"https:\/\/vitablanca.ma\/wp-content\/uploads\/2025\/05\/cropped-vitablanca.png","contentUrl":"https:\/\/vitablanca.ma\/wp-content\/uploads\/2025\/05\/cropped-vitablanca.png","width":360,"height":67,"caption":"VitaBlanca"},"image":{"@id":"https:\/\/vitablanca.ma\/#\/schema\/logo\/image\/"},"sameAs":["https:\/\/www.facebook.com\/profile.php?id=61576678196717","https:\/\/www.tiktok.com\/@vitablanca.ma","https:\/\/www.instagram.com\/vitablanca.ma\/"]}]}},"jetpack_sharing_enabled":true,"_links":{"self":[{"href":"https:\/\/vitablanca.ma\/en\/wp-json\/wp\/v2\/pages\/7371","targetHints":{"allow":["GET"]}}],"collection":[{"href":"https:\/\/vitablanca.ma\/en\/wp-json\/wp\/v2\/pages"}],"about":[{"href":"https:\/\/vitablanca.ma\/en\/wp-json\/wp\/v2\/types\/page"}],"author":[{"embeddable":true,"href":"https:\/\/vitablanca.ma\/en\/wp-json\/wp\/v2\/users\/1"}],"replies":[{"embeddable":true,"href":"https:\/\/vitablanca.ma\/en\/wp-json\/wp\/v2\/comments?post=7371"}],"version-history":[{"count":0,"href":"https:\/\/vitablanca.ma\/en\/wp-json\/wp\/v2\/pages\/7371\/revisions"}],"wp:attachment":[{"href":"https:\/\/vitablanca.ma\/en\/wp-json\/wp\/v2\/media?parent=7371"}],"curies":[{"name":"wp","href":"https:\/\/api.w.org\/{rel}","templated":true}]}}