{"id":8516,"date":"2025-05-27T17:31:36","date_gmt":"2025-05-27T17:31:36","guid":{"rendered":"https:\/\/vitablanca.ma\/product\/mgd-nature-probioflore-60-gelules\/"},"modified":"2025-07-23T16:40:22","modified_gmt":"2025-07-23T16:40:22","slug":"mgd-nature-probioflore-60-gelules","status":"publish","type":"product","link":"https:\/\/vitablanca.ma\/ar\/product-2\/mgd-nature-probioflore-60-gelules\/","title":{"rendered":"\u0643\u0628\u0633\u0648\u0644\u0627\u062a \u0625\u0645 \u062c\u064a \u062f\u064a \u0646\u064a\u062a\u0634\u0631 \u0628\u0631\u0648\u0628\u064a\u0648\u0641\u0644\u0648\u0631 60"},"content":{"rendered":"<h2><span data-mce-fragment=\"1\">\u0643\u0628\u0633\u0648\u0644\u0627\u062a \u0625\u0645 \u062c\u064a \u062f\u064a \u0646\u064a\u062a\u0634\u0631 \u0628\u0631\u0648\u0628\u064a\u0648\u0641\u0644\u0648\u0631 60<\/span><\/h2>\n<p>Probioflore \u00ae associe 4 souches de ferments lactiques :<br \/>\u2022 Lactococcus lactis<br \/>\u2022 Lactobacillus casei<br \/>\u2022 Lactobacillus acidophilus<br \/>\u2022 Bifidobacterium bifidum<\/p>\n<p>Deux g\u00e9lules apportent 5,7 milliards de bact\u00e9ries. Sachant que toutes ne r\u00e9ussiront pas \u00e0 franchir la barri\u00e8re intestinale, ce dosage a pour but d\u2019en apporter une quantit\u00e9 active suffisante jusqu\u2019aux intestins.<\/p>\n<h3 aria-controls=\"elementor-tab-content-3511\" role=\"tab\" data-tab=\"1\" class=\"elementor-tab-title elementor-active\" id=\"elementor-tab-title-3511\">\u0645\u0643\u0648\u0646\u0627\u062a:<\/h3>\n<div aria-labelledby=\"elementor-tab-title-3511\" role=\"tabpanel\" data-tab=\"1\" class=\"elementor-tab-content elementor-clearfix elementor-active\" id=\"elementor-tab-content-3511\">\n<p><i>Lactococcus lactis<span>\u00a0<\/span><\/i>(<strong>lait<\/strong>),<span>\u00a0<\/span><i>Lactobacillus casei<\/i><span>\u00a0<\/span>(<strong>lait<\/strong>),<span>\u00a0<\/span><i>Lactobacillus acidophilus<\/i><span>\u00a0<\/span>(<strong>lait<\/strong>),<span>\u00a0<\/span><i>Bifidobacterium bifidum<\/i><span>\u00a0<\/span>(<strong>lait<\/strong>), tunique : g\u00e9lifiant pullulan.<\/p>\n<h3 aria-controls=\"elementor-tab-content-3512\" role=\"tab\" data-tab=\"2\" class=\"elementor-tab-title elementor-active\" id=\"elementor-tab-title-3512\">\u0627\u062d\u062a\u064a\u0627\u0637\u0627\u062a \u0627\u0644\u0627\u0633\u062a\u062e\u062f\u0627\u0645:<\/h3>\n<div aria-labelledby=\"elementor-tab-title-3512\" role=\"tabpanel\" data-tab=\"2\" class=\"elementor-tab-content elementor-clearfix elementor-active\" id=\"elementor-tab-content-3512\">\n<p>Si besoin, demandez conseil \u00e0 un professionnel de sant\u00e9. Ne se substitue pas \u00e0 une alimentation vari\u00e9e, \u00e9quilibr\u00e9e et \u00e0 un mode de vie sain. Ne pas d\u00e9passer la dose journali\u00e8re indiqu\u00e9e. Tenir hors de port\u00e9e des jeunes enfants. \u00c0 conserver dans un endroit frais et sec. Bien reboucher le flacon apr\u00e8s usage.<\/p>\n<\/div>\n<\/div>","protected":false},"excerpt":{"rendered":"<p>Mgd Nature Probioflore 60 G\u00e9lules Probioflore \u00ae associe 4 souches de ferments lactiques :\u2022 Lactococcus lactis\u2022 Lactobacillus casei\u2022 Lactobacillus acidophilus\u2022 Bifidobacterium bifidum Deux g\u00e9lules apportent 5,7 milliards de bact\u00e9ries. Sachant que toutes ne r\u00e9ussiront pas \u00e0 franchir la barri\u00e8re intestinale, ce dosage a pour but d\u2019en apporter une quantit\u00e9 active suffisante jusqu\u2019aux intestins. Ingr\u00e9dients: Lactococcus [&hellip;]<\/p>\n","protected":false},"featured_media":8515,"template":"","meta":{"om_disable_all_campaigns":false},"product_brand":[1118],"product_cat":[18],"product_tag":[],"class_list":{"0":"post-8516","1":"product","2":"type-product","3":"status-publish","4":"has-post-thumbnail","6":"product_brand-mgd-nature-maroc-prix","7":"product_cat-beaute-sante","9":"first","10":"instock","11":"sale","12":"taxable","13":"shipping-taxable","14":"purchasable","15":"product-type-simple"},"yoast_head":"<!-- This site is optimized with the Yoast SEO plugin v27.4 - https:\/\/yoast.com\/product\/yoast-seo-wordpress\/ -->\n<title>Mgd Nature Probioflore 60 G\u00e9lules - Maroc Prix<\/title>\n<meta name=\"description\" content=\"Achetez MGD Nature Probioflore (60 g\u00e9lules), Maroc. R\u00e9tablit l&#039;\u00e9quilibre intestinal, soutient la digestion et renforce l&#039;immunit\u00e9.\" \/>\n<meta name=\"robots\" content=\"index, follow, max-snippet:-1, max-image-preview:large, max-video-preview:-1\" \/>\n<link rel=\"canonical\" href=\"https:\/\/vitablanca.ma\/ar\/product-2\/mgd-nature-probioflore-60-gelules\/\" \/>\n<meta property=\"og:locale\" content=\"ar_AR\" \/>\n<meta property=\"og:type\" content=\"article\" \/>\n<meta property=\"og:title\" content=\"Mgd Nature Probioflore 60 G\u00e9lules - Maroc Prix\" \/>\n<meta property=\"og:description\" content=\"Achetez MGD Nature Probioflore (60 g\u00e9lules), Maroc. R\u00e9tablit l&#039;\u00e9quilibre intestinal, soutient la digestion et renforce l&#039;immunit\u00e9.\" \/>\n<meta property=\"og:url\" content=\"https:\/\/vitablanca.ma\/ar\/product-2\/mgd-nature-probioflore-60-gelules\/\" \/>\n<meta property=\"og:site_name\" content=\"Vitablanca.ma &ndash; Sant&eacute;, vitalit&eacute; et bien-&ecirc;tre pour tous les Marocains\" \/>\n<meta property=\"article:publisher\" content=\"https:\/\/www.facebook.com\/profile.php?id=61576678196717\" \/>\n<meta property=\"article:modified_time\" content=\"2025-07-23T16:40:22+00:00\" \/>\n<meta property=\"og:image\" content=\"https:\/\/vitablanca.ma\/wp-content\/uploads\/2025\/05\/Mgd-Nature-Probioflore-60-Gelules-nova-parapharmacie-casablanca.jpg\" \/>\n\t<meta property=\"og:image:width\" content=\"1000\" \/>\n\t<meta property=\"og:image:height\" content=\"1000\" \/>\n\t<meta property=\"og:image:type\" content=\"image\/jpeg\" \/>\n<meta name=\"twitter:card\" content=\"summary_large_image\" \/>\n<meta name=\"twitter:label1\" content=\"\u0648\u0642\u062a \u0627\u0644\u0642\u0631\u0627\u0621\u0629 \u0627\u0644\u0645\u064f\u0642\u062f\u0651\u0631\" \/>\n\t<meta name=\"twitter:data1\" content=\"\u062f\u0642\u064a\u0642\u0629 \u0648\u0627\u062d\u062f\u0629\" \/>\n<script type=\"application\/ld+json\" class=\"yoast-schema-graph\">{\"@context\":\"https:\\\/\\\/schema.org\",\"@graph\":[{\"@type\":[\"WebPage\",\"ItemPage\"],\"@id\":\"https:\\\/\\\/vitablanca.ma\\\/en\\\/product\\\/mgd-nature-probioflore-60-gelules\\\/\",\"url\":\"https:\\\/\\\/vitablanca.ma\\\/en\\\/product\\\/mgd-nature-probioflore-60-gelules\\\/\",\"name\":\"Mgd Nature Probioflore 60 G\u00e9lules - Maroc Prix\",\"isPartOf\":{\"@id\":\"https:\\\/\\\/vitablanca.ma\\\/#website\"},\"primaryImageOfPage\":{\"@id\":\"https:\\\/\\\/vitablanca.ma\\\/en\\\/product\\\/mgd-nature-probioflore-60-gelules\\\/#primaryimage\"},\"image\":{\"@id\":\"https:\\\/\\\/vitablanca.ma\\\/en\\\/product\\\/mgd-nature-probioflore-60-gelules\\\/#primaryimage\"},\"thumbnailUrl\":\"https:\\\/\\\/vitablanca.ma\\\/wp-content\\\/uploads\\\/2025\\\/05\\\/Mgd-Nature-Probioflore-60-Gelules-nova-parapharmacie-casablanca.jpg\",\"datePublished\":\"2025-05-27T17:31:36+00:00\",\"dateModified\":\"2025-07-23T16:40:22+00:00\",\"description\":\"Achetez MGD Nature Probioflore (60 g\u00e9lules), Maroc. R\u00e9tablit l'\u00e9quilibre intestinal, soutient la digestion et renforce l'immunit\u00e9.\",\"breadcrumb\":{\"@id\":\"https:\\\/\\\/vitablanca.ma\\\/en\\\/product\\\/mgd-nature-probioflore-60-gelules\\\/#breadcrumb\"},\"inLanguage\":\"ar\",\"potentialAction\":[{\"@type\":\"ReadAction\",\"target\":[\"https:\\\/\\\/vitablanca.ma\\\/en\\\/product\\\/mgd-nature-probioflore-60-gelules\\\/\"]}]},{\"@type\":\"ImageObject\",\"inLanguage\":\"ar\",\"@id\":\"https:\\\/\\\/vitablanca.ma\\\/en\\\/product\\\/mgd-nature-probioflore-60-gelules\\\/#primaryimage\",\"url\":\"https:\\\/\\\/vitablanca.ma\\\/wp-content\\\/uploads\\\/2025\\\/05\\\/Mgd-Nature-Probioflore-60-Gelules-nova-parapharmacie-casablanca.jpg\",\"contentUrl\":\"https:\\\/\\\/vitablanca.ma\\\/wp-content\\\/uploads\\\/2025\\\/05\\\/Mgd-Nature-Probioflore-60-Gelules-nova-parapharmacie-casablanca.jpg\",\"width\":1000,\"height\":1000},{\"@type\":\"BreadcrumbList\",\"@id\":\"https:\\\/\\\/vitablanca.ma\\\/en\\\/product\\\/mgd-nature-probioflore-60-gelules\\\/#breadcrumb\",\"itemListElement\":[{\"@type\":\"ListItem\",\"position\":1,\"name\":\"Home\",\"item\":\"https:\\\/\\\/vitablanca.ma\\\/\"},{\"@type\":\"ListItem\",\"position\":2,\"name\":\"Tous Les Produits\",\"item\":\"https:\\\/\\\/vitablanca.ma\\\/tous-les-produits\\\/\"},{\"@type\":\"ListItem\",\"position\":3,\"name\":\"Mgd Nature Probioflore 60 G\u00e9lules\"}]},{\"@type\":\"WebSite\",\"@id\":\"https:\\\/\\\/vitablanca.ma\\\/#website\",\"url\":\"https:\\\/\\\/vitablanca.ma\\\/\",\"name\":\"VitaBlanca.ma | Compl\u00e9ments alimentaires, sant\u00e9 & beaut\u00e9 au Maroc\",\"description\":\"vendre vitamines et compl\u00e9ments premium des USA &amp; Canada, Nouvelle Z\u00e9lande,Maroc (NOW Foods, Solgar, Manuka). Livraison rapide partout au Maroc.\",\"publisher\":{\"@id\":\"https:\\\/\\\/vitablanca.ma\\\/#organization\"},\"alternateName\":\"VitaBlanca.ma\",\"potentialAction\":[{\"@type\":\"SearchAction\",\"target\":{\"@type\":\"EntryPoint\",\"urlTemplate\":\"https:\\\/\\\/vitablanca.ma\\\/?s={search_term_string}\"},\"query-input\":{\"@type\":\"PropertyValueSpecification\",\"valueRequired\":true,\"valueName\":\"search_term_string\"}}],\"inLanguage\":\"ar\"},{\"@type\":\"Organization\",\"@id\":\"https:\\\/\\\/vitablanca.ma\\\/#organization\",\"name\":\"VitaBlanca\",\"url\":\"https:\\\/\\\/vitablanca.ma\\\/\",\"logo\":{\"@type\":\"ImageObject\",\"inLanguage\":\"ar\",\"@id\":\"https:\\\/\\\/vitablanca.ma\\\/#\\\/schema\\\/logo\\\/image\\\/\",\"url\":\"https:\\\/\\\/vitablanca.ma\\\/wp-content\\\/uploads\\\/2025\\\/05\\\/cropped-vitablanca.png\",\"contentUrl\":\"https:\\\/\\\/vitablanca.ma\\\/wp-content\\\/uploads\\\/2025\\\/05\\\/cropped-vitablanca.png\",\"width\":360,\"height\":67,\"caption\":\"VitaBlanca\"},\"image\":{\"@id\":\"https:\\\/\\\/vitablanca.ma\\\/#\\\/schema\\\/logo\\\/image\\\/\"},\"sameAs\":[\"https:\\\/\\\/www.facebook.com\\\/profile.php?id=61576678196717\",\"https:\\\/\\\/www.tiktok.com\\\/@vitablanca.ma\",\"https:\\\/\\\/www.instagram.com\\\/vitablanca.ma\\\/\"]}]}<\/script>\n<!-- \/ Yoast SEO plugin. -->","yoast_head_json":{"title":"Mgd Nature Probioflore 60 G\u00e9lules - Maroc Prix","description":"Achetez MGD Nature Probioflore (60 g\u00e9lules), Maroc. R\u00e9tablit l'\u00e9quilibre intestinal, soutient la digestion et renforce l'immunit\u00e9.","robots":{"index":"index","follow":"follow","max-snippet":"max-snippet:-1","max-image-preview":"max-image-preview:large","max-video-preview":"max-video-preview:-1"},"canonical":"https:\/\/vitablanca.ma\/ar\/product-2\/mgd-nature-probioflore-60-gelules\/","og_locale":"ar_AR","og_type":"article","og_title":"Mgd Nature Probioflore 60 G\u00e9lules - Maroc Prix","og_description":"Achetez MGD Nature Probioflore (60 g\u00e9lules), Maroc. R\u00e9tablit l'\u00e9quilibre intestinal, soutient la digestion et renforce l'immunit\u00e9.","og_url":"https:\/\/vitablanca.ma\/ar\/product-2\/mgd-nature-probioflore-60-gelules\/","og_site_name":"Vitablanca.ma &ndash; Sant&eacute;, vitalit&eacute; et bien-&ecirc;tre pour tous les Marocains","article_publisher":"https:\/\/www.facebook.com\/profile.php?id=61576678196717","article_modified_time":"2025-07-23T16:40:22+00:00","og_image":[{"width":1000,"height":1000,"url":"https:\/\/vitablanca.ma\/wp-content\/uploads\/2025\/05\/Mgd-Nature-Probioflore-60-Gelules-nova-parapharmacie-casablanca.jpg","type":"image\/jpeg"}],"twitter_card":"summary_large_image","twitter_misc":{"\u0648\u0642\u062a \u0627\u0644\u0642\u0631\u0627\u0621\u0629 \u0627\u0644\u0645\u064f\u0642\u062f\u0651\u0631":"\u062f\u0642\u064a\u0642\u0629 \u0648\u0627\u062d\u062f\u0629"},"schema":{"@context":"https:\/\/schema.org","@graph":[{"@type":["WebPage","ItemPage"],"@id":"https:\/\/vitablanca.ma\/en\/product\/mgd-nature-probioflore-60-gelules\/","url":"https:\/\/vitablanca.ma\/en\/product\/mgd-nature-probioflore-60-gelules\/","name":"Mgd Nature Probioflore 60 G\u00e9lules - Maroc Prix","isPartOf":{"@id":"https:\/\/vitablanca.ma\/#website"},"primaryImageOfPage":{"@id":"https:\/\/vitablanca.ma\/en\/product\/mgd-nature-probioflore-60-gelules\/#primaryimage"},"image":{"@id":"https:\/\/vitablanca.ma\/en\/product\/mgd-nature-probioflore-60-gelules\/#primaryimage"},"thumbnailUrl":"https:\/\/vitablanca.ma\/wp-content\/uploads\/2025\/05\/Mgd-Nature-Probioflore-60-Gelules-nova-parapharmacie-casablanca.jpg","datePublished":"2025-05-27T17:31:36+00:00","dateModified":"2025-07-23T16:40:22+00:00","description":"Achetez MGD Nature Probioflore (60 g\u00e9lules), Maroc. R\u00e9tablit l'\u00e9quilibre intestinal, soutient la digestion et renforce l'immunit\u00e9.","breadcrumb":{"@id":"https:\/\/vitablanca.ma\/en\/product\/mgd-nature-probioflore-60-gelules\/#breadcrumb"},"inLanguage":"ar","potentialAction":[{"@type":"ReadAction","target":["https:\/\/vitablanca.ma\/en\/product\/mgd-nature-probioflore-60-gelules\/"]}]},{"@type":"ImageObject","inLanguage":"ar","@id":"https:\/\/vitablanca.ma\/en\/product\/mgd-nature-probioflore-60-gelules\/#primaryimage","url":"https:\/\/vitablanca.ma\/wp-content\/uploads\/2025\/05\/Mgd-Nature-Probioflore-60-Gelules-nova-parapharmacie-casablanca.jpg","contentUrl":"https:\/\/vitablanca.ma\/wp-content\/uploads\/2025\/05\/Mgd-Nature-Probioflore-60-Gelules-nova-parapharmacie-casablanca.jpg","width":1000,"height":1000},{"@type":"BreadcrumbList","@id":"https:\/\/vitablanca.ma\/en\/product\/mgd-nature-probioflore-60-gelules\/#breadcrumb","itemListElement":[{"@type":"ListItem","position":1,"name":"Home","item":"https:\/\/vitablanca.ma\/"},{"@type":"ListItem","position":2,"name":"Tous Les Produits","item":"https:\/\/vitablanca.ma\/tous-les-produits\/"},{"@type":"ListItem","position":3,"name":"Mgd Nature Probioflore 60 G\u00e9lules"}]},{"@type":"WebSite","@id":"https:\/\/vitablanca.ma\/#website","url":"https:\/\/vitablanca.ma\/","name":"VitaBlanca.ma | \u0627\u0644\u0645\u0643\u0645\u0644\u0627\u062a \u0627\u0644\u063a\u0630\u0627\u0626\u064a\u0629\u060c \u0627\u0644\u0635\u062d\u0629 \u0648\u0627\u0644\u062c\u0645\u0627\u0644 \u0641\u064a \u0627\u0644\u0645\u063a\u0631\u0628","description":"\u0646\u0628\u064a\u0639 \u0641\u064a\u062a\u0627\u0645\u064a\u0646\u0627\u062a \u0648\u0645\u0643\u0645\u0644\u0627\u062a \u063a\u0630\u0627\u0626\u064a\u0629 \u0641\u0627\u062e\u0631\u0629 \u0645\u0646 \u0627\u0644\u0648\u0644\u0627\u064a\u0627\u062a \u0627\u0644\u0645\u062a\u062d\u062f\u0629 \u0627\u0644\u0623\u0645\u0631\u064a\u0643\u064a\u0629 \u0648\u0643\u0646\u062f\u0627 \u0648\u0646\u064a\u0648\u0632\u064a\u0644\u0646\u062f\u0627 \u0648\u0627\u0644\u0645\u063a\u0631\u0628 (\u0646\u0627\u0648 \u0641\u0648\u062f\u0632\u060c \u0633\u0648\u0644\u062c\u0627\u0631\u060c \u0645\u0627\u0646\u0648\u0643\u0627). \u062a\u0648\u0635\u064a\u0644 \u0633\u0631\u064a\u0639 \u0625\u0644\u0649 \u062c\u0645\u064a\u0639 \u0623\u0646\u062d\u0627\u0621 \u0627\u0644\u0645\u063a\u0631\u0628.","publisher":{"@id":"https:\/\/vitablanca.ma\/#organization"},"alternateName":"VitaBlanca.ma","potentialAction":[{"@type":"SearchAction","target":{"@type":"EntryPoint","urlTemplate":"https:\/\/vitablanca.ma\/?s={search_term_string}"},"query-input":{"@type":"PropertyValueSpecification","valueRequired":true,"valueName":"search_term_string"}}],"inLanguage":"ar"},{"@type":"Organization","@id":"https:\/\/vitablanca.ma\/#organization","name":"\u0641\u064a\u062a\u0627\u0628\u0644\u0627\u0646\u0643\u0627","url":"https:\/\/vitablanca.ma\/","logo":{"@type":"ImageObject","inLanguage":"ar","@id":"https:\/\/vitablanca.ma\/#\/schema\/logo\/image\/","url":"https:\/\/vitablanca.ma\/wp-content\/uploads\/2025\/05\/cropped-vitablanca.png","contentUrl":"https:\/\/vitablanca.ma\/wp-content\/uploads\/2025\/05\/cropped-vitablanca.png","width":360,"height":67,"caption":"VitaBlanca"},"image":{"@id":"https:\/\/vitablanca.ma\/#\/schema\/logo\/image\/"},"sameAs":["https:\/\/www.facebook.com\/profile.php?id=61576678196717","https:\/\/www.tiktok.com\/@vitablanca.ma","https:\/\/www.instagram.com\/vitablanca.ma\/"]}]}},"jetpack_sharing_enabled":true,"_links":{"self":[{"href":"https:\/\/vitablanca.ma\/ar\/wp-json\/wp\/v2\/product\/8516","targetHints":{"allow":["GET"]}}],"collection":[{"href":"https:\/\/vitablanca.ma\/ar\/wp-json\/wp\/v2\/product"}],"about":[{"href":"https:\/\/vitablanca.ma\/ar\/wp-json\/wp\/v2\/types\/product"}],"wp:featuredmedia":[{"embeddable":true,"href":"https:\/\/vitablanca.ma\/ar\/wp-json\/wp\/v2\/media\/8515"}],"wp:attachment":[{"href":"https:\/\/vitablanca.ma\/ar\/wp-json\/wp\/v2\/media?parent=8516"}],"wp:term":[{"taxonomy":"product_brand","embeddable":true,"href":"https:\/\/vitablanca.ma\/ar\/wp-json\/wp\/v2\/product_brand?post=8516"},{"taxonomy":"product_cat","embeddable":true,"href":"https:\/\/vitablanca.ma\/ar\/wp-json\/wp\/v2\/product_cat?post=8516"},{"taxonomy":"product_tag","embeddable":true,"href":"https:\/\/vitablanca.ma\/ar\/wp-json\/wp\/v2\/product_tag?post=8516"}],"curies":[{"name":"wp","href":"https:\/\/api.w.org\/{rel}","templated":true}]}}