{"id":8511,"date":"2025-05-27T02:13:23","date_gmt":"2025-05-27T02:13:23","guid":{"rendered":"https:\/\/vitablanca.ma\/?post_type=product&#038;p=8511"},"modified":"2026-02-27T13:24:01","modified_gmt":"2026-02-27T13:24:01","slug":"lake-avenue-nutrition-collagene-hydrolyse-1000-mg-60-comprimes-types-1-et-3","status":"publish","type":"product","link":"https:\/\/vitablanca.ma\/ar\/product-2\/lake-avenue-nutrition-collagene-hydrolyse-1000-mg-60-comprimes-types-1-et-3\/","title":{"rendered":"Lake Avenue Nutrition Collag\u00e8ne hydrolys\u00e9 1000 mg 60 comprim\u00e9s Types 1 et 3"},"content":{"rendered":"<p><a href=\"https:\/\/vitablanca.ma\/ar\/?s=Collag%C3%A8ne&amp;post_type=product\" target=\"_blank\" rel=\"noopener\" title=\"\">\u0627\u0644\u0643\u0648\u0644\u0627\u062c\u064a\u0646 <\/a>de types\u00a01 &amp; 3\u00a0de\u00a0<em>Lake\u00a0Avenue\u00a0Nutrition.\u00a0<\/em>Renforcement des cheveux, de la peau, des ongles, des articulations &amp; des os.\u00a0<br>Produit \u00e9labor\u00e9 sans lait, \u0153ufs, poisson, fruits de mer, fruits \u00e0 coque, arachides, bl\u00e9, soja ou gluten. Produit dans un \u00e9tablissement tiers respectant les bonnes pratiques de fabrication et susceptible de traiter d&rsquo;autres produits qui contiennent ces allerg\u00e8nes ou ingr\u00e9dients.<\/p>\n\n\n\n<h3 class=\"wp-block-heading\">\u0627\u0644\u0627\u0633\u062a\u062e\u062f\u0627\u0645 \u0627\u0644\u0645\u0642\u062a\u0631\u062d<\/h3>\n\n\n\n<p>Prenez 3&nbsp;comprim\u00e9s deux&nbsp;fois par jour \u00e0 jeun, au moins 30&nbsp;minutes avant le repas ou selon les recommandations d&rsquo;un professionnel de la sant\u00e9. Afin d&rsquo;assurer une absorption optimale du collag\u00e8ne, \u00e9vitez de prendre des compl\u00e9ments prot\u00e9in\u00e9s dans l&rsquo;heure suivant la consommation.<a href=\"https:\/\/www.jumia.ma\/customer\/account\/login\/?tkWl=LA358DV1CJ21PNAFAMZ-59684026&amp;return=%2Flake-avenue-nutrition-collagene-hydrolyse-1000-mg-60-comprimes-types-1-et-3-58601518.html\"><\/a><\/p>\n\n\n\n<p><\/p>","protected":false},"excerpt":{"rendered":"<ul>\n<li>Collag\u00e8ne de types\u00a01 &amp; 3\u00a0de\u00a0<em>Lake\u00a0Avenue\u00a0Nutrition<\/em><\/li>\n<li>Renforcement des cheveux, de la peau, des ongles, des articulations &amp; des os<\/li>\n<li>Produit formul\u00e9 sans\u00a0: OGM, gluten ou soja.<\/li>\n<li>Fabriqu\u00e9 dans un \u00e9tablissement respectant les bonnes pratiques de fabrication<\/li>\n<\/ul>","protected":false},"featured_media":8512,"template":"","meta":{"om_disable_all_campaigns":false},"product_brand":[1109],"product_cat":[18,164,3366,163,19],"product_tag":[1113,1116,1110,1115,1111,1114,1112],"class_list":{"0":"post-8511","1":"product","2":"type-product","3":"status-publish","4":"has-post-thumbnail","6":"product_brand-lake-avenue-nutrition","7":"product_cat-beaute-sante","8":"product_cat-collagene","9":"product_cat-complements-alimentaires-au-maroc-vitablanca","10":"product_cat-mineraux","11":"product_cat-vitamines-supplements-dietetiques","12":"product_tag-acheter-collagene-maroc","13":"product_tag-collagene-articulations-maroc","14":"product_tag-collagene-hydrolyse-maroc","15":"product_tag-collagene-maroc","16":"product_tag-collagene-type-1-et-3","17":"product_tag-complement-collagene-peau-cheveux","18":"product_tag-lake-avenue-collagene","20":"first","21":"outofstock","22":"sale","23":"taxable","24":"shipping-taxable","25":"purchasable","26":"product-type-simple"},"yoast_head":"<!-- This site is optimized with the Yoast SEO plugin v27.4 - https:\/\/yoast.com\/product\/yoast-seo-wordpress\/ -->\n<title>Lake Avenue Nutrition Collag\u00e8ne Hydrolys\u00e9 1000 mg - Maroc<\/title>\n<meta name=\"description\" content=\"Achetez Lake Avenue Nutrition Collag\u00e8ne Hydrolys\u00e9 1000 mg (Types 1 &amp; 3) au Maroc. Ces 60 comprim\u00e9s soutiennent la sant\u00e9 de la peau, des cheveux, des ongles et des articulations. Retrouvez \u00e9lasticit\u00e9 et vitalit\u00e9. Livraison rapide partout au Maroc!\" \/>\n<meta name=\"robots\" content=\"index, follow, max-snippet:-1, max-image-preview:large, max-video-preview:-1\" \/>\n<link rel=\"canonical\" href=\"https:\/\/vitablanca.ma\/ar\/product-2\/lake-avenue-nutrition-collagene-hydrolyse-1000-mg-60-comprimes-types-1-et-3\/\" \/>\n<meta property=\"og:locale\" content=\"ar_AR\" \/>\n<meta property=\"og:type\" content=\"article\" \/>\n<meta property=\"og:title\" content=\"Lake Avenue Nutrition Collag\u00e8ne Hydrolys\u00e9 1000 mg - Maroc\" \/>\n<meta property=\"og:description\" content=\"Achetez Lake Avenue Nutrition Collag\u00e8ne Hydrolys\u00e9 1000 mg (Types 1 &amp; 3) au Maroc. Ces 60 comprim\u00e9s soutiennent la sant\u00e9 de la peau, des cheveux, des ongles et des articulations. Retrouvez \u00e9lasticit\u00e9 et vitalit\u00e9. Livraison rapide partout au Maroc!\" \/>\n<meta property=\"og:url\" content=\"https:\/\/vitablanca.ma\/ar\/product-2\/lake-avenue-nutrition-collagene-hydrolyse-1000-mg-60-comprimes-types-1-et-3\/\" \/>\n<meta property=\"og:site_name\" content=\"Vitablanca.ma &ndash; Sant&eacute;, vitalit&eacute; et bien-&ecirc;tre pour tous les Marocains\" \/>\n<meta property=\"article:publisher\" content=\"https:\/\/www.facebook.com\/profile.php?id=61576678196717\" \/>\n<meta property=\"article:modified_time\" content=\"2026-02-27T13:24:01+00:00\" \/>\n<meta property=\"og:image\" content=\"https:\/\/vitablanca.ma\/wp-content\/uploads\/2025\/05\/1-8.jpg\" \/>\n\t<meta property=\"og:image:width\" content=\"680\" \/>\n\t<meta property=\"og:image:height\" content=\"680\" \/>\n\t<meta property=\"og:image:type\" content=\"image\/jpeg\" \/>\n<meta name=\"twitter:card\" content=\"summary_large_image\" \/>\n<meta name=\"twitter:label1\" content=\"\u0648\u0642\u062a \u0627\u0644\u0642\u0631\u0627\u0621\u0629 \u0627\u0644\u0645\u064f\u0642\u062f\u0651\u0631\" \/>\n\t<meta name=\"twitter:data1\" content=\"\u062f\u0642\u064a\u0642\u0629 \u0648\u0627\u062d\u062f\u0629\" \/>\n<script type=\"application\/ld+json\" class=\"yoast-schema-graph\">{\"@context\":\"https:\\\/\\\/schema.org\",\"@graph\":[{\"@type\":[\"WebPage\",\"ItemPage\"],\"@id\":\"https:\\\/\\\/vitablanca.ma\\\/produit\\\/lake-avenue-nutrition-collagene-hydrolyse-1000-mg-60-comprimes-types-1-et-3\\\/\",\"url\":\"https:\\\/\\\/vitablanca.ma\\\/produit\\\/lake-avenue-nutrition-collagene-hydrolyse-1000-mg-60-comprimes-types-1-et-3\\\/\",\"name\":\"Lake Avenue Nutrition Collag\u00e8ne Hydrolys\u00e9 1000 mg - Maroc\",\"isPartOf\":{\"@id\":\"https:\\\/\\\/vitablanca.ma\\\/#website\"},\"primaryImageOfPage\":{\"@id\":\"https:\\\/\\\/vitablanca.ma\\\/produit\\\/lake-avenue-nutrition-collagene-hydrolyse-1000-mg-60-comprimes-types-1-et-3\\\/#primaryimage\"},\"image\":{\"@id\":\"https:\\\/\\\/vitablanca.ma\\\/produit\\\/lake-avenue-nutrition-collagene-hydrolyse-1000-mg-60-comprimes-types-1-et-3\\\/#primaryimage\"},\"thumbnailUrl\":\"https:\\\/\\\/vitablanca.ma\\\/wp-content\\\/uploads\\\/2025\\\/05\\\/1-8.jpg\",\"datePublished\":\"2025-05-27T02:13:23+00:00\",\"dateModified\":\"2026-02-27T13:24:01+00:00\",\"description\":\"Achetez Lake Avenue Nutrition Collag\u00e8ne Hydrolys\u00e9 1000 mg (Types 1 & 3) au Maroc. Ces 60 comprim\u00e9s soutiennent la sant\u00e9 de la peau, des cheveux, des ongles et des articulations. Retrouvez \u00e9lasticit\u00e9 et vitalit\u00e9. Livraison rapide partout au Maroc!\",\"breadcrumb\":{\"@id\":\"https:\\\/\\\/vitablanca.ma\\\/produit\\\/lake-avenue-nutrition-collagene-hydrolyse-1000-mg-60-comprimes-types-1-et-3\\\/#breadcrumb\"},\"inLanguage\":\"ar\",\"potentialAction\":[{\"@type\":\"ReadAction\",\"target\":[\"https:\\\/\\\/vitablanca.ma\\\/produit\\\/lake-avenue-nutrition-collagene-hydrolyse-1000-mg-60-comprimes-types-1-et-3\\\/\"]}]},{\"@type\":\"ImageObject\",\"inLanguage\":\"ar\",\"@id\":\"https:\\\/\\\/vitablanca.ma\\\/produit\\\/lake-avenue-nutrition-collagene-hydrolyse-1000-mg-60-comprimes-types-1-et-3\\\/#primaryimage\",\"url\":\"https:\\\/\\\/vitablanca.ma\\\/wp-content\\\/uploads\\\/2025\\\/05\\\/1-8.jpg\",\"contentUrl\":\"https:\\\/\\\/vitablanca.ma\\\/wp-content\\\/uploads\\\/2025\\\/05\\\/1-8.jpg\",\"width\":680,\"height\":680},{\"@type\":\"BreadcrumbList\",\"@id\":\"https:\\\/\\\/vitablanca.ma\\\/produit\\\/lake-avenue-nutrition-collagene-hydrolyse-1000-mg-60-comprimes-types-1-et-3\\\/#breadcrumb\",\"itemListElement\":[{\"@type\":\"ListItem\",\"position\":1,\"name\":\"Home\",\"item\":\"https:\\\/\\\/vitablanca.ma\\\/\"},{\"@type\":\"ListItem\",\"position\":2,\"name\":\"Tous Les Produits\",\"item\":\"https:\\\/\\\/vitablanca.ma\\\/tous-les-produits\\\/\"},{\"@type\":\"ListItem\",\"position\":3,\"name\":\"Lake Avenue Nutrition Collag\u00e8ne hydrolys\u00e9 1000 mg 60 comprim\u00e9s Types 1 et 3\"}]},{\"@type\":\"WebSite\",\"@id\":\"https:\\\/\\\/vitablanca.ma\\\/#website\",\"url\":\"https:\\\/\\\/vitablanca.ma\\\/\",\"name\":\"VitaBlanca.ma | Compl\u00e9ments alimentaires, sant\u00e9 & beaut\u00e9 au Maroc\",\"description\":\"vendre vitamines et compl\u00e9ments premium des USA &amp; Canada, Nouvelle Z\u00e9lande,Maroc (NOW Foods, Solgar, Manuka). Livraison rapide partout au Maroc.\",\"publisher\":{\"@id\":\"https:\\\/\\\/vitablanca.ma\\\/#organization\"},\"alternateName\":\"VitaBlanca.ma\",\"potentialAction\":[{\"@type\":\"SearchAction\",\"target\":{\"@type\":\"EntryPoint\",\"urlTemplate\":\"https:\\\/\\\/vitablanca.ma\\\/?s={search_term_string}\"},\"query-input\":{\"@type\":\"PropertyValueSpecification\",\"valueRequired\":true,\"valueName\":\"search_term_string\"}}],\"inLanguage\":\"ar\"},{\"@type\":\"Organization\",\"@id\":\"https:\\\/\\\/vitablanca.ma\\\/#organization\",\"name\":\"VitaBlanca\",\"url\":\"https:\\\/\\\/vitablanca.ma\\\/\",\"logo\":{\"@type\":\"ImageObject\",\"inLanguage\":\"ar\",\"@id\":\"https:\\\/\\\/vitablanca.ma\\\/#\\\/schema\\\/logo\\\/image\\\/\",\"url\":\"https:\\\/\\\/vitablanca.ma\\\/wp-content\\\/uploads\\\/2025\\\/05\\\/cropped-vitablanca.png\",\"contentUrl\":\"https:\\\/\\\/vitablanca.ma\\\/wp-content\\\/uploads\\\/2025\\\/05\\\/cropped-vitablanca.png\",\"width\":360,\"height\":67,\"caption\":\"VitaBlanca\"},\"image\":{\"@id\":\"https:\\\/\\\/vitablanca.ma\\\/#\\\/schema\\\/logo\\\/image\\\/\"},\"sameAs\":[\"https:\\\/\\\/www.facebook.com\\\/profile.php?id=61576678196717\",\"https:\\\/\\\/www.tiktok.com\\\/@vitablanca.ma\",\"https:\\\/\\\/www.instagram.com\\\/vitablanca.ma\\\/\"]}]}<\/script>\n<!-- \/ Yoast SEO plugin. -->","yoast_head_json":{"title":"Lake Avenue Nutrition Collag\u00e8ne Hydrolys\u00e9 1000 mg - Maroc","description":"Achetez Lake Avenue Nutrition Collag\u00e8ne Hydrolys\u00e9 1000 mg (Types 1 & 3) au Maroc. Ces 60 comprim\u00e9s soutiennent la sant\u00e9 de la peau, des cheveux, des ongles et des articulations. Retrouvez \u00e9lasticit\u00e9 et vitalit\u00e9. Livraison rapide partout au Maroc!","robots":{"index":"index","follow":"follow","max-snippet":"max-snippet:-1","max-image-preview":"max-image-preview:large","max-video-preview":"max-video-preview:-1"},"canonical":"https:\/\/vitablanca.ma\/ar\/product-2\/lake-avenue-nutrition-collagene-hydrolyse-1000-mg-60-comprimes-types-1-et-3\/","og_locale":"ar_AR","og_type":"article","og_title":"Lake Avenue Nutrition Collag\u00e8ne Hydrolys\u00e9 1000 mg - Maroc","og_description":"Achetez Lake Avenue Nutrition Collag\u00e8ne Hydrolys\u00e9 1000 mg (Types 1 & 3) au Maroc. Ces 60 comprim\u00e9s soutiennent la sant\u00e9 de la peau, des cheveux, des ongles et des articulations. Retrouvez \u00e9lasticit\u00e9 et vitalit\u00e9. Livraison rapide partout au Maroc!","og_url":"https:\/\/vitablanca.ma\/ar\/product-2\/lake-avenue-nutrition-collagene-hydrolyse-1000-mg-60-comprimes-types-1-et-3\/","og_site_name":"Vitablanca.ma &ndash; Sant&eacute;, vitalit&eacute; et bien-&ecirc;tre pour tous les Marocains","article_publisher":"https:\/\/www.facebook.com\/profile.php?id=61576678196717","article_modified_time":"2026-02-27T13:24:01+00:00","og_image":[{"width":680,"height":680,"url":"https:\/\/vitablanca.ma\/wp-content\/uploads\/2025\/05\/1-8.jpg","type":"image\/jpeg"}],"twitter_card":"summary_large_image","twitter_misc":{"\u0648\u0642\u062a \u0627\u0644\u0642\u0631\u0627\u0621\u0629 \u0627\u0644\u0645\u064f\u0642\u062f\u0651\u0631":"\u062f\u0642\u064a\u0642\u0629 \u0648\u0627\u062d\u062f\u0629"},"schema":{"@context":"https:\/\/schema.org","@graph":[{"@type":["WebPage","ItemPage"],"@id":"https:\/\/vitablanca.ma\/produit\/lake-avenue-nutrition-collagene-hydrolyse-1000-mg-60-comprimes-types-1-et-3\/","url":"https:\/\/vitablanca.ma\/produit\/lake-avenue-nutrition-collagene-hydrolyse-1000-mg-60-comprimes-types-1-et-3\/","name":"Lake Avenue Nutrition Collag\u00e8ne Hydrolys\u00e9 1000 mg - Maroc","isPartOf":{"@id":"https:\/\/vitablanca.ma\/#website"},"primaryImageOfPage":{"@id":"https:\/\/vitablanca.ma\/produit\/lake-avenue-nutrition-collagene-hydrolyse-1000-mg-60-comprimes-types-1-et-3\/#primaryimage"},"image":{"@id":"https:\/\/vitablanca.ma\/produit\/lake-avenue-nutrition-collagene-hydrolyse-1000-mg-60-comprimes-types-1-et-3\/#primaryimage"},"thumbnailUrl":"https:\/\/vitablanca.ma\/wp-content\/uploads\/2025\/05\/1-8.jpg","datePublished":"2025-05-27T02:13:23+00:00","dateModified":"2026-02-27T13:24:01+00:00","description":"Achetez Lake Avenue Nutrition Collag\u00e8ne Hydrolys\u00e9 1000 mg (Types 1 & 3) au Maroc. Ces 60 comprim\u00e9s soutiennent la sant\u00e9 de la peau, des cheveux, des ongles et des articulations. Retrouvez \u00e9lasticit\u00e9 et vitalit\u00e9. Livraison rapide partout au Maroc!","breadcrumb":{"@id":"https:\/\/vitablanca.ma\/produit\/lake-avenue-nutrition-collagene-hydrolyse-1000-mg-60-comprimes-types-1-et-3\/#breadcrumb"},"inLanguage":"ar","potentialAction":[{"@type":"ReadAction","target":["https:\/\/vitablanca.ma\/produit\/lake-avenue-nutrition-collagene-hydrolyse-1000-mg-60-comprimes-types-1-et-3\/"]}]},{"@type":"ImageObject","inLanguage":"ar","@id":"https:\/\/vitablanca.ma\/produit\/lake-avenue-nutrition-collagene-hydrolyse-1000-mg-60-comprimes-types-1-et-3\/#primaryimage","url":"https:\/\/vitablanca.ma\/wp-content\/uploads\/2025\/05\/1-8.jpg","contentUrl":"https:\/\/vitablanca.ma\/wp-content\/uploads\/2025\/05\/1-8.jpg","width":680,"height":680},{"@type":"BreadcrumbList","@id":"https:\/\/vitablanca.ma\/produit\/lake-avenue-nutrition-collagene-hydrolyse-1000-mg-60-comprimes-types-1-et-3\/#breadcrumb","itemListElement":[{"@type":"ListItem","position":1,"name":"Home","item":"https:\/\/vitablanca.ma\/"},{"@type":"ListItem","position":2,"name":"Tous Les Produits","item":"https:\/\/vitablanca.ma\/tous-les-produits\/"},{"@type":"ListItem","position":3,"name":"Lake Avenue Nutrition Collag\u00e8ne hydrolys\u00e9 1000 mg 60 comprim\u00e9s Types 1 et 3"}]},{"@type":"WebSite","@id":"https:\/\/vitablanca.ma\/#website","url":"https:\/\/vitablanca.ma\/","name":"VitaBlanca.ma | \u0627\u0644\u0645\u0643\u0645\u0644\u0627\u062a \u0627\u0644\u063a\u0630\u0627\u0626\u064a\u0629\u060c \u0627\u0644\u0635\u062d\u0629 \u0648\u0627\u0644\u062c\u0645\u0627\u0644 \u0641\u064a \u0627\u0644\u0645\u063a\u0631\u0628","description":"\u0646\u0628\u064a\u0639 \u0641\u064a\u062a\u0627\u0645\u064a\u0646\u0627\u062a \u0648\u0645\u0643\u0645\u0644\u0627\u062a \u063a\u0630\u0627\u0626\u064a\u0629 \u0641\u0627\u062e\u0631\u0629 \u0645\u0646 \u0627\u0644\u0648\u0644\u0627\u064a\u0627\u062a \u0627\u0644\u0645\u062a\u062d\u062f\u0629 \u0627\u0644\u0623\u0645\u0631\u064a\u0643\u064a\u0629 \u0648\u0643\u0646\u062f\u0627 \u0648\u0646\u064a\u0648\u0632\u064a\u0644\u0646\u062f\u0627 \u0648\u0627\u0644\u0645\u063a\u0631\u0628 (\u0646\u0627\u0648 \u0641\u0648\u062f\u0632\u060c \u0633\u0648\u0644\u062c\u0627\u0631\u060c \u0645\u0627\u0646\u0648\u0643\u0627). \u062a\u0648\u0635\u064a\u0644 \u0633\u0631\u064a\u0639 \u0625\u0644\u0649 \u062c\u0645\u064a\u0639 \u0623\u0646\u062d\u0627\u0621 \u0627\u0644\u0645\u063a\u0631\u0628.","publisher":{"@id":"https:\/\/vitablanca.ma\/#organization"},"alternateName":"VitaBlanca.ma","potentialAction":[{"@type":"SearchAction","target":{"@type":"EntryPoint","urlTemplate":"https:\/\/vitablanca.ma\/?s={search_term_string}"},"query-input":{"@type":"PropertyValueSpecification","valueRequired":true,"valueName":"search_term_string"}}],"inLanguage":"ar"},{"@type":"Organization","@id":"https:\/\/vitablanca.ma\/#organization","name":"\u0641\u064a\u062a\u0627\u0628\u0644\u0627\u0646\u0643\u0627","url":"https:\/\/vitablanca.ma\/","logo":{"@type":"ImageObject","inLanguage":"ar","@id":"https:\/\/vitablanca.ma\/#\/schema\/logo\/image\/","url":"https:\/\/vitablanca.ma\/wp-content\/uploads\/2025\/05\/cropped-vitablanca.png","contentUrl":"https:\/\/vitablanca.ma\/wp-content\/uploads\/2025\/05\/cropped-vitablanca.png","width":360,"height":67,"caption":"VitaBlanca"},"image":{"@id":"https:\/\/vitablanca.ma\/#\/schema\/logo\/image\/"},"sameAs":["https:\/\/www.facebook.com\/profile.php?id=61576678196717","https:\/\/www.tiktok.com\/@vitablanca.ma","https:\/\/www.instagram.com\/vitablanca.ma\/"]}]}},"jetpack_sharing_enabled":true,"_links":{"self":[{"href":"https:\/\/vitablanca.ma\/ar\/wp-json\/wp\/v2\/product\/8511","targetHints":{"allow":["GET"]}}],"collection":[{"href":"https:\/\/vitablanca.ma\/ar\/wp-json\/wp\/v2\/product"}],"about":[{"href":"https:\/\/vitablanca.ma\/ar\/wp-json\/wp\/v2\/types\/product"}],"wp:featuredmedia":[{"embeddable":true,"href":"https:\/\/vitablanca.ma\/ar\/wp-json\/wp\/v2\/media\/8512"}],"wp:attachment":[{"href":"https:\/\/vitablanca.ma\/ar\/wp-json\/wp\/v2\/media?parent=8511"}],"wp:term":[{"taxonomy":"product_brand","embeddable":true,"href":"https:\/\/vitablanca.ma\/ar\/wp-json\/wp\/v2\/product_brand?post=8511"},{"taxonomy":"product_cat","embeddable":true,"href":"https:\/\/vitablanca.ma\/ar\/wp-json\/wp\/v2\/product_cat?post=8511"},{"taxonomy":"product_tag","embeddable":true,"href":"https:\/\/vitablanca.ma\/ar\/wp-json\/wp\/v2\/product_tag?post=8511"}],"curies":[{"name":"wp","href":"https:\/\/api.w.org\/{rel}","templated":true}]}}