{"id":8458,"date":"2025-05-22T23:38:54","date_gmt":"2025-05-22T23:38:54","guid":{"rendered":"https:\/\/vitablanca.ma\/product\/centella-probio-cica-bakuchiol-eye-cream-20-ml\/"},"modified":"2026-01-06T14:03:48","modified_gmt":"2026-01-06T14:03:48","slug":"centella-probio-cica-bakuchiol-eye-cream-20-ml","status":"publish","type":"product","link":"https:\/\/vitablanca.ma\/ar\/product-2\/centella-probio-cica-bakuchiol-eye-cream-20-ml\/","title":{"rendered":"Centella Probio-cica Bakuchiol Eye Cream &#8211; 20 ml"},"content":{"rendered":"<p>SKIN1004 Madagascar Centella Probio-Cica Bakuchiol Eye Cream est une cr\u00e8me contour des yeux anti-\u00e2ge puissante, formul\u00e9e pour raffermir et lisser la peau d\u00e9licate autour des yeux. Enrichie en bakuchiol et en Centella asiatica ferment\u00e9e de Madagascar, cette cr\u00e8me cible les rides, les ridules et les cernes pour redonner \u00e0 votre regard une apparence plus jeune et \u00e9clatante.<\/p>\n<h3>Avantages cl\u00e9s<\/h3>\n<ul>\n<li>\n<strong>Effet anti-\u00e2ge<\/strong> : Le bakuchiol, un ingr\u00e9dient naturel similaire au r\u00e9tinol, aide \u00e0 r\u00e9duire les rides et les ridules sans irriter la peau d\u00e9licate du contour des yeux.<\/li>\n<li>\n<strong>Hydratation intense<\/strong> : Enrichie en acide hyaluronique, cette cr\u00e8me hydrate profond\u00e9ment la peau, la gardant douce et souple.<\/li>\n<li>\n<strong>R\u00e9duction des cernes et raffermissement<\/strong> : Gr\u00e2ce au c\u00e9ramide NP, au panth\u00e9nol et \u00e0 la niacinamide, cette cr\u00e8me att\u00e9nue les cernes, raffermit la peau et am\u00e9liore son \u00e9lasticit\u00e9.<\/li>\n<\/ul>","protected":false},"excerpt":{"rendered":"<p>SKIN1004 Madagascar Centella Probio-Cica Bakuchiol Eye Cream est une cr\u00e8me contour des yeux anti-\u00e2ge puissante, formul\u00e9e pour raffermir et lisser la peau d\u00e9licate autour des yeux. Enrichie en bakuchiol et en Centella asiatica ferment\u00e9e de Madagascar, cette cr\u00e8me cible les rides, les ridules et les cernes pour redonner \u00e0 votre regard une apparence plus jeune [&hellip;]<\/p>\n","protected":false},"featured_media":8453,"template":"","meta":{"om_disable_all_campaigns":false},"product_brand":[],"product_cat":[18,1117],"product_tag":[],"class_list":{"0":"post-8458","1":"product","2":"type-product","3":"status-publish","4":"has-post-thumbnail","6":"product_cat-beaute-sante","7":"product_cat-korean-skin-care","9":"first","10":"instock","11":"taxable","12":"shipping-taxable","13":"purchasable","14":"product-type-simple"},"yoast_head":"<!-- This site is optimized with the Yoast SEO plugin v27.4 - https:\/\/yoast.com\/product\/yoast-seo-wordpress\/ -->\n<title>Centella Probio-cica Bakuchiol Eye Cream - 20 ml - Maroc Prix<\/title>\n<meta name=\"description\" content=\"la Cr\u00e8me contour des yeux Centella Probio-cica Bakuchiol de 20 ml pour un regard jeune et \u00e9clatant. Hydratation, raffermissement et r\u00e9duction des cernes garantis au Maroc.\" \/>\n<meta name=\"robots\" content=\"index, follow, max-snippet:-1, max-image-preview:large, max-video-preview:-1\" \/>\n<link rel=\"canonical\" href=\"https:\/\/vitablanca.ma\/ar\/product-2\/centella-probio-cica-bakuchiol-eye-cream-20-ml\/\" \/>\n<meta property=\"og:locale\" content=\"ar_AR\" \/>\n<meta property=\"og:type\" content=\"article\" \/>\n<meta property=\"og:title\" content=\"Centella Probio-cica Bakuchiol Eye Cream - 20 ml - Maroc Prix\" \/>\n<meta property=\"og:description\" content=\"la Cr\u00e8me contour des yeux Centella Probio-cica Bakuchiol de 20 ml pour un regard jeune et \u00e9clatant. Hydratation, raffermissement et r\u00e9duction des cernes garantis au Maroc.\" \/>\n<meta property=\"og:url\" content=\"https:\/\/vitablanca.ma\/ar\/product-2\/centella-probio-cica-bakuchiol-eye-cream-20-ml\/\" \/>\n<meta property=\"og:site_name\" content=\"Vitablanca.ma &ndash; Sant&eacute;, vitalit&eacute; et bien-&ecirc;tre pour tous les Marocains\" \/>\n<meta property=\"article:publisher\" content=\"https:\/\/www.facebook.com\/profile.php?id=61576678196717\" \/>\n<meta property=\"article:modified_time\" content=\"2026-01-06T14:03:48+00:00\" \/>\n<meta property=\"og:image\" content=\"https:\/\/vitablanca.ma\/wp-content\/uploads\/2025\/05\/17.jpg\" \/>\n\t<meta property=\"og:image:width\" content=\"600\" \/>\n\t<meta property=\"og:image:height\" content=\"600\" \/>\n\t<meta property=\"og:image:type\" content=\"image\/jpeg\" \/>\n<meta name=\"twitter:card\" content=\"summary_large_image\" \/>\n<meta name=\"twitter:label1\" content=\"\u0648\u0642\u062a \u0627\u0644\u0642\u0631\u0627\u0621\u0629 \u0627\u0644\u0645\u064f\u0642\u062f\u0651\u0631\" \/>\n\t<meta name=\"twitter:data1\" content=\"\u062f\u0642\u064a\u0642\u0629 \u0648\u0627\u062d\u062f\u0629\" \/>\n<script type=\"application\/ld+json\" class=\"yoast-schema-graph\">{\"@context\":\"https:\\\/\\\/schema.org\",\"@graph\":[{\"@type\":[\"WebPage\",\"ItemPage\"],\"@id\":\"https:\\\/\\\/vitablanca.ma\\\/produit\\\/centella-probio-cica-bakuchiol-eye-cream-20-ml\\\/\",\"url\":\"https:\\\/\\\/vitablanca.ma\\\/produit\\\/centella-probio-cica-bakuchiol-eye-cream-20-ml\\\/\",\"name\":\"Centella Probio-cica Bakuchiol Eye Cream - 20 ml - Maroc Prix\",\"isPartOf\":{\"@id\":\"https:\\\/\\\/vitablanca.ma\\\/#website\"},\"primaryImageOfPage\":{\"@id\":\"https:\\\/\\\/vitablanca.ma\\\/produit\\\/centella-probio-cica-bakuchiol-eye-cream-20-ml\\\/#primaryimage\"},\"image\":{\"@id\":\"https:\\\/\\\/vitablanca.ma\\\/produit\\\/centella-probio-cica-bakuchiol-eye-cream-20-ml\\\/#primaryimage\"},\"thumbnailUrl\":\"https:\\\/\\\/vitablanca.ma\\\/wp-content\\\/uploads\\\/2025\\\/05\\\/17.jpg\",\"datePublished\":\"2025-05-22T23:38:54+00:00\",\"dateModified\":\"2026-01-06T14:03:48+00:00\",\"description\":\"la Cr\u00e8me contour des yeux Centella Probio-cica Bakuchiol de 20 ml pour un regard jeune et \u00e9clatant. Hydratation, raffermissement et r\u00e9duction des cernes garantis au Maroc.\",\"breadcrumb\":{\"@id\":\"https:\\\/\\\/vitablanca.ma\\\/produit\\\/centella-probio-cica-bakuchiol-eye-cream-20-ml\\\/#breadcrumb\"},\"inLanguage\":\"ar\",\"potentialAction\":[{\"@type\":\"ReadAction\",\"target\":[\"https:\\\/\\\/vitablanca.ma\\\/produit\\\/centella-probio-cica-bakuchiol-eye-cream-20-ml\\\/\"]}]},{\"@type\":\"ImageObject\",\"inLanguage\":\"ar\",\"@id\":\"https:\\\/\\\/vitablanca.ma\\\/produit\\\/centella-probio-cica-bakuchiol-eye-cream-20-ml\\\/#primaryimage\",\"url\":\"https:\\\/\\\/vitablanca.ma\\\/wp-content\\\/uploads\\\/2025\\\/05\\\/17.jpg\",\"contentUrl\":\"https:\\\/\\\/vitablanca.ma\\\/wp-content\\\/uploads\\\/2025\\\/05\\\/17.jpg\",\"width\":600,\"height\":600},{\"@type\":\"BreadcrumbList\",\"@id\":\"https:\\\/\\\/vitablanca.ma\\\/produit\\\/centella-probio-cica-bakuchiol-eye-cream-20-ml\\\/#breadcrumb\",\"itemListElement\":[{\"@type\":\"ListItem\",\"position\":1,\"name\":\"Home\",\"item\":\"https:\\\/\\\/vitablanca.ma\\\/\"},{\"@type\":\"ListItem\",\"position\":2,\"name\":\"Tous Les Produits\",\"item\":\"https:\\\/\\\/vitablanca.ma\\\/tous-les-produits\\\/\"},{\"@type\":\"ListItem\",\"position\":3,\"name\":\"Centella Probio-cica Bakuchiol Eye Cream &#8211; 20 ml\"}]},{\"@type\":\"WebSite\",\"@id\":\"https:\\\/\\\/vitablanca.ma\\\/#website\",\"url\":\"https:\\\/\\\/vitablanca.ma\\\/\",\"name\":\"VitaBlanca.ma | Compl\u00e9ments alimentaires, sant\u00e9 & beaut\u00e9 au Maroc\",\"description\":\"vendre vitamines et compl\u00e9ments premium des USA &amp; Canada, Nouvelle Z\u00e9lande,Maroc (NOW Foods, Solgar, Manuka). Livraison rapide partout au Maroc.\",\"publisher\":{\"@id\":\"https:\\\/\\\/vitablanca.ma\\\/#organization\"},\"alternateName\":\"VitaBlanca.ma\",\"potentialAction\":[{\"@type\":\"SearchAction\",\"target\":{\"@type\":\"EntryPoint\",\"urlTemplate\":\"https:\\\/\\\/vitablanca.ma\\\/?s={search_term_string}\"},\"query-input\":{\"@type\":\"PropertyValueSpecification\",\"valueRequired\":true,\"valueName\":\"search_term_string\"}}],\"inLanguage\":\"ar\"},{\"@type\":\"Organization\",\"@id\":\"https:\\\/\\\/vitablanca.ma\\\/#organization\",\"name\":\"VitaBlanca\",\"url\":\"https:\\\/\\\/vitablanca.ma\\\/\",\"logo\":{\"@type\":\"ImageObject\",\"inLanguage\":\"ar\",\"@id\":\"https:\\\/\\\/vitablanca.ma\\\/#\\\/schema\\\/logo\\\/image\\\/\",\"url\":\"https:\\\/\\\/vitablanca.ma\\\/wp-content\\\/uploads\\\/2025\\\/05\\\/cropped-vitablanca.png\",\"contentUrl\":\"https:\\\/\\\/vitablanca.ma\\\/wp-content\\\/uploads\\\/2025\\\/05\\\/cropped-vitablanca.png\",\"width\":360,\"height\":67,\"caption\":\"VitaBlanca\"},\"image\":{\"@id\":\"https:\\\/\\\/vitablanca.ma\\\/#\\\/schema\\\/logo\\\/image\\\/\"},\"sameAs\":[\"https:\\\/\\\/www.facebook.com\\\/profile.php?id=61576678196717\",\"https:\\\/\\\/www.tiktok.com\\\/@vitablanca.ma\",\"https:\\\/\\\/www.instagram.com\\\/vitablanca.ma\\\/\"]}]}<\/script>\n<!-- \/ Yoast SEO plugin. -->","yoast_head_json":{"title":"Centella Probio-cica Bakuchiol Eye Cream - 20 ml - Maroc Prix","description":"la Cr\u00e8me contour des yeux Centella Probio-cica Bakuchiol de 20 ml pour un regard jeune et \u00e9clatant. Hydratation, raffermissement et r\u00e9duction des cernes garantis au Maroc.","robots":{"index":"index","follow":"follow","max-snippet":"max-snippet:-1","max-image-preview":"max-image-preview:large","max-video-preview":"max-video-preview:-1"},"canonical":"https:\/\/vitablanca.ma\/ar\/product-2\/centella-probio-cica-bakuchiol-eye-cream-20-ml\/","og_locale":"ar_AR","og_type":"article","og_title":"Centella Probio-cica Bakuchiol Eye Cream - 20 ml - Maroc Prix","og_description":"la Cr\u00e8me contour des yeux Centella Probio-cica Bakuchiol de 20 ml pour un regard jeune et \u00e9clatant. Hydratation, raffermissement et r\u00e9duction des cernes garantis au Maroc.","og_url":"https:\/\/vitablanca.ma\/ar\/product-2\/centella-probio-cica-bakuchiol-eye-cream-20-ml\/","og_site_name":"Vitablanca.ma &ndash; Sant&eacute;, vitalit&eacute; et bien-&ecirc;tre pour tous les Marocains","article_publisher":"https:\/\/www.facebook.com\/profile.php?id=61576678196717","article_modified_time":"2026-01-06T14:03:48+00:00","og_image":[{"width":600,"height":600,"url":"https:\/\/vitablanca.ma\/wp-content\/uploads\/2025\/05\/17.jpg","type":"image\/jpeg"}],"twitter_card":"summary_large_image","twitter_misc":{"\u0648\u0642\u062a \u0627\u0644\u0642\u0631\u0627\u0621\u0629 \u0627\u0644\u0645\u064f\u0642\u062f\u0651\u0631":"\u062f\u0642\u064a\u0642\u0629 \u0648\u0627\u062d\u062f\u0629"},"schema":{"@context":"https:\/\/schema.org","@graph":[{"@type":["WebPage","ItemPage"],"@id":"https:\/\/vitablanca.ma\/produit\/centella-probio-cica-bakuchiol-eye-cream-20-ml\/","url":"https:\/\/vitablanca.ma\/produit\/centella-probio-cica-bakuchiol-eye-cream-20-ml\/","name":"Centella Probio-cica Bakuchiol Eye Cream - 20 ml - Maroc Prix","isPartOf":{"@id":"https:\/\/vitablanca.ma\/#website"},"primaryImageOfPage":{"@id":"https:\/\/vitablanca.ma\/produit\/centella-probio-cica-bakuchiol-eye-cream-20-ml\/#primaryimage"},"image":{"@id":"https:\/\/vitablanca.ma\/produit\/centella-probio-cica-bakuchiol-eye-cream-20-ml\/#primaryimage"},"thumbnailUrl":"https:\/\/vitablanca.ma\/wp-content\/uploads\/2025\/05\/17.jpg","datePublished":"2025-05-22T23:38:54+00:00","dateModified":"2026-01-06T14:03:48+00:00","description":"la Cr\u00e8me contour des yeux Centella Probio-cica Bakuchiol de 20 ml pour un regard jeune et \u00e9clatant. Hydratation, raffermissement et r\u00e9duction des cernes garantis au Maroc.","breadcrumb":{"@id":"https:\/\/vitablanca.ma\/produit\/centella-probio-cica-bakuchiol-eye-cream-20-ml\/#breadcrumb"},"inLanguage":"ar","potentialAction":[{"@type":"ReadAction","target":["https:\/\/vitablanca.ma\/produit\/centella-probio-cica-bakuchiol-eye-cream-20-ml\/"]}]},{"@type":"ImageObject","inLanguage":"ar","@id":"https:\/\/vitablanca.ma\/produit\/centella-probio-cica-bakuchiol-eye-cream-20-ml\/#primaryimage","url":"https:\/\/vitablanca.ma\/wp-content\/uploads\/2025\/05\/17.jpg","contentUrl":"https:\/\/vitablanca.ma\/wp-content\/uploads\/2025\/05\/17.jpg","width":600,"height":600},{"@type":"BreadcrumbList","@id":"https:\/\/vitablanca.ma\/produit\/centella-probio-cica-bakuchiol-eye-cream-20-ml\/#breadcrumb","itemListElement":[{"@type":"ListItem","position":1,"name":"Home","item":"https:\/\/vitablanca.ma\/"},{"@type":"ListItem","position":2,"name":"Tous Les Produits","item":"https:\/\/vitablanca.ma\/tous-les-produits\/"},{"@type":"ListItem","position":3,"name":"Centella Probio-cica Bakuchiol Eye Cream &#8211; 20 ml"}]},{"@type":"WebSite","@id":"https:\/\/vitablanca.ma\/#website","url":"https:\/\/vitablanca.ma\/","name":"VitaBlanca.ma | \u0627\u0644\u0645\u0643\u0645\u0644\u0627\u062a \u0627\u0644\u063a\u0630\u0627\u0626\u064a\u0629\u060c \u0627\u0644\u0635\u062d\u0629 \u0648\u0627\u0644\u062c\u0645\u0627\u0644 \u0641\u064a \u0627\u0644\u0645\u063a\u0631\u0628","description":"\u0646\u0628\u064a\u0639 \u0641\u064a\u062a\u0627\u0645\u064a\u0646\u0627\u062a \u0648\u0645\u0643\u0645\u0644\u0627\u062a \u063a\u0630\u0627\u0626\u064a\u0629 \u0641\u0627\u062e\u0631\u0629 \u0645\u0646 \u0627\u0644\u0648\u0644\u0627\u064a\u0627\u062a \u0627\u0644\u0645\u062a\u062d\u062f\u0629 \u0627\u0644\u0623\u0645\u0631\u064a\u0643\u064a\u0629 \u0648\u0643\u0646\u062f\u0627 \u0648\u0646\u064a\u0648\u0632\u064a\u0644\u0646\u062f\u0627 \u0648\u0627\u0644\u0645\u063a\u0631\u0628 (\u0646\u0627\u0648 \u0641\u0648\u062f\u0632\u060c \u0633\u0648\u0644\u062c\u0627\u0631\u060c \u0645\u0627\u0646\u0648\u0643\u0627). \u062a\u0648\u0635\u064a\u0644 \u0633\u0631\u064a\u0639 \u0625\u0644\u0649 \u062c\u0645\u064a\u0639 \u0623\u0646\u062d\u0627\u0621 \u0627\u0644\u0645\u063a\u0631\u0628.","publisher":{"@id":"https:\/\/vitablanca.ma\/#organization"},"alternateName":"VitaBlanca.ma","potentialAction":[{"@type":"SearchAction","target":{"@type":"EntryPoint","urlTemplate":"https:\/\/vitablanca.ma\/?s={search_term_string}"},"query-input":{"@type":"PropertyValueSpecification","valueRequired":true,"valueName":"search_term_string"}}],"inLanguage":"ar"},{"@type":"Organization","@id":"https:\/\/vitablanca.ma\/#organization","name":"\u0641\u064a\u062a\u0627\u0628\u0644\u0627\u0646\u0643\u0627","url":"https:\/\/vitablanca.ma\/","logo":{"@type":"ImageObject","inLanguage":"ar","@id":"https:\/\/vitablanca.ma\/#\/schema\/logo\/image\/","url":"https:\/\/vitablanca.ma\/wp-content\/uploads\/2025\/05\/cropped-vitablanca.png","contentUrl":"https:\/\/vitablanca.ma\/wp-content\/uploads\/2025\/05\/cropped-vitablanca.png","width":360,"height":67,"caption":"VitaBlanca"},"image":{"@id":"https:\/\/vitablanca.ma\/#\/schema\/logo\/image\/"},"sameAs":["https:\/\/www.facebook.com\/profile.php?id=61576678196717","https:\/\/www.tiktok.com\/@vitablanca.ma","https:\/\/www.instagram.com\/vitablanca.ma\/"]}]}},"jetpack_sharing_enabled":true,"_links":{"self":[{"href":"https:\/\/vitablanca.ma\/ar\/wp-json\/wp\/v2\/product\/8458","targetHints":{"allow":["GET"]}}],"collection":[{"href":"https:\/\/vitablanca.ma\/ar\/wp-json\/wp\/v2\/product"}],"about":[{"href":"https:\/\/vitablanca.ma\/ar\/wp-json\/wp\/v2\/types\/product"}],"wp:featuredmedia":[{"embeddable":true,"href":"https:\/\/vitablanca.ma\/ar\/wp-json\/wp\/v2\/media\/8453"}],"wp:attachment":[{"href":"https:\/\/vitablanca.ma\/ar\/wp-json\/wp\/v2\/media?parent=8458"}],"wp:term":[{"taxonomy":"product_brand","embeddable":true,"href":"https:\/\/vitablanca.ma\/ar\/wp-json\/wp\/v2\/product_brand?post=8458"},{"taxonomy":"product_cat","embeddable":true,"href":"https:\/\/vitablanca.ma\/ar\/wp-json\/wp\/v2\/product_cat?post=8458"},{"taxonomy":"product_tag","embeddable":true,"href":"https:\/\/vitablanca.ma\/ar\/wp-json\/wp\/v2\/product_tag?post=8458"}],"curies":[{"name":"wp","href":"https:\/\/api.w.org\/{rel}","templated":true}]}}