{"id":8410,"date":"2025-05-22T23:37:22","date_gmt":"2025-05-22T23:37:22","guid":{"rendered":"https:\/\/vitablanca.ma\/product\/anua-rice-70-glow-collagen-mask\/"},"modified":"2026-01-06T14:03:49","modified_gmt":"2026-01-06T14:03:49","slug":"anua-rice-70-glow-collagen-mask","status":"publish","type":"product","link":"https:\/\/vitablanca.ma\/ar\/product-2\/anua-rice-70-glow-collagen-mask\/","title":{"rendered":"\u0642\u0646\u0627\u0639 \u0627\u0644\u0643\u0648\u0644\u0627\u062c\u064a\u0646 \u0627\u0644\u0645\u062a\u0648\u0647\u062c \u0645\u0646 ANUA Rice 70"},"content":{"rendered":"<p data-start=\"41\" data-end=\"389\" class=\"\"><strong data-start=\"41\" data-end=\"59\">\u0645\u0642\u062f\u0645\u0629 :<\/strong><br data-start=\"59\" data-end=\"62\">\u0627\u0643\u062a\u0634\u0641 <strong data-start=\"75\" data-end=\"112\">\u0642\u0646\u0627\u0639 \u0627\u0644\u0643\u0648\u0644\u0627\u062c\u064a\u0646 \u0627\u0644\u0645\u062a\u0648\u0647\u062c \u0645\u0646 ANUA Rice 70<\/strong>\u0645\u062d\u0644\u0648\u0644 \u0645\u063a\u0630\u064d\u0651 \u063a\u0646\u064a \u0628\u0645\u0633\u062a\u062e\u0644\u0635 \u0627\u0644\u0623\u0631\u0632 70 % \u0644\u0628\u0634\u0631\u0629 \u0645\u0634\u0631\u0642\u0629 \u0648\u0645\u0645\u062a\u0644\u0626\u0629. \u0628\u0641\u0636\u0644 \u062a\u0631\u0643\u064a\u0628\u062a\u0647 \u0627\u0644\u063a\u0646\u064a\u0629 \u0628\u0627\u0644\u0643\u0648\u0644\u0627\u062c\u064a\u0646 \u0648\u0627\u0644\u0645\u0643\u0648\u0646\u0627\u062a \u0627\u0644\u0645\u0631\u0637\u0628\u0629\u060c \u064a\u064f\u062d\u0633\u0651\u0646 \u0647\u0630\u0627 \u0627\u0644\u0642\u0646\u0627\u0639 \u0645\u0631\u0648\u0646\u0629 \u0627\u0644\u0628\u0634\u0631\u0629\u060c \u0648\u064a\u062c\u0639\u0644\u0647\u0627 \u0623\u0643\u062b\u0631 \u0625\u0634\u0631\u0627\u0642\u064b\u0627\u060c \u0648\u064a\u064f\u0639\u0632\u0632 \u062d\u0627\u062c\u0632\u0647\u0627 \u0627\u0644\u0648\u0627\u0642\u064a.<\/p>\n<p data-start=\"391\" data-end=\"419\" class=\"\"><strong data-start=\"391\" data-end=\"417\">\u0641\u0648\u0627\u0626\u062f \u0627\u0644\u0645\u0646\u062a\u062c:<\/strong><\/p>\n<ul data-start=\"420\" data-end=\"782\">\n<li data-start=\"420\" data-end=\"503\" class=\"\">\n<p data-start=\"422\" data-end=\"503\" class=\"\">\u064a\u062a\u0636\u0645\u0646 <strong data-start=\"431\" data-end=\"456\">\u0645\u0633\u062a\u062e\u0644\u0635 \u0627\u0644\u0623\u0631\u0632 70 %<\/strong>\u063a\u0646\u064a \u0628\u0627\u0644\u0639\u0646\u0627\u0635\u0631 \u0627\u0644\u063a\u0630\u0627\u0626\u064a\u0629 \u0644\u0644\u062d\u0635\u0648\u0644 \u0639\u0644\u0649 \u0628\u0634\u0631\u0629 \u0645\u0634\u0631\u0642\u0629<\/p>\n<\/li>\n<li data-start=\"504\" data-end=\"569\" class=\"\">\n<p data-start=\"506\" data-end=\"569\" class=\"\">\u0645\u064f\u062e\u0635\u0628 \u0628\u0640 <strong data-start=\"517\" data-end=\"530\">\u0627\u0644\u0643\u0648\u0644\u0627\u062c\u064a\u0646<\/strong> \u0644\u0628\u0634\u0631\u0629 \u0623\u0643\u062b\u0631 \u062a\u0645\u0627\u0633\u0643\u0627 \u0648\u0627\u0645\u062a\u0644\u0627\u0621\u064b<\/p>\n<\/li>\n<li data-start=\"570\" data-end=\"634\" class=\"\">\n<p data-start=\"572\" data-end=\"634\" class=\"\">\u064a\u0631\u0637\u0628 \u0627\u0644\u0628\u0634\u0631\u0629 \u0628\u0634\u0643\u0644 \u0645\u0643\u062b\u0641 \u0645\u0639 \u062a\u062d\u0633\u064a\u0646 \u0645\u0644\u0645\u0633\u0647\u0627<\/p>\n<\/li>\n<li data-start=\"635\" data-end=\"705\" class=\"\">\n<p data-start=\"637\" data-end=\"705\" class=\"\">\u064a\u0633\u0627\u0639\u062f \u0639\u0644\u0649 \u062a\u0642\u0648\u064a\u0629 \u062d\u0627\u062c\u0632 \u0627\u0644\u062c\u0644\u062f \u0644\u0644\u062d\u0635\u0648\u0644 \u0639\u0644\u0649 \u0628\u0634\u0631\u0629 \u0623\u0643\u062b\u0631 \u0645\u0631\u0648\u0646\u0629<\/p>\n<\/li>\n<li data-start=\"706\" data-end=\"782\" class=\"\">\n<p data-start=\"708\" data-end=\"782\" class=\"\">\u0642\u0648\u0627\u0645 \u0643\u0631\u064a\u0645\u064a \u0648\u0645\u0647\u062f\u0626\u060c \u0645\u062b\u0627\u0644\u064a \u0644\u0644\u0628\u0634\u0631\u0629 \u0627\u0644\u0628\u0627\u0647\u062a\u0629 \u0648\u0627\u0644\u0645\u062a\u0639\u0628\u0629<\/p>\n<\/li>\n<\/ul>\n<p data-start=\"784\" data-end=\"810\" class=\"\"><strong data-start=\"784\" data-end=\"808\">\u062a\u0641\u0627\u0635\u064a\u0644 \u0627\u0644\u0645\u0646\u062a\u062c:<\/strong><\/p>\n<ul data-start=\"811\" data-end=\"922\">\n<li data-start=\"811\" data-end=\"832\" class=\"\">\n<p data-start=\"813\" data-end=\"832\" class=\"\"><strong data-start=\"813\" data-end=\"825\">\u0645\u0627\u0631\u0643\u0629 :<\/strong> \u0623\u0646\u0648\u0627<\/p>\n<\/li>\n<li data-start=\"833\" data-end=\"865\" class=\"\">\n<p data-start=\"835\" data-end=\"865\" class=\"\"><strong data-start=\"835\" data-end=\"856\">\u0646\u0648\u0639 \u0627\u0644\u0645\u0646\u062a\u062c:<\/strong> \u0642\u0646\u0627\u0639<\/p>\n<\/li>\n<li data-start=\"866\" data-end=\"896\" class=\"\">\n<p data-start=\"868\" data-end=\"896\" class=\"\"><strong data-start=\"868\" data-end=\"879\">\u064a\u062a\u0631\u0627\u0648\u062d :<\/strong> \u0627\u0644\u0648\u062c\u0647<\/p>\n<\/li>\n<li data-start=\"897\" data-end=\"922\" class=\"\">\n<p data-start=\"899\" data-end=\"922\" class=\"\"><strong data-start=\"899\" data-end=\"912\">\u0645\u062d\u062a\u0648\u0649 :<\/strong> \u0648\u062d\u062f\u0629 \u0648\u0627\u062d\u062f\u0629<\/p>\n<\/li>\n<\/ul>\n<p data-start=\"924\" data-end=\"945\" class=\"\"><strong data-start=\"924\" data-end=\"943\">\u0637\u0631\u064a\u0642\u0629 \u0627\u0644\u0627\u0633\u062a\u062e\u062f\u0627\u0645:<\/strong><\/p>\n<ol data-start=\"946\" data-end=\"1210\" data-is-last-node=\"\" data-is-only-node=\"\">\n<li data-start=\"946\" data-end=\"1013\" class=\"\">\n<p data-start=\"949\" data-end=\"1013\" class=\"\">\u0636\u0639\u064a \u0643\u0645\u064a\u0629 \u0648\u0641\u064a\u0631\u0629 \u0639\u0644\u0649 \u0627\u0644\u0628\u0634\u0631\u0629 \u0627\u0644\u0646\u0638\u064a\u0641\u0629 \u0648\u0627\u0644\u062c\u0627\u0641\u0629.<\/p>\n<\/li>\n<li data-start=\"1014\" data-end=\"1061\" class=\"\">\n<p data-start=\"1017\" data-end=\"1061\" class=\"\">\u0627\u062a\u0631\u0643\u0647\u0627 \u0644\u062a\u0642\u0641 \u0644\u0645\u062f\u0629 <strong data-start=\"1039\" data-end=\"1058\">\u0645\u0646 10 \u0625\u0644\u0649 15 \u062f\u0642\u064a\u0642\u0629<\/strong>.<\/p>\n<\/li>\n<li data-start=\"1062\" data-end=\"1138\" class=\"\">\n<p data-start=\"1065\" data-end=\"1138\" class=\"\">\u0627\u0634\u0637\u0641\u064a\u0647 \u0628\u0627\u0644\u0645\u0627\u0621 \u0627\u0644\u0641\u0627\u062a\u0631 \u0648\u0627\u0633\u062a\u0645\u0631\u064a \u0641\u064a \u0631\u0648\u062a\u064a\u0646 \u0627\u0644\u0639\u0646\u0627\u064a\u0629 \u0628\u0627\u0644\u0628\u0634\u0631\u0629 \u0627\u0644\u0645\u0639\u062a\u0627\u062f.<\/p>\n<\/li>\n<li data-start=\"1139\" data-end=\"1210\" class=\"\">\n<p data-start=\"1142\" data-end=\"1210\" class=\"\">\u0644\u0644\u0625\u0633\u062a\u062e\u062f\u0627\u0645 <strong data-start=\"1153\" data-end=\"1179\">\u0645\u0646 \u0645\u0631\u062a\u064a\u0646 \u0625\u0644\u0649 \u062b\u0644\u0627\u062b \u0645\u0631\u0627\u062a \u0641\u064a \u0627\u0644\u0623\u0633\u0628\u0648\u0639<\/strong> \u0644\u0644\u062d\u0635\u0648\u0644 \u0639\u0644\u0649 \u0623\u0641\u0636\u0644 \u0627\u0644\u0646\u062a\u0627\u0626\u062c.<\/p>\n<\/li>\n<\/ol>","protected":false},"excerpt":{"rendered":"<p>Introduction :D\u00e9couvrez le masque ANUA Rice 70 Glow Collagen, une solution nourrissante enrichie \u00e0 70 % en extrait de riz pour une peau \u00e9clatante et repulp\u00e9e. Gr\u00e2ce \u00e0 sa formule infus\u00e9e de collag\u00e8ne et d\u2019ingr\u00e9dients hydratants, ce masque am\u00e9liore l\u2019\u00e9lasticit\u00e9 de la peau, la rend plus lumineuse et aide \u00e0 renforcer la barri\u00e8re cutan\u00e9e. B\u00e9n\u00e9fices [&hellip;]<\/p>\n","protected":false},"featured_media":8404,"template":"","meta":{"om_disable_all_campaigns":false},"product_brand":[3371],"product_cat":[18,1117],"product_tag":[],"class_list":{"0":"post-8410","1":"product","2":"type-product","3":"status-publish","4":"has-post-thumbnail","6":"product_brand-produits-anua-maroc","7":"product_cat-beaute-sante","8":"product_cat-korean-skin-care","10":"first","11":"instock","12":"taxable","13":"shipping-taxable","14":"purchasable","15":"product-type-simple"},"yoast_head":"<!-- This site is optimized with the Yoast SEO plugin v27.4 - https:\/\/yoast.com\/product\/yoast-seo-wordpress\/ -->\n<title>ANUA Rice 70 Glow Collagen Mask - Maroc Prix<\/title>\n<meta name=\"description\" content=\"ANUA Rice 70 Glow Collagen Mask masque cor\u00e9en au riz et collag\u00e8ne. Illumine, raffermit &amp; hydrate intens\u00e9ment la peau. Livraison rapide au Maroc \ud83c\uddf2\ud83c\udde6.\" \/>\n<meta name=\"robots\" content=\"index, follow, max-snippet:-1, max-image-preview:large, max-video-preview:-1\" \/>\n<link rel=\"canonical\" href=\"https:\/\/vitablanca.ma\/ar\/product-2\/anua-rice-70-glow-collagen-mask\/\" \/>\n<meta property=\"og:locale\" content=\"ar_AR\" \/>\n<meta property=\"og:type\" content=\"article\" \/>\n<meta property=\"og:title\" content=\"ANUA Rice 70 Glow Collagen Mask - Maroc Prix\" \/>\n<meta property=\"og:description\" content=\"ANUA Rice 70 Glow Collagen Mask masque cor\u00e9en au riz et collag\u00e8ne. Illumine, raffermit &amp; hydrate intens\u00e9ment la peau. Livraison rapide au Maroc \ud83c\uddf2\ud83c\udde6.\" \/>\n<meta property=\"og:url\" content=\"https:\/\/vitablanca.ma\/ar\/product-2\/anua-rice-70-glow-collagen-mask\/\" \/>\n<meta property=\"og:site_name\" content=\"Vitablanca.ma &ndash; Sant&eacute;, vitalit&eacute; et bien-&ecirc;tre pour tous les Marocains\" \/>\n<meta property=\"article:publisher\" content=\"https:\/\/www.facebook.com\/profile.php?id=61576678196717\" \/>\n<meta property=\"article:modified_time\" content=\"2026-01-06T14:03:49+00:00\" \/>\n<meta property=\"og:image\" content=\"https:\/\/vitablanca.ma\/wp-content\/uploads\/2025\/05\/anua-rice-70-glow-collagen-mask-1u.jpg\" \/>\n\t<meta property=\"og:image:width\" content=\"800\" \/>\n\t<meta property=\"og:image:height\" content=\"800\" \/>\n\t<meta property=\"og:image:type\" content=\"image\/jpeg\" \/>\n<meta name=\"twitter:card\" content=\"summary_large_image\" \/>\n<meta name=\"twitter:label1\" content=\"\u0648\u0642\u062a \u0627\u0644\u0642\u0631\u0627\u0621\u0629 \u0627\u0644\u0645\u064f\u0642\u062f\u0651\u0631\" \/>\n\t<meta name=\"twitter:data1\" content=\"\u062f\u0642\u064a\u0642\u062a\u0627\u0646\" \/>\n<script type=\"application\/ld+json\" class=\"yoast-schema-graph\">{\"@context\":\"https:\\\/\\\/schema.org\",\"@graph\":[{\"@type\":[\"WebPage\",\"ItemPage\"],\"@id\":\"https:\\\/\\\/vitablanca.ma\\\/produit\\\/anua-rice-70-glow-collagen-mask\\\/\",\"url\":\"https:\\\/\\\/vitablanca.ma\\\/produit\\\/anua-rice-70-glow-collagen-mask\\\/\",\"name\":\"ANUA Rice 70 Glow Collagen Mask - Maroc Prix\",\"isPartOf\":{\"@id\":\"https:\\\/\\\/vitablanca.ma\\\/#website\"},\"primaryImageOfPage\":{\"@id\":\"https:\\\/\\\/vitablanca.ma\\\/produit\\\/anua-rice-70-glow-collagen-mask\\\/#primaryimage\"},\"image\":{\"@id\":\"https:\\\/\\\/vitablanca.ma\\\/produit\\\/anua-rice-70-glow-collagen-mask\\\/#primaryimage\"},\"thumbnailUrl\":\"https:\\\/\\\/vitablanca.ma\\\/wp-content\\\/uploads\\\/2025\\\/05\\\/anua-rice-70-glow-collagen-mask-1u.jpg\",\"datePublished\":\"2025-05-22T23:37:22+00:00\",\"dateModified\":\"2026-01-06T14:03:49+00:00\",\"description\":\"ANUA Rice 70 Glow Collagen Mask masque cor\u00e9en au riz et collag\u00e8ne. Illumine, raffermit & hydrate intens\u00e9ment la peau. Livraison rapide au Maroc \ud83c\uddf2\ud83c\udde6.\",\"breadcrumb\":{\"@id\":\"https:\\\/\\\/vitablanca.ma\\\/produit\\\/anua-rice-70-glow-collagen-mask\\\/#breadcrumb\"},\"inLanguage\":\"ar\",\"potentialAction\":[{\"@type\":\"ReadAction\",\"target\":[\"https:\\\/\\\/vitablanca.ma\\\/produit\\\/anua-rice-70-glow-collagen-mask\\\/\"]}]},{\"@type\":\"ImageObject\",\"inLanguage\":\"ar\",\"@id\":\"https:\\\/\\\/vitablanca.ma\\\/produit\\\/anua-rice-70-glow-collagen-mask\\\/#primaryimage\",\"url\":\"https:\\\/\\\/vitablanca.ma\\\/wp-content\\\/uploads\\\/2025\\\/05\\\/anua-rice-70-glow-collagen-mask-1u.jpg\",\"contentUrl\":\"https:\\\/\\\/vitablanca.ma\\\/wp-content\\\/uploads\\\/2025\\\/05\\\/anua-rice-70-glow-collagen-mask-1u.jpg\",\"width\":800,\"height\":800},{\"@type\":\"BreadcrumbList\",\"@id\":\"https:\\\/\\\/vitablanca.ma\\\/produit\\\/anua-rice-70-glow-collagen-mask\\\/#breadcrumb\",\"itemListElement\":[{\"@type\":\"ListItem\",\"position\":1,\"name\":\"Home\",\"item\":\"https:\\\/\\\/vitablanca.ma\\\/\"},{\"@type\":\"ListItem\",\"position\":2,\"name\":\"Tous Les Produits\",\"item\":\"https:\\\/\\\/vitablanca.ma\\\/tous-les-produits\\\/\"},{\"@type\":\"ListItem\",\"position\":3,\"name\":\"ANUA Rice 70 Glow Collagen Mask\"}]},{\"@type\":\"WebSite\",\"@id\":\"https:\\\/\\\/vitablanca.ma\\\/#website\",\"url\":\"https:\\\/\\\/vitablanca.ma\\\/\",\"name\":\"VitaBlanca.ma | Compl\u00e9ments alimentaires, sant\u00e9 & beaut\u00e9 au Maroc\",\"description\":\"vendre vitamines et compl\u00e9ments premium des USA &amp; Canada, Nouvelle Z\u00e9lande,Maroc (NOW Foods, Solgar, Manuka). Livraison rapide partout au Maroc.\",\"publisher\":{\"@id\":\"https:\\\/\\\/vitablanca.ma\\\/#organization\"},\"alternateName\":\"VitaBlanca.ma\",\"potentialAction\":[{\"@type\":\"SearchAction\",\"target\":{\"@type\":\"EntryPoint\",\"urlTemplate\":\"https:\\\/\\\/vitablanca.ma\\\/?s={search_term_string}\"},\"query-input\":{\"@type\":\"PropertyValueSpecification\",\"valueRequired\":true,\"valueName\":\"search_term_string\"}}],\"inLanguage\":\"ar\"},{\"@type\":\"Organization\",\"@id\":\"https:\\\/\\\/vitablanca.ma\\\/#organization\",\"name\":\"VitaBlanca\",\"url\":\"https:\\\/\\\/vitablanca.ma\\\/\",\"logo\":{\"@type\":\"ImageObject\",\"inLanguage\":\"ar\",\"@id\":\"https:\\\/\\\/vitablanca.ma\\\/#\\\/schema\\\/logo\\\/image\\\/\",\"url\":\"https:\\\/\\\/vitablanca.ma\\\/wp-content\\\/uploads\\\/2025\\\/05\\\/cropped-vitablanca.png\",\"contentUrl\":\"https:\\\/\\\/vitablanca.ma\\\/wp-content\\\/uploads\\\/2025\\\/05\\\/cropped-vitablanca.png\",\"width\":360,\"height\":67,\"caption\":\"VitaBlanca\"},\"image\":{\"@id\":\"https:\\\/\\\/vitablanca.ma\\\/#\\\/schema\\\/logo\\\/image\\\/\"},\"sameAs\":[\"https:\\\/\\\/www.facebook.com\\\/profile.php?id=61576678196717\",\"https:\\\/\\\/www.tiktok.com\\\/@vitablanca.ma\",\"https:\\\/\\\/www.instagram.com\\\/vitablanca.ma\\\/\"]}]}<\/script>\n<!-- \/ Yoast SEO plugin. -->","yoast_head_json":{"title":"\u0642\u0646\u0627\u0639 \u0627\u0644\u0643\u0648\u0644\u0627\u062c\u064a\u0646 \u0627\u0644\u0645\u062a\u0648\u0647\u062c \u0645\u0646 \u0623\u0646\u0648\u0627 \u0631\u0627\u064a\u0633 70 - \u0633\u0639\u0631 \u0627\u0644\u0645\u063a\u0631\u0628","description":"\u0642\u0646\u0627\u0639 \u0643\u0648\u0644\u0627\u062c\u064a\u0646 \u0645\u062a\u0648\u0647\u062c \u0645\u0646 \u0623\u0646\u0648\u0627 \u0631\u0627\u064a\u0633 \u0667\u0660\u060c \u0642\u0646\u0627\u0639 \u0643\u0648\u0631\u064a \u0645\u0646 \u0627\u0644\u0623\u0631\u0632 \u0648\u0627\u0644\u0643\u0648\u0644\u0627\u062c\u064a\u0646. \u064a\u064f\u0636\u0641\u064a \u0625\u0634\u0631\u0627\u0642\u0629 \u0639\u0644\u0649 \u0627\u0644\u0628\u0634\u0631\u0629\u060c \u0648\u064a\u0634\u062f\u0647\u0627\u060c \u0648\u064a\u0631\u0637\u0628\u0647\u0627 \u0628\u0639\u0645\u0642. \u062a\u0648\u0635\u064a\u0644 \u0633\u0631\u064a\u0639 \u0625\u0644\u0649 \u0627\u0644\u0645\u063a\u0631\u0628 \ud83c\uddf2\ud83c\udde6.","robots":{"index":"index","follow":"follow","max-snippet":"max-snippet:-1","max-image-preview":"max-image-preview:large","max-video-preview":"max-video-preview:-1"},"canonical":"https:\/\/vitablanca.ma\/ar\/product-2\/anua-rice-70-glow-collagen-mask\/","og_locale":"ar_AR","og_type":"article","og_title":"ANUA Rice 70 Glow Collagen Mask - Maroc Prix","og_description":"ANUA Rice 70 Glow Collagen Mask masque cor\u00e9en au riz et collag\u00e8ne. Illumine, raffermit & hydrate intens\u00e9ment la peau. Livraison rapide au Maroc \ud83c\uddf2\ud83c\udde6.","og_url":"https:\/\/vitablanca.ma\/ar\/product-2\/anua-rice-70-glow-collagen-mask\/","og_site_name":"Vitablanca.ma &ndash; Sant&eacute;, vitalit&eacute; et bien-&ecirc;tre pour tous les Marocains","article_publisher":"https:\/\/www.facebook.com\/profile.php?id=61576678196717","article_modified_time":"2026-01-06T14:03:49+00:00","og_image":[{"width":800,"height":800,"url":"https:\/\/vitablanca.ma\/wp-content\/uploads\/2025\/05\/anua-rice-70-glow-collagen-mask-1u.jpg","type":"image\/jpeg"}],"twitter_card":"summary_large_image","twitter_misc":{"\u0648\u0642\u062a \u0627\u0644\u0642\u0631\u0627\u0621\u0629 \u0627\u0644\u0645\u064f\u0642\u062f\u0651\u0631":"\u062f\u0642\u064a\u0642\u062a\u0627\u0646"},"schema":{"@context":"https:\/\/schema.org","@graph":[{"@type":["WebPage","ItemPage"],"@id":"https:\/\/vitablanca.ma\/produit\/anua-rice-70-glow-collagen-mask\/","url":"https:\/\/vitablanca.ma\/produit\/anua-rice-70-glow-collagen-mask\/","name":"\u0642\u0646\u0627\u0639 \u0627\u0644\u0643\u0648\u0644\u0627\u062c\u064a\u0646 \u0627\u0644\u0645\u062a\u0648\u0647\u062c \u0645\u0646 \u0623\u0646\u0648\u0627 \u0631\u0627\u064a\u0633 70 - \u0633\u0639\u0631 \u0627\u0644\u0645\u063a\u0631\u0628","isPartOf":{"@id":"https:\/\/vitablanca.ma\/#website"},"primaryImageOfPage":{"@id":"https:\/\/vitablanca.ma\/produit\/anua-rice-70-glow-collagen-mask\/#primaryimage"},"image":{"@id":"https:\/\/vitablanca.ma\/produit\/anua-rice-70-glow-collagen-mask\/#primaryimage"},"thumbnailUrl":"https:\/\/vitablanca.ma\/wp-content\/uploads\/2025\/05\/anua-rice-70-glow-collagen-mask-1u.jpg","datePublished":"2025-05-22T23:37:22+00:00","dateModified":"2026-01-06T14:03:49+00:00","description":"\u0642\u0646\u0627\u0639 \u0643\u0648\u0644\u0627\u062c\u064a\u0646 \u0645\u062a\u0648\u0647\u062c \u0645\u0646 \u0623\u0646\u0648\u0627 \u0631\u0627\u064a\u0633 \u0667\u0660\u060c \u0642\u0646\u0627\u0639 \u0643\u0648\u0631\u064a \u0645\u0646 \u0627\u0644\u0623\u0631\u0632 \u0648\u0627\u0644\u0643\u0648\u0644\u0627\u062c\u064a\u0646. \u064a\u064f\u0636\u0641\u064a \u0625\u0634\u0631\u0627\u0642\u0629 \u0639\u0644\u0649 \u0627\u0644\u0628\u0634\u0631\u0629\u060c \u0648\u064a\u0634\u062f\u0647\u0627\u060c \u0648\u064a\u0631\u0637\u0628\u0647\u0627 \u0628\u0639\u0645\u0642. \u062a\u0648\u0635\u064a\u0644 \u0633\u0631\u064a\u0639 \u0625\u0644\u0649 \u0627\u0644\u0645\u063a\u0631\u0628 \ud83c\uddf2\ud83c\udde6.","breadcrumb":{"@id":"https:\/\/vitablanca.ma\/produit\/anua-rice-70-glow-collagen-mask\/#breadcrumb"},"inLanguage":"ar","potentialAction":[{"@type":"ReadAction","target":["https:\/\/vitablanca.ma\/produit\/anua-rice-70-glow-collagen-mask\/"]}]},{"@type":"ImageObject","inLanguage":"ar","@id":"https:\/\/vitablanca.ma\/produit\/anua-rice-70-glow-collagen-mask\/#primaryimage","url":"https:\/\/vitablanca.ma\/wp-content\/uploads\/2025\/05\/anua-rice-70-glow-collagen-mask-1u.jpg","contentUrl":"https:\/\/vitablanca.ma\/wp-content\/uploads\/2025\/05\/anua-rice-70-glow-collagen-mask-1u.jpg","width":800,"height":800},{"@type":"BreadcrumbList","@id":"https:\/\/vitablanca.ma\/produit\/anua-rice-70-glow-collagen-mask\/#breadcrumb","itemListElement":[{"@type":"ListItem","position":1,"name":"Home","item":"https:\/\/vitablanca.ma\/"},{"@type":"ListItem","position":2,"name":"Tous Les Produits","item":"https:\/\/vitablanca.ma\/tous-les-produits\/"},{"@type":"ListItem","position":3,"name":"ANUA Rice 70 Glow Collagen Mask"}]},{"@type":"WebSite","@id":"https:\/\/vitablanca.ma\/#website","url":"https:\/\/vitablanca.ma\/","name":"VitaBlanca.ma | \u0627\u0644\u0645\u0643\u0645\u0644\u0627\u062a \u0627\u0644\u063a\u0630\u0627\u0626\u064a\u0629\u060c \u0627\u0644\u0635\u062d\u0629 \u0648\u0627\u0644\u062c\u0645\u0627\u0644 \u0641\u064a \u0627\u0644\u0645\u063a\u0631\u0628","description":"\u0646\u0628\u064a\u0639 \u0641\u064a\u062a\u0627\u0645\u064a\u0646\u0627\u062a \u0648\u0645\u0643\u0645\u0644\u0627\u062a \u063a\u0630\u0627\u0626\u064a\u0629 \u0641\u0627\u062e\u0631\u0629 \u0645\u0646 \u0627\u0644\u0648\u0644\u0627\u064a\u0627\u062a \u0627\u0644\u0645\u062a\u062d\u062f\u0629 \u0627\u0644\u0623\u0645\u0631\u064a\u0643\u064a\u0629 \u0648\u0643\u0646\u062f\u0627 \u0648\u0646\u064a\u0648\u0632\u064a\u0644\u0646\u062f\u0627 \u0648\u0627\u0644\u0645\u063a\u0631\u0628 (\u0646\u0627\u0648 \u0641\u0648\u062f\u0632\u060c \u0633\u0648\u0644\u062c\u0627\u0631\u060c \u0645\u0627\u0646\u0648\u0643\u0627). \u062a\u0648\u0635\u064a\u0644 \u0633\u0631\u064a\u0639 \u0625\u0644\u0649 \u062c\u0645\u064a\u0639 \u0623\u0646\u062d\u0627\u0621 \u0627\u0644\u0645\u063a\u0631\u0628.","publisher":{"@id":"https:\/\/vitablanca.ma\/#organization"},"alternateName":"VitaBlanca.ma","potentialAction":[{"@type":"SearchAction","target":{"@type":"EntryPoint","urlTemplate":"https:\/\/vitablanca.ma\/?s={search_term_string}"},"query-input":{"@type":"PropertyValueSpecification","valueRequired":true,"valueName":"search_term_string"}}],"inLanguage":"ar"},{"@type":"Organization","@id":"https:\/\/vitablanca.ma\/#organization","name":"\u0641\u064a\u062a\u0627\u0628\u0644\u0627\u0646\u0643\u0627","url":"https:\/\/vitablanca.ma\/","logo":{"@type":"ImageObject","inLanguage":"ar","@id":"https:\/\/vitablanca.ma\/#\/schema\/logo\/image\/","url":"https:\/\/vitablanca.ma\/wp-content\/uploads\/2025\/05\/cropped-vitablanca.png","contentUrl":"https:\/\/vitablanca.ma\/wp-content\/uploads\/2025\/05\/cropped-vitablanca.png","width":360,"height":67,"caption":"VitaBlanca"},"image":{"@id":"https:\/\/vitablanca.ma\/#\/schema\/logo\/image\/"},"sameAs":["https:\/\/www.facebook.com\/profile.php?id=61576678196717","https:\/\/www.tiktok.com\/@vitablanca.ma","https:\/\/www.instagram.com\/vitablanca.ma\/"]}]}},"jetpack_sharing_enabled":true,"_links":{"self":[{"href":"https:\/\/vitablanca.ma\/ar\/wp-json\/wp\/v2\/product\/8410","targetHints":{"allow":["GET"]}}],"collection":[{"href":"https:\/\/vitablanca.ma\/ar\/wp-json\/wp\/v2\/product"}],"about":[{"href":"https:\/\/vitablanca.ma\/ar\/wp-json\/wp\/v2\/types\/product"}],"wp:featuredmedia":[{"embeddable":true,"href":"https:\/\/vitablanca.ma\/ar\/wp-json\/wp\/v2\/media\/8404"}],"wp:attachment":[{"href":"https:\/\/vitablanca.ma\/ar\/wp-json\/wp\/v2\/media?parent=8410"}],"wp:term":[{"taxonomy":"product_brand","embeddable":true,"href":"https:\/\/vitablanca.ma\/ar\/wp-json\/wp\/v2\/product_brand?post=8410"},{"taxonomy":"product_cat","embeddable":true,"href":"https:\/\/vitablanca.ma\/ar\/wp-json\/wp\/v2\/product_cat?post=8410"},{"taxonomy":"product_tag","embeddable":true,"href":"https:\/\/vitablanca.ma\/ar\/wp-json\/wp\/v2\/product_tag?post=8410"}],"curies":[{"name":"wp","href":"https:\/\/api.w.org\/{rel}","templated":true}]}}