{"id":8347,"date":"2025-05-22T23:34:27","date_gmt":"2025-05-22T23:34:27","guid":{"rendered":"https:\/\/vitablanca.ma\/product\/skin1004-madagascar-centella-tea-trica-bha-foam-125ml\/"},"modified":"2026-01-06T14:03:51","modified_gmt":"2026-01-06T14:03:51","slug":"skin1004-madagascar-centella-tea-trica-bha-foam-125ml","status":"publish","type":"product","link":"https:\/\/vitablanca.ma\/ar\/product-2\/skin1004-madagascar-centella-tea-trica-bha-foam-125ml\/","title":{"rendered":"Skin1004 \u0645\u062f\u063a\u0634\u0642\u0631 \u0633\u064a\u0646\u062a\u064a\u0644\u0627 \u062a\u064a-\u062a\u0631\u064a\u0643\u0627 \u0631\u063a\u0648\u0629 BHA 125 \u0645\u0644"},"content":{"rendered":"<p>Ce foam nettoyant en profondeur avec BHA et arbre \u00e0 th\u00e9 d\u00e9bouche les pores et exfolie les cellules mortes de la peau, laissant une finition rafra\u00eechie. Obtenez une peau \u00e9clatante et purifi\u00e9e gr\u00e2ce \u00e0 cet ingr\u00e9dient nettoyant et exfoliant puissant.<\/p>","protected":false},"excerpt":{"rendered":"<p>Ce foam nettoyant en profondeur avec BHA et arbre \u00e0 th\u00e9 d\u00e9bouche les pores et exfolie les cellules mortes de la peau, laissant une finition rafra\u00eechie. Obtenez une peau \u00e9clatante et purifi\u00e9e gr\u00e2ce \u00e0 cet ingr\u00e9dient nettoyant et exfoliant puissant.<\/p>","protected":false},"featured_media":8344,"template":"","meta":{"om_disable_all_campaigns":false},"product_brand":[],"product_cat":[18,1117],"product_tag":[],"class_list":{"0":"post-8347","1":"product","2":"type-product","3":"status-publish","4":"has-post-thumbnail","6":"product_cat-beaute-sante","7":"product_cat-korean-skin-care","9":"first","10":"instock","11":"taxable","12":"shipping-taxable","13":"purchasable","14":"product-type-simple"},"yoast_head":"<!-- This site is optimized with the Yoast SEO plugin v27.4 - https:\/\/yoast.com\/product\/yoast-seo-wordpress\/ -->\n<title>Centella Tea-Trica BHA Foam 125ml - Nettoyant et Apaisant Maroc<\/title>\n<meta name=\"description\" content=\"D\u00e9couvrez le SKIN1004 Madagascar Centella Tea-Trica BHA Foam 125ml au Maroc. Nettoie en douceur, apaise et r\u00e9gule le s\u00e9bum. Achetez sur Vitablanca.ma\" \/>\n<meta name=\"robots\" content=\"index, follow, max-snippet:-1, max-image-preview:large, max-video-preview:-1\" \/>\n<link rel=\"canonical\" href=\"https:\/\/vitablanca.ma\/ar\/product-2\/skin1004-madagascar-centella-tea-trica-bha-foam-125ml\/\" \/>\n<meta property=\"og:locale\" content=\"ar_AR\" \/>\n<meta property=\"og:type\" content=\"article\" \/>\n<meta property=\"og:title\" content=\"Centella Tea-Trica BHA Foam 125ml - Nettoyant et Apaisant Maroc\" \/>\n<meta property=\"og:description\" content=\"D\u00e9couvrez le SKIN1004 Madagascar Centella Tea-Trica BHA Foam 125ml au Maroc. Nettoie en douceur, apaise et r\u00e9gule le s\u00e9bum. Achetez sur Vitablanca.ma\" \/>\n<meta property=\"og:url\" content=\"https:\/\/vitablanca.ma\/ar\/product-2\/skin1004-madagascar-centella-tea-trica-bha-foam-125ml\/\" \/>\n<meta property=\"og:site_name\" content=\"Vitablanca.ma &ndash; Sant&eacute;, vitalit&eacute; et bien-&ecirc;tre pour tous les Marocains\" \/>\n<meta property=\"article:publisher\" content=\"https:\/\/www.facebook.com\/profile.php?id=61576678196717\" \/>\n<meta property=\"article:modified_time\" content=\"2026-01-06T14:03:51+00:00\" \/>\n<meta property=\"og:image\" content=\"https:\/\/vitablanca.ma\/wp-content\/uploads\/2025\/05\/Skin1004_Madagascar-Centella-Tea-Trica-BHA-Foam-125ml.jpg\" \/>\n\t<meta property=\"og:image:width\" content=\"1000\" \/>\n\t<meta property=\"og:image:height\" content=\"1000\" \/>\n\t<meta property=\"og:image:type\" content=\"image\/jpeg\" \/>\n<meta name=\"twitter:card\" content=\"summary_large_image\" \/>\n<meta name=\"twitter:label1\" content=\"\u0648\u0642\u062a \u0627\u0644\u0642\u0631\u0627\u0621\u0629 \u0627\u0644\u0645\u064f\u0642\u062f\u0651\u0631\" \/>\n\t<meta name=\"twitter:data1\" content=\"\u062f\u0642\u064a\u0642\u0629 \u0648\u0627\u062d\u062f\u0629\" \/>\n<script type=\"application\/ld+json\" class=\"yoast-schema-graph\">{\"@context\":\"https:\\\/\\\/schema.org\",\"@graph\":[{\"@type\":[\"WebPage\",\"ItemPage\"],\"@id\":\"https:\\\/\\\/vitablanca.ma\\\/produit\\\/skin1004-madagascar-centella-tea-trica-bha-foam-125ml\\\/\",\"url\":\"https:\\\/\\\/vitablanca.ma\\\/produit\\\/skin1004-madagascar-centella-tea-trica-bha-foam-125ml\\\/\",\"name\":\"Centella Tea-Trica BHA Foam 125ml - Nettoyant et Apaisant Maroc\",\"isPartOf\":{\"@id\":\"https:\\\/\\\/vitablanca.ma\\\/#website\"},\"primaryImageOfPage\":{\"@id\":\"https:\\\/\\\/vitablanca.ma\\\/produit\\\/skin1004-madagascar-centella-tea-trica-bha-foam-125ml\\\/#primaryimage\"},\"image\":{\"@id\":\"https:\\\/\\\/vitablanca.ma\\\/produit\\\/skin1004-madagascar-centella-tea-trica-bha-foam-125ml\\\/#primaryimage\"},\"thumbnailUrl\":\"https:\\\/\\\/vitablanca.ma\\\/wp-content\\\/uploads\\\/2025\\\/05\\\/Skin1004_Madagascar-Centella-Tea-Trica-BHA-Foam-125ml.jpg\",\"datePublished\":\"2025-05-22T23:34:27+00:00\",\"dateModified\":\"2026-01-06T14:03:51+00:00\",\"description\":\"D\u00e9couvrez le SKIN1004 Madagascar Centella Tea-Trica BHA Foam 125ml au Maroc. Nettoie en douceur, apaise et r\u00e9gule le s\u00e9bum. Achetez sur Vitablanca.ma\",\"breadcrumb\":{\"@id\":\"https:\\\/\\\/vitablanca.ma\\\/produit\\\/skin1004-madagascar-centella-tea-trica-bha-foam-125ml\\\/#breadcrumb\"},\"inLanguage\":\"ar\",\"potentialAction\":[{\"@type\":\"ReadAction\",\"target\":[\"https:\\\/\\\/vitablanca.ma\\\/produit\\\/skin1004-madagascar-centella-tea-trica-bha-foam-125ml\\\/\"]}]},{\"@type\":\"ImageObject\",\"inLanguage\":\"ar\",\"@id\":\"https:\\\/\\\/vitablanca.ma\\\/produit\\\/skin1004-madagascar-centella-tea-trica-bha-foam-125ml\\\/#primaryimage\",\"url\":\"https:\\\/\\\/vitablanca.ma\\\/wp-content\\\/uploads\\\/2025\\\/05\\\/Skin1004_Madagascar-Centella-Tea-Trica-BHA-Foam-125ml.jpg\",\"contentUrl\":\"https:\\\/\\\/vitablanca.ma\\\/wp-content\\\/uploads\\\/2025\\\/05\\\/Skin1004_Madagascar-Centella-Tea-Trica-BHA-Foam-125ml.jpg\",\"width\":1000,\"height\":1000},{\"@type\":\"BreadcrumbList\",\"@id\":\"https:\\\/\\\/vitablanca.ma\\\/produit\\\/skin1004-madagascar-centella-tea-trica-bha-foam-125ml\\\/#breadcrumb\",\"itemListElement\":[{\"@type\":\"ListItem\",\"position\":1,\"name\":\"Home\",\"item\":\"https:\\\/\\\/vitablanca.ma\\\/\"},{\"@type\":\"ListItem\",\"position\":2,\"name\":\"Tous Les Produits\",\"item\":\"https:\\\/\\\/vitablanca.ma\\\/tous-les-produits\\\/\"},{\"@type\":\"ListItem\",\"position\":3,\"name\":\"Skin1004 Madagascar Centella Tea-Trica BHA Foam 125ml\"}]},{\"@type\":\"WebSite\",\"@id\":\"https:\\\/\\\/vitablanca.ma\\\/#website\",\"url\":\"https:\\\/\\\/vitablanca.ma\\\/\",\"name\":\"VitaBlanca.ma | Compl\u00e9ments alimentaires, sant\u00e9 & beaut\u00e9 au Maroc\",\"description\":\"vendre vitamines et compl\u00e9ments premium des USA &amp; Canada, Nouvelle Z\u00e9lande,Maroc (NOW Foods, Solgar, Manuka). Livraison rapide partout au Maroc.\",\"publisher\":{\"@id\":\"https:\\\/\\\/vitablanca.ma\\\/#organization\"},\"alternateName\":\"VitaBlanca.ma\",\"potentialAction\":[{\"@type\":\"SearchAction\",\"target\":{\"@type\":\"EntryPoint\",\"urlTemplate\":\"https:\\\/\\\/vitablanca.ma\\\/?s={search_term_string}\"},\"query-input\":{\"@type\":\"PropertyValueSpecification\",\"valueRequired\":true,\"valueName\":\"search_term_string\"}}],\"inLanguage\":\"ar\"},{\"@type\":\"Organization\",\"@id\":\"https:\\\/\\\/vitablanca.ma\\\/#organization\",\"name\":\"VitaBlanca\",\"url\":\"https:\\\/\\\/vitablanca.ma\\\/\",\"logo\":{\"@type\":\"ImageObject\",\"inLanguage\":\"ar\",\"@id\":\"https:\\\/\\\/vitablanca.ma\\\/#\\\/schema\\\/logo\\\/image\\\/\",\"url\":\"https:\\\/\\\/vitablanca.ma\\\/wp-content\\\/uploads\\\/2025\\\/05\\\/cropped-vitablanca.png\",\"contentUrl\":\"https:\\\/\\\/vitablanca.ma\\\/wp-content\\\/uploads\\\/2025\\\/05\\\/cropped-vitablanca.png\",\"width\":360,\"height\":67,\"caption\":\"VitaBlanca\"},\"image\":{\"@id\":\"https:\\\/\\\/vitablanca.ma\\\/#\\\/schema\\\/logo\\\/image\\\/\"},\"sameAs\":[\"https:\\\/\\\/www.facebook.com\\\/profile.php?id=61576678196717\",\"https:\\\/\\\/www.tiktok.com\\\/@vitablanca.ma\",\"https:\\\/\\\/www.instagram.com\\\/vitablanca.ma\\\/\"]}]}<\/script>\n<!-- \/ Yoast SEO plugin. -->","yoast_head_json":{"title":"Centella Tea-Trica BHA Foam 125ml - Nettoyant et Apaisant Maroc","description":"D\u00e9couvrez le SKIN1004 Madagascar Centella Tea-Trica BHA Foam 125ml au Maroc. Nettoie en douceur, apaise et r\u00e9gule le s\u00e9bum. Achetez sur Vitablanca.ma","robots":{"index":"index","follow":"follow","max-snippet":"max-snippet:-1","max-image-preview":"max-image-preview:large","max-video-preview":"max-video-preview:-1"},"canonical":"https:\/\/vitablanca.ma\/ar\/product-2\/skin1004-madagascar-centella-tea-trica-bha-foam-125ml\/","og_locale":"ar_AR","og_type":"article","og_title":"Centella Tea-Trica BHA Foam 125ml - Nettoyant et Apaisant Maroc","og_description":"D\u00e9couvrez le SKIN1004 Madagascar Centella Tea-Trica BHA Foam 125ml au Maroc. Nettoie en douceur, apaise et r\u00e9gule le s\u00e9bum. Achetez sur Vitablanca.ma","og_url":"https:\/\/vitablanca.ma\/ar\/product-2\/skin1004-madagascar-centella-tea-trica-bha-foam-125ml\/","og_site_name":"Vitablanca.ma &ndash; Sant&eacute;, vitalit&eacute; et bien-&ecirc;tre pour tous les Marocains","article_publisher":"https:\/\/www.facebook.com\/profile.php?id=61576678196717","article_modified_time":"2026-01-06T14:03:51+00:00","og_image":[{"width":1000,"height":1000,"url":"https:\/\/vitablanca.ma\/wp-content\/uploads\/2025\/05\/Skin1004_Madagascar-Centella-Tea-Trica-BHA-Foam-125ml.jpg","type":"image\/jpeg"}],"twitter_card":"summary_large_image","twitter_misc":{"\u0648\u0642\u062a \u0627\u0644\u0642\u0631\u0627\u0621\u0629 \u0627\u0644\u0645\u064f\u0642\u062f\u0651\u0631":"\u062f\u0642\u064a\u0642\u0629 \u0648\u0627\u062d\u062f\u0629"},"schema":{"@context":"https:\/\/schema.org","@graph":[{"@type":["WebPage","ItemPage"],"@id":"https:\/\/vitablanca.ma\/produit\/skin1004-madagascar-centella-tea-trica-bha-foam-125ml\/","url":"https:\/\/vitablanca.ma\/produit\/skin1004-madagascar-centella-tea-trica-bha-foam-125ml\/","name":"Centella Tea-Trica BHA Foam 125ml - Nettoyant et Apaisant Maroc","isPartOf":{"@id":"https:\/\/vitablanca.ma\/#website"},"primaryImageOfPage":{"@id":"https:\/\/vitablanca.ma\/produit\/skin1004-madagascar-centella-tea-trica-bha-foam-125ml\/#primaryimage"},"image":{"@id":"https:\/\/vitablanca.ma\/produit\/skin1004-madagascar-centella-tea-trica-bha-foam-125ml\/#primaryimage"},"thumbnailUrl":"https:\/\/vitablanca.ma\/wp-content\/uploads\/2025\/05\/Skin1004_Madagascar-Centella-Tea-Trica-BHA-Foam-125ml.jpg","datePublished":"2025-05-22T23:34:27+00:00","dateModified":"2026-01-06T14:03:51+00:00","description":"D\u00e9couvrez le SKIN1004 Madagascar Centella Tea-Trica BHA Foam 125ml au Maroc. Nettoie en douceur, apaise et r\u00e9gule le s\u00e9bum. Achetez sur Vitablanca.ma","breadcrumb":{"@id":"https:\/\/vitablanca.ma\/produit\/skin1004-madagascar-centella-tea-trica-bha-foam-125ml\/#breadcrumb"},"inLanguage":"ar","potentialAction":[{"@type":"ReadAction","target":["https:\/\/vitablanca.ma\/produit\/skin1004-madagascar-centella-tea-trica-bha-foam-125ml\/"]}]},{"@type":"ImageObject","inLanguage":"ar","@id":"https:\/\/vitablanca.ma\/produit\/skin1004-madagascar-centella-tea-trica-bha-foam-125ml\/#primaryimage","url":"https:\/\/vitablanca.ma\/wp-content\/uploads\/2025\/05\/Skin1004_Madagascar-Centella-Tea-Trica-BHA-Foam-125ml.jpg","contentUrl":"https:\/\/vitablanca.ma\/wp-content\/uploads\/2025\/05\/Skin1004_Madagascar-Centella-Tea-Trica-BHA-Foam-125ml.jpg","width":1000,"height":1000},{"@type":"BreadcrumbList","@id":"https:\/\/vitablanca.ma\/produit\/skin1004-madagascar-centella-tea-trica-bha-foam-125ml\/#breadcrumb","itemListElement":[{"@type":"ListItem","position":1,"name":"Home","item":"https:\/\/vitablanca.ma\/"},{"@type":"ListItem","position":2,"name":"Tous Les Produits","item":"https:\/\/vitablanca.ma\/tous-les-produits\/"},{"@type":"ListItem","position":3,"name":"Skin1004 Madagascar Centella Tea-Trica BHA Foam 125ml"}]},{"@type":"WebSite","@id":"https:\/\/vitablanca.ma\/#website","url":"https:\/\/vitablanca.ma\/","name":"VitaBlanca.ma | \u0627\u0644\u0645\u0643\u0645\u0644\u0627\u062a \u0627\u0644\u063a\u0630\u0627\u0626\u064a\u0629\u060c \u0627\u0644\u0635\u062d\u0629 \u0648\u0627\u0644\u062c\u0645\u0627\u0644 \u0641\u064a \u0627\u0644\u0645\u063a\u0631\u0628","description":"\u0646\u0628\u064a\u0639 \u0641\u064a\u062a\u0627\u0645\u064a\u0646\u0627\u062a \u0648\u0645\u0643\u0645\u0644\u0627\u062a \u063a\u0630\u0627\u0626\u064a\u0629 \u0641\u0627\u062e\u0631\u0629 \u0645\u0646 \u0627\u0644\u0648\u0644\u0627\u064a\u0627\u062a \u0627\u0644\u0645\u062a\u062d\u062f\u0629 \u0627\u0644\u0623\u0645\u0631\u064a\u0643\u064a\u0629 \u0648\u0643\u0646\u062f\u0627 \u0648\u0646\u064a\u0648\u0632\u064a\u0644\u0646\u062f\u0627 \u0648\u0627\u0644\u0645\u063a\u0631\u0628 (\u0646\u0627\u0648 \u0641\u0648\u062f\u0632\u060c \u0633\u0648\u0644\u062c\u0627\u0631\u060c \u0645\u0627\u0646\u0648\u0643\u0627). \u062a\u0648\u0635\u064a\u0644 \u0633\u0631\u064a\u0639 \u0625\u0644\u0649 \u062c\u0645\u064a\u0639 \u0623\u0646\u062d\u0627\u0621 \u0627\u0644\u0645\u063a\u0631\u0628.","publisher":{"@id":"https:\/\/vitablanca.ma\/#organization"},"alternateName":"VitaBlanca.ma","potentialAction":[{"@type":"SearchAction","target":{"@type":"EntryPoint","urlTemplate":"https:\/\/vitablanca.ma\/?s={search_term_string}"},"query-input":{"@type":"PropertyValueSpecification","valueRequired":true,"valueName":"search_term_string"}}],"inLanguage":"ar"},{"@type":"Organization","@id":"https:\/\/vitablanca.ma\/#organization","name":"\u0641\u064a\u062a\u0627\u0628\u0644\u0627\u0646\u0643\u0627","url":"https:\/\/vitablanca.ma\/","logo":{"@type":"ImageObject","inLanguage":"ar","@id":"https:\/\/vitablanca.ma\/#\/schema\/logo\/image\/","url":"https:\/\/vitablanca.ma\/wp-content\/uploads\/2025\/05\/cropped-vitablanca.png","contentUrl":"https:\/\/vitablanca.ma\/wp-content\/uploads\/2025\/05\/cropped-vitablanca.png","width":360,"height":67,"caption":"VitaBlanca"},"image":{"@id":"https:\/\/vitablanca.ma\/#\/schema\/logo\/image\/"},"sameAs":["https:\/\/www.facebook.com\/profile.php?id=61576678196717","https:\/\/www.tiktok.com\/@vitablanca.ma","https:\/\/www.instagram.com\/vitablanca.ma\/"]}]}},"jetpack_sharing_enabled":true,"_links":{"self":[{"href":"https:\/\/vitablanca.ma\/ar\/wp-json\/wp\/v2\/product\/8347","targetHints":{"allow":["GET"]}}],"collection":[{"href":"https:\/\/vitablanca.ma\/ar\/wp-json\/wp\/v2\/product"}],"about":[{"href":"https:\/\/vitablanca.ma\/ar\/wp-json\/wp\/v2\/types\/product"}],"wp:featuredmedia":[{"embeddable":true,"href":"https:\/\/vitablanca.ma\/ar\/wp-json\/wp\/v2\/media\/8344"}],"wp:attachment":[{"href":"https:\/\/vitablanca.ma\/ar\/wp-json\/wp\/v2\/media?parent=8347"}],"wp:term":[{"taxonomy":"product_brand","embeddable":true,"href":"https:\/\/vitablanca.ma\/ar\/wp-json\/wp\/v2\/product_brand?post=8347"},{"taxonomy":"product_cat","embeddable":true,"href":"https:\/\/vitablanca.ma\/ar\/wp-json\/wp\/v2\/product_cat?post=8347"},{"taxonomy":"product_tag","embeddable":true,"href":"https:\/\/vitablanca.ma\/ar\/wp-json\/wp\/v2\/product_tag?post=8347"}],"curies":[{"name":"wp","href":"https:\/\/api.w.org\/{rel}","templated":true}]}}