{"id":82,"date":"2025-04-15T15:49:53","date_gmt":"2025-04-15T15:49:53","guid":{"rendered":"https:\/\/vitablanca.ma\/?post_type=product&#038;p=82"},"modified":"2025-08-30T21:29:16","modified_gmt":"2025-08-30T21:29:16","slug":"nutrex-research-lipo-6-black-puissance-extreme-120-capsules-noires","status":"publish","type":"product","link":"https:\/\/vitablanca.ma\/ar\/product-2\/nutrex-research-lipo-6-black-puissance-extreme-120-capsules-noires\/","title":{"rendered":"Nutrex Research LIPO-6 Black\u060c \u0642\u0648\u0629 \u0641\u0627\u0626\u0642\u0629\u060c 120 \u0643\u0628\u0633\u0648\u0644\u0629 \u0633\u0648\u062f\u0627\u0621"},"content":{"rendered":"<p>\u0644\u064a\u0628\u0648-6 \u0628\u0644\u0627\u0643 \u062d\u0627\u0631\u0642 \u062f\u0647\u0648\u0646 \u0642\u0648\u064a \u064a\u064f\u0639\u0632\u0632 \u0641\u0642\u062f\u0627\u0646 \u0627\u0644\u062f\u0647\u0648\u0646 \u0645\u0646 \u062e\u0644\u0627\u0644 \u0645\u0633\u0627\u0631\u0627\u062a \u0645\u062a\u0639\u062f\u062f\u0629. \u0635\u064f\u0645\u0645 \u062e\u0635\u064a\u0635\u064b\u0627 \u0644\u0644\u0623\u0634\u062e\u0627\u0635 \u0627\u0644\u0646\u0634\u0637\u064a\u0646 \u0627\u0644\u0630\u064a\u0646 \u064a\u0628\u062d\u062b\u0648\u0646 \u0639\u0646 \u062f\u0639\u0645 \u0642\u0648\u064a \u0641\u064a \u0633\u0639\u064a\u0647\u0645 \u0644\u062e\u0633\u0627\u0631\u0629 \u0627\u0644\u0648\u0632\u0646.<\/p>\n<p>LIPO-6 BLACK aide \u00e0 favoriser un effet thermog\u00e9nique puissant, qui aide \u00e0 augmenter le taux m\u00e9tabolique de votre corps. L\u2019activation de la thermogen\u00e8se est un facteur de soutien cl\u00e9 pour inciter votre corps \u00e0 br\u00fbler plus de calories.<\/p>\n<p>Un autre effet positif et imm\u00e9diatement perceptible de LIPO-6 BLACK est sa capacit\u00e9 \u00e0 augmenter la vivacit\u00e9 d\u2019esprit, la concentration et \u00e0 favoriser une \u00e9nergie \u00e9lev\u00e9e. Ce sont des aspects importants pour aider \u00e0 compenser une \u00e9ventuelle fatigue alimentaire et \u00e0 rester actif tout au long de la journ\u00e9e.<\/p>\n<p>LIPO-6 BLACK est en outre con\u00e7u pour aider \u00e0 limiter l\u2019app\u00e9tit et les fringales afin qu\u2019il puisse \u00eatre plus facile de s\u2019en tenir \u00e0 un r\u00e9gime alimentaire r\u00e9ussi. En fonction de votre objectif et de vos besoins personnels, cette formule vous permet d\u2019adapter votre dosage.<\/p>","protected":false},"excerpt":{"rendered":"<ul>\n<li>\u062a\u0631\u0643\u064a\u0628\u0629 \u0642\u0648\u064a\u0629 \u0644\u062f\u0639\u0645 \u0641\u0642\u062f\u0627\u0646 \u0627\u0644\u0648\u0632\u0646<\/li>\n<li>\u0642\u0648\u0629 \u0647\u0627\u0626\u0644\u0629<\/li>\n<li>\u0645\u0643\u0645\u0644 \u063a\u0630\u0627\u0626\u064a<\/li>\n<li>\u064a\u0633\u0627\u0639\u062f \u0639\u0644\u0649 \u062a\u062d\u0633\u064a\u0646 \u0645\u0639\u062f\u0644 \u0627\u0644\u0623\u064a\u0636<\/li>\n<li>\u064a\u0633\u0627\u0639\u062f \u0639\u0644\u0649 \u0645\u0648\u0627\u0632\u0646\u0629 \u062a\u0646\u0627\u0648\u0644 \u0627\u0644\u0637\u0639\u0627\u0645 \u0648\u0627\u0644\u062a\u062d\u0643\u0645 \u0641\u064a \u0627\u0644\u0634\u0647\u064a\u0629<\/li>\n<\/ul>","protected":false},"featured_media":83,"template":"","meta":{"om_disable_all_campaigns":false},"product_brand":[62],"product_cat":[18,3366,63,20,19],"product_tag":[72,67,65,73,69,70,68,66,64,71],"class_list":{"0":"post-82","1":"product","2":"type-product","3":"status-publish","4":"has-post-thumbnail","6":"product_brand-nutrex-research","7":"product_cat-beaute-sante","8":"product_cat-complements-alimentaires-au-maroc-vitablanca","9":"product_cat-perte-de-poids","10":"product_cat-supplements","11":"product_cat-vitamines-supplements-dietetiques","12":"product_tag-lipo-6-black-nutrex","13":"product_tag-nutrex-research-amazon","14":"product_tag-nutrex-research-casa","15":"product_tag-nutrex-research-iherb","16":"product_tag-nutrex-research-jumia","17":"product_tag-nutrex-research-lipo-6","18":"product_tag-nutrex-research-marjanemall","19":"product_tag-nutrex-research-prix-maroc","20":"product_tag-nutrex-research-vitamines","21":"product_tag--nutrex","23":"first","24":"instock","25":"sale","26":"taxable","27":"shipping-taxable","28":"purchasable","29":"product-type-simple"},"yoast_head":"<!-- This site is optimized with the Yoast SEO plugin v27.5 - https:\/\/yoast.com\/product\/yoast-seo-wordpress\/ -->\n<title>Nutrex Research LIPO-6 Black Puissance extr\u00eame 120 - Maroc Prix<\/title>\n<meta name=\"description\" content=\"Achetez Nutrex Research LIPO-6 Black Extr\u00eame Puissance au Maroc. 120 capsules noires pour un soutien intense de la gestion du poids et de l&#039;\u00e9nergie.\" \/>\n<meta name=\"robots\" content=\"index, follow, max-snippet:-1, max-image-preview:large, max-video-preview:-1\" \/>\n<link rel=\"canonical\" href=\"https:\/\/vitablanca.ma\/ar\/product-2\/nutrex-research-lipo-6-black-puissance-extreme-120-capsules-noires\/\" \/>\n<meta property=\"og:locale\" content=\"ar_AR\" \/>\n<meta property=\"og:type\" content=\"article\" \/>\n<meta property=\"og:title\" content=\"Nutrex Research LIPO-6 Black Puissance extr\u00eame 120 - Maroc Prix\" \/>\n<meta property=\"og:description\" content=\"Achetez Nutrex Research LIPO-6 Black Extr\u00eame Puissance au Maroc. 120 capsules noires pour un soutien intense de la gestion du poids et de l&#039;\u00e9nergie.\" \/>\n<meta property=\"og:url\" content=\"https:\/\/vitablanca.ma\/ar\/product-2\/nutrex-research-lipo-6-black-puissance-extreme-120-capsules-noires\/\" \/>\n<meta property=\"og:site_name\" content=\"Vitablanca.ma &ndash; Sant&eacute;, vitalit&eacute; et bien-&ecirc;tre pour tous les Marocains\" \/>\n<meta property=\"article:publisher\" content=\"https:\/\/www.facebook.com\/profile.php?id=61576678196717\" \/>\n<meta property=\"article:modified_time\" content=\"2025-08-30T21:29:16+00:00\" \/>\n<meta property=\"og:image\" content=\"https:\/\/vitablanca.ma\/wp-content\/uploads\/2025\/04\/nutrex-research-lipo-6-black-puissance-extreme-120-capsules-noires.jpg\" \/>\n\t<meta property=\"og:image:width\" content=\"680\" \/>\n\t<meta property=\"og:image:height\" content=\"680\" \/>\n\t<meta property=\"og:image:type\" content=\"image\/jpeg\" \/>\n<meta name=\"twitter:card\" content=\"summary_large_image\" \/>\n<meta name=\"twitter:label1\" content=\"\u0648\u0642\u062a \u0627\u0644\u0642\u0631\u0627\u0621\u0629 \u0627\u0644\u0645\u064f\u0642\u062f\u0651\u0631\" \/>\n\t<meta name=\"twitter:data1\" content=\"\u062f\u0642\u064a\u0642\u062a\u0627\u0646\" \/>\n<script type=\"application\/ld+json\" class=\"yoast-schema-graph\">{\"@context\":\"https:\\\/\\\/schema.org\",\"@graph\":[{\"@type\":[\"WebPage\",\"ItemPage\"],\"@id\":\"https:\\\/\\\/vitablanca.ma\\\/produit\\\/nutrex-research-lipo-6-black-puissance-extreme-120-capsules-noires\\\/\",\"url\":\"https:\\\/\\\/vitablanca.ma\\\/produit\\\/nutrex-research-lipo-6-black-puissance-extreme-120-capsules-noires\\\/\",\"name\":\"Nutrex Research LIPO-6 Black Puissance extr\u00eame 120 - Maroc Prix\",\"isPartOf\":{\"@id\":\"https:\\\/\\\/vitablanca.ma\\\/#website\"},\"primaryImageOfPage\":{\"@id\":\"https:\\\/\\\/vitablanca.ma\\\/produit\\\/nutrex-research-lipo-6-black-puissance-extreme-120-capsules-noires\\\/#primaryimage\"},\"image\":{\"@id\":\"https:\\\/\\\/vitablanca.ma\\\/produit\\\/nutrex-research-lipo-6-black-puissance-extreme-120-capsules-noires\\\/#primaryimage\"},\"thumbnailUrl\":\"https:\\\/\\\/vitablanca.ma\\\/wp-content\\\/uploads\\\/2025\\\/04\\\/nutrex-research-lipo-6-black-puissance-extreme-120-capsules-noires.jpg\",\"datePublished\":\"2025-04-15T15:49:53+00:00\",\"dateModified\":\"2025-08-30T21:29:16+00:00\",\"description\":\"Achetez Nutrex Research LIPO-6 Black Extr\u00eame Puissance au Maroc. 120 capsules noires pour un soutien intense de la gestion du poids et de l'\u00e9nergie.\",\"breadcrumb\":{\"@id\":\"https:\\\/\\\/vitablanca.ma\\\/produit\\\/nutrex-research-lipo-6-black-puissance-extreme-120-capsules-noires\\\/#breadcrumb\"},\"inLanguage\":\"ar\",\"potentialAction\":[{\"@type\":\"ReadAction\",\"target\":[\"https:\\\/\\\/vitablanca.ma\\\/produit\\\/nutrex-research-lipo-6-black-puissance-extreme-120-capsules-noires\\\/\"]}]},{\"@type\":\"ImageObject\",\"inLanguage\":\"ar\",\"@id\":\"https:\\\/\\\/vitablanca.ma\\\/produit\\\/nutrex-research-lipo-6-black-puissance-extreme-120-capsules-noires\\\/#primaryimage\",\"url\":\"https:\\\/\\\/vitablanca.ma\\\/wp-content\\\/uploads\\\/2025\\\/04\\\/nutrex-research-lipo-6-black-puissance-extreme-120-capsules-noires.jpg\",\"contentUrl\":\"https:\\\/\\\/vitablanca.ma\\\/wp-content\\\/uploads\\\/2025\\\/04\\\/nutrex-research-lipo-6-black-puissance-extreme-120-capsules-noires.jpg\",\"width\":680,\"height\":680},{\"@type\":\"BreadcrumbList\",\"@id\":\"https:\\\/\\\/vitablanca.ma\\\/produit\\\/nutrex-research-lipo-6-black-puissance-extreme-120-capsules-noires\\\/#breadcrumb\",\"itemListElement\":[{\"@type\":\"ListItem\",\"position\":1,\"name\":\"Home\",\"item\":\"https:\\\/\\\/vitablanca.ma\\\/\"},{\"@type\":\"ListItem\",\"position\":2,\"name\":\"Tous Les Produits\",\"item\":\"https:\\\/\\\/vitablanca.ma\\\/tous-les-produits\\\/\"},{\"@type\":\"ListItem\",\"position\":3,\"name\":\"Nutrex Research LIPO-6 Black, Puissance extr\u00eame, 120 capsules noires\"}]},{\"@type\":\"WebSite\",\"@id\":\"https:\\\/\\\/vitablanca.ma\\\/#website\",\"url\":\"https:\\\/\\\/vitablanca.ma\\\/\",\"name\":\"VitaBlanca.ma | Compl\u00e9ments alimentaires, sant\u00e9 & beaut\u00e9 au Maroc\",\"description\":\"vendre vitamines et compl\u00e9ments premium des USA &amp; Canada, Nouvelle Z\u00e9lande,Maroc (NOW Foods, Solgar, Manuka). Livraison rapide partout au Maroc.\",\"publisher\":{\"@id\":\"https:\\\/\\\/vitablanca.ma\\\/#organization\"},\"alternateName\":\"VitaBlanca.ma\",\"potentialAction\":[{\"@type\":\"SearchAction\",\"target\":{\"@type\":\"EntryPoint\",\"urlTemplate\":\"https:\\\/\\\/vitablanca.ma\\\/?s={search_term_string}\"},\"query-input\":{\"@type\":\"PropertyValueSpecification\",\"valueRequired\":true,\"valueName\":\"search_term_string\"}}],\"inLanguage\":\"ar\"},{\"@type\":\"Organization\",\"@id\":\"https:\\\/\\\/vitablanca.ma\\\/#organization\",\"name\":\"VitaBlanca\",\"url\":\"https:\\\/\\\/vitablanca.ma\\\/\",\"logo\":{\"@type\":\"ImageObject\",\"inLanguage\":\"ar\",\"@id\":\"https:\\\/\\\/vitablanca.ma\\\/#\\\/schema\\\/logo\\\/image\\\/\",\"url\":\"https:\\\/\\\/vitablanca.ma\\\/wp-content\\\/uploads\\\/2025\\\/05\\\/cropped-vitablanca.png\",\"contentUrl\":\"https:\\\/\\\/vitablanca.ma\\\/wp-content\\\/uploads\\\/2025\\\/05\\\/cropped-vitablanca.png\",\"width\":360,\"height\":67,\"caption\":\"VitaBlanca\"},\"image\":{\"@id\":\"https:\\\/\\\/vitablanca.ma\\\/#\\\/schema\\\/logo\\\/image\\\/\"},\"sameAs\":[\"https:\\\/\\\/www.facebook.com\\\/profile.php?id=61576678196717\",\"https:\\\/\\\/www.tiktok.com\\\/@vitablanca.ma\",\"https:\\\/\\\/www.instagram.com\\\/vitablanca.ma\\\/\"]}]}<\/script>\n<!-- \/ Yoast SEO plugin. -->","yoast_head_json":{"title":"Nutrex Research LIPO-6 Black Extreme Power 120 - \u0633\u0639\u0631 \u0627\u0644\u0645\u063a\u0631\u0628","description":"\u0627\u0634\u062a\u0631\u064a Nutrex Research LIPO-6 Black Extreme Potency \u0641\u064a \u0627\u0644\u0645\u063a\u0631\u0628. 120 \u0643\u0628\u0633\u0648\u0644\u0629 \u0633\u0648\u062f\u0627\u0621 \u0644\u0625\u062f\u0627\u0631\u0629 \u0627\u0644\u0648\u0632\u0646 \u0627\u0644\u0645\u0643\u062b\u0641 \u0648\u062f\u0639\u0645 \u0627\u0644\u0637\u0627\u0642\u0629.","robots":{"index":"index","follow":"follow","max-snippet":"max-snippet:-1","max-image-preview":"max-image-preview:large","max-video-preview":"max-video-preview:-1"},"canonical":"https:\/\/vitablanca.ma\/ar\/product-2\/nutrex-research-lipo-6-black-puissance-extreme-120-capsules-noires\/","og_locale":"ar_AR","og_type":"article","og_title":"Nutrex Research LIPO-6 Black Puissance extr\u00eame 120 - Maroc Prix","og_description":"Achetez Nutrex Research LIPO-6 Black Extr\u00eame Puissance au Maroc. 120 capsules noires pour un soutien intense de la gestion du poids et de l'\u00e9nergie.","og_url":"https:\/\/vitablanca.ma\/ar\/product-2\/nutrex-research-lipo-6-black-puissance-extreme-120-capsules-noires\/","og_site_name":"Vitablanca.ma &ndash; Sant&eacute;, vitalit&eacute; et bien-&ecirc;tre pour tous les Marocains","article_publisher":"https:\/\/www.facebook.com\/profile.php?id=61576678196717","article_modified_time":"2025-08-30T21:29:16+00:00","og_image":[{"width":680,"height":680,"url":"https:\/\/vitablanca.ma\/wp-content\/uploads\/2025\/04\/nutrex-research-lipo-6-black-puissance-extreme-120-capsules-noires.jpg","type":"image\/jpeg"}],"twitter_card":"summary_large_image","twitter_misc":{"\u0648\u0642\u062a \u0627\u0644\u0642\u0631\u0627\u0621\u0629 \u0627\u0644\u0645\u064f\u0642\u062f\u0651\u0631":"\u062f\u0642\u064a\u0642\u062a\u0627\u0646"},"schema":{"@context":"https:\/\/schema.org","@graph":[{"@type":["WebPage","ItemPage"],"@id":"https:\/\/vitablanca.ma\/produit\/nutrex-research-lipo-6-black-puissance-extreme-120-capsules-noires\/","url":"https:\/\/vitablanca.ma\/produit\/nutrex-research-lipo-6-black-puissance-extreme-120-capsules-noires\/","name":"Nutrex Research LIPO-6 Black Extreme Power 120 - \u0633\u0639\u0631 \u0627\u0644\u0645\u063a\u0631\u0628","isPartOf":{"@id":"https:\/\/vitablanca.ma\/#website"},"primaryImageOfPage":{"@id":"https:\/\/vitablanca.ma\/produit\/nutrex-research-lipo-6-black-puissance-extreme-120-capsules-noires\/#primaryimage"},"image":{"@id":"https:\/\/vitablanca.ma\/produit\/nutrex-research-lipo-6-black-puissance-extreme-120-capsules-noires\/#primaryimage"},"thumbnailUrl":"https:\/\/vitablanca.ma\/wp-content\/uploads\/2025\/04\/nutrex-research-lipo-6-black-puissance-extreme-120-capsules-noires.jpg","datePublished":"2025-04-15T15:49:53+00:00","dateModified":"2025-08-30T21:29:16+00:00","description":"\u0627\u0634\u062a\u0631\u064a Nutrex Research LIPO-6 Black Extreme Potency \u0641\u064a \u0627\u0644\u0645\u063a\u0631\u0628. 120 \u0643\u0628\u0633\u0648\u0644\u0629 \u0633\u0648\u062f\u0627\u0621 \u0644\u0625\u062f\u0627\u0631\u0629 \u0627\u0644\u0648\u0632\u0646 \u0627\u0644\u0645\u0643\u062b\u0641 \u0648\u062f\u0639\u0645 \u0627\u0644\u0637\u0627\u0642\u0629.","breadcrumb":{"@id":"https:\/\/vitablanca.ma\/produit\/nutrex-research-lipo-6-black-puissance-extreme-120-capsules-noires\/#breadcrumb"},"inLanguage":"ar","potentialAction":[{"@type":"ReadAction","target":["https:\/\/vitablanca.ma\/produit\/nutrex-research-lipo-6-black-puissance-extreme-120-capsules-noires\/"]}]},{"@type":"ImageObject","inLanguage":"ar","@id":"https:\/\/vitablanca.ma\/produit\/nutrex-research-lipo-6-black-puissance-extreme-120-capsules-noires\/#primaryimage","url":"https:\/\/vitablanca.ma\/wp-content\/uploads\/2025\/04\/nutrex-research-lipo-6-black-puissance-extreme-120-capsules-noires.jpg","contentUrl":"https:\/\/vitablanca.ma\/wp-content\/uploads\/2025\/04\/nutrex-research-lipo-6-black-puissance-extreme-120-capsules-noires.jpg","width":680,"height":680},{"@type":"BreadcrumbList","@id":"https:\/\/vitablanca.ma\/produit\/nutrex-research-lipo-6-black-puissance-extreme-120-capsules-noires\/#breadcrumb","itemListElement":[{"@type":"ListItem","position":1,"name":"Home","item":"https:\/\/vitablanca.ma\/"},{"@type":"ListItem","position":2,"name":"Tous Les Produits","item":"https:\/\/vitablanca.ma\/tous-les-produits\/"},{"@type":"ListItem","position":3,"name":"Nutrex Research LIPO-6 Black, Puissance extr\u00eame, 120 capsules noires"}]},{"@type":"WebSite","@id":"https:\/\/vitablanca.ma\/#website","url":"https:\/\/vitablanca.ma\/","name":"VitaBlanca.ma | \u0627\u0644\u0645\u0643\u0645\u0644\u0627\u062a \u0627\u0644\u063a\u0630\u0627\u0626\u064a\u0629\u060c \u0627\u0644\u0635\u062d\u0629 \u0648\u0627\u0644\u062c\u0645\u0627\u0644 \u0641\u064a \u0627\u0644\u0645\u063a\u0631\u0628","description":"\u0646\u0628\u064a\u0639 \u0641\u064a\u062a\u0627\u0645\u064a\u0646\u0627\u062a \u0648\u0645\u0643\u0645\u0644\u0627\u062a \u063a\u0630\u0627\u0626\u064a\u0629 \u0641\u0627\u062e\u0631\u0629 \u0645\u0646 \u0627\u0644\u0648\u0644\u0627\u064a\u0627\u062a \u0627\u0644\u0645\u062a\u062d\u062f\u0629 \u0627\u0644\u0623\u0645\u0631\u064a\u0643\u064a\u0629 \u0648\u0643\u0646\u062f\u0627 \u0648\u0646\u064a\u0648\u0632\u064a\u0644\u0646\u062f\u0627 \u0648\u0627\u0644\u0645\u063a\u0631\u0628 (\u0646\u0627\u0648 \u0641\u0648\u062f\u0632\u060c \u0633\u0648\u0644\u062c\u0627\u0631\u060c \u0645\u0627\u0646\u0648\u0643\u0627). \u062a\u0648\u0635\u064a\u0644 \u0633\u0631\u064a\u0639 \u0625\u0644\u0649 \u062c\u0645\u064a\u0639 \u0623\u0646\u062d\u0627\u0621 \u0627\u0644\u0645\u063a\u0631\u0628.","publisher":{"@id":"https:\/\/vitablanca.ma\/#organization"},"alternateName":"VitaBlanca.ma","potentialAction":[{"@type":"SearchAction","target":{"@type":"EntryPoint","urlTemplate":"https:\/\/vitablanca.ma\/?s={search_term_string}"},"query-input":{"@type":"PropertyValueSpecification","valueRequired":true,"valueName":"search_term_string"}}],"inLanguage":"ar"},{"@type":"Organization","@id":"https:\/\/vitablanca.ma\/#organization","name":"\u0641\u064a\u062a\u0627\u0628\u0644\u0627\u0646\u0643\u0627","url":"https:\/\/vitablanca.ma\/","logo":{"@type":"ImageObject","inLanguage":"ar","@id":"https:\/\/vitablanca.ma\/#\/schema\/logo\/image\/","url":"https:\/\/vitablanca.ma\/wp-content\/uploads\/2025\/05\/cropped-vitablanca.png","contentUrl":"https:\/\/vitablanca.ma\/wp-content\/uploads\/2025\/05\/cropped-vitablanca.png","width":360,"height":67,"caption":"VitaBlanca"},"image":{"@id":"https:\/\/vitablanca.ma\/#\/schema\/logo\/image\/"},"sameAs":["https:\/\/www.facebook.com\/profile.php?id=61576678196717","https:\/\/www.tiktok.com\/@vitablanca.ma","https:\/\/www.instagram.com\/vitablanca.ma\/"]}]}},"jetpack_sharing_enabled":true,"_links":{"self":[{"href":"https:\/\/vitablanca.ma\/ar\/wp-json\/wp\/v2\/product\/82","targetHints":{"allow":["GET"]}}],"collection":[{"href":"https:\/\/vitablanca.ma\/ar\/wp-json\/wp\/v2\/product"}],"about":[{"href":"https:\/\/vitablanca.ma\/ar\/wp-json\/wp\/v2\/types\/product"}],"wp:featuredmedia":[{"embeddable":true,"href":"https:\/\/vitablanca.ma\/ar\/wp-json\/wp\/v2\/media\/83"}],"wp:attachment":[{"href":"https:\/\/vitablanca.ma\/ar\/wp-json\/wp\/v2\/media?parent=82"}],"wp:term":[{"taxonomy":"product_brand","embeddable":true,"href":"https:\/\/vitablanca.ma\/ar\/wp-json\/wp\/v2\/product_brand?post=82"},{"taxonomy":"product_cat","embeddable":true,"href":"https:\/\/vitablanca.ma\/ar\/wp-json\/wp\/v2\/product_cat?post=82"},{"taxonomy":"product_tag","embeddable":true,"href":"https:\/\/vitablanca.ma\/ar\/wp-json\/wp\/v2\/product_tag?post=82"}],"curies":[{"name":"wp","href":"https:\/\/api.w.org\/{rel}","templated":true}]}}