{"id":8178,"date":"2025-05-22T23:27:29","date_gmt":"2025-05-22T23:27:29","guid":{"rendered":"https:\/\/vitablanca.ma\/product\/skin-1004-madagascar-centella-ampoule-100ml\/"},"modified":"2026-01-06T14:03:55","modified_gmt":"2026-01-06T14:03:55","slug":"skin-1004-madagascar-centella-ampoule-100ml","status":"publish","type":"product","link":"https:\/\/vitablanca.ma\/ar\/product-2\/skin-1004-madagascar-centella-ampoule-100ml\/","title":{"rendered":"\u0623\u0645\u0628\u0648\u0644\u0629 \u0633\u0646\u062a\u064a\u0644\u0627 \u0645\u062f\u063a\u0634\u0642\u0631 SKIN 1004 100 \u0645\u0644"},"content":{"rendered":"<p><span><br \/>Cette ampoule apaisante de SKIN 1004 contient de l\u2019extrait de Centella Asiatica pour calmer et r\u00e9tablir l\u2019\u00e9quilibre de la peau. Elle aide \u00e9galement \u00e0 hydrater la peau en profondeur, id\u00e9ale pour les environnements agressifs. Profitez de tous les bienfaits de la Centella Asiatica avec cette ampoule de 55ml.<\/span><\/p>","protected":false},"excerpt":{"rendered":"<p>Cette ampoule apaisante de SKIN 1004 contient de l\u2019extrait de Centella Asiatica pour calmer et r\u00e9tablir l\u2019\u00e9quilibre de la peau. Elle aide \u00e9galement \u00e0 hydrater la peau en profondeur, id\u00e9ale pour les environnements agressifs. Profitez de tous les bienfaits de la Centella Asiatica avec cette ampoule de 55ml.<\/p>","protected":false},"featured_media":8177,"template":"","meta":{"om_disable_all_campaigns":false},"product_brand":[],"product_cat":[18,1117],"product_tag":[],"class_list":{"0":"post-8178","1":"product","2":"type-product","3":"status-publish","4":"has-post-thumbnail","6":"product_cat-beaute-sante","7":"product_cat-korean-skin-care","9":"first","10":"instock","11":"taxable","12":"shipping-taxable","13":"purchasable","14":"product-type-simple"},"yoast_head":"<!-- This site is optimized with the Yoast SEO plugin v27.5 - https:\/\/yoast.com\/product\/yoast-seo-wordpress\/ -->\n<title>SKIN 1004 Madagascar Centella Ampoule 100ml - Maroc Prix<\/title>\n<meta name=\"description\" content=\"D\u00e9couvrez le SKIN 1004 Madagascar Centella Ampoule 100ml sur Vitablanca.ma. Ampoule apaisante et r\u00e9paratrice \u00e0 la Centella Asiatica pour une peau\" \/>\n<meta name=\"robots\" content=\"index, follow, max-snippet:-1, max-image-preview:large, max-video-preview:-1\" \/>\n<link rel=\"canonical\" href=\"https:\/\/vitablanca.ma\/ar\/product-2\/skin-1004-madagascar-centella-ampoule-100ml\/\" \/>\n<meta property=\"og:locale\" content=\"ar_AR\" \/>\n<meta property=\"og:type\" content=\"article\" \/>\n<meta property=\"og:title\" content=\"SKIN 1004 Madagascar Centella Ampoule 100ml - Maroc Prix\" \/>\n<meta property=\"og:description\" content=\"D\u00e9couvrez le SKIN 1004 Madagascar Centella Ampoule 100ml sur Vitablanca.ma. Ampoule apaisante et r\u00e9paratrice \u00e0 la Centella Asiatica pour une peau\" \/>\n<meta property=\"og:url\" content=\"https:\/\/vitablanca.ma\/ar\/product-2\/skin-1004-madagascar-centella-ampoule-100ml\/\" \/>\n<meta property=\"og:site_name\" content=\"Vitablanca.ma &ndash; Sant&eacute;, vitalit&eacute; et bien-&ecirc;tre pour tous les Marocains\" \/>\n<meta property=\"article:publisher\" content=\"https:\/\/www.facebook.com\/profile.php?id=61576678196717\" \/>\n<meta property=\"article:modified_time\" content=\"2026-01-06T14:03:55+00:00\" \/>\n<meta property=\"og:image\" content=\"https:\/\/vitablanca.ma\/wp-content\/uploads\/2025\/05\/SKIN1004MadagascarCentellaAmpoule100ml.jpg\" \/>\n\t<meta property=\"og:image:width\" content=\"900\" \/>\n\t<meta property=\"og:image:height\" content=\"900\" \/>\n\t<meta property=\"og:image:type\" content=\"image\/jpeg\" \/>\n<meta name=\"twitter:card\" content=\"summary_large_image\" \/>\n<meta name=\"twitter:label1\" content=\"\u0648\u0642\u062a \u0627\u0644\u0642\u0631\u0627\u0621\u0629 \u0627\u0644\u0645\u064f\u0642\u062f\u0651\u0631\" \/>\n\t<meta name=\"twitter:data1\" content=\"\u062f\u0642\u064a\u0642\u0629 \u0648\u0627\u062d\u062f\u0629\" \/>\n<script type=\"application\/ld+json\" class=\"yoast-schema-graph\">{\"@context\":\"https:\\\/\\\/schema.org\",\"@graph\":[{\"@type\":[\"WebPage\",\"ItemPage\"],\"@id\":\"https:\\\/\\\/vitablanca.ma\\\/produit\\\/skin-1004-madagascar-centella-ampoule-100ml\\\/\",\"url\":\"https:\\\/\\\/vitablanca.ma\\\/produit\\\/skin-1004-madagascar-centella-ampoule-100ml\\\/\",\"name\":\"SKIN 1004 Madagascar Centella Ampoule 100ml - Maroc Prix\",\"isPartOf\":{\"@id\":\"https:\\\/\\\/vitablanca.ma\\\/#website\"},\"primaryImageOfPage\":{\"@id\":\"https:\\\/\\\/vitablanca.ma\\\/produit\\\/skin-1004-madagascar-centella-ampoule-100ml\\\/#primaryimage\"},\"image\":{\"@id\":\"https:\\\/\\\/vitablanca.ma\\\/produit\\\/skin-1004-madagascar-centella-ampoule-100ml\\\/#primaryimage\"},\"thumbnailUrl\":\"https:\\\/\\\/vitablanca.ma\\\/wp-content\\\/uploads\\\/2025\\\/05\\\/SKIN1004MadagascarCentellaAmpoule100ml.jpg\",\"datePublished\":\"2025-05-22T23:27:29+00:00\",\"dateModified\":\"2026-01-06T14:03:55+00:00\",\"description\":\"D\u00e9couvrez le SKIN 1004 Madagascar Centella Ampoule 100ml sur Vitablanca.ma. Ampoule apaisante et r\u00e9paratrice \u00e0 la Centella Asiatica pour une peau\",\"breadcrumb\":{\"@id\":\"https:\\\/\\\/vitablanca.ma\\\/produit\\\/skin-1004-madagascar-centella-ampoule-100ml\\\/#breadcrumb\"},\"inLanguage\":\"ar\",\"potentialAction\":[{\"@type\":\"ReadAction\",\"target\":[\"https:\\\/\\\/vitablanca.ma\\\/produit\\\/skin-1004-madagascar-centella-ampoule-100ml\\\/\"]}]},{\"@type\":\"ImageObject\",\"inLanguage\":\"ar\",\"@id\":\"https:\\\/\\\/vitablanca.ma\\\/produit\\\/skin-1004-madagascar-centella-ampoule-100ml\\\/#primaryimage\",\"url\":\"https:\\\/\\\/vitablanca.ma\\\/wp-content\\\/uploads\\\/2025\\\/05\\\/SKIN1004MadagascarCentellaAmpoule100ml.jpg\",\"contentUrl\":\"https:\\\/\\\/vitablanca.ma\\\/wp-content\\\/uploads\\\/2025\\\/05\\\/SKIN1004MadagascarCentellaAmpoule100ml.jpg\",\"width\":900,\"height\":900},{\"@type\":\"BreadcrumbList\",\"@id\":\"https:\\\/\\\/vitablanca.ma\\\/produit\\\/skin-1004-madagascar-centella-ampoule-100ml\\\/#breadcrumb\",\"itemListElement\":[{\"@type\":\"ListItem\",\"position\":1,\"name\":\"Home\",\"item\":\"https:\\\/\\\/vitablanca.ma\\\/\"},{\"@type\":\"ListItem\",\"position\":2,\"name\":\"Tous Les Produits\",\"item\":\"https:\\\/\\\/vitablanca.ma\\\/tous-les-produits\\\/\"},{\"@type\":\"ListItem\",\"position\":3,\"name\":\"SKIN 1004 Madagascar Centella Ampoule 100ml\"}]},{\"@type\":\"WebSite\",\"@id\":\"https:\\\/\\\/vitablanca.ma\\\/#website\",\"url\":\"https:\\\/\\\/vitablanca.ma\\\/\",\"name\":\"VitaBlanca.ma | Compl\u00e9ments alimentaires, sant\u00e9 & beaut\u00e9 au Maroc\",\"description\":\"vendre vitamines et compl\u00e9ments premium des USA &amp; Canada, Nouvelle Z\u00e9lande,Maroc (NOW Foods, Solgar, Manuka). Livraison rapide partout au Maroc.\",\"publisher\":{\"@id\":\"https:\\\/\\\/vitablanca.ma\\\/#organization\"},\"alternateName\":\"VitaBlanca.ma\",\"potentialAction\":[{\"@type\":\"SearchAction\",\"target\":{\"@type\":\"EntryPoint\",\"urlTemplate\":\"https:\\\/\\\/vitablanca.ma\\\/?s={search_term_string}\"},\"query-input\":{\"@type\":\"PropertyValueSpecification\",\"valueRequired\":true,\"valueName\":\"search_term_string\"}}],\"inLanguage\":\"ar\"},{\"@type\":\"Organization\",\"@id\":\"https:\\\/\\\/vitablanca.ma\\\/#organization\",\"name\":\"VitaBlanca\",\"url\":\"https:\\\/\\\/vitablanca.ma\\\/\",\"logo\":{\"@type\":\"ImageObject\",\"inLanguage\":\"ar\",\"@id\":\"https:\\\/\\\/vitablanca.ma\\\/#\\\/schema\\\/logo\\\/image\\\/\",\"url\":\"https:\\\/\\\/vitablanca.ma\\\/wp-content\\\/uploads\\\/2025\\\/05\\\/cropped-vitablanca.png\",\"contentUrl\":\"https:\\\/\\\/vitablanca.ma\\\/wp-content\\\/uploads\\\/2025\\\/05\\\/cropped-vitablanca.png\",\"width\":360,\"height\":67,\"caption\":\"VitaBlanca\"},\"image\":{\"@id\":\"https:\\\/\\\/vitablanca.ma\\\/#\\\/schema\\\/logo\\\/image\\\/\"},\"sameAs\":[\"https:\\\/\\\/www.facebook.com\\\/profile.php?id=61576678196717\",\"https:\\\/\\\/www.tiktok.com\\\/@vitablanca.ma\",\"https:\\\/\\\/www.instagram.com\\\/vitablanca.ma\\\/\"]}]}<\/script>\n<!-- \/ Yoast SEO plugin. -->","yoast_head_json":{"title":"\u0623\u0645\u0628\u0648\u0644\u0629 \u0633\u0646\u062a\u064a\u0644\u0627 \u0645\u062f\u063a\u0634\u0642\u0631 SKIN 1004 100 \u0645\u0644 - \u0633\u0639\u0631 \u0627\u0644\u0645\u063a\u0631\u0628","description":"\u0627\u0643\u062a\u0634\u0641\u064a \u0623\u0645\u0628\u0648\u0644\u0629 \u0633\u0646\u062a\u064a\u0644\u0627 \u0645\u062f\u063a\u0634\u0642\u0631 SKIN 1004 \u0633\u0639\u0629 100 \u0645\u0644 \u0639\u0644\u0649 Vitablanca.ma. \u0623\u0645\u0628\u0648\u0644\u0629 \u0645\u064f\u0647\u062f\u0626\u0629 \u0648\u0645\u064f\u062c\u062f\u062f\u0629 \u0644\u0644\u0628\u0634\u0631\u0629 \u0628\u062e\u0644\u0627\u0635\u0629 \u0633\u0646\u062a\u064a\u0644\u0627 \u0622\u0633\u064a\u0627\u062a\u064a\u0643\u0627.","robots":{"index":"index","follow":"follow","max-snippet":"max-snippet:-1","max-image-preview":"max-image-preview:large","max-video-preview":"max-video-preview:-1"},"canonical":"https:\/\/vitablanca.ma\/ar\/product-2\/skin-1004-madagascar-centella-ampoule-100ml\/","og_locale":"ar_AR","og_type":"article","og_title":"SKIN 1004 Madagascar Centella Ampoule 100ml - Maroc Prix","og_description":"D\u00e9couvrez le SKIN 1004 Madagascar Centella Ampoule 100ml sur Vitablanca.ma. Ampoule apaisante et r\u00e9paratrice \u00e0 la Centella Asiatica pour une peau","og_url":"https:\/\/vitablanca.ma\/ar\/product-2\/skin-1004-madagascar-centella-ampoule-100ml\/","og_site_name":"Vitablanca.ma &ndash; Sant&eacute;, vitalit&eacute; et bien-&ecirc;tre pour tous les Marocains","article_publisher":"https:\/\/www.facebook.com\/profile.php?id=61576678196717","article_modified_time":"2026-01-06T14:03:55+00:00","og_image":[{"width":900,"height":900,"url":"https:\/\/vitablanca.ma\/wp-content\/uploads\/2025\/05\/SKIN1004MadagascarCentellaAmpoule100ml.jpg","type":"image\/jpeg"}],"twitter_card":"summary_large_image","twitter_misc":{"\u0648\u0642\u062a \u0627\u0644\u0642\u0631\u0627\u0621\u0629 \u0627\u0644\u0645\u064f\u0642\u062f\u0651\u0631":"\u062f\u0642\u064a\u0642\u0629 \u0648\u0627\u062d\u062f\u0629"},"schema":{"@context":"https:\/\/schema.org","@graph":[{"@type":["WebPage","ItemPage"],"@id":"https:\/\/vitablanca.ma\/produit\/skin-1004-madagascar-centella-ampoule-100ml\/","url":"https:\/\/vitablanca.ma\/produit\/skin-1004-madagascar-centella-ampoule-100ml\/","name":"\u0623\u0645\u0628\u0648\u0644\u0629 \u0633\u0646\u062a\u064a\u0644\u0627 \u0645\u062f\u063a\u0634\u0642\u0631 SKIN 1004 100 \u0645\u0644 - \u0633\u0639\u0631 \u0627\u0644\u0645\u063a\u0631\u0628","isPartOf":{"@id":"https:\/\/vitablanca.ma\/#website"},"primaryImageOfPage":{"@id":"https:\/\/vitablanca.ma\/produit\/skin-1004-madagascar-centella-ampoule-100ml\/#primaryimage"},"image":{"@id":"https:\/\/vitablanca.ma\/produit\/skin-1004-madagascar-centella-ampoule-100ml\/#primaryimage"},"thumbnailUrl":"https:\/\/vitablanca.ma\/wp-content\/uploads\/2025\/05\/SKIN1004MadagascarCentellaAmpoule100ml.jpg","datePublished":"2025-05-22T23:27:29+00:00","dateModified":"2026-01-06T14:03:55+00:00","description":"\u0627\u0643\u062a\u0634\u0641\u064a \u0623\u0645\u0628\u0648\u0644\u0629 \u0633\u0646\u062a\u064a\u0644\u0627 \u0645\u062f\u063a\u0634\u0642\u0631 SKIN 1004 \u0633\u0639\u0629 100 \u0645\u0644 \u0639\u0644\u0649 Vitablanca.ma. \u0623\u0645\u0628\u0648\u0644\u0629 \u0645\u064f\u0647\u062f\u0626\u0629 \u0648\u0645\u064f\u062c\u062f\u062f\u0629 \u0644\u0644\u0628\u0634\u0631\u0629 \u0628\u062e\u0644\u0627\u0635\u0629 \u0633\u0646\u062a\u064a\u0644\u0627 \u0622\u0633\u064a\u0627\u062a\u064a\u0643\u0627.","breadcrumb":{"@id":"https:\/\/vitablanca.ma\/produit\/skin-1004-madagascar-centella-ampoule-100ml\/#breadcrumb"},"inLanguage":"ar","potentialAction":[{"@type":"ReadAction","target":["https:\/\/vitablanca.ma\/produit\/skin-1004-madagascar-centella-ampoule-100ml\/"]}]},{"@type":"ImageObject","inLanguage":"ar","@id":"https:\/\/vitablanca.ma\/produit\/skin-1004-madagascar-centella-ampoule-100ml\/#primaryimage","url":"https:\/\/vitablanca.ma\/wp-content\/uploads\/2025\/05\/SKIN1004MadagascarCentellaAmpoule100ml.jpg","contentUrl":"https:\/\/vitablanca.ma\/wp-content\/uploads\/2025\/05\/SKIN1004MadagascarCentellaAmpoule100ml.jpg","width":900,"height":900},{"@type":"BreadcrumbList","@id":"https:\/\/vitablanca.ma\/produit\/skin-1004-madagascar-centella-ampoule-100ml\/#breadcrumb","itemListElement":[{"@type":"ListItem","position":1,"name":"Home","item":"https:\/\/vitablanca.ma\/"},{"@type":"ListItem","position":2,"name":"Tous Les Produits","item":"https:\/\/vitablanca.ma\/tous-les-produits\/"},{"@type":"ListItem","position":3,"name":"SKIN 1004 Madagascar Centella Ampoule 100ml"}]},{"@type":"WebSite","@id":"https:\/\/vitablanca.ma\/#website","url":"https:\/\/vitablanca.ma\/","name":"VitaBlanca.ma | \u0627\u0644\u0645\u0643\u0645\u0644\u0627\u062a \u0627\u0644\u063a\u0630\u0627\u0626\u064a\u0629\u060c \u0627\u0644\u0635\u062d\u0629 \u0648\u0627\u0644\u062c\u0645\u0627\u0644 \u0641\u064a \u0627\u0644\u0645\u063a\u0631\u0628","description":"\u0646\u0628\u064a\u0639 \u0641\u064a\u062a\u0627\u0645\u064a\u0646\u0627\u062a \u0648\u0645\u0643\u0645\u0644\u0627\u062a \u063a\u0630\u0627\u0626\u064a\u0629 \u0641\u0627\u062e\u0631\u0629 \u0645\u0646 \u0627\u0644\u0648\u0644\u0627\u064a\u0627\u062a \u0627\u0644\u0645\u062a\u062d\u062f\u0629 \u0627\u0644\u0623\u0645\u0631\u064a\u0643\u064a\u0629 \u0648\u0643\u0646\u062f\u0627 \u0648\u0646\u064a\u0648\u0632\u064a\u0644\u0646\u062f\u0627 \u0648\u0627\u0644\u0645\u063a\u0631\u0628 (\u0646\u0627\u0648 \u0641\u0648\u062f\u0632\u060c \u0633\u0648\u0644\u062c\u0627\u0631\u060c \u0645\u0627\u0646\u0648\u0643\u0627). \u062a\u0648\u0635\u064a\u0644 \u0633\u0631\u064a\u0639 \u0625\u0644\u0649 \u062c\u0645\u064a\u0639 \u0623\u0646\u062d\u0627\u0621 \u0627\u0644\u0645\u063a\u0631\u0628.","publisher":{"@id":"https:\/\/vitablanca.ma\/#organization"},"alternateName":"VitaBlanca.ma","potentialAction":[{"@type":"SearchAction","target":{"@type":"EntryPoint","urlTemplate":"https:\/\/vitablanca.ma\/?s={search_term_string}"},"query-input":{"@type":"PropertyValueSpecification","valueRequired":true,"valueName":"search_term_string"}}],"inLanguage":"ar"},{"@type":"Organization","@id":"https:\/\/vitablanca.ma\/#organization","name":"\u0641\u064a\u062a\u0627\u0628\u0644\u0627\u0646\u0643\u0627","url":"https:\/\/vitablanca.ma\/","logo":{"@type":"ImageObject","inLanguage":"ar","@id":"https:\/\/vitablanca.ma\/#\/schema\/logo\/image\/","url":"https:\/\/vitablanca.ma\/wp-content\/uploads\/2025\/05\/cropped-vitablanca.png","contentUrl":"https:\/\/vitablanca.ma\/wp-content\/uploads\/2025\/05\/cropped-vitablanca.png","width":360,"height":67,"caption":"VitaBlanca"},"image":{"@id":"https:\/\/vitablanca.ma\/#\/schema\/logo\/image\/"},"sameAs":["https:\/\/www.facebook.com\/profile.php?id=61576678196717","https:\/\/www.tiktok.com\/@vitablanca.ma","https:\/\/www.instagram.com\/vitablanca.ma\/"]}]}},"jetpack_sharing_enabled":true,"_links":{"self":[{"href":"https:\/\/vitablanca.ma\/ar\/wp-json\/wp\/v2\/product\/8178","targetHints":{"allow":["GET"]}}],"collection":[{"href":"https:\/\/vitablanca.ma\/ar\/wp-json\/wp\/v2\/product"}],"about":[{"href":"https:\/\/vitablanca.ma\/ar\/wp-json\/wp\/v2\/types\/product"}],"wp:featuredmedia":[{"embeddable":true,"href":"https:\/\/vitablanca.ma\/ar\/wp-json\/wp\/v2\/media\/8177"}],"wp:attachment":[{"href":"https:\/\/vitablanca.ma\/ar\/wp-json\/wp\/v2\/media?parent=8178"}],"wp:term":[{"taxonomy":"product_brand","embeddable":true,"href":"https:\/\/vitablanca.ma\/ar\/wp-json\/wp\/v2\/product_brand?post=8178"},{"taxonomy":"product_cat","embeddable":true,"href":"https:\/\/vitablanca.ma\/ar\/wp-json\/wp\/v2\/product_cat?post=8178"},{"taxonomy":"product_tag","embeddable":true,"href":"https:\/\/vitablanca.ma\/ar\/wp-json\/wp\/v2\/product_tag?post=8178"}],"curies":[{"name":"wp","href":"https:\/\/api.w.org\/{rel}","templated":true}]}}