{"id":8174,"date":"2025-05-22T23:26:53","date_gmt":"2025-05-22T23:26:53","guid":{"rendered":"https:\/\/vitablanca.ma\/product\/anua-77-heartleaf-pore-control-cleansing-oil\/"},"modified":"2026-01-06T14:03:55","modified_gmt":"2026-01-06T14:03:55","slug":"anua-77-heartleaf-pore-control-cleansing-oil","status":"publish","type":"product","link":"https:\/\/vitablanca.ma\/ar\/product-2\/anua-77-heartleaf-pore-control-cleansing-oil\/","title":{"rendered":"\u0632\u064a\u062a \u062a\u0646\u0638\u064a\u0641 \u0627\u0644\u0645\u0633\u0627\u0645 \u0645\u0646 ANUA 77 % HEARTLEAF"},"content":{"rendered":"<p><span><br \/>D\u00e9couvrez la puissance de l\u2019huile d\u00e9maquillante ANUA 77 % HEARTLEAF PORE CONTROL. Formul\u00e9e avec 77 % d\u2019extrait de feuille de c\u0153ur, elle nettoie en profondeur les pores, contr\u00f4le le s\u00e9bum et laisse la peau douce et \u00e9clatante. Obtenez un teint impeccable gr\u00e2ce \u00e0 cette huile de nettoyage unique.<\/span><\/p>","protected":false},"excerpt":{"rendered":"<p>D\u00e9couvrez la puissance de l\u2019huile d\u00e9maquillante ANUA 77 % HEARTLEAF PORE CONTROL. Formul\u00e9e avec 77 % d\u2019extrait de feuille de c\u0153ur, elle nettoie en profondeur les pores, contr\u00f4le le s\u00e9bum et laisse la peau douce et \u00e9clatante. Obtenez un teint impeccable gr\u00e2ce \u00e0 cette huile de nettoyage unique.<\/p>","protected":false},"featured_media":8173,"template":"","meta":{"om_disable_all_campaigns":false},"product_brand":[3371],"product_cat":[18,1117],"product_tag":[],"class_list":{"0":"post-8174","1":"product","2":"type-product","3":"status-publish","4":"has-post-thumbnail","6":"product_brand-produits-anua-maroc","7":"product_cat-beaute-sante","8":"product_cat-korean-skin-care","10":"first","11":"instock","12":"taxable","13":"shipping-taxable","14":"purchasable","15":"product-type-simple"},"yoast_head":"<!-- This site is optimized with the Yoast SEO plugin v27.5 - https:\/\/yoast.com\/product\/yoast-seo-wordpress\/ -->\n<title>ANUA 77 % HEARTLEAF: Nettoyage en Profondeur - Maroc Prix<\/title>\n<meta name=\"description\" content=\"D\u00e9couvrez l&#039;huile d\u00e9maquillante ANUA 77 % HEARTLEAF pour une peau \u00e9clatante et douce. Nettoyez vos pores en profondeur et dominez le s\u00e9bum !\" \/>\n<meta name=\"robots\" content=\"index, follow, max-snippet:-1, max-image-preview:large, max-video-preview:-1\" \/>\n<link rel=\"canonical\" href=\"https:\/\/vitablanca.ma\/ar\/product-2\/anua-77-heartleaf-pore-control-cleansing-oil\/\" \/>\n<meta property=\"og:locale\" content=\"ar_AR\" \/>\n<meta property=\"og:type\" content=\"article\" \/>\n<meta property=\"og:title\" content=\"ANUA 77 % HEARTLEAF: Nettoyage en Profondeur - Maroc Prix\" \/>\n<meta property=\"og:description\" content=\"D\u00e9couvrez l&#039;huile d\u00e9maquillante ANUA 77 % HEARTLEAF pour une peau \u00e9clatante et douce. Nettoyez vos pores en profondeur et dominez le s\u00e9bum !\" \/>\n<meta property=\"og:url\" content=\"https:\/\/vitablanca.ma\/ar\/product-2\/anua-77-heartleaf-pore-control-cleansing-oil\/\" \/>\n<meta property=\"og:site_name\" content=\"Vitablanca.ma &ndash; Sant&eacute;, vitalit&eacute; et bien-&ecirc;tre pour tous les Marocains\" \/>\n<meta property=\"article:publisher\" content=\"https:\/\/www.facebook.com\/profile.php?id=61576678196717\" \/>\n<meta property=\"article:modified_time\" content=\"2026-01-06T14:03:55+00:00\" \/>\n<meta property=\"og:image\" content=\"https:\/\/vitablanca.ma\/wp-content\/uploads\/2025\/05\/IMG-0166.jpg\" \/>\n\t<meta property=\"og:image:width\" content=\"736\" \/>\n\t<meta property=\"og:image:height\" content=\"1104\" \/>\n\t<meta property=\"og:image:type\" content=\"image\/jpeg\" \/>\n<meta name=\"twitter:card\" content=\"summary_large_image\" \/>\n<meta name=\"twitter:label1\" content=\"\u0648\u0642\u062a \u0627\u0644\u0642\u0631\u0627\u0621\u0629 \u0627\u0644\u0645\u064f\u0642\u062f\u0651\u0631\" \/>\n\t<meta name=\"twitter:data1\" content=\"\u062f\u0642\u064a\u0642\u0629 \u0648\u0627\u062d\u062f\u0629\" \/>\n<script type=\"application\/ld+json\" class=\"yoast-schema-graph\">{\"@context\":\"https:\\\/\\\/schema.org\",\"@graph\":[{\"@type\":[\"WebPage\",\"ItemPage\"],\"@id\":\"https:\\\/\\\/vitablanca.ma\\\/produit\\\/anua-77-heartleaf-pore-control-cleansing-oil\\\/\",\"url\":\"https:\\\/\\\/vitablanca.ma\\\/produit\\\/anua-77-heartleaf-pore-control-cleansing-oil\\\/\",\"name\":\"ANUA 77 % HEARTLEAF: Nettoyage en Profondeur - Maroc Prix\",\"isPartOf\":{\"@id\":\"https:\\\/\\\/vitablanca.ma\\\/#website\"},\"primaryImageOfPage\":{\"@id\":\"https:\\\/\\\/vitablanca.ma\\\/produit\\\/anua-77-heartleaf-pore-control-cleansing-oil\\\/#primaryimage\"},\"image\":{\"@id\":\"https:\\\/\\\/vitablanca.ma\\\/produit\\\/anua-77-heartleaf-pore-control-cleansing-oil\\\/#primaryimage\"},\"thumbnailUrl\":\"https:\\\/\\\/vitablanca.ma\\\/wp-content\\\/uploads\\\/2025\\\/05\\\/IMG-0166.jpg\",\"datePublished\":\"2025-05-22T23:26:53+00:00\",\"dateModified\":\"2026-01-06T14:03:55+00:00\",\"description\":\"D\u00e9couvrez l'huile d\u00e9maquillante ANUA 77 % HEARTLEAF pour une peau \u00e9clatante et douce. Nettoyez vos pores en profondeur et dominez le s\u00e9bum !\",\"breadcrumb\":{\"@id\":\"https:\\\/\\\/vitablanca.ma\\\/produit\\\/anua-77-heartleaf-pore-control-cleansing-oil\\\/#breadcrumb\"},\"inLanguage\":\"ar\",\"potentialAction\":[{\"@type\":\"ReadAction\",\"target\":[\"https:\\\/\\\/vitablanca.ma\\\/produit\\\/anua-77-heartleaf-pore-control-cleansing-oil\\\/\"]}]},{\"@type\":\"ImageObject\",\"inLanguage\":\"ar\",\"@id\":\"https:\\\/\\\/vitablanca.ma\\\/produit\\\/anua-77-heartleaf-pore-control-cleansing-oil\\\/#primaryimage\",\"url\":\"https:\\\/\\\/vitablanca.ma\\\/wp-content\\\/uploads\\\/2025\\\/05\\\/IMG-0166.jpg\",\"contentUrl\":\"https:\\\/\\\/vitablanca.ma\\\/wp-content\\\/uploads\\\/2025\\\/05\\\/IMG-0166.jpg\",\"width\":736,\"height\":1104},{\"@type\":\"BreadcrumbList\",\"@id\":\"https:\\\/\\\/vitablanca.ma\\\/produit\\\/anua-77-heartleaf-pore-control-cleansing-oil\\\/#breadcrumb\",\"itemListElement\":[{\"@type\":\"ListItem\",\"position\":1,\"name\":\"Home\",\"item\":\"https:\\\/\\\/vitablanca.ma\\\/\"},{\"@type\":\"ListItem\",\"position\":2,\"name\":\"Tous Les Produits\",\"item\":\"https:\\\/\\\/vitablanca.ma\\\/tous-les-produits\\\/\"},{\"@type\":\"ListItem\",\"position\":3,\"name\":\"ANUA 77 % HEARTLEAF PORE CONTROL CLEANSING OIL\"}]},{\"@type\":\"WebSite\",\"@id\":\"https:\\\/\\\/vitablanca.ma\\\/#website\",\"url\":\"https:\\\/\\\/vitablanca.ma\\\/\",\"name\":\"VitaBlanca.ma | Compl\u00e9ments alimentaires, sant\u00e9 & beaut\u00e9 au Maroc\",\"description\":\"vendre vitamines et compl\u00e9ments premium des USA &amp; Canada, Nouvelle Z\u00e9lande,Maroc (NOW Foods, Solgar, Manuka). Livraison rapide partout au Maroc.\",\"publisher\":{\"@id\":\"https:\\\/\\\/vitablanca.ma\\\/#organization\"},\"alternateName\":\"VitaBlanca.ma\",\"potentialAction\":[{\"@type\":\"SearchAction\",\"target\":{\"@type\":\"EntryPoint\",\"urlTemplate\":\"https:\\\/\\\/vitablanca.ma\\\/?s={search_term_string}\"},\"query-input\":{\"@type\":\"PropertyValueSpecification\",\"valueRequired\":true,\"valueName\":\"search_term_string\"}}],\"inLanguage\":\"ar\"},{\"@type\":\"Organization\",\"@id\":\"https:\\\/\\\/vitablanca.ma\\\/#organization\",\"name\":\"VitaBlanca\",\"url\":\"https:\\\/\\\/vitablanca.ma\\\/\",\"logo\":{\"@type\":\"ImageObject\",\"inLanguage\":\"ar\",\"@id\":\"https:\\\/\\\/vitablanca.ma\\\/#\\\/schema\\\/logo\\\/image\\\/\",\"url\":\"https:\\\/\\\/vitablanca.ma\\\/wp-content\\\/uploads\\\/2025\\\/05\\\/cropped-vitablanca.png\",\"contentUrl\":\"https:\\\/\\\/vitablanca.ma\\\/wp-content\\\/uploads\\\/2025\\\/05\\\/cropped-vitablanca.png\",\"width\":360,\"height\":67,\"caption\":\"VitaBlanca\"},\"image\":{\"@id\":\"https:\\\/\\\/vitablanca.ma\\\/#\\\/schema\\\/logo\\\/image\\\/\"},\"sameAs\":[\"https:\\\/\\\/www.facebook.com\\\/profile.php?id=61576678196717\",\"https:\\\/\\\/www.tiktok.com\\\/@vitablanca.ma\",\"https:\\\/\\\/www.instagram.com\\\/vitablanca.ma\\\/\"]}]}<\/script>\n<!-- \/ Yoast SEO plugin. -->","yoast_head_json":{"title":"ANUA 77 % HEARTLEAF: Nettoyage en Profondeur - Maroc Prix","description":"D\u00e9couvrez l'huile d\u00e9maquillante ANUA 77 % HEARTLEAF pour une peau \u00e9clatante et douce. Nettoyez vos pores en profondeur et dominez le s\u00e9bum !","robots":{"index":"index","follow":"follow","max-snippet":"max-snippet:-1","max-image-preview":"max-image-preview:large","max-video-preview":"max-video-preview:-1"},"canonical":"https:\/\/vitablanca.ma\/ar\/product-2\/anua-77-heartleaf-pore-control-cleansing-oil\/","og_locale":"ar_AR","og_type":"article","og_title":"ANUA 77 % HEARTLEAF: Nettoyage en Profondeur - Maroc Prix","og_description":"D\u00e9couvrez l'huile d\u00e9maquillante ANUA 77 % HEARTLEAF pour une peau \u00e9clatante et douce. Nettoyez vos pores en profondeur et dominez le s\u00e9bum !","og_url":"https:\/\/vitablanca.ma\/ar\/product-2\/anua-77-heartleaf-pore-control-cleansing-oil\/","og_site_name":"Vitablanca.ma &ndash; Sant&eacute;, vitalit&eacute; et bien-&ecirc;tre pour tous les Marocains","article_publisher":"https:\/\/www.facebook.com\/profile.php?id=61576678196717","article_modified_time":"2026-01-06T14:03:55+00:00","og_image":[{"width":736,"height":1104,"url":"https:\/\/vitablanca.ma\/wp-content\/uploads\/2025\/05\/IMG-0166.jpg","type":"image\/jpeg"}],"twitter_card":"summary_large_image","twitter_misc":{"\u0648\u0642\u062a \u0627\u0644\u0642\u0631\u0627\u0621\u0629 \u0627\u0644\u0645\u064f\u0642\u062f\u0651\u0631":"\u062f\u0642\u064a\u0642\u0629 \u0648\u0627\u062d\u062f\u0629"},"schema":{"@context":"https:\/\/schema.org","@graph":[{"@type":["WebPage","ItemPage"],"@id":"https:\/\/vitablanca.ma\/produit\/anua-77-heartleaf-pore-control-cleansing-oil\/","url":"https:\/\/vitablanca.ma\/produit\/anua-77-heartleaf-pore-control-cleansing-oil\/","name":"ANUA 77 % HEARTLEAF: Nettoyage en Profondeur - Maroc Prix","isPartOf":{"@id":"https:\/\/vitablanca.ma\/#website"},"primaryImageOfPage":{"@id":"https:\/\/vitablanca.ma\/produit\/anua-77-heartleaf-pore-control-cleansing-oil\/#primaryimage"},"image":{"@id":"https:\/\/vitablanca.ma\/produit\/anua-77-heartleaf-pore-control-cleansing-oil\/#primaryimage"},"thumbnailUrl":"https:\/\/vitablanca.ma\/wp-content\/uploads\/2025\/05\/IMG-0166.jpg","datePublished":"2025-05-22T23:26:53+00:00","dateModified":"2026-01-06T14:03:55+00:00","description":"D\u00e9couvrez l'huile d\u00e9maquillante ANUA 77 % HEARTLEAF pour une peau \u00e9clatante et douce. Nettoyez vos pores en profondeur et dominez le s\u00e9bum !","breadcrumb":{"@id":"https:\/\/vitablanca.ma\/produit\/anua-77-heartleaf-pore-control-cleansing-oil\/#breadcrumb"},"inLanguage":"ar","potentialAction":[{"@type":"ReadAction","target":["https:\/\/vitablanca.ma\/produit\/anua-77-heartleaf-pore-control-cleansing-oil\/"]}]},{"@type":"ImageObject","inLanguage":"ar","@id":"https:\/\/vitablanca.ma\/produit\/anua-77-heartleaf-pore-control-cleansing-oil\/#primaryimage","url":"https:\/\/vitablanca.ma\/wp-content\/uploads\/2025\/05\/IMG-0166.jpg","contentUrl":"https:\/\/vitablanca.ma\/wp-content\/uploads\/2025\/05\/IMG-0166.jpg","width":736,"height":1104},{"@type":"BreadcrumbList","@id":"https:\/\/vitablanca.ma\/produit\/anua-77-heartleaf-pore-control-cleansing-oil\/#breadcrumb","itemListElement":[{"@type":"ListItem","position":1,"name":"Home","item":"https:\/\/vitablanca.ma\/"},{"@type":"ListItem","position":2,"name":"Tous Les Produits","item":"https:\/\/vitablanca.ma\/tous-les-produits\/"},{"@type":"ListItem","position":3,"name":"ANUA 77 % HEARTLEAF PORE CONTROL CLEANSING OIL"}]},{"@type":"WebSite","@id":"https:\/\/vitablanca.ma\/#website","url":"https:\/\/vitablanca.ma\/","name":"VitaBlanca.ma | \u0627\u0644\u0645\u0643\u0645\u0644\u0627\u062a \u0627\u0644\u063a\u0630\u0627\u0626\u064a\u0629\u060c \u0627\u0644\u0635\u062d\u0629 \u0648\u0627\u0644\u062c\u0645\u0627\u0644 \u0641\u064a \u0627\u0644\u0645\u063a\u0631\u0628","description":"\u0646\u0628\u064a\u0639 \u0641\u064a\u062a\u0627\u0645\u064a\u0646\u0627\u062a \u0648\u0645\u0643\u0645\u0644\u0627\u062a \u063a\u0630\u0627\u0626\u064a\u0629 \u0641\u0627\u062e\u0631\u0629 \u0645\u0646 \u0627\u0644\u0648\u0644\u0627\u064a\u0627\u062a \u0627\u0644\u0645\u062a\u062d\u062f\u0629 \u0627\u0644\u0623\u0645\u0631\u064a\u0643\u064a\u0629 \u0648\u0643\u0646\u062f\u0627 \u0648\u0646\u064a\u0648\u0632\u064a\u0644\u0646\u062f\u0627 \u0648\u0627\u0644\u0645\u063a\u0631\u0628 (\u0646\u0627\u0648 \u0641\u0648\u062f\u0632\u060c \u0633\u0648\u0644\u062c\u0627\u0631\u060c \u0645\u0627\u0646\u0648\u0643\u0627). \u062a\u0648\u0635\u064a\u0644 \u0633\u0631\u064a\u0639 \u0625\u0644\u0649 \u062c\u0645\u064a\u0639 \u0623\u0646\u062d\u0627\u0621 \u0627\u0644\u0645\u063a\u0631\u0628.","publisher":{"@id":"https:\/\/vitablanca.ma\/#organization"},"alternateName":"VitaBlanca.ma","potentialAction":[{"@type":"SearchAction","target":{"@type":"EntryPoint","urlTemplate":"https:\/\/vitablanca.ma\/?s={search_term_string}"},"query-input":{"@type":"PropertyValueSpecification","valueRequired":true,"valueName":"search_term_string"}}],"inLanguage":"ar"},{"@type":"Organization","@id":"https:\/\/vitablanca.ma\/#organization","name":"\u0641\u064a\u062a\u0627\u0628\u0644\u0627\u0646\u0643\u0627","url":"https:\/\/vitablanca.ma\/","logo":{"@type":"ImageObject","inLanguage":"ar","@id":"https:\/\/vitablanca.ma\/#\/schema\/logo\/image\/","url":"https:\/\/vitablanca.ma\/wp-content\/uploads\/2025\/05\/cropped-vitablanca.png","contentUrl":"https:\/\/vitablanca.ma\/wp-content\/uploads\/2025\/05\/cropped-vitablanca.png","width":360,"height":67,"caption":"VitaBlanca"},"image":{"@id":"https:\/\/vitablanca.ma\/#\/schema\/logo\/image\/"},"sameAs":["https:\/\/www.facebook.com\/profile.php?id=61576678196717","https:\/\/www.tiktok.com\/@vitablanca.ma","https:\/\/www.instagram.com\/vitablanca.ma\/"]}]}},"jetpack_sharing_enabled":true,"_links":{"self":[{"href":"https:\/\/vitablanca.ma\/ar\/wp-json\/wp\/v2\/product\/8174","targetHints":{"allow":["GET"]}}],"collection":[{"href":"https:\/\/vitablanca.ma\/ar\/wp-json\/wp\/v2\/product"}],"about":[{"href":"https:\/\/vitablanca.ma\/ar\/wp-json\/wp\/v2\/types\/product"}],"wp:featuredmedia":[{"embeddable":true,"href":"https:\/\/vitablanca.ma\/ar\/wp-json\/wp\/v2\/media\/8173"}],"wp:attachment":[{"href":"https:\/\/vitablanca.ma\/ar\/wp-json\/wp\/v2\/media?parent=8174"}],"wp:term":[{"taxonomy":"product_brand","embeddable":true,"href":"https:\/\/vitablanca.ma\/ar\/wp-json\/wp\/v2\/product_brand?post=8174"},{"taxonomy":"product_cat","embeddable":true,"href":"https:\/\/vitablanca.ma\/ar\/wp-json\/wp\/v2\/product_cat?post=8174"},{"taxonomy":"product_tag","embeddable":true,"href":"https:\/\/vitablanca.ma\/ar\/wp-json\/wp\/v2\/product_tag?post=8174"}],"curies":[{"name":"wp","href":"https:\/\/api.w.org\/{rel}","templated":true}]}}