{"id":8152,"date":"2025-05-22T23:23:33","date_gmt":"2025-05-22T23:23:33","guid":{"rendered":"https:\/\/vitablanca.ma\/product\/axis-y-artichoke-intensive-skin-barrier-ampoule-30ml\/"},"modified":"2026-01-06T14:03:56","modified_gmt":"2026-01-06T14:03:56","slug":"axis-y-artichoke-intensive-skin-barrier-ampoule-30ml","status":"publish","type":"product","link":"https:\/\/vitablanca.ma\/ar\/product-2\/axis-y-artichoke-intensive-skin-barrier-ampoule-30ml\/","title":{"rendered":"\u0623\u0645\u0628\u0648\u0644\u0629 \u0623\u0643\u0633\u064a\u0633 \u0648\u0627\u064a \u0623\u0631\u062a\u064a\u0634\u0648\u0643 \u0627\u0644\u0645\u0643\u062b\u0641\u0629 \u0644\u062d\u0627\u062c\u0632 \u0627\u0644\u0628\u0634\u0631\u0629 30 \u0645\u0644"},"content":{"rendered":"<h2>Ample Renfor\u00e7ateur de Barri\u00e8re Cutan\u00e9e Artichaut 30ml<\/h2>\n<p>\u0644&#039;<strong>Ample Renfor\u00e7ateur de Barri\u00e8re Cutan\u00e9e Artichaut<\/strong> est votre solution pour une peau fortifi\u00e9e et r\u00e9siliente. Enrichie en extraits d&rsquo;<strong>artichaut<\/strong>, cette ampoule booste la barri\u00e8re cutan\u00e9e, aidant \u00e0 prot\u00e9ger contre les agressions ext\u00e9rieures tout en maintenant une hydratation optimale. Id\u00e9al pour les peaux affaiblies, ce soin quotidien aide \u00e0 retrouver une <strong>peau plus saine<\/strong> et r\u00e9sistante.<\/p>","protected":false},"excerpt":{"rendered":"<p>Ample Renfor\u00e7ateur de Barri\u00e8re Cutan\u00e9e Artichaut 30ml L&rsquo;Ample Renfor\u00e7ateur de Barri\u00e8re Cutan\u00e9e Artichaut est votre solution pour une peau fortifi\u00e9e et r\u00e9siliente. Enrichie en extraits d&rsquo;artichaut, cette ampoule booste la barri\u00e8re cutan\u00e9e, aidant \u00e0 prot\u00e9ger contre les agressions ext\u00e9rieures tout en maintenant une hydratation optimale. Id\u00e9al pour les peaux affaiblies, ce soin quotidien aide \u00e0 [&hellip;]<\/p>\n","protected":false},"featured_media":8068,"template":"","meta":{"om_disable_all_campaigns":false},"product_brand":[3385],"product_cat":[18,1117],"product_tag":[3395,3394,3393,3390,3386,3392,3389,3391,3387,3396,3398,3397,3388],"class_list":{"0":"post-8152","1":"product","2":"type-product","3":"status-publish","4":"has-post-thumbnail","6":"product_brand-axis-y-maroc-prix-vitablanca","7":"product_cat-beaute-sante","8":"product_cat-korean-skin-care","9":"product_tag-ampoule-reparatrice-maroc","10":"product_tag-artichoke-intensive-skin-barrier-ampoule","11":"product_tag-axis-y-artichoke-maroc","12":"product_tag-axis-y-k-beauty-maroc","13":"product_tag-axis-y-maroc","14":"product_tag-axis-y-original-maroc","15":"product_tag-axis-y-peau-acneique-maroc","16":"product_tag-axis-y-soins-coreens-maroc","17":"product_tag-produits-axis-y-maroc","18":"product_tag-serum-axis-y-maroc","19":"product_tag-serum-barriere-cutanee-axis-y","20":"product_tag-soins-coreens-axis-y","21":"product_tag-soins-visage-axis-y","23":"first","24":"instock","25":"taxable","26":"shipping-taxable","27":"purchasable","28":"product-type-simple"},"yoast_head":"<!-- This site is optimized with the Yoast SEO plugin v27.4 - https:\/\/yoast.com\/product\/yoast-seo-wordpress\/ -->\n<title>AXIS-Y Artichoke Intensive Skin Barrier Ampoule 30ml - Maroc Prix<\/title>\n<meta name=\"description\" content=\"Ampoule hydratante et r\u00e9paratrice \u00e0 l\u2019artichaut, renforce la barri\u00e8re cutan\u00e9e, apaise et prot\u00e8ge la peau sensible. Convient aux peaux grasses.\" \/>\n<meta name=\"robots\" content=\"index, follow, max-snippet:-1, max-image-preview:large, max-video-preview:-1\" \/>\n<link rel=\"canonical\" href=\"https:\/\/vitablanca.ma\/ar\/product-2\/axis-y-artichoke-intensive-skin-barrier-ampoule-30ml\/\" \/>\n<meta property=\"og:locale\" content=\"ar_AR\" \/>\n<meta property=\"og:type\" content=\"article\" \/>\n<meta property=\"og:title\" content=\"AXIS-Y Artichoke Intensive Skin Barrier Ampoule 30ml - Maroc Prix\" \/>\n<meta property=\"og:description\" content=\"Ampoule hydratante et r\u00e9paratrice \u00e0 l\u2019artichaut, renforce la barri\u00e8re cutan\u00e9e, apaise et prot\u00e8ge la peau sensible. Convient aux peaux grasses.\" \/>\n<meta property=\"og:url\" content=\"https:\/\/vitablanca.ma\/ar\/product-2\/axis-y-artichoke-intensive-skin-barrier-ampoule-30ml\/\" \/>\n<meta property=\"og:site_name\" content=\"Vitablanca.ma &ndash; Sant&eacute;, vitalit&eacute; et bien-&ecirc;tre pour tous les Marocains\" \/>\n<meta property=\"article:publisher\" content=\"https:\/\/www.facebook.com\/profile.php?id=61576678196717\" \/>\n<meta property=\"article:modified_time\" content=\"2026-01-06T14:03:56+00:00\" \/>\n<meta property=\"og:image\" content=\"https:\/\/vitablanca.ma\/wp-content\/uploads\/2025\/05\/AXIS-Y_Artichoke_Intensive_Skin_Barrier_Ampoule_30ml-4-scaled.png\" \/>\n\t<meta property=\"og:image:width\" content=\"2560\" \/>\n\t<meta property=\"og:image:height\" content=\"2560\" \/>\n\t<meta property=\"og:image:type\" content=\"image\/png\" \/>\n<meta name=\"twitter:card\" content=\"summary_large_image\" \/>\n<meta name=\"twitter:label1\" content=\"\u0648\u0642\u062a \u0627\u0644\u0642\u0631\u0627\u0621\u0629 \u0627\u0644\u0645\u064f\u0642\u062f\u0651\u0631\" \/>\n\t<meta name=\"twitter:data1\" content=\"\u062f\u0642\u064a\u0642\u0629 \u0648\u0627\u062d\u062f\u0629\" \/>\n<script type=\"application\/ld+json\" class=\"yoast-schema-graph\">{\"@context\":\"https:\\\/\\\/schema.org\",\"@graph\":[{\"@type\":[\"WebPage\",\"ItemPage\"],\"@id\":\"https:\\\/\\\/vitablanca.ma\\\/produit\\\/axis-y-artichoke-intensive-skin-barrier-ampoule-30ml\\\/\",\"url\":\"https:\\\/\\\/vitablanca.ma\\\/produit\\\/axis-y-artichoke-intensive-skin-barrier-ampoule-30ml\\\/\",\"name\":\"AXIS-Y Artichoke Intensive Skin Barrier Ampoule 30ml - Maroc Prix\",\"isPartOf\":{\"@id\":\"https:\\\/\\\/vitablanca.ma\\\/#website\"},\"primaryImageOfPage\":{\"@id\":\"https:\\\/\\\/vitablanca.ma\\\/produit\\\/axis-y-artichoke-intensive-skin-barrier-ampoule-30ml\\\/#primaryimage\"},\"image\":{\"@id\":\"https:\\\/\\\/vitablanca.ma\\\/produit\\\/axis-y-artichoke-intensive-skin-barrier-ampoule-30ml\\\/#primaryimage\"},\"thumbnailUrl\":\"https:\\\/\\\/vitablanca.ma\\\/wp-content\\\/uploads\\\/2025\\\/05\\\/AXIS-Y_Artichoke_Intensive_Skin_Barrier_Ampoule_30ml-4-scaled.png\",\"datePublished\":\"2025-05-22T23:23:33+00:00\",\"dateModified\":\"2026-01-06T14:03:56+00:00\",\"description\":\"Ampoule hydratante et r\u00e9paratrice \u00e0 l\u2019artichaut, renforce la barri\u00e8re cutan\u00e9e, apaise et prot\u00e8ge la peau sensible. Convient aux peaux grasses.\",\"breadcrumb\":{\"@id\":\"https:\\\/\\\/vitablanca.ma\\\/produit\\\/axis-y-artichoke-intensive-skin-barrier-ampoule-30ml\\\/#breadcrumb\"},\"inLanguage\":\"ar\",\"potentialAction\":[{\"@type\":\"ReadAction\",\"target\":[\"https:\\\/\\\/vitablanca.ma\\\/produit\\\/axis-y-artichoke-intensive-skin-barrier-ampoule-30ml\\\/\"]}]},{\"@type\":\"ImageObject\",\"inLanguage\":\"ar\",\"@id\":\"https:\\\/\\\/vitablanca.ma\\\/produit\\\/axis-y-artichoke-intensive-skin-barrier-ampoule-30ml\\\/#primaryimage\",\"url\":\"https:\\\/\\\/vitablanca.ma\\\/wp-content\\\/uploads\\\/2025\\\/05\\\/AXIS-Y_Artichoke_Intensive_Skin_Barrier_Ampoule_30ml-4-scaled.png\",\"contentUrl\":\"https:\\\/\\\/vitablanca.ma\\\/wp-content\\\/uploads\\\/2025\\\/05\\\/AXIS-Y_Artichoke_Intensive_Skin_Barrier_Ampoule_30ml-4-scaled.png\",\"width\":2560,\"height\":2560},{\"@type\":\"BreadcrumbList\",\"@id\":\"https:\\\/\\\/vitablanca.ma\\\/produit\\\/axis-y-artichoke-intensive-skin-barrier-ampoule-30ml\\\/#breadcrumb\",\"itemListElement\":[{\"@type\":\"ListItem\",\"position\":1,\"name\":\"Home\",\"item\":\"https:\\\/\\\/vitablanca.ma\\\/\"},{\"@type\":\"ListItem\",\"position\":2,\"name\":\"Tous Les Produits\",\"item\":\"https:\\\/\\\/vitablanca.ma\\\/tous-les-produits\\\/\"},{\"@type\":\"ListItem\",\"position\":3,\"name\":\"AXIS-Y ARTICHOKE INTENSIVE SKIN BARRIER AMPOULE 30ML\"}]},{\"@type\":\"WebSite\",\"@id\":\"https:\\\/\\\/vitablanca.ma\\\/#website\",\"url\":\"https:\\\/\\\/vitablanca.ma\\\/\",\"name\":\"VitaBlanca.ma | Compl\u00e9ments alimentaires, sant\u00e9 & beaut\u00e9 au Maroc\",\"description\":\"vendre vitamines et compl\u00e9ments premium des USA &amp; Canada, Nouvelle Z\u00e9lande,Maroc (NOW Foods, Solgar, Manuka). Livraison rapide partout au Maroc.\",\"publisher\":{\"@id\":\"https:\\\/\\\/vitablanca.ma\\\/#organization\"},\"alternateName\":\"VitaBlanca.ma\",\"potentialAction\":[{\"@type\":\"SearchAction\",\"target\":{\"@type\":\"EntryPoint\",\"urlTemplate\":\"https:\\\/\\\/vitablanca.ma\\\/?s={search_term_string}\"},\"query-input\":{\"@type\":\"PropertyValueSpecification\",\"valueRequired\":true,\"valueName\":\"search_term_string\"}}],\"inLanguage\":\"ar\"},{\"@type\":\"Organization\",\"@id\":\"https:\\\/\\\/vitablanca.ma\\\/#organization\",\"name\":\"VitaBlanca\",\"url\":\"https:\\\/\\\/vitablanca.ma\\\/\",\"logo\":{\"@type\":\"ImageObject\",\"inLanguage\":\"ar\",\"@id\":\"https:\\\/\\\/vitablanca.ma\\\/#\\\/schema\\\/logo\\\/image\\\/\",\"url\":\"https:\\\/\\\/vitablanca.ma\\\/wp-content\\\/uploads\\\/2025\\\/05\\\/cropped-vitablanca.png\",\"contentUrl\":\"https:\\\/\\\/vitablanca.ma\\\/wp-content\\\/uploads\\\/2025\\\/05\\\/cropped-vitablanca.png\",\"width\":360,\"height\":67,\"caption\":\"VitaBlanca\"},\"image\":{\"@id\":\"https:\\\/\\\/vitablanca.ma\\\/#\\\/schema\\\/logo\\\/image\\\/\"},\"sameAs\":[\"https:\\\/\\\/www.facebook.com\\\/profile.php?id=61576678196717\",\"https:\\\/\\\/www.tiktok.com\\\/@vitablanca.ma\",\"https:\\\/\\\/www.instagram.com\\\/vitablanca.ma\\\/\"]}]}<\/script>\n<!-- \/ Yoast SEO plugin. -->","yoast_head_json":{"title":"AXIS-Y Artichoke Intensive Skin Barrier Ampoule 30ml - Maroc Prix","description":"Ampoule hydratante et r\u00e9paratrice \u00e0 l\u2019artichaut, renforce la barri\u00e8re cutan\u00e9e, apaise et prot\u00e8ge la peau sensible. Convient aux peaux grasses.","robots":{"index":"index","follow":"follow","max-snippet":"max-snippet:-1","max-image-preview":"max-image-preview:large","max-video-preview":"max-video-preview:-1"},"canonical":"https:\/\/vitablanca.ma\/ar\/product-2\/axis-y-artichoke-intensive-skin-barrier-ampoule-30ml\/","og_locale":"ar_AR","og_type":"article","og_title":"AXIS-Y Artichoke Intensive Skin Barrier Ampoule 30ml - Maroc Prix","og_description":"Ampoule hydratante et r\u00e9paratrice \u00e0 l\u2019artichaut, renforce la barri\u00e8re cutan\u00e9e, apaise et prot\u00e8ge la peau sensible. Convient aux peaux grasses.","og_url":"https:\/\/vitablanca.ma\/ar\/product-2\/axis-y-artichoke-intensive-skin-barrier-ampoule-30ml\/","og_site_name":"Vitablanca.ma &ndash; Sant&eacute;, vitalit&eacute; et bien-&ecirc;tre pour tous les Marocains","article_publisher":"https:\/\/www.facebook.com\/profile.php?id=61576678196717","article_modified_time":"2026-01-06T14:03:56+00:00","og_image":[{"width":2560,"height":2560,"url":"https:\/\/vitablanca.ma\/wp-content\/uploads\/2025\/05\/AXIS-Y_Artichoke_Intensive_Skin_Barrier_Ampoule_30ml-4-scaled.png","type":"image\/png"}],"twitter_card":"summary_large_image","twitter_misc":{"\u0648\u0642\u062a \u0627\u0644\u0642\u0631\u0627\u0621\u0629 \u0627\u0644\u0645\u064f\u0642\u062f\u0651\u0631":"\u062f\u0642\u064a\u0642\u0629 \u0648\u0627\u062d\u062f\u0629"},"schema":{"@context":"https:\/\/schema.org","@graph":[{"@type":["WebPage","ItemPage"],"@id":"https:\/\/vitablanca.ma\/produit\/axis-y-artichoke-intensive-skin-barrier-ampoule-30ml\/","url":"https:\/\/vitablanca.ma\/produit\/axis-y-artichoke-intensive-skin-barrier-ampoule-30ml\/","name":"AXIS-Y Artichoke Intensive Skin Barrier Ampoule 30ml - Maroc Prix","isPartOf":{"@id":"https:\/\/vitablanca.ma\/#website"},"primaryImageOfPage":{"@id":"https:\/\/vitablanca.ma\/produit\/axis-y-artichoke-intensive-skin-barrier-ampoule-30ml\/#primaryimage"},"image":{"@id":"https:\/\/vitablanca.ma\/produit\/axis-y-artichoke-intensive-skin-barrier-ampoule-30ml\/#primaryimage"},"thumbnailUrl":"https:\/\/vitablanca.ma\/wp-content\/uploads\/2025\/05\/AXIS-Y_Artichoke_Intensive_Skin_Barrier_Ampoule_30ml-4-scaled.png","datePublished":"2025-05-22T23:23:33+00:00","dateModified":"2026-01-06T14:03:56+00:00","description":"Ampoule hydratante et r\u00e9paratrice \u00e0 l\u2019artichaut, renforce la barri\u00e8re cutan\u00e9e, apaise et prot\u00e8ge la peau sensible. Convient aux peaux grasses.","breadcrumb":{"@id":"https:\/\/vitablanca.ma\/produit\/axis-y-artichoke-intensive-skin-barrier-ampoule-30ml\/#breadcrumb"},"inLanguage":"ar","potentialAction":[{"@type":"ReadAction","target":["https:\/\/vitablanca.ma\/produit\/axis-y-artichoke-intensive-skin-barrier-ampoule-30ml\/"]}]},{"@type":"ImageObject","inLanguage":"ar","@id":"https:\/\/vitablanca.ma\/produit\/axis-y-artichoke-intensive-skin-barrier-ampoule-30ml\/#primaryimage","url":"https:\/\/vitablanca.ma\/wp-content\/uploads\/2025\/05\/AXIS-Y_Artichoke_Intensive_Skin_Barrier_Ampoule_30ml-4-scaled.png","contentUrl":"https:\/\/vitablanca.ma\/wp-content\/uploads\/2025\/05\/AXIS-Y_Artichoke_Intensive_Skin_Barrier_Ampoule_30ml-4-scaled.png","width":2560,"height":2560},{"@type":"BreadcrumbList","@id":"https:\/\/vitablanca.ma\/produit\/axis-y-artichoke-intensive-skin-barrier-ampoule-30ml\/#breadcrumb","itemListElement":[{"@type":"ListItem","position":1,"name":"Home","item":"https:\/\/vitablanca.ma\/"},{"@type":"ListItem","position":2,"name":"Tous Les Produits","item":"https:\/\/vitablanca.ma\/tous-les-produits\/"},{"@type":"ListItem","position":3,"name":"AXIS-Y ARTICHOKE INTENSIVE SKIN BARRIER AMPOULE 30ML"}]},{"@type":"WebSite","@id":"https:\/\/vitablanca.ma\/#website","url":"https:\/\/vitablanca.ma\/","name":"VitaBlanca.ma | \u0627\u0644\u0645\u0643\u0645\u0644\u0627\u062a \u0627\u0644\u063a\u0630\u0627\u0626\u064a\u0629\u060c \u0627\u0644\u0635\u062d\u0629 \u0648\u0627\u0644\u062c\u0645\u0627\u0644 \u0641\u064a \u0627\u0644\u0645\u063a\u0631\u0628","description":"\u0646\u0628\u064a\u0639 \u0641\u064a\u062a\u0627\u0645\u064a\u0646\u0627\u062a \u0648\u0645\u0643\u0645\u0644\u0627\u062a \u063a\u0630\u0627\u0626\u064a\u0629 \u0641\u0627\u062e\u0631\u0629 \u0645\u0646 \u0627\u0644\u0648\u0644\u0627\u064a\u0627\u062a \u0627\u0644\u0645\u062a\u062d\u062f\u0629 \u0627\u0644\u0623\u0645\u0631\u064a\u0643\u064a\u0629 \u0648\u0643\u0646\u062f\u0627 \u0648\u0646\u064a\u0648\u0632\u064a\u0644\u0646\u062f\u0627 \u0648\u0627\u0644\u0645\u063a\u0631\u0628 (\u0646\u0627\u0648 \u0641\u0648\u062f\u0632\u060c \u0633\u0648\u0644\u062c\u0627\u0631\u060c \u0645\u0627\u0646\u0648\u0643\u0627). \u062a\u0648\u0635\u064a\u0644 \u0633\u0631\u064a\u0639 \u0625\u0644\u0649 \u062c\u0645\u064a\u0639 \u0623\u0646\u062d\u0627\u0621 \u0627\u0644\u0645\u063a\u0631\u0628.","publisher":{"@id":"https:\/\/vitablanca.ma\/#organization"},"alternateName":"VitaBlanca.ma","potentialAction":[{"@type":"SearchAction","target":{"@type":"EntryPoint","urlTemplate":"https:\/\/vitablanca.ma\/?s={search_term_string}"},"query-input":{"@type":"PropertyValueSpecification","valueRequired":true,"valueName":"search_term_string"}}],"inLanguage":"ar"},{"@type":"Organization","@id":"https:\/\/vitablanca.ma\/#organization","name":"\u0641\u064a\u062a\u0627\u0628\u0644\u0627\u0646\u0643\u0627","url":"https:\/\/vitablanca.ma\/","logo":{"@type":"ImageObject","inLanguage":"ar","@id":"https:\/\/vitablanca.ma\/#\/schema\/logo\/image\/","url":"https:\/\/vitablanca.ma\/wp-content\/uploads\/2025\/05\/cropped-vitablanca.png","contentUrl":"https:\/\/vitablanca.ma\/wp-content\/uploads\/2025\/05\/cropped-vitablanca.png","width":360,"height":67,"caption":"VitaBlanca"},"image":{"@id":"https:\/\/vitablanca.ma\/#\/schema\/logo\/image\/"},"sameAs":["https:\/\/www.facebook.com\/profile.php?id=61576678196717","https:\/\/www.tiktok.com\/@vitablanca.ma","https:\/\/www.instagram.com\/vitablanca.ma\/"]}]}},"jetpack_sharing_enabled":true,"_links":{"self":[{"href":"https:\/\/vitablanca.ma\/ar\/wp-json\/wp\/v2\/product\/8152","targetHints":{"allow":["GET"]}}],"collection":[{"href":"https:\/\/vitablanca.ma\/ar\/wp-json\/wp\/v2\/product"}],"about":[{"href":"https:\/\/vitablanca.ma\/ar\/wp-json\/wp\/v2\/types\/product"}],"wp:featuredmedia":[{"embeddable":true,"href":"https:\/\/vitablanca.ma\/ar\/wp-json\/wp\/v2\/media\/8068"}],"wp:attachment":[{"href":"https:\/\/vitablanca.ma\/ar\/wp-json\/wp\/v2\/media?parent=8152"}],"wp:term":[{"taxonomy":"product_brand","embeddable":true,"href":"https:\/\/vitablanca.ma\/ar\/wp-json\/wp\/v2\/product_brand?post=8152"},{"taxonomy":"product_cat","embeddable":true,"href":"https:\/\/vitablanca.ma\/ar\/wp-json\/wp\/v2\/product_cat?post=8152"},{"taxonomy":"product_tag","embeddable":true,"href":"https:\/\/vitablanca.ma\/ar\/wp-json\/wp\/v2\/product_tag?post=8152"}],"curies":[{"name":"wp","href":"https:\/\/api.w.org\/{rel}","templated":true}]}}