{"id":8144,"date":"2025-05-22T23:38:31","date_gmt":"2025-05-22T23:38:31","guid":{"rendered":"https:\/\/vitablanca.ma\/?post_type=product&#038;p=8144"},"modified":"2025-12-02T17:57:01","modified_gmt":"2025-12-02T17:57:01","slug":"now-foods-soutien-des-articulations-avec-de-la-glucosamine-du-boswellin-et-du-concombre-de-mer-90-gelules-maroc","status":"publish","type":"product","link":"https:\/\/vitablanca.ma\/ar\/product-2\/now-foods-soutien-des-articulations-avec-de-la-glucosamine-du-boswellin-et-du-concombre-de-mer-90-gelules-maroc\/","title":{"rendered":"\u0646\u0627\u0648 \u0641\u0648\u062f\u0632 \u0644\u062f\u0639\u0645 \u0627\u0644\u0645\u0641\u0627\u0635\u0644 \u0645\u0639 \u0627\u0644\u062c\u0644\u0648\u0643\u0648\u0632\u0627\u0645\u064a\u0646 \u0648\u0627\u0644\u0628\u0648\u0633\u0648\u064a\u0644\u064a\u0646 \u0648\u062e\u064a\u0627\u0631 \u0627\u0644\u0628\u062d\u0631\u060c 90 \u0643\u0628\u0633\u0648\u0644\u0629"},"content":{"rendered":"<p>Joint Support est une combinaison de nutriments et d&rsquo;autres ingr\u00e9dients qui aident \u00e0 soutenir la formation et la fonction de tissus articulaires sains.\u00a0Joint Support fournit de la vitamine C, du mangan\u00e8se et du cuivre, qui sont essentiels \u00e0 la production et au maintien de structures articulaires saines.\u00a0Il contient \u00e9galement du zinc, des vitamines B et du Boswellin, qui peuvent aider \u00e0 soutenir la r\u00e9action appropri\u00e9e du corps au stress quotidien des articulations.\u00a0La glucosamine fait partie des composants structurels essentiels naturellement pr\u00e9sents dans les os et les articulations.<\/p>\n\n\n\n<p><\/p>","protected":false},"excerpt":{"rendered":"<ul>\n<li>Soutient les articulations saines<\/li>\n<li>Avec de la glucosamine, du Boswellin et du concombre de mer<\/li>\n<li>\u0645\u0643\u0645\u0644 \u063a\u0630\u0627\u0626\u064a<\/li>\n<li>\u063a\u064a\u0631 \u0645\u0639\u062f\u0644 \u0648\u0631\u0627\u062b\u064a\u064b\u0627<\/li>\n<li>\u0627\u0644\u0635\u062d\u0629 \u0627\u0644\u0639\u0627\u0645\u0629<\/li>\n<li>\u0645\u0645\u0644\u0648\u0643\u0629 \u0644\u0644\u0639\u0627\u0626\u0644\u0629 \u0645\u0646\u0630 \u0639\u0627\u0645 1968<\/li>\n<li>\u0636\u0645\u0627\u0646 \u0627\u0644\u062c\u0648\u062f\u0629 \u0648\u0641\u0642\u064b\u0627 \u0644\u0645\u0639\u0627\u064a\u064a\u0631 GMP<\/li>\n<\/ul>","protected":false},"featured_media":8416,"template":"","meta":{"om_disable_all_campaigns":false},"product_brand":[83],"product_cat":[18,3366,19],"product_tag":[936,1017,927,1018,930,1019,1016,91,388,726,1015],"class_list":{"0":"post-8144","1":"product","2":"type-product","3":"status-publish","4":"has-post-thumbnail","6":"product_brand-now-foods-maroc-prix","7":"product_cat-beaute-sante","8":"product_cat-complements-alimentaires-au-maroc-vitablanca","9":"product_cat-vitamines-supplements-dietetiques","10":"product_tag-anti-inflammatoire-naturel","11":"product_tag-boswellin-articulations","12":"product_tag-complement-douleurs-articulaires","13":"product_tag-complement-genoux-hanche","14":"product_tag-glucosamine-maroc","15":"product_tag-mobilite-articulaire","16":"product_tag-now-foods-articulations","17":"product_tag-now-foods-maroc","18":"product_tag-now-foods-maroc-avis","19":"product_tag-now-foods-maroc-prix","20":"product_tag-soutien-articulaire","22":"first","23":"instock","24":"taxable","25":"shipping-taxable","26":"purchasable","27":"product-type-simple"},"yoast_head":"<!-- This site is optimized with the Yoast SEO plugin v27.4 - https:\/\/yoast.com\/product\/yoast-seo-wordpress\/ -->\n<title>Now Foods Soutien des articulations avec de la glucosamine - Maroc<\/title>\n<meta name=\"description\" content=\"Achetez Now Foods Soutien des Articulations au Maroc. Ces 90 g\u00e9lules combinent la glucosamine, le Boswellin et le concombre de mer pour un soutien complet.\" \/>\n<meta name=\"robots\" content=\"index, follow, max-snippet:-1, max-image-preview:large, max-video-preview:-1\" \/>\n<link rel=\"canonical\" href=\"https:\/\/vitablanca.ma\/ar\/product-2\/now-foods-soutien-des-articulations-avec-de-la-glucosamine-du-boswellin-et-du-concombre-de-mer-90-gelules-maroc\/\" \/>\n<meta property=\"og:locale\" content=\"ar_AR\" \/>\n<meta property=\"og:type\" content=\"article\" \/>\n<meta property=\"og:title\" content=\"Now Foods Soutien des articulations avec de la glucosamine - Maroc\" \/>\n<meta property=\"og:description\" content=\"Achetez Now Foods Soutien des Articulations au Maroc. Ces 90 g\u00e9lules combinent la glucosamine, le Boswellin et le concombre de mer pour un soutien complet.\" \/>\n<meta property=\"og:url\" content=\"https:\/\/vitablanca.ma\/ar\/product-2\/now-foods-soutien-des-articulations-avec-de-la-glucosamine-du-boswellin-et-du-concombre-de-mer-90-gelules-maroc\/\" \/>\n<meta property=\"og:site_name\" content=\"Vitablanca.ma &ndash; Sant&eacute;, vitalit&eacute; et bien-&ecirc;tre pour tous les Marocains\" \/>\n<meta property=\"article:publisher\" content=\"https:\/\/www.facebook.com\/profile.php?id=61576678196717\" \/>\n<meta property=\"article:modified_time\" content=\"2025-12-02T17:57:01+00:00\" \/>\n<meta property=\"og:image\" content=\"https:\/\/vitablanca.ma\/wp-content\/uploads\/2025\/05\/now-foods-soutien-des-articulations-avec-de-la-glucosamine-du-boswellin-et-du-concombre-de-mer-90-.jpg\" \/>\n\t<meta property=\"og:image:width\" content=\"680\" \/>\n\t<meta property=\"og:image:height\" content=\"680\" \/>\n\t<meta property=\"og:image:type\" content=\"image\/jpeg\" \/>\n<meta name=\"twitter:card\" content=\"summary_large_image\" \/>\n<meta name=\"twitter:label1\" content=\"\u0648\u0642\u062a \u0627\u0644\u0642\u0631\u0627\u0621\u0629 \u0627\u0644\u0645\u064f\u0642\u062f\u0651\u0631\" \/>\n\t<meta name=\"twitter:data1\" content=\"\u062f\u0642\u064a\u0642\u0629 \u0648\u0627\u062d\u062f\u0629\" \/>\n<script type=\"application\/ld+json\" class=\"yoast-schema-graph\">{\"@context\":\"https:\\\/\\\/schema.org\",\"@graph\":[{\"@type\":[\"WebPage\",\"ItemPage\"],\"@id\":\"https:\\\/\\\/vitablanca.ma\\\/produit\\\/now-foods-soutien-des-articulations-avec-de-la-glucosamine-du-boswellin-et-du-concombre-de-mer-90-gelules-maroc\\\/\",\"url\":\"https:\\\/\\\/vitablanca.ma\\\/produit\\\/now-foods-soutien-des-articulations-avec-de-la-glucosamine-du-boswellin-et-du-concombre-de-mer-90-gelules-maroc\\\/\",\"name\":\"Now Foods Soutien des articulations avec de la glucosamine - Maroc\",\"isPartOf\":{\"@id\":\"https:\\\/\\\/vitablanca.ma\\\/#website\"},\"primaryImageOfPage\":{\"@id\":\"https:\\\/\\\/vitablanca.ma\\\/produit\\\/now-foods-soutien-des-articulations-avec-de-la-glucosamine-du-boswellin-et-du-concombre-de-mer-90-gelules-maroc\\\/#primaryimage\"},\"image\":{\"@id\":\"https:\\\/\\\/vitablanca.ma\\\/produit\\\/now-foods-soutien-des-articulations-avec-de-la-glucosamine-du-boswellin-et-du-concombre-de-mer-90-gelules-maroc\\\/#primaryimage\"},\"thumbnailUrl\":\"https:\\\/\\\/vitablanca.ma\\\/wp-content\\\/uploads\\\/2025\\\/05\\\/now-foods-soutien-des-articulations-avec-de-la-glucosamine-du-boswellin-et-du-concombre-de-mer-90-.jpg\",\"datePublished\":\"2025-05-22T23:38:31+00:00\",\"dateModified\":\"2025-12-02T17:57:01+00:00\",\"description\":\"Achetez Now Foods Soutien des Articulations au Maroc. Ces 90 g\u00e9lules combinent la glucosamine, le Boswellin et le concombre de mer pour un soutien complet.\",\"breadcrumb\":{\"@id\":\"https:\\\/\\\/vitablanca.ma\\\/produit\\\/now-foods-soutien-des-articulations-avec-de-la-glucosamine-du-boswellin-et-du-concombre-de-mer-90-gelules-maroc\\\/#breadcrumb\"},\"inLanguage\":\"ar\",\"potentialAction\":[{\"@type\":\"ReadAction\",\"target\":[\"https:\\\/\\\/vitablanca.ma\\\/produit\\\/now-foods-soutien-des-articulations-avec-de-la-glucosamine-du-boswellin-et-du-concombre-de-mer-90-gelules-maroc\\\/\"]}]},{\"@type\":\"ImageObject\",\"inLanguage\":\"ar\",\"@id\":\"https:\\\/\\\/vitablanca.ma\\\/produit\\\/now-foods-soutien-des-articulations-avec-de-la-glucosamine-du-boswellin-et-du-concombre-de-mer-90-gelules-maroc\\\/#primaryimage\",\"url\":\"https:\\\/\\\/vitablanca.ma\\\/wp-content\\\/uploads\\\/2025\\\/05\\\/now-foods-soutien-des-articulations-avec-de-la-glucosamine-du-boswellin-et-du-concombre-de-mer-90-.jpg\",\"contentUrl\":\"https:\\\/\\\/vitablanca.ma\\\/wp-content\\\/uploads\\\/2025\\\/05\\\/now-foods-soutien-des-articulations-avec-de-la-glucosamine-du-boswellin-et-du-concombre-de-mer-90-.jpg\",\"width\":680,\"height\":680},{\"@type\":\"BreadcrumbList\",\"@id\":\"https:\\\/\\\/vitablanca.ma\\\/produit\\\/now-foods-soutien-des-articulations-avec-de-la-glucosamine-du-boswellin-et-du-concombre-de-mer-90-gelules-maroc\\\/#breadcrumb\",\"itemListElement\":[{\"@type\":\"ListItem\",\"position\":1,\"name\":\"Home\",\"item\":\"https:\\\/\\\/vitablanca.ma\\\/\"},{\"@type\":\"ListItem\",\"position\":2,\"name\":\"Tous Les Produits\",\"item\":\"https:\\\/\\\/vitablanca.ma\\\/tous-les-produits\\\/\"},{\"@type\":\"ListItem\",\"position\":3,\"name\":\"Now Foods Soutien des articulations avec de la glucosamine, du Boswellin et du concombre de mer, 90 g\u00e9lules\"}]},{\"@type\":\"WebSite\",\"@id\":\"https:\\\/\\\/vitablanca.ma\\\/#website\",\"url\":\"https:\\\/\\\/vitablanca.ma\\\/\",\"name\":\"VitaBlanca.ma | Compl\u00e9ments alimentaires, sant\u00e9 & beaut\u00e9 au Maroc\",\"description\":\"vendre vitamines et compl\u00e9ments premium des USA &amp; Canada, Nouvelle Z\u00e9lande,Maroc (NOW Foods, Solgar, Manuka). Livraison rapide partout au Maroc.\",\"publisher\":{\"@id\":\"https:\\\/\\\/vitablanca.ma\\\/#organization\"},\"alternateName\":\"VitaBlanca.ma\",\"potentialAction\":[{\"@type\":\"SearchAction\",\"target\":{\"@type\":\"EntryPoint\",\"urlTemplate\":\"https:\\\/\\\/vitablanca.ma\\\/?s={search_term_string}\"},\"query-input\":{\"@type\":\"PropertyValueSpecification\",\"valueRequired\":true,\"valueName\":\"search_term_string\"}}],\"inLanguage\":\"ar\"},{\"@type\":\"Organization\",\"@id\":\"https:\\\/\\\/vitablanca.ma\\\/#organization\",\"name\":\"VitaBlanca\",\"url\":\"https:\\\/\\\/vitablanca.ma\\\/\",\"logo\":{\"@type\":\"ImageObject\",\"inLanguage\":\"ar\",\"@id\":\"https:\\\/\\\/vitablanca.ma\\\/#\\\/schema\\\/logo\\\/image\\\/\",\"url\":\"https:\\\/\\\/vitablanca.ma\\\/wp-content\\\/uploads\\\/2025\\\/05\\\/cropped-vitablanca.png\",\"contentUrl\":\"https:\\\/\\\/vitablanca.ma\\\/wp-content\\\/uploads\\\/2025\\\/05\\\/cropped-vitablanca.png\",\"width\":360,\"height\":67,\"caption\":\"VitaBlanca\"},\"image\":{\"@id\":\"https:\\\/\\\/vitablanca.ma\\\/#\\\/schema\\\/logo\\\/image\\\/\"},\"sameAs\":[\"https:\\\/\\\/www.facebook.com\\\/profile.php?id=61576678196717\",\"https:\\\/\\\/www.tiktok.com\\\/@vitablanca.ma\",\"https:\\\/\\\/www.instagram.com\\\/vitablanca.ma\\\/\"]}]}<\/script>\n<!-- \/ Yoast SEO plugin. -->","yoast_head_json":{"title":"Now Foods Soutien des articulations avec de la glucosamine - Maroc","description":"Achetez Now Foods Soutien des Articulations au Maroc. Ces 90 g\u00e9lules combinent la glucosamine, le Boswellin et le concombre de mer pour un soutien complet.","robots":{"index":"index","follow":"follow","max-snippet":"max-snippet:-1","max-image-preview":"max-image-preview:large","max-video-preview":"max-video-preview:-1"},"canonical":"https:\/\/vitablanca.ma\/ar\/product-2\/now-foods-soutien-des-articulations-avec-de-la-glucosamine-du-boswellin-et-du-concombre-de-mer-90-gelules-maroc\/","og_locale":"ar_AR","og_type":"article","og_title":"Now Foods Soutien des articulations avec de la glucosamine - Maroc","og_description":"Achetez Now Foods Soutien des Articulations au Maroc. Ces 90 g\u00e9lules combinent la glucosamine, le Boswellin et le concombre de mer pour un soutien complet.","og_url":"https:\/\/vitablanca.ma\/ar\/product-2\/now-foods-soutien-des-articulations-avec-de-la-glucosamine-du-boswellin-et-du-concombre-de-mer-90-gelules-maroc\/","og_site_name":"Vitablanca.ma &ndash; Sant&eacute;, vitalit&eacute; et bien-&ecirc;tre pour tous les Marocains","article_publisher":"https:\/\/www.facebook.com\/profile.php?id=61576678196717","article_modified_time":"2025-12-02T17:57:01+00:00","og_image":[{"width":680,"height":680,"url":"https:\/\/vitablanca.ma\/wp-content\/uploads\/2025\/05\/now-foods-soutien-des-articulations-avec-de-la-glucosamine-du-boswellin-et-du-concombre-de-mer-90-.jpg","type":"image\/jpeg"}],"twitter_card":"summary_large_image","twitter_misc":{"\u0648\u0642\u062a \u0627\u0644\u0642\u0631\u0627\u0621\u0629 \u0627\u0644\u0645\u064f\u0642\u062f\u0651\u0631":"\u062f\u0642\u064a\u0642\u0629 \u0648\u0627\u062d\u062f\u0629"},"schema":{"@context":"https:\/\/schema.org","@graph":[{"@type":["WebPage","ItemPage"],"@id":"https:\/\/vitablanca.ma\/produit\/now-foods-soutien-des-articulations-avec-de-la-glucosamine-du-boswellin-et-du-concombre-de-mer-90-gelules-maroc\/","url":"https:\/\/vitablanca.ma\/produit\/now-foods-soutien-des-articulations-avec-de-la-glucosamine-du-boswellin-et-du-concombre-de-mer-90-gelules-maroc\/","name":"Now Foods Soutien des articulations avec de la glucosamine - Maroc","isPartOf":{"@id":"https:\/\/vitablanca.ma\/#website"},"primaryImageOfPage":{"@id":"https:\/\/vitablanca.ma\/produit\/now-foods-soutien-des-articulations-avec-de-la-glucosamine-du-boswellin-et-du-concombre-de-mer-90-gelules-maroc\/#primaryimage"},"image":{"@id":"https:\/\/vitablanca.ma\/produit\/now-foods-soutien-des-articulations-avec-de-la-glucosamine-du-boswellin-et-du-concombre-de-mer-90-gelules-maroc\/#primaryimage"},"thumbnailUrl":"https:\/\/vitablanca.ma\/wp-content\/uploads\/2025\/05\/now-foods-soutien-des-articulations-avec-de-la-glucosamine-du-boswellin-et-du-concombre-de-mer-90-.jpg","datePublished":"2025-05-22T23:38:31+00:00","dateModified":"2025-12-02T17:57:01+00:00","description":"Achetez Now Foods Soutien des Articulations au Maroc. Ces 90 g\u00e9lules combinent la glucosamine, le Boswellin et le concombre de mer pour un soutien complet.","breadcrumb":{"@id":"https:\/\/vitablanca.ma\/produit\/now-foods-soutien-des-articulations-avec-de-la-glucosamine-du-boswellin-et-du-concombre-de-mer-90-gelules-maroc\/#breadcrumb"},"inLanguage":"ar","potentialAction":[{"@type":"ReadAction","target":["https:\/\/vitablanca.ma\/produit\/now-foods-soutien-des-articulations-avec-de-la-glucosamine-du-boswellin-et-du-concombre-de-mer-90-gelules-maroc\/"]}]},{"@type":"ImageObject","inLanguage":"ar","@id":"https:\/\/vitablanca.ma\/produit\/now-foods-soutien-des-articulations-avec-de-la-glucosamine-du-boswellin-et-du-concombre-de-mer-90-gelules-maroc\/#primaryimage","url":"https:\/\/vitablanca.ma\/wp-content\/uploads\/2025\/05\/now-foods-soutien-des-articulations-avec-de-la-glucosamine-du-boswellin-et-du-concombre-de-mer-90-.jpg","contentUrl":"https:\/\/vitablanca.ma\/wp-content\/uploads\/2025\/05\/now-foods-soutien-des-articulations-avec-de-la-glucosamine-du-boswellin-et-du-concombre-de-mer-90-.jpg","width":680,"height":680},{"@type":"BreadcrumbList","@id":"https:\/\/vitablanca.ma\/produit\/now-foods-soutien-des-articulations-avec-de-la-glucosamine-du-boswellin-et-du-concombre-de-mer-90-gelules-maroc\/#breadcrumb","itemListElement":[{"@type":"ListItem","position":1,"name":"Home","item":"https:\/\/vitablanca.ma\/"},{"@type":"ListItem","position":2,"name":"Tous Les Produits","item":"https:\/\/vitablanca.ma\/tous-les-produits\/"},{"@type":"ListItem","position":3,"name":"Now Foods Soutien des articulations avec de la glucosamine, du Boswellin et du concombre de mer, 90 g\u00e9lules"}]},{"@type":"WebSite","@id":"https:\/\/vitablanca.ma\/#website","url":"https:\/\/vitablanca.ma\/","name":"VitaBlanca.ma | \u0627\u0644\u0645\u0643\u0645\u0644\u0627\u062a \u0627\u0644\u063a\u0630\u0627\u0626\u064a\u0629\u060c \u0627\u0644\u0635\u062d\u0629 \u0648\u0627\u0644\u062c\u0645\u0627\u0644 \u0641\u064a \u0627\u0644\u0645\u063a\u0631\u0628","description":"\u0646\u0628\u064a\u0639 \u0641\u064a\u062a\u0627\u0645\u064a\u0646\u0627\u062a \u0648\u0645\u0643\u0645\u0644\u0627\u062a \u063a\u0630\u0627\u0626\u064a\u0629 \u0641\u0627\u062e\u0631\u0629 \u0645\u0646 \u0627\u0644\u0648\u0644\u0627\u064a\u0627\u062a \u0627\u0644\u0645\u062a\u062d\u062f\u0629 \u0627\u0644\u0623\u0645\u0631\u064a\u0643\u064a\u0629 \u0648\u0643\u0646\u062f\u0627 \u0648\u0646\u064a\u0648\u0632\u064a\u0644\u0646\u062f\u0627 \u0648\u0627\u0644\u0645\u063a\u0631\u0628 (\u0646\u0627\u0648 \u0641\u0648\u062f\u0632\u060c \u0633\u0648\u0644\u062c\u0627\u0631\u060c \u0645\u0627\u0646\u0648\u0643\u0627). \u062a\u0648\u0635\u064a\u0644 \u0633\u0631\u064a\u0639 \u0625\u0644\u0649 \u062c\u0645\u064a\u0639 \u0623\u0646\u062d\u0627\u0621 \u0627\u0644\u0645\u063a\u0631\u0628.","publisher":{"@id":"https:\/\/vitablanca.ma\/#organization"},"alternateName":"VitaBlanca.ma","potentialAction":[{"@type":"SearchAction","target":{"@type":"EntryPoint","urlTemplate":"https:\/\/vitablanca.ma\/?s={search_term_string}"},"query-input":{"@type":"PropertyValueSpecification","valueRequired":true,"valueName":"search_term_string"}}],"inLanguage":"ar"},{"@type":"Organization","@id":"https:\/\/vitablanca.ma\/#organization","name":"\u0641\u064a\u062a\u0627\u0628\u0644\u0627\u0646\u0643\u0627","url":"https:\/\/vitablanca.ma\/","logo":{"@type":"ImageObject","inLanguage":"ar","@id":"https:\/\/vitablanca.ma\/#\/schema\/logo\/image\/","url":"https:\/\/vitablanca.ma\/wp-content\/uploads\/2025\/05\/cropped-vitablanca.png","contentUrl":"https:\/\/vitablanca.ma\/wp-content\/uploads\/2025\/05\/cropped-vitablanca.png","width":360,"height":67,"caption":"VitaBlanca"},"image":{"@id":"https:\/\/vitablanca.ma\/#\/schema\/logo\/image\/"},"sameAs":["https:\/\/www.facebook.com\/profile.php?id=61576678196717","https:\/\/www.tiktok.com\/@vitablanca.ma","https:\/\/www.instagram.com\/vitablanca.ma\/"]}]}},"jetpack_sharing_enabled":true,"_links":{"self":[{"href":"https:\/\/vitablanca.ma\/ar\/wp-json\/wp\/v2\/product\/8144","targetHints":{"allow":["GET"]}}],"collection":[{"href":"https:\/\/vitablanca.ma\/ar\/wp-json\/wp\/v2\/product"}],"about":[{"href":"https:\/\/vitablanca.ma\/ar\/wp-json\/wp\/v2\/types\/product"}],"wp:featuredmedia":[{"embeddable":true,"href":"https:\/\/vitablanca.ma\/ar\/wp-json\/wp\/v2\/media\/8416"}],"wp:attachment":[{"href":"https:\/\/vitablanca.ma\/ar\/wp-json\/wp\/v2\/media?parent=8144"}],"wp:term":[{"taxonomy":"product_brand","embeddable":true,"href":"https:\/\/vitablanca.ma\/ar\/wp-json\/wp\/v2\/product_brand?post=8144"},{"taxonomy":"product_cat","embeddable":true,"href":"https:\/\/vitablanca.ma\/ar\/wp-json\/wp\/v2\/product_cat?post=8144"},{"taxonomy":"product_tag","embeddable":true,"href":"https:\/\/vitablanca.ma\/ar\/wp-json\/wp\/v2\/product_tag?post=8144"}],"curies":[{"name":"wp","href":"https:\/\/api.w.org\/{rel}","templated":true}]}}