{"id":8086,"date":"2025-05-22T23:12:55","date_gmt":"2025-05-22T23:12:55","guid":{"rendered":"https:\/\/vitablanca.ma\/product\/axis-y-complete-no-stress-physical-sunscreen-v-3-50ml\/"},"modified":"2026-01-06T14:03:58","modified_gmt":"2026-01-06T14:03:58","slug":"axis-y-complete-no-stress-physical-sunscreen-v-3-50ml","status":"publish","type":"product","link":"https:\/\/vitablanca.ma\/ar\/product-2\/axis-y-complete-no-stress-physical-sunscreen-v-3-50ml\/","title":{"rendered":"\u0648\u0627\u0642\u064a \u0627\u0644\u0634\u0645\u0633 \u0627\u0644\u0637\u0628\u064a\u0639\u064a \u0627\u0644\u0643\u0627\u0645\u0644 \u0627\u0644\u0645\u0636\u0627\u062f \u0644\u0644\u062a\u0648\u062a\u0631 \u0645\u0646 \u0623\u0643\u0633\u064a\u0633 \u0648\u0627\u064a V.3 50 \u0645\u0644"},"content":{"rendered":"<h2>\u00c9cran Solaire Physique Sans Stress V.3 50ml<\/h2>\n<p>Prot\u00e9gez votre peau avec l&rsquo;<strong>\u00c9cran Solaire Physique Sans Stress V.3<\/strong>. Ce <strong>\u0648\u0627\u0642\u064a \u0627\u0644\u0634\u0645\u0633<\/strong> sans filtres chimiques offre une protection UVA et UVB optimale tout en respectant les peaux sensibles. Sa formule l\u00e9g\u00e8re et non com\u00e9dog\u00e8ne assure une application facile sans laisser de r\u00e9sidus blancs. Parfait pour une utilisation quotidienne, cet \u00e9cran solaire prot\u00e8ge et apaise votre peau, la laissant douce et prot\u00e9g\u00e9e.<\/p>","protected":false},"excerpt":{"rendered":"<p>\u00c9cran Solaire Physique Sans Stress V.3 50ml Prot\u00e9gez votre peau avec l&rsquo;\u00c9cran Solaire Physique Sans Stress V.3. Ce cr\u00e8me solaire sans filtres chimiques offre une protection UVA et UVB optimale tout en respectant les peaux sensibles. Sa formule l\u00e9g\u00e8re et non com\u00e9dog\u00e8ne assure une application facile sans laisser de r\u00e9sidus blancs. Parfait pour une utilisation [&hellip;]<\/p>\n","protected":false},"featured_media":8074,"template":"","meta":{"om_disable_all_campaigns":false},"product_brand":[3385],"product_cat":[18,1117],"product_tag":[3390,3386,3392,3389,3391,3387,3388],"class_list":{"0":"post-8086","1":"product","2":"type-product","3":"status-publish","4":"has-post-thumbnail","6":"product_brand-axis-y-maroc-prix-vitablanca","7":"product_cat-beaute-sante","8":"product_cat-korean-skin-care","9":"product_tag-axis-y-k-beauty-maroc","10":"product_tag-axis-y-maroc","11":"product_tag-axis-y-original-maroc","12":"product_tag-axis-y-peau-acneique-maroc","13":"product_tag-axis-y-soins-coreens-maroc","14":"product_tag-produits-axis-y-maroc","15":"product_tag-soins-visage-axis-y","17":"first","18":"instock","19":"sale","20":"taxable","21":"shipping-taxable","22":"purchasable","23":"product-type-simple"},"yoast_head":"<!-- This site is optimized with the Yoast SEO plugin v27.4 - https:\/\/yoast.com\/product\/yoast-seo-wordpress\/ -->\n<title>AXIS-Y COMPLETE NO-STRESS PHYSICAL SUNSCREEN - Maroc<\/title>\n<meta name=\"description\" content=\"La cr\u00e8me solaire physique AXIS-Y prot\u00e8ge avec un SPF 50+ et apaise les peaux irrit\u00e9es. Sa formule l\u00e9g\u00e8re sans traces blanches laisse un fini naturel.\" \/>\n<meta name=\"robots\" content=\"index, follow, max-snippet:-1, max-image-preview:large, max-video-preview:-1\" \/>\n<link rel=\"canonical\" href=\"https:\/\/vitablanca.ma\/ar\/product-2\/axis-y-complete-no-stress-physical-sunscreen-v-3-50ml\/\" \/>\n<meta property=\"og:locale\" content=\"ar_AR\" \/>\n<meta property=\"og:type\" content=\"article\" \/>\n<meta property=\"og:title\" content=\"AXIS-Y COMPLETE NO-STRESS PHYSICAL SUNSCREEN - Maroc\" \/>\n<meta property=\"og:description\" content=\"La cr\u00e8me solaire physique AXIS-Y prot\u00e8ge avec un SPF 50+ et apaise les peaux irrit\u00e9es. Sa formule l\u00e9g\u00e8re sans traces blanches laisse un fini naturel.\" \/>\n<meta property=\"og:url\" content=\"https:\/\/vitablanca.ma\/ar\/product-2\/axis-y-complete-no-stress-physical-sunscreen-v-3-50ml\/\" \/>\n<meta property=\"og:site_name\" content=\"Vitablanca.ma &ndash; Sant&eacute;, vitalit&eacute; et bien-&ecirc;tre pour tous les Marocains\" \/>\n<meta property=\"article:publisher\" content=\"https:\/\/www.facebook.com\/profile.php?id=61576678196717\" \/>\n<meta property=\"article:modified_time\" content=\"2026-01-06T14:03:58+00:00\" \/>\n<meta property=\"og:image\" content=\"https:\/\/vitablanca.ma\/wp-content\/uploads\/2025\/05\/AXIS_Y_COMPLETE_NO-STRESS_PHYSICAL_SUNSCREEN_V.350ML-3-scaled.png\" \/>\n\t<meta property=\"og:image:width\" content=\"2560\" \/>\n\t<meta property=\"og:image:height\" content=\"2560\" \/>\n\t<meta property=\"og:image:type\" content=\"image\/png\" \/>\n<meta name=\"twitter:card\" content=\"summary_large_image\" \/>\n<meta name=\"twitter:label1\" content=\"\u0648\u0642\u062a \u0627\u0644\u0642\u0631\u0627\u0621\u0629 \u0627\u0644\u0645\u064f\u0642\u062f\u0651\u0631\" \/>\n\t<meta name=\"twitter:data1\" content=\"\u062f\u0642\u064a\u0642\u0629 \u0648\u0627\u062d\u062f\u0629\" \/>\n<script type=\"application\/ld+json\" class=\"yoast-schema-graph\">{\"@context\":\"https:\\\/\\\/schema.org\",\"@graph\":[{\"@type\":[\"WebPage\",\"ItemPage\"],\"@id\":\"https:\\\/\\\/vitablanca.ma\\\/produit\\\/axis-y-complete-no-stress-physical-sunscreen-v-3-50ml\\\/\",\"url\":\"https:\\\/\\\/vitablanca.ma\\\/produit\\\/axis-y-complete-no-stress-physical-sunscreen-v-3-50ml\\\/\",\"name\":\"AXIS-Y COMPLETE NO-STRESS PHYSICAL SUNSCREEN - Maroc\",\"isPartOf\":{\"@id\":\"https:\\\/\\\/vitablanca.ma\\\/#website\"},\"primaryImageOfPage\":{\"@id\":\"https:\\\/\\\/vitablanca.ma\\\/produit\\\/axis-y-complete-no-stress-physical-sunscreen-v-3-50ml\\\/#primaryimage\"},\"image\":{\"@id\":\"https:\\\/\\\/vitablanca.ma\\\/produit\\\/axis-y-complete-no-stress-physical-sunscreen-v-3-50ml\\\/#primaryimage\"},\"thumbnailUrl\":\"https:\\\/\\\/vitablanca.ma\\\/wp-content\\\/uploads\\\/2025\\\/05\\\/AXIS_Y_COMPLETE_NO-STRESS_PHYSICAL_SUNSCREEN_V.350ML-3-scaled.png\",\"datePublished\":\"2025-05-22T23:12:55+00:00\",\"dateModified\":\"2026-01-06T14:03:58+00:00\",\"description\":\"La cr\u00e8me solaire physique AXIS-Y prot\u00e8ge avec un SPF 50+ et apaise les peaux irrit\u00e9es. Sa formule l\u00e9g\u00e8re sans traces blanches laisse un fini naturel.\",\"breadcrumb\":{\"@id\":\"https:\\\/\\\/vitablanca.ma\\\/produit\\\/axis-y-complete-no-stress-physical-sunscreen-v-3-50ml\\\/#breadcrumb\"},\"inLanguage\":\"ar\",\"potentialAction\":[{\"@type\":\"ReadAction\",\"target\":[\"https:\\\/\\\/vitablanca.ma\\\/produit\\\/axis-y-complete-no-stress-physical-sunscreen-v-3-50ml\\\/\"]}]},{\"@type\":\"ImageObject\",\"inLanguage\":\"ar\",\"@id\":\"https:\\\/\\\/vitablanca.ma\\\/produit\\\/axis-y-complete-no-stress-physical-sunscreen-v-3-50ml\\\/#primaryimage\",\"url\":\"https:\\\/\\\/vitablanca.ma\\\/wp-content\\\/uploads\\\/2025\\\/05\\\/AXIS_Y_COMPLETE_NO-STRESS_PHYSICAL_SUNSCREEN_V.350ML-3-scaled.png\",\"contentUrl\":\"https:\\\/\\\/vitablanca.ma\\\/wp-content\\\/uploads\\\/2025\\\/05\\\/AXIS_Y_COMPLETE_NO-STRESS_PHYSICAL_SUNSCREEN_V.350ML-3-scaled.png\",\"width\":2560,\"height\":2560},{\"@type\":\"BreadcrumbList\",\"@id\":\"https:\\\/\\\/vitablanca.ma\\\/produit\\\/axis-y-complete-no-stress-physical-sunscreen-v-3-50ml\\\/#breadcrumb\",\"itemListElement\":[{\"@type\":\"ListItem\",\"position\":1,\"name\":\"Home\",\"item\":\"https:\\\/\\\/vitablanca.ma\\\/\"},{\"@type\":\"ListItem\",\"position\":2,\"name\":\"Tous Les Produits\",\"item\":\"https:\\\/\\\/vitablanca.ma\\\/tous-les-produits\\\/\"},{\"@type\":\"ListItem\",\"position\":3,\"name\":\"AXIS-Y COMPLETE NO-STRESS PHYSICAL SUNSCREEN V.3 50ML\"}]},{\"@type\":\"WebSite\",\"@id\":\"https:\\\/\\\/vitablanca.ma\\\/#website\",\"url\":\"https:\\\/\\\/vitablanca.ma\\\/\",\"name\":\"VitaBlanca.ma | Compl\u00e9ments alimentaires, sant\u00e9 & beaut\u00e9 au Maroc\",\"description\":\"vendre vitamines et compl\u00e9ments premium des USA &amp; Canada, Nouvelle Z\u00e9lande,Maroc (NOW Foods, Solgar, Manuka). Livraison rapide partout au Maroc.\",\"publisher\":{\"@id\":\"https:\\\/\\\/vitablanca.ma\\\/#organization\"},\"alternateName\":\"VitaBlanca.ma\",\"potentialAction\":[{\"@type\":\"SearchAction\",\"target\":{\"@type\":\"EntryPoint\",\"urlTemplate\":\"https:\\\/\\\/vitablanca.ma\\\/?s={search_term_string}\"},\"query-input\":{\"@type\":\"PropertyValueSpecification\",\"valueRequired\":true,\"valueName\":\"search_term_string\"}}],\"inLanguage\":\"ar\"},{\"@type\":\"Organization\",\"@id\":\"https:\\\/\\\/vitablanca.ma\\\/#organization\",\"name\":\"VitaBlanca\",\"url\":\"https:\\\/\\\/vitablanca.ma\\\/\",\"logo\":{\"@type\":\"ImageObject\",\"inLanguage\":\"ar\",\"@id\":\"https:\\\/\\\/vitablanca.ma\\\/#\\\/schema\\\/logo\\\/image\\\/\",\"url\":\"https:\\\/\\\/vitablanca.ma\\\/wp-content\\\/uploads\\\/2025\\\/05\\\/cropped-vitablanca.png\",\"contentUrl\":\"https:\\\/\\\/vitablanca.ma\\\/wp-content\\\/uploads\\\/2025\\\/05\\\/cropped-vitablanca.png\",\"width\":360,\"height\":67,\"caption\":\"VitaBlanca\"},\"image\":{\"@id\":\"https:\\\/\\\/vitablanca.ma\\\/#\\\/schema\\\/logo\\\/image\\\/\"},\"sameAs\":[\"https:\\\/\\\/www.facebook.com\\\/profile.php?id=61576678196717\",\"https:\\\/\\\/www.tiktok.com\\\/@vitablanca.ma\",\"https:\\\/\\\/www.instagram.com\\\/vitablanca.ma\\\/\"]}]}<\/script>\n<!-- \/ Yoast SEO plugin. -->","yoast_head_json":{"title":"AXIS-Y COMPLETE NO-STRESS PHYSICAL SUNSCREEN - Maroc","description":"La cr\u00e8me solaire physique AXIS-Y prot\u00e8ge avec un SPF 50+ et apaise les peaux irrit\u00e9es. Sa formule l\u00e9g\u00e8re sans traces blanches laisse un fini naturel.","robots":{"index":"index","follow":"follow","max-snippet":"max-snippet:-1","max-image-preview":"max-image-preview:large","max-video-preview":"max-video-preview:-1"},"canonical":"https:\/\/vitablanca.ma\/ar\/product-2\/axis-y-complete-no-stress-physical-sunscreen-v-3-50ml\/","og_locale":"ar_AR","og_type":"article","og_title":"AXIS-Y COMPLETE NO-STRESS PHYSICAL SUNSCREEN - Maroc","og_description":"La cr\u00e8me solaire physique AXIS-Y prot\u00e8ge avec un SPF 50+ et apaise les peaux irrit\u00e9es. Sa formule l\u00e9g\u00e8re sans traces blanches laisse un fini naturel.","og_url":"https:\/\/vitablanca.ma\/ar\/product-2\/axis-y-complete-no-stress-physical-sunscreen-v-3-50ml\/","og_site_name":"Vitablanca.ma &ndash; Sant&eacute;, vitalit&eacute; et bien-&ecirc;tre pour tous les Marocains","article_publisher":"https:\/\/www.facebook.com\/profile.php?id=61576678196717","article_modified_time":"2026-01-06T14:03:58+00:00","og_image":[{"width":2560,"height":2560,"url":"https:\/\/vitablanca.ma\/wp-content\/uploads\/2025\/05\/AXIS_Y_COMPLETE_NO-STRESS_PHYSICAL_SUNSCREEN_V.350ML-3-scaled.png","type":"image\/png"}],"twitter_card":"summary_large_image","twitter_misc":{"\u0648\u0642\u062a \u0627\u0644\u0642\u0631\u0627\u0621\u0629 \u0627\u0644\u0645\u064f\u0642\u062f\u0651\u0631":"\u062f\u0642\u064a\u0642\u0629 \u0648\u0627\u062d\u062f\u0629"},"schema":{"@context":"https:\/\/schema.org","@graph":[{"@type":["WebPage","ItemPage"],"@id":"https:\/\/vitablanca.ma\/produit\/axis-y-complete-no-stress-physical-sunscreen-v-3-50ml\/","url":"https:\/\/vitablanca.ma\/produit\/axis-y-complete-no-stress-physical-sunscreen-v-3-50ml\/","name":"AXIS-Y COMPLETE NO-STRESS PHYSICAL SUNSCREEN - Maroc","isPartOf":{"@id":"https:\/\/vitablanca.ma\/#website"},"primaryImageOfPage":{"@id":"https:\/\/vitablanca.ma\/produit\/axis-y-complete-no-stress-physical-sunscreen-v-3-50ml\/#primaryimage"},"image":{"@id":"https:\/\/vitablanca.ma\/produit\/axis-y-complete-no-stress-physical-sunscreen-v-3-50ml\/#primaryimage"},"thumbnailUrl":"https:\/\/vitablanca.ma\/wp-content\/uploads\/2025\/05\/AXIS_Y_COMPLETE_NO-STRESS_PHYSICAL_SUNSCREEN_V.350ML-3-scaled.png","datePublished":"2025-05-22T23:12:55+00:00","dateModified":"2026-01-06T14:03:58+00:00","description":"La cr\u00e8me solaire physique AXIS-Y prot\u00e8ge avec un SPF 50+ et apaise les peaux irrit\u00e9es. Sa formule l\u00e9g\u00e8re sans traces blanches laisse un fini naturel.","breadcrumb":{"@id":"https:\/\/vitablanca.ma\/produit\/axis-y-complete-no-stress-physical-sunscreen-v-3-50ml\/#breadcrumb"},"inLanguage":"ar","potentialAction":[{"@type":"ReadAction","target":["https:\/\/vitablanca.ma\/produit\/axis-y-complete-no-stress-physical-sunscreen-v-3-50ml\/"]}]},{"@type":"ImageObject","inLanguage":"ar","@id":"https:\/\/vitablanca.ma\/produit\/axis-y-complete-no-stress-physical-sunscreen-v-3-50ml\/#primaryimage","url":"https:\/\/vitablanca.ma\/wp-content\/uploads\/2025\/05\/AXIS_Y_COMPLETE_NO-STRESS_PHYSICAL_SUNSCREEN_V.350ML-3-scaled.png","contentUrl":"https:\/\/vitablanca.ma\/wp-content\/uploads\/2025\/05\/AXIS_Y_COMPLETE_NO-STRESS_PHYSICAL_SUNSCREEN_V.350ML-3-scaled.png","width":2560,"height":2560},{"@type":"BreadcrumbList","@id":"https:\/\/vitablanca.ma\/produit\/axis-y-complete-no-stress-physical-sunscreen-v-3-50ml\/#breadcrumb","itemListElement":[{"@type":"ListItem","position":1,"name":"Home","item":"https:\/\/vitablanca.ma\/"},{"@type":"ListItem","position":2,"name":"Tous Les Produits","item":"https:\/\/vitablanca.ma\/tous-les-produits\/"},{"@type":"ListItem","position":3,"name":"AXIS-Y COMPLETE NO-STRESS PHYSICAL SUNSCREEN V.3 50ML"}]},{"@type":"WebSite","@id":"https:\/\/vitablanca.ma\/#website","url":"https:\/\/vitablanca.ma\/","name":"VitaBlanca.ma | \u0627\u0644\u0645\u0643\u0645\u0644\u0627\u062a \u0627\u0644\u063a\u0630\u0627\u0626\u064a\u0629\u060c \u0627\u0644\u0635\u062d\u0629 \u0648\u0627\u0644\u062c\u0645\u0627\u0644 \u0641\u064a \u0627\u0644\u0645\u063a\u0631\u0628","description":"\u0646\u0628\u064a\u0639 \u0641\u064a\u062a\u0627\u0645\u064a\u0646\u0627\u062a \u0648\u0645\u0643\u0645\u0644\u0627\u062a \u063a\u0630\u0627\u0626\u064a\u0629 \u0641\u0627\u062e\u0631\u0629 \u0645\u0646 \u0627\u0644\u0648\u0644\u0627\u064a\u0627\u062a \u0627\u0644\u0645\u062a\u062d\u062f\u0629 \u0627\u0644\u0623\u0645\u0631\u064a\u0643\u064a\u0629 \u0648\u0643\u0646\u062f\u0627 \u0648\u0646\u064a\u0648\u0632\u064a\u0644\u0646\u062f\u0627 \u0648\u0627\u0644\u0645\u063a\u0631\u0628 (\u0646\u0627\u0648 \u0641\u0648\u062f\u0632\u060c \u0633\u0648\u0644\u062c\u0627\u0631\u060c \u0645\u0627\u0646\u0648\u0643\u0627). \u062a\u0648\u0635\u064a\u0644 \u0633\u0631\u064a\u0639 \u0625\u0644\u0649 \u062c\u0645\u064a\u0639 \u0623\u0646\u062d\u0627\u0621 \u0627\u0644\u0645\u063a\u0631\u0628.","publisher":{"@id":"https:\/\/vitablanca.ma\/#organization"},"alternateName":"VitaBlanca.ma","potentialAction":[{"@type":"SearchAction","target":{"@type":"EntryPoint","urlTemplate":"https:\/\/vitablanca.ma\/?s={search_term_string}"},"query-input":{"@type":"PropertyValueSpecification","valueRequired":true,"valueName":"search_term_string"}}],"inLanguage":"ar"},{"@type":"Organization","@id":"https:\/\/vitablanca.ma\/#organization","name":"\u0641\u064a\u062a\u0627\u0628\u0644\u0627\u0646\u0643\u0627","url":"https:\/\/vitablanca.ma\/","logo":{"@type":"ImageObject","inLanguage":"ar","@id":"https:\/\/vitablanca.ma\/#\/schema\/logo\/image\/","url":"https:\/\/vitablanca.ma\/wp-content\/uploads\/2025\/05\/cropped-vitablanca.png","contentUrl":"https:\/\/vitablanca.ma\/wp-content\/uploads\/2025\/05\/cropped-vitablanca.png","width":360,"height":67,"caption":"VitaBlanca"},"image":{"@id":"https:\/\/vitablanca.ma\/#\/schema\/logo\/image\/"},"sameAs":["https:\/\/www.facebook.com\/profile.php?id=61576678196717","https:\/\/www.tiktok.com\/@vitablanca.ma","https:\/\/www.instagram.com\/vitablanca.ma\/"]}]}},"jetpack_sharing_enabled":true,"_links":{"self":[{"href":"https:\/\/vitablanca.ma\/ar\/wp-json\/wp\/v2\/product\/8086","targetHints":{"allow":["GET"]}}],"collection":[{"href":"https:\/\/vitablanca.ma\/ar\/wp-json\/wp\/v2\/product"}],"about":[{"href":"https:\/\/vitablanca.ma\/ar\/wp-json\/wp\/v2\/types\/product"}],"wp:featuredmedia":[{"embeddable":true,"href":"https:\/\/vitablanca.ma\/ar\/wp-json\/wp\/v2\/media\/8074"}],"wp:attachment":[{"href":"https:\/\/vitablanca.ma\/ar\/wp-json\/wp\/v2\/media?parent=8086"}],"wp:term":[{"taxonomy":"product_brand","embeddable":true,"href":"https:\/\/vitablanca.ma\/ar\/wp-json\/wp\/v2\/product_brand?post=8086"},{"taxonomy":"product_cat","embeddable":true,"href":"https:\/\/vitablanca.ma\/ar\/wp-json\/wp\/v2\/product_cat?post=8086"},{"taxonomy":"product_tag","embeddable":true,"href":"https:\/\/vitablanca.ma\/ar\/wp-json\/wp\/v2\/product_tag?post=8086"}],"curies":[{"name":"wp","href":"https:\/\/api.w.org\/{rel}","templated":true}]}}