{"id":8073,"date":"2025-05-22T23:07:58","date_gmt":"2025-05-22T23:07:58","guid":{"rendered":"https:\/\/vitablanca.ma\/product\/axis-y-dark-spot-correcting-glow-serum-50ml\/"},"modified":"2026-01-26T22:56:06","modified_gmt":"2026-01-26T22:56:06","slug":"axis-y-dark-spot-correcting-glow-serum-50ml","status":"publish","type":"product","link":"https:\/\/vitablanca.ma\/ar\/product-2\/axis-y-dark-spot-correcting-glow-serum-50ml\/","title":{"rendered":"\u0633\u064a\u0631\u0648\u0645 AXIS-Y \u0644\u062a\u0635\u062d\u064a\u062d \u0627\u0644\u0628\u0642\u0639 \u0627\u0644\u062f\u0627\u0643\u0646\u0629 \u0648\u0625\u0634\u0631\u0627\u0642\u0629 \u0627\u0644\u0628\u0634\u0631\u0629 50 \u0645\u0644"},"content":{"rendered":"<h2>\u0633\u064a\u0631\u0648\u0645 \u0645\u0636\u0627\u062f \u0644\u0644\u0628\u0642\u0639 \u0627\u0644\u062f\u0627\u0643\u0646\u0629 \u0648\u0645\u0634\u0631\u0642 \u0644\u0644\u0628\u0634\u0631\u0629 50 \u0645\u0644<\/h2>\n<p>\u0627\u0644 <strong>\u0633\u064a\u0631\u0648\u0645 \u0645\u0636\u0627\u062f \u0644\u0644\u0628\u0642\u0639 \u0627\u0644\u062f\u0627\u0643\u0646\u0629 \u0648\u0645\u0634\u0631\u0642<\/strong> \u0645\u064f\u0635\u0645\u0645 \u0644\u0627\u0633\u062a\u0647\u062f\u0627\u0641 \u0627\u0644\u0628\u0642\u0639 \u0627\u0644\u062f\u0627\u0643\u0646\u0629 \u0648\u062a\u0648\u062d\u064a\u062f \u0644\u0648\u0646 \u0627\u0644\u0628\u0634\u0631\u0629. \u0645\u064f\u0639\u0632\u0632 \u0628\u0640 <strong>\u0627\u0644\u0646\u064a\u0627\u0633\u064a\u0646\u0627\u0645\u064a\u062f<\/strong> \u0628\u0641\u0636\u0644 \u0645\u0633\u062a\u062e\u0644\u0635\u0627\u062a\u0647 \u0627\u0644\u0637\u0628\u064a\u0639\u064a\u0629\u060c \u064a\u064f\u0642\u0644\u0644 \u0647\u0630\u0627 \u0627\u0644\u0633\u064a\u0631\u0648\u0645 \u0645\u0646 \u0638\u0647\u0648\u0631 \u0627\u0644\u0628\u0642\u0639 \u0627\u0644\u062f\u0627\u0643\u0646\u0629 \u0648\u064a\u064f\u062d\u0633\u0651\u0646 \u0625\u0634\u0631\u0627\u0642\u0629 \u0627\u0644\u0628\u0634\u0631\u0629 \u0627\u0644\u0637\u0628\u064a\u0639\u064a\u0629. \u0639\u0646\u062f \u0627\u0633\u062a\u062e\u062f\u0627\u0645\u0647 \u064a\u0648\u0645\u064a\u064b\u0627\u060c \u064a\u064f\u0633\u0627\u0639\u062f \u0639\u0644\u0649 \u062a\u062d\u0642\u064a\u0642 <strong>\u0628\u0634\u0631\u0629 \u0623\u0641\u062a\u062d<\/strong> \u0648\u062d\u062a\u0649 \u0645\u0639 \u0628\u0634\u0631\u0629 \u0623\u0643\u062b\u0631 \u0625\u0634\u0631\u0627\u0642\u0627 \u0628\u0634\u0643\u0644 \u0648\u0627\u0636\u062d.<\/p>","protected":false},"excerpt":{"rendered":"<p>S\u00e9rum \u00c9clat Anti-Taches 50ml Le S\u00e9rum \u00c9clat Anti-Taches est con\u00e7u pour cibler les taches pigmentaires et uniformiser le teint. Enrichi en niacinamide et en extraits naturels, ce s\u00e9rum r\u00e9duit l&rsquo;apparence des taches sombres tout en am\u00e9liorant l&rsquo;\u00e9clat naturel de la peau. Utilis\u00e9 quotidiennement, il aide \u00e0 obtenir un teint plus clair et homog\u00e8ne, avec une [&hellip;]<\/p>\n","protected":false},"featured_media":8062,"template":"","meta":{"om_disable_all_campaigns":false},"product_brand":[3385],"product_cat":[18,1117],"product_tag":[3390,3386,3392,3389,3407,3412,3391,3406,3387,3411,3408,3409,3388],"class_list":{"0":"post-8073","1":"product","2":"type-product","3":"status-publish","4":"has-post-thumbnail","6":"product_brand-axis-y-maroc-prix-vitablanca","7":"product_cat-beaute-sante","8":"product_cat-korean-skin-care","9":"product_tag-axis-y-k-beauty-maroc","10":"product_tag-axis-y-maroc","11":"product_tag-axis-y-original-maroc","12":"product_tag-axis-y-peau-acneique-maroc","13":"product_tag-axis-y-serum-anti-taches","14":"product_tag-axis-y-skincare-morocco","15":"product_tag-axis-y-soins-coreens-maroc","16":"product_tag-dark-spot-correcting-glow-serum","17":"product_tag-produits-axis-y-maroc","18":"product_tag-serum-anti-hyperpigmentation","19":"product_tag-serum-coreen-eclaircissant-maroc","20":"product_tag-serum-niacinamide-5","21":"product_tag-soins-visage-axis-y","23":"first","24":"instock","25":"sale","26":"taxable","27":"shipping-taxable","28":"purchasable","29":"product-type-simple"},"yoast_head":"<!-- This site is optimized with the Yoast SEO plugin v27.3 - https:\/\/yoast.com\/product\/yoast-seo-wordpress\/ -->\n<title>AXIS-Y Dark Spot Correcting Glow Serum 50ml - Maroc Prix<\/title>\n<meta name=\"description\" content=\"S\u00e9rum cor\u00e9en \u00e9claircissant \u00e0 la niacinamide (5%) qui r\u00e9duit les taches brunes, uniformise le teint et apporte un \u00e9clat naturel \u00e0 la peau.\" \/>\n<meta name=\"robots\" content=\"index, follow, max-snippet:-1, max-image-preview:large, max-video-preview:-1\" \/>\n<link rel=\"canonical\" href=\"https:\/\/vitablanca.ma\/ar\/product-2\/axis-y-dark-spot-correcting-glow-serum-50ml\/\" \/>\n<meta property=\"og:locale\" content=\"ar_AR\" \/>\n<meta property=\"og:type\" content=\"article\" \/>\n<meta property=\"og:title\" content=\"AXIS-Y Dark Spot Correcting Glow Serum 50ml - Maroc Prix\" \/>\n<meta property=\"og:description\" content=\"S\u00e9rum cor\u00e9en \u00e9claircissant \u00e0 la niacinamide (5%) qui r\u00e9duit les taches brunes, uniformise le teint et apporte un \u00e9clat naturel \u00e0 la peau.\" \/>\n<meta property=\"og:url\" content=\"https:\/\/vitablanca.ma\/ar\/product-2\/axis-y-dark-spot-correcting-glow-serum-50ml\/\" \/>\n<meta property=\"og:site_name\" content=\"Vitablanca.ma &ndash; Sant&eacute;, vitalit&eacute; et bien-&ecirc;tre pour tous les Marocains\" \/>\n<meta property=\"article:publisher\" content=\"https:\/\/www.facebook.com\/profile.php?id=61576678196717\" \/>\n<meta property=\"article:modified_time\" content=\"2026-01-26T22:56:06+00:00\" \/>\n<meta property=\"og:image\" content=\"https:\/\/vitablanca.ma\/wp-content\/uploads\/2025\/05\/AXIS_Y_DARK_SPOT_CORRECTING_GLOW_SERUM_50ML_56f7d7fa-fd52-4142-b05e-44e51f79e73e-3-scaled.png\" \/>\n\t<meta property=\"og:image:width\" content=\"2560\" \/>\n\t<meta property=\"og:image:height\" content=\"2560\" \/>\n\t<meta property=\"og:image:type\" content=\"image\/png\" \/>\n<meta name=\"twitter:card\" content=\"summary_large_image\" \/>\n<meta name=\"twitter:label1\" content=\"\u0648\u0642\u062a \u0627\u0644\u0642\u0631\u0627\u0621\u0629 \u0627\u0644\u0645\u064f\u0642\u062f\u0651\u0631\" \/>\n\t<meta name=\"twitter:data1\" content=\"\u062f\u0642\u064a\u0642\u0629 \u0648\u0627\u062d\u062f\u0629\" \/>\n<script type=\"application\/ld+json\" class=\"yoast-schema-graph\">{\"@context\":\"https:\\\/\\\/schema.org\",\"@graph\":[{\"@type\":[\"WebPage\",\"ItemPage\"],\"@id\":\"https:\\\/\\\/vitablanca.ma\\\/produit\\\/axis-y-dark-spot-correcting-glow-serum-50ml\\\/\",\"url\":\"https:\\\/\\\/vitablanca.ma\\\/produit\\\/axis-y-dark-spot-correcting-glow-serum-50ml\\\/\",\"name\":\"AXIS-Y Dark Spot Correcting Glow Serum 50ml - Maroc Prix\",\"isPartOf\":{\"@id\":\"https:\\\/\\\/vitablanca.ma\\\/#website\"},\"primaryImageOfPage\":{\"@id\":\"https:\\\/\\\/vitablanca.ma\\\/produit\\\/axis-y-dark-spot-correcting-glow-serum-50ml\\\/#primaryimage\"},\"image\":{\"@id\":\"https:\\\/\\\/vitablanca.ma\\\/produit\\\/axis-y-dark-spot-correcting-glow-serum-50ml\\\/#primaryimage\"},\"thumbnailUrl\":\"https:\\\/\\\/vitablanca.ma\\\/wp-content\\\/uploads\\\/2025\\\/05\\\/AXIS_Y_DARK_SPOT_CORRECTING_GLOW_SERUM_50ML_56f7d7fa-fd52-4142-b05e-44e51f79e73e-3-scaled.png\",\"datePublished\":\"2025-05-22T23:07:58+00:00\",\"dateModified\":\"2026-01-26T22:56:06+00:00\",\"description\":\"S\u00e9rum cor\u00e9en \u00e9claircissant \u00e0 la niacinamide (5%) qui r\u00e9duit les taches brunes, uniformise le teint et apporte un \u00e9clat naturel \u00e0 la peau.\",\"breadcrumb\":{\"@id\":\"https:\\\/\\\/vitablanca.ma\\\/produit\\\/axis-y-dark-spot-correcting-glow-serum-50ml\\\/#breadcrumb\"},\"inLanguage\":\"ar\",\"potentialAction\":[{\"@type\":\"ReadAction\",\"target\":[\"https:\\\/\\\/vitablanca.ma\\\/produit\\\/axis-y-dark-spot-correcting-glow-serum-50ml\\\/\"]}]},{\"@type\":\"ImageObject\",\"inLanguage\":\"ar\",\"@id\":\"https:\\\/\\\/vitablanca.ma\\\/produit\\\/axis-y-dark-spot-correcting-glow-serum-50ml\\\/#primaryimage\",\"url\":\"https:\\\/\\\/vitablanca.ma\\\/wp-content\\\/uploads\\\/2025\\\/05\\\/AXIS_Y_DARK_SPOT_CORRECTING_GLOW_SERUM_50ML_56f7d7fa-fd52-4142-b05e-44e51f79e73e-3-scaled.png\",\"contentUrl\":\"https:\\\/\\\/vitablanca.ma\\\/wp-content\\\/uploads\\\/2025\\\/05\\\/AXIS_Y_DARK_SPOT_CORRECTING_GLOW_SERUM_50ML_56f7d7fa-fd52-4142-b05e-44e51f79e73e-3-scaled.png\",\"width\":2560,\"height\":2560},{\"@type\":\"BreadcrumbList\",\"@id\":\"https:\\\/\\\/vitablanca.ma\\\/produit\\\/axis-y-dark-spot-correcting-glow-serum-50ml\\\/#breadcrumb\",\"itemListElement\":[{\"@type\":\"ListItem\",\"position\":1,\"name\":\"Home\",\"item\":\"https:\\\/\\\/vitablanca.ma\\\/\"},{\"@type\":\"ListItem\",\"position\":2,\"name\":\"Tous Les Produits\",\"item\":\"https:\\\/\\\/vitablanca.ma\\\/tous-les-produits\\\/\"},{\"@type\":\"ListItem\",\"position\":3,\"name\":\"AXIS-Y DARK SPOT CORRECTING GLOW SERUM 50ML\"}]},{\"@type\":\"WebSite\",\"@id\":\"https:\\\/\\\/vitablanca.ma\\\/#website\",\"url\":\"https:\\\/\\\/vitablanca.ma\\\/\",\"name\":\"VitaBlanca.ma | Compl\u00e9ments alimentaires, sant\u00e9 & beaut\u00e9 au Maroc\",\"description\":\"vendre vitamines et compl\u00e9ments premium des USA &amp; Canada, Nouvelle Z\u00e9lande,Maroc (NOW Foods, Solgar, Manuka). Livraison rapide partout au Maroc.\",\"publisher\":{\"@id\":\"https:\\\/\\\/vitablanca.ma\\\/#organization\"},\"alternateName\":\"VitaBlanca.ma\",\"potentialAction\":[{\"@type\":\"SearchAction\",\"target\":{\"@type\":\"EntryPoint\",\"urlTemplate\":\"https:\\\/\\\/vitablanca.ma\\\/?s={search_term_string}\"},\"query-input\":{\"@type\":\"PropertyValueSpecification\",\"valueRequired\":true,\"valueName\":\"search_term_string\"}}],\"inLanguage\":\"ar\"},{\"@type\":\"Organization\",\"@id\":\"https:\\\/\\\/vitablanca.ma\\\/#organization\",\"name\":\"VitaBlanca\",\"url\":\"https:\\\/\\\/vitablanca.ma\\\/\",\"logo\":{\"@type\":\"ImageObject\",\"inLanguage\":\"ar\",\"@id\":\"https:\\\/\\\/vitablanca.ma\\\/#\\\/schema\\\/logo\\\/image\\\/\",\"url\":\"https:\\\/\\\/vitablanca.ma\\\/wp-content\\\/uploads\\\/2025\\\/05\\\/cropped-vitablanca.png\",\"contentUrl\":\"https:\\\/\\\/vitablanca.ma\\\/wp-content\\\/uploads\\\/2025\\\/05\\\/cropped-vitablanca.png\",\"width\":360,\"height\":67,\"caption\":\"VitaBlanca\"},\"image\":{\"@id\":\"https:\\\/\\\/vitablanca.ma\\\/#\\\/schema\\\/logo\\\/image\\\/\"},\"sameAs\":[\"https:\\\/\\\/www.facebook.com\\\/profile.php?id=61576678196717\",\"https:\\\/\\\/www.tiktok.com\\\/@vitablanca.ma\",\"https:\\\/\\\/www.instagram.com\\\/vitablanca.ma\\\/\"]}]}<\/script>\n<!-- \/ Yoast SEO plugin. -->","yoast_head_json":{"title":"\u0633\u064a\u0631\u0648\u0645 AXIS-Y \u0644\u062a\u0635\u062d\u064a\u062d \u0627\u0644\u0628\u0642\u0639 \u0627\u0644\u062f\u0627\u0643\u0646\u0629 \u0665\u0660 \u0645\u0644 - \u0633\u0639\u0631 \u0627\u0644\u0645\u063a\u0631\u0628","description":"\u0645\u0635\u0644 \u0627\u0644\u0646\u064a\u0627\u0633\u064a\u0646\u0627\u0645\u064a\u062f \u0627\u0644\u0643\u0648\u0631\u064a \u0627\u0644\u0645\u0634\u0631\u0642 (5%) \u0627\u0644\u0630\u064a \u064a\u0642\u0644\u0644 \u0645\u0646 \u0627\u0644\u0628\u0642\u0639 \u0627\u0644\u062f\u0627\u0643\u0646\u0629 \u0648\u064a\u0648\u062d\u062f \u0644\u0648\u0646 \u0627\u0644\u0628\u0634\u0631\u0629 \u0648\u064a\u0645\u0646\u062d\u0647\u0627 \u062a\u0648\u0647\u062c\u064b\u0627 \u0637\u0628\u064a\u0639\u064a\u064b\u0627.","robots":{"index":"index","follow":"follow","max-snippet":"max-snippet:-1","max-image-preview":"max-image-preview:large","max-video-preview":"max-video-preview:-1"},"canonical":"https:\/\/vitablanca.ma\/ar\/product-2\/axis-y-dark-spot-correcting-glow-serum-50ml\/","og_locale":"ar_AR","og_type":"article","og_title":"AXIS-Y Dark Spot Correcting Glow Serum 50ml - Maroc Prix","og_description":"S\u00e9rum cor\u00e9en \u00e9claircissant \u00e0 la niacinamide (5%) qui r\u00e9duit les taches brunes, uniformise le teint et apporte un \u00e9clat naturel \u00e0 la peau.","og_url":"https:\/\/vitablanca.ma\/ar\/product-2\/axis-y-dark-spot-correcting-glow-serum-50ml\/","og_site_name":"Vitablanca.ma &ndash; Sant&eacute;, vitalit&eacute; et bien-&ecirc;tre pour tous les Marocains","article_publisher":"https:\/\/www.facebook.com\/profile.php?id=61576678196717","article_modified_time":"2026-01-26T22:56:06+00:00","og_image":[{"width":2560,"height":2560,"url":"https:\/\/vitablanca.ma\/wp-content\/uploads\/2025\/05\/AXIS_Y_DARK_SPOT_CORRECTING_GLOW_SERUM_50ML_56f7d7fa-fd52-4142-b05e-44e51f79e73e-3-scaled.png","type":"image\/png"}],"twitter_card":"summary_large_image","twitter_misc":{"\u0648\u0642\u062a \u0627\u0644\u0642\u0631\u0627\u0621\u0629 \u0627\u0644\u0645\u064f\u0642\u062f\u0651\u0631":"\u062f\u0642\u064a\u0642\u0629 \u0648\u0627\u062d\u062f\u0629"},"schema":{"@context":"https:\/\/schema.org","@graph":[{"@type":["WebPage","ItemPage"],"@id":"https:\/\/vitablanca.ma\/produit\/axis-y-dark-spot-correcting-glow-serum-50ml\/","url":"https:\/\/vitablanca.ma\/produit\/axis-y-dark-spot-correcting-glow-serum-50ml\/","name":"\u0633\u064a\u0631\u0648\u0645 AXIS-Y \u0644\u062a\u0635\u062d\u064a\u062d \u0627\u0644\u0628\u0642\u0639 \u0627\u0644\u062f\u0627\u0643\u0646\u0629 \u0665\u0660 \u0645\u0644 - \u0633\u0639\u0631 \u0627\u0644\u0645\u063a\u0631\u0628","isPartOf":{"@id":"https:\/\/vitablanca.ma\/#website"},"primaryImageOfPage":{"@id":"https:\/\/vitablanca.ma\/produit\/axis-y-dark-spot-correcting-glow-serum-50ml\/#primaryimage"},"image":{"@id":"https:\/\/vitablanca.ma\/produit\/axis-y-dark-spot-correcting-glow-serum-50ml\/#primaryimage"},"thumbnailUrl":"https:\/\/vitablanca.ma\/wp-content\/uploads\/2025\/05\/AXIS_Y_DARK_SPOT_CORRECTING_GLOW_SERUM_50ML_56f7d7fa-fd52-4142-b05e-44e51f79e73e-3-scaled.png","datePublished":"2025-05-22T23:07:58+00:00","dateModified":"2026-01-26T22:56:06+00:00","description":"\u0645\u0635\u0644 \u0627\u0644\u0646\u064a\u0627\u0633\u064a\u0646\u0627\u0645\u064a\u062f \u0627\u0644\u0643\u0648\u0631\u064a \u0627\u0644\u0645\u0634\u0631\u0642 (5%) \u0627\u0644\u0630\u064a \u064a\u0642\u0644\u0644 \u0645\u0646 \u0627\u0644\u0628\u0642\u0639 \u0627\u0644\u062f\u0627\u0643\u0646\u0629 \u0648\u064a\u0648\u062d\u062f \u0644\u0648\u0646 \u0627\u0644\u0628\u0634\u0631\u0629 \u0648\u064a\u0645\u0646\u062d\u0647\u0627 \u062a\u0648\u0647\u062c\u064b\u0627 \u0637\u0628\u064a\u0639\u064a\u064b\u0627.","breadcrumb":{"@id":"https:\/\/vitablanca.ma\/produit\/axis-y-dark-spot-correcting-glow-serum-50ml\/#breadcrumb"},"inLanguage":"ar","potentialAction":[{"@type":"ReadAction","target":["https:\/\/vitablanca.ma\/produit\/axis-y-dark-spot-correcting-glow-serum-50ml\/"]}]},{"@type":"ImageObject","inLanguage":"ar","@id":"https:\/\/vitablanca.ma\/produit\/axis-y-dark-spot-correcting-glow-serum-50ml\/#primaryimage","url":"https:\/\/vitablanca.ma\/wp-content\/uploads\/2025\/05\/AXIS_Y_DARK_SPOT_CORRECTING_GLOW_SERUM_50ML_56f7d7fa-fd52-4142-b05e-44e51f79e73e-3-scaled.png","contentUrl":"https:\/\/vitablanca.ma\/wp-content\/uploads\/2025\/05\/AXIS_Y_DARK_SPOT_CORRECTING_GLOW_SERUM_50ML_56f7d7fa-fd52-4142-b05e-44e51f79e73e-3-scaled.png","width":2560,"height":2560},{"@type":"BreadcrumbList","@id":"https:\/\/vitablanca.ma\/produit\/axis-y-dark-spot-correcting-glow-serum-50ml\/#breadcrumb","itemListElement":[{"@type":"ListItem","position":1,"name":"Home","item":"https:\/\/vitablanca.ma\/"},{"@type":"ListItem","position":2,"name":"Tous Les Produits","item":"https:\/\/vitablanca.ma\/tous-les-produits\/"},{"@type":"ListItem","position":3,"name":"AXIS-Y DARK SPOT CORRECTING GLOW SERUM 50ML"}]},{"@type":"WebSite","@id":"https:\/\/vitablanca.ma\/#website","url":"https:\/\/vitablanca.ma\/","name":"VitaBlanca.ma | \u0627\u0644\u0645\u0643\u0645\u0644\u0627\u062a \u0627\u0644\u063a\u0630\u0627\u0626\u064a\u0629\u060c \u0627\u0644\u0635\u062d\u0629 \u0648\u0627\u0644\u062c\u0645\u0627\u0644 \u0641\u064a \u0627\u0644\u0645\u063a\u0631\u0628","description":"\u0646\u0628\u064a\u0639 \u0641\u064a\u062a\u0627\u0645\u064a\u0646\u0627\u062a \u0648\u0645\u0643\u0645\u0644\u0627\u062a \u063a\u0630\u0627\u0626\u064a\u0629 \u0641\u0627\u062e\u0631\u0629 \u0645\u0646 \u0627\u0644\u0648\u0644\u0627\u064a\u0627\u062a \u0627\u0644\u0645\u062a\u062d\u062f\u0629 \u0627\u0644\u0623\u0645\u0631\u064a\u0643\u064a\u0629 \u0648\u0643\u0646\u062f\u0627 \u0648\u0646\u064a\u0648\u0632\u064a\u0644\u0646\u062f\u0627 \u0648\u0627\u0644\u0645\u063a\u0631\u0628 (\u0646\u0627\u0648 \u0641\u0648\u062f\u0632\u060c \u0633\u0648\u0644\u062c\u0627\u0631\u060c \u0645\u0627\u0646\u0648\u0643\u0627). \u062a\u0648\u0635\u064a\u0644 \u0633\u0631\u064a\u0639 \u0625\u0644\u0649 \u062c\u0645\u064a\u0639 \u0623\u0646\u062d\u0627\u0621 \u0627\u0644\u0645\u063a\u0631\u0628.","publisher":{"@id":"https:\/\/vitablanca.ma\/#organization"},"alternateName":"VitaBlanca.ma","potentialAction":[{"@type":"SearchAction","target":{"@type":"EntryPoint","urlTemplate":"https:\/\/vitablanca.ma\/?s={search_term_string}"},"query-input":{"@type":"PropertyValueSpecification","valueRequired":true,"valueName":"search_term_string"}}],"inLanguage":"ar"},{"@type":"Organization","@id":"https:\/\/vitablanca.ma\/#organization","name":"\u0641\u064a\u062a\u0627\u0628\u0644\u0627\u0646\u0643\u0627","url":"https:\/\/vitablanca.ma\/","logo":{"@type":"ImageObject","inLanguage":"ar","@id":"https:\/\/vitablanca.ma\/#\/schema\/logo\/image\/","url":"https:\/\/vitablanca.ma\/wp-content\/uploads\/2025\/05\/cropped-vitablanca.png","contentUrl":"https:\/\/vitablanca.ma\/wp-content\/uploads\/2025\/05\/cropped-vitablanca.png","width":360,"height":67,"caption":"VitaBlanca"},"image":{"@id":"https:\/\/vitablanca.ma\/#\/schema\/logo\/image\/"},"sameAs":["https:\/\/www.facebook.com\/profile.php?id=61576678196717","https:\/\/www.tiktok.com\/@vitablanca.ma","https:\/\/www.instagram.com\/vitablanca.ma\/"]}]}},"jetpack_sharing_enabled":true,"_links":{"self":[{"href":"https:\/\/vitablanca.ma\/ar\/wp-json\/wp\/v2\/product\/8073","targetHints":{"allow":["GET"]}}],"collection":[{"href":"https:\/\/vitablanca.ma\/ar\/wp-json\/wp\/v2\/product"}],"about":[{"href":"https:\/\/vitablanca.ma\/ar\/wp-json\/wp\/v2\/types\/product"}],"wp:featuredmedia":[{"embeddable":true,"href":"https:\/\/vitablanca.ma\/ar\/wp-json\/wp\/v2\/media\/8062"}],"wp:attachment":[{"href":"https:\/\/vitablanca.ma\/ar\/wp-json\/wp\/v2\/media?parent=8073"}],"wp:term":[{"taxonomy":"product_brand","embeddable":true,"href":"https:\/\/vitablanca.ma\/ar\/wp-json\/wp\/v2\/product_brand?post=8073"},{"taxonomy":"product_cat","embeddable":true,"href":"https:\/\/vitablanca.ma\/ar\/wp-json\/wp\/v2\/product_cat?post=8073"},{"taxonomy":"product_tag","embeddable":true,"href":"https:\/\/vitablanca.ma\/ar\/wp-json\/wp\/v2\/product_tag?post=8073"}],"curies":[{"name":"wp","href":"https:\/\/api.w.org\/{rel}","templated":true}]}}