{"id":7883,"date":"2025-05-22T01:19:02","date_gmt":"2025-05-22T01:19:02","guid":{"rendered":"https:\/\/vitablanca.ma\/?post_type=product&#038;p=7883"},"modified":"2025-07-23T12:53:38","modified_gmt":"2025-07-23T12:53:38","slug":"now-foods-luteine-10-mg-120-gelules-maroc","status":"publish","type":"product","link":"https:\/\/vitablanca.ma\/ar\/product-2\/now-foods-luteine-10-mg-120-gelules-maroc\/","title":{"rendered":"\u0646\u0627\u0648 \u0641\u0648\u062f\u0632 \u0644\u0648\u062a\u064a\u0646\u060c 10 \u0645\u0644\u063a\u060c 120 \u0643\u0628\u0633\u0648\u0644\u0629"},"content":{"rendered":"<p>La lut\u00e9ine est un pigment carot\u00e9no\u00efde rouge orang\u00e9 produit par de plantes et est pr\u00e9sente dans les fruits et l\u00e9gumes color\u00e9s. Dans le corps, la lut\u00e9ine est l\u2019un des pigments pr\u00e9dominants concentr\u00e9s dans la macula, une zone sp\u00e9cialis\u00e9e de l\u2019\u0153il responsable de la vision centrale. Qui plus est, on sait qu\u2019elle se d\u00e9pose dans la peau. Le r\u00f4le fonctionnel de la lut\u00e9ine dans ces tissus vuln\u00e9rables est de prot\u00e9ger de la production de radicaux libres caus\u00e9e par la lumi\u00e8re du soleil. Ce produit est d\u00e9riv\u00e9e naturellement de soucis, qui poss\u00e8dent un large spectre de carot\u00e9no\u00efdes, y compris de la z\u00e9axanthine.<a href=\"https:\/\/www.jumia.ma\/customer\/account\/login\/?tkWl=NO879DV0V4BQBNAFAMZ-24384405&return=%2Fnow-foods-luteine-10-mg-120-gelules-32996225.html\"><\/a><\/p>","protected":false},"excerpt":{"rendered":"<ul>\n<li>\u064a\u062d\u0633\u0646 \u0635\u062d\u0629 \u0627\u0644\u0639\u064a\u0646<\/li>\n<li>10 \u0645\u0644\u063a \u0645\u0646 \u0627\u0644\u0644\u0648\u062a\u064a\u0646 \u0627\u0644\u062d\u0631 \u0645\u0646 \u0625\u0633\u062a\u0631\u0627\u062a \u0627\u0644\u0644\u0648\u062a\u064a\u0646<\/li>\n<li>\u064a\u062d\u0633\u0646 \u0635\u062d\u0629 \u0627\u0644\u0639\u0636\u0644\u0627\u062a<\/li>\n<li>\u0627\u0644\u062d\u0645\u0627\u064a\u0629 \u0645\u0646 \u0627\u0644\u062c\u0630\u0648\u0631 \u0627\u0644\u062d\u0631\u0629<\/li>\n<li>\u0636\u0645\u0627\u0646 \u0627\u0644\u062c\u0648\u062f\u0629 GMP<\/li>\n<li>\u0645\u0643\u0645\u0644 \u063a\u0630\u0627\u0626\u064a<\/li>\n<li>\u0627\u0644\u0644\u0648\u062a\u064a\u0646 \u0647\u0648 \u0635\u0628\u063a\u0629 \u0643\u0627\u0631\u0648\u062a\u064a\u0646\u0648\u064a\u062f \u062d\u0645\u0631\u0627\u0621<\/li>\n<\/ul>","protected":false},"featured_media":23102,"template":"","meta":{"om_disable_all_campaigns":false},"product_brand":[83],"product_cat":[18],"product_tag":[951,949,948,944,943,91,388,726,950,947,945,946],"class_list":{"0":"post-7883","1":"product","2":"type-product","3":"status-publish","4":"has-post-thumbnail","6":"product_brand-now-foods-maroc-prix","7":"product_cat-beaute-sante","8":"product_tag-antioxydant-pour-les-yeux","9":"product_tag-complement-yeux-maroc","10":"product_tag-luteine-10-mg","11":"product_tag-luteine-maroc","12":"product_tag-now-foods-luteine","13":"product_tag-now-foods-maroc","14":"product_tag-now-foods-maroc-avis","15":"product_tag-now-foods-maroc-prix","16":"product_tag-prevention-dmla","17":"product_tag-protection-lumiere-bleue","18":"product_tag-sante-oculaire","19":"product_tag-vision-claire","21":"first","22":"instock","23":"sale","24":"taxable","25":"shipping-taxable","26":"purchasable","27":"product-type-simple"},"yoast_head":"<!-- This site is optimized with the Yoast SEO plugin v27.5 - https:\/\/yoast.com\/product\/yoast-seo-wordpress\/ -->\n<title>Now Foods Lut\u00e9ine, 10 mg, 120 g\u00e9lules - Prix Maroc Livraison rapide<\/title>\n<meta name=\"description\" content=\"Compl\u00e9ment antioxydant \u00e0 base de lut\u00e9ine pour prot\u00e9ger la sant\u00e9 des yeux, filtrer la lumi\u00e8re bleue et soutenir la vision. 10 mg par g\u00e9lule.livraison rapide\" \/>\n<meta name=\"robots\" content=\"index, follow, max-snippet:-1, max-image-preview:large, max-video-preview:-1\" \/>\n<link rel=\"canonical\" href=\"https:\/\/vitablanca.ma\/ar\/product-2\/now-foods-luteine-10-mg-120-gelules-maroc\/\" \/>\n<meta property=\"og:locale\" content=\"ar_AR\" \/>\n<meta property=\"og:type\" content=\"article\" \/>\n<meta property=\"og:title\" content=\"Now Foods Lut\u00e9ine, 10 mg, 120 g\u00e9lules - Prix Maroc Livraison rapide\" \/>\n<meta property=\"og:description\" content=\"Compl\u00e9ment antioxydant \u00e0 base de lut\u00e9ine pour prot\u00e9ger la sant\u00e9 des yeux, filtrer la lumi\u00e8re bleue et soutenir la vision. 10 mg par g\u00e9lule.livraison rapide\" \/>\n<meta property=\"og:url\" content=\"https:\/\/vitablanca.ma\/ar\/product-2\/now-foods-luteine-10-mg-120-gelules-maroc\/\" \/>\n<meta property=\"og:site_name\" content=\"Vitablanca.ma &ndash; Sant&eacute;, vitalit&eacute; et bien-&ecirc;tre pour tous les Marocains\" \/>\n<meta property=\"article:publisher\" content=\"https:\/\/www.facebook.com\/profile.php?id=61576678196717\" \/>\n<meta property=\"article:modified_time\" content=\"2025-07-23T12:53:38+00:00\" \/>\n<meta property=\"og:image\" content=\"https:\/\/vitablanca.ma\/wp-content\/uploads\/2025\/05\/now-foods-luteine-10-mg-120-gelules-maroc-prix.jpg\" \/>\n\t<meta property=\"og:image:width\" content=\"680\" \/>\n\t<meta property=\"og:image:height\" content=\"680\" \/>\n\t<meta property=\"og:image:type\" content=\"image\/jpeg\" \/>\n<meta name=\"twitter:card\" content=\"summary_large_image\" \/>\n<meta name=\"twitter:label1\" content=\"\u0648\u0642\u062a \u0627\u0644\u0642\u0631\u0627\u0621\u0629 \u0627\u0644\u0645\u064f\u0642\u062f\u0651\u0631\" \/>\n\t<meta name=\"twitter:data1\" content=\"\u062f\u0642\u064a\u0642\u0629 \u0648\u0627\u062d\u062f\u0629\" \/>\n<script type=\"application\/ld+json\" class=\"yoast-schema-graph\">{\"@context\":\"https:\\\/\\\/schema.org\",\"@graph\":[{\"@type\":[\"WebPage\",\"ItemPage\"],\"@id\":\"https:\\\/\\\/vitablanca.ma\\\/produit\\\/now-foods-luteine-10-mg-120-gelules-maroc\\\/\",\"url\":\"https:\\\/\\\/vitablanca.ma\\\/produit\\\/now-foods-luteine-10-mg-120-gelules-maroc\\\/\",\"name\":\"Now Foods Lut\u00e9ine, 10 mg, 120 g\u00e9lules - Prix Maroc Livraison rapide\",\"isPartOf\":{\"@id\":\"https:\\\/\\\/vitablanca.ma\\\/#website\"},\"primaryImageOfPage\":{\"@id\":\"https:\\\/\\\/vitablanca.ma\\\/produit\\\/now-foods-luteine-10-mg-120-gelules-maroc\\\/#primaryimage\"},\"image\":{\"@id\":\"https:\\\/\\\/vitablanca.ma\\\/produit\\\/now-foods-luteine-10-mg-120-gelules-maroc\\\/#primaryimage\"},\"thumbnailUrl\":\"https:\\\/\\\/vitablanca.ma\\\/wp-content\\\/uploads\\\/2025\\\/05\\\/now-foods-luteine-10-mg-120-gelules-maroc-prix.jpg\",\"datePublished\":\"2025-05-22T01:19:02+00:00\",\"dateModified\":\"2025-07-23T12:53:38+00:00\",\"description\":\"Compl\u00e9ment antioxydant \u00e0 base de lut\u00e9ine pour prot\u00e9ger la sant\u00e9 des yeux, filtrer la lumi\u00e8re bleue et soutenir la vision. 10 mg par g\u00e9lule.livraison rapide\",\"breadcrumb\":{\"@id\":\"https:\\\/\\\/vitablanca.ma\\\/produit\\\/now-foods-luteine-10-mg-120-gelules-maroc\\\/#breadcrumb\"},\"inLanguage\":\"ar\",\"potentialAction\":[{\"@type\":\"ReadAction\",\"target\":[\"https:\\\/\\\/vitablanca.ma\\\/produit\\\/now-foods-luteine-10-mg-120-gelules-maroc\\\/\"]}]},{\"@type\":\"ImageObject\",\"inLanguage\":\"ar\",\"@id\":\"https:\\\/\\\/vitablanca.ma\\\/produit\\\/now-foods-luteine-10-mg-120-gelules-maroc\\\/#primaryimage\",\"url\":\"https:\\\/\\\/vitablanca.ma\\\/wp-content\\\/uploads\\\/2025\\\/05\\\/now-foods-luteine-10-mg-120-gelules-maroc-prix.jpg\",\"contentUrl\":\"https:\\\/\\\/vitablanca.ma\\\/wp-content\\\/uploads\\\/2025\\\/05\\\/now-foods-luteine-10-mg-120-gelules-maroc-prix.jpg\",\"width\":680,\"height\":680},{\"@type\":\"BreadcrumbList\",\"@id\":\"https:\\\/\\\/vitablanca.ma\\\/produit\\\/now-foods-luteine-10-mg-120-gelules-maroc\\\/#breadcrumb\",\"itemListElement\":[{\"@type\":\"ListItem\",\"position\":1,\"name\":\"Home\",\"item\":\"https:\\\/\\\/vitablanca.ma\\\/\"},{\"@type\":\"ListItem\",\"position\":2,\"name\":\"Tous Les Produits\",\"item\":\"https:\\\/\\\/vitablanca.ma\\\/tous-les-produits\\\/\"},{\"@type\":\"ListItem\",\"position\":3,\"name\":\"Now Foods Lut\u00e9ine, 10 mg, 120 g\u00e9lules\"}]},{\"@type\":\"WebSite\",\"@id\":\"https:\\\/\\\/vitablanca.ma\\\/#website\",\"url\":\"https:\\\/\\\/vitablanca.ma\\\/\",\"name\":\"VitaBlanca.ma | Compl\u00e9ments alimentaires, sant\u00e9 & beaut\u00e9 au Maroc\",\"description\":\"vendre vitamines et compl\u00e9ments premium des USA &amp; Canada, Nouvelle Z\u00e9lande,Maroc (NOW Foods, Solgar, Manuka). Livraison rapide partout au Maroc.\",\"publisher\":{\"@id\":\"https:\\\/\\\/vitablanca.ma\\\/#organization\"},\"alternateName\":\"VitaBlanca.ma\",\"potentialAction\":[{\"@type\":\"SearchAction\",\"target\":{\"@type\":\"EntryPoint\",\"urlTemplate\":\"https:\\\/\\\/vitablanca.ma\\\/?s={search_term_string}\"},\"query-input\":{\"@type\":\"PropertyValueSpecification\",\"valueRequired\":true,\"valueName\":\"search_term_string\"}}],\"inLanguage\":\"ar\"},{\"@type\":\"Organization\",\"@id\":\"https:\\\/\\\/vitablanca.ma\\\/#organization\",\"name\":\"VitaBlanca\",\"url\":\"https:\\\/\\\/vitablanca.ma\\\/\",\"logo\":{\"@type\":\"ImageObject\",\"inLanguage\":\"ar\",\"@id\":\"https:\\\/\\\/vitablanca.ma\\\/#\\\/schema\\\/logo\\\/image\\\/\",\"url\":\"https:\\\/\\\/vitablanca.ma\\\/wp-content\\\/uploads\\\/2025\\\/05\\\/cropped-vitablanca.png\",\"contentUrl\":\"https:\\\/\\\/vitablanca.ma\\\/wp-content\\\/uploads\\\/2025\\\/05\\\/cropped-vitablanca.png\",\"width\":360,\"height\":67,\"caption\":\"VitaBlanca\"},\"image\":{\"@id\":\"https:\\\/\\\/vitablanca.ma\\\/#\\\/schema\\\/logo\\\/image\\\/\"},\"sameAs\":[\"https:\\\/\\\/www.facebook.com\\\/profile.php?id=61576678196717\",\"https:\\\/\\\/www.tiktok.com\\\/@vitablanca.ma\",\"https:\\\/\\\/www.instagram.com\\\/vitablanca.ma\\\/\"]}]}<\/script>\n<!-- \/ Yoast SEO plugin. -->","yoast_head_json":{"title":"\u0646\u0627\u0648 \u0641\u0648\u062f\u0632 \u0644\u0648\u062a\u064a\u0646\u060c \u0661\u0660 \u0645\u0644\u063a\u060c \u0661\u0662\u0660 \u0643\u0628\u0633\u0648\u0644\u0629 - \u0633\u0639\u0631 \u0627\u0644\u0645\u063a\u0631\u0628\u060c \u062a\u0648\u0635\u064a\u0644 \u0633\u0631\u064a\u0639","description":"\u0645\u0643\u0645\u0644 \u063a\u0630\u0627\u0626\u064a \u0645\u0636\u0627\u062f \u0644\u0644\u0623\u0643\u0633\u062f\u0629 \u0645\u0639 \u0627\u0644\u0644\u0648\u062a\u064a\u0646 \u0644\u062d\u0645\u0627\u064a\u0629 \u0635\u062d\u0629 \u0627\u0644\u0639\u064a\u0646\u060c \u0648\u062a\u0635\u0641\u064a\u0629 \u0627\u0644\u0636\u0648\u0621 \u0627\u0644\u0623\u0632\u0631\u0642\u060c \u0648\u062f\u0639\u0645 \u0627\u0644\u0628\u0635\u0631. \u0661\u0660 \u0645\u0644\u063a \u0644\u0643\u0644 \u0643\u0628\u0633\u0648\u0644\u0629. \u062a\u0648\u0635\u064a\u0644 \u0633\u0631\u064a\u0639.","robots":{"index":"index","follow":"follow","max-snippet":"max-snippet:-1","max-image-preview":"max-image-preview:large","max-video-preview":"max-video-preview:-1"},"canonical":"https:\/\/vitablanca.ma\/ar\/product-2\/now-foods-luteine-10-mg-120-gelules-maroc\/","og_locale":"ar_AR","og_type":"article","og_title":"Now Foods Lut\u00e9ine, 10 mg, 120 g\u00e9lules - Prix Maroc Livraison rapide","og_description":"Compl\u00e9ment antioxydant \u00e0 base de lut\u00e9ine pour prot\u00e9ger la sant\u00e9 des yeux, filtrer la lumi\u00e8re bleue et soutenir la vision. 10 mg par g\u00e9lule.livraison rapide","og_url":"https:\/\/vitablanca.ma\/ar\/product-2\/now-foods-luteine-10-mg-120-gelules-maroc\/","og_site_name":"Vitablanca.ma &ndash; Sant&eacute;, vitalit&eacute; et bien-&ecirc;tre pour tous les Marocains","article_publisher":"https:\/\/www.facebook.com\/profile.php?id=61576678196717","article_modified_time":"2025-07-23T12:53:38+00:00","og_image":[{"width":680,"height":680,"url":"https:\/\/vitablanca.ma\/wp-content\/uploads\/2025\/05\/now-foods-luteine-10-mg-120-gelules-maroc-prix.jpg","type":"image\/jpeg"}],"twitter_card":"summary_large_image","twitter_misc":{"\u0648\u0642\u062a \u0627\u0644\u0642\u0631\u0627\u0621\u0629 \u0627\u0644\u0645\u064f\u0642\u062f\u0651\u0631":"\u062f\u0642\u064a\u0642\u0629 \u0648\u0627\u062d\u062f\u0629"},"schema":{"@context":"https:\/\/schema.org","@graph":[{"@type":["WebPage","ItemPage"],"@id":"https:\/\/vitablanca.ma\/produit\/now-foods-luteine-10-mg-120-gelules-maroc\/","url":"https:\/\/vitablanca.ma\/produit\/now-foods-luteine-10-mg-120-gelules-maroc\/","name":"\u0646\u0627\u0648 \u0641\u0648\u062f\u0632 \u0644\u0648\u062a\u064a\u0646\u060c \u0661\u0660 \u0645\u0644\u063a\u060c \u0661\u0662\u0660 \u0643\u0628\u0633\u0648\u0644\u0629 - \u0633\u0639\u0631 \u0627\u0644\u0645\u063a\u0631\u0628\u060c \u062a\u0648\u0635\u064a\u0644 \u0633\u0631\u064a\u0639","isPartOf":{"@id":"https:\/\/vitablanca.ma\/#website"},"primaryImageOfPage":{"@id":"https:\/\/vitablanca.ma\/produit\/now-foods-luteine-10-mg-120-gelules-maroc\/#primaryimage"},"image":{"@id":"https:\/\/vitablanca.ma\/produit\/now-foods-luteine-10-mg-120-gelules-maroc\/#primaryimage"},"thumbnailUrl":"https:\/\/vitablanca.ma\/wp-content\/uploads\/2025\/05\/now-foods-luteine-10-mg-120-gelules-maroc-prix.jpg","datePublished":"2025-05-22T01:19:02+00:00","dateModified":"2025-07-23T12:53:38+00:00","description":"\u0645\u0643\u0645\u0644 \u063a\u0630\u0627\u0626\u064a \u0645\u0636\u0627\u062f \u0644\u0644\u0623\u0643\u0633\u062f\u0629 \u0645\u0639 \u0627\u0644\u0644\u0648\u062a\u064a\u0646 \u0644\u062d\u0645\u0627\u064a\u0629 \u0635\u062d\u0629 \u0627\u0644\u0639\u064a\u0646\u060c \u0648\u062a\u0635\u0641\u064a\u0629 \u0627\u0644\u0636\u0648\u0621 \u0627\u0644\u0623\u0632\u0631\u0642\u060c \u0648\u062f\u0639\u0645 \u0627\u0644\u0628\u0635\u0631. \u0661\u0660 \u0645\u0644\u063a \u0644\u0643\u0644 \u0643\u0628\u0633\u0648\u0644\u0629. \u062a\u0648\u0635\u064a\u0644 \u0633\u0631\u064a\u0639.","breadcrumb":{"@id":"https:\/\/vitablanca.ma\/produit\/now-foods-luteine-10-mg-120-gelules-maroc\/#breadcrumb"},"inLanguage":"ar","potentialAction":[{"@type":"ReadAction","target":["https:\/\/vitablanca.ma\/produit\/now-foods-luteine-10-mg-120-gelules-maroc\/"]}]},{"@type":"ImageObject","inLanguage":"ar","@id":"https:\/\/vitablanca.ma\/produit\/now-foods-luteine-10-mg-120-gelules-maroc\/#primaryimage","url":"https:\/\/vitablanca.ma\/wp-content\/uploads\/2025\/05\/now-foods-luteine-10-mg-120-gelules-maroc-prix.jpg","contentUrl":"https:\/\/vitablanca.ma\/wp-content\/uploads\/2025\/05\/now-foods-luteine-10-mg-120-gelules-maroc-prix.jpg","width":680,"height":680},{"@type":"BreadcrumbList","@id":"https:\/\/vitablanca.ma\/produit\/now-foods-luteine-10-mg-120-gelules-maroc\/#breadcrumb","itemListElement":[{"@type":"ListItem","position":1,"name":"Home","item":"https:\/\/vitablanca.ma\/"},{"@type":"ListItem","position":2,"name":"Tous Les Produits","item":"https:\/\/vitablanca.ma\/tous-les-produits\/"},{"@type":"ListItem","position":3,"name":"Now Foods Lut\u00e9ine, 10 mg, 120 g\u00e9lules"}]},{"@type":"WebSite","@id":"https:\/\/vitablanca.ma\/#website","url":"https:\/\/vitablanca.ma\/","name":"VitaBlanca.ma | \u0627\u0644\u0645\u0643\u0645\u0644\u0627\u062a \u0627\u0644\u063a\u0630\u0627\u0626\u064a\u0629\u060c \u0627\u0644\u0635\u062d\u0629 \u0648\u0627\u0644\u062c\u0645\u0627\u0644 \u0641\u064a \u0627\u0644\u0645\u063a\u0631\u0628","description":"\u0646\u0628\u064a\u0639 \u0641\u064a\u062a\u0627\u0645\u064a\u0646\u0627\u062a \u0648\u0645\u0643\u0645\u0644\u0627\u062a \u063a\u0630\u0627\u0626\u064a\u0629 \u0641\u0627\u062e\u0631\u0629 \u0645\u0646 \u0627\u0644\u0648\u0644\u0627\u064a\u0627\u062a \u0627\u0644\u0645\u062a\u062d\u062f\u0629 \u0627\u0644\u0623\u0645\u0631\u064a\u0643\u064a\u0629 \u0648\u0643\u0646\u062f\u0627 \u0648\u0646\u064a\u0648\u0632\u064a\u0644\u0646\u062f\u0627 \u0648\u0627\u0644\u0645\u063a\u0631\u0628 (\u0646\u0627\u0648 \u0641\u0648\u062f\u0632\u060c \u0633\u0648\u0644\u062c\u0627\u0631\u060c \u0645\u0627\u0646\u0648\u0643\u0627). \u062a\u0648\u0635\u064a\u0644 \u0633\u0631\u064a\u0639 \u0625\u0644\u0649 \u062c\u0645\u064a\u0639 \u0623\u0646\u062d\u0627\u0621 \u0627\u0644\u0645\u063a\u0631\u0628.","publisher":{"@id":"https:\/\/vitablanca.ma\/#organization"},"alternateName":"VitaBlanca.ma","potentialAction":[{"@type":"SearchAction","target":{"@type":"EntryPoint","urlTemplate":"https:\/\/vitablanca.ma\/?s={search_term_string}"},"query-input":{"@type":"PropertyValueSpecification","valueRequired":true,"valueName":"search_term_string"}}],"inLanguage":"ar"},{"@type":"Organization","@id":"https:\/\/vitablanca.ma\/#organization","name":"\u0641\u064a\u062a\u0627\u0628\u0644\u0627\u0646\u0643\u0627","url":"https:\/\/vitablanca.ma\/","logo":{"@type":"ImageObject","inLanguage":"ar","@id":"https:\/\/vitablanca.ma\/#\/schema\/logo\/image\/","url":"https:\/\/vitablanca.ma\/wp-content\/uploads\/2025\/05\/cropped-vitablanca.png","contentUrl":"https:\/\/vitablanca.ma\/wp-content\/uploads\/2025\/05\/cropped-vitablanca.png","width":360,"height":67,"caption":"VitaBlanca"},"image":{"@id":"https:\/\/vitablanca.ma\/#\/schema\/logo\/image\/"},"sameAs":["https:\/\/www.facebook.com\/profile.php?id=61576678196717","https:\/\/www.tiktok.com\/@vitablanca.ma","https:\/\/www.instagram.com\/vitablanca.ma\/"]}]}},"jetpack_sharing_enabled":true,"_links":{"self":[{"href":"https:\/\/vitablanca.ma\/ar\/wp-json\/wp\/v2\/product\/7883","targetHints":{"allow":["GET"]}}],"collection":[{"href":"https:\/\/vitablanca.ma\/ar\/wp-json\/wp\/v2\/product"}],"about":[{"href":"https:\/\/vitablanca.ma\/ar\/wp-json\/wp\/v2\/types\/product"}],"wp:featuredmedia":[{"embeddable":true,"href":"https:\/\/vitablanca.ma\/ar\/wp-json\/wp\/v2\/media\/23102"}],"wp:attachment":[{"href":"https:\/\/vitablanca.ma\/ar\/wp-json\/wp\/v2\/media?parent=7883"}],"wp:term":[{"taxonomy":"product_brand","embeddable":true,"href":"https:\/\/vitablanca.ma\/ar\/wp-json\/wp\/v2\/product_brand?post=7883"},{"taxonomy":"product_cat","embeddable":true,"href":"https:\/\/vitablanca.ma\/ar\/wp-json\/wp\/v2\/product_cat?post=7883"},{"taxonomy":"product_tag","embeddable":true,"href":"https:\/\/vitablanca.ma\/ar\/wp-json\/wp\/v2\/product_tag?post=7883"}],"curies":[{"name":"wp","href":"https:\/\/api.w.org\/{rel}","templated":true}]}}