{"id":7863,"date":"2025-05-22T00:41:28","date_gmt":"2025-05-22T00:41:28","guid":{"rendered":"https:\/\/vitablanca.ma\/?post_type=product&#038;p=7863"},"modified":"2025-07-23T12:36:51","modified_gmt":"2025-07-23T12:36:51","slug":"now-foods-betaine-hcl-648-mg-120-gelules-vegetales-maroc","status":"publish","type":"product","link":"https:\/\/vitablanca.ma\/ar\/product-2\/now-foods-betaine-hcl-648-mg-120-gelules-vegetales-maroc\/","title":{"rendered":"\u0646\u0627\u0648 \u0641\u0648\u062f\u0632 \u0628\u064a\u062a\u0627\u064a\u064a\u0646 \u0647\u064a\u062f\u0631\u0648\u0643\u0644\u0648\u0631\u064a\u062f\u060c 648 \u0645\u0644\u063a\u060c 120 \u0643\u0628\u0633\u0648\u0644\u0629 \u0646\u0628\u0627\u062a\u064a\u0629"},"content":{"rendered":"<p><strong>648 mgFormule v\u00e9g\u00e9tarienne<\/strong>NOW\u00a0\u00a0Betaine HCl est formul\u00e9 pour soutenir des conditions digestives appropri\u00e9es dans l\u2019estomac. * L\u2019acide chlorhydrique (HCl) est normalement produit dans l\u2019estomac, o\u00f9 il aide la digestion des prot\u00e9ines en activant la pepsine, aide \u00e0 maintenir un \u00e9quilibre sain de la flore intestinale et stimule la lib\u00e9ration d\u2019enzymes intestinales. * La pepsine est une prot\u00e9ase produite dans l\u2019estomac qui d\u00e9compose partiellement les prot\u00e9ines dans les aliments. * La production de HCl a tendance \u00e0 diminuer avec l\u2019\u00e2ge, donc une suppl\u00e9mentation en HCl et en pepsine peut aider \u00e0 maintenir une fonction digestive normale. * Ce produit utilise un prot\u00e9ase v\u00e9g\u00e9tale stable aux acides avec une activit\u00e9 \u00e9quivalente \u00e0 celle de la pepsine<\/p>","protected":false},"excerpt":{"rendered":"<ul>\n<li>NOW\u00a0\u00a0Betaine HCl est formul\u00e9 pour soutenir des conditions digestives appropri\u00e9es dans l&rsquo;estomac.<\/li>\n<li>L&rsquo;acide chlorhydrique (HCl) est normalement produit dans l&rsquo;estomac, o\u00f9 il aide la digestion des prot\u00e9ines en activant la pepsine, aide \u00e0 maintenir un \u00e9quilibre sain de la flore intestinale et stimule la lib\u00e9ration d&rsquo;enzymes intestinales.<\/li>\n<li>La pepsine est une prot\u00e9ase produite dans l&rsquo;estomac qui d\u00e9compose partiellement les prot\u00e9ines dans les aliments.<\/li>\n<li>La production de HCl a tendance \u00e0 diminuer avec l&rsquo;\u00e2ge, donc une suppl\u00e9mentation en HCl et en pepsine peut aider \u00e0 maintenir une fonction digestive normale.<\/li>\n<\/ul>","protected":false},"featured_media":7865,"template":"","meta":{"om_disable_all_campaigns":false},"product_brand":[83],"product_cat":[18],"product_tag":[907,908,902,909,906,904,910,905,903,91,388,726],"class_list":{"0":"post-7863","1":"product","2":"type-product","3":"status-publish","4":"has-post-thumbnail","6":"product_brand-now-foods-maroc-prix","7":"product_cat-beaute-sante","8":"product_tag-amelioration-digestion-maroc","9":"product_tag-betaine-hcl-maroc","10":"product_tag-complement-estomac","11":"product_tag-complement-gastrique","12":"product_tag-digestion-acide-chlorhydrique","13":"product_tag-enzyme-digestive","14":"product_tag-hcl-vegetarien","15":"product_tag-indigestion-remede-naturel","16":"product_tag-now-foods-digestion","17":"product_tag-now-foods-maroc","18":"product_tag-now-foods-maroc-avis","19":"product_tag-now-foods-maroc-prix","21":"first","22":"instock","23":"taxable","24":"shipping-taxable","25":"purchasable","26":"product-type-simple"},"yoast_head":"<!-- This site is optimized with the Yoast SEO plugin v27.5 - https:\/\/yoast.com\/product\/yoast-seo-wordpress\/ -->\n<title>Now Foods Betaine HCL, 648 mg, 120 gelules - Maroc Prix<\/title>\n<meta name=\"description\" content=\"Achetez Now Foods B\u00e9ta\u00efne HCL 648 mg 120 g\u00e9lules au Maroc. Aide \u00e0 restaurer l&#039;acide chlorhydrique de l&#039;estomac pour une meilleure digestion\" \/>\n<meta name=\"robots\" content=\"index, follow, max-snippet:-1, max-image-preview:large, max-video-preview:-1\" \/>\n<link rel=\"canonical\" href=\"https:\/\/vitablanca.ma\/ar\/product-2\/now-foods-betaine-hcl-648-mg-120-gelules-vegetales-maroc\/\" \/>\n<meta property=\"og:locale\" content=\"ar_AR\" \/>\n<meta property=\"og:type\" content=\"article\" \/>\n<meta property=\"og:title\" content=\"Now Foods Betaine HCL, 648 mg, 120 gelules - Maroc Prix\" \/>\n<meta property=\"og:description\" content=\"Achetez Now Foods B\u00e9ta\u00efne HCL 648 mg 120 g\u00e9lules au Maroc. Aide \u00e0 restaurer l&#039;acide chlorhydrique de l&#039;estomac pour une meilleure digestion\" \/>\n<meta property=\"og:url\" content=\"https:\/\/vitablanca.ma\/ar\/product-2\/now-foods-betaine-hcl-648-mg-120-gelules-vegetales-maroc\/\" \/>\n<meta property=\"og:site_name\" content=\"Vitablanca.ma &ndash; Sant&eacute;, vitalit&eacute; et bien-&ecirc;tre pour tous les Marocains\" \/>\n<meta property=\"article:publisher\" content=\"https:\/\/www.facebook.com\/profile.php?id=61576678196717\" \/>\n<meta property=\"article:modified_time\" content=\"2025-07-23T12:36:51+00:00\" \/>\n<meta property=\"og:image\" content=\"https:\/\/vitablanca.ma\/wp-content\/uploads\/2025\/05\/1-7betaine-hcl-648-mg-120-gelules-vegetales-now-foods-1-1.jpg\" \/>\n\t<meta property=\"og:image:width\" content=\"680\" \/>\n\t<meta property=\"og:image:height\" content=\"680\" \/>\n\t<meta property=\"og:image:type\" content=\"image\/jpeg\" \/>\n<meta name=\"twitter:card\" content=\"summary_large_image\" \/>\n<meta name=\"twitter:label1\" content=\"\u0648\u0642\u062a \u0627\u0644\u0642\u0631\u0627\u0621\u0629 \u0627\u0644\u0645\u064f\u0642\u062f\u0651\u0631\" \/>\n\t<meta name=\"twitter:data1\" content=\"\u062f\u0642\u064a\u0642\u0629 \u0648\u0627\u062d\u062f\u0629\" \/>\n<script type=\"application\/ld+json\" class=\"yoast-schema-graph\">{\"@context\":\"https:\\\/\\\/schema.org\",\"@graph\":[{\"@type\":[\"WebPage\",\"ItemPage\"],\"@id\":\"https:\\\/\\\/vitablanca.ma\\\/produit\\\/now-foods-betaine-hcl-648-mg-120-gelules-vegetales-maroc\\\/\",\"url\":\"https:\\\/\\\/vitablanca.ma\\\/produit\\\/now-foods-betaine-hcl-648-mg-120-gelules-vegetales-maroc\\\/\",\"name\":\"Now Foods Betaine HCL, 648 mg, 120 gelules - Maroc Prix\",\"isPartOf\":{\"@id\":\"https:\\\/\\\/vitablanca.ma\\\/#website\"},\"primaryImageOfPage\":{\"@id\":\"https:\\\/\\\/vitablanca.ma\\\/produit\\\/now-foods-betaine-hcl-648-mg-120-gelules-vegetales-maroc\\\/#primaryimage\"},\"image\":{\"@id\":\"https:\\\/\\\/vitablanca.ma\\\/produit\\\/now-foods-betaine-hcl-648-mg-120-gelules-vegetales-maroc\\\/#primaryimage\"},\"thumbnailUrl\":\"https:\\\/\\\/vitablanca.ma\\\/wp-content\\\/uploads\\\/2025\\\/05\\\/1-7betaine-hcl-648-mg-120-gelules-vegetales-now-foods-1-1.jpg\",\"datePublished\":\"2025-05-22T00:41:28+00:00\",\"dateModified\":\"2025-07-23T12:36:51+00:00\",\"description\":\"Achetez Now Foods B\u00e9ta\u00efne HCL 648 mg 120 g\u00e9lules au Maroc. Aide \u00e0 restaurer l'acide chlorhydrique de l'estomac pour une meilleure digestion\",\"breadcrumb\":{\"@id\":\"https:\\\/\\\/vitablanca.ma\\\/produit\\\/now-foods-betaine-hcl-648-mg-120-gelules-vegetales-maroc\\\/#breadcrumb\"},\"inLanguage\":\"ar\",\"potentialAction\":[{\"@type\":\"ReadAction\",\"target\":[\"https:\\\/\\\/vitablanca.ma\\\/produit\\\/now-foods-betaine-hcl-648-mg-120-gelules-vegetales-maroc\\\/\"]}]},{\"@type\":\"ImageObject\",\"inLanguage\":\"ar\",\"@id\":\"https:\\\/\\\/vitablanca.ma\\\/produit\\\/now-foods-betaine-hcl-648-mg-120-gelules-vegetales-maroc\\\/#primaryimage\",\"url\":\"https:\\\/\\\/vitablanca.ma\\\/wp-content\\\/uploads\\\/2025\\\/05\\\/1-7betaine-hcl-648-mg-120-gelules-vegetales-now-foods-1-1.jpg\",\"contentUrl\":\"https:\\\/\\\/vitablanca.ma\\\/wp-content\\\/uploads\\\/2025\\\/05\\\/1-7betaine-hcl-648-mg-120-gelules-vegetales-now-foods-1-1.jpg\",\"width\":680,\"height\":680},{\"@type\":\"BreadcrumbList\",\"@id\":\"https:\\\/\\\/vitablanca.ma\\\/produit\\\/now-foods-betaine-hcl-648-mg-120-gelules-vegetales-maroc\\\/#breadcrumb\",\"itemListElement\":[{\"@type\":\"ListItem\",\"position\":1,\"name\":\"Home\",\"item\":\"https:\\\/\\\/vitablanca.ma\\\/\"},{\"@type\":\"ListItem\",\"position\":2,\"name\":\"Tous Les Produits\",\"item\":\"https:\\\/\\\/vitablanca.ma\\\/tous-les-produits\\\/\"},{\"@type\":\"ListItem\",\"position\":3,\"name\":\"Now Foods Betaine HCL, 648 mg, 120 g\u00e9lules v\u00e9g\u00e9tales\"}]},{\"@type\":\"WebSite\",\"@id\":\"https:\\\/\\\/vitablanca.ma\\\/#website\",\"url\":\"https:\\\/\\\/vitablanca.ma\\\/\",\"name\":\"VitaBlanca.ma | Compl\u00e9ments alimentaires, sant\u00e9 & beaut\u00e9 au Maroc\",\"description\":\"vendre vitamines et compl\u00e9ments premium des USA &amp; Canada, Nouvelle Z\u00e9lande,Maroc (NOW Foods, Solgar, Manuka). Livraison rapide partout au Maroc.\",\"publisher\":{\"@id\":\"https:\\\/\\\/vitablanca.ma\\\/#organization\"},\"alternateName\":\"VitaBlanca.ma\",\"potentialAction\":[{\"@type\":\"SearchAction\",\"target\":{\"@type\":\"EntryPoint\",\"urlTemplate\":\"https:\\\/\\\/vitablanca.ma\\\/?s={search_term_string}\"},\"query-input\":{\"@type\":\"PropertyValueSpecification\",\"valueRequired\":true,\"valueName\":\"search_term_string\"}}],\"inLanguage\":\"ar\"},{\"@type\":\"Organization\",\"@id\":\"https:\\\/\\\/vitablanca.ma\\\/#organization\",\"name\":\"VitaBlanca\",\"url\":\"https:\\\/\\\/vitablanca.ma\\\/\",\"logo\":{\"@type\":\"ImageObject\",\"inLanguage\":\"ar\",\"@id\":\"https:\\\/\\\/vitablanca.ma\\\/#\\\/schema\\\/logo\\\/image\\\/\",\"url\":\"https:\\\/\\\/vitablanca.ma\\\/wp-content\\\/uploads\\\/2025\\\/05\\\/cropped-vitablanca.png\",\"contentUrl\":\"https:\\\/\\\/vitablanca.ma\\\/wp-content\\\/uploads\\\/2025\\\/05\\\/cropped-vitablanca.png\",\"width\":360,\"height\":67,\"caption\":\"VitaBlanca\"},\"image\":{\"@id\":\"https:\\\/\\\/vitablanca.ma\\\/#\\\/schema\\\/logo\\\/image\\\/\"},\"sameAs\":[\"https:\\\/\\\/www.facebook.com\\\/profile.php?id=61576678196717\",\"https:\\\/\\\/www.tiktok.com\\\/@vitablanca.ma\",\"https:\\\/\\\/www.instagram.com\\\/vitablanca.ma\\\/\"]}]}<\/script>\n<!-- \/ Yoast SEO plugin. -->","yoast_head_json":{"title":"Now Foods Betaine HCL, 648 mg, 120 gelules - Maroc Prix","description":"Achetez Now Foods B\u00e9ta\u00efne HCL 648 mg 120 g\u00e9lules au Maroc. Aide \u00e0 restaurer l'acide chlorhydrique de l'estomac pour une meilleure digestion","robots":{"index":"index","follow":"follow","max-snippet":"max-snippet:-1","max-image-preview":"max-image-preview:large","max-video-preview":"max-video-preview:-1"},"canonical":"https:\/\/vitablanca.ma\/ar\/product-2\/now-foods-betaine-hcl-648-mg-120-gelules-vegetales-maroc\/","og_locale":"ar_AR","og_type":"article","og_title":"Now Foods Betaine HCL, 648 mg, 120 gelules - Maroc Prix","og_description":"Achetez Now Foods B\u00e9ta\u00efne HCL 648 mg 120 g\u00e9lules au Maroc. Aide \u00e0 restaurer l'acide chlorhydrique de l'estomac pour une meilleure digestion","og_url":"https:\/\/vitablanca.ma\/ar\/product-2\/now-foods-betaine-hcl-648-mg-120-gelules-vegetales-maroc\/","og_site_name":"Vitablanca.ma &ndash; Sant&eacute;, vitalit&eacute; et bien-&ecirc;tre pour tous les Marocains","article_publisher":"https:\/\/www.facebook.com\/profile.php?id=61576678196717","article_modified_time":"2025-07-23T12:36:51+00:00","og_image":[{"width":680,"height":680,"url":"https:\/\/vitablanca.ma\/wp-content\/uploads\/2025\/05\/1-7betaine-hcl-648-mg-120-gelules-vegetales-now-foods-1-1.jpg","type":"image\/jpeg"}],"twitter_card":"summary_large_image","twitter_misc":{"\u0648\u0642\u062a \u0627\u0644\u0642\u0631\u0627\u0621\u0629 \u0627\u0644\u0645\u064f\u0642\u062f\u0651\u0631":"\u062f\u0642\u064a\u0642\u0629 \u0648\u0627\u062d\u062f\u0629"},"schema":{"@context":"https:\/\/schema.org","@graph":[{"@type":["WebPage","ItemPage"],"@id":"https:\/\/vitablanca.ma\/produit\/now-foods-betaine-hcl-648-mg-120-gelules-vegetales-maroc\/","url":"https:\/\/vitablanca.ma\/produit\/now-foods-betaine-hcl-648-mg-120-gelules-vegetales-maroc\/","name":"Now Foods Betaine HCL, 648 mg, 120 gelules - Maroc Prix","isPartOf":{"@id":"https:\/\/vitablanca.ma\/#website"},"primaryImageOfPage":{"@id":"https:\/\/vitablanca.ma\/produit\/now-foods-betaine-hcl-648-mg-120-gelules-vegetales-maroc\/#primaryimage"},"image":{"@id":"https:\/\/vitablanca.ma\/produit\/now-foods-betaine-hcl-648-mg-120-gelules-vegetales-maroc\/#primaryimage"},"thumbnailUrl":"https:\/\/vitablanca.ma\/wp-content\/uploads\/2025\/05\/1-7betaine-hcl-648-mg-120-gelules-vegetales-now-foods-1-1.jpg","datePublished":"2025-05-22T00:41:28+00:00","dateModified":"2025-07-23T12:36:51+00:00","description":"Achetez Now Foods B\u00e9ta\u00efne HCL 648 mg 120 g\u00e9lules au Maroc. Aide \u00e0 restaurer l'acide chlorhydrique de l'estomac pour une meilleure digestion","breadcrumb":{"@id":"https:\/\/vitablanca.ma\/produit\/now-foods-betaine-hcl-648-mg-120-gelules-vegetales-maroc\/#breadcrumb"},"inLanguage":"ar","potentialAction":[{"@type":"ReadAction","target":["https:\/\/vitablanca.ma\/produit\/now-foods-betaine-hcl-648-mg-120-gelules-vegetales-maroc\/"]}]},{"@type":"ImageObject","inLanguage":"ar","@id":"https:\/\/vitablanca.ma\/produit\/now-foods-betaine-hcl-648-mg-120-gelules-vegetales-maroc\/#primaryimage","url":"https:\/\/vitablanca.ma\/wp-content\/uploads\/2025\/05\/1-7betaine-hcl-648-mg-120-gelules-vegetales-now-foods-1-1.jpg","contentUrl":"https:\/\/vitablanca.ma\/wp-content\/uploads\/2025\/05\/1-7betaine-hcl-648-mg-120-gelules-vegetales-now-foods-1-1.jpg","width":680,"height":680},{"@type":"BreadcrumbList","@id":"https:\/\/vitablanca.ma\/produit\/now-foods-betaine-hcl-648-mg-120-gelules-vegetales-maroc\/#breadcrumb","itemListElement":[{"@type":"ListItem","position":1,"name":"Home","item":"https:\/\/vitablanca.ma\/"},{"@type":"ListItem","position":2,"name":"Tous Les Produits","item":"https:\/\/vitablanca.ma\/tous-les-produits\/"},{"@type":"ListItem","position":3,"name":"Now Foods Betaine HCL, 648 mg, 120 g\u00e9lules v\u00e9g\u00e9tales"}]},{"@type":"WebSite","@id":"https:\/\/vitablanca.ma\/#website","url":"https:\/\/vitablanca.ma\/","name":"VitaBlanca.ma | \u0627\u0644\u0645\u0643\u0645\u0644\u0627\u062a \u0627\u0644\u063a\u0630\u0627\u0626\u064a\u0629\u060c \u0627\u0644\u0635\u062d\u0629 \u0648\u0627\u0644\u062c\u0645\u0627\u0644 \u0641\u064a \u0627\u0644\u0645\u063a\u0631\u0628","description":"\u0646\u0628\u064a\u0639 \u0641\u064a\u062a\u0627\u0645\u064a\u0646\u0627\u062a \u0648\u0645\u0643\u0645\u0644\u0627\u062a \u063a\u0630\u0627\u0626\u064a\u0629 \u0641\u0627\u062e\u0631\u0629 \u0645\u0646 \u0627\u0644\u0648\u0644\u0627\u064a\u0627\u062a \u0627\u0644\u0645\u062a\u062d\u062f\u0629 \u0627\u0644\u0623\u0645\u0631\u064a\u0643\u064a\u0629 \u0648\u0643\u0646\u062f\u0627 \u0648\u0646\u064a\u0648\u0632\u064a\u0644\u0646\u062f\u0627 \u0648\u0627\u0644\u0645\u063a\u0631\u0628 (\u0646\u0627\u0648 \u0641\u0648\u062f\u0632\u060c \u0633\u0648\u0644\u062c\u0627\u0631\u060c \u0645\u0627\u0646\u0648\u0643\u0627). \u062a\u0648\u0635\u064a\u0644 \u0633\u0631\u064a\u0639 \u0625\u0644\u0649 \u062c\u0645\u064a\u0639 \u0623\u0646\u062d\u0627\u0621 \u0627\u0644\u0645\u063a\u0631\u0628.","publisher":{"@id":"https:\/\/vitablanca.ma\/#organization"},"alternateName":"VitaBlanca.ma","potentialAction":[{"@type":"SearchAction","target":{"@type":"EntryPoint","urlTemplate":"https:\/\/vitablanca.ma\/?s={search_term_string}"},"query-input":{"@type":"PropertyValueSpecification","valueRequired":true,"valueName":"search_term_string"}}],"inLanguage":"ar"},{"@type":"Organization","@id":"https:\/\/vitablanca.ma\/#organization","name":"\u0641\u064a\u062a\u0627\u0628\u0644\u0627\u0646\u0643\u0627","url":"https:\/\/vitablanca.ma\/","logo":{"@type":"ImageObject","inLanguage":"ar","@id":"https:\/\/vitablanca.ma\/#\/schema\/logo\/image\/","url":"https:\/\/vitablanca.ma\/wp-content\/uploads\/2025\/05\/cropped-vitablanca.png","contentUrl":"https:\/\/vitablanca.ma\/wp-content\/uploads\/2025\/05\/cropped-vitablanca.png","width":360,"height":67,"caption":"VitaBlanca"},"image":{"@id":"https:\/\/vitablanca.ma\/#\/schema\/logo\/image\/"},"sameAs":["https:\/\/www.facebook.com\/profile.php?id=61576678196717","https:\/\/www.tiktok.com\/@vitablanca.ma","https:\/\/www.instagram.com\/vitablanca.ma\/"]}]}},"jetpack_sharing_enabled":true,"_links":{"self":[{"href":"https:\/\/vitablanca.ma\/ar\/wp-json\/wp\/v2\/product\/7863","targetHints":{"allow":["GET"]}}],"collection":[{"href":"https:\/\/vitablanca.ma\/ar\/wp-json\/wp\/v2\/product"}],"about":[{"href":"https:\/\/vitablanca.ma\/ar\/wp-json\/wp\/v2\/types\/product"}],"wp:featuredmedia":[{"embeddable":true,"href":"https:\/\/vitablanca.ma\/ar\/wp-json\/wp\/v2\/media\/7865"}],"wp:attachment":[{"href":"https:\/\/vitablanca.ma\/ar\/wp-json\/wp\/v2\/media?parent=7863"}],"wp:term":[{"taxonomy":"product_brand","embeddable":true,"href":"https:\/\/vitablanca.ma\/ar\/wp-json\/wp\/v2\/product_brand?post=7863"},{"taxonomy":"product_cat","embeddable":true,"href":"https:\/\/vitablanca.ma\/ar\/wp-json\/wp\/v2\/product_cat?post=7863"},{"taxonomy":"product_tag","embeddable":true,"href":"https:\/\/vitablanca.ma\/ar\/wp-json\/wp\/v2\/product_tag?post=7863"}],"curies":[{"name":"wp","href":"https:\/\/api.w.org\/{rel}","templated":true}]}}