{"id":7835,"date":"2025-05-19T23:42:40","date_gmt":"2025-05-19T23:42:40","guid":{"rendered":"https:\/\/vitablanca.ma\/?post_type=product&#038;p=7835"},"modified":"2025-08-30T21:22:20","modified_gmt":"2025-08-30T21:22:20","slug":"now-foods-citrat-de-magnesium-120-caps-vegetariennes-maroc","status":"publish","type":"product","link":"https:\/\/vitablanca.ma\/ar\/product-2\/now-foods-citrat-de-magnesium-120-caps-vegetariennes-maroc\/","title":{"rendered":"Now Foods Citrat de magn\u00e9sium 120 caps v\u00e9g\u00e9tariennes"},"content":{"rendered":"<p><a href=\"https:\/\/www.jumia.ma\/customer\/account\/login\/?tkWl=NO879DV0R04K7NAFAMZ-27676146&return=%2Fnow-foods-citrat-de-magnesium-120-caps-vegetariennes-34555354.html\"><\/a><\/p>\n\n\n\n<ul class=\"wp-block-list\">\n<li>Soutient le syst\u00e8me nerveux<\/li>\n\n\n\n<li>\u0645\u0633\u0627\u0639\u062f\u0629 \u0625\u0646\u062a\u0627\u062c \u0627\u0644\u0637\u0627\u0642\u0629<\/li>\n\n\n\n<li>\u0636\u0631\u0648\u0631\u064a \u0644\u0648\u0638\u064a\u0641\u0629 \u0627\u0644\u0625\u0646\u0632\u064a\u0645<\/li>\n\n\n\n<li>\u062e\u0627\u0644\u064a\u0629 \u0645\u0646 \u0627\u0644\u0643\u0627\u0626\u0646\u0627\u062a \u0627\u0644\u0645\u0639\u062f\u0644\u0629 \u0648\u0631\u0627\u062b\u064a\u064b\u0627<\/li>\n\n\n\n<li>\u0645\u0643\u0645\u0644 \u063a\u0630\u0627\u0626\u064a<\/li>\n\n\n\n<li>V\u00e9g\u00e9tarien\/V\u00e9gane<\/li>\n\n\n\n<li>\u0643\u0648\u0634\u064a\u0631<\/li>\n\n\n\n<li>\u0627\u0644\u0645\u0639\u0627\u062f\u0646<\/li>\n\n\n\n<li>\u0627\u0644\u062c\u0648\u062f\u0629 \u0645\u0636\u0645\u0648\u0646\u0629 \u0645\u0646 \u0642\u0628\u0644 GMP<\/li>\n<\/ul>\n\n\n\n<p>Le magn\u00e9sium est un min\u00e9ral n\u00e9cessaire \u00e0 la production \u00e9nerg\u00e9tique et au m\u00e9tabolisme, \u00e0 la contraction musculaire, aux impulsions nerveuses et \u00e0 la min\u00e9ralisation osseuse. Il joue le r\u00f4le essentiel de cofacteur pour environ 300 enzymes diff\u00e9rentes. Parmi les r\u00e9actions catalys\u00e9es par ces enzymes on trouve : la synth\u00e8se d\u2019acides gras, la synth\u00e8se de prot\u00e9ines et le m\u00e9tabolisme du glucose. Le taux de magn\u00e9sium est \u00e9galement important pour la r\u00e9gulation de l\u2019\u00e9quilibre calcique \u00e0 travers son influence sur la glande parathyro\u00efde.<\/p>","protected":false},"excerpt":{"rendered":"<ul>\n<li>Soutient le syst\u00e8me nerveux<\/li>\n<li>\u0645\u0633\u0627\u0639\u062f\u0629 \u0625\u0646\u062a\u0627\u062c \u0627\u0644\u0637\u0627\u0642\u0629<\/li>\n<li>\u0636\u0631\u0648\u0631\u064a \u0644\u0648\u0638\u064a\u0641\u0629 \u0627\u0644\u0625\u0646\u0632\u064a\u0645<\/li>\n<li>\u062e\u0627\u0644\u064a\u0629 \u0645\u0646 \u0627\u0644\u0643\u0627\u0626\u0646\u0627\u062a \u0627\u0644\u0645\u0639\u062f\u0644\u0629 \u0648\u0631\u0627\u062b\u064a\u064b\u0627<\/li>\n<li>\u0645\u0643\u0645\u0644 \u063a\u0630\u0627\u0626\u064a<\/li>\n<li>V\u00e9g\u00e9tarien\/V\u00e9gane<\/li>\n<li>\u0643\u0648\u0634\u064a\u0631<\/li>\n<li>\u0627\u0644\u0645\u0639\u0627\u062f\u0646<\/li>\n<li>\u0627\u0644\u062c\u0648\u062f\u0629 \u0645\u0636\u0645\u0648\u0646\u0629 \u0645\u0646 \u0642\u0628\u0644 GMP<\/li>\n<li>min\u00e9ral n\u00e9cessaire \u00e0 la production \u00e9nerg\u00e9tique et au m\u00e9tabolisme, \u00e0 la contraction musculaire, aux impulsions nerveuses et \u00e0 la min\u00e9ralisation osseuse.<\/li>\n<li>\u00a0joue le r\u00f4le essentiel de cofacteur pour environ 300 enzymes diff\u00e9rentes.<\/li>\n<\/ul>","protected":false},"featured_media":7836,"template":"","meta":{"om_disable_all_campaigns":false},"product_brand":[83],"product_cat":[18,3366,176,163,19],"product_tag":[300,870,863,867,865,866,868,864,91,388,726,869],"class_list":{"0":"post-7835","1":"product","2":"type-product","3":"status-publish","4":"has-post-thumbnail","6":"product_brand-now-foods-maroc-prix","7":"product_cat-beaute-sante","8":"product_cat-complements-alimentaires-au-maroc-vitablanca","9":"product_cat-magnesium","10":"product_cat-mineraux","11":"product_cat-vitamines-supplements-dietetiques","12":"product_tag-citrate-de-magnesium","13":"product_tag-complement-magnesium-maroc","14":"product_tag-magnesium-maroc","15":"product_tag-magnesium-muscles","16":"product_tag-magnesium-sommeil","17":"product_tag-magnesium-stress","18":"product_tag-magnesium-vegetarien","19":"product_tag-now-foods-magnesium","20":"product_tag-now-foods-maroc","21":"product_tag-now-foods-maroc-avis","22":"product_tag-now-foods-maroc-prix","23":"product_tag-sante-nerveuse","25":"first","26":"instock","27":"taxable","28":"shipping-taxable","29":"purchasable","30":"product-type-simple"},"yoast_head":"<!-- This site is optimized with the Yoast SEO plugin v27.5 - https:\/\/yoast.com\/product\/yoast-seo-wordpress\/ -->\n<title>Now Foods Citrat de magnesium 120 caps - Livraison rapide Maroc<\/title>\n<meta name=\"description\" content=\"Achetez Now Foods Citrate de Magnesium au Maroc. Ces 120 capsules v\u00e9g\u00e9tariennes offrent une forme de magn\u00e9sium hautement absorbable,\" \/>\n<meta name=\"robots\" content=\"index, follow, max-snippet:-1, max-image-preview:large, max-video-preview:-1\" \/>\n<link rel=\"canonical\" href=\"https:\/\/vitablanca.ma\/ar\/product-2\/now-foods-citrat-de-magnesium-120-caps-vegetariennes-maroc\/\" \/>\n<meta property=\"og:locale\" content=\"ar_AR\" \/>\n<meta property=\"og:type\" content=\"article\" \/>\n<meta property=\"og:title\" content=\"Now Foods Citrat de magnesium 120 caps - Livraison rapide Maroc\" \/>\n<meta property=\"og:description\" content=\"Achetez Now Foods Citrate de Magnesium au Maroc. Ces 120 capsules v\u00e9g\u00e9tariennes offrent une forme de magn\u00e9sium hautement absorbable,\" \/>\n<meta property=\"og:url\" content=\"https:\/\/vitablanca.ma\/ar\/product-2\/now-foods-citrat-de-magnesium-120-caps-vegetariennes-maroc\/\" \/>\n<meta property=\"og:site_name\" content=\"Vitablanca.ma &ndash; Sant&eacute;, vitalit&eacute; et bien-&ecirc;tre pour tous les Marocains\" \/>\n<meta property=\"article:publisher\" content=\"https:\/\/www.facebook.com\/profile.php?id=61576678196717\" \/>\n<meta property=\"article:modified_time\" content=\"2025-08-30T21:22:20+00:00\" \/>\n<meta property=\"og:image\" content=\"https:\/\/vitablanca.ma\/wp-content\/uploads\/2025\/05\/now-foods-citrat-de-magnesium-120-caps-vegetariennes.jpg\" \/>\n\t<meta property=\"og:image:width\" content=\"680\" \/>\n\t<meta property=\"og:image:height\" content=\"680\" \/>\n\t<meta property=\"og:image:type\" content=\"image\/jpeg\" \/>\n<meta name=\"twitter:card\" content=\"summary_large_image\" \/>\n<meta name=\"twitter:label1\" content=\"\u0648\u0642\u062a \u0627\u0644\u0642\u0631\u0627\u0621\u0629 \u0627\u0644\u0645\u064f\u0642\u062f\u0651\u0631\" \/>\n\t<meta name=\"twitter:data1\" content=\"\u062f\u0642\u064a\u0642\u0629 \u0648\u0627\u062d\u062f\u0629\" \/>\n<script type=\"application\/ld+json\" class=\"yoast-schema-graph\">{\"@context\":\"https:\\\/\\\/schema.org\",\"@graph\":[{\"@type\":[\"WebPage\",\"ItemPage\"],\"@id\":\"https:\\\/\\\/vitablanca.ma\\\/produit\\\/now-foods-citrat-de-magnesium-120-caps-vegetariennes-maroc\\\/\",\"url\":\"https:\\\/\\\/vitablanca.ma\\\/produit\\\/now-foods-citrat-de-magnesium-120-caps-vegetariennes-maroc\\\/\",\"name\":\"Now Foods Citrat de magnesium 120 caps - Livraison rapide Maroc\",\"isPartOf\":{\"@id\":\"https:\\\/\\\/vitablanca.ma\\\/#website\"},\"primaryImageOfPage\":{\"@id\":\"https:\\\/\\\/vitablanca.ma\\\/produit\\\/now-foods-citrat-de-magnesium-120-caps-vegetariennes-maroc\\\/#primaryimage\"},\"image\":{\"@id\":\"https:\\\/\\\/vitablanca.ma\\\/produit\\\/now-foods-citrat-de-magnesium-120-caps-vegetariennes-maroc\\\/#primaryimage\"},\"thumbnailUrl\":\"https:\\\/\\\/vitablanca.ma\\\/wp-content\\\/uploads\\\/2025\\\/05\\\/now-foods-citrat-de-magnesium-120-caps-vegetariennes.jpg\",\"datePublished\":\"2025-05-19T23:42:40+00:00\",\"dateModified\":\"2025-08-30T21:22:20+00:00\",\"description\":\"Achetez Now Foods Citrate de Magnesium au Maroc. Ces 120 capsules v\u00e9g\u00e9tariennes offrent une forme de magn\u00e9sium hautement absorbable,\",\"breadcrumb\":{\"@id\":\"https:\\\/\\\/vitablanca.ma\\\/produit\\\/now-foods-citrat-de-magnesium-120-caps-vegetariennes-maroc\\\/#breadcrumb\"},\"inLanguage\":\"ar\",\"potentialAction\":[{\"@type\":\"ReadAction\",\"target\":[\"https:\\\/\\\/vitablanca.ma\\\/produit\\\/now-foods-citrat-de-magnesium-120-caps-vegetariennes-maroc\\\/\"]}]},{\"@type\":\"ImageObject\",\"inLanguage\":\"ar\",\"@id\":\"https:\\\/\\\/vitablanca.ma\\\/produit\\\/now-foods-citrat-de-magnesium-120-caps-vegetariennes-maroc\\\/#primaryimage\",\"url\":\"https:\\\/\\\/vitablanca.ma\\\/wp-content\\\/uploads\\\/2025\\\/05\\\/now-foods-citrat-de-magnesium-120-caps-vegetariennes.jpg\",\"contentUrl\":\"https:\\\/\\\/vitablanca.ma\\\/wp-content\\\/uploads\\\/2025\\\/05\\\/now-foods-citrat-de-magnesium-120-caps-vegetariennes.jpg\",\"width\":680,\"height\":680},{\"@type\":\"BreadcrumbList\",\"@id\":\"https:\\\/\\\/vitablanca.ma\\\/produit\\\/now-foods-citrat-de-magnesium-120-caps-vegetariennes-maroc\\\/#breadcrumb\",\"itemListElement\":[{\"@type\":\"ListItem\",\"position\":1,\"name\":\"Home\",\"item\":\"https:\\\/\\\/vitablanca.ma\\\/\"},{\"@type\":\"ListItem\",\"position\":2,\"name\":\"Tous Les Produits\",\"item\":\"https:\\\/\\\/vitablanca.ma\\\/tous-les-produits\\\/\"},{\"@type\":\"ListItem\",\"position\":3,\"name\":\"Now Foods Citrat de magn\u00e9sium 120 caps v\u00e9g\u00e9tariennes\"}]},{\"@type\":\"WebSite\",\"@id\":\"https:\\\/\\\/vitablanca.ma\\\/#website\",\"url\":\"https:\\\/\\\/vitablanca.ma\\\/\",\"name\":\"VitaBlanca.ma | Compl\u00e9ments alimentaires, sant\u00e9 & beaut\u00e9 au Maroc\",\"description\":\"vendre vitamines et compl\u00e9ments premium des USA &amp; Canada, Nouvelle Z\u00e9lande,Maroc (NOW Foods, Solgar, Manuka). Livraison rapide partout au Maroc.\",\"publisher\":{\"@id\":\"https:\\\/\\\/vitablanca.ma\\\/#organization\"},\"alternateName\":\"VitaBlanca.ma\",\"potentialAction\":[{\"@type\":\"SearchAction\",\"target\":{\"@type\":\"EntryPoint\",\"urlTemplate\":\"https:\\\/\\\/vitablanca.ma\\\/?s={search_term_string}\"},\"query-input\":{\"@type\":\"PropertyValueSpecification\",\"valueRequired\":true,\"valueName\":\"search_term_string\"}}],\"inLanguage\":\"ar\"},{\"@type\":\"Organization\",\"@id\":\"https:\\\/\\\/vitablanca.ma\\\/#organization\",\"name\":\"VitaBlanca\",\"url\":\"https:\\\/\\\/vitablanca.ma\\\/\",\"logo\":{\"@type\":\"ImageObject\",\"inLanguage\":\"ar\",\"@id\":\"https:\\\/\\\/vitablanca.ma\\\/#\\\/schema\\\/logo\\\/image\\\/\",\"url\":\"https:\\\/\\\/vitablanca.ma\\\/wp-content\\\/uploads\\\/2025\\\/05\\\/cropped-vitablanca.png\",\"contentUrl\":\"https:\\\/\\\/vitablanca.ma\\\/wp-content\\\/uploads\\\/2025\\\/05\\\/cropped-vitablanca.png\",\"width\":360,\"height\":67,\"caption\":\"VitaBlanca\"},\"image\":{\"@id\":\"https:\\\/\\\/vitablanca.ma\\\/#\\\/schema\\\/logo\\\/image\\\/\"},\"sameAs\":[\"https:\\\/\\\/www.facebook.com\\\/profile.php?id=61576678196717\",\"https:\\\/\\\/www.tiktok.com\\\/@vitablanca.ma\",\"https:\\\/\\\/www.instagram.com\\\/vitablanca.ma\\\/\"]}]}<\/script>\n<!-- \/ Yoast SEO plugin. -->","yoast_head_json":{"title":"Now Foods Citrat de magnesium 120 caps - Livraison rapide Maroc","description":"Achetez Now Foods Citrate de Magnesium au Maroc. Ces 120 capsules v\u00e9g\u00e9tariennes offrent une forme de magn\u00e9sium hautement absorbable,","robots":{"index":"index","follow":"follow","max-snippet":"max-snippet:-1","max-image-preview":"max-image-preview:large","max-video-preview":"max-video-preview:-1"},"canonical":"https:\/\/vitablanca.ma\/ar\/product-2\/now-foods-citrat-de-magnesium-120-caps-vegetariennes-maroc\/","og_locale":"ar_AR","og_type":"article","og_title":"Now Foods Citrat de magnesium 120 caps - Livraison rapide Maroc","og_description":"Achetez Now Foods Citrate de Magnesium au Maroc. Ces 120 capsules v\u00e9g\u00e9tariennes offrent une forme de magn\u00e9sium hautement absorbable,","og_url":"https:\/\/vitablanca.ma\/ar\/product-2\/now-foods-citrat-de-magnesium-120-caps-vegetariennes-maroc\/","og_site_name":"Vitablanca.ma &ndash; Sant&eacute;, vitalit&eacute; et bien-&ecirc;tre pour tous les Marocains","article_publisher":"https:\/\/www.facebook.com\/profile.php?id=61576678196717","article_modified_time":"2025-08-30T21:22:20+00:00","og_image":[{"width":680,"height":680,"url":"https:\/\/vitablanca.ma\/wp-content\/uploads\/2025\/05\/now-foods-citrat-de-magnesium-120-caps-vegetariennes.jpg","type":"image\/jpeg"}],"twitter_card":"summary_large_image","twitter_misc":{"\u0648\u0642\u062a \u0627\u0644\u0642\u0631\u0627\u0621\u0629 \u0627\u0644\u0645\u064f\u0642\u062f\u0651\u0631":"\u062f\u0642\u064a\u0642\u0629 \u0648\u0627\u062d\u062f\u0629"},"schema":{"@context":"https:\/\/schema.org","@graph":[{"@type":["WebPage","ItemPage"],"@id":"https:\/\/vitablanca.ma\/produit\/now-foods-citrat-de-magnesium-120-caps-vegetariennes-maroc\/","url":"https:\/\/vitablanca.ma\/produit\/now-foods-citrat-de-magnesium-120-caps-vegetariennes-maroc\/","name":"Now Foods Citrat de magnesium 120 caps - Livraison rapide Maroc","isPartOf":{"@id":"https:\/\/vitablanca.ma\/#website"},"primaryImageOfPage":{"@id":"https:\/\/vitablanca.ma\/produit\/now-foods-citrat-de-magnesium-120-caps-vegetariennes-maroc\/#primaryimage"},"image":{"@id":"https:\/\/vitablanca.ma\/produit\/now-foods-citrat-de-magnesium-120-caps-vegetariennes-maroc\/#primaryimage"},"thumbnailUrl":"https:\/\/vitablanca.ma\/wp-content\/uploads\/2025\/05\/now-foods-citrat-de-magnesium-120-caps-vegetariennes.jpg","datePublished":"2025-05-19T23:42:40+00:00","dateModified":"2025-08-30T21:22:20+00:00","description":"Achetez Now Foods Citrate de Magnesium au Maroc. Ces 120 capsules v\u00e9g\u00e9tariennes offrent une forme de magn\u00e9sium hautement absorbable,","breadcrumb":{"@id":"https:\/\/vitablanca.ma\/produit\/now-foods-citrat-de-magnesium-120-caps-vegetariennes-maroc\/#breadcrumb"},"inLanguage":"ar","potentialAction":[{"@type":"ReadAction","target":["https:\/\/vitablanca.ma\/produit\/now-foods-citrat-de-magnesium-120-caps-vegetariennes-maroc\/"]}]},{"@type":"ImageObject","inLanguage":"ar","@id":"https:\/\/vitablanca.ma\/produit\/now-foods-citrat-de-magnesium-120-caps-vegetariennes-maroc\/#primaryimage","url":"https:\/\/vitablanca.ma\/wp-content\/uploads\/2025\/05\/now-foods-citrat-de-magnesium-120-caps-vegetariennes.jpg","contentUrl":"https:\/\/vitablanca.ma\/wp-content\/uploads\/2025\/05\/now-foods-citrat-de-magnesium-120-caps-vegetariennes.jpg","width":680,"height":680},{"@type":"BreadcrumbList","@id":"https:\/\/vitablanca.ma\/produit\/now-foods-citrat-de-magnesium-120-caps-vegetariennes-maroc\/#breadcrumb","itemListElement":[{"@type":"ListItem","position":1,"name":"Home","item":"https:\/\/vitablanca.ma\/"},{"@type":"ListItem","position":2,"name":"Tous Les Produits","item":"https:\/\/vitablanca.ma\/tous-les-produits\/"},{"@type":"ListItem","position":3,"name":"Now Foods Citrat de magn\u00e9sium 120 caps v\u00e9g\u00e9tariennes"}]},{"@type":"WebSite","@id":"https:\/\/vitablanca.ma\/#website","url":"https:\/\/vitablanca.ma\/","name":"VitaBlanca.ma | \u0627\u0644\u0645\u0643\u0645\u0644\u0627\u062a \u0627\u0644\u063a\u0630\u0627\u0626\u064a\u0629\u060c \u0627\u0644\u0635\u062d\u0629 \u0648\u0627\u0644\u062c\u0645\u0627\u0644 \u0641\u064a \u0627\u0644\u0645\u063a\u0631\u0628","description":"\u0646\u0628\u064a\u0639 \u0641\u064a\u062a\u0627\u0645\u064a\u0646\u0627\u062a \u0648\u0645\u0643\u0645\u0644\u0627\u062a \u063a\u0630\u0627\u0626\u064a\u0629 \u0641\u0627\u062e\u0631\u0629 \u0645\u0646 \u0627\u0644\u0648\u0644\u0627\u064a\u0627\u062a \u0627\u0644\u0645\u062a\u062d\u062f\u0629 \u0627\u0644\u0623\u0645\u0631\u064a\u0643\u064a\u0629 \u0648\u0643\u0646\u062f\u0627 \u0648\u0646\u064a\u0648\u0632\u064a\u0644\u0646\u062f\u0627 \u0648\u0627\u0644\u0645\u063a\u0631\u0628 (\u0646\u0627\u0648 \u0641\u0648\u062f\u0632\u060c \u0633\u0648\u0644\u062c\u0627\u0631\u060c \u0645\u0627\u0646\u0648\u0643\u0627). \u062a\u0648\u0635\u064a\u0644 \u0633\u0631\u064a\u0639 \u0625\u0644\u0649 \u062c\u0645\u064a\u0639 \u0623\u0646\u062d\u0627\u0621 \u0627\u0644\u0645\u063a\u0631\u0628.","publisher":{"@id":"https:\/\/vitablanca.ma\/#organization"},"alternateName":"VitaBlanca.ma","potentialAction":[{"@type":"SearchAction","target":{"@type":"EntryPoint","urlTemplate":"https:\/\/vitablanca.ma\/?s={search_term_string}"},"query-input":{"@type":"PropertyValueSpecification","valueRequired":true,"valueName":"search_term_string"}}],"inLanguage":"ar"},{"@type":"Organization","@id":"https:\/\/vitablanca.ma\/#organization","name":"\u0641\u064a\u062a\u0627\u0628\u0644\u0627\u0646\u0643\u0627","url":"https:\/\/vitablanca.ma\/","logo":{"@type":"ImageObject","inLanguage":"ar","@id":"https:\/\/vitablanca.ma\/#\/schema\/logo\/image\/","url":"https:\/\/vitablanca.ma\/wp-content\/uploads\/2025\/05\/cropped-vitablanca.png","contentUrl":"https:\/\/vitablanca.ma\/wp-content\/uploads\/2025\/05\/cropped-vitablanca.png","width":360,"height":67,"caption":"VitaBlanca"},"image":{"@id":"https:\/\/vitablanca.ma\/#\/schema\/logo\/image\/"},"sameAs":["https:\/\/www.facebook.com\/profile.php?id=61576678196717","https:\/\/www.tiktok.com\/@vitablanca.ma","https:\/\/www.instagram.com\/vitablanca.ma\/"]}]}},"jetpack_sharing_enabled":true,"_links":{"self":[{"href":"https:\/\/vitablanca.ma\/ar\/wp-json\/wp\/v2\/product\/7835","targetHints":{"allow":["GET"]}}],"collection":[{"href":"https:\/\/vitablanca.ma\/ar\/wp-json\/wp\/v2\/product"}],"about":[{"href":"https:\/\/vitablanca.ma\/ar\/wp-json\/wp\/v2\/types\/product"}],"wp:featuredmedia":[{"embeddable":true,"href":"https:\/\/vitablanca.ma\/ar\/wp-json\/wp\/v2\/media\/7836"}],"wp:attachment":[{"href":"https:\/\/vitablanca.ma\/ar\/wp-json\/wp\/v2\/media?parent=7835"}],"wp:term":[{"taxonomy":"product_brand","embeddable":true,"href":"https:\/\/vitablanca.ma\/ar\/wp-json\/wp\/v2\/product_brand?post=7835"},{"taxonomy":"product_cat","embeddable":true,"href":"https:\/\/vitablanca.ma\/ar\/wp-json\/wp\/v2\/product_cat?post=7835"},{"taxonomy":"product_tag","embeddable":true,"href":"https:\/\/vitablanca.ma\/ar\/wp-json\/wp\/v2\/product_tag?post=7835"}],"curies":[{"name":"wp","href":"https:\/\/api.w.org\/{rel}","templated":true}]}}