{"id":7769,"date":"2025-05-18T00:12:14","date_gmt":"2025-05-18T00:12:14","guid":{"rendered":"https:\/\/vitablanca.ma\/?post_type=product&#038;p=7769"},"modified":"2025-12-02T16:05:08","modified_gmt":"2025-12-02T16:05:08","slug":"now-foods-vinaigre-de-cidre-de-pommes-450-mg-180-caps-maroc","status":"publish","type":"product","link":"https:\/\/vitablanca.ma\/ar\/product-2\/now-foods-vinaigre-de-cidre-de-pommes-450-mg-180-caps-maroc\/","title":{"rendered":"Now Foods Vinaigre de Cidre de Pommes, 450 mg, 180 Caps"},"content":{"rendered":"<p><br><\/p>\n\n\n\n<p>Qu&rsquo;est-ce que le vinaigre de cidre?<br>Le vinaigre de cidre (ou vinaigre de cidre) est un d\u00e9riv\u00e9 de la pomme ferment\u00e9e. Comme tous les vinaigres, il contient beaucoup d\u2019acide ac\u00e9tique, d\u2019autres acides, d\u2019acides amin\u00e9s, de sels min\u00e9raux et de vitamines. Le vinaigre de cidre est utilis\u00e9 comme rem\u00e8de traditionnel dans diverses conditions depuis des si\u00e8cles. Cependant, de nombreuses utilisations ont \u00e9t\u00e9 r\u00e9fut\u00e9es au fil du temps, mais sa capacit\u00e9 \u00e0 favoriser la sati\u00e9t\u00e9 et \u00e0 aider au m\u00e9tabolisme naturel des graisses a donn\u00e9 des r\u00e9sultats prometteurs dans de petites \u00e9tudes scientifiques.<\/p>\n\n\n\n<p>\u00c0 quoi sert le vinaigre de cidre?<br>Le vinaigre de cidre NOW est une formule traditionnelle qui aide \u00e0 soutenir le processus naturel du m\u00e9tabolisme du glucose dans le corps. Ce produit contient des nutriments suppl\u00e9mentaires tels que la vitamine B-6, le chrome ch\u00e9lavite, la fibre de pamplemousse, etc.<\/p>","protected":false},"excerpt":{"rendered":"<ul>\n<li>Compl\u00e9m\u00e9nt nutritionnel<\/li>\n<li>\u062e\u0627\u0644\u064a\u0629 \u0645\u0646 \u0627\u0644\u0643\u0627\u0626\u0646\u0627\u062a \u0627\u0644\u0645\u0639\u062f\u0644\u0629 \u0648\u0631\u0627\u062b\u064a\u064b\u0627<\/li>\n<li>Compl\u00e9ment Alimentaire<\/li>\n<li>Sant\u00e9 G\u00e9n\u00e9rale<\/li>\n<\/ul>","protected":false},"featured_media":7770,"template":"","meta":{"om_disable_all_campaigns":false},"product_brand":[83],"product_cat":[18,3366,20,19],"product_tag":[759,765,764,685,768,91,388,726,763,762,761,766,760,767],"class_list":{"0":"post-7769","1":"product","2":"type-product","3":"status-publish","4":"has-post-thumbnail","6":"product_brand-now-foods-maroc-prix","7":"product_cat-beaute-sante","8":"product_cat-complements-alimentaires-au-maroc-vitablanca","9":"product_cat-supplements","10":"product_cat-vitamines-supplements-dietetiques","11":"product_tag-bruleur-de-graisse-naturel","12":"product_tag-complement-digestion","13":"product_tag-detox-digestion","14":"product_tag-digestion-naturelle","15":"product_tag-energie-naturelle","16":"product_tag-now-foods-maroc","17":"product_tag-now-foods-maroc-avis","18":"product_tag-now-foods-maroc-prix","19":"product_tag-vinaigre-de-cidre-450-mg","20":"product_tag-vinaigre-de-cidre-capsules","21":"product_tag-vinaigre-de-cidre-maroc","22":"product_tag-vinaigre-de-cidre-minceur","23":"product_tag-vinaigre-de-cidre-now-foods","24":"product_tag-vinaigre-de-pomme-bio","26":"first","27":"instock","28":"sale","29":"taxable","30":"shipping-taxable","31":"purchasable","32":"product-type-simple"},"yoast_head":"<!-- This site is optimized with the Yoast SEO plugin v27.4 - https:\/\/yoast.com\/product\/yoast-seo-wordpress\/ -->\n<title>Now Foods Vinaigre de Cidre de Pommes, 450 mg- Maroc Prix<\/title>\n<meta name=\"description\" content=\"Achetez Now Foods Vinaigre de Cidre de Pomme 450 mg au Maroc. Ces 180 capsules pratiques vous offrent les bienfaits du vinaigre de cidre sans le go\u00fbt prononc\u00e9,\" \/>\n<meta name=\"robots\" content=\"index, follow, max-snippet:-1, max-image-preview:large, max-video-preview:-1\" \/>\n<link rel=\"canonical\" href=\"https:\/\/vitablanca.ma\/ar\/product-2\/now-foods-vinaigre-de-cidre-de-pommes-450-mg-180-caps-maroc\/\" \/>\n<meta property=\"og:locale\" content=\"ar_AR\" \/>\n<meta property=\"og:type\" content=\"article\" \/>\n<meta property=\"og:title\" content=\"Now Foods Vinaigre de Cidre de Pommes, 450 mg- Maroc Prix\" \/>\n<meta property=\"og:description\" content=\"Achetez Now Foods Vinaigre de Cidre de Pomme 450 mg au Maroc. Ces 180 capsules pratiques vous offrent les bienfaits du vinaigre de cidre sans le go\u00fbt prononc\u00e9,\" \/>\n<meta property=\"og:url\" content=\"https:\/\/vitablanca.ma\/ar\/product-2\/now-foods-vinaigre-de-cidre-de-pommes-450-mg-180-caps-maroc\/\" \/>\n<meta property=\"og:site_name\" content=\"Vitablanca.ma &ndash; Sant&eacute;, vitalit&eacute; et bien-&ecirc;tre pour tous les Marocains\" \/>\n<meta property=\"article:publisher\" content=\"https:\/\/www.facebook.com\/profile.php?id=61576678196717\" \/>\n<meta property=\"article:modified_time\" content=\"2025-12-02T16:05:08+00:00\" \/>\n<meta property=\"og:image\" content=\"https:\/\/vitablanca.ma\/wp-content\/uploads\/2025\/05\/vinaigre-de-cidre-de-pommes-450-mg-180-caps-now-fo.jpg\" \/>\n\t<meta property=\"og:image:width\" content=\"680\" \/>\n\t<meta property=\"og:image:height\" content=\"680\" \/>\n\t<meta property=\"og:image:type\" content=\"image\/jpeg\" \/>\n<meta name=\"twitter:card\" content=\"summary_large_image\" \/>\n<meta name=\"twitter:label1\" content=\"\u0648\u0642\u062a \u0627\u0644\u0642\u0631\u0627\u0621\u0629 \u0627\u0644\u0645\u064f\u0642\u062f\u0651\u0631\" \/>\n\t<meta name=\"twitter:data1\" content=\"\u062f\u0642\u064a\u0642\u0629 \u0648\u0627\u062d\u062f\u0629\" \/>\n<script type=\"application\/ld+json\" class=\"yoast-schema-graph\">{\"@context\":\"https:\\\/\\\/schema.org\",\"@graph\":[{\"@type\":[\"WebPage\",\"ItemPage\"],\"@id\":\"https:\\\/\\\/vitablanca.ma\\\/produit\\\/now-foods-vinaigre-de-cidre-de-pommes-450-mg-180-caps-maroc\\\/\",\"url\":\"https:\\\/\\\/vitablanca.ma\\\/produit\\\/now-foods-vinaigre-de-cidre-de-pommes-450-mg-180-caps-maroc\\\/\",\"name\":\"Now Foods Vinaigre de Cidre de Pommes, 450 mg- Maroc Prix\",\"isPartOf\":{\"@id\":\"https:\\\/\\\/vitablanca.ma\\\/#website\"},\"primaryImageOfPage\":{\"@id\":\"https:\\\/\\\/vitablanca.ma\\\/produit\\\/now-foods-vinaigre-de-cidre-de-pommes-450-mg-180-caps-maroc\\\/#primaryimage\"},\"image\":{\"@id\":\"https:\\\/\\\/vitablanca.ma\\\/produit\\\/now-foods-vinaigre-de-cidre-de-pommes-450-mg-180-caps-maroc\\\/#primaryimage\"},\"thumbnailUrl\":\"https:\\\/\\\/vitablanca.ma\\\/wp-content\\\/uploads\\\/2025\\\/05\\\/vinaigre-de-cidre-de-pommes-450-mg-180-caps-now-fo.jpg\",\"datePublished\":\"2025-05-18T00:12:14+00:00\",\"dateModified\":\"2025-12-02T16:05:08+00:00\",\"description\":\"Achetez Now Foods Vinaigre de Cidre de Pomme 450 mg au Maroc. Ces 180 capsules pratiques vous offrent les bienfaits du vinaigre de cidre sans le go\u00fbt prononc\u00e9,\",\"breadcrumb\":{\"@id\":\"https:\\\/\\\/vitablanca.ma\\\/produit\\\/now-foods-vinaigre-de-cidre-de-pommes-450-mg-180-caps-maroc\\\/#breadcrumb\"},\"inLanguage\":\"ar\",\"potentialAction\":[{\"@type\":\"ReadAction\",\"target\":[\"https:\\\/\\\/vitablanca.ma\\\/produit\\\/now-foods-vinaigre-de-cidre-de-pommes-450-mg-180-caps-maroc\\\/\"]}]},{\"@type\":\"ImageObject\",\"inLanguage\":\"ar\",\"@id\":\"https:\\\/\\\/vitablanca.ma\\\/produit\\\/now-foods-vinaigre-de-cidre-de-pommes-450-mg-180-caps-maroc\\\/#primaryimage\",\"url\":\"https:\\\/\\\/vitablanca.ma\\\/wp-content\\\/uploads\\\/2025\\\/05\\\/vinaigre-de-cidre-de-pommes-450-mg-180-caps-now-fo.jpg\",\"contentUrl\":\"https:\\\/\\\/vitablanca.ma\\\/wp-content\\\/uploads\\\/2025\\\/05\\\/vinaigre-de-cidre-de-pommes-450-mg-180-caps-now-fo.jpg\",\"width\":680,\"height\":680},{\"@type\":\"BreadcrumbList\",\"@id\":\"https:\\\/\\\/vitablanca.ma\\\/produit\\\/now-foods-vinaigre-de-cidre-de-pommes-450-mg-180-caps-maroc\\\/#breadcrumb\",\"itemListElement\":[{\"@type\":\"ListItem\",\"position\":1,\"name\":\"Home\",\"item\":\"https:\\\/\\\/vitablanca.ma\\\/\"},{\"@type\":\"ListItem\",\"position\":2,\"name\":\"Tous Les Produits\",\"item\":\"https:\\\/\\\/vitablanca.ma\\\/tous-les-produits\\\/\"},{\"@type\":\"ListItem\",\"position\":3,\"name\":\"Now Foods Vinaigre de Cidre de Pommes, 450 mg, 180 Caps\"}]},{\"@type\":\"WebSite\",\"@id\":\"https:\\\/\\\/vitablanca.ma\\\/#website\",\"url\":\"https:\\\/\\\/vitablanca.ma\\\/\",\"name\":\"VitaBlanca.ma | Compl\u00e9ments alimentaires, sant\u00e9 & beaut\u00e9 au Maroc\",\"description\":\"vendre vitamines et compl\u00e9ments premium des USA &amp; Canada, Nouvelle Z\u00e9lande,Maroc (NOW Foods, Solgar, Manuka). Livraison rapide partout au Maroc.\",\"publisher\":{\"@id\":\"https:\\\/\\\/vitablanca.ma\\\/#organization\"},\"alternateName\":\"VitaBlanca.ma\",\"potentialAction\":[{\"@type\":\"SearchAction\",\"target\":{\"@type\":\"EntryPoint\",\"urlTemplate\":\"https:\\\/\\\/vitablanca.ma\\\/?s={search_term_string}\"},\"query-input\":{\"@type\":\"PropertyValueSpecification\",\"valueRequired\":true,\"valueName\":\"search_term_string\"}}],\"inLanguage\":\"ar\"},{\"@type\":\"Organization\",\"@id\":\"https:\\\/\\\/vitablanca.ma\\\/#organization\",\"name\":\"VitaBlanca\",\"url\":\"https:\\\/\\\/vitablanca.ma\\\/\",\"logo\":{\"@type\":\"ImageObject\",\"inLanguage\":\"ar\",\"@id\":\"https:\\\/\\\/vitablanca.ma\\\/#\\\/schema\\\/logo\\\/image\\\/\",\"url\":\"https:\\\/\\\/vitablanca.ma\\\/wp-content\\\/uploads\\\/2025\\\/05\\\/cropped-vitablanca.png\",\"contentUrl\":\"https:\\\/\\\/vitablanca.ma\\\/wp-content\\\/uploads\\\/2025\\\/05\\\/cropped-vitablanca.png\",\"width\":360,\"height\":67,\"caption\":\"VitaBlanca\"},\"image\":{\"@id\":\"https:\\\/\\\/vitablanca.ma\\\/#\\\/schema\\\/logo\\\/image\\\/\"},\"sameAs\":[\"https:\\\/\\\/www.facebook.com\\\/profile.php?id=61576678196717\",\"https:\\\/\\\/www.tiktok.com\\\/@vitablanca.ma\",\"https:\\\/\\\/www.instagram.com\\\/vitablanca.ma\\\/\"]}]}<\/script>\n<!-- \/ Yoast SEO plugin. -->","yoast_head_json":{"title":"Now Foods Vinaigre de Cidre de Pommes, 450 mg- Maroc Prix","description":"Achetez Now Foods Vinaigre de Cidre de Pomme 450 mg au Maroc. Ces 180 capsules pratiques vous offrent les bienfaits du vinaigre de cidre sans le go\u00fbt prononc\u00e9,","robots":{"index":"index","follow":"follow","max-snippet":"max-snippet:-1","max-image-preview":"max-image-preview:large","max-video-preview":"max-video-preview:-1"},"canonical":"https:\/\/vitablanca.ma\/ar\/product-2\/now-foods-vinaigre-de-cidre-de-pommes-450-mg-180-caps-maroc\/","og_locale":"ar_AR","og_type":"article","og_title":"Now Foods Vinaigre de Cidre de Pommes, 450 mg- Maroc Prix","og_description":"Achetez Now Foods Vinaigre de Cidre de Pomme 450 mg au Maroc. Ces 180 capsules pratiques vous offrent les bienfaits du vinaigre de cidre sans le go\u00fbt prononc\u00e9,","og_url":"https:\/\/vitablanca.ma\/ar\/product-2\/now-foods-vinaigre-de-cidre-de-pommes-450-mg-180-caps-maroc\/","og_site_name":"Vitablanca.ma &ndash; Sant&eacute;, vitalit&eacute; et bien-&ecirc;tre pour tous les Marocains","article_publisher":"https:\/\/www.facebook.com\/profile.php?id=61576678196717","article_modified_time":"2025-12-02T16:05:08+00:00","og_image":[{"width":680,"height":680,"url":"https:\/\/vitablanca.ma\/wp-content\/uploads\/2025\/05\/vinaigre-de-cidre-de-pommes-450-mg-180-caps-now-fo.jpg","type":"image\/jpeg"}],"twitter_card":"summary_large_image","twitter_misc":{"\u0648\u0642\u062a \u0627\u0644\u0642\u0631\u0627\u0621\u0629 \u0627\u0644\u0645\u064f\u0642\u062f\u0651\u0631":"\u062f\u0642\u064a\u0642\u0629 \u0648\u0627\u062d\u062f\u0629"},"schema":{"@context":"https:\/\/schema.org","@graph":[{"@type":["WebPage","ItemPage"],"@id":"https:\/\/vitablanca.ma\/produit\/now-foods-vinaigre-de-cidre-de-pommes-450-mg-180-caps-maroc\/","url":"https:\/\/vitablanca.ma\/produit\/now-foods-vinaigre-de-cidre-de-pommes-450-mg-180-caps-maroc\/","name":"Now Foods Vinaigre de Cidre de Pommes, 450 mg- Maroc Prix","isPartOf":{"@id":"https:\/\/vitablanca.ma\/#website"},"primaryImageOfPage":{"@id":"https:\/\/vitablanca.ma\/produit\/now-foods-vinaigre-de-cidre-de-pommes-450-mg-180-caps-maroc\/#primaryimage"},"image":{"@id":"https:\/\/vitablanca.ma\/produit\/now-foods-vinaigre-de-cidre-de-pommes-450-mg-180-caps-maroc\/#primaryimage"},"thumbnailUrl":"https:\/\/vitablanca.ma\/wp-content\/uploads\/2025\/05\/vinaigre-de-cidre-de-pommes-450-mg-180-caps-now-fo.jpg","datePublished":"2025-05-18T00:12:14+00:00","dateModified":"2025-12-02T16:05:08+00:00","description":"Achetez Now Foods Vinaigre de Cidre de Pomme 450 mg au Maroc. Ces 180 capsules pratiques vous offrent les bienfaits du vinaigre de cidre sans le go\u00fbt prononc\u00e9,","breadcrumb":{"@id":"https:\/\/vitablanca.ma\/produit\/now-foods-vinaigre-de-cidre-de-pommes-450-mg-180-caps-maroc\/#breadcrumb"},"inLanguage":"ar","potentialAction":[{"@type":"ReadAction","target":["https:\/\/vitablanca.ma\/produit\/now-foods-vinaigre-de-cidre-de-pommes-450-mg-180-caps-maroc\/"]}]},{"@type":"ImageObject","inLanguage":"ar","@id":"https:\/\/vitablanca.ma\/produit\/now-foods-vinaigre-de-cidre-de-pommes-450-mg-180-caps-maroc\/#primaryimage","url":"https:\/\/vitablanca.ma\/wp-content\/uploads\/2025\/05\/vinaigre-de-cidre-de-pommes-450-mg-180-caps-now-fo.jpg","contentUrl":"https:\/\/vitablanca.ma\/wp-content\/uploads\/2025\/05\/vinaigre-de-cidre-de-pommes-450-mg-180-caps-now-fo.jpg","width":680,"height":680},{"@type":"BreadcrumbList","@id":"https:\/\/vitablanca.ma\/produit\/now-foods-vinaigre-de-cidre-de-pommes-450-mg-180-caps-maroc\/#breadcrumb","itemListElement":[{"@type":"ListItem","position":1,"name":"Home","item":"https:\/\/vitablanca.ma\/"},{"@type":"ListItem","position":2,"name":"Tous Les Produits","item":"https:\/\/vitablanca.ma\/tous-les-produits\/"},{"@type":"ListItem","position":3,"name":"Now Foods Vinaigre de Cidre de Pommes, 450 mg, 180 Caps"}]},{"@type":"WebSite","@id":"https:\/\/vitablanca.ma\/#website","url":"https:\/\/vitablanca.ma\/","name":"VitaBlanca.ma | \u0627\u0644\u0645\u0643\u0645\u0644\u0627\u062a \u0627\u0644\u063a\u0630\u0627\u0626\u064a\u0629\u060c \u0627\u0644\u0635\u062d\u0629 \u0648\u0627\u0644\u062c\u0645\u0627\u0644 \u0641\u064a \u0627\u0644\u0645\u063a\u0631\u0628","description":"\u0646\u0628\u064a\u0639 \u0641\u064a\u062a\u0627\u0645\u064a\u0646\u0627\u062a \u0648\u0645\u0643\u0645\u0644\u0627\u062a \u063a\u0630\u0627\u0626\u064a\u0629 \u0641\u0627\u062e\u0631\u0629 \u0645\u0646 \u0627\u0644\u0648\u0644\u0627\u064a\u0627\u062a \u0627\u0644\u0645\u062a\u062d\u062f\u0629 \u0627\u0644\u0623\u0645\u0631\u064a\u0643\u064a\u0629 \u0648\u0643\u0646\u062f\u0627 \u0648\u0646\u064a\u0648\u0632\u064a\u0644\u0646\u062f\u0627 \u0648\u0627\u0644\u0645\u063a\u0631\u0628 (\u0646\u0627\u0648 \u0641\u0648\u062f\u0632\u060c \u0633\u0648\u0644\u062c\u0627\u0631\u060c \u0645\u0627\u0646\u0648\u0643\u0627). \u062a\u0648\u0635\u064a\u0644 \u0633\u0631\u064a\u0639 \u0625\u0644\u0649 \u062c\u0645\u064a\u0639 \u0623\u0646\u062d\u0627\u0621 \u0627\u0644\u0645\u063a\u0631\u0628.","publisher":{"@id":"https:\/\/vitablanca.ma\/#organization"},"alternateName":"VitaBlanca.ma","potentialAction":[{"@type":"SearchAction","target":{"@type":"EntryPoint","urlTemplate":"https:\/\/vitablanca.ma\/?s={search_term_string}"},"query-input":{"@type":"PropertyValueSpecification","valueRequired":true,"valueName":"search_term_string"}}],"inLanguage":"ar"},{"@type":"Organization","@id":"https:\/\/vitablanca.ma\/#organization","name":"\u0641\u064a\u062a\u0627\u0628\u0644\u0627\u0646\u0643\u0627","url":"https:\/\/vitablanca.ma\/","logo":{"@type":"ImageObject","inLanguage":"ar","@id":"https:\/\/vitablanca.ma\/#\/schema\/logo\/image\/","url":"https:\/\/vitablanca.ma\/wp-content\/uploads\/2025\/05\/cropped-vitablanca.png","contentUrl":"https:\/\/vitablanca.ma\/wp-content\/uploads\/2025\/05\/cropped-vitablanca.png","width":360,"height":67,"caption":"VitaBlanca"},"image":{"@id":"https:\/\/vitablanca.ma\/#\/schema\/logo\/image\/"},"sameAs":["https:\/\/www.facebook.com\/profile.php?id=61576678196717","https:\/\/www.tiktok.com\/@vitablanca.ma","https:\/\/www.instagram.com\/vitablanca.ma\/"]}]}},"jetpack_sharing_enabled":true,"_links":{"self":[{"href":"https:\/\/vitablanca.ma\/ar\/wp-json\/wp\/v2\/product\/7769","targetHints":{"allow":["GET"]}}],"collection":[{"href":"https:\/\/vitablanca.ma\/ar\/wp-json\/wp\/v2\/product"}],"about":[{"href":"https:\/\/vitablanca.ma\/ar\/wp-json\/wp\/v2\/types\/product"}],"wp:featuredmedia":[{"embeddable":true,"href":"https:\/\/vitablanca.ma\/ar\/wp-json\/wp\/v2\/media\/7770"}],"wp:attachment":[{"href":"https:\/\/vitablanca.ma\/ar\/wp-json\/wp\/v2\/media?parent=7769"}],"wp:term":[{"taxonomy":"product_brand","embeddable":true,"href":"https:\/\/vitablanca.ma\/ar\/wp-json\/wp\/v2\/product_brand?post=7769"},{"taxonomy":"product_cat","embeddable":true,"href":"https:\/\/vitablanca.ma\/ar\/wp-json\/wp\/v2\/product_cat?post=7769"},{"taxonomy":"product_tag","embeddable":true,"href":"https:\/\/vitablanca.ma\/ar\/wp-json\/wp\/v2\/product_tag?post=7769"}],"curies":[{"name":"wp","href":"https:\/\/api.w.org\/{rel}","templated":true}]}}