{"id":7720,"date":"2025-05-16T19:26:55","date_gmt":"2025-05-16T19:26:55","guid":{"rendered":"https:\/\/vitablanca.ma\/?post_type=product&#038;p=7720"},"modified":"2026-03-07T02:44:38","modified_gmt":"2026-03-07T02:44:38","slug":"solgar-methylcobalamin-vitamine-b12-5000-mcg-30-pepites-maroc","status":"publish","type":"product","link":"https:\/\/vitablanca.ma\/ar\/product-2\/solgar-methylcobalamin-vitamine-b12-5000-mcg-30-pepites-maroc\/","title":{"rendered":"Solgar Methylcobalamin (Vitamine B12), 5000 mcg, 30 p\u00e9pites"},"content":{"rendered":"<p>La m\u00e9thylcobalamine est la forme coenzyme active de la vitamine B12. Bien que le corps puisse facilement absorber la vitamine B12 sous forme de cobalamine, il doit en outre la convertir en une forme de coenzyme pour devenir m\u00e9taboliquement actif. Sous cette forme, il est bio-identique \u00e0 l&rsquo;une des deux formes actives pr\u00e9sentes dans l&rsquo;organisme. La vitamine B12 \u00abpr\u00eate pour le corps\u00bb de cette formule est offerte sous forme de p\u00e9pite pratique qui convient \u00e9galement aux v\u00e9g\u00e9taliens.<a href=\"https:\/\/www.jumia.ma\/customer\/account\/login\/?tkWl=SO741DV0O34EDNAFAMZ-29483934&amp;return=%2Fsolgar-methylcobalamin-vitamine-b12-5000-mcg-30-pepites-35465404.html\"><\/a><\/p>\n\n\n\n<p><\/p>\n\n\n\n<p><a href=\"https:\/\/www.jumia.ma\/customer\/account\/login\/?tkWl=MA055DV1HBRGLNAFAMZ-29554725&amp;return=%2Fpastilles-au-miel-de-manuka-cassis-mgo-400-15-pastilles.-manuka-health-mpg934364.html\"><\/a><\/p>\n\n\n\n<p><\/p>","protected":false},"excerpt":{"rendered":"<p>Sublingual Forme coenzyme active de B12<\/p>","protected":false},"featured_media":7721,"template":"","meta":{"om_disable_all_campaigns":false},"product_brand":[42],"product_cat":[18,3366,130,19],"product_tag":[717,718,716,52,53],"class_list":{"0":"post-7720","1":"product","2":"type-product","3":"status-publish","4":"has-post-thumbnail","6":"product_brand-solgar-prix-maroc","7":"product_cat-beaute-sante","8":"product_cat-complements-alimentaires-au-maroc-vitablanca","9":"product_cat-vitamines","10":"product_cat-vitamines-supplements-dietetiques","11":"product_tag-complement-peau-et-articulations","12":"product_tag-hydratation-peau-naturel","13":"product_tag-methylcobalamin","14":"product_tag-solgar-amazon-maroc","15":"product_tag-solgar-casa","17":"first","18":"outofstock","19":"taxable","20":"shipping-taxable","21":"purchasable","22":"product-type-simple"},"yoast_head":"<!-- This site is optimized with the Yoast SEO plugin v27.4 - https:\/\/yoast.com\/product\/yoast-seo-wordpress\/ -->\n<title>Solgar Methylcobalamin (Vitamine B12), 5000 mcg- Maroc Prix<\/title>\n<meta name=\"description\" content=\"Achetez Solgar Vitamine B12 M\u00e9thylcobalamine 5000 mcg (30 p\u00e9pites) au Maroc. Booste l&#039;\u00e9nergie, soutient le syst\u00e8me nerveux et la formation sanguine.\" \/>\n<meta name=\"robots\" content=\"index, follow, max-snippet:-1, max-image-preview:large, max-video-preview:-1\" \/>\n<link rel=\"canonical\" href=\"https:\/\/vitablanca.ma\/ar\/product-2\/solgar-methylcobalamin-vitamine-b12-5000-mcg-30-pepites-maroc\/\" \/>\n<meta property=\"og:locale\" content=\"ar_AR\" \/>\n<meta property=\"og:type\" content=\"article\" \/>\n<meta property=\"og:title\" content=\"Solgar Methylcobalamin (Vitamine B12), 5000 mcg- Maroc Prix\" \/>\n<meta property=\"og:description\" content=\"Achetez Solgar Vitamine B12 M\u00e9thylcobalamine 5000 mcg (30 p\u00e9pites) au Maroc. Booste l&#039;\u00e9nergie, soutient le syst\u00e8me nerveux et la formation sanguine.\" \/>\n<meta property=\"og:url\" content=\"https:\/\/vitablanca.ma\/ar\/product-2\/solgar-methylcobalamin-vitamine-b12-5000-mcg-30-pepites-maroc\/\" \/>\n<meta property=\"og:site_name\" content=\"Vitablanca.ma &ndash; Sant&eacute;, vitalit&eacute; et bien-&ecirc;tre pour tous les Marocains\" \/>\n<meta property=\"article:publisher\" content=\"https:\/\/www.facebook.com\/profile.php?id=61576678196717\" \/>\n<meta property=\"article:modified_time\" content=\"2026-03-07T02:44:38+00:00\" \/>\n<meta property=\"og:image\" content=\"https:\/\/vitablanca.ma\/wp-content\/uploads\/2025\/05\/solgar-methylcobalamin-vitamine-b12-5000-mcg-30-pepites-.jpg\" \/>\n\t<meta property=\"og:image:width\" content=\"680\" \/>\n\t<meta property=\"og:image:height\" content=\"680\" \/>\n\t<meta property=\"og:image:type\" content=\"image\/jpeg\" \/>\n<meta name=\"twitter:card\" content=\"summary_large_image\" \/>\n<meta name=\"twitter:label1\" content=\"\u0648\u0642\u062a \u0627\u0644\u0642\u0631\u0627\u0621\u0629 \u0627\u0644\u0645\u064f\u0642\u062f\u0651\u0631\" \/>\n\t<meta name=\"twitter:data1\" content=\"\u062f\u0642\u064a\u0642\u0629 \u0648\u0627\u062d\u062f\u0629\" \/>\n<script type=\"application\/ld+json\" class=\"yoast-schema-graph\">{\"@context\":\"https:\\\/\\\/schema.org\",\"@graph\":[{\"@type\":[\"WebPage\",\"ItemPage\"],\"@id\":\"https:\\\/\\\/vitablanca.ma\\\/produit\\\/solgar-methylcobalamin-vitamine-b12-5000-mcg-30-pepites-maroc\\\/\",\"url\":\"https:\\\/\\\/vitablanca.ma\\\/produit\\\/solgar-methylcobalamin-vitamine-b12-5000-mcg-30-pepites-maroc\\\/\",\"name\":\"Solgar Methylcobalamin (Vitamine B12), 5000 mcg- Maroc Prix\",\"isPartOf\":{\"@id\":\"https:\\\/\\\/vitablanca.ma\\\/#website\"},\"primaryImageOfPage\":{\"@id\":\"https:\\\/\\\/vitablanca.ma\\\/produit\\\/solgar-methylcobalamin-vitamine-b12-5000-mcg-30-pepites-maroc\\\/#primaryimage\"},\"image\":{\"@id\":\"https:\\\/\\\/vitablanca.ma\\\/produit\\\/solgar-methylcobalamin-vitamine-b12-5000-mcg-30-pepites-maroc\\\/#primaryimage\"},\"thumbnailUrl\":\"https:\\\/\\\/vitablanca.ma\\\/wp-content\\\/uploads\\\/2025\\\/05\\\/solgar-methylcobalamin-vitamine-b12-5000-mcg-30-pepites-.jpg\",\"datePublished\":\"2025-05-16T19:26:55+00:00\",\"dateModified\":\"2026-03-07T02:44:38+00:00\",\"description\":\"Achetez Solgar Vitamine B12 M\u00e9thylcobalamine 5000 mcg (30 p\u00e9pites) au Maroc. Booste l'\u00e9nergie, soutient le syst\u00e8me nerveux et la formation sanguine.\",\"breadcrumb\":{\"@id\":\"https:\\\/\\\/vitablanca.ma\\\/produit\\\/solgar-methylcobalamin-vitamine-b12-5000-mcg-30-pepites-maroc\\\/#breadcrumb\"},\"inLanguage\":\"ar\",\"potentialAction\":[{\"@type\":\"ReadAction\",\"target\":[\"https:\\\/\\\/vitablanca.ma\\\/produit\\\/solgar-methylcobalamin-vitamine-b12-5000-mcg-30-pepites-maroc\\\/\"]}]},{\"@type\":\"ImageObject\",\"inLanguage\":\"ar\",\"@id\":\"https:\\\/\\\/vitablanca.ma\\\/produit\\\/solgar-methylcobalamin-vitamine-b12-5000-mcg-30-pepites-maroc\\\/#primaryimage\",\"url\":\"https:\\\/\\\/vitablanca.ma\\\/wp-content\\\/uploads\\\/2025\\\/05\\\/solgar-methylcobalamin-vitamine-b12-5000-mcg-30-pepites-.jpg\",\"contentUrl\":\"https:\\\/\\\/vitablanca.ma\\\/wp-content\\\/uploads\\\/2025\\\/05\\\/solgar-methylcobalamin-vitamine-b12-5000-mcg-30-pepites-.jpg\",\"width\":680,\"height\":680},{\"@type\":\"BreadcrumbList\",\"@id\":\"https:\\\/\\\/vitablanca.ma\\\/produit\\\/solgar-methylcobalamin-vitamine-b12-5000-mcg-30-pepites-maroc\\\/#breadcrumb\",\"itemListElement\":[{\"@type\":\"ListItem\",\"position\":1,\"name\":\"Home\",\"item\":\"https:\\\/\\\/vitablanca.ma\\\/\"},{\"@type\":\"ListItem\",\"position\":2,\"name\":\"Tous Les Produits\",\"item\":\"https:\\\/\\\/vitablanca.ma\\\/tous-les-produits\\\/\"},{\"@type\":\"ListItem\",\"position\":3,\"name\":\"Solgar Methylcobalamin (Vitamine B12), 5000 mcg, 30 p\u00e9pites\"}]},{\"@type\":\"WebSite\",\"@id\":\"https:\\\/\\\/vitablanca.ma\\\/#website\",\"url\":\"https:\\\/\\\/vitablanca.ma\\\/\",\"name\":\"VitaBlanca.ma | Compl\u00e9ments alimentaires, sant\u00e9 & beaut\u00e9 au Maroc\",\"description\":\"vendre vitamines et compl\u00e9ments premium des USA &amp; Canada, Nouvelle Z\u00e9lande,Maroc (NOW Foods, Solgar, Manuka). Livraison rapide partout au Maroc.\",\"publisher\":{\"@id\":\"https:\\\/\\\/vitablanca.ma\\\/#organization\"},\"alternateName\":\"VitaBlanca.ma\",\"potentialAction\":[{\"@type\":\"SearchAction\",\"target\":{\"@type\":\"EntryPoint\",\"urlTemplate\":\"https:\\\/\\\/vitablanca.ma\\\/?s={search_term_string}\"},\"query-input\":{\"@type\":\"PropertyValueSpecification\",\"valueRequired\":true,\"valueName\":\"search_term_string\"}}],\"inLanguage\":\"ar\"},{\"@type\":\"Organization\",\"@id\":\"https:\\\/\\\/vitablanca.ma\\\/#organization\",\"name\":\"VitaBlanca\",\"url\":\"https:\\\/\\\/vitablanca.ma\\\/\",\"logo\":{\"@type\":\"ImageObject\",\"inLanguage\":\"ar\",\"@id\":\"https:\\\/\\\/vitablanca.ma\\\/#\\\/schema\\\/logo\\\/image\\\/\",\"url\":\"https:\\\/\\\/vitablanca.ma\\\/wp-content\\\/uploads\\\/2025\\\/05\\\/cropped-vitablanca.png\",\"contentUrl\":\"https:\\\/\\\/vitablanca.ma\\\/wp-content\\\/uploads\\\/2025\\\/05\\\/cropped-vitablanca.png\",\"width\":360,\"height\":67,\"caption\":\"VitaBlanca\"},\"image\":{\"@id\":\"https:\\\/\\\/vitablanca.ma\\\/#\\\/schema\\\/logo\\\/image\\\/\"},\"sameAs\":[\"https:\\\/\\\/www.facebook.com\\\/profile.php?id=61576678196717\",\"https:\\\/\\\/www.tiktok.com\\\/@vitablanca.ma\",\"https:\\\/\\\/www.instagram.com\\\/vitablanca.ma\\\/\"]}]}<\/script>\n<!-- \/ Yoast SEO plugin. -->","yoast_head_json":{"title":"Solgar Methylcobalamin (Vitamine B12), 5000 mcg- Maroc Prix","description":"Achetez Solgar Vitamine B12 M\u00e9thylcobalamine 5000 mcg (30 p\u00e9pites) au Maroc. Booste l'\u00e9nergie, soutient le syst\u00e8me nerveux et la formation sanguine.","robots":{"index":"index","follow":"follow","max-snippet":"max-snippet:-1","max-image-preview":"max-image-preview:large","max-video-preview":"max-video-preview:-1"},"canonical":"https:\/\/vitablanca.ma\/ar\/product-2\/solgar-methylcobalamin-vitamine-b12-5000-mcg-30-pepites-maroc\/","og_locale":"ar_AR","og_type":"article","og_title":"Solgar Methylcobalamin (Vitamine B12), 5000 mcg- Maroc Prix","og_description":"Achetez Solgar Vitamine B12 M\u00e9thylcobalamine 5000 mcg (30 p\u00e9pites) au Maroc. Booste l'\u00e9nergie, soutient le syst\u00e8me nerveux et la formation sanguine.","og_url":"https:\/\/vitablanca.ma\/ar\/product-2\/solgar-methylcobalamin-vitamine-b12-5000-mcg-30-pepites-maroc\/","og_site_name":"Vitablanca.ma &ndash; Sant&eacute;, vitalit&eacute; et bien-&ecirc;tre pour tous les Marocains","article_publisher":"https:\/\/www.facebook.com\/profile.php?id=61576678196717","article_modified_time":"2026-03-07T02:44:38+00:00","og_image":[{"width":680,"height":680,"url":"https:\/\/vitablanca.ma\/wp-content\/uploads\/2025\/05\/solgar-methylcobalamin-vitamine-b12-5000-mcg-30-pepites-.jpg","type":"image\/jpeg"}],"twitter_card":"summary_large_image","twitter_misc":{"\u0648\u0642\u062a \u0627\u0644\u0642\u0631\u0627\u0621\u0629 \u0627\u0644\u0645\u064f\u0642\u062f\u0651\u0631":"\u062f\u0642\u064a\u0642\u0629 \u0648\u0627\u062d\u062f\u0629"},"schema":{"@context":"https:\/\/schema.org","@graph":[{"@type":["WebPage","ItemPage"],"@id":"https:\/\/vitablanca.ma\/produit\/solgar-methylcobalamin-vitamine-b12-5000-mcg-30-pepites-maroc\/","url":"https:\/\/vitablanca.ma\/produit\/solgar-methylcobalamin-vitamine-b12-5000-mcg-30-pepites-maroc\/","name":"Solgar Methylcobalamin (Vitamine B12), 5000 mcg- Maroc Prix","isPartOf":{"@id":"https:\/\/vitablanca.ma\/#website"},"primaryImageOfPage":{"@id":"https:\/\/vitablanca.ma\/produit\/solgar-methylcobalamin-vitamine-b12-5000-mcg-30-pepites-maroc\/#primaryimage"},"image":{"@id":"https:\/\/vitablanca.ma\/produit\/solgar-methylcobalamin-vitamine-b12-5000-mcg-30-pepites-maroc\/#primaryimage"},"thumbnailUrl":"https:\/\/vitablanca.ma\/wp-content\/uploads\/2025\/05\/solgar-methylcobalamin-vitamine-b12-5000-mcg-30-pepites-.jpg","datePublished":"2025-05-16T19:26:55+00:00","dateModified":"2026-03-07T02:44:38+00:00","description":"Achetez Solgar Vitamine B12 M\u00e9thylcobalamine 5000 mcg (30 p\u00e9pites) au Maroc. Booste l'\u00e9nergie, soutient le syst\u00e8me nerveux et la formation sanguine.","breadcrumb":{"@id":"https:\/\/vitablanca.ma\/produit\/solgar-methylcobalamin-vitamine-b12-5000-mcg-30-pepites-maroc\/#breadcrumb"},"inLanguage":"ar","potentialAction":[{"@type":"ReadAction","target":["https:\/\/vitablanca.ma\/produit\/solgar-methylcobalamin-vitamine-b12-5000-mcg-30-pepites-maroc\/"]}]},{"@type":"ImageObject","inLanguage":"ar","@id":"https:\/\/vitablanca.ma\/produit\/solgar-methylcobalamin-vitamine-b12-5000-mcg-30-pepites-maroc\/#primaryimage","url":"https:\/\/vitablanca.ma\/wp-content\/uploads\/2025\/05\/solgar-methylcobalamin-vitamine-b12-5000-mcg-30-pepites-.jpg","contentUrl":"https:\/\/vitablanca.ma\/wp-content\/uploads\/2025\/05\/solgar-methylcobalamin-vitamine-b12-5000-mcg-30-pepites-.jpg","width":680,"height":680},{"@type":"BreadcrumbList","@id":"https:\/\/vitablanca.ma\/produit\/solgar-methylcobalamin-vitamine-b12-5000-mcg-30-pepites-maroc\/#breadcrumb","itemListElement":[{"@type":"ListItem","position":1,"name":"Home","item":"https:\/\/vitablanca.ma\/"},{"@type":"ListItem","position":2,"name":"Tous Les Produits","item":"https:\/\/vitablanca.ma\/tous-les-produits\/"},{"@type":"ListItem","position":3,"name":"Solgar Methylcobalamin (Vitamine B12), 5000 mcg, 30 p\u00e9pites"}]},{"@type":"WebSite","@id":"https:\/\/vitablanca.ma\/#website","url":"https:\/\/vitablanca.ma\/","name":"VitaBlanca.ma | \u0627\u0644\u0645\u0643\u0645\u0644\u0627\u062a \u0627\u0644\u063a\u0630\u0627\u0626\u064a\u0629\u060c \u0627\u0644\u0635\u062d\u0629 \u0648\u0627\u0644\u062c\u0645\u0627\u0644 \u0641\u064a \u0627\u0644\u0645\u063a\u0631\u0628","description":"\u0646\u0628\u064a\u0639 \u0641\u064a\u062a\u0627\u0645\u064a\u0646\u0627\u062a \u0648\u0645\u0643\u0645\u0644\u0627\u062a \u063a\u0630\u0627\u0626\u064a\u0629 \u0641\u0627\u062e\u0631\u0629 \u0645\u0646 \u0627\u0644\u0648\u0644\u0627\u064a\u0627\u062a \u0627\u0644\u0645\u062a\u062d\u062f\u0629 \u0627\u0644\u0623\u0645\u0631\u064a\u0643\u064a\u0629 \u0648\u0643\u0646\u062f\u0627 \u0648\u0646\u064a\u0648\u0632\u064a\u0644\u0646\u062f\u0627 \u0648\u0627\u0644\u0645\u063a\u0631\u0628 (\u0646\u0627\u0648 \u0641\u0648\u062f\u0632\u060c \u0633\u0648\u0644\u062c\u0627\u0631\u060c \u0645\u0627\u0646\u0648\u0643\u0627). \u062a\u0648\u0635\u064a\u0644 \u0633\u0631\u064a\u0639 \u0625\u0644\u0649 \u062c\u0645\u064a\u0639 \u0623\u0646\u062d\u0627\u0621 \u0627\u0644\u0645\u063a\u0631\u0628.","publisher":{"@id":"https:\/\/vitablanca.ma\/#organization"},"alternateName":"VitaBlanca.ma","potentialAction":[{"@type":"SearchAction","target":{"@type":"EntryPoint","urlTemplate":"https:\/\/vitablanca.ma\/?s={search_term_string}"},"query-input":{"@type":"PropertyValueSpecification","valueRequired":true,"valueName":"search_term_string"}}],"inLanguage":"ar"},{"@type":"Organization","@id":"https:\/\/vitablanca.ma\/#organization","name":"\u0641\u064a\u062a\u0627\u0628\u0644\u0627\u0646\u0643\u0627","url":"https:\/\/vitablanca.ma\/","logo":{"@type":"ImageObject","inLanguage":"ar","@id":"https:\/\/vitablanca.ma\/#\/schema\/logo\/image\/","url":"https:\/\/vitablanca.ma\/wp-content\/uploads\/2025\/05\/cropped-vitablanca.png","contentUrl":"https:\/\/vitablanca.ma\/wp-content\/uploads\/2025\/05\/cropped-vitablanca.png","width":360,"height":67,"caption":"VitaBlanca"},"image":{"@id":"https:\/\/vitablanca.ma\/#\/schema\/logo\/image\/"},"sameAs":["https:\/\/www.facebook.com\/profile.php?id=61576678196717","https:\/\/www.tiktok.com\/@vitablanca.ma","https:\/\/www.instagram.com\/vitablanca.ma\/"]}]}},"jetpack_sharing_enabled":true,"_links":{"self":[{"href":"https:\/\/vitablanca.ma\/ar\/wp-json\/wp\/v2\/product\/7720","targetHints":{"allow":["GET"]}}],"collection":[{"href":"https:\/\/vitablanca.ma\/ar\/wp-json\/wp\/v2\/product"}],"about":[{"href":"https:\/\/vitablanca.ma\/ar\/wp-json\/wp\/v2\/types\/product"}],"wp:featuredmedia":[{"embeddable":true,"href":"https:\/\/vitablanca.ma\/ar\/wp-json\/wp\/v2\/media\/7721"}],"wp:attachment":[{"href":"https:\/\/vitablanca.ma\/ar\/wp-json\/wp\/v2\/media?parent=7720"}],"wp:term":[{"taxonomy":"product_brand","embeddable":true,"href":"https:\/\/vitablanca.ma\/ar\/wp-json\/wp\/v2\/product_brand?post=7720"},{"taxonomy":"product_cat","embeddable":true,"href":"https:\/\/vitablanca.ma\/ar\/wp-json\/wp\/v2\/product_cat?post=7720"},{"taxonomy":"product_tag","embeddable":true,"href":"https:\/\/vitablanca.ma\/ar\/wp-json\/wp\/v2\/product_tag?post=7720"}],"curies":[{"name":"wp","href":"https:\/\/api.w.org\/{rel}","templated":true}]}}