{"id":7627,"date":"2025-05-10T19:07:05","date_gmt":"2025-05-10T19:07:05","guid":{"rendered":"https:\/\/vitablanca.ma\/?post_type=product&#038;p=7627"},"modified":"2026-02-01T12:39:11","modified_gmt":"2026-02-01T12:39:11","slug":"bragg-organic-apple-cider-vinegar-vinaigre-de-cidre-de-pomme-with-the-mother-raw-unfiltered-473-ml","status":"publish","type":"product","link":"https:\/\/vitablanca.ma\/ar\/product-2\/bragg-organic-apple-cider-vinegar-vinaigre-de-cidre-de-pomme-with-the-mother-raw-unfiltered-473-ml\/","title":{"rendered":"\u062e\u0644 \u0627\u0644\u062a\u0641\u0627\u062d \u0627\u0644\u0639\u0636\u0648\u064a \u0645\u0646 \u0628\u0631\u0627\u062c \u0645\u0639 \u0627\u0644\u0623\u0645 \u0627\u0644\u062e\u0627\u0645 - \u063a\u064a\u0631 \u0645\u0641\u0644\u062a\u0631 473 \u0645\u0644"},"content":{"rendered":"<p><\/p>\n<p>\u0627\u0644\u00a0<strong>\u062e\u0644 \u0627\u0644\u062a\u0641\u0627\u062d \u0627\u0644\u0639\u0636\u0648\u064a Bragg\u00ae (ACV)<\/strong>\u00a0\u0645\u0635\u0646\u0648\u0639 \u0645\u0646 \u0627\u0644\u062a\u0641\u0627\u062d \u0627\u0644\u0645\u0632\u0631\u0648\u0639 \u0639\u0636\u0648\u064a\u064b\u0627 \u0648\u064a\u062d\u062a\u0648\u064a \u0639\u0644\u0649 &quot;\u0623\u0645&quot; \u0627\u0644\u062e\u0644\u060c \u0645\u0648\u0637\u0646 \u0627\u0644\u0625\u0646\u0632\u064a\u0645\u0627\u062a \u0648\u0627\u0644\u0623\u062d\u0645\u0627\u0636 \u0627\u0644\u0628\u064a\u0648\u0644\u0648\u062c\u064a\u0629.<\/p>\n<p><\/p>\n<p><\/p>\n<h3 class=\"wp-block-heading\"><strong>\u0627\u0644\u0627\u0633\u062a\u062e\u062f\u0627\u0645 \u0627\u0644\u0645\u0642\u062a\u0631\u062d<\/strong><\/h3>\n<p><\/p>\n<p><\/p>\n<p>\u064a\u0624\u062e\u0630 \u0645\u0631\u062a\u064a\u0646 \u0625\u0644\u0649 \u062b\u0644\u0627\u062b \u0645\u0631\u0627\u062a \u064a\u0648\u0645\u064a\u064b\u0627.<\/p>\n<p><\/p>\n<p><\/p>\n<p>M\u00e9langez 1 \u00e0 2 tasses de sel dans 225 ml d\u2019eau filtr\u00e9e ou p\u00e9tillante.<\/p>\n<p><\/p>\n<p><\/p>\n<p>Suggestions sur la mani\u00e8re d\u2019utiliser le vinaigre de cidre de pomme<\/p>\n<p><\/p>\n<p><\/p>\n<ul class=\"wp-block-list\"><\/p>\n<li>\u0623\u0636\u0641\u0647 \u0625\u0644\u0649 \u0627\u0644\u0639\u0635\u064a\u0631 \u0623\u0648 \u0627\u0644\u0645\u0634\u0631\u0648\u0628 \u0627\u0644\u0645\u0641\u0636\u0644 \u0644\u062f\u064a\u0643<\/li>\n<p><\/p>\n<p><\/p>\n<li>\u064a\u064f\u062e\u0644\u0637 \u0641\u064a \u0627\u0644\u0635\u0644\u0635\u0627\u062a \u0648\u0627\u0644\u062a\u0648\u0627\u0628\u0644 \u0627\u0644\u0645\u0646\u0632\u0644\u064a\u0629<\/li>\n<p><\/ul>\n<p><\/p>\n<p><\/p>\n<p>\u0644\u0627 \u064a\u062d\u062a\u0627\u062c \u0625\u0644\u0649 \u062a\u0628\u0631\u064a\u062f. \u0631\u062c\u0651 \u0627\u0644\u0645\u0646\u062a\u062c \u0628\u0631\u0641\u0642 \u0642\u0628\u0644 \u0627\u0644\u0627\u0633\u062a\u062e\u062f\u0627\u0645.<\/p>\n<p><\/p>\n<p><\/p>\n<h3 class=\"wp-block-heading\"><strong>\u0627\u0644\u0645\u0643\u0648\u0646\u0627\u062a \u0627\u0644\u0623\u062e\u0631\u0649<\/strong><\/h3>\n<p><\/p>\n<p><\/p>\n<p>\u062e\u0644 \u0627\u0644\u062a\u0641\u0627\u062d \u0627\u0644\u0639\u0636\u0648\u064a \u0648\u0627\u0644\u0645\u0627\u0621.<\/p>\n<p><\/p>","protected":false},"excerpt":{"rendered":"<p><strong>\u062a\u0635\u0646\u064a\u0641 \u0627\u0644\u0645\u0646\u062a\u062c:<\/strong><strong>#1 \u0641\u064a \u0627\u0644\u062e\u0644<\/strong><\/p>\n<ul>\n<li><strong>#1 \u0641\u064a \u062e\u0644 \u0627\u0644\u062a\u0641\u0627\u062d\u060c \u0627\u0644\u0628\u0642\u0627\u0644\u0629<\/strong><\/li>\n<li><strong>#2 \u0641\u064a \u0627\u0644\u062a\u0648\u0627\u0628\u0644 \u0648\u0627\u0644\u0632\u064a\u0648\u062a \u0648\u0627\u0644\u062e\u0644<\/strong><\/li>\n<li><strong>#2 \u0641\u064a \u0627\u0644\u0628\u0642\u0627\u0644\u0629<\/strong><\/li>\n<\/ul>","protected":false},"featured_media":7628,"template":"","meta":{"om_disable_all_campaigns":false},"product_brand":[674],"product_cat":[18,3366,63,20,19],"product_tag":[679,681,678,686,685,687,684,683,682,688,676,680,677,689],"class_list":{"0":"post-7627","1":"product","2":"type-product","3":"status-publish","4":"has-post-thumbnail","6":"product_brand-bragg-organic","7":"product_cat-beaute-sante","8":"product_cat-complements-alimentaires-au-maroc-vitablanca","9":"product_cat-perte-de-poids","10":"product_cat-supplements","11":"product_cat-vitamines-supplements-dietetiques","12":"product_tag-473-ml","13":"product_tag-avec-the-mother","14":"product_tag-bragg-organic-apple-cider-vinegar","15":"product_tag-detox","16":"product_tag-digestion-naturelle","17":"product_tag-disponible-au-maroc","18":"product_tag-equilibre-du-ph","19":"product_tag-made-in-usa","20":"product_tag-non-filtre","21":"product_tag-non-pasteurise","22":"product_tag-perte-de-poids","23":"product_tag-produit-naturel","24":"product_tag-vinaigre-de-cidre-de-pomme-biologique","25":"product_tag-vitablanca-ma","27":"first","28":"instock","29":"sale","30":"taxable","31":"shipping-taxable","32":"purchasable","33":"product-type-simple"},"yoast_head":"<!-- This site is optimized with the Yoast SEO plugin v27.5 - https:\/\/yoast.com\/product\/yoast-seo-wordpress\/ -->\n<title>Bragg Apple Cider Vinegar (cidre de pomme) 473 ml - Maroc Prix<\/title>\n<meta name=\"description\" content=\"Achetez Bragg Apple Cider Vinegar Vinaigre de Cidre de Pomme Bio 473 ml Maroc. Cru, non filtr\u00e9 avec la M\u00e8re, il soutient la digestion, le poids et glyc\u00e9mie\" \/>\n<meta name=\"robots\" content=\"index, follow, max-snippet:-1, max-image-preview:large, max-video-preview:-1\" \/>\n<link rel=\"canonical\" href=\"https:\/\/vitablanca.ma\/ar\/product-2\/bragg-organic-apple-cider-vinegar-vinaigre-de-cidre-de-pomme-with-the-mother-raw-unfiltered-473-ml\/\" \/>\n<meta property=\"og:locale\" content=\"ar_AR\" \/>\n<meta property=\"og:type\" content=\"article\" \/>\n<meta property=\"og:title\" content=\"Bragg Apple Cider Vinegar (cidre de pomme) 473 ml - Maroc Prix\" \/>\n<meta property=\"og:description\" content=\"Achetez Bragg Apple Cider Vinegar Vinaigre de Cidre de Pomme Bio 473 ml Maroc. Cru, non filtr\u00e9 avec la M\u00e8re, il soutient la digestion, le poids et glyc\u00e9mie\" \/>\n<meta property=\"og:url\" content=\"https:\/\/vitablanca.ma\/ar\/product-2\/bragg-organic-apple-cider-vinegar-vinaigre-de-cidre-de-pomme-with-the-mother-raw-unfiltered-473-ml\/\" \/>\n<meta property=\"og:site_name\" content=\"Vitablanca.ma &ndash; Sant&eacute;, vitalit&eacute; et bien-&ecirc;tre pour tous les Marocains\" \/>\n<meta property=\"article:publisher\" content=\"https:\/\/www.facebook.com\/profile.php?id=61576678196717\" \/>\n<meta property=\"article:modified_time\" content=\"2026-02-01T12:39:11+00:00\" \/>\n<meta property=\"og:image\" content=\"https:\/\/vitablanca.ma\/wp-content\/uploads\/2025\/05\/bragg-organic-apple-cider-vinegar-vinaigre-de-cidre-de-pomme-with-the-mother-raw-unfiltered-473-ml.jpg\" \/>\n\t<meta property=\"og:image:width\" content=\"680\" \/>\n\t<meta property=\"og:image:height\" content=\"680\" \/>\n\t<meta property=\"og:image:type\" content=\"image\/jpeg\" \/>\n<meta name=\"twitter:card\" content=\"summary_large_image\" \/>\n<meta name=\"twitter:label1\" content=\"\u0648\u0642\u062a \u0627\u0644\u0642\u0631\u0627\u0621\u0629 \u0627\u0644\u0645\u064f\u0642\u062f\u0651\u0631\" \/>\n\t<meta name=\"twitter:data1\" content=\"\u062f\u0642\u064a\u0642\u0629 \u0648\u0627\u062d\u062f\u0629\" \/>\n<script type=\"application\/ld+json\" class=\"yoast-schema-graph\">{\"@context\":\"https:\\\/\\\/schema.org\",\"@graph\":[{\"@type\":[\"WebPage\",\"ItemPage\"],\"@id\":\"https:\\\/\\\/vitablanca.ma\\\/produit\\\/bragg-organic-apple-cider-vinegar-vinaigre-de-cidre-de-pomme-with-the-mother-raw-unfiltered-473-ml\\\/\",\"url\":\"https:\\\/\\\/vitablanca.ma\\\/produit\\\/bragg-organic-apple-cider-vinegar-vinaigre-de-cidre-de-pomme-with-the-mother-raw-unfiltered-473-ml\\\/\",\"name\":\"Bragg Apple Cider Vinegar (cidre de pomme) 473 ml - Maroc Prix\",\"isPartOf\":{\"@id\":\"https:\\\/\\\/vitablanca.ma\\\/#website\"},\"primaryImageOfPage\":{\"@id\":\"https:\\\/\\\/vitablanca.ma\\\/produit\\\/bragg-organic-apple-cider-vinegar-vinaigre-de-cidre-de-pomme-with-the-mother-raw-unfiltered-473-ml\\\/#primaryimage\"},\"image\":{\"@id\":\"https:\\\/\\\/vitablanca.ma\\\/produit\\\/bragg-organic-apple-cider-vinegar-vinaigre-de-cidre-de-pomme-with-the-mother-raw-unfiltered-473-ml\\\/#primaryimage\"},\"thumbnailUrl\":\"https:\\\/\\\/vitablanca.ma\\\/wp-content\\\/uploads\\\/2025\\\/05\\\/bragg-organic-apple-cider-vinegar-vinaigre-de-cidre-de-pomme-with-the-mother-raw-unfiltered-473-ml.jpg\",\"datePublished\":\"2025-05-10T19:07:05+00:00\",\"dateModified\":\"2026-02-01T12:39:11+00:00\",\"description\":\"Achetez Bragg Apple Cider Vinegar Vinaigre de Cidre de Pomme Bio 473 ml Maroc. Cru, non filtr\u00e9 avec la M\u00e8re, il soutient la digestion, le poids et glyc\u00e9mie\",\"breadcrumb\":{\"@id\":\"https:\\\/\\\/vitablanca.ma\\\/produit\\\/bragg-organic-apple-cider-vinegar-vinaigre-de-cidre-de-pomme-with-the-mother-raw-unfiltered-473-ml\\\/#breadcrumb\"},\"inLanguage\":\"ar\",\"potentialAction\":[{\"@type\":\"ReadAction\",\"target\":[\"https:\\\/\\\/vitablanca.ma\\\/produit\\\/bragg-organic-apple-cider-vinegar-vinaigre-de-cidre-de-pomme-with-the-mother-raw-unfiltered-473-ml\\\/\"]}]},{\"@type\":\"ImageObject\",\"inLanguage\":\"ar\",\"@id\":\"https:\\\/\\\/vitablanca.ma\\\/produit\\\/bragg-organic-apple-cider-vinegar-vinaigre-de-cidre-de-pomme-with-the-mother-raw-unfiltered-473-ml\\\/#primaryimage\",\"url\":\"https:\\\/\\\/vitablanca.ma\\\/wp-content\\\/uploads\\\/2025\\\/05\\\/bragg-organic-apple-cider-vinegar-vinaigre-de-cidre-de-pomme-with-the-mother-raw-unfiltered-473-ml.jpg\",\"contentUrl\":\"https:\\\/\\\/vitablanca.ma\\\/wp-content\\\/uploads\\\/2025\\\/05\\\/bragg-organic-apple-cider-vinegar-vinaigre-de-cidre-de-pomme-with-the-mother-raw-unfiltered-473-ml.jpg\",\"width\":680,\"height\":680},{\"@type\":\"BreadcrumbList\",\"@id\":\"https:\\\/\\\/vitablanca.ma\\\/produit\\\/bragg-organic-apple-cider-vinegar-vinaigre-de-cidre-de-pomme-with-the-mother-raw-unfiltered-473-ml\\\/#breadcrumb\",\"itemListElement\":[{\"@type\":\"ListItem\",\"position\":1,\"name\":\"Home\",\"item\":\"https:\\\/\\\/vitablanca.ma\\\/\"},{\"@type\":\"ListItem\",\"position\":2,\"name\":\"Tous Les Produits\",\"item\":\"https:\\\/\\\/vitablanca.ma\\\/tous-les-produits\\\/\"},{\"@type\":\"ListItem\",\"position\":3,\"name\":\"Bragg Organic Apple Cider Vinegar (Vinaigre de cidre de pomme) with The Mother Raw-Unfiltered 473 ml\"}]},{\"@type\":\"WebSite\",\"@id\":\"https:\\\/\\\/vitablanca.ma\\\/#website\",\"url\":\"https:\\\/\\\/vitablanca.ma\\\/\",\"name\":\"VitaBlanca.ma | Compl\u00e9ments alimentaires, sant\u00e9 & beaut\u00e9 au Maroc\",\"description\":\"vendre vitamines et compl\u00e9ments premium des USA &amp; Canada, Nouvelle Z\u00e9lande,Maroc (NOW Foods, Solgar, Manuka). Livraison rapide partout au Maroc.\",\"publisher\":{\"@id\":\"https:\\\/\\\/vitablanca.ma\\\/#organization\"},\"alternateName\":\"VitaBlanca.ma\",\"potentialAction\":[{\"@type\":\"SearchAction\",\"target\":{\"@type\":\"EntryPoint\",\"urlTemplate\":\"https:\\\/\\\/vitablanca.ma\\\/?s={search_term_string}\"},\"query-input\":{\"@type\":\"PropertyValueSpecification\",\"valueRequired\":true,\"valueName\":\"search_term_string\"}}],\"inLanguage\":\"ar\"},{\"@type\":\"Organization\",\"@id\":\"https:\\\/\\\/vitablanca.ma\\\/#organization\",\"name\":\"VitaBlanca\",\"url\":\"https:\\\/\\\/vitablanca.ma\\\/\",\"logo\":{\"@type\":\"ImageObject\",\"inLanguage\":\"ar\",\"@id\":\"https:\\\/\\\/vitablanca.ma\\\/#\\\/schema\\\/logo\\\/image\\\/\",\"url\":\"https:\\\/\\\/vitablanca.ma\\\/wp-content\\\/uploads\\\/2025\\\/05\\\/cropped-vitablanca.png\",\"contentUrl\":\"https:\\\/\\\/vitablanca.ma\\\/wp-content\\\/uploads\\\/2025\\\/05\\\/cropped-vitablanca.png\",\"width\":360,\"height\":67,\"caption\":\"VitaBlanca\"},\"image\":{\"@id\":\"https:\\\/\\\/vitablanca.ma\\\/#\\\/schema\\\/logo\\\/image\\\/\"},\"sameAs\":[\"https:\\\/\\\/www.facebook.com\\\/profile.php?id=61576678196717\",\"https:\\\/\\\/www.tiktok.com\\\/@vitablanca.ma\",\"https:\\\/\\\/www.instagram.com\\\/vitablanca.ma\\\/\"]}]}<\/script>\n<!-- \/ Yoast SEO plugin. -->","yoast_head_json":{"title":"\u062e\u0644 \u0627\u0644\u062a\u0641\u0627\u062d \u0628\u0631\u0627\u063a 473 \u0645\u0644 - \u0633\u0639\u0631 \u0627\u0644\u0645\u063a\u0631\u0628","description":"\u0627\u0634\u062a\u0631\u0650 \u062e\u0644 \u0627\u0644\u062a\u0641\u0627\u062d \u0627\u0644\u0639\u0636\u0648\u064a \u0645\u0646 \u0628\u0631\u0627\u062c\u060c \u0633\u0639\u0629 473 \u0645\u0644\u060c \u0645\u0646 \u0627\u0644\u0645\u063a\u0631\u0628. \u062e\u0627\u0645\u060c \u063a\u064a\u0631 \u0645\u0641\u0644\u062a\u0631\u060c \u064a\u064f\u0639\u0632\u0632 \u0627\u0644\u0647\u0636\u0645\u060c \u0648\u064a\u062d\u0627\u0641\u0638 \u0639\u0644\u0649 \u0627\u0644\u0648\u0632\u0646\u060c \u0648\u064a\u0646\u0638\u0645 \u0633\u0643\u0631 \u0627\u0644\u062f\u0645.","robots":{"index":"index","follow":"follow","max-snippet":"max-snippet:-1","max-image-preview":"max-image-preview:large","max-video-preview":"max-video-preview:-1"},"canonical":"https:\/\/vitablanca.ma\/ar\/product-2\/bragg-organic-apple-cider-vinegar-vinaigre-de-cidre-de-pomme-with-the-mother-raw-unfiltered-473-ml\/","og_locale":"ar_AR","og_type":"article","og_title":"Bragg Apple Cider Vinegar (cidre de pomme) 473 ml - Maroc Prix","og_description":"Achetez Bragg Apple Cider Vinegar Vinaigre de Cidre de Pomme Bio 473 ml Maroc. Cru, non filtr\u00e9 avec la M\u00e8re, il soutient la digestion, le poids et glyc\u00e9mie","og_url":"https:\/\/vitablanca.ma\/ar\/product-2\/bragg-organic-apple-cider-vinegar-vinaigre-de-cidre-de-pomme-with-the-mother-raw-unfiltered-473-ml\/","og_site_name":"Vitablanca.ma &ndash; Sant&eacute;, vitalit&eacute; et bien-&ecirc;tre pour tous les Marocains","article_publisher":"https:\/\/www.facebook.com\/profile.php?id=61576678196717","article_modified_time":"2026-02-01T12:39:11+00:00","og_image":[{"width":680,"height":680,"url":"https:\/\/vitablanca.ma\/wp-content\/uploads\/2025\/05\/bragg-organic-apple-cider-vinegar-vinaigre-de-cidre-de-pomme-with-the-mother-raw-unfiltered-473-ml.jpg","type":"image\/jpeg"}],"twitter_card":"summary_large_image","twitter_misc":{"\u0648\u0642\u062a \u0627\u0644\u0642\u0631\u0627\u0621\u0629 \u0627\u0644\u0645\u064f\u0642\u062f\u0651\u0631":"\u062f\u0642\u064a\u0642\u0629 \u0648\u0627\u062d\u062f\u0629"},"schema":{"@context":"https:\/\/schema.org","@graph":[{"@type":["WebPage","ItemPage"],"@id":"https:\/\/vitablanca.ma\/produit\/bragg-organic-apple-cider-vinegar-vinaigre-de-cidre-de-pomme-with-the-mother-raw-unfiltered-473-ml\/","url":"https:\/\/vitablanca.ma\/produit\/bragg-organic-apple-cider-vinegar-vinaigre-de-cidre-de-pomme-with-the-mother-raw-unfiltered-473-ml\/","name":"\u062e\u0644 \u0627\u0644\u062a\u0641\u0627\u062d \u0628\u0631\u0627\u063a 473 \u0645\u0644 - \u0633\u0639\u0631 \u0627\u0644\u0645\u063a\u0631\u0628","isPartOf":{"@id":"https:\/\/vitablanca.ma\/#website"},"primaryImageOfPage":{"@id":"https:\/\/vitablanca.ma\/produit\/bragg-organic-apple-cider-vinegar-vinaigre-de-cidre-de-pomme-with-the-mother-raw-unfiltered-473-ml\/#primaryimage"},"image":{"@id":"https:\/\/vitablanca.ma\/produit\/bragg-organic-apple-cider-vinegar-vinaigre-de-cidre-de-pomme-with-the-mother-raw-unfiltered-473-ml\/#primaryimage"},"thumbnailUrl":"https:\/\/vitablanca.ma\/wp-content\/uploads\/2025\/05\/bragg-organic-apple-cider-vinegar-vinaigre-de-cidre-de-pomme-with-the-mother-raw-unfiltered-473-ml.jpg","datePublished":"2025-05-10T19:07:05+00:00","dateModified":"2026-02-01T12:39:11+00:00","description":"\u0627\u0634\u062a\u0631\u0650 \u062e\u0644 \u0627\u0644\u062a\u0641\u0627\u062d \u0627\u0644\u0639\u0636\u0648\u064a \u0645\u0646 \u0628\u0631\u0627\u062c\u060c \u0633\u0639\u0629 473 \u0645\u0644\u060c \u0645\u0646 \u0627\u0644\u0645\u063a\u0631\u0628. \u062e\u0627\u0645\u060c \u063a\u064a\u0631 \u0645\u0641\u0644\u062a\u0631\u060c \u064a\u064f\u0639\u0632\u0632 \u0627\u0644\u0647\u0636\u0645\u060c \u0648\u064a\u062d\u0627\u0641\u0638 \u0639\u0644\u0649 \u0627\u0644\u0648\u0632\u0646\u060c \u0648\u064a\u0646\u0638\u0645 \u0633\u0643\u0631 \u0627\u0644\u062f\u0645.","breadcrumb":{"@id":"https:\/\/vitablanca.ma\/produit\/bragg-organic-apple-cider-vinegar-vinaigre-de-cidre-de-pomme-with-the-mother-raw-unfiltered-473-ml\/#breadcrumb"},"inLanguage":"ar","potentialAction":[{"@type":"ReadAction","target":["https:\/\/vitablanca.ma\/produit\/bragg-organic-apple-cider-vinegar-vinaigre-de-cidre-de-pomme-with-the-mother-raw-unfiltered-473-ml\/"]}]},{"@type":"ImageObject","inLanguage":"ar","@id":"https:\/\/vitablanca.ma\/produit\/bragg-organic-apple-cider-vinegar-vinaigre-de-cidre-de-pomme-with-the-mother-raw-unfiltered-473-ml\/#primaryimage","url":"https:\/\/vitablanca.ma\/wp-content\/uploads\/2025\/05\/bragg-organic-apple-cider-vinegar-vinaigre-de-cidre-de-pomme-with-the-mother-raw-unfiltered-473-ml.jpg","contentUrl":"https:\/\/vitablanca.ma\/wp-content\/uploads\/2025\/05\/bragg-organic-apple-cider-vinegar-vinaigre-de-cidre-de-pomme-with-the-mother-raw-unfiltered-473-ml.jpg","width":680,"height":680},{"@type":"BreadcrumbList","@id":"https:\/\/vitablanca.ma\/produit\/bragg-organic-apple-cider-vinegar-vinaigre-de-cidre-de-pomme-with-the-mother-raw-unfiltered-473-ml\/#breadcrumb","itemListElement":[{"@type":"ListItem","position":1,"name":"Home","item":"https:\/\/vitablanca.ma\/"},{"@type":"ListItem","position":2,"name":"Tous Les Produits","item":"https:\/\/vitablanca.ma\/tous-les-produits\/"},{"@type":"ListItem","position":3,"name":"Bragg Organic Apple Cider Vinegar (Vinaigre de cidre de pomme) with The Mother Raw-Unfiltered 473 ml"}]},{"@type":"WebSite","@id":"https:\/\/vitablanca.ma\/#website","url":"https:\/\/vitablanca.ma\/","name":"VitaBlanca.ma | \u0627\u0644\u0645\u0643\u0645\u0644\u0627\u062a \u0627\u0644\u063a\u0630\u0627\u0626\u064a\u0629\u060c \u0627\u0644\u0635\u062d\u0629 \u0648\u0627\u0644\u062c\u0645\u0627\u0644 \u0641\u064a \u0627\u0644\u0645\u063a\u0631\u0628","description":"\u0646\u0628\u064a\u0639 \u0641\u064a\u062a\u0627\u0645\u064a\u0646\u0627\u062a \u0648\u0645\u0643\u0645\u0644\u0627\u062a \u063a\u0630\u0627\u0626\u064a\u0629 \u0641\u0627\u062e\u0631\u0629 \u0645\u0646 \u0627\u0644\u0648\u0644\u0627\u064a\u0627\u062a \u0627\u0644\u0645\u062a\u062d\u062f\u0629 \u0627\u0644\u0623\u0645\u0631\u064a\u0643\u064a\u0629 \u0648\u0643\u0646\u062f\u0627 \u0648\u0646\u064a\u0648\u0632\u064a\u0644\u0646\u062f\u0627 \u0648\u0627\u0644\u0645\u063a\u0631\u0628 (\u0646\u0627\u0648 \u0641\u0648\u062f\u0632\u060c \u0633\u0648\u0644\u062c\u0627\u0631\u060c \u0645\u0627\u0646\u0648\u0643\u0627). \u062a\u0648\u0635\u064a\u0644 \u0633\u0631\u064a\u0639 \u0625\u0644\u0649 \u062c\u0645\u064a\u0639 \u0623\u0646\u062d\u0627\u0621 \u0627\u0644\u0645\u063a\u0631\u0628.","publisher":{"@id":"https:\/\/vitablanca.ma\/#organization"},"alternateName":"VitaBlanca.ma","potentialAction":[{"@type":"SearchAction","target":{"@type":"EntryPoint","urlTemplate":"https:\/\/vitablanca.ma\/?s={search_term_string}"},"query-input":{"@type":"PropertyValueSpecification","valueRequired":true,"valueName":"search_term_string"}}],"inLanguage":"ar"},{"@type":"Organization","@id":"https:\/\/vitablanca.ma\/#organization","name":"\u0641\u064a\u062a\u0627\u0628\u0644\u0627\u0646\u0643\u0627","url":"https:\/\/vitablanca.ma\/","logo":{"@type":"ImageObject","inLanguage":"ar","@id":"https:\/\/vitablanca.ma\/#\/schema\/logo\/image\/","url":"https:\/\/vitablanca.ma\/wp-content\/uploads\/2025\/05\/cropped-vitablanca.png","contentUrl":"https:\/\/vitablanca.ma\/wp-content\/uploads\/2025\/05\/cropped-vitablanca.png","width":360,"height":67,"caption":"VitaBlanca"},"image":{"@id":"https:\/\/vitablanca.ma\/#\/schema\/logo\/image\/"},"sameAs":["https:\/\/www.facebook.com\/profile.php?id=61576678196717","https:\/\/www.tiktok.com\/@vitablanca.ma","https:\/\/www.instagram.com\/vitablanca.ma\/"]}]}},"jetpack_sharing_enabled":true,"_links":{"self":[{"href":"https:\/\/vitablanca.ma\/ar\/wp-json\/wp\/v2\/product\/7627","targetHints":{"allow":["GET"]}}],"collection":[{"href":"https:\/\/vitablanca.ma\/ar\/wp-json\/wp\/v2\/product"}],"about":[{"href":"https:\/\/vitablanca.ma\/ar\/wp-json\/wp\/v2\/types\/product"}],"wp:featuredmedia":[{"embeddable":true,"href":"https:\/\/vitablanca.ma\/ar\/wp-json\/wp\/v2\/media\/7628"}],"wp:attachment":[{"href":"https:\/\/vitablanca.ma\/ar\/wp-json\/wp\/v2\/media?parent=7627"}],"wp:term":[{"taxonomy":"product_brand","embeddable":true,"href":"https:\/\/vitablanca.ma\/ar\/wp-json\/wp\/v2\/product_brand?post=7627"},{"taxonomy":"product_cat","embeddable":true,"href":"https:\/\/vitablanca.ma\/ar\/wp-json\/wp\/v2\/product_cat?post=7627"},{"taxonomy":"product_tag","embeddable":true,"href":"https:\/\/vitablanca.ma\/ar\/wp-json\/wp\/v2\/product_tag?post=7627"}],"curies":[{"name":"wp","href":"https:\/\/api.w.org\/{rel}","templated":true}]}}