{"id":675,"date":"2025-04-28T15:01:28","date_gmt":"2025-04-28T15:01:28","guid":{"rendered":"https:\/\/vitablanca.ma\/?post_type=product&#038;p=675"},"modified":"2025-08-30T21:22:33","modified_gmt":"2025-08-30T21:22:33","slug":"now-foods-poudre-de-peptides-de-collagene-227-g","status":"publish","type":"product","link":"https:\/\/vitablanca.ma\/ar\/product-2\/now-foods-poudre-de-peptides-de-collagene-227-g\/","title":{"rendered":"\u0645\u0633\u062d\u0648\u0642 \u0628\u0628\u062a\u064a\u062f \u0627\u0644\u0643\u0648\u0644\u0627\u062c\u064a\u0646 \u0645\u0646 \u0646\u0627\u0648 \u0641\u0648\u062f\u0632\u060c 227 \u062c\u0645"},"content":{"rendered":"<p>Les peptides de collag\u00e8ne des types 1 et 3 de collag\u00e8ne bovin sont bien connus pour leur r\u00f4le dans la sant\u00e9 des os, des articulations et de la peau. En tant que prot\u00e9ine la plus abondante chez les mammif\u00e8res, le collag\u00e8ne repr\u00e9sente environ 30% des prot\u00e9ines du corps. Des \u00e9tudes indiquent que le collag\u00e8ne hydrolys\u00e9 peut aider \u00e0 soutenir des os solides et des articulations saines ainsi que la douceur et l&rsquo;hydratation de la peau.<\/p>","protected":false},"excerpt":{"rendered":"<ul>\n<li>Sant\u00e9 articulaire et osseuse<\/li>\n<li>\u064a\u0639\u0632\u0632 \u0635\u062d\u0629 \u0627\u0644\u0628\u0634\u0631\u0629<\/li>\n<li>\u062a\u0645 \u0627\u062e\u062a\u0628\u0627\u0631\u0647 \u0633\u0631\u064a\u0631\u064a\u064b\u0627<\/li>\n<li>Sans OGM;Un compl\u00e9ment alimentaire<\/li>\n<li>\u0627\u0644\u0635\u062d\u0629 \u0627\u0644\u0639\u0627\u0645\u0629<\/li>\n<\/ul>","protected":false},"featured_media":676,"template":"","meta":{"om_disable_all_campaigns":false},"product_brand":[83],"product_cat":[18,629,3366,630,130,19],"product_tag":[93,94,91,388,726,559,631,220,607,632],"class_list":{"0":"post-675","1":"product","2":"type-product","3":"status-publish","4":"has-post-thumbnail","6":"product_brand-now-foods-maroc-prix","7":"product_cat-beaute-sante","8":"product_cat-cheveux","9":"product_cat-complements-alimentaires-au-maroc-vitablanca","10":"product_cat-peau-et-ongles-complexes","11":"product_cat-vitamines","12":"product_cat-vitamines-supplements-dietetiques","13":"product_tag-now-foods-jumia","14":"product_tag-now-foods-marjanemall","15":"product_tag-now-foods-maroc","16":"product_tag-now-foods-maroc-avis","17":"product_tag-now-foods-maroc-prix","18":"product_tag-now-foods-prix-au-maroc","19":"product_tag-poudre-de-peptides-de-collagene","20":"product_tag-sans-ogm","21":"product_tag-sante-generale","22":"product_tag-teste-cliniquement","24":"first","25":"instock","26":"sale","27":"taxable","28":"shipping-taxable","29":"purchasable","30":"product-type-simple"},"yoast_head":"<!-- This site is optimized with the Yoast SEO plugin v27.3 - https:\/\/yoast.com\/product\/yoast-seo-wordpress\/ -->\n<title>Now Foods Poudre de peptides de collag\u00e8ne, 227 g - Maroc Prix<\/title>\n<meta name=\"description\" content=\"Achetez Now Foods Poudre de Peptides de Collag\u00e8ne (227g) au Maroc. Cette poudre de collag\u00e8ne hydrolys\u00e9 favorise la sant\u00e9 de la peau, des articulations,.\" \/>\n<meta name=\"robots\" content=\"index, follow, max-snippet:-1, max-image-preview:large, max-video-preview:-1\" \/>\n<link rel=\"canonical\" href=\"https:\/\/vitablanca.ma\/ar\/product-2\/now-foods-poudre-de-peptides-de-collagene-227-g\/\" \/>\n<meta property=\"og:locale\" content=\"ar_AR\" \/>\n<meta property=\"og:type\" content=\"article\" \/>\n<meta property=\"og:title\" content=\"Now Foods Poudre de peptides de collag\u00e8ne, 227 g - Maroc Prix\" \/>\n<meta property=\"og:description\" content=\"Achetez Now Foods Poudre de Peptides de Collag\u00e8ne (227g) au Maroc. Cette poudre de collag\u00e8ne hydrolys\u00e9 favorise la sant\u00e9 de la peau, des articulations,.\" \/>\n<meta property=\"og:url\" content=\"https:\/\/vitablanca.ma\/ar\/product-2\/now-foods-poudre-de-peptides-de-collagene-227-g\/\" \/>\n<meta property=\"og:site_name\" content=\"Vitablanca.ma &ndash; Sant&eacute;, vitalit&eacute; et bien-&ecirc;tre pour tous les Marocains\" \/>\n<meta property=\"article:publisher\" content=\"https:\/\/www.facebook.com\/profile.php?id=61576678196717\" \/>\n<meta property=\"article:modified_time\" content=\"2025-08-30T21:22:33+00:00\" \/>\n<meta property=\"og:image\" content=\"https:\/\/vitablanca.ma\/wp-content\/uploads\/2025\/04\/now-foods-poudre-de-peptides-de-collagene.jpg\" \/>\n\t<meta property=\"og:image:width\" content=\"680\" \/>\n\t<meta property=\"og:image:height\" content=\"680\" \/>\n\t<meta property=\"og:image:type\" content=\"image\/jpeg\" \/>\n<meta name=\"twitter:card\" content=\"summary_large_image\" \/>\n<meta name=\"twitter:label1\" content=\"\u0648\u0642\u062a \u0627\u0644\u0642\u0631\u0627\u0621\u0629 \u0627\u0644\u0645\u064f\u0642\u062f\u0651\u0631\" \/>\n\t<meta name=\"twitter:data1\" content=\"\u062f\u0642\u064a\u0642\u0629 \u0648\u0627\u062d\u062f\u0629\" \/>\n<script type=\"application\/ld+json\" class=\"yoast-schema-graph\">{\"@context\":\"https:\\\/\\\/schema.org\",\"@graph\":[{\"@type\":[\"WebPage\",\"ItemPage\"],\"@id\":\"https:\\\/\\\/vitablanca.ma\\\/produit\\\/now-foods-poudre-de-peptides-de-collagene-227-g\\\/\",\"url\":\"https:\\\/\\\/vitablanca.ma\\\/produit\\\/now-foods-poudre-de-peptides-de-collagene-227-g\\\/\",\"name\":\"Now Foods Poudre de peptides de collag\u00e8ne, 227 g - Maroc Prix\",\"isPartOf\":{\"@id\":\"https:\\\/\\\/vitablanca.ma\\\/#website\"},\"primaryImageOfPage\":{\"@id\":\"https:\\\/\\\/vitablanca.ma\\\/produit\\\/now-foods-poudre-de-peptides-de-collagene-227-g\\\/#primaryimage\"},\"image\":{\"@id\":\"https:\\\/\\\/vitablanca.ma\\\/produit\\\/now-foods-poudre-de-peptides-de-collagene-227-g\\\/#primaryimage\"},\"thumbnailUrl\":\"https:\\\/\\\/vitablanca.ma\\\/wp-content\\\/uploads\\\/2025\\\/04\\\/now-foods-poudre-de-peptides-de-collagene.jpg\",\"datePublished\":\"2025-04-28T15:01:28+00:00\",\"dateModified\":\"2025-08-30T21:22:33+00:00\",\"description\":\"Achetez Now Foods Poudre de Peptides de Collag\u00e8ne (227g) au Maroc. Cette poudre de collag\u00e8ne hydrolys\u00e9 favorise la sant\u00e9 de la peau, des articulations,.\",\"breadcrumb\":{\"@id\":\"https:\\\/\\\/vitablanca.ma\\\/produit\\\/now-foods-poudre-de-peptides-de-collagene-227-g\\\/#breadcrumb\"},\"inLanguage\":\"ar\",\"potentialAction\":[{\"@type\":\"ReadAction\",\"target\":[\"https:\\\/\\\/vitablanca.ma\\\/produit\\\/now-foods-poudre-de-peptides-de-collagene-227-g\\\/\"]}]},{\"@type\":\"ImageObject\",\"inLanguage\":\"ar\",\"@id\":\"https:\\\/\\\/vitablanca.ma\\\/produit\\\/now-foods-poudre-de-peptides-de-collagene-227-g\\\/#primaryimage\",\"url\":\"https:\\\/\\\/vitablanca.ma\\\/wp-content\\\/uploads\\\/2025\\\/04\\\/now-foods-poudre-de-peptides-de-collagene.jpg\",\"contentUrl\":\"https:\\\/\\\/vitablanca.ma\\\/wp-content\\\/uploads\\\/2025\\\/04\\\/now-foods-poudre-de-peptides-de-collagene.jpg\",\"width\":680,\"height\":680},{\"@type\":\"BreadcrumbList\",\"@id\":\"https:\\\/\\\/vitablanca.ma\\\/produit\\\/now-foods-poudre-de-peptides-de-collagene-227-g\\\/#breadcrumb\",\"itemListElement\":[{\"@type\":\"ListItem\",\"position\":1,\"name\":\"Home\",\"item\":\"https:\\\/\\\/vitablanca.ma\\\/\"},{\"@type\":\"ListItem\",\"position\":2,\"name\":\"Tous Les Produits\",\"item\":\"https:\\\/\\\/vitablanca.ma\\\/tous-les-produits\\\/\"},{\"@type\":\"ListItem\",\"position\":3,\"name\":\"Now Foods Poudre de peptides de collag\u00e8ne, 227 g\"}]},{\"@type\":\"WebSite\",\"@id\":\"https:\\\/\\\/vitablanca.ma\\\/#website\",\"url\":\"https:\\\/\\\/vitablanca.ma\\\/\",\"name\":\"VitaBlanca.ma | Compl\u00e9ments alimentaires, sant\u00e9 & beaut\u00e9 au Maroc\",\"description\":\"vendre vitamines et compl\u00e9ments premium des USA &amp; Canada, Nouvelle Z\u00e9lande,Maroc (NOW Foods, Solgar, Manuka). Livraison rapide partout au Maroc.\",\"publisher\":{\"@id\":\"https:\\\/\\\/vitablanca.ma\\\/#organization\"},\"alternateName\":\"VitaBlanca.ma\",\"potentialAction\":[{\"@type\":\"SearchAction\",\"target\":{\"@type\":\"EntryPoint\",\"urlTemplate\":\"https:\\\/\\\/vitablanca.ma\\\/?s={search_term_string}\"},\"query-input\":{\"@type\":\"PropertyValueSpecification\",\"valueRequired\":true,\"valueName\":\"search_term_string\"}}],\"inLanguage\":\"ar\"},{\"@type\":\"Organization\",\"@id\":\"https:\\\/\\\/vitablanca.ma\\\/#organization\",\"name\":\"VitaBlanca\",\"url\":\"https:\\\/\\\/vitablanca.ma\\\/\",\"logo\":{\"@type\":\"ImageObject\",\"inLanguage\":\"ar\",\"@id\":\"https:\\\/\\\/vitablanca.ma\\\/#\\\/schema\\\/logo\\\/image\\\/\",\"url\":\"https:\\\/\\\/vitablanca.ma\\\/wp-content\\\/uploads\\\/2025\\\/05\\\/cropped-vitablanca.png\",\"contentUrl\":\"https:\\\/\\\/vitablanca.ma\\\/wp-content\\\/uploads\\\/2025\\\/05\\\/cropped-vitablanca.png\",\"width\":360,\"height\":67,\"caption\":\"VitaBlanca\"},\"image\":{\"@id\":\"https:\\\/\\\/vitablanca.ma\\\/#\\\/schema\\\/logo\\\/image\\\/\"},\"sameAs\":[\"https:\\\/\\\/www.facebook.com\\\/profile.php?id=61576678196717\",\"https:\\\/\\\/www.tiktok.com\\\/@vitablanca.ma\",\"https:\\\/\\\/www.instagram.com\\\/vitablanca.ma\\\/\"]}]}<\/script>\n<!-- \/ Yoast SEO plugin. -->","yoast_head_json":{"title":"Now Foods Poudre de peptides de collag\u00e8ne, 227 g - Maroc Prix","description":"Achetez Now Foods Poudre de Peptides de Collag\u00e8ne (227g) au Maroc. Cette poudre de collag\u00e8ne hydrolys\u00e9 favorise la sant\u00e9 de la peau, des articulations,.","robots":{"index":"index","follow":"follow","max-snippet":"max-snippet:-1","max-image-preview":"max-image-preview:large","max-video-preview":"max-video-preview:-1"},"canonical":"https:\/\/vitablanca.ma\/ar\/product-2\/now-foods-poudre-de-peptides-de-collagene-227-g\/","og_locale":"ar_AR","og_type":"article","og_title":"Now Foods Poudre de peptides de collag\u00e8ne, 227 g - Maroc Prix","og_description":"Achetez Now Foods Poudre de Peptides de Collag\u00e8ne (227g) au Maroc. Cette poudre de collag\u00e8ne hydrolys\u00e9 favorise la sant\u00e9 de la peau, des articulations,.","og_url":"https:\/\/vitablanca.ma\/ar\/product-2\/now-foods-poudre-de-peptides-de-collagene-227-g\/","og_site_name":"Vitablanca.ma &ndash; Sant&eacute;, vitalit&eacute; et bien-&ecirc;tre pour tous les Marocains","article_publisher":"https:\/\/www.facebook.com\/profile.php?id=61576678196717","article_modified_time":"2025-08-30T21:22:33+00:00","og_image":[{"width":680,"height":680,"url":"https:\/\/vitablanca.ma\/wp-content\/uploads\/2025\/04\/now-foods-poudre-de-peptides-de-collagene.jpg","type":"image\/jpeg"}],"twitter_card":"summary_large_image","twitter_misc":{"\u0648\u0642\u062a \u0627\u0644\u0642\u0631\u0627\u0621\u0629 \u0627\u0644\u0645\u064f\u0642\u062f\u0651\u0631":"\u062f\u0642\u064a\u0642\u0629 \u0648\u0627\u062d\u062f\u0629"},"schema":{"@context":"https:\/\/schema.org","@graph":[{"@type":["WebPage","ItemPage"],"@id":"https:\/\/vitablanca.ma\/produit\/now-foods-poudre-de-peptides-de-collagene-227-g\/","url":"https:\/\/vitablanca.ma\/produit\/now-foods-poudre-de-peptides-de-collagene-227-g\/","name":"Now Foods Poudre de peptides de collag\u00e8ne, 227 g - Maroc Prix","isPartOf":{"@id":"https:\/\/vitablanca.ma\/#website"},"primaryImageOfPage":{"@id":"https:\/\/vitablanca.ma\/produit\/now-foods-poudre-de-peptides-de-collagene-227-g\/#primaryimage"},"image":{"@id":"https:\/\/vitablanca.ma\/produit\/now-foods-poudre-de-peptides-de-collagene-227-g\/#primaryimage"},"thumbnailUrl":"https:\/\/vitablanca.ma\/wp-content\/uploads\/2025\/04\/now-foods-poudre-de-peptides-de-collagene.jpg","datePublished":"2025-04-28T15:01:28+00:00","dateModified":"2025-08-30T21:22:33+00:00","description":"Achetez Now Foods Poudre de Peptides de Collag\u00e8ne (227g) au Maroc. Cette poudre de collag\u00e8ne hydrolys\u00e9 favorise la sant\u00e9 de la peau, des articulations,.","breadcrumb":{"@id":"https:\/\/vitablanca.ma\/produit\/now-foods-poudre-de-peptides-de-collagene-227-g\/#breadcrumb"},"inLanguage":"ar","potentialAction":[{"@type":"ReadAction","target":["https:\/\/vitablanca.ma\/produit\/now-foods-poudre-de-peptides-de-collagene-227-g\/"]}]},{"@type":"ImageObject","inLanguage":"ar","@id":"https:\/\/vitablanca.ma\/produit\/now-foods-poudre-de-peptides-de-collagene-227-g\/#primaryimage","url":"https:\/\/vitablanca.ma\/wp-content\/uploads\/2025\/04\/now-foods-poudre-de-peptides-de-collagene.jpg","contentUrl":"https:\/\/vitablanca.ma\/wp-content\/uploads\/2025\/04\/now-foods-poudre-de-peptides-de-collagene.jpg","width":680,"height":680},{"@type":"BreadcrumbList","@id":"https:\/\/vitablanca.ma\/produit\/now-foods-poudre-de-peptides-de-collagene-227-g\/#breadcrumb","itemListElement":[{"@type":"ListItem","position":1,"name":"Home","item":"https:\/\/vitablanca.ma\/"},{"@type":"ListItem","position":2,"name":"Tous Les Produits","item":"https:\/\/vitablanca.ma\/tous-les-produits\/"},{"@type":"ListItem","position":3,"name":"Now Foods Poudre de peptides de collag\u00e8ne, 227 g"}]},{"@type":"WebSite","@id":"https:\/\/vitablanca.ma\/#website","url":"https:\/\/vitablanca.ma\/","name":"VitaBlanca.ma | \u0627\u0644\u0645\u0643\u0645\u0644\u0627\u062a \u0627\u0644\u063a\u0630\u0627\u0626\u064a\u0629\u060c \u0627\u0644\u0635\u062d\u0629 \u0648\u0627\u0644\u062c\u0645\u0627\u0644 \u0641\u064a \u0627\u0644\u0645\u063a\u0631\u0628","description":"\u0646\u0628\u064a\u0639 \u0641\u064a\u062a\u0627\u0645\u064a\u0646\u0627\u062a \u0648\u0645\u0643\u0645\u0644\u0627\u062a \u063a\u0630\u0627\u0626\u064a\u0629 \u0641\u0627\u062e\u0631\u0629 \u0645\u0646 \u0627\u0644\u0648\u0644\u0627\u064a\u0627\u062a \u0627\u0644\u0645\u062a\u062d\u062f\u0629 \u0627\u0644\u0623\u0645\u0631\u064a\u0643\u064a\u0629 \u0648\u0643\u0646\u062f\u0627 \u0648\u0646\u064a\u0648\u0632\u064a\u0644\u0646\u062f\u0627 \u0648\u0627\u0644\u0645\u063a\u0631\u0628 (\u0646\u0627\u0648 \u0641\u0648\u062f\u0632\u060c \u0633\u0648\u0644\u062c\u0627\u0631\u060c \u0645\u0627\u0646\u0648\u0643\u0627). \u062a\u0648\u0635\u064a\u0644 \u0633\u0631\u064a\u0639 \u0625\u0644\u0649 \u062c\u0645\u064a\u0639 \u0623\u0646\u062d\u0627\u0621 \u0627\u0644\u0645\u063a\u0631\u0628.","publisher":{"@id":"https:\/\/vitablanca.ma\/#organization"},"alternateName":"VitaBlanca.ma","potentialAction":[{"@type":"SearchAction","target":{"@type":"EntryPoint","urlTemplate":"https:\/\/vitablanca.ma\/?s={search_term_string}"},"query-input":{"@type":"PropertyValueSpecification","valueRequired":true,"valueName":"search_term_string"}}],"inLanguage":"ar"},{"@type":"Organization","@id":"https:\/\/vitablanca.ma\/#organization","name":"\u0641\u064a\u062a\u0627\u0628\u0644\u0627\u0646\u0643\u0627","url":"https:\/\/vitablanca.ma\/","logo":{"@type":"ImageObject","inLanguage":"ar","@id":"https:\/\/vitablanca.ma\/#\/schema\/logo\/image\/","url":"https:\/\/vitablanca.ma\/wp-content\/uploads\/2025\/05\/cropped-vitablanca.png","contentUrl":"https:\/\/vitablanca.ma\/wp-content\/uploads\/2025\/05\/cropped-vitablanca.png","width":360,"height":67,"caption":"VitaBlanca"},"image":{"@id":"https:\/\/vitablanca.ma\/#\/schema\/logo\/image\/"},"sameAs":["https:\/\/www.facebook.com\/profile.php?id=61576678196717","https:\/\/www.tiktok.com\/@vitablanca.ma","https:\/\/www.instagram.com\/vitablanca.ma\/"]}]}},"jetpack_sharing_enabled":true,"_links":{"self":[{"href":"https:\/\/vitablanca.ma\/ar\/wp-json\/wp\/v2\/product\/675","targetHints":{"allow":["GET"]}}],"collection":[{"href":"https:\/\/vitablanca.ma\/ar\/wp-json\/wp\/v2\/product"}],"about":[{"href":"https:\/\/vitablanca.ma\/ar\/wp-json\/wp\/v2\/types\/product"}],"wp:featuredmedia":[{"embeddable":true,"href":"https:\/\/vitablanca.ma\/ar\/wp-json\/wp\/v2\/media\/676"}],"wp:attachment":[{"href":"https:\/\/vitablanca.ma\/ar\/wp-json\/wp\/v2\/media?parent=675"}],"wp:term":[{"taxonomy":"product_brand","embeddable":true,"href":"https:\/\/vitablanca.ma\/ar\/wp-json\/wp\/v2\/product_brand?post=675"},{"taxonomy":"product_cat","embeddable":true,"href":"https:\/\/vitablanca.ma\/ar\/wp-json\/wp\/v2\/product_cat?post=675"},{"taxonomy":"product_tag","embeddable":true,"href":"https:\/\/vitablanca.ma\/ar\/wp-json\/wp\/v2\/product_tag?post=675"}],"curies":[{"name":"wp","href":"https:\/\/api.w.org\/{rel}","templated":true}]}}