{"id":672,"date":"2025-04-28T14:40:45","date_gmt":"2025-04-28T14:40:45","guid":{"rendered":"https:\/\/vitablanca.ma\/?post_type=product&#038;p=672"},"modified":"2025-12-01T20:18:32","modified_gmt":"2025-12-01T20:18:32","slug":"now-foods-liver-refresh-90-gelules-vegetales","status":"publish","type":"product","link":"https:\/\/vitablanca.ma\/ar\/product-2\/now-foods-liver-refresh-90-gelules-vegetales\/","title":{"rendered":"\u0646\u0627\u0648 \u0641\u0648\u062f\u0632\u060c \u0645\u0646\u0639\u0634 \u0627\u0644\u0643\u0628\u062f\u060c 90 \u0643\u0628\u0633\u0648\u0644\u0629 \u0646\u0628\u0627\u062a\u064a\u0629"},"content":{"rendered":"<div class=\"card aim -mtm\">\n<div class=\"markup -mhm -pvl -oxa -sc\">\n<p>\u0633\u0627\u0647\u0645 \u0641\u064a \u062a\u0639\u0632\u064a\u0632 \u0635\u062d\u0629 \u0643\u0628\u062f\u0643 \u0648\u0639\u0645\u0644\u064a\u0627\u062a \u0625\u0632\u0627\u0644\u0629 \u0627\u0644\u0633\u0645\u0648\u0645 \u0627\u0644\u062d\u064a\u0648\u064a\u0629 \u0641\u064a \u062c\u0633\u0645\u0643 \u0645\u0639 \u0645\u0646\u062a\u062c &quot;\u0646\u0627\u0648 \u0644\u064a\u0641\u0631 \u0631\u064a\u0641\u0631\u064a\u0634&quot;\u060c \u0648\u0647\u0648 \u0645\u0632\u064a\u062c \u0645\u0646 \u0627\u0644\u0639\u0646\u0627\u0635\u0631 \u0627\u0644\u063a\u0630\u0627\u0626\u064a\u0629 \u0648\u0627\u0644\u0623\u0639\u0634\u0627\u0628 \u0627\u0644\u0645\u0635\u0645\u0645\u0629 \u0644\u062a\u0639\u0632\u064a\u0632 \u062f\u0648\u0631 \u0627\u0644\u0643\u0628\u062f \u0641\u064a \u0647\u0630\u0647 \u0627\u0644\u0639\u0645\u0644\u064a\u0627\u062a. \u064a\u062c\u0645\u0639 &quot;\u0644\u064a\u0641\u0631 \u0631\u064a\u0641\u0631\u064a\u0634&quot; \u0628\u064a\u0646 \u0645\u0633\u062a\u062e\u0644\u0635 \u0634\u0648\u0643 \u0627\u0644\u062d\u0644\u064a\u0628 \u0648\u0645\u0632\u064a\u062c \u0641\u0631\u064a\u062f \u0645\u0646 \u0627\u0644\u0623\u0639\u0634\u0627\u0628 \u0648\u0627\u0644\u0625\u0646\u0632\u064a\u0645\u0627\u062a \u0644\u062e\u0644\u0642 \u062a\u0631\u0643\u064a\u0628\u0629 \u0639\u0634\u0628\u064a\u0629 \u0645\u062a\u0648\u0627\u0632\u0646\u0629 \u062a\u062f\u0639\u0645 \u0648\u0638\u0627\u0626\u0641 \u0627\u0644\u0643\u0628\u062f \u0627\u0644\u0635\u062d\u064a\u0629. \u064a\u064f\u0636\u0627\u0641 \u0625\u0646-\u0623\u0633\u064a\u062a\u064a\u0644 \u0633\u064a\u0633\u062a\u064a\u0646 \u0648\u0645\u064a\u062b\u064a\u0648\u0646\u064a\u0646 \u0648\u0639\u0646\u0627\u0635\u0631 \u063a\u0630\u0627\u0626\u064a\u0629 \u0623\u062e\u0631\u0649 \u0644\u062a\u0639\u0632\u064a\u0632 \u0625\u0646\u062a\u0627\u062c \u0627\u0644\u062c\u0644\u0648\u062a\u0627\u062b\u064a\u0648\u0646\u060c \u0648\u0647\u0648 \u0645\u064f\u0643\u0627\u0641\u062d \u0642\u0648\u064a \u0644\u0644\u062c\u0630\u0648\u0631 \u0627\u0644\u062d\u0631\u0629\u060c \u0648\u064a\u0644\u0639\u0628 \u062f\u0648\u0631\u064b\u0627 \u0623\u0633\u0627\u0633\u064a\u064b\u0627 \u0641\u064a \u0627\u0644\u062d\u0641\u0627\u0638 \u0639\u0644\u0649 \u0645\u0633\u0627\u0631\u0627\u062a \u0627\u0644\u0625\u062e\u0631\u0627\u062c \u0627\u0644\u0637\u0628\u064a\u0639\u064a\u0629 \u0641\u064a \u0627\u0644\u062c\u0633\u0645.<\/p>\n<\/div>\n<\/div>\n<section class=\"card aim -mtm -fs16\">\n<div id=\"specifications\" class=\"hook\"><\/div>\n<header class=\"-pvs -bb\"><\/header>\n<\/section>","protected":false},"excerpt":{"rendered":"<ul>\n<li>\u062f\u0639\u0645 \u0627\u0644\u0643\u0628\u062f<\/li>\n<li>\u064a\u0639\u0632\u0632 \u0635\u062d\u0629 \u0627\u0644\u0643\u0628\u062f<\/li>\n<li>\u064a\u0639\u0632\u0632 \u0639\u0645\u0644\u064a\u0627\u062a \u0625\u0632\u0627\u0644\u0629 \u0627\u0644\u0633\u0645\u0648\u0645 \u0627\u0644\u0635\u062d\u064a\u0629<\/li>\n<li>\u0645\u0643\u0645\u0644 \u063a\u0630\u0627\u0626\u064a<\/li>\n<li>\u0627\u0644\u0646\u0628\u0627\u062a\u0627\u062a \/ \u0627\u0644\u0623\u0639\u0634\u0627\u0628<\/li>\n<\/ul>","protected":false},"featured_media":673,"template":"","meta":{"om_disable_all_campaigns":false},"product_brand":[83],"product_cat":[18,3366,20,19],"product_tag":[181,628,88,129,126,91,388,726,230,627],"class_list":{"0":"post-672","1":"product","2":"type-product","3":"status-publish","4":"has-post-thumbnail","6":"product_brand-now-foods-maroc-prix","7":"product_cat-beaute-sante","8":"product_cat-complements-alimentaires-au-maroc-vitablanca","9":"product_cat-supplements","10":"product_cat-vitamines-supplements-dietetiques","11":"product_tag-complement-alimentaire","12":"product_tag-liver-refresh","13":"product_tag-now-foods","14":"product_tag-now-foods-casa","15":"product_tag-now-foods-iherb","16":"product_tag-now-foods-maroc","17":"product_tag-now-foods-maroc-avis","18":"product_tag-now-foods-maroc-prix","19":"product_tag-plantes","20":"product_tag-soutien-du-foie","22":"first","23":"instock","24":"sale","25":"taxable","26":"shipping-taxable","27":"purchasable","28":"product-type-simple"},"yoast_head":"<!-- This site is optimized with the Yoast SEO plugin v27.3 - https:\/\/yoast.com\/product\/yoast-seo-wordpress\/ -->\n<title>Now Foods Liver Refresh, 90 g\u00e9lules v\u00e9g\u00e9tales - Maroc Prix<\/title>\n<meta name=\"description\" content=\"Achetez Liver Refresh 90 g\u00e9lules Now Foods Maroc. Ce suppl\u00e9ment combine le Chardon-Marie, le NAC et l&#039;Alpha-Lipo\u00efque pour un soutien complet du foie.\" \/>\n<meta name=\"robots\" content=\"index, follow, max-snippet:-1, max-image-preview:large, max-video-preview:-1\" \/>\n<link rel=\"canonical\" href=\"https:\/\/vitablanca.ma\/ar\/product-2\/now-foods-liver-refresh-90-gelules-vegetales\/\" \/>\n<meta property=\"og:locale\" content=\"ar_AR\" \/>\n<meta property=\"og:type\" content=\"article\" \/>\n<meta property=\"og:title\" content=\"Now Foods Liver Refresh, 90 g\u00e9lules v\u00e9g\u00e9tales - Maroc Prix\" \/>\n<meta property=\"og:description\" content=\"Achetez Liver Refresh 90 g\u00e9lules Now Foods Maroc. Ce suppl\u00e9ment combine le Chardon-Marie, le NAC et l&#039;Alpha-Lipo\u00efque pour un soutien complet du foie.\" \/>\n<meta property=\"og:url\" content=\"https:\/\/vitablanca.ma\/ar\/product-2\/now-foods-liver-refresh-90-gelules-vegetales\/\" \/>\n<meta property=\"og:site_name\" content=\"Vitablanca.ma &ndash; Sant&eacute;, vitalit&eacute; et bien-&ecirc;tre pour tous les Marocains\" \/>\n<meta property=\"article:publisher\" content=\"https:\/\/www.facebook.com\/profile.php?id=61576678196717\" \/>\n<meta property=\"article:modified_time\" content=\"2025-12-01T20:18:32+00:00\" \/>\n<meta property=\"og:image\" content=\"https:\/\/vitablanca.ma\/wp-content\/uploads\/2025\/04\/now-foods-liver-refresh-90-gelules-vegetales-3.jpg\" \/>\n\t<meta property=\"og:image:width\" content=\"680\" \/>\n\t<meta property=\"og:image:height\" content=\"680\" \/>\n\t<meta property=\"og:image:type\" content=\"image\/jpeg\" \/>\n<meta name=\"twitter:card\" content=\"summary_large_image\" \/>\n<meta name=\"twitter:label1\" content=\"\u0648\u0642\u062a \u0627\u0644\u0642\u0631\u0627\u0621\u0629 \u0627\u0644\u0645\u064f\u0642\u062f\u0651\u0631\" \/>\n\t<meta name=\"twitter:data1\" content=\"\u062f\u0642\u064a\u0642\u0629 \u0648\u0627\u062d\u062f\u0629\" \/>\n<script type=\"application\/ld+json\" class=\"yoast-schema-graph\">{\"@context\":\"https:\\\/\\\/schema.org\",\"@graph\":[{\"@type\":[\"WebPage\",\"ItemPage\"],\"@id\":\"https:\\\/\\\/vitablanca.ma\\\/produit\\\/now-foods-liver-refresh-90-gelules-vegetales\\\/\",\"url\":\"https:\\\/\\\/vitablanca.ma\\\/produit\\\/now-foods-liver-refresh-90-gelules-vegetales\\\/\",\"name\":\"Now Foods Liver Refresh, 90 g\u00e9lules v\u00e9g\u00e9tales - Maroc Prix\",\"isPartOf\":{\"@id\":\"https:\\\/\\\/vitablanca.ma\\\/#website\"},\"primaryImageOfPage\":{\"@id\":\"https:\\\/\\\/vitablanca.ma\\\/produit\\\/now-foods-liver-refresh-90-gelules-vegetales\\\/#primaryimage\"},\"image\":{\"@id\":\"https:\\\/\\\/vitablanca.ma\\\/produit\\\/now-foods-liver-refresh-90-gelules-vegetales\\\/#primaryimage\"},\"thumbnailUrl\":\"https:\\\/\\\/vitablanca.ma\\\/wp-content\\\/uploads\\\/2025\\\/04\\\/now-foods-liver-refresh-90-gelules-vegetales-3.jpg\",\"datePublished\":\"2025-04-28T14:40:45+00:00\",\"dateModified\":\"2025-12-01T20:18:32+00:00\",\"description\":\"Achetez Liver Refresh 90 g\u00e9lules Now Foods Maroc. Ce suppl\u00e9ment combine le Chardon-Marie, le NAC et l'Alpha-Lipo\u00efque pour un soutien complet du foie.\",\"breadcrumb\":{\"@id\":\"https:\\\/\\\/vitablanca.ma\\\/produit\\\/now-foods-liver-refresh-90-gelules-vegetales\\\/#breadcrumb\"},\"inLanguage\":\"ar\",\"potentialAction\":[{\"@type\":\"ReadAction\",\"target\":[\"https:\\\/\\\/vitablanca.ma\\\/produit\\\/now-foods-liver-refresh-90-gelules-vegetales\\\/\"]}]},{\"@type\":\"ImageObject\",\"inLanguage\":\"ar\",\"@id\":\"https:\\\/\\\/vitablanca.ma\\\/produit\\\/now-foods-liver-refresh-90-gelules-vegetales\\\/#primaryimage\",\"url\":\"https:\\\/\\\/vitablanca.ma\\\/wp-content\\\/uploads\\\/2025\\\/04\\\/now-foods-liver-refresh-90-gelules-vegetales-3.jpg\",\"contentUrl\":\"https:\\\/\\\/vitablanca.ma\\\/wp-content\\\/uploads\\\/2025\\\/04\\\/now-foods-liver-refresh-90-gelules-vegetales-3.jpg\",\"width\":680,\"height\":680},{\"@type\":\"BreadcrumbList\",\"@id\":\"https:\\\/\\\/vitablanca.ma\\\/produit\\\/now-foods-liver-refresh-90-gelules-vegetales\\\/#breadcrumb\",\"itemListElement\":[{\"@type\":\"ListItem\",\"position\":1,\"name\":\"Home\",\"item\":\"https:\\\/\\\/vitablanca.ma\\\/\"},{\"@type\":\"ListItem\",\"position\":2,\"name\":\"Tous Les Produits\",\"item\":\"https:\\\/\\\/vitablanca.ma\\\/tous-les-produits\\\/\"},{\"@type\":\"ListItem\",\"position\":3,\"name\":\"Now Foods Liver Refresh, 90 g\u00e9lules v\u00e9g\u00e9tales\"}]},{\"@type\":\"WebSite\",\"@id\":\"https:\\\/\\\/vitablanca.ma\\\/#website\",\"url\":\"https:\\\/\\\/vitablanca.ma\\\/\",\"name\":\"VitaBlanca.ma | Compl\u00e9ments alimentaires, sant\u00e9 & beaut\u00e9 au Maroc\",\"description\":\"vendre vitamines et compl\u00e9ments premium des USA &amp; Canada, Nouvelle Z\u00e9lande,Maroc (NOW Foods, Solgar, Manuka). Livraison rapide partout au Maroc.\",\"publisher\":{\"@id\":\"https:\\\/\\\/vitablanca.ma\\\/#organization\"},\"alternateName\":\"VitaBlanca.ma\",\"potentialAction\":[{\"@type\":\"SearchAction\",\"target\":{\"@type\":\"EntryPoint\",\"urlTemplate\":\"https:\\\/\\\/vitablanca.ma\\\/?s={search_term_string}\"},\"query-input\":{\"@type\":\"PropertyValueSpecification\",\"valueRequired\":true,\"valueName\":\"search_term_string\"}}],\"inLanguage\":\"ar\"},{\"@type\":\"Organization\",\"@id\":\"https:\\\/\\\/vitablanca.ma\\\/#organization\",\"name\":\"VitaBlanca\",\"url\":\"https:\\\/\\\/vitablanca.ma\\\/\",\"logo\":{\"@type\":\"ImageObject\",\"inLanguage\":\"ar\",\"@id\":\"https:\\\/\\\/vitablanca.ma\\\/#\\\/schema\\\/logo\\\/image\\\/\",\"url\":\"https:\\\/\\\/vitablanca.ma\\\/wp-content\\\/uploads\\\/2025\\\/05\\\/cropped-vitablanca.png\",\"contentUrl\":\"https:\\\/\\\/vitablanca.ma\\\/wp-content\\\/uploads\\\/2025\\\/05\\\/cropped-vitablanca.png\",\"width\":360,\"height\":67,\"caption\":\"VitaBlanca\"},\"image\":{\"@id\":\"https:\\\/\\\/vitablanca.ma\\\/#\\\/schema\\\/logo\\\/image\\\/\"},\"sameAs\":[\"https:\\\/\\\/www.facebook.com\\\/profile.php?id=61576678196717\",\"https:\\\/\\\/www.tiktok.com\\\/@vitablanca.ma\",\"https:\\\/\\\/www.instagram.com\\\/vitablanca.ma\\\/\"]}]}<\/script>\n<!-- \/ Yoast SEO plugin. -->","yoast_head_json":{"title":"\u0646\u0627\u0648 \u0641\u0648\u062f\u0632 \u0644\u064a\u0641\u0631 \u0631\u064a\u0641\u0631\u064a\u0634\u060c 90 \u0643\u0628\u0633\u0648\u0644\u0629 \u0646\u0628\u0627\u062a\u064a\u0629 - \u0633\u0639\u0631 \u0627\u0644\u0645\u063a\u0631\u0628","description":"\u0627\u0634\u062a\u0631\u0650 \u0645\u064f\u0646\u0639\u0634 \u0627\u0644\u0643\u0628\u062f (90 \u0643\u0628\u0633\u0648\u0644\u0629) \u0645\u0646 \u0646\u0627\u0648 \u0641\u0648\u062f\u0632 \u0627\u0644\u0645\u063a\u0631\u0628. \u064a\u062c\u0645\u0639 \u0647\u0630\u0627 \u0627\u0644\u0645\u0643\u0645\u0644 \u0627\u0644\u063a\u0630\u0627\u0626\u064a \u0628\u064a\u0646 \u0634\u0648\u0643 \u0627\u0644\u062c\u0645\u0644\u060c \u0648NAC\u060c \u0648\u062d\u0645\u0636 \u0623\u0644\u0641\u0627 \u0644\u064a\u0628\u0648\u064a\u0643 \u0644\u062f\u0639\u0645 \u0634\u0627\u0645\u0644 \u0644\u0644\u0643\u0628\u062f.","robots":{"index":"index","follow":"follow","max-snippet":"max-snippet:-1","max-image-preview":"max-image-preview:large","max-video-preview":"max-video-preview:-1"},"canonical":"https:\/\/vitablanca.ma\/ar\/product-2\/now-foods-liver-refresh-90-gelules-vegetales\/","og_locale":"ar_AR","og_type":"article","og_title":"Now Foods Liver Refresh, 90 g\u00e9lules v\u00e9g\u00e9tales - Maroc Prix","og_description":"Achetez Liver Refresh 90 g\u00e9lules Now Foods Maroc. Ce suppl\u00e9ment combine le Chardon-Marie, le NAC et l'Alpha-Lipo\u00efque pour un soutien complet du foie.","og_url":"https:\/\/vitablanca.ma\/ar\/product-2\/now-foods-liver-refresh-90-gelules-vegetales\/","og_site_name":"Vitablanca.ma &ndash; Sant&eacute;, vitalit&eacute; et bien-&ecirc;tre pour tous les Marocains","article_publisher":"https:\/\/www.facebook.com\/profile.php?id=61576678196717","article_modified_time":"2025-12-01T20:18:32+00:00","og_image":[{"width":680,"height":680,"url":"https:\/\/vitablanca.ma\/wp-content\/uploads\/2025\/04\/now-foods-liver-refresh-90-gelules-vegetales-3.jpg","type":"image\/jpeg"}],"twitter_card":"summary_large_image","twitter_misc":{"\u0648\u0642\u062a \u0627\u0644\u0642\u0631\u0627\u0621\u0629 \u0627\u0644\u0645\u064f\u0642\u062f\u0651\u0631":"\u062f\u0642\u064a\u0642\u0629 \u0648\u0627\u062d\u062f\u0629"},"schema":{"@context":"https:\/\/schema.org","@graph":[{"@type":["WebPage","ItemPage"],"@id":"https:\/\/vitablanca.ma\/produit\/now-foods-liver-refresh-90-gelules-vegetales\/","url":"https:\/\/vitablanca.ma\/produit\/now-foods-liver-refresh-90-gelules-vegetales\/","name":"\u0646\u0627\u0648 \u0641\u0648\u062f\u0632 \u0644\u064a\u0641\u0631 \u0631\u064a\u0641\u0631\u064a\u0634\u060c 90 \u0643\u0628\u0633\u0648\u0644\u0629 \u0646\u0628\u0627\u062a\u064a\u0629 - \u0633\u0639\u0631 \u0627\u0644\u0645\u063a\u0631\u0628","isPartOf":{"@id":"https:\/\/vitablanca.ma\/#website"},"primaryImageOfPage":{"@id":"https:\/\/vitablanca.ma\/produit\/now-foods-liver-refresh-90-gelules-vegetales\/#primaryimage"},"image":{"@id":"https:\/\/vitablanca.ma\/produit\/now-foods-liver-refresh-90-gelules-vegetales\/#primaryimage"},"thumbnailUrl":"https:\/\/vitablanca.ma\/wp-content\/uploads\/2025\/04\/now-foods-liver-refresh-90-gelules-vegetales-3.jpg","datePublished":"2025-04-28T14:40:45+00:00","dateModified":"2025-12-01T20:18:32+00:00","description":"\u0627\u0634\u062a\u0631\u0650 \u0645\u064f\u0646\u0639\u0634 \u0627\u0644\u0643\u0628\u062f (90 \u0643\u0628\u0633\u0648\u0644\u0629) \u0645\u0646 \u0646\u0627\u0648 \u0641\u0648\u062f\u0632 \u0627\u0644\u0645\u063a\u0631\u0628. \u064a\u062c\u0645\u0639 \u0647\u0630\u0627 \u0627\u0644\u0645\u0643\u0645\u0644 \u0627\u0644\u063a\u0630\u0627\u0626\u064a \u0628\u064a\u0646 \u0634\u0648\u0643 \u0627\u0644\u062c\u0645\u0644\u060c \u0648NAC\u060c \u0648\u062d\u0645\u0636 \u0623\u0644\u0641\u0627 \u0644\u064a\u0628\u0648\u064a\u0643 \u0644\u062f\u0639\u0645 \u0634\u0627\u0645\u0644 \u0644\u0644\u0643\u0628\u062f.","breadcrumb":{"@id":"https:\/\/vitablanca.ma\/produit\/now-foods-liver-refresh-90-gelules-vegetales\/#breadcrumb"},"inLanguage":"ar","potentialAction":[{"@type":"ReadAction","target":["https:\/\/vitablanca.ma\/produit\/now-foods-liver-refresh-90-gelules-vegetales\/"]}]},{"@type":"ImageObject","inLanguage":"ar","@id":"https:\/\/vitablanca.ma\/produit\/now-foods-liver-refresh-90-gelules-vegetales\/#primaryimage","url":"https:\/\/vitablanca.ma\/wp-content\/uploads\/2025\/04\/now-foods-liver-refresh-90-gelules-vegetales-3.jpg","contentUrl":"https:\/\/vitablanca.ma\/wp-content\/uploads\/2025\/04\/now-foods-liver-refresh-90-gelules-vegetales-3.jpg","width":680,"height":680},{"@type":"BreadcrumbList","@id":"https:\/\/vitablanca.ma\/produit\/now-foods-liver-refresh-90-gelules-vegetales\/#breadcrumb","itemListElement":[{"@type":"ListItem","position":1,"name":"Home","item":"https:\/\/vitablanca.ma\/"},{"@type":"ListItem","position":2,"name":"Tous Les Produits","item":"https:\/\/vitablanca.ma\/tous-les-produits\/"},{"@type":"ListItem","position":3,"name":"Now Foods Liver Refresh, 90 g\u00e9lules v\u00e9g\u00e9tales"}]},{"@type":"WebSite","@id":"https:\/\/vitablanca.ma\/#website","url":"https:\/\/vitablanca.ma\/","name":"VitaBlanca.ma | \u0627\u0644\u0645\u0643\u0645\u0644\u0627\u062a \u0627\u0644\u063a\u0630\u0627\u0626\u064a\u0629\u060c \u0627\u0644\u0635\u062d\u0629 \u0648\u0627\u0644\u062c\u0645\u0627\u0644 \u0641\u064a \u0627\u0644\u0645\u063a\u0631\u0628","description":"\u0646\u0628\u064a\u0639 \u0641\u064a\u062a\u0627\u0645\u064a\u0646\u0627\u062a \u0648\u0645\u0643\u0645\u0644\u0627\u062a \u063a\u0630\u0627\u0626\u064a\u0629 \u0641\u0627\u062e\u0631\u0629 \u0645\u0646 \u0627\u0644\u0648\u0644\u0627\u064a\u0627\u062a \u0627\u0644\u0645\u062a\u062d\u062f\u0629 \u0627\u0644\u0623\u0645\u0631\u064a\u0643\u064a\u0629 \u0648\u0643\u0646\u062f\u0627 \u0648\u0646\u064a\u0648\u0632\u064a\u0644\u0646\u062f\u0627 \u0648\u0627\u0644\u0645\u063a\u0631\u0628 (\u0646\u0627\u0648 \u0641\u0648\u062f\u0632\u060c \u0633\u0648\u0644\u062c\u0627\u0631\u060c \u0645\u0627\u0646\u0648\u0643\u0627). \u062a\u0648\u0635\u064a\u0644 \u0633\u0631\u064a\u0639 \u0625\u0644\u0649 \u062c\u0645\u064a\u0639 \u0623\u0646\u062d\u0627\u0621 \u0627\u0644\u0645\u063a\u0631\u0628.","publisher":{"@id":"https:\/\/vitablanca.ma\/#organization"},"alternateName":"VitaBlanca.ma","potentialAction":[{"@type":"SearchAction","target":{"@type":"EntryPoint","urlTemplate":"https:\/\/vitablanca.ma\/?s={search_term_string}"},"query-input":{"@type":"PropertyValueSpecification","valueRequired":true,"valueName":"search_term_string"}}],"inLanguage":"ar"},{"@type":"Organization","@id":"https:\/\/vitablanca.ma\/#organization","name":"\u0641\u064a\u062a\u0627\u0628\u0644\u0627\u0646\u0643\u0627","url":"https:\/\/vitablanca.ma\/","logo":{"@type":"ImageObject","inLanguage":"ar","@id":"https:\/\/vitablanca.ma\/#\/schema\/logo\/image\/","url":"https:\/\/vitablanca.ma\/wp-content\/uploads\/2025\/05\/cropped-vitablanca.png","contentUrl":"https:\/\/vitablanca.ma\/wp-content\/uploads\/2025\/05\/cropped-vitablanca.png","width":360,"height":67,"caption":"VitaBlanca"},"image":{"@id":"https:\/\/vitablanca.ma\/#\/schema\/logo\/image\/"},"sameAs":["https:\/\/www.facebook.com\/profile.php?id=61576678196717","https:\/\/www.tiktok.com\/@vitablanca.ma","https:\/\/www.instagram.com\/vitablanca.ma\/"]}]}},"jetpack_sharing_enabled":true,"_links":{"self":[{"href":"https:\/\/vitablanca.ma\/ar\/wp-json\/wp\/v2\/product\/672","targetHints":{"allow":["GET"]}}],"collection":[{"href":"https:\/\/vitablanca.ma\/ar\/wp-json\/wp\/v2\/product"}],"about":[{"href":"https:\/\/vitablanca.ma\/ar\/wp-json\/wp\/v2\/types\/product"}],"wp:featuredmedia":[{"embeddable":true,"href":"https:\/\/vitablanca.ma\/ar\/wp-json\/wp\/v2\/media\/673"}],"wp:attachment":[{"href":"https:\/\/vitablanca.ma\/ar\/wp-json\/wp\/v2\/media?parent=672"}],"wp:term":[{"taxonomy":"product_brand","embeddable":true,"href":"https:\/\/vitablanca.ma\/ar\/wp-json\/wp\/v2\/product_brand?post=672"},{"taxonomy":"product_cat","embeddable":true,"href":"https:\/\/vitablanca.ma\/ar\/wp-json\/wp\/v2\/product_cat?post=672"},{"taxonomy":"product_tag","embeddable":true,"href":"https:\/\/vitablanca.ma\/ar\/wp-json\/wp\/v2\/product_tag?post=672"}],"curies":[{"name":"wp","href":"https:\/\/api.w.org\/{rel}","templated":true}]}}