{"id":627,"date":"2025-04-27T18:17:26","date_gmt":"2025-04-27T18:17:26","guid":{"rendered":"https:\/\/vitablanca.ma\/?post_type=product&#038;p=627"},"modified":"2025-08-30T21:22:38","modified_gmt":"2025-08-30T21:22:38","slug":"now-foods-d-mannose-500-mg-120-gelules-vegetales","status":"publish","type":"product","link":"https:\/\/vitablanca.ma\/ar\/product-2\/now-foods-d-mannose-500-mg-120-gelules-vegetales\/","title":{"rendered":"\u0646\u0627\u0648 \u0641\u0648\u062f\u0632 \u062f-\u0645\u0627\u0646\u0648\u0632\u060c \u0665\u0660\u0660 \u0645\u062c\u0645\u060c \u0661\u0662\u0660 \u0643\u0628\u0633\u0648\u0644\u0629 \u0646\u0628\u0627\u062a\u064a\u0629"},"content":{"rendered":"<p>NOW Foods D-Mannose est un sucre simple qui se produit naturellement \u00e0 quelques usines, y compris des canneberges. Maintenant, le D-mannose des aliments peut adh\u00e9rer \u00e0 des substances \u00e9trang\u00e8res ind\u00e9sirables, les emp\u00eachant de coller \u00e0 la muqueuse de la vessie. Dans la vessie, du fait que des quantit\u00e9s n\u00e9gligeables de Now Foods D-Mannose sont utilis\u00e9es par le corps, elles n\u2019interf\u00e8rent pas avec la r\u00e9gulation de la glyc\u00e9mie. Bien que de petites quantit\u00e9s de D-Mannose soient m\u00e9tabolis\u00e9es par le corps humain, une grande partie est rapidement excr\u00e9t\u00e9e dans l\u2019urine.<\/p>\n<p>\u0645\u0633\u0627\u0644\u0643 \u0628\u0648\u0644\u064a\u0629 \u0635\u062d\u064a\u0629\u060c \u064a\u0632\u064a\u0644 \u0627\u0644\u062c\u0632\u064a\u0626\u0627\u062a \u063a\u064a\u0631 \u0627\u0644\u0645\u0631\u063a\u0648\u0628 \u0641\u064a\u0647\u0627\u060c \u064a\u0646\u0638\u0641 \u0627\u0644\u0645\u062b\u0627\u0646\u0629\u060c \u062a\u0645 \u0627\u0644\u062a\u062d\u0642\u0642 \u0645\u0646 \u0645\u0634\u0631\u0648\u0639 \u063a\u064a\u0631 \u0645\u0639\u062f\u0644 \u0648\u0631\u0627\u062b\u064a\u064b\u0627\u060c \u0646\u0628\u0627\u062a\u064a \u0648\u062e\u0627\u0644\u064a \u0645\u0646 \u0627\u0644\u0635\u0648\u064a\u0627 \u0648\u0627\u0644\u0645\u0643\u0633\u0631\u0627\u062a \u0648\u0627\u0644\u063a\u0644\u0648\u062a\u064a\u0646 \u0648\u0645\u0646\u062a\u062c\u0627\u062a \u0627\u0644\u0623\u0644\u0628\u0627\u0646 \u0648\u0627\u0644\u0628\u064a\u0636<\/p>\n<p>Le D-mannose est un sucre simple \u00e0 six carbones \u00e9galement vendu sous forme de s\u00e9minose ou de carubinose. Le mannose est un st\u00e9ro\u00efde isom\u00e8re du glucose et se pr\u00e9sente naturellement sous forme de monosaccharide dans des fruits comme l\u2019ananas et la canneberge, ainsi que dans les glycoprot\u00e9ines de nombreuses plantes et champignons.<\/p>\n<p>NOW Foods \u2018Le mannose pur est produit par isom\u00e9risation du glucose d\u00e9riv\u00e9 de ma\u00efs, de patates blanches et de patates douces non g\u00e9n\u00e9tiquement modifi\u00e9s. Il a une valeur calorique de 4 calories par gramme et un minimum de 98 %, le reste \u00e9tant principalement constitu\u00e9 d\u2019humidit\u00e9. La puret\u00e9 et l\u2019identit\u00e9 ont \u00e9t\u00e9 v\u00e9rifi\u00e9es par un laboratoire tiers en utilisant une m\u00e9thode HPLC sp\u00e9cifique pour \u00e9viter toute contamination par d\u2019autres sucres. Des analyses microbiologiques et des m\u00e9taux lourds sont effectu\u00e9es pour garantir que ce produit est parfaitement sans danger pour la consommation humaine. NOW Foods a pris de nombreuses mesures pour garantir que son Mannose est le produit le plus pur disponible \u00e0 ce jour.<\/p>","protected":false},"excerpt":{"rendered":"<ul>\n<li>\u0627\u0644\u0645\u0633\u0627\u0644\u0643 \u0627\u0644\u0628\u0648\u0644\u064a\u0629 \u0627\u0644\u0635\u062d\u064a\u0629<\/li>\n<li>\u064a\u0632\u064a\u0644 \u0627\u0644\u062c\u0632\u064a\u0626\u0627\u062a \u063a\u064a\u0631 \u0627\u0644\u0645\u0631\u063a\u0648\u0628 \u0641\u064a\u0647\u0627<\/li>\n<li>\u064a\u0646\u0638\u0641 \u0627\u0644\u0645\u062b\u0627\u0646\u0629<\/li>\n<li>\u062a\u0645 \u0627\u0644\u062a\u062d\u0642\u0642 \u0645\u0646 \u0645\u0634\u0631\u0648\u0639 \u063a\u064a\u0631 \u0645\u0639\u062f\u0644 \u0648\u0631\u0627\u062b\u064a\u064b\u0627<\/li>\n<li>\u0646\u0628\u0627\u062a\u064a \u0648 \u0646\u0628\u0627\u062a\u064a \u0635\u0631\u0641<\/li>\n<li>\u062e\u0627\u0644\u064a \u0645\u0646 \u0627\u0644\u0635\u0648\u064a\u0627 \u0648\u0627\u0644\u0645\u0643\u0633\u0631\u0627\u062a \u0648\u0627\u0644\u063a\u0644\u0648\u062a\u064a\u0646 \u0648\u0645\u0646\u062a\u062c\u0627\u062a \u0627\u0644\u0623\u0644\u0628\u0627\u0646 \u0648\u0627\u0644\u0628\u064a\u0636<\/li>\n<\/ul>","protected":false},"featured_media":630,"template":"","meta":{"om_disable_all_campaigns":false},"product_brand":[83],"product_cat":[18,3366,304,19],"product_tag":[600,597,88,129,126,93,91,388,726,596,599,598],"class_list":{"0":"post-627","1":"product","2":"type-product","3":"status-publish","4":"has-post-thumbnail","6":"product_brand-now-foods-maroc-prix","7":"product_cat-beaute-sante","8":"product_cat-complements-alimentaires-au-maroc-vitablanca","9":"product_cat-supplements-vitaminiques-mineraux-multiples","10":"product_cat-vitamines-supplements-dietetiques","11":"product_tag-d-mannose","12":"product_tag-nettoie-la-vessie","13":"product_tag-now-foods","14":"product_tag-now-foods-casa","15":"product_tag-now-foods-iherb","16":"product_tag-now-foods-jumia","17":"product_tag-now-foods-maroc","18":"product_tag-now-foods-maroc-avis","19":"product_tag-now-foods-maroc-prix","20":"product_tag-projet-non-ogm","21":"product_tag-tract-urinaire-sain","22":"product_tag-vegetalien-et-vegetarien","24":"first","25":"instock","26":"sale","27":"taxable","28":"shipping-taxable","29":"purchasable","30":"product-type-simple"},"yoast_head":"<!-- This site is optimized with the Yoast SEO plugin v27.5 - https:\/\/yoast.com\/product\/yoast-seo-wordpress\/ -->\n<title>Now Foods D-Mannose, 500 mg, 120 G\u00e9lules v\u00e9g\u00e9tales - Maroc Prix<\/title>\n<meta name=\"description\" content=\"Achetez Now Foods D-Mannose 500 mg au Maroc. Ces g\u00e9lules v\u00e9g\u00e9tales offrent un soutien naturel et doux pour les voies urinaires, favorisant une vessie saine.\" \/>\n<meta name=\"robots\" content=\"index, follow, max-snippet:-1, max-image-preview:large, max-video-preview:-1\" \/>\n<link rel=\"canonical\" href=\"https:\/\/vitablanca.ma\/ar\/product-2\/now-foods-d-mannose-500-mg-120-gelules-vegetales\/\" \/>\n<meta property=\"og:locale\" content=\"ar_AR\" \/>\n<meta property=\"og:type\" content=\"article\" \/>\n<meta property=\"og:title\" content=\"Now Foods D-Mannose, 500 mg, 120 G\u00e9lules v\u00e9g\u00e9tales - Maroc Prix\" \/>\n<meta property=\"og:description\" content=\"Achetez Now Foods D-Mannose 500 mg au Maroc. Ces g\u00e9lules v\u00e9g\u00e9tales offrent un soutien naturel et doux pour les voies urinaires, favorisant une vessie saine.\" \/>\n<meta property=\"og:url\" content=\"https:\/\/vitablanca.ma\/ar\/product-2\/now-foods-d-mannose-500-mg-120-gelules-vegetales\/\" \/>\n<meta property=\"og:site_name\" content=\"Vitablanca.ma &ndash; Sant&eacute;, vitalit&eacute; et bien-&ecirc;tre pour tous les Marocains\" \/>\n<meta property=\"article:publisher\" content=\"https:\/\/www.facebook.com\/profile.php?id=61576678196717\" \/>\n<meta property=\"article:modified_time\" content=\"2025-08-30T21:22:38+00:00\" \/>\n<meta property=\"og:image\" content=\"https:\/\/vitablanca.ma\/wp-content\/uploads\/2025\/04\/d-mannose-500-mg-120-gelules-vegetales-now-foods-.jpg\" \/>\n\t<meta property=\"og:image:width\" content=\"680\" \/>\n\t<meta property=\"og:image:height\" content=\"680\" \/>\n\t<meta property=\"og:image:type\" content=\"image\/jpeg\" \/>\n<meta name=\"twitter:card\" content=\"summary_large_image\" \/>\n<meta name=\"twitter:label1\" content=\"\u0648\u0642\u062a \u0627\u0644\u0642\u0631\u0627\u0621\u0629 \u0627\u0644\u0645\u064f\u0642\u062f\u0651\u0631\" \/>\n\t<meta name=\"twitter:data1\" content=\"\u062f\u0642\u064a\u0642\u062a\u0627\u0646\" \/>\n<script type=\"application\/ld+json\" class=\"yoast-schema-graph\">{\"@context\":\"https:\\\/\\\/schema.org\",\"@graph\":[{\"@type\":[\"WebPage\",\"ItemPage\"],\"@id\":\"https:\\\/\\\/vitablanca.ma\\\/produit\\\/now-foods-d-mannose-500-mg-120-gelules-vegetales\\\/\",\"url\":\"https:\\\/\\\/vitablanca.ma\\\/produit\\\/now-foods-d-mannose-500-mg-120-gelules-vegetales\\\/\",\"name\":\"Now Foods D-Mannose, 500 mg, 120 G\u00e9lules v\u00e9g\u00e9tales - Maroc Prix\",\"isPartOf\":{\"@id\":\"https:\\\/\\\/vitablanca.ma\\\/#website\"},\"primaryImageOfPage\":{\"@id\":\"https:\\\/\\\/vitablanca.ma\\\/produit\\\/now-foods-d-mannose-500-mg-120-gelules-vegetales\\\/#primaryimage\"},\"image\":{\"@id\":\"https:\\\/\\\/vitablanca.ma\\\/produit\\\/now-foods-d-mannose-500-mg-120-gelules-vegetales\\\/#primaryimage\"},\"thumbnailUrl\":\"https:\\\/\\\/vitablanca.ma\\\/wp-content\\\/uploads\\\/2025\\\/04\\\/d-mannose-500-mg-120-gelules-vegetales-now-foods-.jpg\",\"datePublished\":\"2025-04-27T18:17:26+00:00\",\"dateModified\":\"2025-08-30T21:22:38+00:00\",\"description\":\"Achetez Now Foods D-Mannose 500 mg au Maroc. Ces g\u00e9lules v\u00e9g\u00e9tales offrent un soutien naturel et doux pour les voies urinaires, favorisant une vessie saine.\",\"breadcrumb\":{\"@id\":\"https:\\\/\\\/vitablanca.ma\\\/produit\\\/now-foods-d-mannose-500-mg-120-gelules-vegetales\\\/#breadcrumb\"},\"inLanguage\":\"ar\",\"potentialAction\":[{\"@type\":\"ReadAction\",\"target\":[\"https:\\\/\\\/vitablanca.ma\\\/produit\\\/now-foods-d-mannose-500-mg-120-gelules-vegetales\\\/\"]}]},{\"@type\":\"ImageObject\",\"inLanguage\":\"ar\",\"@id\":\"https:\\\/\\\/vitablanca.ma\\\/produit\\\/now-foods-d-mannose-500-mg-120-gelules-vegetales\\\/#primaryimage\",\"url\":\"https:\\\/\\\/vitablanca.ma\\\/wp-content\\\/uploads\\\/2025\\\/04\\\/d-mannose-500-mg-120-gelules-vegetales-now-foods-.jpg\",\"contentUrl\":\"https:\\\/\\\/vitablanca.ma\\\/wp-content\\\/uploads\\\/2025\\\/04\\\/d-mannose-500-mg-120-gelules-vegetales-now-foods-.jpg\",\"width\":680,\"height\":680},{\"@type\":\"BreadcrumbList\",\"@id\":\"https:\\\/\\\/vitablanca.ma\\\/produit\\\/now-foods-d-mannose-500-mg-120-gelules-vegetales\\\/#breadcrumb\",\"itemListElement\":[{\"@type\":\"ListItem\",\"position\":1,\"name\":\"Home\",\"item\":\"https:\\\/\\\/vitablanca.ma\\\/\"},{\"@type\":\"ListItem\",\"position\":2,\"name\":\"Tous Les Produits\",\"item\":\"https:\\\/\\\/vitablanca.ma\\\/tous-les-produits\\\/\"},{\"@type\":\"ListItem\",\"position\":3,\"name\":\"Now Foods D-Mannose, 500 mg, 120 G\u00e9lules v\u00e9g\u00e9tales\"}]},{\"@type\":\"WebSite\",\"@id\":\"https:\\\/\\\/vitablanca.ma\\\/#website\",\"url\":\"https:\\\/\\\/vitablanca.ma\\\/\",\"name\":\"VitaBlanca.ma | Compl\u00e9ments alimentaires, sant\u00e9 & beaut\u00e9 au Maroc\",\"description\":\"vendre vitamines et compl\u00e9ments premium des USA &amp; Canada, Nouvelle Z\u00e9lande,Maroc (NOW Foods, Solgar, Manuka). Livraison rapide partout au Maroc.\",\"publisher\":{\"@id\":\"https:\\\/\\\/vitablanca.ma\\\/#organization\"},\"alternateName\":\"VitaBlanca.ma\",\"potentialAction\":[{\"@type\":\"SearchAction\",\"target\":{\"@type\":\"EntryPoint\",\"urlTemplate\":\"https:\\\/\\\/vitablanca.ma\\\/?s={search_term_string}\"},\"query-input\":{\"@type\":\"PropertyValueSpecification\",\"valueRequired\":true,\"valueName\":\"search_term_string\"}}],\"inLanguage\":\"ar\"},{\"@type\":\"Organization\",\"@id\":\"https:\\\/\\\/vitablanca.ma\\\/#organization\",\"name\":\"VitaBlanca\",\"url\":\"https:\\\/\\\/vitablanca.ma\\\/\",\"logo\":{\"@type\":\"ImageObject\",\"inLanguage\":\"ar\",\"@id\":\"https:\\\/\\\/vitablanca.ma\\\/#\\\/schema\\\/logo\\\/image\\\/\",\"url\":\"https:\\\/\\\/vitablanca.ma\\\/wp-content\\\/uploads\\\/2025\\\/05\\\/cropped-vitablanca.png\",\"contentUrl\":\"https:\\\/\\\/vitablanca.ma\\\/wp-content\\\/uploads\\\/2025\\\/05\\\/cropped-vitablanca.png\",\"width\":360,\"height\":67,\"caption\":\"VitaBlanca\"},\"image\":{\"@id\":\"https:\\\/\\\/vitablanca.ma\\\/#\\\/schema\\\/logo\\\/image\\\/\"},\"sameAs\":[\"https:\\\/\\\/www.facebook.com\\\/profile.php?id=61576678196717\",\"https:\\\/\\\/www.tiktok.com\\\/@vitablanca.ma\",\"https:\\\/\\\/www.instagram.com\\\/vitablanca.ma\\\/\"]}]}<\/script>\n<!-- \/ Yoast SEO plugin. -->","yoast_head_json":{"title":"\u0646\u0627\u0648 \u0641\u0648\u062f\u0632 \u062f-\u0645\u0627\u0646\u0648\u0632\u060c \u0665\u0660\u0660 \u0645\u062c\u0645\u060c \u0661\u0662\u0660 \u0643\u0628\u0633\u0648\u0644\u0629 \u0646\u0628\u0627\u062a\u064a\u0629 - \u0633\u0639\u0631 \u0627\u0644\u0645\u063a\u0631\u0628","description":"\u0627\u0634\u062a\u0631\u0650 \u0627\u0644\u0622\u0646 \u0643\u0628\u0633\u0648\u0644\u0627\u062a \u062f-\u0645\u0627\u0646\u0648\u0632 \u0665\u0660\u0660 \u0645\u0644\u063a \u0645\u0646 \u0641\u0648\u062f\u0632 \u0641\u064a \u0627\u0644\u0645\u063a\u0631\u0628. \u062a\u0648\u0641\u0631 \u0647\u0630\u0647 \u0627\u0644\u0643\u0628\u0633\u0648\u0644\u0627\u062a \u0627\u0644\u0646\u0628\u0627\u062a\u064a\u0629 \u062f\u0639\u0645\u064b\u0627 \u0637\u0628\u064a\u0639\u064a\u064b\u0627 \u0648\u0644\u0637\u064a\u0641\u064b\u0627 \u0644\u0644\u0645\u0633\u0627\u0644\u0643 \u0627\u0644\u0628\u0648\u0644\u064a\u0629\u060c \u0645\u0645\u0627 \u064a\u0639\u0632\u0632 \u0635\u062d\u0629 \u0627\u0644\u0645\u062b\u0627\u0646\u0629.","robots":{"index":"index","follow":"follow","max-snippet":"max-snippet:-1","max-image-preview":"max-image-preview:large","max-video-preview":"max-video-preview:-1"},"canonical":"https:\/\/vitablanca.ma\/ar\/product-2\/now-foods-d-mannose-500-mg-120-gelules-vegetales\/","og_locale":"ar_AR","og_type":"article","og_title":"Now Foods D-Mannose, 500 mg, 120 G\u00e9lules v\u00e9g\u00e9tales - Maroc Prix","og_description":"Achetez Now Foods D-Mannose 500 mg au Maroc. Ces g\u00e9lules v\u00e9g\u00e9tales offrent un soutien naturel et doux pour les voies urinaires, favorisant une vessie saine.","og_url":"https:\/\/vitablanca.ma\/ar\/product-2\/now-foods-d-mannose-500-mg-120-gelules-vegetales\/","og_site_name":"Vitablanca.ma &ndash; Sant&eacute;, vitalit&eacute; et bien-&ecirc;tre pour tous les Marocains","article_publisher":"https:\/\/www.facebook.com\/profile.php?id=61576678196717","article_modified_time":"2025-08-30T21:22:38+00:00","og_image":[{"width":680,"height":680,"url":"https:\/\/vitablanca.ma\/wp-content\/uploads\/2025\/04\/d-mannose-500-mg-120-gelules-vegetales-now-foods-.jpg","type":"image\/jpeg"}],"twitter_card":"summary_large_image","twitter_misc":{"\u0648\u0642\u062a \u0627\u0644\u0642\u0631\u0627\u0621\u0629 \u0627\u0644\u0645\u064f\u0642\u062f\u0651\u0631":"\u062f\u0642\u064a\u0642\u062a\u0627\u0646"},"schema":{"@context":"https:\/\/schema.org","@graph":[{"@type":["WebPage","ItemPage"],"@id":"https:\/\/vitablanca.ma\/produit\/now-foods-d-mannose-500-mg-120-gelules-vegetales\/","url":"https:\/\/vitablanca.ma\/produit\/now-foods-d-mannose-500-mg-120-gelules-vegetales\/","name":"\u0646\u0627\u0648 \u0641\u0648\u062f\u0632 \u062f-\u0645\u0627\u0646\u0648\u0632\u060c \u0665\u0660\u0660 \u0645\u062c\u0645\u060c \u0661\u0662\u0660 \u0643\u0628\u0633\u0648\u0644\u0629 \u0646\u0628\u0627\u062a\u064a\u0629 - \u0633\u0639\u0631 \u0627\u0644\u0645\u063a\u0631\u0628","isPartOf":{"@id":"https:\/\/vitablanca.ma\/#website"},"primaryImageOfPage":{"@id":"https:\/\/vitablanca.ma\/produit\/now-foods-d-mannose-500-mg-120-gelules-vegetales\/#primaryimage"},"image":{"@id":"https:\/\/vitablanca.ma\/produit\/now-foods-d-mannose-500-mg-120-gelules-vegetales\/#primaryimage"},"thumbnailUrl":"https:\/\/vitablanca.ma\/wp-content\/uploads\/2025\/04\/d-mannose-500-mg-120-gelules-vegetales-now-foods-.jpg","datePublished":"2025-04-27T18:17:26+00:00","dateModified":"2025-08-30T21:22:38+00:00","description":"\u0627\u0634\u062a\u0631\u0650 \u0627\u0644\u0622\u0646 \u0643\u0628\u0633\u0648\u0644\u0627\u062a \u062f-\u0645\u0627\u0646\u0648\u0632 \u0665\u0660\u0660 \u0645\u0644\u063a \u0645\u0646 \u0641\u0648\u062f\u0632 \u0641\u064a \u0627\u0644\u0645\u063a\u0631\u0628. \u062a\u0648\u0641\u0631 \u0647\u0630\u0647 \u0627\u0644\u0643\u0628\u0633\u0648\u0644\u0627\u062a \u0627\u0644\u0646\u0628\u0627\u062a\u064a\u0629 \u062f\u0639\u0645\u064b\u0627 \u0637\u0628\u064a\u0639\u064a\u064b\u0627 \u0648\u0644\u0637\u064a\u0641\u064b\u0627 \u0644\u0644\u0645\u0633\u0627\u0644\u0643 \u0627\u0644\u0628\u0648\u0644\u064a\u0629\u060c \u0645\u0645\u0627 \u064a\u0639\u0632\u0632 \u0635\u062d\u0629 \u0627\u0644\u0645\u062b\u0627\u0646\u0629.","breadcrumb":{"@id":"https:\/\/vitablanca.ma\/produit\/now-foods-d-mannose-500-mg-120-gelules-vegetales\/#breadcrumb"},"inLanguage":"ar","potentialAction":[{"@type":"ReadAction","target":["https:\/\/vitablanca.ma\/produit\/now-foods-d-mannose-500-mg-120-gelules-vegetales\/"]}]},{"@type":"ImageObject","inLanguage":"ar","@id":"https:\/\/vitablanca.ma\/produit\/now-foods-d-mannose-500-mg-120-gelules-vegetales\/#primaryimage","url":"https:\/\/vitablanca.ma\/wp-content\/uploads\/2025\/04\/d-mannose-500-mg-120-gelules-vegetales-now-foods-.jpg","contentUrl":"https:\/\/vitablanca.ma\/wp-content\/uploads\/2025\/04\/d-mannose-500-mg-120-gelules-vegetales-now-foods-.jpg","width":680,"height":680},{"@type":"BreadcrumbList","@id":"https:\/\/vitablanca.ma\/produit\/now-foods-d-mannose-500-mg-120-gelules-vegetales\/#breadcrumb","itemListElement":[{"@type":"ListItem","position":1,"name":"Home","item":"https:\/\/vitablanca.ma\/"},{"@type":"ListItem","position":2,"name":"Tous Les Produits","item":"https:\/\/vitablanca.ma\/tous-les-produits\/"},{"@type":"ListItem","position":3,"name":"Now Foods D-Mannose, 500 mg, 120 G\u00e9lules v\u00e9g\u00e9tales"}]},{"@type":"WebSite","@id":"https:\/\/vitablanca.ma\/#website","url":"https:\/\/vitablanca.ma\/","name":"VitaBlanca.ma | \u0627\u0644\u0645\u0643\u0645\u0644\u0627\u062a \u0627\u0644\u063a\u0630\u0627\u0626\u064a\u0629\u060c \u0627\u0644\u0635\u062d\u0629 \u0648\u0627\u0644\u062c\u0645\u0627\u0644 \u0641\u064a \u0627\u0644\u0645\u063a\u0631\u0628","description":"\u0646\u0628\u064a\u0639 \u0641\u064a\u062a\u0627\u0645\u064a\u0646\u0627\u062a \u0648\u0645\u0643\u0645\u0644\u0627\u062a \u063a\u0630\u0627\u0626\u064a\u0629 \u0641\u0627\u062e\u0631\u0629 \u0645\u0646 \u0627\u0644\u0648\u0644\u0627\u064a\u0627\u062a \u0627\u0644\u0645\u062a\u062d\u062f\u0629 \u0627\u0644\u0623\u0645\u0631\u064a\u0643\u064a\u0629 \u0648\u0643\u0646\u062f\u0627 \u0648\u0646\u064a\u0648\u0632\u064a\u0644\u0646\u062f\u0627 \u0648\u0627\u0644\u0645\u063a\u0631\u0628 (\u0646\u0627\u0648 \u0641\u0648\u062f\u0632\u060c \u0633\u0648\u0644\u062c\u0627\u0631\u060c \u0645\u0627\u0646\u0648\u0643\u0627). \u062a\u0648\u0635\u064a\u0644 \u0633\u0631\u064a\u0639 \u0625\u0644\u0649 \u062c\u0645\u064a\u0639 \u0623\u0646\u062d\u0627\u0621 \u0627\u0644\u0645\u063a\u0631\u0628.","publisher":{"@id":"https:\/\/vitablanca.ma\/#organization"},"alternateName":"VitaBlanca.ma","potentialAction":[{"@type":"SearchAction","target":{"@type":"EntryPoint","urlTemplate":"https:\/\/vitablanca.ma\/?s={search_term_string}"},"query-input":{"@type":"PropertyValueSpecification","valueRequired":true,"valueName":"search_term_string"}}],"inLanguage":"ar"},{"@type":"Organization","@id":"https:\/\/vitablanca.ma\/#organization","name":"\u0641\u064a\u062a\u0627\u0628\u0644\u0627\u0646\u0643\u0627","url":"https:\/\/vitablanca.ma\/","logo":{"@type":"ImageObject","inLanguage":"ar","@id":"https:\/\/vitablanca.ma\/#\/schema\/logo\/image\/","url":"https:\/\/vitablanca.ma\/wp-content\/uploads\/2025\/05\/cropped-vitablanca.png","contentUrl":"https:\/\/vitablanca.ma\/wp-content\/uploads\/2025\/05\/cropped-vitablanca.png","width":360,"height":67,"caption":"VitaBlanca"},"image":{"@id":"https:\/\/vitablanca.ma\/#\/schema\/logo\/image\/"},"sameAs":["https:\/\/www.facebook.com\/profile.php?id=61576678196717","https:\/\/www.tiktok.com\/@vitablanca.ma","https:\/\/www.instagram.com\/vitablanca.ma\/"]}]}},"jetpack_sharing_enabled":true,"_links":{"self":[{"href":"https:\/\/vitablanca.ma\/ar\/wp-json\/wp\/v2\/product\/627","targetHints":{"allow":["GET"]}}],"collection":[{"href":"https:\/\/vitablanca.ma\/ar\/wp-json\/wp\/v2\/product"}],"about":[{"href":"https:\/\/vitablanca.ma\/ar\/wp-json\/wp\/v2\/types\/product"}],"wp:featuredmedia":[{"embeddable":true,"href":"https:\/\/vitablanca.ma\/ar\/wp-json\/wp\/v2\/media\/630"}],"wp:attachment":[{"href":"https:\/\/vitablanca.ma\/ar\/wp-json\/wp\/v2\/media?parent=627"}],"wp:term":[{"taxonomy":"product_brand","embeddable":true,"href":"https:\/\/vitablanca.ma\/ar\/wp-json\/wp\/v2\/product_brand?post=627"},{"taxonomy":"product_cat","embeddable":true,"href":"https:\/\/vitablanca.ma\/ar\/wp-json\/wp\/v2\/product_cat?post=627"},{"taxonomy":"product_tag","embeddable":true,"href":"https:\/\/vitablanca.ma\/ar\/wp-json\/wp\/v2\/product_tag?post=627"}],"curies":[{"name":"wp","href":"https:\/\/api.w.org\/{rel}","templated":true}]}}