{"id":605,"date":"2025-04-27T17:29:27","date_gmt":"2025-04-27T17:29:27","guid":{"rendered":"https:\/\/vitablanca.ma\/?post_type=product&#038;p=605"},"modified":"2025-12-01T19:56:17","modified_gmt":"2025-12-01T19:56:17","slug":"now-foods-bore-3-mg-250-capsules","status":"publish","type":"product","link":"https:\/\/vitablanca.ma\/ar\/product-2\/now-foods-bore-3-mg-250-capsules\/","title":{"rendered":"Now Foods Bore, 3 mg, 250 Capsules"},"content":{"rendered":"<p>Aidez votre corps \u00e0 travailler plus intelligemment<\/p>\n<p>Le bore est un oligo-\u00e9l\u00e9ment biologiquement actif reconnu pour jouer un r\u00f4le dans plusieurs processus biochimiques de votre corps. Il affecte le m\u00e9tabolisme de votre corps en calcium, magn\u00e9sium et phosphore, est reconnu pour soutenir la force et la structure de vos os et peut aider \u00e0 r\u00e9duire votre risque d\u2019ost\u00e9oporose. Cet oligo-\u00e9l\u00e9ment sert ces bienfaits pour la sant\u00e9 en aidant les autres nutriments de votre corps \u00e0 optimiser leurs performances. NOW Foods Boron vous fournit 3 mg de borogluconate de calcium dans chaque dose, pour aider votre corps \u00e0 m\u00e9taboliser les min\u00e9raux importants, y compris le calcium, renforcer vos os et promouvoir votre sant\u00e9 structurelle!<\/p>","protected":false},"excerpt":{"rendered":"<ul>\n<li>Soutien structurel<\/li>\n<li>Maintien de la solidit\u00e9 des os<\/li>\n<li>Marche avec le calcium et le magn\u00e9sium<\/li>\n<li>\u062e\u0627\u0644\u064a\u0629 \u0645\u0646 \u0627\u0644\u0643\u0627\u0626\u0646\u0627\u062a \u0627\u0644\u0645\u0639\u062f\u0644\u0629 \u0648\u0631\u0627\u062b\u064a\u064b\u0627<\/li>\n<li>\u0645\u0643\u0645\u0644 \u063a\u0630\u0627\u0626\u064a<\/li>\n<li>\u0627\u0644\u0645\u0639\u0627\u062f\u0646<\/li>\n<li>Le bore est un oligo\u00e9l\u00e9ment biologiquement actif qui agit sur le m\u00e9tabolisme du calcium, du magn\u00e9sium et du phosphore. Le bore est connu pour renforcer la structure et la force musculaires.<\/li>\n<li>\u0627\u0644\u062c\u0648\u062f\u0629 \u0645\u0636\u0645\u0648\u0646\u0629 \u0645\u0646 \u062e\u0644\u0627\u0644 \u0627\u0644\u0627\u0645\u062a\u062b\u0627\u0644 \u0644\u0645\u0645\u0627\u0631\u0633\u0627\u062a \u0627\u0644\u062a\u0635\u0646\u064a\u0639 \u0627\u0644\u062c\u064a\u062f\u0629 (GMP)<\/li>\n<\/ul>","protected":false},"featured_media":606,"template":"","meta":{"om_disable_all_campaigns":false},"product_brand":[],"product_cat":[18,3366,163,19],"product_tag":[573,181,571,239,126,91,388,726,559,574,220,572],"class_list":{"0":"post-605","1":"product","2":"type-product","3":"status-publish","4":"has-post-thumbnail","6":"product_cat-beaute-sante","7":"product_cat-complements-alimentaires-au-maroc-vitablanca","8":"product_cat-mineraux","9":"product_cat-vitamines-supplements-dietetiques","10":"product_tag-boron-3mg","11":"product_tag-complement-alimentaire","12":"product_tag-le-calcium-et-le-magnesium","13":"product_tag-mineraux","14":"product_tag-now-foods-iherb","15":"product_tag-now-foods-maroc","16":"product_tag-now-foods-maroc-avis","17":"product_tag-now-foods-maroc-prix","18":"product_tag-now-foods-prix-au-maroc","19":"product_tag-now-foos-jumia","20":"product_tag-sans-ogm","21":"product_tag-soutien-structurel","23":"first","24":"instock","25":"sale","26":"taxable","27":"shipping-taxable","28":"purchasable","29":"product-type-simple"},"yoast_head":"<!-- This site is optimized with the Yoast SEO plugin v27.5 - https:\/\/yoast.com\/product\/yoast-seo-wordpress\/ -->\n<title>Now Foods Boron Bore, 3 mg, 250 Capsules - Maroc Prix<\/title>\n<meta name=\"description\" content=\"Achetez Now Foods Bore 3 mg (250 capsules) au Maroc. Ce suppl\u00e9ment de bore soutient la sant\u00e9 osseuse, le m\u00e9tabolisme du calcium et du magn\u00e9sium,\" \/>\n<meta name=\"robots\" content=\"index, follow, max-snippet:-1, max-image-preview:large, max-video-preview:-1\" \/>\n<link rel=\"canonical\" href=\"https:\/\/vitablanca.ma\/ar\/product-2\/now-foods-bore-3-mg-250-capsules\/\" \/>\n<meta property=\"og:locale\" content=\"ar_AR\" \/>\n<meta property=\"og:type\" content=\"article\" \/>\n<meta property=\"og:title\" content=\"Now Foods Boron Bore, 3 mg, 250 Capsules - Maroc Prix\" \/>\n<meta property=\"og:description\" content=\"Achetez Now Foods Bore 3 mg (250 capsules) au Maroc. Ce suppl\u00e9ment de bore soutient la sant\u00e9 osseuse, le m\u00e9tabolisme du calcium et du magn\u00e9sium,\" \/>\n<meta property=\"og:url\" content=\"https:\/\/vitablanca.ma\/ar\/product-2\/now-foods-bore-3-mg-250-capsules\/\" \/>\n<meta property=\"og:site_name\" content=\"Vitablanca.ma &ndash; Sant&eacute;, vitalit&eacute; et bien-&ecirc;tre pour tous les Marocains\" \/>\n<meta property=\"article:publisher\" content=\"https:\/\/www.facebook.com\/profile.php?id=61576678196717\" \/>\n<meta property=\"article:modified_time\" content=\"2025-12-01T19:56:17+00:00\" \/>\n<meta property=\"og:image\" content=\"https:\/\/vitablanca.ma\/wp-content\/uploads\/2025\/04\/now-foods-bore-3-mg-250-capsules-.jpg\" \/>\n\t<meta property=\"og:image:width\" content=\"680\" \/>\n\t<meta property=\"og:image:height\" content=\"680\" \/>\n\t<meta property=\"og:image:type\" content=\"image\/jpeg\" \/>\n<meta name=\"twitter:card\" content=\"summary_large_image\" \/>\n<meta name=\"twitter:label1\" content=\"\u0648\u0642\u062a \u0627\u0644\u0642\u0631\u0627\u0621\u0629 \u0627\u0644\u0645\u064f\u0642\u062f\u0651\u0631\" \/>\n\t<meta name=\"twitter:data1\" content=\"\u062f\u0642\u064a\u0642\u0629 \u0648\u0627\u062d\u062f\u0629\" \/>\n<script type=\"application\/ld+json\" class=\"yoast-schema-graph\">{\"@context\":\"https:\\\/\\\/schema.org\",\"@graph\":[{\"@type\":[\"WebPage\",\"ItemPage\"],\"@id\":\"https:\\\/\\\/vitablanca.ma\\\/produit\\\/now-foods-bore-3-mg-250-capsules\\\/\",\"url\":\"https:\\\/\\\/vitablanca.ma\\\/produit\\\/now-foods-bore-3-mg-250-capsules\\\/\",\"name\":\"Now Foods Boron Bore, 3 mg, 250 Capsules - Maroc Prix\",\"isPartOf\":{\"@id\":\"https:\\\/\\\/vitablanca.ma\\\/#website\"},\"primaryImageOfPage\":{\"@id\":\"https:\\\/\\\/vitablanca.ma\\\/produit\\\/now-foods-bore-3-mg-250-capsules\\\/#primaryimage\"},\"image\":{\"@id\":\"https:\\\/\\\/vitablanca.ma\\\/produit\\\/now-foods-bore-3-mg-250-capsules\\\/#primaryimage\"},\"thumbnailUrl\":\"https:\\\/\\\/vitablanca.ma\\\/wp-content\\\/uploads\\\/2025\\\/04\\\/now-foods-bore-3-mg-250-capsules-.jpg\",\"datePublished\":\"2025-04-27T17:29:27+00:00\",\"dateModified\":\"2025-12-01T19:56:17+00:00\",\"description\":\"Achetez Now Foods Bore 3 mg (250 capsules) au Maroc. Ce suppl\u00e9ment de bore soutient la sant\u00e9 osseuse, le m\u00e9tabolisme du calcium et du magn\u00e9sium,\",\"breadcrumb\":{\"@id\":\"https:\\\/\\\/vitablanca.ma\\\/produit\\\/now-foods-bore-3-mg-250-capsules\\\/#breadcrumb\"},\"inLanguage\":\"ar\",\"potentialAction\":[{\"@type\":\"ReadAction\",\"target\":[\"https:\\\/\\\/vitablanca.ma\\\/produit\\\/now-foods-bore-3-mg-250-capsules\\\/\"]}]},{\"@type\":\"ImageObject\",\"inLanguage\":\"ar\",\"@id\":\"https:\\\/\\\/vitablanca.ma\\\/produit\\\/now-foods-bore-3-mg-250-capsules\\\/#primaryimage\",\"url\":\"https:\\\/\\\/vitablanca.ma\\\/wp-content\\\/uploads\\\/2025\\\/04\\\/now-foods-bore-3-mg-250-capsules-.jpg\",\"contentUrl\":\"https:\\\/\\\/vitablanca.ma\\\/wp-content\\\/uploads\\\/2025\\\/04\\\/now-foods-bore-3-mg-250-capsules-.jpg\",\"width\":680,\"height\":680},{\"@type\":\"BreadcrumbList\",\"@id\":\"https:\\\/\\\/vitablanca.ma\\\/produit\\\/now-foods-bore-3-mg-250-capsules\\\/#breadcrumb\",\"itemListElement\":[{\"@type\":\"ListItem\",\"position\":1,\"name\":\"Home\",\"item\":\"https:\\\/\\\/vitablanca.ma\\\/\"},{\"@type\":\"ListItem\",\"position\":2,\"name\":\"Tous Les Produits\",\"item\":\"https:\\\/\\\/vitablanca.ma\\\/tous-les-produits\\\/\"},{\"@type\":\"ListItem\",\"position\":3,\"name\":\"Now Foods Bore, 3 mg, 250 Capsules\"}]},{\"@type\":\"WebSite\",\"@id\":\"https:\\\/\\\/vitablanca.ma\\\/#website\",\"url\":\"https:\\\/\\\/vitablanca.ma\\\/\",\"name\":\"VitaBlanca.ma | Compl\u00e9ments alimentaires, sant\u00e9 & beaut\u00e9 au Maroc\",\"description\":\"vendre vitamines et compl\u00e9ments premium des USA &amp; Canada, Nouvelle Z\u00e9lande,Maroc (NOW Foods, Solgar, Manuka). Livraison rapide partout au Maroc.\",\"publisher\":{\"@id\":\"https:\\\/\\\/vitablanca.ma\\\/#organization\"},\"alternateName\":\"VitaBlanca.ma\",\"potentialAction\":[{\"@type\":\"SearchAction\",\"target\":{\"@type\":\"EntryPoint\",\"urlTemplate\":\"https:\\\/\\\/vitablanca.ma\\\/?s={search_term_string}\"},\"query-input\":{\"@type\":\"PropertyValueSpecification\",\"valueRequired\":true,\"valueName\":\"search_term_string\"}}],\"inLanguage\":\"ar\"},{\"@type\":\"Organization\",\"@id\":\"https:\\\/\\\/vitablanca.ma\\\/#organization\",\"name\":\"VitaBlanca\",\"url\":\"https:\\\/\\\/vitablanca.ma\\\/\",\"logo\":{\"@type\":\"ImageObject\",\"inLanguage\":\"ar\",\"@id\":\"https:\\\/\\\/vitablanca.ma\\\/#\\\/schema\\\/logo\\\/image\\\/\",\"url\":\"https:\\\/\\\/vitablanca.ma\\\/wp-content\\\/uploads\\\/2025\\\/05\\\/cropped-vitablanca.png\",\"contentUrl\":\"https:\\\/\\\/vitablanca.ma\\\/wp-content\\\/uploads\\\/2025\\\/05\\\/cropped-vitablanca.png\",\"width\":360,\"height\":67,\"caption\":\"VitaBlanca\"},\"image\":{\"@id\":\"https:\\\/\\\/vitablanca.ma\\\/#\\\/schema\\\/logo\\\/image\\\/\"},\"sameAs\":[\"https:\\\/\\\/www.facebook.com\\\/profile.php?id=61576678196717\",\"https:\\\/\\\/www.tiktok.com\\\/@vitablanca.ma\",\"https:\\\/\\\/www.instagram.com\\\/vitablanca.ma\\\/\"]}]}<\/script>\n<!-- \/ Yoast SEO plugin. -->","yoast_head_json":{"title":"Now Foods Boron Bore, 3 mg, 250 Capsules - Maroc Prix","description":"Achetez Now Foods Bore 3 mg (250 capsules) au Maroc. Ce suppl\u00e9ment de bore soutient la sant\u00e9 osseuse, le m\u00e9tabolisme du calcium et du magn\u00e9sium,","robots":{"index":"index","follow":"follow","max-snippet":"max-snippet:-1","max-image-preview":"max-image-preview:large","max-video-preview":"max-video-preview:-1"},"canonical":"https:\/\/vitablanca.ma\/ar\/product-2\/now-foods-bore-3-mg-250-capsules\/","og_locale":"ar_AR","og_type":"article","og_title":"Now Foods Boron Bore, 3 mg, 250 Capsules - Maroc Prix","og_description":"Achetez Now Foods Bore 3 mg (250 capsules) au Maroc. Ce suppl\u00e9ment de bore soutient la sant\u00e9 osseuse, le m\u00e9tabolisme du calcium et du magn\u00e9sium,","og_url":"https:\/\/vitablanca.ma\/ar\/product-2\/now-foods-bore-3-mg-250-capsules\/","og_site_name":"Vitablanca.ma &ndash; Sant&eacute;, vitalit&eacute; et bien-&ecirc;tre pour tous les Marocains","article_publisher":"https:\/\/www.facebook.com\/profile.php?id=61576678196717","article_modified_time":"2025-12-01T19:56:17+00:00","og_image":[{"width":680,"height":680,"url":"https:\/\/vitablanca.ma\/wp-content\/uploads\/2025\/04\/now-foods-bore-3-mg-250-capsules-.jpg","type":"image\/jpeg"}],"twitter_card":"summary_large_image","twitter_misc":{"\u0648\u0642\u062a \u0627\u0644\u0642\u0631\u0627\u0621\u0629 \u0627\u0644\u0645\u064f\u0642\u062f\u0651\u0631":"\u062f\u0642\u064a\u0642\u0629 \u0648\u0627\u062d\u062f\u0629"},"schema":{"@context":"https:\/\/schema.org","@graph":[{"@type":["WebPage","ItemPage"],"@id":"https:\/\/vitablanca.ma\/produit\/now-foods-bore-3-mg-250-capsules\/","url":"https:\/\/vitablanca.ma\/produit\/now-foods-bore-3-mg-250-capsules\/","name":"Now Foods Boron Bore, 3 mg, 250 Capsules - Maroc Prix","isPartOf":{"@id":"https:\/\/vitablanca.ma\/#website"},"primaryImageOfPage":{"@id":"https:\/\/vitablanca.ma\/produit\/now-foods-bore-3-mg-250-capsules\/#primaryimage"},"image":{"@id":"https:\/\/vitablanca.ma\/produit\/now-foods-bore-3-mg-250-capsules\/#primaryimage"},"thumbnailUrl":"https:\/\/vitablanca.ma\/wp-content\/uploads\/2025\/04\/now-foods-bore-3-mg-250-capsules-.jpg","datePublished":"2025-04-27T17:29:27+00:00","dateModified":"2025-12-01T19:56:17+00:00","description":"Achetez Now Foods Bore 3 mg (250 capsules) au Maroc. Ce suppl\u00e9ment de bore soutient la sant\u00e9 osseuse, le m\u00e9tabolisme du calcium et du magn\u00e9sium,","breadcrumb":{"@id":"https:\/\/vitablanca.ma\/produit\/now-foods-bore-3-mg-250-capsules\/#breadcrumb"},"inLanguage":"ar","potentialAction":[{"@type":"ReadAction","target":["https:\/\/vitablanca.ma\/produit\/now-foods-bore-3-mg-250-capsules\/"]}]},{"@type":"ImageObject","inLanguage":"ar","@id":"https:\/\/vitablanca.ma\/produit\/now-foods-bore-3-mg-250-capsules\/#primaryimage","url":"https:\/\/vitablanca.ma\/wp-content\/uploads\/2025\/04\/now-foods-bore-3-mg-250-capsules-.jpg","contentUrl":"https:\/\/vitablanca.ma\/wp-content\/uploads\/2025\/04\/now-foods-bore-3-mg-250-capsules-.jpg","width":680,"height":680},{"@type":"BreadcrumbList","@id":"https:\/\/vitablanca.ma\/produit\/now-foods-bore-3-mg-250-capsules\/#breadcrumb","itemListElement":[{"@type":"ListItem","position":1,"name":"Home","item":"https:\/\/vitablanca.ma\/"},{"@type":"ListItem","position":2,"name":"Tous Les Produits","item":"https:\/\/vitablanca.ma\/tous-les-produits\/"},{"@type":"ListItem","position":3,"name":"Now Foods Bore, 3 mg, 250 Capsules"}]},{"@type":"WebSite","@id":"https:\/\/vitablanca.ma\/#website","url":"https:\/\/vitablanca.ma\/","name":"VitaBlanca.ma | \u0627\u0644\u0645\u0643\u0645\u0644\u0627\u062a \u0627\u0644\u063a\u0630\u0627\u0626\u064a\u0629\u060c \u0627\u0644\u0635\u062d\u0629 \u0648\u0627\u0644\u062c\u0645\u0627\u0644 \u0641\u064a \u0627\u0644\u0645\u063a\u0631\u0628","description":"\u0646\u0628\u064a\u0639 \u0641\u064a\u062a\u0627\u0645\u064a\u0646\u0627\u062a \u0648\u0645\u0643\u0645\u0644\u0627\u062a \u063a\u0630\u0627\u0626\u064a\u0629 \u0641\u0627\u062e\u0631\u0629 \u0645\u0646 \u0627\u0644\u0648\u0644\u0627\u064a\u0627\u062a \u0627\u0644\u0645\u062a\u062d\u062f\u0629 \u0627\u0644\u0623\u0645\u0631\u064a\u0643\u064a\u0629 \u0648\u0643\u0646\u062f\u0627 \u0648\u0646\u064a\u0648\u0632\u064a\u0644\u0646\u062f\u0627 \u0648\u0627\u0644\u0645\u063a\u0631\u0628 (\u0646\u0627\u0648 \u0641\u0648\u062f\u0632\u060c \u0633\u0648\u0644\u062c\u0627\u0631\u060c \u0645\u0627\u0646\u0648\u0643\u0627). \u062a\u0648\u0635\u064a\u0644 \u0633\u0631\u064a\u0639 \u0625\u0644\u0649 \u062c\u0645\u064a\u0639 \u0623\u0646\u062d\u0627\u0621 \u0627\u0644\u0645\u063a\u0631\u0628.","publisher":{"@id":"https:\/\/vitablanca.ma\/#organization"},"alternateName":"VitaBlanca.ma","potentialAction":[{"@type":"SearchAction","target":{"@type":"EntryPoint","urlTemplate":"https:\/\/vitablanca.ma\/?s={search_term_string}"},"query-input":{"@type":"PropertyValueSpecification","valueRequired":true,"valueName":"search_term_string"}}],"inLanguage":"ar"},{"@type":"Organization","@id":"https:\/\/vitablanca.ma\/#organization","name":"\u0641\u064a\u062a\u0627\u0628\u0644\u0627\u0646\u0643\u0627","url":"https:\/\/vitablanca.ma\/","logo":{"@type":"ImageObject","inLanguage":"ar","@id":"https:\/\/vitablanca.ma\/#\/schema\/logo\/image\/","url":"https:\/\/vitablanca.ma\/wp-content\/uploads\/2025\/05\/cropped-vitablanca.png","contentUrl":"https:\/\/vitablanca.ma\/wp-content\/uploads\/2025\/05\/cropped-vitablanca.png","width":360,"height":67,"caption":"VitaBlanca"},"image":{"@id":"https:\/\/vitablanca.ma\/#\/schema\/logo\/image\/"},"sameAs":["https:\/\/www.facebook.com\/profile.php?id=61576678196717","https:\/\/www.tiktok.com\/@vitablanca.ma","https:\/\/www.instagram.com\/vitablanca.ma\/"]}]}},"jetpack_sharing_enabled":true,"_links":{"self":[{"href":"https:\/\/vitablanca.ma\/ar\/wp-json\/wp\/v2\/product\/605","targetHints":{"allow":["GET"]}}],"collection":[{"href":"https:\/\/vitablanca.ma\/ar\/wp-json\/wp\/v2\/product"}],"about":[{"href":"https:\/\/vitablanca.ma\/ar\/wp-json\/wp\/v2\/types\/product"}],"wp:featuredmedia":[{"embeddable":true,"href":"https:\/\/vitablanca.ma\/ar\/wp-json\/wp\/v2\/media\/606"}],"wp:attachment":[{"href":"https:\/\/vitablanca.ma\/ar\/wp-json\/wp\/v2\/media?parent=605"}],"wp:term":[{"taxonomy":"product_brand","embeddable":true,"href":"https:\/\/vitablanca.ma\/ar\/wp-json\/wp\/v2\/product_brand?post=605"},{"taxonomy":"product_cat","embeddable":true,"href":"https:\/\/vitablanca.ma\/ar\/wp-json\/wp\/v2\/product_cat?post=605"},{"taxonomy":"product_tag","embeddable":true,"href":"https:\/\/vitablanca.ma\/ar\/wp-json\/wp\/v2\/product_tag?post=605"}],"curies":[{"name":"wp","href":"https:\/\/api.w.org\/{rel}","templated":true}]}}