{"id":565,"date":"2025-04-27T14:53:52","date_gmt":"2025-04-27T14:53:52","guid":{"rendered":"https:\/\/vitablanca.ma\/?post_type=product&#038;p=565"},"modified":"2025-12-01T19:45:29","modified_gmt":"2025-12-01T19:45:29","slug":"future-biotics-relax-sleep-120-vegetarian-tablets","status":"publish","type":"product","link":"https:\/\/vitablanca.ma\/ar\/product-2\/future-biotics-relax-sleep-120-vegetarian-tablets\/","title":{"rendered":"Future Biotics Relax &#038; Sleep, 120 Vegetarian Tablets"},"content":{"rendered":"<p>Un m\u00e9lange relaxant puissant qui vous aidera \u00e0 dormir<\/p>\n<p>Tout comme une bonne alimentation et de l&rsquo;exercice, le sommeil est essentiel pour votre corps. Non seulement cela garantit que vous \u00eates physiquement en bonne sant\u00e9 et en forme, mais une bonne routine de sommeil peut vous aider \u00e0 rester plus actif mentalement et \u00e0 mieux vous concentrer. Si vous avez du mal \u00e0 vous endormir ou \u00e0 rester endormi, la formule Relax and Sleep de Futurebiotics pourrait bien \u00eatre le compl\u00e9ment qu&rsquo;il vous faut.<\/p>\n<p>Aide grandement \u00e0 \u00e9tablir des mod\u00e8les de sommeil<\/p>\n<p>\u00e9tablissement d&rsquo;un mod\u00e8le de sommeil peut parfois \u00eatre plus difficile que la plupart des gens ne l&rsquo;imaginent, surtout si vous souffrez d&rsquo;insomnie. Cependant, ce suppl\u00e9ment r\u00e9duit consid\u00e9rablement les sympt\u00f4mes de l&rsquo;insomnie et garantit que vous pouvez dormir quand vous le souhaitez.<\/p>\n<p>Soutient la sant\u00e9 des os Le<\/p>\n<p>sommeil n&rsquo;est pas seulement un moyen pour votre esprit de se reposer, mais c&rsquo;est aussi le moment o\u00f9 votre corps commence son processus de r\u00e9g\u00e9n\u00e9ration. Ce suppl\u00e9ment contient du magn\u00e9sium et du calcium, qui sont tous deux des min\u00e9raux essentiels \u00e0 la sant\u00e9 des os. Le processus de r\u00e9cup\u00e9ration du corps augmente massivement lo<\/p>\n<p>rsque vous dormez, c&rsquo;est pourquoi ce suppl\u00e9ment am\u00e9liore \u00e9galement consid\u00e9rablement la qualit\u00e9 de vos os lorsque vous dormez.<\/p>\n<p>Soutient un sommeil meilleur et plus relaxant<\/p>\n<p>Diverses \u00e9tudes ont montr\u00e9 que le magn\u00e9sium est n\u00e9cessaire \u00e0 diverses fonctions corporsans elles, dont le sommeil. Les chercheurs ont d\u00e9couvert que l&rsquo;insomnie \u00e9tait un sympt\u00f4me tr\u00e8s courant d&rsquo;une carence en magn\u00e9sium. De plus,<\/p>\n<p>le magn\u00e9sium aide \u00e0 la production de GABA, ce qui favorise le sommeil.<\/p>","protected":false},"excerpt":{"rendered":"<ul>\n<li>Un m\u00e9lange relaxant puissant qui vous aidera \u00e0 dormir<\/li>\n<li>Aide grandement \u00e0 \u00e9tablir des mod\u00e8les de sommeil<\/li>\n<li>\u064a\u062f\u0639\u0645 \u0635\u062d\u0629 \u0627\u0644\u0639\u0638\u0627\u0645<\/li>\n<li>Soutient un sommeil meilleur et plus relaxant<\/li>\n<li>Ne m\u00e8ne pas \u00e0 la toxicomanie<\/li>\n<li>Un excellent produit pour les adultes L&rsquo;<\/li>\n<li>Formule naturelle et non addictive<\/li>\n<li>Formule botanique et min\u00e9rale enti\u00e8rement naturelle<\/li>\n<\/ul>","protected":false},"featured_media":566,"template":"","meta":{"om_disable_all_campaigns":false},"product_brand":[535],"product_cat":[18,3366,20,19],"product_tag":[539,540,541,538,219,537,542,536],"class_list":{"0":"post-565","1":"product","2":"type-product","3":"status-publish","4":"has-post-thumbnail","6":"product_brand-future-biotics","7":"product_cat-beaute-sante","8":"product_cat-complements-alimentaires-au-maroc-vitablanca","9":"product_cat-supplements","10":"product_cat-vitamines-supplements-dietetiques","11":"product_tag-future-biotics-iherb","12":"product_tag-future-biotics-prix-au-maroc","13":"product_tag-futurebiotics-relax","14":"product_tag-pas-damidon","15":"product_tag-sans-soja","16":"product_tag-sans-sucre","17":"product_tag-sleep-formula","18":"product_tag-supplement-vegetarien","20":"first","21":"instock","22":"sale","23":"taxable","24":"shipping-taxable","25":"purchasable","26":"product-type-simple"},"yoast_head":"<!-- This site is optimized with the Yoast SEO plugin v27.4 - https:\/\/yoast.com\/product\/yoast-seo-wordpress\/ -->\n<title>Future Biotics Relax &amp; Sleep, 120 Vegetarian Tablets - Maroc Prix<\/title>\n<meta name=\"description\" content=\"Achetez FutureBiotics Relax &amp; Sleep (120 comprim\u00e9s) au Maroc. Favorise la relaxation, r\u00e9duit le stress et assure un sommeil naturel et r\u00e9parateur.\" \/>\n<meta name=\"robots\" content=\"index, follow, max-snippet:-1, max-image-preview:large, max-video-preview:-1\" \/>\n<link rel=\"canonical\" href=\"https:\/\/vitablanca.ma\/ar\/product-2\/future-biotics-relax-sleep-120-vegetarian-tablets\/\" \/>\n<meta property=\"og:locale\" content=\"ar_AR\" \/>\n<meta property=\"og:type\" content=\"article\" \/>\n<meta property=\"og:title\" content=\"Future Biotics Relax &amp; Sleep, 120 Vegetarian Tablets - Maroc Prix\" \/>\n<meta property=\"og:description\" content=\"Achetez FutureBiotics Relax &amp; Sleep (120 comprim\u00e9s) au Maroc. Favorise la relaxation, r\u00e9duit le stress et assure un sommeil naturel et r\u00e9parateur.\" \/>\n<meta property=\"og:url\" content=\"https:\/\/vitablanca.ma\/ar\/product-2\/future-biotics-relax-sleep-120-vegetarian-tablets\/\" \/>\n<meta property=\"og:site_name\" content=\"Vitablanca.ma &ndash; Sant&eacute;, vitalit&eacute; et bien-&ecirc;tre pour tous les Marocains\" \/>\n<meta property=\"article:publisher\" content=\"https:\/\/www.facebook.com\/profile.php?id=61576678196717\" \/>\n<meta property=\"article:modified_time\" content=\"2025-12-01T19:45:29+00:00\" \/>\n<meta property=\"og:image\" content=\"https:\/\/vitablanca.ma\/wp-content\/uploads\/2025\/04\/1-relax-sleep-120-vegetarian-tablets-future-.jpg\" \/>\n\t<meta property=\"og:image:width\" content=\"680\" \/>\n\t<meta property=\"og:image:height\" content=\"680\" \/>\n\t<meta property=\"og:image:type\" content=\"image\/jpeg\" \/>\n<meta name=\"twitter:card\" content=\"summary_large_image\" \/>\n<meta name=\"twitter:label1\" content=\"\u0648\u0642\u062a \u0627\u0644\u0642\u0631\u0627\u0621\u0629 \u0627\u0644\u0645\u064f\u0642\u062f\u0651\u0631\" \/>\n\t<meta name=\"twitter:data1\" content=\"\u062f\u0642\u064a\u0642\u062a\u0627\u0646\" \/>\n<script type=\"application\/ld+json\" class=\"yoast-schema-graph\">{\"@context\":\"https:\\\/\\\/schema.org\",\"@graph\":[{\"@type\":[\"WebPage\",\"ItemPage\"],\"@id\":\"https:\\\/\\\/vitablanca.ma\\\/produit\\\/future-biotics-relax-sleep-120-vegetarian-tablets\\\/\",\"url\":\"https:\\\/\\\/vitablanca.ma\\\/produit\\\/future-biotics-relax-sleep-120-vegetarian-tablets\\\/\",\"name\":\"Future Biotics Relax & Sleep, 120 Vegetarian Tablets - Maroc Prix\",\"isPartOf\":{\"@id\":\"https:\\\/\\\/vitablanca.ma\\\/#website\"},\"primaryImageOfPage\":{\"@id\":\"https:\\\/\\\/vitablanca.ma\\\/produit\\\/future-biotics-relax-sleep-120-vegetarian-tablets\\\/#primaryimage\"},\"image\":{\"@id\":\"https:\\\/\\\/vitablanca.ma\\\/produit\\\/future-biotics-relax-sleep-120-vegetarian-tablets\\\/#primaryimage\"},\"thumbnailUrl\":\"https:\\\/\\\/vitablanca.ma\\\/wp-content\\\/uploads\\\/2025\\\/04\\\/1-relax-sleep-120-vegetarian-tablets-future-.jpg\",\"datePublished\":\"2025-04-27T14:53:52+00:00\",\"dateModified\":\"2025-12-01T19:45:29+00:00\",\"description\":\"Achetez FutureBiotics Relax & Sleep (120 comprim\u00e9s) au Maroc. Favorise la relaxation, r\u00e9duit le stress et assure un sommeil naturel et r\u00e9parateur.\",\"breadcrumb\":{\"@id\":\"https:\\\/\\\/vitablanca.ma\\\/produit\\\/future-biotics-relax-sleep-120-vegetarian-tablets\\\/#breadcrumb\"},\"inLanguage\":\"ar\",\"potentialAction\":[{\"@type\":\"ReadAction\",\"target\":[\"https:\\\/\\\/vitablanca.ma\\\/produit\\\/future-biotics-relax-sleep-120-vegetarian-tablets\\\/\"]}]},{\"@type\":\"ImageObject\",\"inLanguage\":\"ar\",\"@id\":\"https:\\\/\\\/vitablanca.ma\\\/produit\\\/future-biotics-relax-sleep-120-vegetarian-tablets\\\/#primaryimage\",\"url\":\"https:\\\/\\\/vitablanca.ma\\\/wp-content\\\/uploads\\\/2025\\\/04\\\/1-relax-sleep-120-vegetarian-tablets-future-.jpg\",\"contentUrl\":\"https:\\\/\\\/vitablanca.ma\\\/wp-content\\\/uploads\\\/2025\\\/04\\\/1-relax-sleep-120-vegetarian-tablets-future-.jpg\",\"width\":680,\"height\":680},{\"@type\":\"BreadcrumbList\",\"@id\":\"https:\\\/\\\/vitablanca.ma\\\/produit\\\/future-biotics-relax-sleep-120-vegetarian-tablets\\\/#breadcrumb\",\"itemListElement\":[{\"@type\":\"ListItem\",\"position\":1,\"name\":\"Home\",\"item\":\"https:\\\/\\\/vitablanca.ma\\\/\"},{\"@type\":\"ListItem\",\"position\":2,\"name\":\"Tous Les Produits\",\"item\":\"https:\\\/\\\/vitablanca.ma\\\/tous-les-produits\\\/\"},{\"@type\":\"ListItem\",\"position\":3,\"name\":\"Future Biotics Relax &#038; Sleep, 120 Vegetarian Tablets\"}]},{\"@type\":\"WebSite\",\"@id\":\"https:\\\/\\\/vitablanca.ma\\\/#website\",\"url\":\"https:\\\/\\\/vitablanca.ma\\\/\",\"name\":\"VitaBlanca.ma | Compl\u00e9ments alimentaires, sant\u00e9 & beaut\u00e9 au Maroc\",\"description\":\"vendre vitamines et compl\u00e9ments premium des USA &amp; Canada, Nouvelle Z\u00e9lande,Maroc (NOW Foods, Solgar, Manuka). Livraison rapide partout au Maroc.\",\"publisher\":{\"@id\":\"https:\\\/\\\/vitablanca.ma\\\/#organization\"},\"alternateName\":\"VitaBlanca.ma\",\"potentialAction\":[{\"@type\":\"SearchAction\",\"target\":{\"@type\":\"EntryPoint\",\"urlTemplate\":\"https:\\\/\\\/vitablanca.ma\\\/?s={search_term_string}\"},\"query-input\":{\"@type\":\"PropertyValueSpecification\",\"valueRequired\":true,\"valueName\":\"search_term_string\"}}],\"inLanguage\":\"ar\"},{\"@type\":\"Organization\",\"@id\":\"https:\\\/\\\/vitablanca.ma\\\/#organization\",\"name\":\"VitaBlanca\",\"url\":\"https:\\\/\\\/vitablanca.ma\\\/\",\"logo\":{\"@type\":\"ImageObject\",\"inLanguage\":\"ar\",\"@id\":\"https:\\\/\\\/vitablanca.ma\\\/#\\\/schema\\\/logo\\\/image\\\/\",\"url\":\"https:\\\/\\\/vitablanca.ma\\\/wp-content\\\/uploads\\\/2025\\\/05\\\/cropped-vitablanca.png\",\"contentUrl\":\"https:\\\/\\\/vitablanca.ma\\\/wp-content\\\/uploads\\\/2025\\\/05\\\/cropped-vitablanca.png\",\"width\":360,\"height\":67,\"caption\":\"VitaBlanca\"},\"image\":{\"@id\":\"https:\\\/\\\/vitablanca.ma\\\/#\\\/schema\\\/logo\\\/image\\\/\"},\"sameAs\":[\"https:\\\/\\\/www.facebook.com\\\/profile.php?id=61576678196717\",\"https:\\\/\\\/www.tiktok.com\\\/@vitablanca.ma\",\"https:\\\/\\\/www.instagram.com\\\/vitablanca.ma\\\/\"]}]}<\/script>\n<!-- \/ Yoast SEO plugin. -->","yoast_head_json":{"title":"Future Biotics Relax & Sleep, 120 Vegetarian Tablets - Maroc Prix","description":"Achetez FutureBiotics Relax & Sleep (120 comprim\u00e9s) au Maroc. Favorise la relaxation, r\u00e9duit le stress et assure un sommeil naturel et r\u00e9parateur.","robots":{"index":"index","follow":"follow","max-snippet":"max-snippet:-1","max-image-preview":"max-image-preview:large","max-video-preview":"max-video-preview:-1"},"canonical":"https:\/\/vitablanca.ma\/ar\/product-2\/future-biotics-relax-sleep-120-vegetarian-tablets\/","og_locale":"ar_AR","og_type":"article","og_title":"Future Biotics Relax & Sleep, 120 Vegetarian Tablets - Maroc Prix","og_description":"Achetez FutureBiotics Relax & Sleep (120 comprim\u00e9s) au Maroc. Favorise la relaxation, r\u00e9duit le stress et assure un sommeil naturel et r\u00e9parateur.","og_url":"https:\/\/vitablanca.ma\/ar\/product-2\/future-biotics-relax-sleep-120-vegetarian-tablets\/","og_site_name":"Vitablanca.ma &ndash; Sant&eacute;, vitalit&eacute; et bien-&ecirc;tre pour tous les Marocains","article_publisher":"https:\/\/www.facebook.com\/profile.php?id=61576678196717","article_modified_time":"2025-12-01T19:45:29+00:00","og_image":[{"width":680,"height":680,"url":"https:\/\/vitablanca.ma\/wp-content\/uploads\/2025\/04\/1-relax-sleep-120-vegetarian-tablets-future-.jpg","type":"image\/jpeg"}],"twitter_card":"summary_large_image","twitter_misc":{"\u0648\u0642\u062a \u0627\u0644\u0642\u0631\u0627\u0621\u0629 \u0627\u0644\u0645\u064f\u0642\u062f\u0651\u0631":"\u062f\u0642\u064a\u0642\u062a\u0627\u0646"},"schema":{"@context":"https:\/\/schema.org","@graph":[{"@type":["WebPage","ItemPage"],"@id":"https:\/\/vitablanca.ma\/produit\/future-biotics-relax-sleep-120-vegetarian-tablets\/","url":"https:\/\/vitablanca.ma\/produit\/future-biotics-relax-sleep-120-vegetarian-tablets\/","name":"Future Biotics Relax & Sleep, 120 Vegetarian Tablets - Maroc Prix","isPartOf":{"@id":"https:\/\/vitablanca.ma\/#website"},"primaryImageOfPage":{"@id":"https:\/\/vitablanca.ma\/produit\/future-biotics-relax-sleep-120-vegetarian-tablets\/#primaryimage"},"image":{"@id":"https:\/\/vitablanca.ma\/produit\/future-biotics-relax-sleep-120-vegetarian-tablets\/#primaryimage"},"thumbnailUrl":"https:\/\/vitablanca.ma\/wp-content\/uploads\/2025\/04\/1-relax-sleep-120-vegetarian-tablets-future-.jpg","datePublished":"2025-04-27T14:53:52+00:00","dateModified":"2025-12-01T19:45:29+00:00","description":"Achetez FutureBiotics Relax & Sleep (120 comprim\u00e9s) au Maroc. Favorise la relaxation, r\u00e9duit le stress et assure un sommeil naturel et r\u00e9parateur.","breadcrumb":{"@id":"https:\/\/vitablanca.ma\/produit\/future-biotics-relax-sleep-120-vegetarian-tablets\/#breadcrumb"},"inLanguage":"ar","potentialAction":[{"@type":"ReadAction","target":["https:\/\/vitablanca.ma\/produit\/future-biotics-relax-sleep-120-vegetarian-tablets\/"]}]},{"@type":"ImageObject","inLanguage":"ar","@id":"https:\/\/vitablanca.ma\/produit\/future-biotics-relax-sleep-120-vegetarian-tablets\/#primaryimage","url":"https:\/\/vitablanca.ma\/wp-content\/uploads\/2025\/04\/1-relax-sleep-120-vegetarian-tablets-future-.jpg","contentUrl":"https:\/\/vitablanca.ma\/wp-content\/uploads\/2025\/04\/1-relax-sleep-120-vegetarian-tablets-future-.jpg","width":680,"height":680},{"@type":"BreadcrumbList","@id":"https:\/\/vitablanca.ma\/produit\/future-biotics-relax-sleep-120-vegetarian-tablets\/#breadcrumb","itemListElement":[{"@type":"ListItem","position":1,"name":"Home","item":"https:\/\/vitablanca.ma\/"},{"@type":"ListItem","position":2,"name":"Tous Les Produits","item":"https:\/\/vitablanca.ma\/tous-les-produits\/"},{"@type":"ListItem","position":3,"name":"Future Biotics Relax &#038; Sleep, 120 Vegetarian Tablets"}]},{"@type":"WebSite","@id":"https:\/\/vitablanca.ma\/#website","url":"https:\/\/vitablanca.ma\/","name":"VitaBlanca.ma | \u0627\u0644\u0645\u0643\u0645\u0644\u0627\u062a \u0627\u0644\u063a\u0630\u0627\u0626\u064a\u0629\u060c \u0627\u0644\u0635\u062d\u0629 \u0648\u0627\u0644\u062c\u0645\u0627\u0644 \u0641\u064a \u0627\u0644\u0645\u063a\u0631\u0628","description":"\u0646\u0628\u064a\u0639 \u0641\u064a\u062a\u0627\u0645\u064a\u0646\u0627\u062a \u0648\u0645\u0643\u0645\u0644\u0627\u062a \u063a\u0630\u0627\u0626\u064a\u0629 \u0641\u0627\u062e\u0631\u0629 \u0645\u0646 \u0627\u0644\u0648\u0644\u0627\u064a\u0627\u062a \u0627\u0644\u0645\u062a\u062d\u062f\u0629 \u0627\u0644\u0623\u0645\u0631\u064a\u0643\u064a\u0629 \u0648\u0643\u0646\u062f\u0627 \u0648\u0646\u064a\u0648\u0632\u064a\u0644\u0646\u062f\u0627 \u0648\u0627\u0644\u0645\u063a\u0631\u0628 (\u0646\u0627\u0648 \u0641\u0648\u062f\u0632\u060c \u0633\u0648\u0644\u062c\u0627\u0631\u060c \u0645\u0627\u0646\u0648\u0643\u0627). \u062a\u0648\u0635\u064a\u0644 \u0633\u0631\u064a\u0639 \u0625\u0644\u0649 \u062c\u0645\u064a\u0639 \u0623\u0646\u062d\u0627\u0621 \u0627\u0644\u0645\u063a\u0631\u0628.","publisher":{"@id":"https:\/\/vitablanca.ma\/#organization"},"alternateName":"VitaBlanca.ma","potentialAction":[{"@type":"SearchAction","target":{"@type":"EntryPoint","urlTemplate":"https:\/\/vitablanca.ma\/?s={search_term_string}"},"query-input":{"@type":"PropertyValueSpecification","valueRequired":true,"valueName":"search_term_string"}}],"inLanguage":"ar"},{"@type":"Organization","@id":"https:\/\/vitablanca.ma\/#organization","name":"\u0641\u064a\u062a\u0627\u0628\u0644\u0627\u0646\u0643\u0627","url":"https:\/\/vitablanca.ma\/","logo":{"@type":"ImageObject","inLanguage":"ar","@id":"https:\/\/vitablanca.ma\/#\/schema\/logo\/image\/","url":"https:\/\/vitablanca.ma\/wp-content\/uploads\/2025\/05\/cropped-vitablanca.png","contentUrl":"https:\/\/vitablanca.ma\/wp-content\/uploads\/2025\/05\/cropped-vitablanca.png","width":360,"height":67,"caption":"VitaBlanca"},"image":{"@id":"https:\/\/vitablanca.ma\/#\/schema\/logo\/image\/"},"sameAs":["https:\/\/www.facebook.com\/profile.php?id=61576678196717","https:\/\/www.tiktok.com\/@vitablanca.ma","https:\/\/www.instagram.com\/vitablanca.ma\/"]}]}},"jetpack_sharing_enabled":true,"_links":{"self":[{"href":"https:\/\/vitablanca.ma\/ar\/wp-json\/wp\/v2\/product\/565","targetHints":{"allow":["GET"]}}],"collection":[{"href":"https:\/\/vitablanca.ma\/ar\/wp-json\/wp\/v2\/product"}],"about":[{"href":"https:\/\/vitablanca.ma\/ar\/wp-json\/wp\/v2\/types\/product"}],"wp:featuredmedia":[{"embeddable":true,"href":"https:\/\/vitablanca.ma\/ar\/wp-json\/wp\/v2\/media\/566"}],"wp:attachment":[{"href":"https:\/\/vitablanca.ma\/ar\/wp-json\/wp\/v2\/media?parent=565"}],"wp:term":[{"taxonomy":"product_brand","embeddable":true,"href":"https:\/\/vitablanca.ma\/ar\/wp-json\/wp\/v2\/product_brand?post=565"},{"taxonomy":"product_cat","embeddable":true,"href":"https:\/\/vitablanca.ma\/ar\/wp-json\/wp\/v2\/product_cat?post=565"},{"taxonomy":"product_tag","embeddable":true,"href":"https:\/\/vitablanca.ma\/ar\/wp-json\/wp\/v2\/product_tag?post=565"}],"curies":[{"name":"wp","href":"https:\/\/api.w.org\/{rel}","templated":true}]}}