{"id":497,"date":"2025-04-26T03:09:36","date_gmt":"2025-04-26T03:09:36","guid":{"rendered":"https:\/\/vitablanca.ma\/?post_type=product&#038;p=497"},"modified":"2025-08-30T21:28:36","modified_gmt":"2025-08-30T21:28:36","slug":"now-foods-inuline-certifiee-biologique-poudre-probiotique-pure-227-g","status":"publish","type":"product","link":"https:\/\/vitablanca.ma\/ar\/product-2\/now-foods-inuline-certifiee-biologique-poudre-probiotique-pure-227-g\/","title":{"rendered":"\u0645\u0633\u062d\u0648\u0642 \u0628\u0631\u0648\u0628\u064a\u0648\u062a\u064a\u0643 \u0646\u0642\u064a\u060c \u0625\u0646\u0648\u0644\u064a\u0646 \u0639\u0636\u0648\u064a \u0645\u0639\u062a\u0645\u062f \u0645\u0646 \u0646\u0627\u0648 \u0641\u0648\u062f\u0632\u060c 227 \u062c\u0645"},"content":{"rendered":"<p>L\u2019inuline, un fructo-oligosaccharide (FOS), est une fibre pr\u00e9biotique soluble qui r\u00e9siste \u00e0 la digestion et atteint le gros intestin en restant quasiment intacte. Les bact\u00e9ries probiotiques intestinales consomment de l\u2019inuline et produisent \u00e0 leur tour les acides gras \u00e0 cha\u00eene courte qui nourrissent les cellules qui tapissent le c\u00f4lon. L\u2019inuline aide ainsi \u00e0 maintenir la sant\u00e9 et la fonction intestinales. L\u2019inuline a une saveur agr\u00e9able qui ajoute une saveur sucr\u00e9e aux aliments et aux boissons, mais qui a un indice glyc\u00e9mique tr\u00e8s bas et n\u2019aura pas d\u2019impact n\u00e9gatif sur la glyc\u00e9mie.<\/p>\n<p>\u0627\u0644\u0627\u0633\u062a\u062e\u062f\u0627\u0645 \u0627\u0644\u0645\u0642\u062a\u0631\u062d<\/p>\n<p>\u062a\u0646\u0627\u0648\u0644 \u0645\u0644\u0639\u0642\u0629 \u0635\u063a\u064a\u0631\u0629 \u0645\u0646 \u0645\u0631\u0629 \u0625\u0644\u0649 \u062b\u0644\u0627\u062b \u0645\u0631\u0627\u062a \u064a\u0648\u0645\u064a\u064b\u0627. \u0627\u0645\u0632\u062c\u0647 \u0645\u0639 \u0645\u0634\u0631\u0648\u0628\u0643 \u0623\u0648 \u0637\u0639\u0627\u0645\u0643 \u0627\u0644\u0645\u0641\u0636\u0644. \u0627\u0628\u062f\u0623 \u0628\u0645\u0644\u0639\u0642\u0629 \u0635\u063a\u064a\u0631\u0629 \u064a\u0648\u0645\u064a\u064b\u0627\u060c \u062b\u0645 \u0632\u062f \u0627\u0644\u062c\u0631\u0639\u0629 \u062a\u062f\u0631\u064a\u062c\u064a\u064b\u0627.<\/p>","protected":false},"excerpt":{"rendered":"<ul>\n<li>\u062f\u0639\u0645 \u0627\u0644\u0623\u0645\u0639\u0627\u0621 \u0628\u0627\u0644\u0628\u0631\u064a\u0628\u0627\u064a\u0648\u062a\u064a\u0643<\/li>\n<li>\u064a\u063a\u0630\u064a \u0627\u0644\u0628\u0643\u062a\u064a\u0631\u064a\u0627 \u0627\u0644\u062c\u064a\u062f\u0629<\/li>\n<li>\u0645\u0624\u0634\u0631 \u0646\u0633\u0628\u0629 \u0627\u0644\u0633\u0643\u0631 \u0641\u064a \u0627\u0644\u062f\u0645 \u0645\u0646\u062e\u0641\u0636 \u062c\u062f\u064b\u0627<\/li>\n<li>\u0639\u0636\u0648\u064a \u0645\u0639\u062a\u0645\u062f \u0645\u0646 \u0648\u0632\u0627\u0631\u0629 \u0627\u0644\u0632\u0631\u0627\u0639\u0629 \u0627\u0644\u0623\u0645\u0631\u064a\u0643\u064a\u0629<\/li>\n<li>\u0645\u0643\u0645\u0644 \u063a\u0630\u0627\u0626\u064a<\/li>\n<li>\u0646\u0628\u0627\u062a\u064a \u2013 \u0646\u0628\u0627\u062a\u064a \u0635\u0631\u0641<\/li>\n<li>\u062a\u0645 \u0627\u0644\u062a\u062d\u0642\u0642 \u0645\u0646 \u0645\u0634\u0631\u0648\u0639 \u063a\u064a\u0631 \u0645\u0639\u062f\u0644 \u0648\u0631\u0627\u062b\u064a\u064b\u0627<\/li>\n<li>\u0627\u0644\u0647\u0636\u0645<\/li>\n<li>\u0636\u0645\u0627\u0646 \u0627\u0644\u062c\u0648\u062f\u0629 \u0648\u0641\u0642\u064b\u0627 \u0644\u0645\u0639\u0627\u064a\u064a\u0631 GMP<\/li>\n<\/ul>","protected":false},"featured_media":498,"template":"","meta":{"om_disable_all_campaigns":false},"product_brand":[83],"product_cat":[18,3366,304,19],"product_tag":[181,88,129,496,93,91,388,726,497,498,387],"class_list":{"0":"post-497","1":"product","2":"type-product","3":"status-publish","4":"has-post-thumbnail","6":"product_brand-now-foods-maroc-prix","7":"product_cat-beaute-sante","8":"product_cat-complements-alimentaires-au-maroc-vitablanca","9":"product_cat-supplements-vitaminiques-mineraux-multiples","10":"product_cat-vitamines-supplements-dietetiques","11":"product_tag-complement-alimentaire","12":"product_tag-now-foods","13":"product_tag-now-foods-casa","14":"product_tag-now-foods-inuline-certifiee-biologique","15":"product_tag-now-foods-jumia","16":"product_tag-now-foods-maroc","17":"product_tag-now-foods-maroc-avis","18":"product_tag-now-foods-maroc-prix","19":"product_tag-poudre-probiotique-pure","20":"product_tag-soutien-prebiotique","21":"product_tag-vegetarien","23":"first","24":"instock","25":"sale","26":"taxable","27":"shipping-taxable","28":"purchasable","29":"product-type-simple"},"yoast_head":"<!-- This site is optimized with the Yoast SEO plugin v27.5 - https:\/\/yoast.com\/product\/yoast-seo-wordpress\/ -->\n<title>Now Foods Inuline certifi\u00e9e ,Poudre probiotique pure, 227 g - Maroc<\/title>\n<meta name=\"description\" content=\"Achetez Now Foods Inuline certifi\u00e9e biologique 227g au Maroc. Cette poudre probiotique pure est id\u00e9ale pour soutenir la sant\u00e9 digestive.\" \/>\n<meta name=\"robots\" content=\"index, follow, max-snippet:-1, max-image-preview:large, max-video-preview:-1\" \/>\n<link rel=\"canonical\" href=\"https:\/\/vitablanca.ma\/ar\/product-2\/now-foods-inuline-certifiee-biologique-poudre-probiotique-pure-227-g\/\" \/>\n<meta property=\"og:locale\" content=\"ar_AR\" \/>\n<meta property=\"og:type\" content=\"article\" \/>\n<meta property=\"og:title\" content=\"Now Foods Inuline certifi\u00e9e ,Poudre probiotique pure, 227 g - Maroc\" \/>\n<meta property=\"og:description\" content=\"Achetez Now Foods Inuline certifi\u00e9e biologique 227g au Maroc. Cette poudre probiotique pure est id\u00e9ale pour soutenir la sant\u00e9 digestive.\" \/>\n<meta property=\"og:url\" content=\"https:\/\/vitablanca.ma\/ar\/product-2\/now-foods-inuline-certifiee-biologique-poudre-probiotique-pure-227-g\/\" \/>\n<meta property=\"og:site_name\" content=\"Vitablanca.ma &ndash; Sant&eacute;, vitalit&eacute; et bien-&ecirc;tre pour tous les Marocains\" \/>\n<meta property=\"article:publisher\" content=\"https:\/\/www.facebook.com\/profile.php?id=61576678196717\" \/>\n<meta property=\"article:modified_time\" content=\"2025-08-30T21:28:36+00:00\" \/>\n<meta property=\"og:image\" content=\"https:\/\/vitablanca.ma\/wp-content\/uploads\/2025\/04\/now-foods-inuline-certifiee-biologique-poudre-.jpg\" \/>\n\t<meta property=\"og:image:width\" content=\"680\" \/>\n\t<meta property=\"og:image:height\" content=\"680\" \/>\n\t<meta property=\"og:image:type\" content=\"image\/jpeg\" \/>\n<meta name=\"twitter:card\" content=\"summary_large_image\" \/>\n<meta name=\"twitter:label1\" content=\"\u0648\u0642\u062a \u0627\u0644\u0642\u0631\u0627\u0621\u0629 \u0627\u0644\u0645\u064f\u0642\u062f\u0651\u0631\" \/>\n\t<meta name=\"twitter:data1\" content=\"\u062f\u0642\u064a\u0642\u0629 \u0648\u0627\u062d\u062f\u0629\" \/>\n<script type=\"application\/ld+json\" class=\"yoast-schema-graph\">{\"@context\":\"https:\\\/\\\/schema.org\",\"@graph\":[{\"@type\":[\"WebPage\",\"ItemPage\"],\"@id\":\"https:\\\/\\\/vitablanca.ma\\\/produit\\\/now-foods-inuline-certifiee-biologique-poudre-probiotique-pure-227-g\\\/\",\"url\":\"https:\\\/\\\/vitablanca.ma\\\/produit\\\/now-foods-inuline-certifiee-biologique-poudre-probiotique-pure-227-g\\\/\",\"name\":\"Now Foods Inuline certifi\u00e9e ,Poudre probiotique pure, 227 g - Maroc\",\"isPartOf\":{\"@id\":\"https:\\\/\\\/vitablanca.ma\\\/#website\"},\"primaryImageOfPage\":{\"@id\":\"https:\\\/\\\/vitablanca.ma\\\/produit\\\/now-foods-inuline-certifiee-biologique-poudre-probiotique-pure-227-g\\\/#primaryimage\"},\"image\":{\"@id\":\"https:\\\/\\\/vitablanca.ma\\\/produit\\\/now-foods-inuline-certifiee-biologique-poudre-probiotique-pure-227-g\\\/#primaryimage\"},\"thumbnailUrl\":\"https:\\\/\\\/vitablanca.ma\\\/wp-content\\\/uploads\\\/2025\\\/04\\\/now-foods-inuline-certifiee-biologique-poudre-.jpg\",\"datePublished\":\"2025-04-26T03:09:36+00:00\",\"dateModified\":\"2025-08-30T21:28:36+00:00\",\"description\":\"Achetez Now Foods Inuline certifi\u00e9e biologique 227g au Maroc. Cette poudre probiotique pure est id\u00e9ale pour soutenir la sant\u00e9 digestive.\",\"breadcrumb\":{\"@id\":\"https:\\\/\\\/vitablanca.ma\\\/produit\\\/now-foods-inuline-certifiee-biologique-poudre-probiotique-pure-227-g\\\/#breadcrumb\"},\"inLanguage\":\"ar\",\"potentialAction\":[{\"@type\":\"ReadAction\",\"target\":[\"https:\\\/\\\/vitablanca.ma\\\/produit\\\/now-foods-inuline-certifiee-biologique-poudre-probiotique-pure-227-g\\\/\"]}]},{\"@type\":\"ImageObject\",\"inLanguage\":\"ar\",\"@id\":\"https:\\\/\\\/vitablanca.ma\\\/produit\\\/now-foods-inuline-certifiee-biologique-poudre-probiotique-pure-227-g\\\/#primaryimage\",\"url\":\"https:\\\/\\\/vitablanca.ma\\\/wp-content\\\/uploads\\\/2025\\\/04\\\/now-foods-inuline-certifiee-biologique-poudre-.jpg\",\"contentUrl\":\"https:\\\/\\\/vitablanca.ma\\\/wp-content\\\/uploads\\\/2025\\\/04\\\/now-foods-inuline-certifiee-biologique-poudre-.jpg\",\"width\":680,\"height\":680},{\"@type\":\"BreadcrumbList\",\"@id\":\"https:\\\/\\\/vitablanca.ma\\\/produit\\\/now-foods-inuline-certifiee-biologique-poudre-probiotique-pure-227-g\\\/#breadcrumb\",\"itemListElement\":[{\"@type\":\"ListItem\",\"position\":1,\"name\":\"Home\",\"item\":\"https:\\\/\\\/vitablanca.ma\\\/\"},{\"@type\":\"ListItem\",\"position\":2,\"name\":\"Tous Les Produits\",\"item\":\"https:\\\/\\\/vitablanca.ma\\\/tous-les-produits\\\/\"},{\"@type\":\"ListItem\",\"position\":3,\"name\":\"Now Foods Inuline certifi\u00e9e biologique, Poudre probiotique pure, 227 g\"}]},{\"@type\":\"WebSite\",\"@id\":\"https:\\\/\\\/vitablanca.ma\\\/#website\",\"url\":\"https:\\\/\\\/vitablanca.ma\\\/\",\"name\":\"VitaBlanca.ma | Compl\u00e9ments alimentaires, sant\u00e9 & beaut\u00e9 au Maroc\",\"description\":\"vendre vitamines et compl\u00e9ments premium des USA &amp; Canada, Nouvelle Z\u00e9lande,Maroc (NOW Foods, Solgar, Manuka). Livraison rapide partout au Maroc.\",\"publisher\":{\"@id\":\"https:\\\/\\\/vitablanca.ma\\\/#organization\"},\"alternateName\":\"VitaBlanca.ma\",\"potentialAction\":[{\"@type\":\"SearchAction\",\"target\":{\"@type\":\"EntryPoint\",\"urlTemplate\":\"https:\\\/\\\/vitablanca.ma\\\/?s={search_term_string}\"},\"query-input\":{\"@type\":\"PropertyValueSpecification\",\"valueRequired\":true,\"valueName\":\"search_term_string\"}}],\"inLanguage\":\"ar\"},{\"@type\":\"Organization\",\"@id\":\"https:\\\/\\\/vitablanca.ma\\\/#organization\",\"name\":\"VitaBlanca\",\"url\":\"https:\\\/\\\/vitablanca.ma\\\/\",\"logo\":{\"@type\":\"ImageObject\",\"inLanguage\":\"ar\",\"@id\":\"https:\\\/\\\/vitablanca.ma\\\/#\\\/schema\\\/logo\\\/image\\\/\",\"url\":\"https:\\\/\\\/vitablanca.ma\\\/wp-content\\\/uploads\\\/2025\\\/05\\\/cropped-vitablanca.png\",\"contentUrl\":\"https:\\\/\\\/vitablanca.ma\\\/wp-content\\\/uploads\\\/2025\\\/05\\\/cropped-vitablanca.png\",\"width\":360,\"height\":67,\"caption\":\"VitaBlanca\"},\"image\":{\"@id\":\"https:\\\/\\\/vitablanca.ma\\\/#\\\/schema\\\/logo\\\/image\\\/\"},\"sameAs\":[\"https:\\\/\\\/www.facebook.com\\\/profile.php?id=61576678196717\",\"https:\\\/\\\/www.tiktok.com\\\/@vitablanca.ma\",\"https:\\\/\\\/www.instagram.com\\\/vitablanca.ma\\\/\"]}]}<\/script>\n<!-- \/ Yoast SEO plugin. -->","yoast_head_json":{"title":"\u0645\u0633\u062d\u0648\u0642 \u0628\u0631\u0648\u0628\u064a\u0648\u062a\u064a\u0643 \u0646\u0642\u064a \u0645\u0639\u062a\u0645\u062f \u0645\u0646 \u0646\u0627\u0648 \u0641\u0648\u062f\u0632\u060c \u0625\u0646\u0648\u0644\u064a\u0646\u060c 227 \u063a\u0631\u0627\u0645 - \u0627\u0644\u0645\u063a\u0631\u0628","description":"\u0627\u0634\u062a\u0631\u0650 \u0627\u0644\u0622\u0646 \u0625\u0646\u0648\u0644\u064a\u0646 \u0639\u0636\u0648\u064a \u0645\u0639\u062a\u0645\u062f \u0645\u0646 \u0641\u0648\u062f\u0632\u060c \u0662\u0662\u0667 \u063a\u0631\u0627\u0645\u060c \u0645\u0646 \u0627\u0644\u0645\u063a\u0631\u0628. \u0647\u0630\u0627 \u0627\u0644\u0645\u0633\u062d\u0648\u0642 \u0627\u0644\u0628\u0631\u0648\u0628\u064a\u0648\u062a\u064a\u0643 \u0627\u0644\u0646\u0642\u064a \u0645\u062b\u0627\u0644\u064a \u0644\u062f\u0639\u0645 \u0635\u062d\u0629 \u0627\u0644\u062c\u0647\u0627\u0632 \u0627\u0644\u0647\u0636\u0645\u064a.","robots":{"index":"index","follow":"follow","max-snippet":"max-snippet:-1","max-image-preview":"max-image-preview:large","max-video-preview":"max-video-preview:-1"},"canonical":"https:\/\/vitablanca.ma\/ar\/product-2\/now-foods-inuline-certifiee-biologique-poudre-probiotique-pure-227-g\/","og_locale":"ar_AR","og_type":"article","og_title":"Now Foods Inuline certifi\u00e9e ,Poudre probiotique pure, 227 g - Maroc","og_description":"Achetez Now Foods Inuline certifi\u00e9e biologique 227g au Maroc. Cette poudre probiotique pure est id\u00e9ale pour soutenir la sant\u00e9 digestive.","og_url":"https:\/\/vitablanca.ma\/ar\/product-2\/now-foods-inuline-certifiee-biologique-poudre-probiotique-pure-227-g\/","og_site_name":"Vitablanca.ma &ndash; Sant&eacute;, vitalit&eacute; et bien-&ecirc;tre pour tous les Marocains","article_publisher":"https:\/\/www.facebook.com\/profile.php?id=61576678196717","article_modified_time":"2025-08-30T21:28:36+00:00","og_image":[{"width":680,"height":680,"url":"https:\/\/vitablanca.ma\/wp-content\/uploads\/2025\/04\/now-foods-inuline-certifiee-biologique-poudre-.jpg","type":"image\/jpeg"}],"twitter_card":"summary_large_image","twitter_misc":{"\u0648\u0642\u062a \u0627\u0644\u0642\u0631\u0627\u0621\u0629 \u0627\u0644\u0645\u064f\u0642\u062f\u0651\u0631":"\u062f\u0642\u064a\u0642\u0629 \u0648\u0627\u062d\u062f\u0629"},"schema":{"@context":"https:\/\/schema.org","@graph":[{"@type":["WebPage","ItemPage"],"@id":"https:\/\/vitablanca.ma\/produit\/now-foods-inuline-certifiee-biologique-poudre-probiotique-pure-227-g\/","url":"https:\/\/vitablanca.ma\/produit\/now-foods-inuline-certifiee-biologique-poudre-probiotique-pure-227-g\/","name":"\u0645\u0633\u062d\u0648\u0642 \u0628\u0631\u0648\u0628\u064a\u0648\u062a\u064a\u0643 \u0646\u0642\u064a \u0645\u0639\u062a\u0645\u062f \u0645\u0646 \u0646\u0627\u0648 \u0641\u0648\u062f\u0632\u060c \u0625\u0646\u0648\u0644\u064a\u0646\u060c 227 \u063a\u0631\u0627\u0645 - \u0627\u0644\u0645\u063a\u0631\u0628","isPartOf":{"@id":"https:\/\/vitablanca.ma\/#website"},"primaryImageOfPage":{"@id":"https:\/\/vitablanca.ma\/produit\/now-foods-inuline-certifiee-biologique-poudre-probiotique-pure-227-g\/#primaryimage"},"image":{"@id":"https:\/\/vitablanca.ma\/produit\/now-foods-inuline-certifiee-biologique-poudre-probiotique-pure-227-g\/#primaryimage"},"thumbnailUrl":"https:\/\/vitablanca.ma\/wp-content\/uploads\/2025\/04\/now-foods-inuline-certifiee-biologique-poudre-.jpg","datePublished":"2025-04-26T03:09:36+00:00","dateModified":"2025-08-30T21:28:36+00:00","description":"\u0627\u0634\u062a\u0631\u0650 \u0627\u0644\u0622\u0646 \u0625\u0646\u0648\u0644\u064a\u0646 \u0639\u0636\u0648\u064a \u0645\u0639\u062a\u0645\u062f \u0645\u0646 \u0641\u0648\u062f\u0632\u060c \u0662\u0662\u0667 \u063a\u0631\u0627\u0645\u060c \u0645\u0646 \u0627\u0644\u0645\u063a\u0631\u0628. \u0647\u0630\u0627 \u0627\u0644\u0645\u0633\u062d\u0648\u0642 \u0627\u0644\u0628\u0631\u0648\u0628\u064a\u0648\u062a\u064a\u0643 \u0627\u0644\u0646\u0642\u064a \u0645\u062b\u0627\u0644\u064a \u0644\u062f\u0639\u0645 \u0635\u062d\u0629 \u0627\u0644\u062c\u0647\u0627\u0632 \u0627\u0644\u0647\u0636\u0645\u064a.","breadcrumb":{"@id":"https:\/\/vitablanca.ma\/produit\/now-foods-inuline-certifiee-biologique-poudre-probiotique-pure-227-g\/#breadcrumb"},"inLanguage":"ar","potentialAction":[{"@type":"ReadAction","target":["https:\/\/vitablanca.ma\/produit\/now-foods-inuline-certifiee-biologique-poudre-probiotique-pure-227-g\/"]}]},{"@type":"ImageObject","inLanguage":"ar","@id":"https:\/\/vitablanca.ma\/produit\/now-foods-inuline-certifiee-biologique-poudre-probiotique-pure-227-g\/#primaryimage","url":"https:\/\/vitablanca.ma\/wp-content\/uploads\/2025\/04\/now-foods-inuline-certifiee-biologique-poudre-.jpg","contentUrl":"https:\/\/vitablanca.ma\/wp-content\/uploads\/2025\/04\/now-foods-inuline-certifiee-biologique-poudre-.jpg","width":680,"height":680},{"@type":"BreadcrumbList","@id":"https:\/\/vitablanca.ma\/produit\/now-foods-inuline-certifiee-biologique-poudre-probiotique-pure-227-g\/#breadcrumb","itemListElement":[{"@type":"ListItem","position":1,"name":"Home","item":"https:\/\/vitablanca.ma\/"},{"@type":"ListItem","position":2,"name":"Tous Les Produits","item":"https:\/\/vitablanca.ma\/tous-les-produits\/"},{"@type":"ListItem","position":3,"name":"Now Foods Inuline certifi\u00e9e biologique, Poudre probiotique pure, 227 g"}]},{"@type":"WebSite","@id":"https:\/\/vitablanca.ma\/#website","url":"https:\/\/vitablanca.ma\/","name":"VitaBlanca.ma | \u0627\u0644\u0645\u0643\u0645\u0644\u0627\u062a \u0627\u0644\u063a\u0630\u0627\u0626\u064a\u0629\u060c \u0627\u0644\u0635\u062d\u0629 \u0648\u0627\u0644\u062c\u0645\u0627\u0644 \u0641\u064a \u0627\u0644\u0645\u063a\u0631\u0628","description":"\u0646\u0628\u064a\u0639 \u0641\u064a\u062a\u0627\u0645\u064a\u0646\u0627\u062a \u0648\u0645\u0643\u0645\u0644\u0627\u062a \u063a\u0630\u0627\u0626\u064a\u0629 \u0641\u0627\u062e\u0631\u0629 \u0645\u0646 \u0627\u0644\u0648\u0644\u0627\u064a\u0627\u062a \u0627\u0644\u0645\u062a\u062d\u062f\u0629 \u0627\u0644\u0623\u0645\u0631\u064a\u0643\u064a\u0629 \u0648\u0643\u0646\u062f\u0627 \u0648\u0646\u064a\u0648\u0632\u064a\u0644\u0646\u062f\u0627 \u0648\u0627\u0644\u0645\u063a\u0631\u0628 (\u0646\u0627\u0648 \u0641\u0648\u062f\u0632\u060c \u0633\u0648\u0644\u062c\u0627\u0631\u060c \u0645\u0627\u0646\u0648\u0643\u0627). \u062a\u0648\u0635\u064a\u0644 \u0633\u0631\u064a\u0639 \u0625\u0644\u0649 \u062c\u0645\u064a\u0639 \u0623\u0646\u062d\u0627\u0621 \u0627\u0644\u0645\u063a\u0631\u0628.","publisher":{"@id":"https:\/\/vitablanca.ma\/#organization"},"alternateName":"VitaBlanca.ma","potentialAction":[{"@type":"SearchAction","target":{"@type":"EntryPoint","urlTemplate":"https:\/\/vitablanca.ma\/?s={search_term_string}"},"query-input":{"@type":"PropertyValueSpecification","valueRequired":true,"valueName":"search_term_string"}}],"inLanguage":"ar"},{"@type":"Organization","@id":"https:\/\/vitablanca.ma\/#organization","name":"\u0641\u064a\u062a\u0627\u0628\u0644\u0627\u0646\u0643\u0627","url":"https:\/\/vitablanca.ma\/","logo":{"@type":"ImageObject","inLanguage":"ar","@id":"https:\/\/vitablanca.ma\/#\/schema\/logo\/image\/","url":"https:\/\/vitablanca.ma\/wp-content\/uploads\/2025\/05\/cropped-vitablanca.png","contentUrl":"https:\/\/vitablanca.ma\/wp-content\/uploads\/2025\/05\/cropped-vitablanca.png","width":360,"height":67,"caption":"VitaBlanca"},"image":{"@id":"https:\/\/vitablanca.ma\/#\/schema\/logo\/image\/"},"sameAs":["https:\/\/www.facebook.com\/profile.php?id=61576678196717","https:\/\/www.tiktok.com\/@vitablanca.ma","https:\/\/www.instagram.com\/vitablanca.ma\/"]}]}},"jetpack_sharing_enabled":true,"_links":{"self":[{"href":"https:\/\/vitablanca.ma\/ar\/wp-json\/wp\/v2\/product\/497","targetHints":{"allow":["GET"]}}],"collection":[{"href":"https:\/\/vitablanca.ma\/ar\/wp-json\/wp\/v2\/product"}],"about":[{"href":"https:\/\/vitablanca.ma\/ar\/wp-json\/wp\/v2\/types\/product"}],"wp:featuredmedia":[{"embeddable":true,"href":"https:\/\/vitablanca.ma\/ar\/wp-json\/wp\/v2\/media\/498"}],"wp:attachment":[{"href":"https:\/\/vitablanca.ma\/ar\/wp-json\/wp\/v2\/media?parent=497"}],"wp:term":[{"taxonomy":"product_brand","embeddable":true,"href":"https:\/\/vitablanca.ma\/ar\/wp-json\/wp\/v2\/product_brand?post=497"},{"taxonomy":"product_cat","embeddable":true,"href":"https:\/\/vitablanca.ma\/ar\/wp-json\/wp\/v2\/product_cat?post=497"},{"taxonomy":"product_tag","embeddable":true,"href":"https:\/\/vitablanca.ma\/ar\/wp-json\/wp\/v2\/product_tag?post=497"}],"curies":[{"name":"wp","href":"https:\/\/api.w.org\/{rel}","templated":true}]}}