{"id":404,"date":"2025-04-22T23:35:29","date_gmt":"2025-04-22T23:35:29","guid":{"rendered":"https:\/\/vitablanca.ma\/?post_type=product&#038;p=404"},"modified":"2026-02-14T15:03:05","modified_gmt":"2026-02-14T15:03:05","slug":"nordic-naturals-huile-de-foie-de-morue-arctique237-ml","status":"publish","type":"product","link":"https:\/\/vitablanca.ma\/ar\/product-2\/nordic-naturals-huile-de-foie-de-morue-arctique237-ml\/","title":{"rendered":"\u0632\u064a\u062a \u0643\u0628\u062f \u0633\u0645\u0643 \u0627\u0644\u0642\u062f \u0627\u0644\u0642\u0637\u0628\u064a \u0645\u0646 \u0646\u0648\u0631\u062f\u064a\u0643 \u0646\u0627\u062a\u0634\u0648\u0631\u0627\u0644\u0632\u060c 237 \u0645\u0644"},"content":{"rendered":"<p lang=\"FR-FR\" xml:lang=\"FR-FR\">\u0623\u0648\u0645\u064a\u062c\u0627 3 \u0645\u0646 \u0633\u0645\u0643 \u0627\u0644\u0642\u062f \u0627\u0644\u0628\u0631\u064a \u0627\u0644\u0642\u0637\u0628\u064a \u0644\u0635\u062d\u0629 \u0627\u0644\u0642\u0644\u0628 \u0648\u0627\u0644\u062f\u0645\u0627\u063a \u0648\u0627\u0644\u0631\u0641\u0627\u0647\u064a\u0629 \u0627\u0644\u0645\u062b\u0627\u0644\u064a\u0629.<\/p>\n<p lang=\"FR-FR\" xml:lang=\"FR-FR\">Notre huile de foie de morue de l\u2019Arctique classique a toujours \u00e9t\u00e9 d\u00e9riv\u00e9e de 100 % de morue sauvag de l\u2019Arctique \u2013 aucune autre huile de poisson ou additif synth\u00e9tique n\u2019est jamais utilis\u00e9. Contrairement aux huiles ferment\u00e9es, nos huiles de foie de morue sont fabriqu\u00e9es pour \u00e9liminer les acides gras libres et pr\u00e9venir le rancissement. Elles renforcent le c\u0153ur, le cerveau, et le syst\u00e8me nerveux, et favorisent un fonctionnement optimal du syst\u00e8me immunitaire.<\/p>\n<p lang=\"FR-FR\" xml:lang=\"FR-FR\">Chaque lot d\u2019huiles de poisson Nordic\u00a0Naturals\u00a0est contr\u00f4l\u00e9 par un laboratoire ind\u00e9pendant certifi\u00e9 qui mesure les taux de toxines environnementales, dont les m\u00e9taux lourds. Toutes nos huiles de poisson sont sous forme de triglyc\u00e9rides et surpassent les normes internationales les plus strictes en mati\u00e8re de puret\u00e9 et de fra\u00eecheur.<\/p>\n<p lang=\"FR-FR\" xml:lang=\"FR-FR\">\u0627\u0644\u0627\u0633\u062a\u062e\u062f\u0627\u0645 \u0627\u0644\u0645\u0642\u062a\u0631\u062d<\/p>\n<p lang=\"FR-FR\" xml:lang=\"FR-FR\">\u062a\u0646\u0627\u0648\u0644 \u0645\u0644\u0639\u0642\u0629 \u0635\u063a\u064a\u0631\u0629 \u064a\u0648\u0645\u064a\u064b\u0627 \u0645\u0639 \u0627\u0644\u0637\u0639\u0627\u0645<\/p>","protected":false},"excerpt":{"rendered":"<ul>\n<li>\u0635\u062d\u0629 \u0627\u0644\u0634\u0631\u064a\u0627\u0646 \u0627\u0644\u062a\u0627\u062c\u064a<\/li>\n<li>\u0635\u062d\u0629 \u0627\u0644\u062f\u0645\u0627\u063a<\/li>\n<li>\u0646\u0638\u0627\u0645 \u0645\u0646\u0627\u0639\u064a \u0635\u062d\u064a<\/li>\n<li>1060 \u0645\u0644\u063a \u0623\u0648\u0645\u064a\u063a\u0627 3<\/li>\n<li>\u0634\u0643\u0644 \u0623\u0639\u0644\u0649 \u0645\u0646 \u0627\u0644\u062f\u0647\u0648\u0646 \u0627\u0644\u062b\u0644\u0627\u062b\u064a\u0629<\/li>\n<li>\u0645\u0639\u062a\u0645\u062f \u062e\u0627\u0644\u064d \u0645\u0646 \u0627\u0644\u0643\u0627\u0626\u0646\u0627\u062a \u0627\u0644\u0645\u0639\u062f\u0644\u0629 \u0648\u0631\u0627\u062b\u064a\u064b\u0627<\/li>\n<li>\u062a\u0645 \u0627\u062e\u062a\u0628\u0627\u0631 \u0627\u0644\u0646\u0642\u0627\u0621 \u0628\u0648\u0627\u0633\u0637\u0629 \u0645\u062e\u062a\u0628\u0631 \u0645\u0633\u062a\u0642\u0644<\/li>\n<li>\u0645\u0643\u0645\u0644 \u063a\u0630\u0627\u0626\u064a<\/li>\n<li>\u0627\u0644\u062a\u0642\u0637\u064a\u0631 \u0627\u0644\u062c\u0632\u064a\u0626\u064a \u2013 \u0646\u0642\u0627\u0621 \u0645\u0636\u0645\u0648\u0646<\/li>\n<li>\u062c\u0648\u062f\u0629 \u0645\u0645\u062a\u0627\u0632\u0629 \u0645\u0639\u062a\u0645\u062f\u0629<\/li>\n<\/ul>","protected":false},"featured_media":29966,"template":"","meta":{"om_disable_all_campaigns":false},"product_brand":[17],"product_cat":[18,3366,304,19],"product_tag":[23,403,38,3413,39,402,404],"class_list":{"0":"post-404","1":"product","2":"type-product","3":"status-publish","4":"has-post-thumbnail","6":"product_brand-nordic-naturals-maroc","7":"product_cat-beaute-sante","8":"product_cat-complements-alimentaires-au-maroc-vitablanca","9":"product_cat-supplements-vitaminiques-mineraux-multiples","10":"product_cat-vitamines-supplements-dietetiques","11":"product_tag-nordic-naturals","12":"product_tag-nordic-naturals-avis","13":"product_tag-nordic-naturals-maroc","14":"product_tag-nordic-naturals-morocco","15":"product_tag-nordic-naturals-omega-3","16":"product_tag-nordic-naturals-prix","17":"product_tag-sante-coronarienne","19":"first","20":"instock","21":"sale","22":"taxable","23":"shipping-taxable","24":"purchasable","25":"product-type-simple"},"yoast_head":"<!-- This site is optimized with the Yoast SEO plugin v27.5 - https:\/\/yoast.com\/product\/yoast-seo-wordpress\/ -->\n<title>Nordic Naturals Huile de foie de morue arctique 237 ml - Maroc Prix<\/title>\n<meta name=\"description\" content=\"Achetez Nordic Naturals Arctic Cod Liver Oil Huile de Foie de Morue Arctique 237ml au Maroc. Om\u00e9ga-3, Vitamines A &amp; D pour la sant\u00e9 cardiaque, c\u00e9r\u00e9brale\" \/>\n<meta name=\"robots\" content=\"index, follow, max-snippet:-1, max-image-preview:large, max-video-preview:-1\" \/>\n<link rel=\"canonical\" href=\"https:\/\/vitablanca.ma\/ar\/product-2\/nordic-naturals-huile-de-foie-de-morue-arctique237-ml\/\" \/>\n<meta property=\"og:locale\" content=\"ar_AR\" \/>\n<meta property=\"og:type\" content=\"article\" \/>\n<meta property=\"og:title\" content=\"Nordic Naturals Huile de foie de morue arctique 237 ml - Maroc Prix\" \/>\n<meta property=\"og:description\" content=\"Achetez Nordic Naturals Arctic Cod Liver Oil Huile de Foie de Morue Arctique 237ml au Maroc. Om\u00e9ga-3, Vitamines A &amp; D pour la sant\u00e9 cardiaque, c\u00e9r\u00e9brale\" \/>\n<meta property=\"og:url\" content=\"https:\/\/vitablanca.ma\/ar\/product-2\/nordic-naturals-huile-de-foie-de-morue-arctique237-ml\/\" \/>\n<meta property=\"og:site_name\" content=\"Vitablanca.ma &ndash; Sant&eacute;, vitalit&eacute; et bien-&ecirc;tre pour tous les Marocains\" \/>\n<meta property=\"article:publisher\" content=\"https:\/\/www.facebook.com\/profile.php?id=61576678196717\" \/>\n<meta property=\"article:modified_time\" content=\"2026-02-14T15:03:05+00:00\" \/>\n<meta property=\"og:image\" content=\"https:\/\/vitablanca.ma\/wp-content\/uploads\/2025\/04\/nordic-naturals-huile-de-foie-de-morue-arctique-orange-1060-mg-237-ml.jpg\" \/>\n\t<meta property=\"og:image:width\" content=\"680\" \/>\n\t<meta property=\"og:image:height\" content=\"680\" \/>\n\t<meta property=\"og:image:type\" content=\"image\/jpeg\" \/>\n<meta name=\"twitter:card\" content=\"summary_large_image\" \/>\n<meta name=\"twitter:label1\" content=\"\u0648\u0642\u062a \u0627\u0644\u0642\u0631\u0627\u0621\u0629 \u0627\u0644\u0645\u064f\u0642\u062f\u0651\u0631\" \/>\n\t<meta name=\"twitter:data1\" content=\"\u062f\u0642\u064a\u0642\u0629 \u0648\u0627\u062d\u062f\u0629\" \/>\n<script type=\"application\/ld+json\" class=\"yoast-schema-graph\">{\"@context\":\"https:\\\/\\\/schema.org\",\"@graph\":[{\"@type\":[\"WebPage\",\"ItemPage\"],\"@id\":\"https:\\\/\\\/vitablanca.ma\\\/produit\\\/nordic-naturals-huile-de-foie-de-morue-arctique237-ml\\\/\",\"url\":\"https:\\\/\\\/vitablanca.ma\\\/produit\\\/nordic-naturals-huile-de-foie-de-morue-arctique237-ml\\\/\",\"name\":\"Nordic Naturals Huile de foie de morue arctique 237 ml - Maroc Prix\",\"isPartOf\":{\"@id\":\"https:\\\/\\\/vitablanca.ma\\\/#website\"},\"primaryImageOfPage\":{\"@id\":\"https:\\\/\\\/vitablanca.ma\\\/produit\\\/nordic-naturals-huile-de-foie-de-morue-arctique237-ml\\\/#primaryimage\"},\"image\":{\"@id\":\"https:\\\/\\\/vitablanca.ma\\\/produit\\\/nordic-naturals-huile-de-foie-de-morue-arctique237-ml\\\/#primaryimage\"},\"thumbnailUrl\":\"https:\\\/\\\/vitablanca.ma\\\/wp-content\\\/uploads\\\/2025\\\/04\\\/nordic-naturals-huile-de-foie-de-morue-arctique-orange-1060-mg-237-ml.jpg\",\"datePublished\":\"2025-04-22T23:35:29+00:00\",\"dateModified\":\"2026-02-14T15:03:05+00:00\",\"description\":\"Achetez Nordic Naturals Arctic Cod Liver Oil Huile de Foie de Morue Arctique 237ml au Maroc. Om\u00e9ga-3, Vitamines A & D pour la sant\u00e9 cardiaque, c\u00e9r\u00e9brale\",\"breadcrumb\":{\"@id\":\"https:\\\/\\\/vitablanca.ma\\\/produit\\\/nordic-naturals-huile-de-foie-de-morue-arctique237-ml\\\/#breadcrumb\"},\"inLanguage\":\"ar\",\"potentialAction\":[{\"@type\":\"ReadAction\",\"target\":[\"https:\\\/\\\/vitablanca.ma\\\/produit\\\/nordic-naturals-huile-de-foie-de-morue-arctique237-ml\\\/\"]}]},{\"@type\":\"ImageObject\",\"inLanguage\":\"ar\",\"@id\":\"https:\\\/\\\/vitablanca.ma\\\/produit\\\/nordic-naturals-huile-de-foie-de-morue-arctique237-ml\\\/#primaryimage\",\"url\":\"https:\\\/\\\/vitablanca.ma\\\/wp-content\\\/uploads\\\/2025\\\/04\\\/nordic-naturals-huile-de-foie-de-morue-arctique-orange-1060-mg-237-ml.jpg\",\"contentUrl\":\"https:\\\/\\\/vitablanca.ma\\\/wp-content\\\/uploads\\\/2025\\\/04\\\/nordic-naturals-huile-de-foie-de-morue-arctique-orange-1060-mg-237-ml.jpg\",\"width\":680,\"height\":680},{\"@type\":\"BreadcrumbList\",\"@id\":\"https:\\\/\\\/vitablanca.ma\\\/produit\\\/nordic-naturals-huile-de-foie-de-morue-arctique237-ml\\\/#breadcrumb\",\"itemListElement\":[{\"@type\":\"ListItem\",\"position\":1,\"name\":\"Home\",\"item\":\"https:\\\/\\\/vitablanca.ma\\\/\"},{\"@type\":\"ListItem\",\"position\":2,\"name\":\"Tous Les Produits\",\"item\":\"https:\\\/\\\/vitablanca.ma\\\/tous-les-produits\\\/\"},{\"@type\":\"ListItem\",\"position\":3,\"name\":\"Nordic Naturals Huile de foie de morue arctique,237 ml\"}]},{\"@type\":\"WebSite\",\"@id\":\"https:\\\/\\\/vitablanca.ma\\\/#website\",\"url\":\"https:\\\/\\\/vitablanca.ma\\\/\",\"name\":\"VitaBlanca.ma | Compl\u00e9ments alimentaires, sant\u00e9 & beaut\u00e9 au Maroc\",\"description\":\"vendre vitamines et compl\u00e9ments premium des USA &amp; Canada, Nouvelle Z\u00e9lande,Maroc (NOW Foods, Solgar, Manuka). Livraison rapide partout au Maroc.\",\"publisher\":{\"@id\":\"https:\\\/\\\/vitablanca.ma\\\/#organization\"},\"alternateName\":\"VitaBlanca.ma\",\"potentialAction\":[{\"@type\":\"SearchAction\",\"target\":{\"@type\":\"EntryPoint\",\"urlTemplate\":\"https:\\\/\\\/vitablanca.ma\\\/?s={search_term_string}\"},\"query-input\":{\"@type\":\"PropertyValueSpecification\",\"valueRequired\":true,\"valueName\":\"search_term_string\"}}],\"inLanguage\":\"ar\"},{\"@type\":\"Organization\",\"@id\":\"https:\\\/\\\/vitablanca.ma\\\/#organization\",\"name\":\"VitaBlanca\",\"url\":\"https:\\\/\\\/vitablanca.ma\\\/\",\"logo\":{\"@type\":\"ImageObject\",\"inLanguage\":\"ar\",\"@id\":\"https:\\\/\\\/vitablanca.ma\\\/#\\\/schema\\\/logo\\\/image\\\/\",\"url\":\"https:\\\/\\\/vitablanca.ma\\\/wp-content\\\/uploads\\\/2025\\\/05\\\/cropped-vitablanca.png\",\"contentUrl\":\"https:\\\/\\\/vitablanca.ma\\\/wp-content\\\/uploads\\\/2025\\\/05\\\/cropped-vitablanca.png\",\"width\":360,\"height\":67,\"caption\":\"VitaBlanca\"},\"image\":{\"@id\":\"https:\\\/\\\/vitablanca.ma\\\/#\\\/schema\\\/logo\\\/image\\\/\"},\"sameAs\":[\"https:\\\/\\\/www.facebook.com\\\/profile.php?id=61576678196717\",\"https:\\\/\\\/www.tiktok.com\\\/@vitablanca.ma\",\"https:\\\/\\\/www.instagram.com\\\/vitablanca.ma\\\/\"]}]}<\/script>\n<!-- \/ Yoast SEO plugin. -->","yoast_head_json":{"title":"Nordic Naturals Huile de foie de morue arctique 237 ml - Maroc Prix","description":"\u0627\u0634\u062a\u0631\u0650 \u0632\u064a\u062a \u0643\u0628\u062f \u0633\u0645\u0643 \u0627\u0644\u0642\u062f \u0627\u0644\u0642\u0637\u0628\u064a \u0645\u0646 \u0646\u0648\u0631\u062f\u064a\u0643 \u0646\u0627\u062a\u0634\u0648\u0631\u0627\u0644\u0632\u060c \u0662\u0663\u0667 \u0645\u0644\u060c \u0645\u0646 \u0627\u0644\u0645\u063a\u0631\u0628. \u0623\u0648\u0645\u064a\u063a\u0627 \u0663\u060c \u0648\u0641\u064a\u062a\u0627\u0645\u064a\u0646\u0627 \u0623 \u0648\u062f\u060c \u0644\u0635\u062d\u0629 \u0627\u0644\u0642\u0644\u0628 \u0648\u0627\u0644\u062f\u0645\u0627\u063a.","robots":{"index":"index","follow":"follow","max-snippet":"max-snippet:-1","max-image-preview":"max-image-preview:large","max-video-preview":"max-video-preview:-1"},"canonical":"https:\/\/vitablanca.ma\/ar\/product-2\/nordic-naturals-huile-de-foie-de-morue-arctique237-ml\/","og_locale":"ar_AR","og_type":"article","og_title":"Nordic Naturals Huile de foie de morue arctique 237 ml - Maroc Prix","og_description":"Achetez Nordic Naturals Arctic Cod Liver Oil Huile de Foie de Morue Arctique 237ml au Maroc. Om\u00e9ga-3, Vitamines A & D pour la sant\u00e9 cardiaque, c\u00e9r\u00e9brale","og_url":"https:\/\/vitablanca.ma\/ar\/product-2\/nordic-naturals-huile-de-foie-de-morue-arctique237-ml\/","og_site_name":"Vitablanca.ma &ndash; Sant&eacute;, vitalit&eacute; et bien-&ecirc;tre pour tous les Marocains","article_publisher":"https:\/\/www.facebook.com\/profile.php?id=61576678196717","article_modified_time":"2026-02-14T15:03:05+00:00","og_image":[{"width":680,"height":680,"url":"https:\/\/vitablanca.ma\/wp-content\/uploads\/2025\/04\/nordic-naturals-huile-de-foie-de-morue-arctique-orange-1060-mg-237-ml.jpg","type":"image\/jpeg"}],"twitter_card":"summary_large_image","twitter_misc":{"\u0648\u0642\u062a \u0627\u0644\u0642\u0631\u0627\u0621\u0629 \u0627\u0644\u0645\u064f\u0642\u062f\u0651\u0631":"\u062f\u0642\u064a\u0642\u0629 \u0648\u0627\u062d\u062f\u0629"},"schema":{"@context":"https:\/\/schema.org","@graph":[{"@type":["WebPage","ItemPage"],"@id":"https:\/\/vitablanca.ma\/produit\/nordic-naturals-huile-de-foie-de-morue-arctique237-ml\/","url":"https:\/\/vitablanca.ma\/produit\/nordic-naturals-huile-de-foie-de-morue-arctique237-ml\/","name":"Nordic Naturals Huile de foie de morue arctique 237 ml - Maroc Prix","isPartOf":{"@id":"https:\/\/vitablanca.ma\/#website"},"primaryImageOfPage":{"@id":"https:\/\/vitablanca.ma\/produit\/nordic-naturals-huile-de-foie-de-morue-arctique237-ml\/#primaryimage"},"image":{"@id":"https:\/\/vitablanca.ma\/produit\/nordic-naturals-huile-de-foie-de-morue-arctique237-ml\/#primaryimage"},"thumbnailUrl":"https:\/\/vitablanca.ma\/wp-content\/uploads\/2025\/04\/nordic-naturals-huile-de-foie-de-morue-arctique-orange-1060-mg-237-ml.jpg","datePublished":"2025-04-22T23:35:29+00:00","dateModified":"2026-02-14T15:03:05+00:00","description":"\u0627\u0634\u062a\u0631\u0650 \u0632\u064a\u062a \u0643\u0628\u062f \u0633\u0645\u0643 \u0627\u0644\u0642\u062f \u0627\u0644\u0642\u0637\u0628\u064a \u0645\u0646 \u0646\u0648\u0631\u062f\u064a\u0643 \u0646\u0627\u062a\u0634\u0648\u0631\u0627\u0644\u0632\u060c \u0662\u0663\u0667 \u0645\u0644\u060c \u0645\u0646 \u0627\u0644\u0645\u063a\u0631\u0628. \u0623\u0648\u0645\u064a\u063a\u0627 \u0663\u060c \u0648\u0641\u064a\u062a\u0627\u0645\u064a\u0646\u0627 \u0623 \u0648\u062f\u060c \u0644\u0635\u062d\u0629 \u0627\u0644\u0642\u0644\u0628 \u0648\u0627\u0644\u062f\u0645\u0627\u063a.","breadcrumb":{"@id":"https:\/\/vitablanca.ma\/produit\/nordic-naturals-huile-de-foie-de-morue-arctique237-ml\/#breadcrumb"},"inLanguage":"ar","potentialAction":[{"@type":"ReadAction","target":["https:\/\/vitablanca.ma\/produit\/nordic-naturals-huile-de-foie-de-morue-arctique237-ml\/"]}]},{"@type":"ImageObject","inLanguage":"ar","@id":"https:\/\/vitablanca.ma\/produit\/nordic-naturals-huile-de-foie-de-morue-arctique237-ml\/#primaryimage","url":"https:\/\/vitablanca.ma\/wp-content\/uploads\/2025\/04\/nordic-naturals-huile-de-foie-de-morue-arctique-orange-1060-mg-237-ml.jpg","contentUrl":"https:\/\/vitablanca.ma\/wp-content\/uploads\/2025\/04\/nordic-naturals-huile-de-foie-de-morue-arctique-orange-1060-mg-237-ml.jpg","width":680,"height":680},{"@type":"BreadcrumbList","@id":"https:\/\/vitablanca.ma\/produit\/nordic-naturals-huile-de-foie-de-morue-arctique237-ml\/#breadcrumb","itemListElement":[{"@type":"ListItem","position":1,"name":"Home","item":"https:\/\/vitablanca.ma\/"},{"@type":"ListItem","position":2,"name":"Tous Les Produits","item":"https:\/\/vitablanca.ma\/tous-les-produits\/"},{"@type":"ListItem","position":3,"name":"Nordic Naturals Huile de foie de morue arctique,237 ml"}]},{"@type":"WebSite","@id":"https:\/\/vitablanca.ma\/#website","url":"https:\/\/vitablanca.ma\/","name":"VitaBlanca.ma | \u0627\u0644\u0645\u0643\u0645\u0644\u0627\u062a \u0627\u0644\u063a\u0630\u0627\u0626\u064a\u0629\u060c \u0627\u0644\u0635\u062d\u0629 \u0648\u0627\u0644\u062c\u0645\u0627\u0644 \u0641\u064a \u0627\u0644\u0645\u063a\u0631\u0628","description":"\u0646\u0628\u064a\u0639 \u0641\u064a\u062a\u0627\u0645\u064a\u0646\u0627\u062a \u0648\u0645\u0643\u0645\u0644\u0627\u062a \u063a\u0630\u0627\u0626\u064a\u0629 \u0641\u0627\u062e\u0631\u0629 \u0645\u0646 \u0627\u0644\u0648\u0644\u0627\u064a\u0627\u062a \u0627\u0644\u0645\u062a\u062d\u062f\u0629 \u0627\u0644\u0623\u0645\u0631\u064a\u0643\u064a\u0629 \u0648\u0643\u0646\u062f\u0627 \u0648\u0646\u064a\u0648\u0632\u064a\u0644\u0646\u062f\u0627 \u0648\u0627\u0644\u0645\u063a\u0631\u0628 (\u0646\u0627\u0648 \u0641\u0648\u062f\u0632\u060c \u0633\u0648\u0644\u062c\u0627\u0631\u060c \u0645\u0627\u0646\u0648\u0643\u0627). \u062a\u0648\u0635\u064a\u0644 \u0633\u0631\u064a\u0639 \u0625\u0644\u0649 \u062c\u0645\u064a\u0639 \u0623\u0646\u062d\u0627\u0621 \u0627\u0644\u0645\u063a\u0631\u0628.","publisher":{"@id":"https:\/\/vitablanca.ma\/#organization"},"alternateName":"VitaBlanca.ma","potentialAction":[{"@type":"SearchAction","target":{"@type":"EntryPoint","urlTemplate":"https:\/\/vitablanca.ma\/?s={search_term_string}"},"query-input":{"@type":"PropertyValueSpecification","valueRequired":true,"valueName":"search_term_string"}}],"inLanguage":"ar"},{"@type":"Organization","@id":"https:\/\/vitablanca.ma\/#organization","name":"\u0641\u064a\u062a\u0627\u0628\u0644\u0627\u0646\u0643\u0627","url":"https:\/\/vitablanca.ma\/","logo":{"@type":"ImageObject","inLanguage":"ar","@id":"https:\/\/vitablanca.ma\/#\/schema\/logo\/image\/","url":"https:\/\/vitablanca.ma\/wp-content\/uploads\/2025\/05\/cropped-vitablanca.png","contentUrl":"https:\/\/vitablanca.ma\/wp-content\/uploads\/2025\/05\/cropped-vitablanca.png","width":360,"height":67,"caption":"VitaBlanca"},"image":{"@id":"https:\/\/vitablanca.ma\/#\/schema\/logo\/image\/"},"sameAs":["https:\/\/www.facebook.com\/profile.php?id=61576678196717","https:\/\/www.tiktok.com\/@vitablanca.ma","https:\/\/www.instagram.com\/vitablanca.ma\/"]}]}},"jetpack_sharing_enabled":true,"_links":{"self":[{"href":"https:\/\/vitablanca.ma\/ar\/wp-json\/wp\/v2\/product\/404","targetHints":{"allow":["GET"]}}],"collection":[{"href":"https:\/\/vitablanca.ma\/ar\/wp-json\/wp\/v2\/product"}],"about":[{"href":"https:\/\/vitablanca.ma\/ar\/wp-json\/wp\/v2\/types\/product"}],"wp:featuredmedia":[{"embeddable":true,"href":"https:\/\/vitablanca.ma\/ar\/wp-json\/wp\/v2\/media\/29966"}],"wp:attachment":[{"href":"https:\/\/vitablanca.ma\/ar\/wp-json\/wp\/v2\/media?parent=404"}],"wp:term":[{"taxonomy":"product_brand","embeddable":true,"href":"https:\/\/vitablanca.ma\/ar\/wp-json\/wp\/v2\/product_brand?post=404"},{"taxonomy":"product_cat","embeddable":true,"href":"https:\/\/vitablanca.ma\/ar\/wp-json\/wp\/v2\/product_cat?post=404"},{"taxonomy":"product_tag","embeddable":true,"href":"https:\/\/vitablanca.ma\/ar\/wp-json\/wp\/v2\/product_tag?post=404"}],"curies":[{"name":"wp","href":"https:\/\/api.w.org\/{rel}","templated":true}]}}