{"id":367,"date":"2025-04-21T19:21:08","date_gmt":"2025-04-21T19:21:08","guid":{"rendered":"https:\/\/vitablanca.ma\/?post_type=product&#038;p=367"},"modified":"2025-08-30T21:28:50","modified_gmt":"2025-08-30T21:28:50","slug":"sundown-naturals-acide-alpha-lipoique-600-mg-60-capsules","status":"publish","type":"product","link":"https:\/\/vitablanca.ma\/ar\/product-2\/sundown-naturals-acide-alpha-lipoique-600-mg-60-capsules\/","title":{"rendered":"\u062d\u0645\u0636 \u0623\u0644\u0641\u0627 \u0644\u064a\u0628\u0648\u064a\u0643 \u0645\u0646 \u0635\u0646 \u062f\u0627\u0648\u0646 \u0646\u0627\u062a\u0634\u0648\u0631\u0627\u0644\u0632\u060c 600 \u0645\u0644\u063a\u060c 60 \u0643\u0628\u0633\u0648\u0644\u0629"},"content":{"rendered":"<p lang=\"FR-FR\" xml:lang=\"FR-FR\">Les capsules d\u2019acide alpha lipo\u00efque de 600 mg de\u00a0Sundown\u00a0Naturals\u00a0sont un excellent choix d\u2019antioxydants. * L\u2019ALA est connu comme\u00a0\u00abl\u2019antioxydant\u00a0universel\u00bb\u00a0car il agit \u00e0 la fois dans les compartiments hydrosolubles et liposolubles des cellules et aide les autres antioxydants \u00e0 faire leur part. * Une capsule d\u2019acide alpha lipo\u00efque de\u00a0Sundown\u00a0Naturals\u00a0par jour peut aider \u00e0 soutenir une bonne sant\u00e9 globale. * De plus, l\u2019acide alpha lipo\u00efque de\u00a0Sundown\u00a0Naturals\u00a0est certifi\u00e9 sans gluten et sans OGM.<\/p>\n<p lang=\"FR-FR\" xml:lang=\"FR-FR\">L\u2019acide alpha-lipo\u00efque favorise la r\u00e9g\u00e9n\u00e9ration du glutathion, l\u2019un des principaux antioxydants de l\u2019organisme. *<\/p>\n<p lang=\"FR-FR\" xml:lang=\"FR-FR\">Soutient le m\u00e9tabolisme du sucre. *<\/p>\n<p lang=\"FR-FR\" xml:lang=\"FR-FR\">\u062e\u0627\u0644\u064a\u0629 \u0645\u0646 \u0627\u0644\u0643\u0627\u0626\u0646\u0627\u062a \u0627\u0644\u0645\u0639\u062f\u0644\u0629 \u0648\u0631\u0627\u062b\u064a\u064b\u0627<\/p>\n<p lang=\"FR-FR\" xml:lang=\"FR-FR\">Les capsules de suppl\u00e9ment di\u00e9t\u00e9tique d\u2019acide super alpha lipo\u00efque de\u00a0Sundown\u00a0Naturals\u00a0sont certifi\u00e9es sans gluten.<\/p>\n<p lang=\"FR-FR\" xml:lang=\"FR-FR\">Pas de couleurs artificielles<\/p>","protected":false},"excerpt":{"rendered":"<ul>\n<li>Les capsules d&rsquo;acide alpha lipo\u00efque de 600 mg de\u00a0Sundown\u00a0Naturals\u00a0sont un excellent choix d&rsquo;antioxydants.<\/li>\n<li>Une capsule d&rsquo;acide alpha lipo\u00efque de\u00a0Sundown\u00a0Naturals\u00a0par jour peut aider \u00e0 soutenir une bonne sant\u00e9 globale.<\/li>\n<\/ul>","protected":false},"featured_media":368,"template":"","meta":{"om_disable_all_campaigns":false},"product_brand":[374],"product_cat":[18,3366,20,19],"product_tag":[375,242,377,378,380,379,381,376],"class_list":{"0":"post-367","1":"product","2":"type-product","3":"status-publish","4":"has-post-thumbnail","6":"product_brand-sundown-naturals-maroc-prix","7":"product_cat-beaute-sante","8":"product_cat-complements-alimentaires-au-maroc-vitablanca","9":"product_cat-supplements","10":"product_cat-vitamines-supplements-dietetiques","11":"product_tag-lacide-alpha-lipoique","12":"product_tag-sans-gluten","13":"product_tag-sundown-naturals","14":"product_tag-sundown-naturals-casa","15":"product_tag-sundown-naturals-iherb","16":"product_tag-sundown-naturals-maroc","17":"product_tag-sundown-naturals-prix","18":"product_tag-supplement-dietetique-dacide","20":"first","21":"instock","22":"sale","23":"taxable","24":"shipping-taxable","25":"purchasable","26":"product-type-simple"},"yoast_head":"<!-- This site is optimized with the Yoast SEO plugin v27.5 - https:\/\/yoast.com\/product\/yoast-seo-wordpress\/ -->\n<title>Sundown Naturals acide alpha lipoique , 600 mg - Maroc Prix<\/title>\n<meta name=\"description\" content=\"Achetez acide alpha lipoique 600 mg de Sundown Naturals au Maroc Antioxydant puissant pour le m\u00e9tabolisme cellulaire et la sant\u00e9 nerveuse, Livraison rapide\" \/>\n<meta name=\"robots\" content=\"index, follow, max-snippet:-1, max-image-preview:large, max-video-preview:-1\" \/>\n<link rel=\"canonical\" href=\"https:\/\/vitablanca.ma\/ar\/product-2\/sundown-naturals-acide-alpha-lipoique-600-mg-60-capsules\/\" \/>\n<meta property=\"og:locale\" content=\"ar_AR\" \/>\n<meta property=\"og:type\" content=\"article\" \/>\n<meta property=\"og:title\" content=\"Sundown Naturals acide alpha lipoique , 600 mg - Maroc Prix\" \/>\n<meta property=\"og:description\" content=\"Achetez acide alpha lipoique 600 mg de Sundown Naturals au Maroc Antioxydant puissant pour le m\u00e9tabolisme cellulaire et la sant\u00e9 nerveuse, Livraison rapide\" \/>\n<meta property=\"og:url\" content=\"https:\/\/vitablanca.ma\/ar\/product-2\/sundown-naturals-acide-alpha-lipoique-600-mg-60-capsules\/\" \/>\n<meta property=\"og:site_name\" content=\"Vitablanca.ma &ndash; Sant&eacute;, vitalit&eacute; et bien-&ecirc;tre pour tous les Marocains\" \/>\n<meta property=\"article:publisher\" content=\"https:\/\/www.facebook.com\/profile.php?id=61576678196717\" \/>\n<meta property=\"article:modified_time\" content=\"2025-08-30T21:28:50+00:00\" \/>\n<meta property=\"og:image\" content=\"https:\/\/vitablanca.ma\/wp-content\/uploads\/2025\/04\/sundown-naturals-acide-alpha-lipoique-600-mg-60-capsules-.jpg\" \/>\n\t<meta property=\"og:image:width\" content=\"680\" \/>\n\t<meta property=\"og:image:height\" content=\"680\" \/>\n\t<meta property=\"og:image:type\" content=\"image\/jpeg\" \/>\n<meta name=\"twitter:card\" content=\"summary_large_image\" \/>\n<meta name=\"twitter:label1\" content=\"\u0648\u0642\u062a \u0627\u0644\u0642\u0631\u0627\u0621\u0629 \u0627\u0644\u0645\u064f\u0642\u062f\u0651\u0631\" \/>\n\t<meta name=\"twitter:data1\" content=\"\u062f\u0642\u064a\u0642\u0629 \u0648\u0627\u062d\u062f\u0629\" \/>\n<script type=\"application\/ld+json\" class=\"yoast-schema-graph\">{\"@context\":\"https:\\\/\\\/schema.org\",\"@graph\":[{\"@type\":[\"WebPage\",\"ItemPage\"],\"@id\":\"https:\\\/\\\/vitablanca.ma\\\/produit\\\/sundown-naturals-acide-alpha-lipoique-600-mg-60-capsules\\\/\",\"url\":\"https:\\\/\\\/vitablanca.ma\\\/produit\\\/sundown-naturals-acide-alpha-lipoique-600-mg-60-capsules\\\/\",\"name\":\"Sundown Naturals acide alpha lipoique , 600 mg - Maroc Prix\",\"isPartOf\":{\"@id\":\"https:\\\/\\\/vitablanca.ma\\\/#website\"},\"primaryImageOfPage\":{\"@id\":\"https:\\\/\\\/vitablanca.ma\\\/produit\\\/sundown-naturals-acide-alpha-lipoique-600-mg-60-capsules\\\/#primaryimage\"},\"image\":{\"@id\":\"https:\\\/\\\/vitablanca.ma\\\/produit\\\/sundown-naturals-acide-alpha-lipoique-600-mg-60-capsules\\\/#primaryimage\"},\"thumbnailUrl\":\"https:\\\/\\\/vitablanca.ma\\\/wp-content\\\/uploads\\\/2025\\\/04\\\/sundown-naturals-acide-alpha-lipoique-600-mg-60-capsules-.jpg\",\"datePublished\":\"2025-04-21T19:21:08+00:00\",\"dateModified\":\"2025-08-30T21:28:50+00:00\",\"description\":\"Achetez acide alpha lipoique 600 mg de Sundown Naturals au Maroc Antioxydant puissant pour le m\u00e9tabolisme cellulaire et la sant\u00e9 nerveuse, Livraison rapide\",\"breadcrumb\":{\"@id\":\"https:\\\/\\\/vitablanca.ma\\\/produit\\\/sundown-naturals-acide-alpha-lipoique-600-mg-60-capsules\\\/#breadcrumb\"},\"inLanguage\":\"ar\",\"potentialAction\":[{\"@type\":\"ReadAction\",\"target\":[\"https:\\\/\\\/vitablanca.ma\\\/produit\\\/sundown-naturals-acide-alpha-lipoique-600-mg-60-capsules\\\/\"]}]},{\"@type\":\"ImageObject\",\"inLanguage\":\"ar\",\"@id\":\"https:\\\/\\\/vitablanca.ma\\\/produit\\\/sundown-naturals-acide-alpha-lipoique-600-mg-60-capsules\\\/#primaryimage\",\"url\":\"https:\\\/\\\/vitablanca.ma\\\/wp-content\\\/uploads\\\/2025\\\/04\\\/sundown-naturals-acide-alpha-lipoique-600-mg-60-capsules-.jpg\",\"contentUrl\":\"https:\\\/\\\/vitablanca.ma\\\/wp-content\\\/uploads\\\/2025\\\/04\\\/sundown-naturals-acide-alpha-lipoique-600-mg-60-capsules-.jpg\",\"width\":680,\"height\":680},{\"@type\":\"BreadcrumbList\",\"@id\":\"https:\\\/\\\/vitablanca.ma\\\/produit\\\/sundown-naturals-acide-alpha-lipoique-600-mg-60-capsules\\\/#breadcrumb\",\"itemListElement\":[{\"@type\":\"ListItem\",\"position\":1,\"name\":\"Home\",\"item\":\"https:\\\/\\\/vitablanca.ma\\\/\"},{\"@type\":\"ListItem\",\"position\":2,\"name\":\"Tous Les Produits\",\"item\":\"https:\\\/\\\/vitablanca.ma\\\/tous-les-produits\\\/\"},{\"@type\":\"ListItem\",\"position\":3,\"name\":\"Sundown Naturals acide alpha lipoique 600 mg, 60 capsules\"}]},{\"@type\":\"WebSite\",\"@id\":\"https:\\\/\\\/vitablanca.ma\\\/#website\",\"url\":\"https:\\\/\\\/vitablanca.ma\\\/\",\"name\":\"VitaBlanca.ma | Compl\u00e9ments alimentaires, sant\u00e9 & beaut\u00e9 au Maroc\",\"description\":\"vendre vitamines et compl\u00e9ments premium des USA &amp; Canada, Nouvelle Z\u00e9lande,Maroc (NOW Foods, Solgar, Manuka). Livraison rapide partout au Maroc.\",\"publisher\":{\"@id\":\"https:\\\/\\\/vitablanca.ma\\\/#organization\"},\"alternateName\":\"VitaBlanca.ma\",\"potentialAction\":[{\"@type\":\"SearchAction\",\"target\":{\"@type\":\"EntryPoint\",\"urlTemplate\":\"https:\\\/\\\/vitablanca.ma\\\/?s={search_term_string}\"},\"query-input\":{\"@type\":\"PropertyValueSpecification\",\"valueRequired\":true,\"valueName\":\"search_term_string\"}}],\"inLanguage\":\"ar\"},{\"@type\":\"Organization\",\"@id\":\"https:\\\/\\\/vitablanca.ma\\\/#organization\",\"name\":\"VitaBlanca\",\"url\":\"https:\\\/\\\/vitablanca.ma\\\/\",\"logo\":{\"@type\":\"ImageObject\",\"inLanguage\":\"ar\",\"@id\":\"https:\\\/\\\/vitablanca.ma\\\/#\\\/schema\\\/logo\\\/image\\\/\",\"url\":\"https:\\\/\\\/vitablanca.ma\\\/wp-content\\\/uploads\\\/2025\\\/05\\\/cropped-vitablanca.png\",\"contentUrl\":\"https:\\\/\\\/vitablanca.ma\\\/wp-content\\\/uploads\\\/2025\\\/05\\\/cropped-vitablanca.png\",\"width\":360,\"height\":67,\"caption\":\"VitaBlanca\"},\"image\":{\"@id\":\"https:\\\/\\\/vitablanca.ma\\\/#\\\/schema\\\/logo\\\/image\\\/\"},\"sameAs\":[\"https:\\\/\\\/www.facebook.com\\\/profile.php?id=61576678196717\",\"https:\\\/\\\/www.tiktok.com\\\/@vitablanca.ma\",\"https:\\\/\\\/www.instagram.com\\\/vitablanca.ma\\\/\"]}]}<\/script>\n<!-- \/ Yoast SEO plugin. -->","yoast_head_json":{"title":"Sundown Naturals acide alpha lipoique , 600 mg - Maroc Prix","description":"Achetez acide alpha lipoique 600 mg de Sundown Naturals au Maroc Antioxydant puissant pour le m\u00e9tabolisme cellulaire et la sant\u00e9 nerveuse, Livraison rapide","robots":{"index":"index","follow":"follow","max-snippet":"max-snippet:-1","max-image-preview":"max-image-preview:large","max-video-preview":"max-video-preview:-1"},"canonical":"https:\/\/vitablanca.ma\/ar\/product-2\/sundown-naturals-acide-alpha-lipoique-600-mg-60-capsules\/","og_locale":"ar_AR","og_type":"article","og_title":"Sundown Naturals acide alpha lipoique , 600 mg - Maroc Prix","og_description":"Achetez acide alpha lipoique 600 mg de Sundown Naturals au Maroc Antioxydant puissant pour le m\u00e9tabolisme cellulaire et la sant\u00e9 nerveuse, Livraison rapide","og_url":"https:\/\/vitablanca.ma\/ar\/product-2\/sundown-naturals-acide-alpha-lipoique-600-mg-60-capsules\/","og_site_name":"Vitablanca.ma &ndash; Sant&eacute;, vitalit&eacute; et bien-&ecirc;tre pour tous les Marocains","article_publisher":"https:\/\/www.facebook.com\/profile.php?id=61576678196717","article_modified_time":"2025-08-30T21:28:50+00:00","og_image":[{"width":680,"height":680,"url":"https:\/\/vitablanca.ma\/wp-content\/uploads\/2025\/04\/sundown-naturals-acide-alpha-lipoique-600-mg-60-capsules-.jpg","type":"image\/jpeg"}],"twitter_card":"summary_large_image","twitter_misc":{"\u0648\u0642\u062a \u0627\u0644\u0642\u0631\u0627\u0621\u0629 \u0627\u0644\u0645\u064f\u0642\u062f\u0651\u0631":"\u062f\u0642\u064a\u0642\u0629 \u0648\u0627\u062d\u062f\u0629"},"schema":{"@context":"https:\/\/schema.org","@graph":[{"@type":["WebPage","ItemPage"],"@id":"https:\/\/vitablanca.ma\/produit\/sundown-naturals-acide-alpha-lipoique-600-mg-60-capsules\/","url":"https:\/\/vitablanca.ma\/produit\/sundown-naturals-acide-alpha-lipoique-600-mg-60-capsules\/","name":"Sundown Naturals acide alpha lipoique , 600 mg - Maroc Prix","isPartOf":{"@id":"https:\/\/vitablanca.ma\/#website"},"primaryImageOfPage":{"@id":"https:\/\/vitablanca.ma\/produit\/sundown-naturals-acide-alpha-lipoique-600-mg-60-capsules\/#primaryimage"},"image":{"@id":"https:\/\/vitablanca.ma\/produit\/sundown-naturals-acide-alpha-lipoique-600-mg-60-capsules\/#primaryimage"},"thumbnailUrl":"https:\/\/vitablanca.ma\/wp-content\/uploads\/2025\/04\/sundown-naturals-acide-alpha-lipoique-600-mg-60-capsules-.jpg","datePublished":"2025-04-21T19:21:08+00:00","dateModified":"2025-08-30T21:28:50+00:00","description":"Achetez acide alpha lipoique 600 mg de Sundown Naturals au Maroc Antioxydant puissant pour le m\u00e9tabolisme cellulaire et la sant\u00e9 nerveuse, Livraison rapide","breadcrumb":{"@id":"https:\/\/vitablanca.ma\/produit\/sundown-naturals-acide-alpha-lipoique-600-mg-60-capsules\/#breadcrumb"},"inLanguage":"ar","potentialAction":[{"@type":"ReadAction","target":["https:\/\/vitablanca.ma\/produit\/sundown-naturals-acide-alpha-lipoique-600-mg-60-capsules\/"]}]},{"@type":"ImageObject","inLanguage":"ar","@id":"https:\/\/vitablanca.ma\/produit\/sundown-naturals-acide-alpha-lipoique-600-mg-60-capsules\/#primaryimage","url":"https:\/\/vitablanca.ma\/wp-content\/uploads\/2025\/04\/sundown-naturals-acide-alpha-lipoique-600-mg-60-capsules-.jpg","contentUrl":"https:\/\/vitablanca.ma\/wp-content\/uploads\/2025\/04\/sundown-naturals-acide-alpha-lipoique-600-mg-60-capsules-.jpg","width":680,"height":680},{"@type":"BreadcrumbList","@id":"https:\/\/vitablanca.ma\/produit\/sundown-naturals-acide-alpha-lipoique-600-mg-60-capsules\/#breadcrumb","itemListElement":[{"@type":"ListItem","position":1,"name":"Home","item":"https:\/\/vitablanca.ma\/"},{"@type":"ListItem","position":2,"name":"Tous Les Produits","item":"https:\/\/vitablanca.ma\/tous-les-produits\/"},{"@type":"ListItem","position":3,"name":"Sundown Naturals acide alpha lipoique 600 mg, 60 capsules"}]},{"@type":"WebSite","@id":"https:\/\/vitablanca.ma\/#website","url":"https:\/\/vitablanca.ma\/","name":"VitaBlanca.ma | \u0627\u0644\u0645\u0643\u0645\u0644\u0627\u062a \u0627\u0644\u063a\u0630\u0627\u0626\u064a\u0629\u060c \u0627\u0644\u0635\u062d\u0629 \u0648\u0627\u0644\u062c\u0645\u0627\u0644 \u0641\u064a \u0627\u0644\u0645\u063a\u0631\u0628","description":"\u0646\u0628\u064a\u0639 \u0641\u064a\u062a\u0627\u0645\u064a\u0646\u0627\u062a \u0648\u0645\u0643\u0645\u0644\u0627\u062a \u063a\u0630\u0627\u0626\u064a\u0629 \u0641\u0627\u062e\u0631\u0629 \u0645\u0646 \u0627\u0644\u0648\u0644\u0627\u064a\u0627\u062a \u0627\u0644\u0645\u062a\u062d\u062f\u0629 \u0627\u0644\u0623\u0645\u0631\u064a\u0643\u064a\u0629 \u0648\u0643\u0646\u062f\u0627 \u0648\u0646\u064a\u0648\u0632\u064a\u0644\u0646\u062f\u0627 \u0648\u0627\u0644\u0645\u063a\u0631\u0628 (\u0646\u0627\u0648 \u0641\u0648\u062f\u0632\u060c \u0633\u0648\u0644\u062c\u0627\u0631\u060c \u0645\u0627\u0646\u0648\u0643\u0627). \u062a\u0648\u0635\u064a\u0644 \u0633\u0631\u064a\u0639 \u0625\u0644\u0649 \u062c\u0645\u064a\u0639 \u0623\u0646\u062d\u0627\u0621 \u0627\u0644\u0645\u063a\u0631\u0628.","publisher":{"@id":"https:\/\/vitablanca.ma\/#organization"},"alternateName":"VitaBlanca.ma","potentialAction":[{"@type":"SearchAction","target":{"@type":"EntryPoint","urlTemplate":"https:\/\/vitablanca.ma\/?s={search_term_string}"},"query-input":{"@type":"PropertyValueSpecification","valueRequired":true,"valueName":"search_term_string"}}],"inLanguage":"ar"},{"@type":"Organization","@id":"https:\/\/vitablanca.ma\/#organization","name":"\u0641\u064a\u062a\u0627\u0628\u0644\u0627\u0646\u0643\u0627","url":"https:\/\/vitablanca.ma\/","logo":{"@type":"ImageObject","inLanguage":"ar","@id":"https:\/\/vitablanca.ma\/#\/schema\/logo\/image\/","url":"https:\/\/vitablanca.ma\/wp-content\/uploads\/2025\/05\/cropped-vitablanca.png","contentUrl":"https:\/\/vitablanca.ma\/wp-content\/uploads\/2025\/05\/cropped-vitablanca.png","width":360,"height":67,"caption":"VitaBlanca"},"image":{"@id":"https:\/\/vitablanca.ma\/#\/schema\/logo\/image\/"},"sameAs":["https:\/\/www.facebook.com\/profile.php?id=61576678196717","https:\/\/www.tiktok.com\/@vitablanca.ma","https:\/\/www.instagram.com\/vitablanca.ma\/"]}]}},"jetpack_sharing_enabled":true,"_links":{"self":[{"href":"https:\/\/vitablanca.ma\/ar\/wp-json\/wp\/v2\/product\/367","targetHints":{"allow":["GET"]}}],"collection":[{"href":"https:\/\/vitablanca.ma\/ar\/wp-json\/wp\/v2\/product"}],"about":[{"href":"https:\/\/vitablanca.ma\/ar\/wp-json\/wp\/v2\/types\/product"}],"wp:featuredmedia":[{"embeddable":true,"href":"https:\/\/vitablanca.ma\/ar\/wp-json\/wp\/v2\/media\/368"}],"wp:attachment":[{"href":"https:\/\/vitablanca.ma\/ar\/wp-json\/wp\/v2\/media?parent=367"}],"wp:term":[{"taxonomy":"product_brand","embeddable":true,"href":"https:\/\/vitablanca.ma\/ar\/wp-json\/wp\/v2\/product_brand?post=367"},{"taxonomy":"product_cat","embeddable":true,"href":"https:\/\/vitablanca.ma\/ar\/wp-json\/wp\/v2\/product_cat?post=367"},{"taxonomy":"product_tag","embeddable":true,"href":"https:\/\/vitablanca.ma\/ar\/wp-json\/wp\/v2\/product_tag?post=367"}],"curies":[{"name":"wp","href":"https:\/\/api.w.org\/{rel}","templated":true}]}}