{"id":35924,"date":"2026-05-12T23:48:34","date_gmt":"2026-05-12T23:48:34","guid":{"rendered":"https:\/\/vitablanca.ma\/?post_type=product&#038;p=35924"},"modified":"2026-05-12T23:48:34","modified_gmt":"2026-05-12T23:48:34","slug":"doctors-best-complexe-de-vitamines-b-entierement-actif-60-capsules-vegetales-maroc-prix","status":"publish","type":"product","link":"https:\/\/vitablanca.ma\/ar\/product-2\/doctors-best-complexe-de-vitamines-b-entierement-actif-60-capsules-vegetales-maroc-prix\/","title":{"rendered":"Doctor&rsquo;s Best, Complexe de vitamines B enti\u00e8rement actif, 60 capsules v\u00e9g\u00e9tales"},"content":{"rendered":"<p id=\"isPasted\">Chez Doctor\u2019s\u00a0Best, nous accordons une grande valeur \u00e0 la science de l\u2019\u00e9nergie. Notre complexe de vitamines\u00a0B enti\u00e8rement actif est un m\u00e9lange complet de vitamines\u00a0B facilement disponibles et hautement biodisponibles dans l\u2019organisme. Cette formule unique offre un soutien optimal pour la production d\u2019\u00e9nergie, la sant\u00e9 cellulaire et le bien-\u00eatre g\u00e9n\u00e9ral.<\/p>\n<ul>\n<li>Contient Quatrefolic\u00ae, un folate bioactif et hautement absorbable<\/li>\n<li>Soutient la production d\u2019\u00e9nergie<\/li>\n<li>Soutient le m\u00e9tabolisme cellulaire<\/li>\n<\/ul>\n<div class=\"row item-row\">\n<div class=\"col-xs-24\">\n<h3><strong>\u0627\u0644\u0627\u0633\u062a\u062e\u062f\u0627\u0645 \u0627\u0644\u0645\u0642\u062a\u0631\u062d<\/strong><\/h3>\n<div class=\"prodOverviewDetail\">\n<p><strong>Chez l\u2019adulte\u00a0:\u00a0<\/strong>prenez 1\u00a0capsule par jour en mangeant ou suivez les recommandations d\u2019un m\u00e9decin expert en nutrition.<\/p>\n<\/div>\n<\/div>\n<\/div>\n<div class=\"row item-row\">\n<div class=\"col-xs-24\">\n<h3><strong>\u0627\u0644\u0645\u0643\u0648\u0646\u0627\u062a \u0627\u0644\u0623\u062e\u0631\u0649<\/strong><\/h3>\n<div class=\"prodOverviewIngred\">\n<p>Hypromellose (capsule v\u00e9g\u00e9tarienne), cellulose microcristalline, st\u00e9arate de magn\u00e9sium (d\u2019origine v\u00e9g\u00e9tale), dioxyde de silicium.<\/p>\n<\/div>\n<\/div>\n<\/div>\n<div class=\"row item-row\">\n<div class=\"col-xs-24\">\n<h3><strong>\u062a\u062d\u0630\u064a\u0631\u0627\u062a<\/strong><\/h3>\n<div class=\"prodOverviewDetail\">\n<p>Ne pas d\u00e9passer la dose recommand\u00e9e. Consulter un m\u00e9decin en cas d\u2019hypersensibilit\u00e9 \u00e0 la thiamine, \u00e0 la niacine et \u00e0 la vitamine B12. Cesser l\u2019utilisation et consulter un m\u00e9decin en cas d\u2019effet ind\u00e9sirable.<\/p>\n<p>\u064a\u062d\u0641\u0638 \u0628\u0639\u064a\u062f\u0627 \u0639\u0646 \u0645\u062a\u0646\u0627\u0648\u0644 \u0627\u0644\u0623\u0637\u0641\u0627\u0644.<\/p>\n<p>Conserver dans un endroit frais et sec.<\/p>\n<table border=\"1\" width=\"100%\" cellspacing=\"0\" cellpadding=\"3\">\n<tbody>\n<tr valign=\"top\">\n<td colspan=\"3\"><strong>Faits sur les suppl\u00e9ments<\/strong><\/td>\n<\/tr>\n<tr valign=\"top\">\n<td colspan=\"3\"><strong>Portion\u00a0:\u00a0<\/strong>1\u00a0capsule v\u00e9g\u00e9tale<\/td>\n<\/tr>\n<tr valign=\"top\">\n<td colspan=\"3\"><strong>Portions par contenant\u00a0:<\/strong>\u00a060<\/td>\n<\/tr>\n<tr valign=\"top\">\n<td><\/td>\n<td><strong>Quantit\u00e9 par portion<\/strong><\/td>\n<td><strong>% Valeur quotidienne<\/strong><\/td>\n<\/tr>\n<tr valign=\"top\">\n<td>Vitamine C (sous forme d\u2019acide ascorbique)<\/td>\n<td>40 mg<\/td>\n<td>44%<\/td>\n<\/tr>\n<tr valign=\"top\">\n<td>Thiamine (sous forme de chlorhydrate de thiamine)<\/td>\n<td>60 mg<\/td>\n<td>5000\u00a0%<\/td>\n<\/tr>\n<tr valign=\"top\">\n<td>Riboflavine (sous forme de riboflavine et de riboflavine-5-phosphate)<\/td>\n<td>75 mg<\/td>\n<td>5769\u00a0%<\/td>\n<\/tr>\n<tr valign=\"top\">\n<td>Niacine (sous forme de nicotinamide et de niacine)<\/td>\n<td>50 mg<\/td>\n<td>313%<\/td>\n<\/tr>\n<tr valign=\"top\">\n<td>Vitamine\u00a0B6 (sous forme de chlorhydrate de pyridoxine et de pyridoxal-5-phosphate)<\/td>\n<td>50 mg<\/td>\n<td>2941\u00a0%<\/td>\n<\/tr>\n<tr valign=\"top\">\n<td>Folates (sous forme d\u2019acide (6S)-5-m\u00e9thylt\u00e9trahydrofolique, sel de glucosamine) (Quatrefolic\u00ae)<\/td>\n<td>400\u00a0\u00b5g d\u2019EFA<\/td>\n<td>100%<\/td>\n<\/tr>\n<tr valign=\"top\">\n<td>Vitamine B12 (sous forme de m\u00e9thylcobalamine)<\/td>\n<td>1000 mcg<\/td>\n<td>41\u00a0667\u00a0%<\/td>\n<\/tr>\n<tr valign=\"top\">\n<td>Biotine<\/td>\n<td>600 mcg<\/td>\n<td>2000%<\/td>\n<\/tr>\n<tr valign=\"top\">\n<td>Acide pantoth\u00e9nique (issu de D-pantoth\u00e9nate de calcium)<\/td>\n<td>100 \u0645\u0644\u063a<\/td>\n<td>2000%<\/td>\n<\/tr>\n<\/tbody>\n<\/table>\n<\/div>\n<\/div>\n<\/div>","protected":false},"excerpt":{"rendered":"<ul>\n<li>Science-Based\u00a0Nutrition\u2122<\/li>\n<li>Compl\u00e9ment \u00e9nerg\u00e9tique et cellulaire<\/li>\n<li>Quatrefolic\u00ae<\/li>\n<li>\u0645\u0643\u0645\u0644 \u063a\u0630\u0627\u0626\u064a<\/li>\n<li>\u062e\u0627\u0644\u064a\u0629 \u0645\u0646 \u0627\u0644\u0643\u0627\u0626\u0646\u0627\u062a \u0627\u0644\u0645\u0639\u062f\u0644\u0629 \u0648\u0631\u0627\u062b\u064a\u064b\u0627<\/li>\n<li>\u062e\u0627\u0644\u064a \u0645\u0646 \u0627\u0644\u063a\u0644\u0648\u062a\u064a\u0646<\/li>\n<li>Sans soja<\/li>\n<li>V\u00e9gan<\/li>\n<\/ul>","protected":false},"featured_media":35926,"template":"","meta":[],"product_brand":[1982],"product_cat":[18,9040,7965,7963,3382,19],"product_tag":[11934,821,11997,1983,398,1767,1704,226,183,12271],"class_list":{"0":"post-35924","1":"product","2":"type-product","3":"status-publish","4":"has-post-thumbnail","6":"product_brand-doctors-best-maroc-prix","7":"product_cat-beaute-sante","8":"product_cat-complexe-de-vitamines-b","9":"product_cat-vitamine-b-2","10":"product_cat-vitamines-2","11":"product_cat-vitamines-supplements-dietetiques-2","12":"product_cat-vitamines-supplements-dietetiques","13":"product_tag-60-capsules-vegetales","14":"product_tag-complement-alimentaire-maroc","15":"product_tag-complexe-vitamines-b","16":"product_tag-doctors-best","17":"product_tag-energie","18":"product_tag-fatigue","19":"product_tag-metabolisme","20":"product_tag-systeme-nerveux","21":"product_tag-vitamines","22":"product_tag-vitamines-b-actives","24":"first","25":"instock","26":"sale","27":"taxable","28":"shipping-taxable","29":"purchasable","30":"product-type-simple"},"yoast_head":"<!-- This site is optimized with the Yoast SEO plugin v27.6 - https:\/\/yoast.com\/product\/yoast-seo-wordpress\/ -->\n<title>Doctor&#039;s Best Complexe de Vitamines 60 Capsule V\u00e9g \u2013 Maroc Prix<\/title>\n<meta name=\"description\" content=\"Complexe de vitamines B actives pour soutenir l\u2019\u00e9nergie, le m\u00e9tabolisme et le syst\u00e8me nerveux. Format 60 capsules v\u00e9g\u00e9tales. Disponible au Maroc.\" \/>\n<meta name=\"robots\" content=\"index, follow, max-snippet:-1, max-image-preview:large, max-video-preview:-1\" \/>\n<link rel=\"canonical\" href=\"https:\/\/vitablanca.ma\/ar\/product-2\/doctors-best-complexe-de-vitamines-b-entierement-actif-60-capsules-vegetales-maroc-prix\/\" \/>\n<meta property=\"og:locale\" content=\"ar_AR\" \/>\n<meta property=\"og:type\" content=\"article\" \/>\n<meta property=\"og:title\" content=\"Doctor&#039;s Best Complexe de Vitamines 60 Capsule V\u00e9g \u2013 Maroc Prix\" \/>\n<meta property=\"og:description\" content=\"Complexe de vitamines B actives pour soutenir l\u2019\u00e9nergie, le m\u00e9tabolisme et le syst\u00e8me nerveux. Format 60 capsules v\u00e9g\u00e9tales. Disponible au Maroc.\" \/>\n<meta property=\"og:url\" content=\"https:\/\/vitablanca.ma\/ar\/product-2\/doctors-best-complexe-de-vitamines-b-entierement-actif-60-capsules-vegetales-maroc-prix\/\" \/>\n<meta property=\"og:site_name\" content=\"Vitablanca.ma &ndash; Sant&eacute;, vitalit&eacute; et bien-&ecirc;tre pour tous les Marocains\" \/>\n<meta property=\"article:publisher\" content=\"https:\/\/www.facebook.com\/profile.php?id=61576678196717\" \/>\n<meta property=\"og:image\" content=\"https:\/\/vitablanca.ma\/wp-content\/uploads\/2026\/05\/Doctors-Best-Complexe-de-vitamines-B-entierement-actif-60-capsules-vegetales1.jpg\" \/>\n\t<meta property=\"og:image:width\" content=\"1600\" \/>\n\t<meta property=\"og:image:height\" content=\"1600\" \/>\n\t<meta property=\"og:image:type\" content=\"image\/jpeg\" \/>\n<meta name=\"twitter:card\" content=\"summary_large_image\" \/>\n<meta name=\"twitter:label1\" content=\"\u0648\u0642\u062a \u0627\u0644\u0642\u0631\u0627\u0621\u0629 \u0627\u0644\u0645\u064f\u0642\u062f\u0651\u0631\" \/>\n\t<meta name=\"twitter:data1\" content=\"\u062f\u0642\u064a\u0642\u062a\u0627\u0646\" \/>\n<script type=\"application\/ld+json\" class=\"yoast-schema-graph\">{\"@context\":\"https:\\\/\\\/schema.org\",\"@graph\":[{\"@type\":[\"WebPage\",\"ItemPage\"],\"@id\":\"https:\\\/\\\/vitablanca.ma\\\/produit\\\/doctors-best-complexe-de-vitamines-b-entierement-actif-60-capsules-vegetales-maroc-prix\\\/\",\"url\":\"https:\\\/\\\/vitablanca.ma\\\/produit\\\/doctors-best-complexe-de-vitamines-b-entierement-actif-60-capsules-vegetales-maroc-prix\\\/\",\"name\":\"Doctor's Best Complexe de Vitamines 60 Capsule V\u00e9g \u2013 Maroc Prix\",\"isPartOf\":{\"@id\":\"https:\\\/\\\/vitablanca.ma\\\/#website\"},\"primaryImageOfPage\":{\"@id\":\"https:\\\/\\\/vitablanca.ma\\\/produit\\\/doctors-best-complexe-de-vitamines-b-entierement-actif-60-capsules-vegetales-maroc-prix\\\/#primaryimage\"},\"image\":{\"@id\":\"https:\\\/\\\/vitablanca.ma\\\/produit\\\/doctors-best-complexe-de-vitamines-b-entierement-actif-60-capsules-vegetales-maroc-prix\\\/#primaryimage\"},\"thumbnailUrl\":\"https:\\\/\\\/vitablanca.ma\\\/wp-content\\\/uploads\\\/2026\\\/05\\\/Doctors-Best-Complexe-de-vitamines-B-entierement-actif-60-capsules-vegetales1.jpg\",\"datePublished\":\"2026-05-12T23:48:34+00:00\",\"description\":\"Complexe de vitamines B actives pour soutenir l\u2019\u00e9nergie, le m\u00e9tabolisme et le syst\u00e8me nerveux. Format 60 capsules v\u00e9g\u00e9tales. Disponible au Maroc.\",\"breadcrumb\":{\"@id\":\"https:\\\/\\\/vitablanca.ma\\\/produit\\\/doctors-best-complexe-de-vitamines-b-entierement-actif-60-capsules-vegetales-maroc-prix\\\/#breadcrumb\"},\"inLanguage\":\"ar\",\"potentialAction\":[{\"@type\":\"ReadAction\",\"target\":[\"https:\\\/\\\/vitablanca.ma\\\/produit\\\/doctors-best-complexe-de-vitamines-b-entierement-actif-60-capsules-vegetales-maroc-prix\\\/\"]}]},{\"@type\":\"ImageObject\",\"inLanguage\":\"ar\",\"@id\":\"https:\\\/\\\/vitablanca.ma\\\/produit\\\/doctors-best-complexe-de-vitamines-b-entierement-actif-60-capsules-vegetales-maroc-prix\\\/#primaryimage\",\"url\":\"https:\\\/\\\/vitablanca.ma\\\/wp-content\\\/uploads\\\/2026\\\/05\\\/Doctors-Best-Complexe-de-vitamines-B-entierement-actif-60-capsules-vegetales1.jpg\",\"contentUrl\":\"https:\\\/\\\/vitablanca.ma\\\/wp-content\\\/uploads\\\/2026\\\/05\\\/Doctors-Best-Complexe-de-vitamines-B-entierement-actif-60-capsules-vegetales1.jpg\",\"width\":1600,\"height\":1600},{\"@type\":\"BreadcrumbList\",\"@id\":\"https:\\\/\\\/vitablanca.ma\\\/produit\\\/doctors-best-complexe-de-vitamines-b-entierement-actif-60-capsules-vegetales-maroc-prix\\\/#breadcrumb\",\"itemListElement\":[{\"@type\":\"ListItem\",\"position\":1,\"name\":\"Home\",\"item\":\"https:\\\/\\\/vitablanca.ma\\\/\"},{\"@type\":\"ListItem\",\"position\":2,\"name\":\"Tous Les Produits\",\"item\":\"https:\\\/\\\/vitablanca.ma\\\/tous-les-produits\\\/\"},{\"@type\":\"ListItem\",\"position\":3,\"name\":\"Doctor&#8217;s Best, Complexe de vitamines B enti\u00e8rement actif, 60 capsules v\u00e9g\u00e9tales\"}]},{\"@type\":\"WebSite\",\"@id\":\"https:\\\/\\\/vitablanca.ma\\\/#website\",\"url\":\"https:\\\/\\\/vitablanca.ma\\\/\",\"name\":\"VitaBlanca.ma | Compl\u00e9ments alimentaires, sant\u00e9 & beaut\u00e9 au Maroc\",\"description\":\"vendre vitamines et compl\u00e9ments premium des USA &amp; Canada, Nouvelle Z\u00e9lande,Maroc (NOW Foods, Solgar, Manuka). Livraison rapide partout au Maroc.\",\"publisher\":{\"@id\":\"https:\\\/\\\/vitablanca.ma\\\/#organization\"},\"alternateName\":\"VitaBlanca.ma\",\"potentialAction\":[{\"@type\":\"SearchAction\",\"target\":{\"@type\":\"EntryPoint\",\"urlTemplate\":\"https:\\\/\\\/vitablanca.ma\\\/?s={search_term_string}\"},\"query-input\":{\"@type\":\"PropertyValueSpecification\",\"valueRequired\":true,\"valueName\":\"search_term_string\"}}],\"inLanguage\":\"ar\"},{\"@type\":\"Organization\",\"@id\":\"https:\\\/\\\/vitablanca.ma\\\/#organization\",\"name\":\"VitaBlanca\",\"url\":\"https:\\\/\\\/vitablanca.ma\\\/\",\"logo\":{\"@type\":\"ImageObject\",\"inLanguage\":\"ar\",\"@id\":\"https:\\\/\\\/vitablanca.ma\\\/#\\\/schema\\\/logo\\\/image\\\/\",\"url\":\"https:\\\/\\\/vitablanca.ma\\\/wp-content\\\/uploads\\\/2025\\\/05\\\/cropped-vitablanca.png\",\"contentUrl\":\"https:\\\/\\\/vitablanca.ma\\\/wp-content\\\/uploads\\\/2025\\\/05\\\/cropped-vitablanca.png\",\"width\":360,\"height\":67,\"caption\":\"VitaBlanca\"},\"image\":{\"@id\":\"https:\\\/\\\/vitablanca.ma\\\/#\\\/schema\\\/logo\\\/image\\\/\"},\"sameAs\":[\"https:\\\/\\\/www.facebook.com\\\/profile.php?id=61576678196717\",\"https:\\\/\\\/www.tiktok.com\\\/@vitablanca.ma\",\"https:\\\/\\\/www.instagram.com\\\/vitablanca.ma\\\/\"]}]}<\/script>\n<!-- \/ Yoast SEO plugin. -->","yoast_head_json":{"title":"Doctor's Best Complexe de Vitamines 60 Capsule V\u00e9g \u2013 Maroc Prix","description":"Complexe de vitamines B actives pour soutenir l\u2019\u00e9nergie, le m\u00e9tabolisme et le syst\u00e8me nerveux. Format 60 capsules v\u00e9g\u00e9tales. Disponible au Maroc.","robots":{"index":"index","follow":"follow","max-snippet":"max-snippet:-1","max-image-preview":"max-image-preview:large","max-video-preview":"max-video-preview:-1"},"canonical":"https:\/\/vitablanca.ma\/ar\/product-2\/doctors-best-complexe-de-vitamines-b-entierement-actif-60-capsules-vegetales-maroc-prix\/","og_locale":"ar_AR","og_type":"article","og_title":"Doctor's Best Complexe de Vitamines 60 Capsule V\u00e9g \u2013 Maroc Prix","og_description":"Complexe de vitamines B actives pour soutenir l\u2019\u00e9nergie, le m\u00e9tabolisme et le syst\u00e8me nerveux. Format 60 capsules v\u00e9g\u00e9tales. Disponible au Maroc.","og_url":"https:\/\/vitablanca.ma\/ar\/product-2\/doctors-best-complexe-de-vitamines-b-entierement-actif-60-capsules-vegetales-maroc-prix\/","og_site_name":"Vitablanca.ma &ndash; Sant&eacute;, vitalit&eacute; et bien-&ecirc;tre pour tous les Marocains","article_publisher":"https:\/\/www.facebook.com\/profile.php?id=61576678196717","og_image":[{"width":1600,"height":1600,"url":"https:\/\/vitablanca.ma\/wp-content\/uploads\/2026\/05\/Doctors-Best-Complexe-de-vitamines-B-entierement-actif-60-capsules-vegetales1.jpg","type":"image\/jpeg"}],"twitter_card":"summary_large_image","twitter_misc":{"\u0648\u0642\u062a \u0627\u0644\u0642\u0631\u0627\u0621\u0629 \u0627\u0644\u0645\u064f\u0642\u062f\u0651\u0631":"\u062f\u0642\u064a\u0642\u062a\u0627\u0646"},"schema":{"@context":"https:\/\/schema.org","@graph":[{"@type":["WebPage","ItemPage"],"@id":"https:\/\/vitablanca.ma\/produit\/doctors-best-complexe-de-vitamines-b-entierement-actif-60-capsules-vegetales-maroc-prix\/","url":"https:\/\/vitablanca.ma\/produit\/doctors-best-complexe-de-vitamines-b-entierement-actif-60-capsules-vegetales-maroc-prix\/","name":"Doctor's Best Complexe de Vitamines 60 Capsule V\u00e9g \u2013 Maroc Prix","isPartOf":{"@id":"https:\/\/vitablanca.ma\/#website"},"primaryImageOfPage":{"@id":"https:\/\/vitablanca.ma\/produit\/doctors-best-complexe-de-vitamines-b-entierement-actif-60-capsules-vegetales-maroc-prix\/#primaryimage"},"image":{"@id":"https:\/\/vitablanca.ma\/produit\/doctors-best-complexe-de-vitamines-b-entierement-actif-60-capsules-vegetales-maroc-prix\/#primaryimage"},"thumbnailUrl":"https:\/\/vitablanca.ma\/wp-content\/uploads\/2026\/05\/Doctors-Best-Complexe-de-vitamines-B-entierement-actif-60-capsules-vegetales1.jpg","datePublished":"2026-05-12T23:48:34+00:00","description":"Complexe de vitamines B actives pour soutenir l\u2019\u00e9nergie, le m\u00e9tabolisme et le syst\u00e8me nerveux. Format 60 capsules v\u00e9g\u00e9tales. Disponible au Maroc.","breadcrumb":{"@id":"https:\/\/vitablanca.ma\/produit\/doctors-best-complexe-de-vitamines-b-entierement-actif-60-capsules-vegetales-maroc-prix\/#breadcrumb"},"inLanguage":"ar","potentialAction":[{"@type":"ReadAction","target":["https:\/\/vitablanca.ma\/produit\/doctors-best-complexe-de-vitamines-b-entierement-actif-60-capsules-vegetales-maroc-prix\/"]}]},{"@type":"ImageObject","inLanguage":"ar","@id":"https:\/\/vitablanca.ma\/produit\/doctors-best-complexe-de-vitamines-b-entierement-actif-60-capsules-vegetales-maroc-prix\/#primaryimage","url":"https:\/\/vitablanca.ma\/wp-content\/uploads\/2026\/05\/Doctors-Best-Complexe-de-vitamines-B-entierement-actif-60-capsules-vegetales1.jpg","contentUrl":"https:\/\/vitablanca.ma\/wp-content\/uploads\/2026\/05\/Doctors-Best-Complexe-de-vitamines-B-entierement-actif-60-capsules-vegetales1.jpg","width":1600,"height":1600},{"@type":"BreadcrumbList","@id":"https:\/\/vitablanca.ma\/produit\/doctors-best-complexe-de-vitamines-b-entierement-actif-60-capsules-vegetales-maroc-prix\/#breadcrumb","itemListElement":[{"@type":"ListItem","position":1,"name":"Home","item":"https:\/\/vitablanca.ma\/"},{"@type":"ListItem","position":2,"name":"Tous Les Produits","item":"https:\/\/vitablanca.ma\/tous-les-produits\/"},{"@type":"ListItem","position":3,"name":"Doctor&#8217;s Best, Complexe de vitamines B enti\u00e8rement actif, 60 capsules v\u00e9g\u00e9tales"}]},{"@type":"WebSite","@id":"https:\/\/vitablanca.ma\/#website","url":"https:\/\/vitablanca.ma\/","name":"VitaBlanca.ma | \u0627\u0644\u0645\u0643\u0645\u0644\u0627\u062a \u0627\u0644\u063a\u0630\u0627\u0626\u064a\u0629\u060c \u0627\u0644\u0635\u062d\u0629 \u0648\u0627\u0644\u062c\u0645\u0627\u0644 \u0641\u064a \u0627\u0644\u0645\u063a\u0631\u0628","description":"\u0646\u0628\u064a\u0639 \u0641\u064a\u062a\u0627\u0645\u064a\u0646\u0627\u062a \u0648\u0645\u0643\u0645\u0644\u0627\u062a \u063a\u0630\u0627\u0626\u064a\u0629 \u0641\u0627\u062e\u0631\u0629 \u0645\u0646 \u0627\u0644\u0648\u0644\u0627\u064a\u0627\u062a \u0627\u0644\u0645\u062a\u062d\u062f\u0629 \u0627\u0644\u0623\u0645\u0631\u064a\u0643\u064a\u0629 \u0648\u0643\u0646\u062f\u0627 \u0648\u0646\u064a\u0648\u0632\u064a\u0644\u0646\u062f\u0627 \u0648\u0627\u0644\u0645\u063a\u0631\u0628 (\u0646\u0627\u0648 \u0641\u0648\u062f\u0632\u060c \u0633\u0648\u0644\u062c\u0627\u0631\u060c \u0645\u0627\u0646\u0648\u0643\u0627). \u062a\u0648\u0635\u064a\u0644 \u0633\u0631\u064a\u0639 \u0625\u0644\u0649 \u062c\u0645\u064a\u0639 \u0623\u0646\u062d\u0627\u0621 \u0627\u0644\u0645\u063a\u0631\u0628.","publisher":{"@id":"https:\/\/vitablanca.ma\/#organization"},"alternateName":"VitaBlanca.ma","potentialAction":[{"@type":"SearchAction","target":{"@type":"EntryPoint","urlTemplate":"https:\/\/vitablanca.ma\/?s={search_term_string}"},"query-input":{"@type":"PropertyValueSpecification","valueRequired":true,"valueName":"search_term_string"}}],"inLanguage":"ar"},{"@type":"Organization","@id":"https:\/\/vitablanca.ma\/#organization","name":"\u0641\u064a\u062a\u0627\u0628\u0644\u0627\u0646\u0643\u0627","url":"https:\/\/vitablanca.ma\/","logo":{"@type":"ImageObject","inLanguage":"ar","@id":"https:\/\/vitablanca.ma\/#\/schema\/logo\/image\/","url":"https:\/\/vitablanca.ma\/wp-content\/uploads\/2025\/05\/cropped-vitablanca.png","contentUrl":"https:\/\/vitablanca.ma\/wp-content\/uploads\/2025\/05\/cropped-vitablanca.png","width":360,"height":67,"caption":"VitaBlanca"},"image":{"@id":"https:\/\/vitablanca.ma\/#\/schema\/logo\/image\/"},"sameAs":["https:\/\/www.facebook.com\/profile.php?id=61576678196717","https:\/\/www.tiktok.com\/@vitablanca.ma","https:\/\/www.instagram.com\/vitablanca.ma\/"]}]}},"jetpack_sharing_enabled":true,"_links":{"self":[{"href":"https:\/\/vitablanca.ma\/ar\/wp-json\/wp\/v2\/product\/35924","targetHints":{"allow":["GET"]}}],"collection":[{"href":"https:\/\/vitablanca.ma\/ar\/wp-json\/wp\/v2\/product"}],"about":[{"href":"https:\/\/vitablanca.ma\/ar\/wp-json\/wp\/v2\/types\/product"}],"wp:featuredmedia":[{"embeddable":true,"href":"https:\/\/vitablanca.ma\/ar\/wp-json\/wp\/v2\/media\/35926"}],"wp:attachment":[{"href":"https:\/\/vitablanca.ma\/ar\/wp-json\/wp\/v2\/media?parent=35924"}],"wp:term":[{"taxonomy":"product_brand","embeddable":true,"href":"https:\/\/vitablanca.ma\/ar\/wp-json\/wp\/v2\/product_brand?post=35924"},{"taxonomy":"product_cat","embeddable":true,"href":"https:\/\/vitablanca.ma\/ar\/wp-json\/wp\/v2\/product_cat?post=35924"},{"taxonomy":"product_tag","embeddable":true,"href":"https:\/\/vitablanca.ma\/ar\/wp-json\/wp\/v2\/product_tag?post=35924"}],"curies":[{"name":"wp","href":"https:\/\/api.w.org\/{rel}","templated":true}]}}