{"id":35379,"date":"2026-04-19T21:58:15","date_gmt":"2026-04-19T21:58:15","guid":{"rendered":"https:\/\/vitablanca.ma\/?post_type=product&#038;p=35379"},"modified":"2026-04-19T21:58:16","modified_gmt":"2026-04-19T21:58:16","slug":"real-mushrooms-hydne-herisson-extrait-de-champignon-en-poudre-120-capsules","status":"publish","type":"product","link":"https:\/\/vitablanca.ma\/ar\/product-2\/real-mushrooms-hydne-herisson-extrait-de-champignon-en-poudre-120-capsules\/","title":{"rendered":"Real Mushrooms Hydne h\u00e9risson, Extrait de champignon en poudre, 120 capsules"},"content":{"rendered":"<p>COMPL\u00c9MENT ALIMENTAIRE \u00c0 BASE DE CHAMPIGNONS CHINE DE LION BIO POUR UNE MEILLEURE SANT\u00c9 COGNITIVE : Fabriqu\u00e9 \u00e0 partir d\u2019extrait de champignon crini\u00e8re de lion 100 % bio pour un soutien c\u00e9r\u00e9bral optimal. Nous utilisons une extraction \u00e0 l\u2019eau chaude pour obtenir des b\u00eata-glucanes, des h\u00e9ric\u00e9nones et des milliers d\u2019autres nutriments b\u00e9n\u00e9fiques, offrant ainsi un coup de pouce c\u00e9r\u00e9bral in\u00e9gal\u00e9 \u00e0 chaque g\u00e9lule. Contrairement \u00e0 d\u2019autres compl\u00e9ments pour la m\u00e9moire et la concentration, nous n\u2019ajoutons ni myc\u00e9lium, ni amidon, ni c\u00e9r\u00e9ales, ni agents de remplissage \u00e0 nos produits : chaque flacon contient uniquement de v\u00e9ritables champignons m\u00e9dicinaux. CHAMPIGNONS CHINE DE LION CUEILLIS \u00c0 LA MAIN POUR UN COMPL\u00c9MENT ULTIME POUR LA M\u00c9MOIRE ET LE CERVEAU : Les champignons m\u00e9dicinaux utilis\u00e9s pour fabriquer ce compl\u00e9ment alimentaire sont cueillis \u00e0 la main par des experts cumulant plus de 40 ans d\u2019exp\u00e9rience dans la culture des champignons, afin de vous garantir un extrait de la meilleure qualit\u00e9 possible. Contrairement \u00e0 d&rsquo;autres compl\u00e9ments alimentaires pour la m\u00e9moire et la concentration, les compl\u00e9ments \u00e0 base de crini\u00e8re de lion de Real Mushrooms contiennent des niveaux mesur\u00e9s de b\u00eata-glucanes (les compos\u00e9s m\u00e9dicinaux les plus importants des champignons), v\u00e9rifi\u00e9s par des laboratoires ind\u00e9pendants. UN COMPL\u00c9MENT POUR LA SANT\u00c9 C\u00c9R\u00c9BRALE CON\u00c7U POUR VOTRE BIEN-\u00caTRE ET VOTRE SATISFACTION : Chez Real Mushrooms, nous sommes fiers de la qualit\u00e9 sup\u00e9rieure de tous nos produits \u00e0 base de champignons. DES COMPL\u00c9MENTS \u00c0 BASE D&rsquo;EXTRAIT DE CR\u00caPE DE LION PUR ET PUISSANT, POUR 60 JOURS Compl\u00e9ment alimentaire<\/p>","protected":false},"excerpt":{"rendered":"<p>Test\u00e9 pour assurer la pr\u00e9sence des compos\u00e9s actifs<\/p>\n<p>\u062e\u0627\u0644\u064a \u0645\u0646 \u0627\u0644\u063a\u0644\u0648\u062a\u064a\u0646<\/p>\n<p>\u062e\u0627\u0644\u064a\u0629 \u0645\u0646 \u0627\u0644\u0643\u0627\u0626\u0646\u0627\u062a \u0627\u0644\u0645\u0639\u062f\u0644\u0629 \u0648\u0631\u0627\u062b\u064a\u064b\u0627<\/p>\n<p>\u0646\u0628\u0627\u062a\u064a<\/p>","protected":false},"featured_media":35380,"template":"","meta":{"om_disable_all_campaigns":false},"product_brand":[12220],"product_cat":[15],"product_tag":[12226,12224,4964,12222,12221,4961,12225,12223,5038,12227],"class_list":{"0":"post-35379","1":"product","2":"type-product","3":"status-publish","4":"has-post-thumbnail","6":"product_brand-real-mushrooms","7":"product_cat-beaute-sante-complements-alimentaires-soins-et-bien-etre-au-meilleur-prix","8":"product_tag-champignon-adaptogene","9":"product_tag-champignon-nootropique","10":"product_tag-focus-mental","11":"product_tag-hydne-herisson","12":"product_tag-lions-mane","13":"product_tag-memoire-concentration","14":"product_tag-mycotherapie","15":"product_tag-real-mushrooms","16":"product_tag-sante-cerebrale","17":"product_tag-supplement-naturel-cerveau","19":"first","20":"instock","21":"taxable","22":"shipping-taxable","23":"purchasable","24":"product-type-simple"},"yoast_head":"<!-- This site is optimized with the Yoast SEO plugin v27.4 - https:\/\/yoast.com\/product\/yoast-seo-wordpress\/ -->\n<title>Real Mushrooms Hydne h\u00e9rissone 120 capsules - Maroc Prix<\/title>\n<meta name=\"description\" content=\"Hydne h\u00e9risson (Lion\u2019s Mane) Real Mushrooms : extrait de champignon en poudre pour soutenir la m\u00e9moire, la concentration et la sant\u00e9 c\u00e9r\u00e9brale.\" \/>\n<meta name=\"robots\" content=\"index, follow, max-snippet:-1, max-image-preview:large, max-video-preview:-1\" \/>\n<link rel=\"canonical\" href=\"https:\/\/vitablanca.ma\/ar\/product-2\/real-mushrooms-hydne-herisson-extrait-de-champignon-en-poudre-120-capsules\/\" \/>\n<meta property=\"og:locale\" content=\"ar_AR\" \/>\n<meta property=\"og:type\" content=\"article\" \/>\n<meta property=\"og:title\" content=\"Real Mushrooms Hydne h\u00e9rissone 120 capsules - Maroc Prix\" \/>\n<meta property=\"og:description\" content=\"Hydne h\u00e9risson (Lion\u2019s Mane) Real Mushrooms : extrait de champignon en poudre pour soutenir la m\u00e9moire, la concentration et la sant\u00e9 c\u00e9r\u00e9brale.\" \/>\n<meta property=\"og:url\" content=\"https:\/\/vitablanca.ma\/ar\/product-2\/real-mushrooms-hydne-herisson-extrait-de-champignon-en-poudre-120-capsules\/\" \/>\n<meta property=\"og:site_name\" content=\"Vitablanca.ma &ndash; Sant&eacute;, vitalit&eacute; et bien-&ecirc;tre pour tous les Marocains\" \/>\n<meta property=\"article:publisher\" content=\"https:\/\/www.facebook.com\/profile.php?id=61576678196717\" \/>\n<meta property=\"article:modified_time\" content=\"2026-04-19T21:58:16+00:00\" \/>\n<meta property=\"og:image\" content=\"https:\/\/vitablanca.ma\/wp-content\/uploads\/2026\/04\/real-mushrooms-hydne-herisson-extrait-de-champignon-en-poudre-120-capsules-.jpg\" \/>\n\t<meta property=\"og:image:width\" content=\"680\" \/>\n\t<meta property=\"og:image:height\" content=\"680\" \/>\n\t<meta property=\"og:image:type\" content=\"image\/jpeg\" \/>\n<meta name=\"twitter:card\" content=\"summary_large_image\" \/>\n<meta name=\"twitter:label1\" content=\"\u0648\u0642\u062a \u0627\u0644\u0642\u0631\u0627\u0621\u0629 \u0627\u0644\u0645\u064f\u0642\u062f\u0651\u0631\" \/>\n\t<meta name=\"twitter:data1\" content=\"\u062f\u0642\u064a\u0642\u062a\u0627\u0646\" \/>\n<script type=\"application\/ld+json\" class=\"yoast-schema-graph\">{\"@context\":\"https:\\\/\\\/schema.org\",\"@graph\":[{\"@type\":[\"WebPage\",\"ItemPage\"],\"@id\":\"https:\\\/\\\/vitablanca.ma\\\/produit\\\/real-mushrooms-hydne-herisson-extrait-de-champignon-en-poudre-120-capsules\\\/\",\"url\":\"https:\\\/\\\/vitablanca.ma\\\/produit\\\/real-mushrooms-hydne-herisson-extrait-de-champignon-en-poudre-120-capsules\\\/\",\"name\":\"Real Mushrooms Hydne h\u00e9rissone 120 capsules - Maroc Prix\",\"isPartOf\":{\"@id\":\"https:\\\/\\\/vitablanca.ma\\\/#website\"},\"primaryImageOfPage\":{\"@id\":\"https:\\\/\\\/vitablanca.ma\\\/produit\\\/real-mushrooms-hydne-herisson-extrait-de-champignon-en-poudre-120-capsules\\\/#primaryimage\"},\"image\":{\"@id\":\"https:\\\/\\\/vitablanca.ma\\\/produit\\\/real-mushrooms-hydne-herisson-extrait-de-champignon-en-poudre-120-capsules\\\/#primaryimage\"},\"thumbnailUrl\":\"https:\\\/\\\/vitablanca.ma\\\/wp-content\\\/uploads\\\/2026\\\/04\\\/real-mushrooms-hydne-herisson-extrait-de-champignon-en-poudre-120-capsules-.jpg\",\"datePublished\":\"2026-04-19T21:58:15+00:00\",\"dateModified\":\"2026-04-19T21:58:16+00:00\",\"description\":\"Hydne h\u00e9risson (Lion\u2019s Mane) Real Mushrooms : extrait de champignon en poudre pour soutenir la m\u00e9moire, la concentration et la sant\u00e9 c\u00e9r\u00e9brale.\",\"breadcrumb\":{\"@id\":\"https:\\\/\\\/vitablanca.ma\\\/produit\\\/real-mushrooms-hydne-herisson-extrait-de-champignon-en-poudre-120-capsules\\\/#breadcrumb\"},\"inLanguage\":\"ar\",\"potentialAction\":[{\"@type\":\"ReadAction\",\"target\":[\"https:\\\/\\\/vitablanca.ma\\\/produit\\\/real-mushrooms-hydne-herisson-extrait-de-champignon-en-poudre-120-capsules\\\/\"]}]},{\"@type\":\"ImageObject\",\"inLanguage\":\"ar\",\"@id\":\"https:\\\/\\\/vitablanca.ma\\\/produit\\\/real-mushrooms-hydne-herisson-extrait-de-champignon-en-poudre-120-capsules\\\/#primaryimage\",\"url\":\"https:\\\/\\\/vitablanca.ma\\\/wp-content\\\/uploads\\\/2026\\\/04\\\/real-mushrooms-hydne-herisson-extrait-de-champignon-en-poudre-120-capsules-.jpg\",\"contentUrl\":\"https:\\\/\\\/vitablanca.ma\\\/wp-content\\\/uploads\\\/2026\\\/04\\\/real-mushrooms-hydne-herisson-extrait-de-champignon-en-poudre-120-capsules-.jpg\",\"width\":680,\"height\":680},{\"@type\":\"BreadcrumbList\",\"@id\":\"https:\\\/\\\/vitablanca.ma\\\/produit\\\/real-mushrooms-hydne-herisson-extrait-de-champignon-en-poudre-120-capsules\\\/#breadcrumb\",\"itemListElement\":[{\"@type\":\"ListItem\",\"position\":1,\"name\":\"Home\",\"item\":\"https:\\\/\\\/vitablanca.ma\\\/\"},{\"@type\":\"ListItem\",\"position\":2,\"name\":\"Tous Les Produits\",\"item\":\"https:\\\/\\\/vitablanca.ma\\\/tous-les-produits\\\/\"},{\"@type\":\"ListItem\",\"position\":3,\"name\":\"Real Mushrooms Hydne h\u00e9risson, Extrait de champignon en poudre, 120 capsules\"}]},{\"@type\":\"WebSite\",\"@id\":\"https:\\\/\\\/vitablanca.ma\\\/#website\",\"url\":\"https:\\\/\\\/vitablanca.ma\\\/\",\"name\":\"VitaBlanca.ma | Compl\u00e9ments alimentaires, sant\u00e9 & beaut\u00e9 au Maroc\",\"description\":\"vendre vitamines et compl\u00e9ments premium des USA &amp; Canada, Nouvelle Z\u00e9lande,Maroc (NOW Foods, Solgar, Manuka). Livraison rapide partout au Maroc.\",\"publisher\":{\"@id\":\"https:\\\/\\\/vitablanca.ma\\\/#organization\"},\"alternateName\":\"VitaBlanca.ma\",\"potentialAction\":[{\"@type\":\"SearchAction\",\"target\":{\"@type\":\"EntryPoint\",\"urlTemplate\":\"https:\\\/\\\/vitablanca.ma\\\/?s={search_term_string}\"},\"query-input\":{\"@type\":\"PropertyValueSpecification\",\"valueRequired\":true,\"valueName\":\"search_term_string\"}}],\"inLanguage\":\"ar\"},{\"@type\":\"Organization\",\"@id\":\"https:\\\/\\\/vitablanca.ma\\\/#organization\",\"name\":\"VitaBlanca\",\"url\":\"https:\\\/\\\/vitablanca.ma\\\/\",\"logo\":{\"@type\":\"ImageObject\",\"inLanguage\":\"ar\",\"@id\":\"https:\\\/\\\/vitablanca.ma\\\/#\\\/schema\\\/logo\\\/image\\\/\",\"url\":\"https:\\\/\\\/vitablanca.ma\\\/wp-content\\\/uploads\\\/2025\\\/05\\\/cropped-vitablanca.png\",\"contentUrl\":\"https:\\\/\\\/vitablanca.ma\\\/wp-content\\\/uploads\\\/2025\\\/05\\\/cropped-vitablanca.png\",\"width\":360,\"height\":67,\"caption\":\"VitaBlanca\"},\"image\":{\"@id\":\"https:\\\/\\\/vitablanca.ma\\\/#\\\/schema\\\/logo\\\/image\\\/\"},\"sameAs\":[\"https:\\\/\\\/www.facebook.com\\\/profile.php?id=61576678196717\",\"https:\\\/\\\/www.tiktok.com\\\/@vitablanca.ma\",\"https:\\\/\\\/www.instagram.com\\\/vitablanca.ma\\\/\"]}]}<\/script>\n<!-- \/ Yoast SEO plugin. -->","yoast_head_json":{"title":"Real Mushrooms Hydne h\u00e9rissone 120 capsules - Maroc Prix","description":"Hydne h\u00e9risson (Lion\u2019s Mane) Real Mushrooms : extrait de champignon en poudre pour soutenir la m\u00e9moire, la concentration et la sant\u00e9 c\u00e9r\u00e9brale.","robots":{"index":"index","follow":"follow","max-snippet":"max-snippet:-1","max-image-preview":"max-image-preview:large","max-video-preview":"max-video-preview:-1"},"canonical":"https:\/\/vitablanca.ma\/ar\/product-2\/real-mushrooms-hydne-herisson-extrait-de-champignon-en-poudre-120-capsules\/","og_locale":"ar_AR","og_type":"article","og_title":"Real Mushrooms Hydne h\u00e9rissone 120 capsules - Maroc Prix","og_description":"Hydne h\u00e9risson (Lion\u2019s Mane) Real Mushrooms : extrait de champignon en poudre pour soutenir la m\u00e9moire, la concentration et la sant\u00e9 c\u00e9r\u00e9brale.","og_url":"https:\/\/vitablanca.ma\/ar\/product-2\/real-mushrooms-hydne-herisson-extrait-de-champignon-en-poudre-120-capsules\/","og_site_name":"Vitablanca.ma &ndash; Sant&eacute;, vitalit&eacute; et bien-&ecirc;tre pour tous les Marocains","article_publisher":"https:\/\/www.facebook.com\/profile.php?id=61576678196717","article_modified_time":"2026-04-19T21:58:16+00:00","og_image":[{"width":680,"height":680,"url":"https:\/\/vitablanca.ma\/wp-content\/uploads\/2026\/04\/real-mushrooms-hydne-herisson-extrait-de-champignon-en-poudre-120-capsules-.jpg","type":"image\/jpeg"}],"twitter_card":"summary_large_image","twitter_misc":{"\u0648\u0642\u062a \u0627\u0644\u0642\u0631\u0627\u0621\u0629 \u0627\u0644\u0645\u064f\u0642\u062f\u0651\u0631":"\u062f\u0642\u064a\u0642\u062a\u0627\u0646"},"schema":{"@context":"https:\/\/schema.org","@graph":[{"@type":["WebPage","ItemPage"],"@id":"https:\/\/vitablanca.ma\/produit\/real-mushrooms-hydne-herisson-extrait-de-champignon-en-poudre-120-capsules\/","url":"https:\/\/vitablanca.ma\/produit\/real-mushrooms-hydne-herisson-extrait-de-champignon-en-poudre-120-capsules\/","name":"Real Mushrooms Hydne h\u00e9rissone 120 capsules - Maroc Prix","isPartOf":{"@id":"https:\/\/vitablanca.ma\/#website"},"primaryImageOfPage":{"@id":"https:\/\/vitablanca.ma\/produit\/real-mushrooms-hydne-herisson-extrait-de-champignon-en-poudre-120-capsules\/#primaryimage"},"image":{"@id":"https:\/\/vitablanca.ma\/produit\/real-mushrooms-hydne-herisson-extrait-de-champignon-en-poudre-120-capsules\/#primaryimage"},"thumbnailUrl":"https:\/\/vitablanca.ma\/wp-content\/uploads\/2026\/04\/real-mushrooms-hydne-herisson-extrait-de-champignon-en-poudre-120-capsules-.jpg","datePublished":"2026-04-19T21:58:15+00:00","dateModified":"2026-04-19T21:58:16+00:00","description":"Hydne h\u00e9risson (Lion\u2019s Mane) Real Mushrooms : extrait de champignon en poudre pour soutenir la m\u00e9moire, la concentration et la sant\u00e9 c\u00e9r\u00e9brale.","breadcrumb":{"@id":"https:\/\/vitablanca.ma\/produit\/real-mushrooms-hydne-herisson-extrait-de-champignon-en-poudre-120-capsules\/#breadcrumb"},"inLanguage":"ar","potentialAction":[{"@type":"ReadAction","target":["https:\/\/vitablanca.ma\/produit\/real-mushrooms-hydne-herisson-extrait-de-champignon-en-poudre-120-capsules\/"]}]},{"@type":"ImageObject","inLanguage":"ar","@id":"https:\/\/vitablanca.ma\/produit\/real-mushrooms-hydne-herisson-extrait-de-champignon-en-poudre-120-capsules\/#primaryimage","url":"https:\/\/vitablanca.ma\/wp-content\/uploads\/2026\/04\/real-mushrooms-hydne-herisson-extrait-de-champignon-en-poudre-120-capsules-.jpg","contentUrl":"https:\/\/vitablanca.ma\/wp-content\/uploads\/2026\/04\/real-mushrooms-hydne-herisson-extrait-de-champignon-en-poudre-120-capsules-.jpg","width":680,"height":680},{"@type":"BreadcrumbList","@id":"https:\/\/vitablanca.ma\/produit\/real-mushrooms-hydne-herisson-extrait-de-champignon-en-poudre-120-capsules\/#breadcrumb","itemListElement":[{"@type":"ListItem","position":1,"name":"Home","item":"https:\/\/vitablanca.ma\/"},{"@type":"ListItem","position":2,"name":"Tous Les Produits","item":"https:\/\/vitablanca.ma\/tous-les-produits\/"},{"@type":"ListItem","position":3,"name":"Real Mushrooms Hydne h\u00e9risson, Extrait de champignon en poudre, 120 capsules"}]},{"@type":"WebSite","@id":"https:\/\/vitablanca.ma\/#website","url":"https:\/\/vitablanca.ma\/","name":"VitaBlanca.ma | \u0627\u0644\u0645\u0643\u0645\u0644\u0627\u062a \u0627\u0644\u063a\u0630\u0627\u0626\u064a\u0629\u060c \u0627\u0644\u0635\u062d\u0629 \u0648\u0627\u0644\u062c\u0645\u0627\u0644 \u0641\u064a \u0627\u0644\u0645\u063a\u0631\u0628","description":"\u0646\u0628\u064a\u0639 \u0641\u064a\u062a\u0627\u0645\u064a\u0646\u0627\u062a \u0648\u0645\u0643\u0645\u0644\u0627\u062a \u063a\u0630\u0627\u0626\u064a\u0629 \u0641\u0627\u062e\u0631\u0629 \u0645\u0646 \u0627\u0644\u0648\u0644\u0627\u064a\u0627\u062a \u0627\u0644\u0645\u062a\u062d\u062f\u0629 \u0627\u0644\u0623\u0645\u0631\u064a\u0643\u064a\u0629 \u0648\u0643\u0646\u062f\u0627 \u0648\u0646\u064a\u0648\u0632\u064a\u0644\u0646\u062f\u0627 \u0648\u0627\u0644\u0645\u063a\u0631\u0628 (\u0646\u0627\u0648 \u0641\u0648\u062f\u0632\u060c \u0633\u0648\u0644\u062c\u0627\u0631\u060c \u0645\u0627\u0646\u0648\u0643\u0627). \u062a\u0648\u0635\u064a\u0644 \u0633\u0631\u064a\u0639 \u0625\u0644\u0649 \u062c\u0645\u064a\u0639 \u0623\u0646\u062d\u0627\u0621 \u0627\u0644\u0645\u063a\u0631\u0628.","publisher":{"@id":"https:\/\/vitablanca.ma\/#organization"},"alternateName":"VitaBlanca.ma","potentialAction":[{"@type":"SearchAction","target":{"@type":"EntryPoint","urlTemplate":"https:\/\/vitablanca.ma\/?s={search_term_string}"},"query-input":{"@type":"PropertyValueSpecification","valueRequired":true,"valueName":"search_term_string"}}],"inLanguage":"ar"},{"@type":"Organization","@id":"https:\/\/vitablanca.ma\/#organization","name":"\u0641\u064a\u062a\u0627\u0628\u0644\u0627\u0646\u0643\u0627","url":"https:\/\/vitablanca.ma\/","logo":{"@type":"ImageObject","inLanguage":"ar","@id":"https:\/\/vitablanca.ma\/#\/schema\/logo\/image\/","url":"https:\/\/vitablanca.ma\/wp-content\/uploads\/2025\/05\/cropped-vitablanca.png","contentUrl":"https:\/\/vitablanca.ma\/wp-content\/uploads\/2025\/05\/cropped-vitablanca.png","width":360,"height":67,"caption":"VitaBlanca"},"image":{"@id":"https:\/\/vitablanca.ma\/#\/schema\/logo\/image\/"},"sameAs":["https:\/\/www.facebook.com\/profile.php?id=61576678196717","https:\/\/www.tiktok.com\/@vitablanca.ma","https:\/\/www.instagram.com\/vitablanca.ma\/"]}]}},"jetpack_sharing_enabled":true,"_links":{"self":[{"href":"https:\/\/vitablanca.ma\/ar\/wp-json\/wp\/v2\/product\/35379","targetHints":{"allow":["GET"]}}],"collection":[{"href":"https:\/\/vitablanca.ma\/ar\/wp-json\/wp\/v2\/product"}],"about":[{"href":"https:\/\/vitablanca.ma\/ar\/wp-json\/wp\/v2\/types\/product"}],"wp:featuredmedia":[{"embeddable":true,"href":"https:\/\/vitablanca.ma\/ar\/wp-json\/wp\/v2\/media\/35380"}],"wp:attachment":[{"href":"https:\/\/vitablanca.ma\/ar\/wp-json\/wp\/v2\/media?parent=35379"}],"wp:term":[{"taxonomy":"product_brand","embeddable":true,"href":"https:\/\/vitablanca.ma\/ar\/wp-json\/wp\/v2\/product_brand?post=35379"},{"taxonomy":"product_cat","embeddable":true,"href":"https:\/\/vitablanca.ma\/ar\/wp-json\/wp\/v2\/product_cat?post=35379"},{"taxonomy":"product_tag","embeddable":true,"href":"https:\/\/vitablanca.ma\/ar\/wp-json\/wp\/v2\/product_tag?post=35379"}],"curies":[{"name":"wp","href":"https:\/\/api.w.org\/{rel}","templated":true}]}}