{"id":35276,"date":"2026-04-18T22:32:35","date_gmt":"2026-04-18T22:32:35","guid":{"rendered":"https:\/\/vitablanca.ma\/?post_type=product&#038;p=35276"},"modified":"2026-04-18T22:32:37","modified_gmt":"2026-04-18T22:32:37","slug":"solgar-citrate-de-calcium-avec-vitamine-d3-120-comprimes","status":"publish","type":"product","link":"https:\/\/vitablanca.ma\/ar\/product-2\/solgar-citrate-de-calcium-avec-vitamine-d3-120-comprimes\/","title":{"rendered":"Solgar Citrate de Calcium avec vitamine D3  120 comprim\u00e9s"},"content":{"rendered":"<h2>Calcium avec Vitamine D3 \u2013 Soutien Essentiel pour des Os et des Dents Solides<\/h2>\n<p>Le calcium est un min\u00e9ral vital, indispensable chaque jour pour maintenir une bonne sant\u00e9. Environ 99% du calcium pr\u00e9sent dans le corps se trouve dans les os et les dents, o\u00f9 il fournit les \u00e9l\u00e9ments n\u00e9cessaires pour conserver leur solidit\u00e9 et leur sant\u00e9. Au-del\u00e0 de ces fonctions structurelles, le calcium soutient \u00e9galement la sant\u00e9 des syst\u00e8mes musculo-squelettique et nerveux.<\/p>\n<p>Cette formule enrichie en vitamine D3 favorise une meilleure absorption du calcium, optimisant ainsi ses bienfaits pour l\u2019organisme.<\/p>\n<p>Un apport suffisant en calcium et vitamine D, combin\u00e9 \u00e0 une alimentation \u00e9quilibr\u00e9e et \u00e0 une activit\u00e9 physique r\u00e9guli\u00e8re, peut contribuer \u00e0 r\u00e9duire le risque d\u2019ost\u00e9oporose \u00e0 long terme.<\/p>\n<p><strong>Bienfaits du calcium avec vitamine D3 :<\/strong><\/p>\n<p>Maintient des os et des dents solides et en bonne sant\u00e9.<\/p>\n<p>Soutient les fonctions musculaires et nerveuses.<\/p>\n<p>Am\u00e9liore l\u2019absorption du calcium gr\u00e2ce \u00e0 la vitamine D3.<\/p>\n<p><strong>\u0637\u0631\u064a\u0642\u0629 \u0627\u0644\u0627\u0633\u062a\u062e\u062f\u0627\u0645<\/strong><br \/>\nPrendre 4 comprim\u00e9s par jour, de pr\u00e9f\u00e9rence au cours d\u2019un repas. Peut \u00eatre consomm\u00e9 \u00e0 tout moment de la journ\u00e9e ou selon les recommandations d\u2019un professionnel de sant\u00e9.<\/p>","protected":false},"excerpt":{"rendered":"<ul>\n<li>\u064a\u0639\u0632\u0632 \u0635\u062d\u0629 \u0627\u0644\u0639\u0638\u0627\u0645<\/li>\n<li>\u062e\u0627\u0644\u064a\u0629 \u0645\u0646 \u0627\u0644\u0643\u0627\u0626\u0646\u0627\u062a \u0627\u0644\u0645\u0639\u062f\u0644\u0629 \u0648\u0631\u0627\u062b\u064a\u064b\u0627<\/li>\n<li>Sans gluten, bl\u00e9 ni produits laitiers<\/li>\n<li>\u062d\u0644\u0627\u0644<\/li>\n<li>\u0645\u0639\u062a\u0645\u062f \u062e\u0627\u0644\u064d \u0645\u0646 \u0627\u0644\u063a\u0644\u0648\u062a\u064a\u0646<\/li>\n<\/ul>","protected":false},"featured_media":35277,"template":"","meta":{"om_disable_all_campaigns":false},"product_brand":[42],"product_cat":[3366,19],"product_tag":[12171,12167,9851,12170,12013,181,812,4258,1697,12169,929,12168,49,12172,153],"class_list":{"0":"post-35276","1":"product","2":"type-product","3":"status-publish","4":"has-post-thumbnail","6":"product_brand-solgar-prix-maroc","7":"product_cat-complements-alimentaires-au-maroc-vitablanca","8":"product_cat-vitamines-supplements-dietetiques","9":"product_tag-calcium-biodisponible","10":"product_tag-calcium-citrate","11":"product_tag-calcium-haute-absorption","12":"product_tag-calcium-maroc","13":"product_tag-calcium-vitamine-d3","14":"product_tag-complement-alimentaire","15":"product_tag-complement-calcium","16":"product_tag-densite-osseuse","17":"product_tag-mineraux-essentiels","18":"product_tag-os-et-dents","19":"product_tag-sante-des-os","20":"product_tag-solgar-calcium","21":"product_tag-solgar-maroc","22":"product_tag-soutien-musculaire","23":"product_tag-vitamine-d3","25":"first","26":"instock","27":"taxable","28":"shipping-taxable","29":"purchasable","30":"product-type-simple"},"yoast_head":"<!-- This site is optimized with the Yoast SEO plugin v27.4 - https:\/\/yoast.com\/product\/yoast-seo-wordpress\/ -->\n<title>Solgar Citrate de Calcium avec vitamine D3 - Maroc Prix<\/title>\n<meta name=\"description\" content=\"Compl\u00e9ment Solgar Calcium Citrate avec Vitamine D3 (120 comprim\u00e9s) : absorption optimale, renforce os, dents et muscles. Qualit\u00e9 premium, sans gluten.\" \/>\n<meta name=\"robots\" content=\"index, follow, max-snippet:-1, max-image-preview:large, max-video-preview:-1\" \/>\n<link rel=\"canonical\" href=\"https:\/\/vitablanca.ma\/ar\/product-2\/solgar-citrate-de-calcium-avec-vitamine-d3-120-comprimes\/\" \/>\n<meta property=\"og:locale\" content=\"ar_AR\" \/>\n<meta property=\"og:type\" content=\"article\" \/>\n<meta property=\"og:title\" content=\"Solgar Citrate de Calcium avec vitamine D3 - Maroc Prix\" \/>\n<meta property=\"og:description\" content=\"Compl\u00e9ment Solgar Calcium Citrate avec Vitamine D3 (120 comprim\u00e9s) : absorption optimale, renforce os, dents et muscles. Qualit\u00e9 premium, sans gluten.\" \/>\n<meta property=\"og:url\" content=\"https:\/\/vitablanca.ma\/ar\/product-2\/solgar-citrate-de-calcium-avec-vitamine-d3-120-comprimes\/\" \/>\n<meta property=\"og:site_name\" content=\"Vitablanca.ma &ndash; Sant&eacute;, vitalit&eacute; et bien-&ecirc;tre pour tous les Marocains\" \/>\n<meta property=\"article:publisher\" content=\"https:\/\/www.facebook.com\/profile.php?id=61576678196717\" \/>\n<meta property=\"article:modified_time\" content=\"2026-04-18T22:32:37+00:00\" \/>\n<meta property=\"og:image\" content=\"https:\/\/vitablanca.ma\/wp-content\/uploads\/2026\/04\/solgar-citrate-de-calcium-avec-vitamine-d3-120-comprimes-.jpg\" \/>\n\t<meta property=\"og:image:width\" content=\"680\" \/>\n\t<meta property=\"og:image:height\" content=\"680\" \/>\n\t<meta property=\"og:image:type\" content=\"image\/jpeg\" \/>\n<meta name=\"twitter:card\" content=\"summary_large_image\" \/>\n<meta name=\"twitter:label1\" content=\"\u0648\u0642\u062a \u0627\u0644\u0642\u0631\u0627\u0621\u0629 \u0627\u0644\u0645\u064f\u0642\u062f\u0651\u0631\" \/>\n\t<meta name=\"twitter:data1\" content=\"\u062f\u0642\u064a\u0642\u062a\u0627\u0646\" \/>\n<script type=\"application\/ld+json\" class=\"yoast-schema-graph\">{\"@context\":\"https:\\\/\\\/schema.org\",\"@graph\":[{\"@type\":[\"WebPage\",\"ItemPage\"],\"@id\":\"https:\\\/\\\/vitablanca.ma\\\/produit\\\/solgar-citrate-de-calcium-avec-vitamine-d3-120-comprimes\\\/\",\"url\":\"https:\\\/\\\/vitablanca.ma\\\/produit\\\/solgar-citrate-de-calcium-avec-vitamine-d3-120-comprimes\\\/\",\"name\":\"Solgar Citrate de Calcium avec vitamine D3 - Maroc Prix\",\"isPartOf\":{\"@id\":\"https:\\\/\\\/vitablanca.ma\\\/#website\"},\"primaryImageOfPage\":{\"@id\":\"https:\\\/\\\/vitablanca.ma\\\/produit\\\/solgar-citrate-de-calcium-avec-vitamine-d3-120-comprimes\\\/#primaryimage\"},\"image\":{\"@id\":\"https:\\\/\\\/vitablanca.ma\\\/produit\\\/solgar-citrate-de-calcium-avec-vitamine-d3-120-comprimes\\\/#primaryimage\"},\"thumbnailUrl\":\"https:\\\/\\\/vitablanca.ma\\\/wp-content\\\/uploads\\\/2026\\\/04\\\/solgar-citrate-de-calcium-avec-vitamine-d3-120-comprimes-.jpg\",\"datePublished\":\"2026-04-18T22:32:35+00:00\",\"dateModified\":\"2026-04-18T22:32:37+00:00\",\"description\":\"Compl\u00e9ment Solgar Calcium Citrate avec Vitamine D3 (120 comprim\u00e9s) : absorption optimale, renforce os, dents et muscles. Qualit\u00e9 premium, sans gluten.\",\"breadcrumb\":{\"@id\":\"https:\\\/\\\/vitablanca.ma\\\/produit\\\/solgar-citrate-de-calcium-avec-vitamine-d3-120-comprimes\\\/#breadcrumb\"},\"inLanguage\":\"ar\",\"potentialAction\":[{\"@type\":\"ReadAction\",\"target\":[\"https:\\\/\\\/vitablanca.ma\\\/produit\\\/solgar-citrate-de-calcium-avec-vitamine-d3-120-comprimes\\\/\"]}]},{\"@type\":\"ImageObject\",\"inLanguage\":\"ar\",\"@id\":\"https:\\\/\\\/vitablanca.ma\\\/produit\\\/solgar-citrate-de-calcium-avec-vitamine-d3-120-comprimes\\\/#primaryimage\",\"url\":\"https:\\\/\\\/vitablanca.ma\\\/wp-content\\\/uploads\\\/2026\\\/04\\\/solgar-citrate-de-calcium-avec-vitamine-d3-120-comprimes-.jpg\",\"contentUrl\":\"https:\\\/\\\/vitablanca.ma\\\/wp-content\\\/uploads\\\/2026\\\/04\\\/solgar-citrate-de-calcium-avec-vitamine-d3-120-comprimes-.jpg\",\"width\":680,\"height\":680},{\"@type\":\"BreadcrumbList\",\"@id\":\"https:\\\/\\\/vitablanca.ma\\\/produit\\\/solgar-citrate-de-calcium-avec-vitamine-d3-120-comprimes\\\/#breadcrumb\",\"itemListElement\":[{\"@type\":\"ListItem\",\"position\":1,\"name\":\"Home\",\"item\":\"https:\\\/\\\/vitablanca.ma\\\/\"},{\"@type\":\"ListItem\",\"position\":2,\"name\":\"Tous Les Produits\",\"item\":\"https:\\\/\\\/vitablanca.ma\\\/tous-les-produits\\\/\"},{\"@type\":\"ListItem\",\"position\":3,\"name\":\"Solgar Citrate de Calcium avec vitamine D3 120 comprim\u00e9s\"}]},{\"@type\":\"WebSite\",\"@id\":\"https:\\\/\\\/vitablanca.ma\\\/#website\",\"url\":\"https:\\\/\\\/vitablanca.ma\\\/\",\"name\":\"VitaBlanca.ma | Compl\u00e9ments alimentaires, sant\u00e9 & beaut\u00e9 au Maroc\",\"description\":\"vendre vitamines et compl\u00e9ments premium des USA &amp; Canada, Nouvelle Z\u00e9lande,Maroc (NOW Foods, Solgar, Manuka). Livraison rapide partout au Maroc.\",\"publisher\":{\"@id\":\"https:\\\/\\\/vitablanca.ma\\\/#organization\"},\"alternateName\":\"VitaBlanca.ma\",\"potentialAction\":[{\"@type\":\"SearchAction\",\"target\":{\"@type\":\"EntryPoint\",\"urlTemplate\":\"https:\\\/\\\/vitablanca.ma\\\/?s={search_term_string}\"},\"query-input\":{\"@type\":\"PropertyValueSpecification\",\"valueRequired\":true,\"valueName\":\"search_term_string\"}}],\"inLanguage\":\"ar\"},{\"@type\":\"Organization\",\"@id\":\"https:\\\/\\\/vitablanca.ma\\\/#organization\",\"name\":\"VitaBlanca\",\"url\":\"https:\\\/\\\/vitablanca.ma\\\/\",\"logo\":{\"@type\":\"ImageObject\",\"inLanguage\":\"ar\",\"@id\":\"https:\\\/\\\/vitablanca.ma\\\/#\\\/schema\\\/logo\\\/image\\\/\",\"url\":\"https:\\\/\\\/vitablanca.ma\\\/wp-content\\\/uploads\\\/2025\\\/05\\\/cropped-vitablanca.png\",\"contentUrl\":\"https:\\\/\\\/vitablanca.ma\\\/wp-content\\\/uploads\\\/2025\\\/05\\\/cropped-vitablanca.png\",\"width\":360,\"height\":67,\"caption\":\"VitaBlanca\"},\"image\":{\"@id\":\"https:\\\/\\\/vitablanca.ma\\\/#\\\/schema\\\/logo\\\/image\\\/\"},\"sameAs\":[\"https:\\\/\\\/www.facebook.com\\\/profile.php?id=61576678196717\",\"https:\\\/\\\/www.tiktok.com\\\/@vitablanca.ma\",\"https:\\\/\\\/www.instagram.com\\\/vitablanca.ma\\\/\"]}]}<\/script>\n<!-- \/ Yoast SEO plugin. -->","yoast_head_json":{"title":"Solgar Citrate de Calcium avec vitamine D3 - Maroc Prix","description":"Compl\u00e9ment Solgar Calcium Citrate avec Vitamine D3 (120 comprim\u00e9s) : absorption optimale, renforce os, dents et muscles. Qualit\u00e9 premium, sans gluten.","robots":{"index":"index","follow":"follow","max-snippet":"max-snippet:-1","max-image-preview":"max-image-preview:large","max-video-preview":"max-video-preview:-1"},"canonical":"https:\/\/vitablanca.ma\/ar\/product-2\/solgar-citrate-de-calcium-avec-vitamine-d3-120-comprimes\/","og_locale":"ar_AR","og_type":"article","og_title":"Solgar Citrate de Calcium avec vitamine D3 - Maroc Prix","og_description":"Compl\u00e9ment Solgar Calcium Citrate avec Vitamine D3 (120 comprim\u00e9s) : absorption optimale, renforce os, dents et muscles. Qualit\u00e9 premium, sans gluten.","og_url":"https:\/\/vitablanca.ma\/ar\/product-2\/solgar-citrate-de-calcium-avec-vitamine-d3-120-comprimes\/","og_site_name":"Vitablanca.ma &ndash; Sant&eacute;, vitalit&eacute; et bien-&ecirc;tre pour tous les Marocains","article_publisher":"https:\/\/www.facebook.com\/profile.php?id=61576678196717","article_modified_time":"2026-04-18T22:32:37+00:00","og_image":[{"width":680,"height":680,"url":"https:\/\/vitablanca.ma\/wp-content\/uploads\/2026\/04\/solgar-citrate-de-calcium-avec-vitamine-d3-120-comprimes-.jpg","type":"image\/jpeg"}],"twitter_card":"summary_large_image","twitter_misc":{"\u0648\u0642\u062a \u0627\u0644\u0642\u0631\u0627\u0621\u0629 \u0627\u0644\u0645\u064f\u0642\u062f\u0651\u0631":"\u062f\u0642\u064a\u0642\u062a\u0627\u0646"},"schema":{"@context":"https:\/\/schema.org","@graph":[{"@type":["WebPage","ItemPage"],"@id":"https:\/\/vitablanca.ma\/produit\/solgar-citrate-de-calcium-avec-vitamine-d3-120-comprimes\/","url":"https:\/\/vitablanca.ma\/produit\/solgar-citrate-de-calcium-avec-vitamine-d3-120-comprimes\/","name":"Solgar Citrate de Calcium avec vitamine D3 - Maroc Prix","isPartOf":{"@id":"https:\/\/vitablanca.ma\/#website"},"primaryImageOfPage":{"@id":"https:\/\/vitablanca.ma\/produit\/solgar-citrate-de-calcium-avec-vitamine-d3-120-comprimes\/#primaryimage"},"image":{"@id":"https:\/\/vitablanca.ma\/produit\/solgar-citrate-de-calcium-avec-vitamine-d3-120-comprimes\/#primaryimage"},"thumbnailUrl":"https:\/\/vitablanca.ma\/wp-content\/uploads\/2026\/04\/solgar-citrate-de-calcium-avec-vitamine-d3-120-comprimes-.jpg","datePublished":"2026-04-18T22:32:35+00:00","dateModified":"2026-04-18T22:32:37+00:00","description":"Compl\u00e9ment Solgar Calcium Citrate avec Vitamine D3 (120 comprim\u00e9s) : absorption optimale, renforce os, dents et muscles. Qualit\u00e9 premium, sans gluten.","breadcrumb":{"@id":"https:\/\/vitablanca.ma\/produit\/solgar-citrate-de-calcium-avec-vitamine-d3-120-comprimes\/#breadcrumb"},"inLanguage":"ar","potentialAction":[{"@type":"ReadAction","target":["https:\/\/vitablanca.ma\/produit\/solgar-citrate-de-calcium-avec-vitamine-d3-120-comprimes\/"]}]},{"@type":"ImageObject","inLanguage":"ar","@id":"https:\/\/vitablanca.ma\/produit\/solgar-citrate-de-calcium-avec-vitamine-d3-120-comprimes\/#primaryimage","url":"https:\/\/vitablanca.ma\/wp-content\/uploads\/2026\/04\/solgar-citrate-de-calcium-avec-vitamine-d3-120-comprimes-.jpg","contentUrl":"https:\/\/vitablanca.ma\/wp-content\/uploads\/2026\/04\/solgar-citrate-de-calcium-avec-vitamine-d3-120-comprimes-.jpg","width":680,"height":680},{"@type":"BreadcrumbList","@id":"https:\/\/vitablanca.ma\/produit\/solgar-citrate-de-calcium-avec-vitamine-d3-120-comprimes\/#breadcrumb","itemListElement":[{"@type":"ListItem","position":1,"name":"Home","item":"https:\/\/vitablanca.ma\/"},{"@type":"ListItem","position":2,"name":"Tous Les Produits","item":"https:\/\/vitablanca.ma\/tous-les-produits\/"},{"@type":"ListItem","position":3,"name":"Solgar Citrate de Calcium avec vitamine D3 120 comprim\u00e9s"}]},{"@type":"WebSite","@id":"https:\/\/vitablanca.ma\/#website","url":"https:\/\/vitablanca.ma\/","name":"VitaBlanca.ma | \u0627\u0644\u0645\u0643\u0645\u0644\u0627\u062a \u0627\u0644\u063a\u0630\u0627\u0626\u064a\u0629\u060c \u0627\u0644\u0635\u062d\u0629 \u0648\u0627\u0644\u062c\u0645\u0627\u0644 \u0641\u064a \u0627\u0644\u0645\u063a\u0631\u0628","description":"\u0646\u0628\u064a\u0639 \u0641\u064a\u062a\u0627\u0645\u064a\u0646\u0627\u062a \u0648\u0645\u0643\u0645\u0644\u0627\u062a \u063a\u0630\u0627\u0626\u064a\u0629 \u0641\u0627\u062e\u0631\u0629 \u0645\u0646 \u0627\u0644\u0648\u0644\u0627\u064a\u0627\u062a \u0627\u0644\u0645\u062a\u062d\u062f\u0629 \u0627\u0644\u0623\u0645\u0631\u064a\u0643\u064a\u0629 \u0648\u0643\u0646\u062f\u0627 \u0648\u0646\u064a\u0648\u0632\u064a\u0644\u0646\u062f\u0627 \u0648\u0627\u0644\u0645\u063a\u0631\u0628 (\u0646\u0627\u0648 \u0641\u0648\u062f\u0632\u060c \u0633\u0648\u0644\u062c\u0627\u0631\u060c \u0645\u0627\u0646\u0648\u0643\u0627). \u062a\u0648\u0635\u064a\u0644 \u0633\u0631\u064a\u0639 \u0625\u0644\u0649 \u062c\u0645\u064a\u0639 \u0623\u0646\u062d\u0627\u0621 \u0627\u0644\u0645\u063a\u0631\u0628.","publisher":{"@id":"https:\/\/vitablanca.ma\/#organization"},"alternateName":"VitaBlanca.ma","potentialAction":[{"@type":"SearchAction","target":{"@type":"EntryPoint","urlTemplate":"https:\/\/vitablanca.ma\/?s={search_term_string}"},"query-input":{"@type":"PropertyValueSpecification","valueRequired":true,"valueName":"search_term_string"}}],"inLanguage":"ar"},{"@type":"Organization","@id":"https:\/\/vitablanca.ma\/#organization","name":"\u0641\u064a\u062a\u0627\u0628\u0644\u0627\u0646\u0643\u0627","url":"https:\/\/vitablanca.ma\/","logo":{"@type":"ImageObject","inLanguage":"ar","@id":"https:\/\/vitablanca.ma\/#\/schema\/logo\/image\/","url":"https:\/\/vitablanca.ma\/wp-content\/uploads\/2025\/05\/cropped-vitablanca.png","contentUrl":"https:\/\/vitablanca.ma\/wp-content\/uploads\/2025\/05\/cropped-vitablanca.png","width":360,"height":67,"caption":"VitaBlanca"},"image":{"@id":"https:\/\/vitablanca.ma\/#\/schema\/logo\/image\/"},"sameAs":["https:\/\/www.facebook.com\/profile.php?id=61576678196717","https:\/\/www.tiktok.com\/@vitablanca.ma","https:\/\/www.instagram.com\/vitablanca.ma\/"]}]}},"jetpack_sharing_enabled":true,"_links":{"self":[{"href":"https:\/\/vitablanca.ma\/ar\/wp-json\/wp\/v2\/product\/35276","targetHints":{"allow":["GET"]}}],"collection":[{"href":"https:\/\/vitablanca.ma\/ar\/wp-json\/wp\/v2\/product"}],"about":[{"href":"https:\/\/vitablanca.ma\/ar\/wp-json\/wp\/v2\/types\/product"}],"wp:featuredmedia":[{"embeddable":true,"href":"https:\/\/vitablanca.ma\/ar\/wp-json\/wp\/v2\/media\/35277"}],"wp:attachment":[{"href":"https:\/\/vitablanca.ma\/ar\/wp-json\/wp\/v2\/media?parent=35276"}],"wp:term":[{"taxonomy":"product_brand","embeddable":true,"href":"https:\/\/vitablanca.ma\/ar\/wp-json\/wp\/v2\/product_brand?post=35276"},{"taxonomy":"product_cat","embeddable":true,"href":"https:\/\/vitablanca.ma\/ar\/wp-json\/wp\/v2\/product_cat?post=35276"},{"taxonomy":"product_tag","embeddable":true,"href":"https:\/\/vitablanca.ma\/ar\/wp-json\/wp\/v2\/product_tag?post=35276"}],"curies":[{"name":"wp","href":"https:\/\/api.w.org\/{rel}","templated":true}]}}