{"id":35179,"date":"2026-04-15T12:59:10","date_gmt":"2026-04-15T12:59:10","guid":{"rendered":"https:\/\/vitablanca.ma\/?post_type=product&#038;p=35179"},"modified":"2026-04-15T13:00:00","modified_gmt":"2026-04-15T13:00:00","slug":"nordic-naturals-ultimate-omega-2x-citron2150mg-120-capsules-molles","status":"publish","type":"product","link":"https:\/\/vitablanca.ma\/ar\/product-2\/nordic-naturals-ultimate-omega-2x-citron2150mg-120-capsules-molles\/","title":{"rendered":"Nordic Naturals Ultimate Omega\u00ae 2X, Citron,2150mg 120 capsules molles"},"content":{"rendered":"<p>Om\u00e9ga-3 \u00e0 haute concentration pour la sant\u00e9 du c\u0153ur, du cerveau et du syst\u00e8me immunitaire.<\/p>\n<p>De la marque d&rsquo;huile de poisson n\u00b01 aux \u00c9tats-Unis1, Ultimate Omega R 2X contient notre huile de poisson om\u00e9ga-3 \u00e0 la plus forte concentration sous forme de triglyc\u00e9rides r\u00e9est\u00e9rifi\u00e9s (rTG), offrant une meilleure absorption et de meilleurs avantages.<\/p>\n<p>Avec un total de 2000 mg d&rsquo;EPA et de DHA dans 2 capsules molles, ce puissant concentr\u00e9 r\u00e9pond \u00e0 un large \u00e9ventail de besoins nutritionnels et contribue \u00e0 la sant\u00e9 du cerveau, \u00e0 la fonction immunitaire, \u00e0 la mobilit\u00e9 articulaire normale et \u00e0 la sant\u00e9 cardiaque.<\/p>\n<p>Certifi\u00e9 durable<\/p>\n<p>Meilleure absorption<\/p>\n<p>Aucun arri\u00e8re-go\u00fbt de poisson<\/p>\n<p>Chez Nordic Naturals, nous fabriquons nos huiles de poisson \u00e0 partir de poissons frais sauvages afin de fournir des om\u00e9ga-3 sous forme de triglyc\u00e9rides r\u00e9est\u00e9rifi\u00e9s pour de meilleurs r\u00e9sultats. Certifi\u00e9es durables et respectant ou d\u00e9passant les normes de puret\u00e9 les plus strictes, nos huiles de poisson prim\u00e9es incarnent notre engagement envers la sant\u00e9 des personnes et de nos oc\u00e9ans.<\/p>","protected":false},"excerpt":{"rendered":"<p>Marque d&rsquo;huile de poisson n\u00b0 1 aux \u00c9tats-Unis\u2021<\/p>\n<p>Go\u00fbt citronn\u00e9 d\u00e9licieux<\/p>\n<p>2 150 mg d\u2019om\u00e9ga-3 par 2 g\u00e9lules molles<\/p>\n<p>Suppl\u00e9ment d&rsquo;huile de poisson<\/p>\n<p>Test de puret\u00e9 par un organisme tiers<\/p>\n<p>Test\u00e9 sans OGM Igen\u2122<\/p>\n<p>Certifi\u00e9 durable Friend Of The Sea\u00ae<\/p>","protected":false},"featured_media":35180,"template":"","meta":{"om_disable_all_campaigns":false},"product_brand":[17],"product_cat":[22,175],"product_tag":[4042,4958,12007,12154,8951,5240,4976,1745,8904,23,12152,25,12153,12131,6429,10825,12109],"class_list":{"0":"post-35179","1":"product","2":"type-product","3":"status-publish","4":"has-post-thumbnail","6":"product_brand-nordic-naturals-maroc","7":"product_cat-huiles-omega","8":"product_cat-omega-3","9":"product_tag-120-capsules","10":"product_tag-anti-inflammatoire","11":"product_tag-articulation","12":"product_tag-capsule-omega","13":"product_tag-cerveau","14":"product_tag-complement-omega-3-2","15":"product_tag-epa-dha","16":"product_tag-huile-de-poisson","17":"product_tag-memoire","18":"product_tag-nordic-naturals","19":"product_tag-omega-2150-mg","20":"product_tag-omega-3","21":"product_tag-omega-concentre","22":"product_tag-omega-premium","23":"product_tag-sante-coeur","24":"product_tag-supplement-alimentaire-maroc","25":"product_tag-ultimate-omega-2x","27":"first","28":"instock","29":"taxable","30":"shipping-taxable","31":"purchasable","32":"product-type-simple"},"yoast_head":"<!-- This site is optimized with the Yoast SEO plugin v27.4 - https:\/\/yoast.com\/product\/yoast-seo-wordpress\/ -->\n<title>Nordic Naturals Ultimate Omega\u00ae 2X, capsules - Maroc Prix<\/title>\n<meta name=\"description\" content=\"Nordic Naturals Ultimate Omega\u00ae 2X 2150 mg : om\u00e9ga-3 ultra concentr\u00e9 riche en EPA &amp; DHA pour c\u0153ur, cerveau et articulations. Go\u00fbt citron. 120 capsules.\" \/>\n<meta name=\"robots\" content=\"index, follow, max-snippet:-1, max-image-preview:large, max-video-preview:-1\" \/>\n<link rel=\"canonical\" href=\"https:\/\/vitablanca.ma\/ar\/product-2\/nordic-naturals-ultimate-omega-2x-citron2150mg-120-capsules-molles\/\" \/>\n<meta property=\"og:locale\" content=\"ar_AR\" \/>\n<meta property=\"og:type\" content=\"article\" \/>\n<meta property=\"og:title\" content=\"Nordic Naturals Ultimate Omega\u00ae 2X, capsules - Maroc Prix\" \/>\n<meta property=\"og:description\" content=\"Nordic Naturals Ultimate Omega\u00ae 2X 2150 mg : om\u00e9ga-3 ultra concentr\u00e9 riche en EPA &amp; DHA pour c\u0153ur, cerveau et articulations. Go\u00fbt citron. 120 capsules.\" \/>\n<meta property=\"og:url\" content=\"https:\/\/vitablanca.ma\/ar\/product-2\/nordic-naturals-ultimate-omega-2x-citron2150mg-120-capsules-molles\/\" \/>\n<meta property=\"og:site_name\" content=\"Vitablanca.ma &ndash; Sant&eacute;, vitalit&eacute; et bien-&ecirc;tre pour tous les Marocains\" \/>\n<meta property=\"article:publisher\" content=\"https:\/\/www.facebook.com\/profile.php?id=61576678196717\" \/>\n<meta property=\"article:modified_time\" content=\"2026-04-15T13:00:00+00:00\" \/>\n<meta property=\"og:image\" content=\"https:\/\/vitablanca.ma\/wp-content\/uploads\/2026\/04\/nordic-naturals-ultimate-omegar-2x-citron2150mg-120-capsules-molles.jpg\" \/>\n\t<meta property=\"og:image:width\" content=\"680\" \/>\n\t<meta property=\"og:image:height\" content=\"680\" \/>\n\t<meta property=\"og:image:type\" content=\"image\/jpeg\" \/>\n<meta name=\"twitter:card\" content=\"summary_large_image\" \/>\n<meta name=\"twitter:label1\" content=\"\u0648\u0642\u062a \u0627\u0644\u0642\u0631\u0627\u0621\u0629 \u0627\u0644\u0645\u064f\u0642\u062f\u0651\u0631\" \/>\n\t<meta name=\"twitter:data1\" content=\"\u062f\u0642\u064a\u0642\u062a\u0627\u0646\" \/>\n<script type=\"application\/ld+json\" class=\"yoast-schema-graph\">{\"@context\":\"https:\\\/\\\/schema.org\",\"@graph\":[{\"@type\":[\"WebPage\",\"ItemPage\"],\"@id\":\"https:\\\/\\\/vitablanca.ma\\\/produit\\\/nordic-naturals-ultimate-omega-2x-citron2150mg-120-capsules-molles\\\/\",\"url\":\"https:\\\/\\\/vitablanca.ma\\\/produit\\\/nordic-naturals-ultimate-omega-2x-citron2150mg-120-capsules-molles\\\/\",\"name\":\"Nordic Naturals Ultimate Omega\u00ae 2X, capsules - Maroc Prix\",\"isPartOf\":{\"@id\":\"https:\\\/\\\/vitablanca.ma\\\/#website\"},\"primaryImageOfPage\":{\"@id\":\"https:\\\/\\\/vitablanca.ma\\\/produit\\\/nordic-naturals-ultimate-omega-2x-citron2150mg-120-capsules-molles\\\/#primaryimage\"},\"image\":{\"@id\":\"https:\\\/\\\/vitablanca.ma\\\/produit\\\/nordic-naturals-ultimate-omega-2x-citron2150mg-120-capsules-molles\\\/#primaryimage\"},\"thumbnailUrl\":\"https:\\\/\\\/vitablanca.ma\\\/wp-content\\\/uploads\\\/2026\\\/04\\\/nordic-naturals-ultimate-omegar-2x-citron2150mg-120-capsules-molles.jpg\",\"datePublished\":\"2026-04-15T12:59:10+00:00\",\"dateModified\":\"2026-04-15T13:00:00+00:00\",\"description\":\"Nordic Naturals Ultimate Omega\u00ae 2X 2150 mg : om\u00e9ga-3 ultra concentr\u00e9 riche en EPA & DHA pour c\u0153ur, cerveau et articulations. Go\u00fbt citron. 120 capsules.\",\"breadcrumb\":{\"@id\":\"https:\\\/\\\/vitablanca.ma\\\/produit\\\/nordic-naturals-ultimate-omega-2x-citron2150mg-120-capsules-molles\\\/#breadcrumb\"},\"inLanguage\":\"ar\",\"potentialAction\":[{\"@type\":\"ReadAction\",\"target\":[\"https:\\\/\\\/vitablanca.ma\\\/produit\\\/nordic-naturals-ultimate-omega-2x-citron2150mg-120-capsules-molles\\\/\"]}]},{\"@type\":\"ImageObject\",\"inLanguage\":\"ar\",\"@id\":\"https:\\\/\\\/vitablanca.ma\\\/produit\\\/nordic-naturals-ultimate-omega-2x-citron2150mg-120-capsules-molles\\\/#primaryimage\",\"url\":\"https:\\\/\\\/vitablanca.ma\\\/wp-content\\\/uploads\\\/2026\\\/04\\\/nordic-naturals-ultimate-omegar-2x-citron2150mg-120-capsules-molles.jpg\",\"contentUrl\":\"https:\\\/\\\/vitablanca.ma\\\/wp-content\\\/uploads\\\/2026\\\/04\\\/nordic-naturals-ultimate-omegar-2x-citron2150mg-120-capsules-molles.jpg\",\"width\":680,\"height\":680},{\"@type\":\"BreadcrumbList\",\"@id\":\"https:\\\/\\\/vitablanca.ma\\\/produit\\\/nordic-naturals-ultimate-omega-2x-citron2150mg-120-capsules-molles\\\/#breadcrumb\",\"itemListElement\":[{\"@type\":\"ListItem\",\"position\":1,\"name\":\"Home\",\"item\":\"https:\\\/\\\/vitablanca.ma\\\/\"},{\"@type\":\"ListItem\",\"position\":2,\"name\":\"Tous Les Produits\",\"item\":\"https:\\\/\\\/vitablanca.ma\\\/tous-les-produits\\\/\"},{\"@type\":\"ListItem\",\"position\":3,\"name\":\"Nordic Naturals Ultimate Omega\u00ae 2X, Citron,2150mg 120 capsules molles\"}]},{\"@type\":\"WebSite\",\"@id\":\"https:\\\/\\\/vitablanca.ma\\\/#website\",\"url\":\"https:\\\/\\\/vitablanca.ma\\\/\",\"name\":\"VitaBlanca.ma | Compl\u00e9ments alimentaires, sant\u00e9 & beaut\u00e9 au Maroc\",\"description\":\"vendre vitamines et compl\u00e9ments premium des USA &amp; Canada, Nouvelle Z\u00e9lande,Maroc (NOW Foods, Solgar, Manuka). Livraison rapide partout au Maroc.\",\"publisher\":{\"@id\":\"https:\\\/\\\/vitablanca.ma\\\/#organization\"},\"alternateName\":\"VitaBlanca.ma\",\"potentialAction\":[{\"@type\":\"SearchAction\",\"target\":{\"@type\":\"EntryPoint\",\"urlTemplate\":\"https:\\\/\\\/vitablanca.ma\\\/?s={search_term_string}\"},\"query-input\":{\"@type\":\"PropertyValueSpecification\",\"valueRequired\":true,\"valueName\":\"search_term_string\"}}],\"inLanguage\":\"ar\"},{\"@type\":\"Organization\",\"@id\":\"https:\\\/\\\/vitablanca.ma\\\/#organization\",\"name\":\"VitaBlanca\",\"url\":\"https:\\\/\\\/vitablanca.ma\\\/\",\"logo\":{\"@type\":\"ImageObject\",\"inLanguage\":\"ar\",\"@id\":\"https:\\\/\\\/vitablanca.ma\\\/#\\\/schema\\\/logo\\\/image\\\/\",\"url\":\"https:\\\/\\\/vitablanca.ma\\\/wp-content\\\/uploads\\\/2025\\\/05\\\/cropped-vitablanca.png\",\"contentUrl\":\"https:\\\/\\\/vitablanca.ma\\\/wp-content\\\/uploads\\\/2025\\\/05\\\/cropped-vitablanca.png\",\"width\":360,\"height\":67,\"caption\":\"VitaBlanca\"},\"image\":{\"@id\":\"https:\\\/\\\/vitablanca.ma\\\/#\\\/schema\\\/logo\\\/image\\\/\"},\"sameAs\":[\"https:\\\/\\\/www.facebook.com\\\/profile.php?id=61576678196717\",\"https:\\\/\\\/www.tiktok.com\\\/@vitablanca.ma\",\"https:\\\/\\\/www.instagram.com\\\/vitablanca.ma\\\/\"]}]}<\/script>\n<!-- \/ Yoast SEO plugin. -->","yoast_head_json":{"title":"Nordic Naturals Ultimate Omega\u00ae 2X, capsules - Maroc Prix","description":"Nordic Naturals Ultimate Omega\u00ae 2X 2150 mg : om\u00e9ga-3 ultra concentr\u00e9 riche en EPA & DHA pour c\u0153ur, cerveau et articulations. Go\u00fbt citron. 120 capsules.","robots":{"index":"index","follow":"follow","max-snippet":"max-snippet:-1","max-image-preview":"max-image-preview:large","max-video-preview":"max-video-preview:-1"},"canonical":"https:\/\/vitablanca.ma\/ar\/product-2\/nordic-naturals-ultimate-omega-2x-citron2150mg-120-capsules-molles\/","og_locale":"ar_AR","og_type":"article","og_title":"Nordic Naturals Ultimate Omega\u00ae 2X, capsules - Maroc Prix","og_description":"Nordic Naturals Ultimate Omega\u00ae 2X 2150 mg : om\u00e9ga-3 ultra concentr\u00e9 riche en EPA & DHA pour c\u0153ur, cerveau et articulations. Go\u00fbt citron. 120 capsules.","og_url":"https:\/\/vitablanca.ma\/ar\/product-2\/nordic-naturals-ultimate-omega-2x-citron2150mg-120-capsules-molles\/","og_site_name":"Vitablanca.ma &ndash; Sant&eacute;, vitalit&eacute; et bien-&ecirc;tre pour tous les Marocains","article_publisher":"https:\/\/www.facebook.com\/profile.php?id=61576678196717","article_modified_time":"2026-04-15T13:00:00+00:00","og_image":[{"width":680,"height":680,"url":"https:\/\/vitablanca.ma\/wp-content\/uploads\/2026\/04\/nordic-naturals-ultimate-omegar-2x-citron2150mg-120-capsules-molles.jpg","type":"image\/jpeg"}],"twitter_card":"summary_large_image","twitter_misc":{"\u0648\u0642\u062a \u0627\u0644\u0642\u0631\u0627\u0621\u0629 \u0627\u0644\u0645\u064f\u0642\u062f\u0651\u0631":"\u062f\u0642\u064a\u0642\u062a\u0627\u0646"},"schema":{"@context":"https:\/\/schema.org","@graph":[{"@type":["WebPage","ItemPage"],"@id":"https:\/\/vitablanca.ma\/produit\/nordic-naturals-ultimate-omega-2x-citron2150mg-120-capsules-molles\/","url":"https:\/\/vitablanca.ma\/produit\/nordic-naturals-ultimate-omega-2x-citron2150mg-120-capsules-molles\/","name":"Nordic Naturals Ultimate Omega\u00ae 2X, capsules - Maroc Prix","isPartOf":{"@id":"https:\/\/vitablanca.ma\/#website"},"primaryImageOfPage":{"@id":"https:\/\/vitablanca.ma\/produit\/nordic-naturals-ultimate-omega-2x-citron2150mg-120-capsules-molles\/#primaryimage"},"image":{"@id":"https:\/\/vitablanca.ma\/produit\/nordic-naturals-ultimate-omega-2x-citron2150mg-120-capsules-molles\/#primaryimage"},"thumbnailUrl":"https:\/\/vitablanca.ma\/wp-content\/uploads\/2026\/04\/nordic-naturals-ultimate-omegar-2x-citron2150mg-120-capsules-molles.jpg","datePublished":"2026-04-15T12:59:10+00:00","dateModified":"2026-04-15T13:00:00+00:00","description":"Nordic Naturals Ultimate Omega\u00ae 2X 2150 mg : om\u00e9ga-3 ultra concentr\u00e9 riche en EPA & DHA pour c\u0153ur, cerveau et articulations. Go\u00fbt citron. 120 capsules.","breadcrumb":{"@id":"https:\/\/vitablanca.ma\/produit\/nordic-naturals-ultimate-omega-2x-citron2150mg-120-capsules-molles\/#breadcrumb"},"inLanguage":"ar","potentialAction":[{"@type":"ReadAction","target":["https:\/\/vitablanca.ma\/produit\/nordic-naturals-ultimate-omega-2x-citron2150mg-120-capsules-molles\/"]}]},{"@type":"ImageObject","inLanguage":"ar","@id":"https:\/\/vitablanca.ma\/produit\/nordic-naturals-ultimate-omega-2x-citron2150mg-120-capsules-molles\/#primaryimage","url":"https:\/\/vitablanca.ma\/wp-content\/uploads\/2026\/04\/nordic-naturals-ultimate-omegar-2x-citron2150mg-120-capsules-molles.jpg","contentUrl":"https:\/\/vitablanca.ma\/wp-content\/uploads\/2026\/04\/nordic-naturals-ultimate-omegar-2x-citron2150mg-120-capsules-molles.jpg","width":680,"height":680},{"@type":"BreadcrumbList","@id":"https:\/\/vitablanca.ma\/produit\/nordic-naturals-ultimate-omega-2x-citron2150mg-120-capsules-molles\/#breadcrumb","itemListElement":[{"@type":"ListItem","position":1,"name":"Home","item":"https:\/\/vitablanca.ma\/"},{"@type":"ListItem","position":2,"name":"Tous Les Produits","item":"https:\/\/vitablanca.ma\/tous-les-produits\/"},{"@type":"ListItem","position":3,"name":"Nordic Naturals Ultimate Omega\u00ae 2X, Citron,2150mg 120 capsules molles"}]},{"@type":"WebSite","@id":"https:\/\/vitablanca.ma\/#website","url":"https:\/\/vitablanca.ma\/","name":"VitaBlanca.ma | \u0627\u0644\u0645\u0643\u0645\u0644\u0627\u062a \u0627\u0644\u063a\u0630\u0627\u0626\u064a\u0629\u060c \u0627\u0644\u0635\u062d\u0629 \u0648\u0627\u0644\u062c\u0645\u0627\u0644 \u0641\u064a \u0627\u0644\u0645\u063a\u0631\u0628","description":"\u0646\u0628\u064a\u0639 \u0641\u064a\u062a\u0627\u0645\u064a\u0646\u0627\u062a \u0648\u0645\u0643\u0645\u0644\u0627\u062a \u063a\u0630\u0627\u0626\u064a\u0629 \u0641\u0627\u062e\u0631\u0629 \u0645\u0646 \u0627\u0644\u0648\u0644\u0627\u064a\u0627\u062a \u0627\u0644\u0645\u062a\u062d\u062f\u0629 \u0627\u0644\u0623\u0645\u0631\u064a\u0643\u064a\u0629 \u0648\u0643\u0646\u062f\u0627 \u0648\u0646\u064a\u0648\u0632\u064a\u0644\u0646\u062f\u0627 \u0648\u0627\u0644\u0645\u063a\u0631\u0628 (\u0646\u0627\u0648 \u0641\u0648\u062f\u0632\u060c \u0633\u0648\u0644\u062c\u0627\u0631\u060c \u0645\u0627\u0646\u0648\u0643\u0627). \u062a\u0648\u0635\u064a\u0644 \u0633\u0631\u064a\u0639 \u0625\u0644\u0649 \u062c\u0645\u064a\u0639 \u0623\u0646\u062d\u0627\u0621 \u0627\u0644\u0645\u063a\u0631\u0628.","publisher":{"@id":"https:\/\/vitablanca.ma\/#organization"},"alternateName":"VitaBlanca.ma","potentialAction":[{"@type":"SearchAction","target":{"@type":"EntryPoint","urlTemplate":"https:\/\/vitablanca.ma\/?s={search_term_string}"},"query-input":{"@type":"PropertyValueSpecification","valueRequired":true,"valueName":"search_term_string"}}],"inLanguage":"ar"},{"@type":"Organization","@id":"https:\/\/vitablanca.ma\/#organization","name":"\u0641\u064a\u062a\u0627\u0628\u0644\u0627\u0646\u0643\u0627","url":"https:\/\/vitablanca.ma\/","logo":{"@type":"ImageObject","inLanguage":"ar","@id":"https:\/\/vitablanca.ma\/#\/schema\/logo\/image\/","url":"https:\/\/vitablanca.ma\/wp-content\/uploads\/2025\/05\/cropped-vitablanca.png","contentUrl":"https:\/\/vitablanca.ma\/wp-content\/uploads\/2025\/05\/cropped-vitablanca.png","width":360,"height":67,"caption":"VitaBlanca"},"image":{"@id":"https:\/\/vitablanca.ma\/#\/schema\/logo\/image\/"},"sameAs":["https:\/\/www.facebook.com\/profile.php?id=61576678196717","https:\/\/www.tiktok.com\/@vitablanca.ma","https:\/\/www.instagram.com\/vitablanca.ma\/"]}]}},"jetpack_sharing_enabled":true,"_links":{"self":[{"href":"https:\/\/vitablanca.ma\/ar\/wp-json\/wp\/v2\/product\/35179","targetHints":{"allow":["GET"]}}],"collection":[{"href":"https:\/\/vitablanca.ma\/ar\/wp-json\/wp\/v2\/product"}],"about":[{"href":"https:\/\/vitablanca.ma\/ar\/wp-json\/wp\/v2\/types\/product"}],"wp:featuredmedia":[{"embeddable":true,"href":"https:\/\/vitablanca.ma\/ar\/wp-json\/wp\/v2\/media\/35180"}],"wp:attachment":[{"href":"https:\/\/vitablanca.ma\/ar\/wp-json\/wp\/v2\/media?parent=35179"}],"wp:term":[{"taxonomy":"product_brand","embeddable":true,"href":"https:\/\/vitablanca.ma\/ar\/wp-json\/wp\/v2\/product_brand?post=35179"},{"taxonomy":"product_cat","embeddable":true,"href":"https:\/\/vitablanca.ma\/ar\/wp-json\/wp\/v2\/product_cat?post=35179"},{"taxonomy":"product_tag","embeddable":true,"href":"https:\/\/vitablanca.ma\/ar\/wp-json\/wp\/v2\/product_tag?post=35179"}],"curies":[{"name":"wp","href":"https:\/\/api.w.org\/{rel}","templated":true}]}}