{"id":35112,"date":"2026-04-14T13:41:04","date_gmt":"2026-04-14T13:41:04","guid":{"rendered":"https:\/\/vitablanca.ma\/?post_type=product&#038;p=35112"},"modified":"2026-04-14T13:41:20","modified_gmt":"2026-04-14T13:41:20","slug":"nordic-naturals-huile-de-foie-de-morue-arctique-citron-90-capsules-molles","status":"publish","type":"product","link":"https:\/\/vitablanca.ma\/ar\/product-2\/nordic-naturals-huile-de-foie-de-morue-arctique-citron-90-capsules-molles\/","title":{"rendered":"Nordic Naturals Huile de foie de morue arctique\u2122, Citron, 90 capsules molles"},"content":{"rendered":"<p>Notre huile de foie de morue arctique classique\u2122 est issue \u00e0 100 % de morue sauvage de l&rsquo;Arctique ; aucune autre huile de poisson n&rsquo;est utilis\u00e9e. Elle contribue au bon fonctionnement du c\u0153ur, du cerveau et du syst\u00e8me immunitaire.<\/p>\n<p>Chez Nordic Naturals, nous \u00e9laborons toutes nos huiles de foie de morue \u00e0 partir de poissons sauvages frais afin de fournir des om\u00e9ga-3 sous forme de triglyc\u00e9rides pour des r\u00e9sultats optimaux+. Certifi\u00e9es durables et respectant, voire d\u00e9passant, les normes de puret\u00e9 les plus strictes, nos huiles de poisson et huiles de foie de morue prim\u00e9es t\u00e9moignent de notre engagement envers la sant\u00e9 des populations et des oc\u00e9ans.<\/p>\n<p>La promesse nordique :<\/p>\n<p>Qualit\u00e9 sup\u00e9rieure \u2013 De l\u2019approvisionnement en ingr\u00e9dients \u00e0 la cr\u00e9ation du produit, en passant par l\u2019exp\u00e9dition et le service client, la qualit\u00e9 sup\u00e9rieure est notre garantie pour vous offrir les meilleurs nutriments essentiels.<\/p>\n<p>Fabriqu\u00e9s avec int\u00e9grit\u00e9 &#8211; Nos produits sont bas\u00e9s sur la science, formul\u00e9s avec soin et issus de sources responsables pour la sant\u00e9 et la tranquillit\u00e9 d&rsquo;esprit de votre famille.<\/p>","protected":false},"excerpt":{"rendered":"<p>Go\u00fbt citronn\u00e9 d\u00e9licieux<\/p>\n<p>Suppl\u00e9ment d&rsquo;huile de poisson<\/p>\n<p>Meilleure absorption+<\/p>\n<p>Aucun arri\u00e8re-go\u00fbt de poisson<\/p>\n<p>Test de puret\u00e9 par un organisme tiers<\/p>\n<p>Test\u00e9 sans OGM Igen<\/p>","protected":false},"featured_media":35115,"template":"","meta":{"om_disable_all_campaigns":false},"product_brand":[17],"product_cat":[15,22,20,304,19],"product_tag":[821,1078,1744,5241,12119,12111,12120,12122,12121],"class_list":{"0":"post-35112","1":"product","2":"type-product","3":"status-publish","4":"has-post-thumbnail","6":"product_brand-nordic-naturals-maroc","7":"product_cat-beaute-sante-complements-alimentaires-soins-et-bien-etre-au-meilleur-prix","8":"product_cat-huiles-omega","9":"product_cat-supplements","10":"product_cat-supplements-vitaminiques-mineraux-multiples","11":"product_cat-vitamines-supplements-dietetiques","12":"product_tag-complement-alimentaire-maroc","13":"product_tag-complement-immunite-naturel","14":"product_tag-huile-de-foie-de-morue","15":"product_tag-huile-de-poisson-premium","16":"product_tag-nordic-naturals-morue-arctique","17":"product_tag-omega-3-citron","18":"product_tag-omega-3-vitamine-d","19":"product_tag-sante-os-et-immunite","20":"product_tag-vitamine-a-vision","22":"first","23":"instock","24":"taxable","25":"shipping-taxable","26":"purchasable","27":"product-type-simple"},"yoast_head":"<!-- This site is optimized with the Yoast SEO plugin v27.4 - https:\/\/yoast.com\/product\/yoast-seo-wordpress\/ -->\n<title>Nordic Naturals Huile de foie , Citron, 90 capsules - Maroc Prix<\/title>\n<meta name=\"description\" content=\"Nordic Naturals Huile de foie de morue arctique Citron 90 capsules molles : riche en om\u00e9ga-3, vitamine A et D. Soutient immunit\u00e9, os, cerveau et vision.\" \/>\n<meta name=\"robots\" content=\"index, follow, max-snippet:-1, max-image-preview:large, max-video-preview:-1\" \/>\n<link rel=\"canonical\" href=\"https:\/\/vitablanca.ma\/ar\/product-2\/nordic-naturals-huile-de-foie-de-morue-arctique-citron-90-capsules-molles\/\" \/>\n<meta property=\"og:locale\" content=\"ar_AR\" \/>\n<meta property=\"og:type\" content=\"article\" \/>\n<meta property=\"og:title\" content=\"Nordic Naturals Huile de foie , Citron, 90 capsules - Maroc Prix\" \/>\n<meta property=\"og:description\" content=\"Nordic Naturals Huile de foie de morue arctique Citron 90 capsules molles : riche en om\u00e9ga-3, vitamine A et D. Soutient immunit\u00e9, os, cerveau et vision.\" \/>\n<meta property=\"og:url\" content=\"https:\/\/vitablanca.ma\/ar\/product-2\/nordic-naturals-huile-de-foie-de-morue-arctique-citron-90-capsules-molles\/\" \/>\n<meta property=\"og:site_name\" content=\"Vitablanca.ma &ndash; Sant&eacute;, vitalit&eacute; et bien-&ecirc;tre pour tous les Marocains\" \/>\n<meta property=\"article:publisher\" content=\"https:\/\/www.facebook.com\/profile.php?id=61576678196717\" \/>\n<meta property=\"article:modified_time\" content=\"2026-04-14T13:41:20+00:00\" \/>\n<meta property=\"og:image\" content=\"https:\/\/vitablanca.ma\/wp-content\/uploads\/2026\/04\/nordic-naturals-huile-de-foie-de-morue-arctiquetm-citron-90-capsules-m.jpg\" \/>\n\t<meta property=\"og:image:width\" content=\"680\" \/>\n\t<meta property=\"og:image:height\" content=\"680\" \/>\n\t<meta property=\"og:image:type\" content=\"image\/jpeg\" \/>\n<meta name=\"twitter:card\" content=\"summary_large_image\" \/>\n<meta name=\"twitter:label1\" content=\"\u0648\u0642\u062a \u0627\u0644\u0642\u0631\u0627\u0621\u0629 \u0627\u0644\u0645\u064f\u0642\u062f\u0651\u0631\" \/>\n\t<meta name=\"twitter:data1\" content=\"\u062f\u0642\u064a\u0642\u062a\u0627\u0646\" \/>\n<script type=\"application\/ld+json\" class=\"yoast-schema-graph\">{\"@context\":\"https:\\\/\\\/schema.org\",\"@graph\":[{\"@type\":[\"WebPage\",\"ItemPage\"],\"@id\":\"https:\\\/\\\/vitablanca.ma\\\/produit\\\/nordic-naturals-huile-de-foie-de-morue-arctique-citron-90-capsules-molles\\\/\",\"url\":\"https:\\\/\\\/vitablanca.ma\\\/produit\\\/nordic-naturals-huile-de-foie-de-morue-arctique-citron-90-capsules-molles\\\/\",\"name\":\"Nordic Naturals Huile de foie , Citron, 90 capsules - Maroc Prix\",\"isPartOf\":{\"@id\":\"https:\\\/\\\/vitablanca.ma\\\/#website\"},\"primaryImageOfPage\":{\"@id\":\"https:\\\/\\\/vitablanca.ma\\\/produit\\\/nordic-naturals-huile-de-foie-de-morue-arctique-citron-90-capsules-molles\\\/#primaryimage\"},\"image\":{\"@id\":\"https:\\\/\\\/vitablanca.ma\\\/produit\\\/nordic-naturals-huile-de-foie-de-morue-arctique-citron-90-capsules-molles\\\/#primaryimage\"},\"thumbnailUrl\":\"https:\\\/\\\/vitablanca.ma\\\/wp-content\\\/uploads\\\/2026\\\/04\\\/nordic-naturals-huile-de-foie-de-morue-arctiquetm-citron-90-capsules-m.jpg\",\"datePublished\":\"2026-04-14T13:41:04+00:00\",\"dateModified\":\"2026-04-14T13:41:20+00:00\",\"description\":\"Nordic Naturals Huile de foie de morue arctique Citron 90 capsules molles : riche en om\u00e9ga-3, vitamine A et D. Soutient immunit\u00e9, os, cerveau et vision.\",\"breadcrumb\":{\"@id\":\"https:\\\/\\\/vitablanca.ma\\\/produit\\\/nordic-naturals-huile-de-foie-de-morue-arctique-citron-90-capsules-molles\\\/#breadcrumb\"},\"inLanguage\":\"ar\",\"potentialAction\":[{\"@type\":\"ReadAction\",\"target\":[\"https:\\\/\\\/vitablanca.ma\\\/produit\\\/nordic-naturals-huile-de-foie-de-morue-arctique-citron-90-capsules-molles\\\/\"]}]},{\"@type\":\"ImageObject\",\"inLanguage\":\"ar\",\"@id\":\"https:\\\/\\\/vitablanca.ma\\\/produit\\\/nordic-naturals-huile-de-foie-de-morue-arctique-citron-90-capsules-molles\\\/#primaryimage\",\"url\":\"https:\\\/\\\/vitablanca.ma\\\/wp-content\\\/uploads\\\/2026\\\/04\\\/nordic-naturals-huile-de-foie-de-morue-arctiquetm-citron-90-capsules-m.jpg\",\"contentUrl\":\"https:\\\/\\\/vitablanca.ma\\\/wp-content\\\/uploads\\\/2026\\\/04\\\/nordic-naturals-huile-de-foie-de-morue-arctiquetm-citron-90-capsules-m.jpg\",\"width\":680,\"height\":680},{\"@type\":\"BreadcrumbList\",\"@id\":\"https:\\\/\\\/vitablanca.ma\\\/produit\\\/nordic-naturals-huile-de-foie-de-morue-arctique-citron-90-capsules-molles\\\/#breadcrumb\",\"itemListElement\":[{\"@type\":\"ListItem\",\"position\":1,\"name\":\"Home\",\"item\":\"https:\\\/\\\/vitablanca.ma\\\/\"},{\"@type\":\"ListItem\",\"position\":2,\"name\":\"Tous Les Produits\",\"item\":\"https:\\\/\\\/vitablanca.ma\\\/tous-les-produits\\\/\"},{\"@type\":\"ListItem\",\"position\":3,\"name\":\"Nordic Naturals Huile de foie de morue arctique\u2122, Citron, 90 capsules molles\"}]},{\"@type\":\"WebSite\",\"@id\":\"https:\\\/\\\/vitablanca.ma\\\/#website\",\"url\":\"https:\\\/\\\/vitablanca.ma\\\/\",\"name\":\"VitaBlanca.ma | Compl\u00e9ments alimentaires, sant\u00e9 & beaut\u00e9 au Maroc\",\"description\":\"vendre vitamines et compl\u00e9ments premium des USA &amp; Canada, Nouvelle Z\u00e9lande,Maroc (NOW Foods, Solgar, Manuka). Livraison rapide partout au Maroc.\",\"publisher\":{\"@id\":\"https:\\\/\\\/vitablanca.ma\\\/#organization\"},\"alternateName\":\"VitaBlanca.ma\",\"potentialAction\":[{\"@type\":\"SearchAction\",\"target\":{\"@type\":\"EntryPoint\",\"urlTemplate\":\"https:\\\/\\\/vitablanca.ma\\\/?s={search_term_string}\"},\"query-input\":{\"@type\":\"PropertyValueSpecification\",\"valueRequired\":true,\"valueName\":\"search_term_string\"}}],\"inLanguage\":\"ar\"},{\"@type\":\"Organization\",\"@id\":\"https:\\\/\\\/vitablanca.ma\\\/#organization\",\"name\":\"VitaBlanca\",\"url\":\"https:\\\/\\\/vitablanca.ma\\\/\",\"logo\":{\"@type\":\"ImageObject\",\"inLanguage\":\"ar\",\"@id\":\"https:\\\/\\\/vitablanca.ma\\\/#\\\/schema\\\/logo\\\/image\\\/\",\"url\":\"https:\\\/\\\/vitablanca.ma\\\/wp-content\\\/uploads\\\/2025\\\/05\\\/cropped-vitablanca.png\",\"contentUrl\":\"https:\\\/\\\/vitablanca.ma\\\/wp-content\\\/uploads\\\/2025\\\/05\\\/cropped-vitablanca.png\",\"width\":360,\"height\":67,\"caption\":\"VitaBlanca\"},\"image\":{\"@id\":\"https:\\\/\\\/vitablanca.ma\\\/#\\\/schema\\\/logo\\\/image\\\/\"},\"sameAs\":[\"https:\\\/\\\/www.facebook.com\\\/profile.php?id=61576678196717\",\"https:\\\/\\\/www.tiktok.com\\\/@vitablanca.ma\",\"https:\\\/\\\/www.instagram.com\\\/vitablanca.ma\\\/\"]}]}<\/script>\n<!-- \/ Yoast SEO plugin. -->","yoast_head_json":{"title":"Nordic Naturals Huile de foie , Citron, 90 capsules - Maroc Prix","description":"Nordic Naturals Huile de foie de morue arctique Citron 90 capsules molles : riche en om\u00e9ga-3, vitamine A et D. Soutient immunit\u00e9, os, cerveau et vision.","robots":{"index":"index","follow":"follow","max-snippet":"max-snippet:-1","max-image-preview":"max-image-preview:large","max-video-preview":"max-video-preview:-1"},"canonical":"https:\/\/vitablanca.ma\/ar\/product-2\/nordic-naturals-huile-de-foie-de-morue-arctique-citron-90-capsules-molles\/","og_locale":"ar_AR","og_type":"article","og_title":"Nordic Naturals Huile de foie , Citron, 90 capsules - Maroc Prix","og_description":"Nordic Naturals Huile de foie de morue arctique Citron 90 capsules molles : riche en om\u00e9ga-3, vitamine A et D. Soutient immunit\u00e9, os, cerveau et vision.","og_url":"https:\/\/vitablanca.ma\/ar\/product-2\/nordic-naturals-huile-de-foie-de-morue-arctique-citron-90-capsules-molles\/","og_site_name":"Vitablanca.ma &ndash; Sant&eacute;, vitalit&eacute; et bien-&ecirc;tre pour tous les Marocains","article_publisher":"https:\/\/www.facebook.com\/profile.php?id=61576678196717","article_modified_time":"2026-04-14T13:41:20+00:00","og_image":[{"width":680,"height":680,"url":"https:\/\/vitablanca.ma\/wp-content\/uploads\/2026\/04\/nordic-naturals-huile-de-foie-de-morue-arctiquetm-citron-90-capsules-m.jpg","type":"image\/jpeg"}],"twitter_card":"summary_large_image","twitter_misc":{"\u0648\u0642\u062a \u0627\u0644\u0642\u0631\u0627\u0621\u0629 \u0627\u0644\u0645\u064f\u0642\u062f\u0651\u0631":"\u062f\u0642\u064a\u0642\u062a\u0627\u0646"},"schema":{"@context":"https:\/\/schema.org","@graph":[{"@type":["WebPage","ItemPage"],"@id":"https:\/\/vitablanca.ma\/produit\/nordic-naturals-huile-de-foie-de-morue-arctique-citron-90-capsules-molles\/","url":"https:\/\/vitablanca.ma\/produit\/nordic-naturals-huile-de-foie-de-morue-arctique-citron-90-capsules-molles\/","name":"Nordic Naturals Huile de foie , Citron, 90 capsules - Maroc Prix","isPartOf":{"@id":"https:\/\/vitablanca.ma\/#website"},"primaryImageOfPage":{"@id":"https:\/\/vitablanca.ma\/produit\/nordic-naturals-huile-de-foie-de-morue-arctique-citron-90-capsules-molles\/#primaryimage"},"image":{"@id":"https:\/\/vitablanca.ma\/produit\/nordic-naturals-huile-de-foie-de-morue-arctique-citron-90-capsules-molles\/#primaryimage"},"thumbnailUrl":"https:\/\/vitablanca.ma\/wp-content\/uploads\/2026\/04\/nordic-naturals-huile-de-foie-de-morue-arctiquetm-citron-90-capsules-m.jpg","datePublished":"2026-04-14T13:41:04+00:00","dateModified":"2026-04-14T13:41:20+00:00","description":"Nordic Naturals Huile de foie de morue arctique Citron 90 capsules molles : riche en om\u00e9ga-3, vitamine A et D. Soutient immunit\u00e9, os, cerveau et vision.","breadcrumb":{"@id":"https:\/\/vitablanca.ma\/produit\/nordic-naturals-huile-de-foie-de-morue-arctique-citron-90-capsules-molles\/#breadcrumb"},"inLanguage":"ar","potentialAction":[{"@type":"ReadAction","target":["https:\/\/vitablanca.ma\/produit\/nordic-naturals-huile-de-foie-de-morue-arctique-citron-90-capsules-molles\/"]}]},{"@type":"ImageObject","inLanguage":"ar","@id":"https:\/\/vitablanca.ma\/produit\/nordic-naturals-huile-de-foie-de-morue-arctique-citron-90-capsules-molles\/#primaryimage","url":"https:\/\/vitablanca.ma\/wp-content\/uploads\/2026\/04\/nordic-naturals-huile-de-foie-de-morue-arctiquetm-citron-90-capsules-m.jpg","contentUrl":"https:\/\/vitablanca.ma\/wp-content\/uploads\/2026\/04\/nordic-naturals-huile-de-foie-de-morue-arctiquetm-citron-90-capsules-m.jpg","width":680,"height":680},{"@type":"BreadcrumbList","@id":"https:\/\/vitablanca.ma\/produit\/nordic-naturals-huile-de-foie-de-morue-arctique-citron-90-capsules-molles\/#breadcrumb","itemListElement":[{"@type":"ListItem","position":1,"name":"Home","item":"https:\/\/vitablanca.ma\/"},{"@type":"ListItem","position":2,"name":"Tous Les Produits","item":"https:\/\/vitablanca.ma\/tous-les-produits\/"},{"@type":"ListItem","position":3,"name":"Nordic Naturals Huile de foie de morue arctique\u2122, Citron, 90 capsules molles"}]},{"@type":"WebSite","@id":"https:\/\/vitablanca.ma\/#website","url":"https:\/\/vitablanca.ma\/","name":"VitaBlanca.ma | \u0627\u0644\u0645\u0643\u0645\u0644\u0627\u062a \u0627\u0644\u063a\u0630\u0627\u0626\u064a\u0629\u060c \u0627\u0644\u0635\u062d\u0629 \u0648\u0627\u0644\u062c\u0645\u0627\u0644 \u0641\u064a \u0627\u0644\u0645\u063a\u0631\u0628","description":"\u0646\u0628\u064a\u0639 \u0641\u064a\u062a\u0627\u0645\u064a\u0646\u0627\u062a \u0648\u0645\u0643\u0645\u0644\u0627\u062a \u063a\u0630\u0627\u0626\u064a\u0629 \u0641\u0627\u062e\u0631\u0629 \u0645\u0646 \u0627\u0644\u0648\u0644\u0627\u064a\u0627\u062a \u0627\u0644\u0645\u062a\u062d\u062f\u0629 \u0627\u0644\u0623\u0645\u0631\u064a\u0643\u064a\u0629 \u0648\u0643\u0646\u062f\u0627 \u0648\u0646\u064a\u0648\u0632\u064a\u0644\u0646\u062f\u0627 \u0648\u0627\u0644\u0645\u063a\u0631\u0628 (\u0646\u0627\u0648 \u0641\u0648\u062f\u0632\u060c \u0633\u0648\u0644\u062c\u0627\u0631\u060c \u0645\u0627\u0646\u0648\u0643\u0627). \u062a\u0648\u0635\u064a\u0644 \u0633\u0631\u064a\u0639 \u0625\u0644\u0649 \u062c\u0645\u064a\u0639 \u0623\u0646\u062d\u0627\u0621 \u0627\u0644\u0645\u063a\u0631\u0628.","publisher":{"@id":"https:\/\/vitablanca.ma\/#organization"},"alternateName":"VitaBlanca.ma","potentialAction":[{"@type":"SearchAction","target":{"@type":"EntryPoint","urlTemplate":"https:\/\/vitablanca.ma\/?s={search_term_string}"},"query-input":{"@type":"PropertyValueSpecification","valueRequired":true,"valueName":"search_term_string"}}],"inLanguage":"ar"},{"@type":"Organization","@id":"https:\/\/vitablanca.ma\/#organization","name":"\u0641\u064a\u062a\u0627\u0628\u0644\u0627\u0646\u0643\u0627","url":"https:\/\/vitablanca.ma\/","logo":{"@type":"ImageObject","inLanguage":"ar","@id":"https:\/\/vitablanca.ma\/#\/schema\/logo\/image\/","url":"https:\/\/vitablanca.ma\/wp-content\/uploads\/2025\/05\/cropped-vitablanca.png","contentUrl":"https:\/\/vitablanca.ma\/wp-content\/uploads\/2025\/05\/cropped-vitablanca.png","width":360,"height":67,"caption":"VitaBlanca"},"image":{"@id":"https:\/\/vitablanca.ma\/#\/schema\/logo\/image\/"},"sameAs":["https:\/\/www.facebook.com\/profile.php?id=61576678196717","https:\/\/www.tiktok.com\/@vitablanca.ma","https:\/\/www.instagram.com\/vitablanca.ma\/"]}]}},"jetpack_sharing_enabled":true,"_links":{"self":[{"href":"https:\/\/vitablanca.ma\/ar\/wp-json\/wp\/v2\/product\/35112","targetHints":{"allow":["GET"]}}],"collection":[{"href":"https:\/\/vitablanca.ma\/ar\/wp-json\/wp\/v2\/product"}],"about":[{"href":"https:\/\/vitablanca.ma\/ar\/wp-json\/wp\/v2\/types\/product"}],"wp:featuredmedia":[{"embeddable":true,"href":"https:\/\/vitablanca.ma\/ar\/wp-json\/wp\/v2\/media\/35115"}],"wp:attachment":[{"href":"https:\/\/vitablanca.ma\/ar\/wp-json\/wp\/v2\/media?parent=35112"}],"wp:term":[{"taxonomy":"product_brand","embeddable":true,"href":"https:\/\/vitablanca.ma\/ar\/wp-json\/wp\/v2\/product_brand?post=35112"},{"taxonomy":"product_cat","embeddable":true,"href":"https:\/\/vitablanca.ma\/ar\/wp-json\/wp\/v2\/product_cat?post=35112"},{"taxonomy":"product_tag","embeddable":true,"href":"https:\/\/vitablanca.ma\/ar\/wp-json\/wp\/v2\/product_tag?post=35112"}],"curies":[{"name":"wp","href":"https:\/\/api.w.org\/{rel}","templated":true}]}}