{"id":35109,"date":"2026-04-14T13:18:41","date_gmt":"2026-04-14T13:18:41","guid":{"rendered":"https:\/\/vitablanca.ma\/?post_type=product&#038;p=35109"},"modified":"2026-04-14T13:19:19","modified_gmt":"2026-04-14T13:19:19","slug":"enzymedica-gut-motility-soutien-du-transport-digestif-30-capsules","status":"publish","type":"product","link":"https:\/\/vitablanca.ma\/ar\/product-2\/enzymedica-gut-motility-soutien-du-transport-digestif-30-capsules\/","title":{"rendered":"enzymedica Gut Motility\u2122, Soutien du transport digestif, 30 capsules"},"content":{"rendered":"<p>Gut Motility\u2122 favorise le transport des aliments pour assurer un bon fonctionnement du syst\u00e8me digestif. Il soutient la motilit\u00e9 et la vidange gastrique, c&rsquo;est-\u00e0-dire la vitesse \u00e0 laquelle les aliments quittent l&rsquo;estomac pour rejoindre l&rsquo;intestin gr\u00eale.<\/p>\n<p>Le pouvoir de l&rsquo;artichaut et du gingembre<\/p>\n<p>Cette formule contient du ProDigest\u00ae &#8211; une combinaison synergique, cliniquement \u00e9tudi\u00e9e, d&rsquo;extraits standardis\u00e9s de feuilles d&rsquo;artichaut et de racines de gingembre qui favorisent un transport digestif sain.<\/p>","protected":false},"excerpt":{"rendered":"<p>Sant\u00e9 et bien-\u00eatre digestifs naturels<\/p>\n<p>Au vinaigre de cidre<\/p>\n<p>Favorise une motilit\u00e9 gastro-intestinale saine et une vidange gastrique rapide.<\/p>\n<p>Contribue \u00e0 soulager les ballonnements et la constipation occasionnels<\/p>\n<p>Contient des feuilles d&rsquo;artichaut, de la racine de gingembre et du vinaigre de cidre.<\/p>","protected":false},"featured_media":35111,"template":"","meta":{"om_disable_all_campaigns":false},"product_brand":[10725],"product_cat":[2847,104,280],"product_tag":[12117,765,12118,1754,4379,12115,12116,955,4274],"class_list":{"0":"post-35109","1":"product","2":"type-product","3":"status-publish","4":"has-post-thumbnail","6":"product_brand-enzymedica","7":"product_cat-probiotiques","8":"product_cat-supplements-a-base-de-plantes","9":"product_cat-supplements-digestifs","10":"product_tag-ballonnements-solution","11":"product_tag-complement-digestion","12":"product_tag-complement-transit-maroc","13":"product_tag-confort-digestif","14":"product_tag-digestion-lente","15":"product_tag-enzymedica-gut-motility","16":"product_tag-motilite-intestinale","17":"product_tag-sante-intestinale","18":"product_tag-transit-intestinal","20":"first","21":"instock","22":"taxable","23":"shipping-taxable","24":"purchasable","25":"product-type-simple"},"yoast_head":"<!-- This site is optimized with the Yoast SEO plugin v27.4 - https:\/\/yoast.com\/product\/yoast-seo-wordpress\/ -->\n<title>enzymedica Gut Motility\u2122, 30 capsules - Maroc Prix<\/title>\n<meta name=\"description\" content=\"Enzymedica Gut Motility 30 capsules : compl\u00e9ment pour am\u00e9liorer le transit intestinal et la motilit\u00e9 digestive. Favorise confort digestif,\" \/>\n<meta name=\"robots\" content=\"index, follow, max-snippet:-1, max-image-preview:large, max-video-preview:-1\" \/>\n<link rel=\"canonical\" href=\"https:\/\/vitablanca.ma\/ar\/product-2\/enzymedica-gut-motility-soutien-du-transport-digestif-30-capsules\/\" \/>\n<meta property=\"og:locale\" content=\"ar_AR\" \/>\n<meta property=\"og:type\" content=\"article\" \/>\n<meta property=\"og:title\" content=\"enzymedica Gut Motility\u2122, 30 capsules - Maroc Prix\" \/>\n<meta property=\"og:description\" content=\"Enzymedica Gut Motility 30 capsules : compl\u00e9ment pour am\u00e9liorer le transit intestinal et la motilit\u00e9 digestive. Favorise confort digestif,\" \/>\n<meta property=\"og:url\" content=\"https:\/\/vitablanca.ma\/ar\/product-2\/enzymedica-gut-motility-soutien-du-transport-digestif-30-capsules\/\" \/>\n<meta property=\"og:site_name\" content=\"Vitablanca.ma &ndash; Sant&eacute;, vitalit&eacute; et bien-&ecirc;tre pour tous les Marocains\" \/>\n<meta property=\"article:publisher\" content=\"https:\/\/www.facebook.com\/profile.php?id=61576678196717\" \/>\n<meta property=\"article:modified_time\" content=\"2026-04-14T13:19:19+00:00\" \/>\n<meta property=\"og:image\" content=\"https:\/\/vitablanca.ma\/wp-content\/uploads\/2026\/04\/enzymedica-gut-motilitytm-soutien-du-transport-digestif-30-capsules.jpg\" \/>\n\t<meta property=\"og:image:width\" content=\"680\" \/>\n\t<meta property=\"og:image:height\" content=\"680\" \/>\n\t<meta property=\"og:image:type\" content=\"image\/jpeg\" \/>\n<meta name=\"twitter:card\" content=\"summary_large_image\" \/>\n<meta name=\"twitter:label1\" content=\"\u0648\u0642\u062a \u0627\u0644\u0642\u0631\u0627\u0621\u0629 \u0627\u0644\u0645\u064f\u0642\u062f\u0651\u0631\" \/>\n\t<meta name=\"twitter:data1\" content=\"\u062f\u0642\u064a\u0642\u0629 \u0648\u0627\u062d\u062f\u0629\" \/>\n<script type=\"application\/ld+json\" class=\"yoast-schema-graph\">{\"@context\":\"https:\\\/\\\/schema.org\",\"@graph\":[{\"@type\":[\"WebPage\",\"ItemPage\"],\"@id\":\"https:\\\/\\\/vitablanca.ma\\\/produit\\\/enzymedica-gut-motility-soutien-du-transport-digestif-30-capsules\\\/\",\"url\":\"https:\\\/\\\/vitablanca.ma\\\/produit\\\/enzymedica-gut-motility-soutien-du-transport-digestif-30-capsules\\\/\",\"name\":\"enzymedica Gut Motility\u2122, 30 capsules - Maroc Prix\",\"isPartOf\":{\"@id\":\"https:\\\/\\\/vitablanca.ma\\\/#website\"},\"primaryImageOfPage\":{\"@id\":\"https:\\\/\\\/vitablanca.ma\\\/produit\\\/enzymedica-gut-motility-soutien-du-transport-digestif-30-capsules\\\/#primaryimage\"},\"image\":{\"@id\":\"https:\\\/\\\/vitablanca.ma\\\/produit\\\/enzymedica-gut-motility-soutien-du-transport-digestif-30-capsules\\\/#primaryimage\"},\"thumbnailUrl\":\"https:\\\/\\\/vitablanca.ma\\\/wp-content\\\/uploads\\\/2026\\\/04\\\/enzymedica-gut-motilitytm-soutien-du-transport-digestif-30-capsules.jpg\",\"datePublished\":\"2026-04-14T13:18:41+00:00\",\"dateModified\":\"2026-04-14T13:19:19+00:00\",\"description\":\"Enzymedica Gut Motility 30 capsules : compl\u00e9ment pour am\u00e9liorer le transit intestinal et la motilit\u00e9 digestive. Favorise confort digestif,\",\"breadcrumb\":{\"@id\":\"https:\\\/\\\/vitablanca.ma\\\/produit\\\/enzymedica-gut-motility-soutien-du-transport-digestif-30-capsules\\\/#breadcrumb\"},\"inLanguage\":\"ar\",\"potentialAction\":[{\"@type\":\"ReadAction\",\"target\":[\"https:\\\/\\\/vitablanca.ma\\\/produit\\\/enzymedica-gut-motility-soutien-du-transport-digestif-30-capsules\\\/\"]}]},{\"@type\":\"ImageObject\",\"inLanguage\":\"ar\",\"@id\":\"https:\\\/\\\/vitablanca.ma\\\/produit\\\/enzymedica-gut-motility-soutien-du-transport-digestif-30-capsules\\\/#primaryimage\",\"url\":\"https:\\\/\\\/vitablanca.ma\\\/wp-content\\\/uploads\\\/2026\\\/04\\\/enzymedica-gut-motilitytm-soutien-du-transport-digestif-30-capsules.jpg\",\"contentUrl\":\"https:\\\/\\\/vitablanca.ma\\\/wp-content\\\/uploads\\\/2026\\\/04\\\/enzymedica-gut-motilitytm-soutien-du-transport-digestif-30-capsules.jpg\",\"width\":680,\"height\":680},{\"@type\":\"BreadcrumbList\",\"@id\":\"https:\\\/\\\/vitablanca.ma\\\/produit\\\/enzymedica-gut-motility-soutien-du-transport-digestif-30-capsules\\\/#breadcrumb\",\"itemListElement\":[{\"@type\":\"ListItem\",\"position\":1,\"name\":\"Home\",\"item\":\"https:\\\/\\\/vitablanca.ma\\\/\"},{\"@type\":\"ListItem\",\"position\":2,\"name\":\"Tous Les Produits\",\"item\":\"https:\\\/\\\/vitablanca.ma\\\/tous-les-produits\\\/\"},{\"@type\":\"ListItem\",\"position\":3,\"name\":\"enzymedica Gut Motility\u2122, Soutien du transport digestif, 30 capsules\"}]},{\"@type\":\"WebSite\",\"@id\":\"https:\\\/\\\/vitablanca.ma\\\/#website\",\"url\":\"https:\\\/\\\/vitablanca.ma\\\/\",\"name\":\"VitaBlanca.ma | Compl\u00e9ments alimentaires, sant\u00e9 & beaut\u00e9 au Maroc\",\"description\":\"vendre vitamines et compl\u00e9ments premium des USA &amp; Canada, Nouvelle Z\u00e9lande,Maroc (NOW Foods, Solgar, Manuka). Livraison rapide partout au Maroc.\",\"publisher\":{\"@id\":\"https:\\\/\\\/vitablanca.ma\\\/#organization\"},\"alternateName\":\"VitaBlanca.ma\",\"potentialAction\":[{\"@type\":\"SearchAction\",\"target\":{\"@type\":\"EntryPoint\",\"urlTemplate\":\"https:\\\/\\\/vitablanca.ma\\\/?s={search_term_string}\"},\"query-input\":{\"@type\":\"PropertyValueSpecification\",\"valueRequired\":true,\"valueName\":\"search_term_string\"}}],\"inLanguage\":\"ar\"},{\"@type\":\"Organization\",\"@id\":\"https:\\\/\\\/vitablanca.ma\\\/#organization\",\"name\":\"VitaBlanca\",\"url\":\"https:\\\/\\\/vitablanca.ma\\\/\",\"logo\":{\"@type\":\"ImageObject\",\"inLanguage\":\"ar\",\"@id\":\"https:\\\/\\\/vitablanca.ma\\\/#\\\/schema\\\/logo\\\/image\\\/\",\"url\":\"https:\\\/\\\/vitablanca.ma\\\/wp-content\\\/uploads\\\/2025\\\/05\\\/cropped-vitablanca.png\",\"contentUrl\":\"https:\\\/\\\/vitablanca.ma\\\/wp-content\\\/uploads\\\/2025\\\/05\\\/cropped-vitablanca.png\",\"width\":360,\"height\":67,\"caption\":\"VitaBlanca\"},\"image\":{\"@id\":\"https:\\\/\\\/vitablanca.ma\\\/#\\\/schema\\\/logo\\\/image\\\/\"},\"sameAs\":[\"https:\\\/\\\/www.facebook.com\\\/profile.php?id=61576678196717\",\"https:\\\/\\\/www.tiktok.com\\\/@vitablanca.ma\",\"https:\\\/\\\/www.instagram.com\\\/vitablanca.ma\\\/\"]}]}<\/script>\n<!-- \/ Yoast SEO plugin. -->","yoast_head_json":{"title":"enzymedica Gut Motility\u2122, 30 capsules - Maroc Prix","description":"Enzymedica Gut Motility 30 capsules : compl\u00e9ment pour am\u00e9liorer le transit intestinal et la motilit\u00e9 digestive. Favorise confort digestif,","robots":{"index":"index","follow":"follow","max-snippet":"max-snippet:-1","max-image-preview":"max-image-preview:large","max-video-preview":"max-video-preview:-1"},"canonical":"https:\/\/vitablanca.ma\/ar\/product-2\/enzymedica-gut-motility-soutien-du-transport-digestif-30-capsules\/","og_locale":"ar_AR","og_type":"article","og_title":"enzymedica Gut Motility\u2122, 30 capsules - Maroc Prix","og_description":"Enzymedica Gut Motility 30 capsules : compl\u00e9ment pour am\u00e9liorer le transit intestinal et la motilit\u00e9 digestive. Favorise confort digestif,","og_url":"https:\/\/vitablanca.ma\/ar\/product-2\/enzymedica-gut-motility-soutien-du-transport-digestif-30-capsules\/","og_site_name":"Vitablanca.ma &ndash; Sant&eacute;, vitalit&eacute; et bien-&ecirc;tre pour tous les Marocains","article_publisher":"https:\/\/www.facebook.com\/profile.php?id=61576678196717","article_modified_time":"2026-04-14T13:19:19+00:00","og_image":[{"width":680,"height":680,"url":"https:\/\/vitablanca.ma\/wp-content\/uploads\/2026\/04\/enzymedica-gut-motilitytm-soutien-du-transport-digestif-30-capsules.jpg","type":"image\/jpeg"}],"twitter_card":"summary_large_image","twitter_misc":{"\u0648\u0642\u062a \u0627\u0644\u0642\u0631\u0627\u0621\u0629 \u0627\u0644\u0645\u064f\u0642\u062f\u0651\u0631":"\u062f\u0642\u064a\u0642\u0629 \u0648\u0627\u062d\u062f\u0629"},"schema":{"@context":"https:\/\/schema.org","@graph":[{"@type":["WebPage","ItemPage"],"@id":"https:\/\/vitablanca.ma\/produit\/enzymedica-gut-motility-soutien-du-transport-digestif-30-capsules\/","url":"https:\/\/vitablanca.ma\/produit\/enzymedica-gut-motility-soutien-du-transport-digestif-30-capsules\/","name":"enzymedica Gut Motility\u2122, 30 capsules - Maroc Prix","isPartOf":{"@id":"https:\/\/vitablanca.ma\/#website"},"primaryImageOfPage":{"@id":"https:\/\/vitablanca.ma\/produit\/enzymedica-gut-motility-soutien-du-transport-digestif-30-capsules\/#primaryimage"},"image":{"@id":"https:\/\/vitablanca.ma\/produit\/enzymedica-gut-motility-soutien-du-transport-digestif-30-capsules\/#primaryimage"},"thumbnailUrl":"https:\/\/vitablanca.ma\/wp-content\/uploads\/2026\/04\/enzymedica-gut-motilitytm-soutien-du-transport-digestif-30-capsules.jpg","datePublished":"2026-04-14T13:18:41+00:00","dateModified":"2026-04-14T13:19:19+00:00","description":"Enzymedica Gut Motility 30 capsules : compl\u00e9ment pour am\u00e9liorer le transit intestinal et la motilit\u00e9 digestive. Favorise confort digestif,","breadcrumb":{"@id":"https:\/\/vitablanca.ma\/produit\/enzymedica-gut-motility-soutien-du-transport-digestif-30-capsules\/#breadcrumb"},"inLanguage":"ar","potentialAction":[{"@type":"ReadAction","target":["https:\/\/vitablanca.ma\/produit\/enzymedica-gut-motility-soutien-du-transport-digestif-30-capsules\/"]}]},{"@type":"ImageObject","inLanguage":"ar","@id":"https:\/\/vitablanca.ma\/produit\/enzymedica-gut-motility-soutien-du-transport-digestif-30-capsules\/#primaryimage","url":"https:\/\/vitablanca.ma\/wp-content\/uploads\/2026\/04\/enzymedica-gut-motilitytm-soutien-du-transport-digestif-30-capsules.jpg","contentUrl":"https:\/\/vitablanca.ma\/wp-content\/uploads\/2026\/04\/enzymedica-gut-motilitytm-soutien-du-transport-digestif-30-capsules.jpg","width":680,"height":680},{"@type":"BreadcrumbList","@id":"https:\/\/vitablanca.ma\/produit\/enzymedica-gut-motility-soutien-du-transport-digestif-30-capsules\/#breadcrumb","itemListElement":[{"@type":"ListItem","position":1,"name":"Home","item":"https:\/\/vitablanca.ma\/"},{"@type":"ListItem","position":2,"name":"Tous Les Produits","item":"https:\/\/vitablanca.ma\/tous-les-produits\/"},{"@type":"ListItem","position":3,"name":"enzymedica Gut Motility\u2122, Soutien du transport digestif, 30 capsules"}]},{"@type":"WebSite","@id":"https:\/\/vitablanca.ma\/#website","url":"https:\/\/vitablanca.ma\/","name":"VitaBlanca.ma | \u0627\u0644\u0645\u0643\u0645\u0644\u0627\u062a \u0627\u0644\u063a\u0630\u0627\u0626\u064a\u0629\u060c \u0627\u0644\u0635\u062d\u0629 \u0648\u0627\u0644\u062c\u0645\u0627\u0644 \u0641\u064a \u0627\u0644\u0645\u063a\u0631\u0628","description":"\u0646\u0628\u064a\u0639 \u0641\u064a\u062a\u0627\u0645\u064a\u0646\u0627\u062a \u0648\u0645\u0643\u0645\u0644\u0627\u062a \u063a\u0630\u0627\u0626\u064a\u0629 \u0641\u0627\u062e\u0631\u0629 \u0645\u0646 \u0627\u0644\u0648\u0644\u0627\u064a\u0627\u062a \u0627\u0644\u0645\u062a\u062d\u062f\u0629 \u0627\u0644\u0623\u0645\u0631\u064a\u0643\u064a\u0629 \u0648\u0643\u0646\u062f\u0627 \u0648\u0646\u064a\u0648\u0632\u064a\u0644\u0646\u062f\u0627 \u0648\u0627\u0644\u0645\u063a\u0631\u0628 (\u0646\u0627\u0648 \u0641\u0648\u062f\u0632\u060c \u0633\u0648\u0644\u062c\u0627\u0631\u060c \u0645\u0627\u0646\u0648\u0643\u0627). \u062a\u0648\u0635\u064a\u0644 \u0633\u0631\u064a\u0639 \u0625\u0644\u0649 \u062c\u0645\u064a\u0639 \u0623\u0646\u062d\u0627\u0621 \u0627\u0644\u0645\u063a\u0631\u0628.","publisher":{"@id":"https:\/\/vitablanca.ma\/#organization"},"alternateName":"VitaBlanca.ma","potentialAction":[{"@type":"SearchAction","target":{"@type":"EntryPoint","urlTemplate":"https:\/\/vitablanca.ma\/?s={search_term_string}"},"query-input":{"@type":"PropertyValueSpecification","valueRequired":true,"valueName":"search_term_string"}}],"inLanguage":"ar"},{"@type":"Organization","@id":"https:\/\/vitablanca.ma\/#organization","name":"\u0641\u064a\u062a\u0627\u0628\u0644\u0627\u0646\u0643\u0627","url":"https:\/\/vitablanca.ma\/","logo":{"@type":"ImageObject","inLanguage":"ar","@id":"https:\/\/vitablanca.ma\/#\/schema\/logo\/image\/","url":"https:\/\/vitablanca.ma\/wp-content\/uploads\/2025\/05\/cropped-vitablanca.png","contentUrl":"https:\/\/vitablanca.ma\/wp-content\/uploads\/2025\/05\/cropped-vitablanca.png","width":360,"height":67,"caption":"VitaBlanca"},"image":{"@id":"https:\/\/vitablanca.ma\/#\/schema\/logo\/image\/"},"sameAs":["https:\/\/www.facebook.com\/profile.php?id=61576678196717","https:\/\/www.tiktok.com\/@vitablanca.ma","https:\/\/www.instagram.com\/vitablanca.ma\/"]}]}},"jetpack_sharing_enabled":true,"_links":{"self":[{"href":"https:\/\/vitablanca.ma\/ar\/wp-json\/wp\/v2\/product\/35109","targetHints":{"allow":["GET"]}}],"collection":[{"href":"https:\/\/vitablanca.ma\/ar\/wp-json\/wp\/v2\/product"}],"about":[{"href":"https:\/\/vitablanca.ma\/ar\/wp-json\/wp\/v2\/types\/product"}],"wp:featuredmedia":[{"embeddable":true,"href":"https:\/\/vitablanca.ma\/ar\/wp-json\/wp\/v2\/media\/35111"}],"wp:attachment":[{"href":"https:\/\/vitablanca.ma\/ar\/wp-json\/wp\/v2\/media?parent=35109"}],"wp:term":[{"taxonomy":"product_brand","embeddable":true,"href":"https:\/\/vitablanca.ma\/ar\/wp-json\/wp\/v2\/product_brand?post=35109"},{"taxonomy":"product_cat","embeddable":true,"href":"https:\/\/vitablanca.ma\/ar\/wp-json\/wp\/v2\/product_cat?post=35109"},{"taxonomy":"product_tag","embeddable":true,"href":"https:\/\/vitablanca.ma\/ar\/wp-json\/wp\/v2\/product_tag?post=35109"}],"curies":[{"name":"wp","href":"https:\/\/api.w.org\/{rel}","templated":true}]}}