{"id":34949,"date":"2026-04-08T22:55:26","date_gmt":"2026-04-08T22:55:26","guid":{"rendered":"https:\/\/vitablanca.ma\/?post_type=product&#038;p=34949"},"modified":"2026-04-08T22:55:26","modified_gmt":"2026-04-08T22:55:26","slug":"codeage-glutathion-liposomal-60-capsules-vegetales-250-mg-piece","status":"publish","type":"product","link":"https:\/\/vitablanca.ma\/ar\/product-2\/codeage-glutathion-liposomal-60-capsules-vegetales-250-mg-piece\/","title":{"rendered":"CODEAGE Glutathion liposomal, 60 capsules v\u00e9g\u00e9tales (250 mg pi\u00e8ce)"},"content":{"rendered":"<p>Le compl\u00e9ment de glutathion liposomal de Codeage contient 500 mg de L-glutathione Setria\u00ae par portion, une forme brevet\u00e9e de glutathione connue pour sa qualit\u00e9 et sa puret\u00e9 uniques. Ce compl\u00e9ment avanc\u00e9 comprend \u00e9galement une formule liposomale \u00e0 base d&rsquo;un complexe de phospholipides.<\/p>\n<p>\u0627\u0644\u0627\u0633\u062a\u062e\u062f\u0627\u0645 \u0627\u0644\u0645\u0642\u062a\u0631\u062d<\/p>\n<p>Pour les adultes, prenez 2 capsules par jour<\/p>","protected":false},"excerpt":{"rendered":"<p>L-Glutathione Setria\u00ae<\/p>\n<p>Complexe de phospholipides<\/p>\n<p>Au-del\u00e0 des vitamines\u00ae<\/p>\n<p>\u0645\u0643\u0645\u0644 \u063a\u0630\u0627\u0626\u064a<\/p>\n<p>NSF &#8211; Contenu certifi\u00e9<\/p>","protected":false},"featured_media":34950,"template":"","meta":{"om_disable_all_campaigns":false},"product_brand":[12085],"product_cat":[8963],"product_tag":[6367,987,1699,7003,12091,821,12089,956,12093,517,12094,12086,12092,12055,985,3874,10777,10956,12088,1029],"class_list":{"0":"post-34949","1":"product","2":"type-product","3":"status-publish","4":"has-post-thumbnail","6":"product_brand-codeage","7":"product_cat-glutathion","8":"product_tag-anti-age","9":"product_tag-antioxydant-puissant","10":"product_tag-bien-etre","11":"product_tag-capsules-vegetales","12":"product_tag-codeage-glutathione","13":"product_tag-complement-alimentaire-maroc","14":"product_tag-defense-immunitaire","15":"product_tag-detox-naturelle","16":"product_tag-detox-organisme","17":"product_tag-glutathion","18":"product_tag-glutathion-codeage","19":"product_tag-glutathion-liposomal","20":"product_tag-glutathione-250-mg","21":"product_tag-nutrition-sante","22":"product_tag-protection-cellulaire","23":"product_tag-sante-du-foie","24":"product_tag-sante-globale","25":"product_tag-stress-oxydatif","26":"product_tag-supplement-glutathione","27":"product_tag-systeme-immunitaire","29":"first","30":"instock","31":"taxable","32":"shipping-taxable","33":"purchasable","34":"product-type-simple"},"yoast_head":"<!-- This site is optimized with the Yoast SEO plugin v27.4 - https:\/\/yoast.com\/product\/yoast-seo-wordpress\/ -->\n<title>Partagez ce produitCODEAGE Glutathion liposomal - Maroc Prix<\/title>\n<meta name=\"description\" content=\"Codeage Glutathion Liposomal 250 mg (60 capsules) \u2013 Compl\u00e9ment antioxydant pour soutenir la d\u00e9toxification, la protection cellulaire et l\u2019immunit\u00e9.\" \/>\n<meta name=\"robots\" content=\"index, follow, max-snippet:-1, max-image-preview:large, max-video-preview:-1\" \/>\n<link rel=\"canonical\" href=\"https:\/\/vitablanca.ma\/ar\/product-2\/codeage-glutathion-liposomal-60-capsules-vegetales-250-mg-piece\/\" \/>\n<meta property=\"og:locale\" content=\"ar_AR\" \/>\n<meta property=\"og:type\" content=\"article\" \/>\n<meta property=\"og:title\" content=\"Partagez ce produitCODEAGE Glutathion liposomal - Maroc Prix\" \/>\n<meta property=\"og:description\" content=\"Codeage Glutathion Liposomal 250 mg (60 capsules) \u2013 Compl\u00e9ment antioxydant pour soutenir la d\u00e9toxification, la protection cellulaire et l\u2019immunit\u00e9.\" \/>\n<meta property=\"og:url\" content=\"https:\/\/vitablanca.ma\/ar\/product-2\/codeage-glutathion-liposomal-60-capsules-vegetales-250-mg-piece\/\" \/>\n<meta property=\"og:site_name\" content=\"Vitablanca.ma &ndash; Sant&eacute;, vitalit&eacute; et bien-&ecirc;tre pour tous les Marocains\" \/>\n<meta property=\"article:publisher\" content=\"https:\/\/www.facebook.com\/profile.php?id=61576678196717\" \/>\n<meta property=\"og:image\" content=\"https:\/\/vitablanca.ma\/wp-content\/uploads\/2026\/04\/codeage-glutathion-liposomal-60-capsules-vegetales-250-mg.jpg\" \/>\n\t<meta property=\"og:image:width\" content=\"680\" \/>\n\t<meta property=\"og:image:height\" content=\"680\" \/>\n\t<meta property=\"og:image:type\" content=\"image\/jpeg\" \/>\n<meta name=\"twitter:card\" content=\"summary_large_image\" \/>\n<meta name=\"twitter:label1\" content=\"\u0648\u0642\u062a \u0627\u0644\u0642\u0631\u0627\u0621\u0629 \u0627\u0644\u0645\u064f\u0642\u062f\u0651\u0631\" \/>\n\t<meta name=\"twitter:data1\" content=\"\u062f\u0642\u064a\u0642\u0629 \u0648\u0627\u062d\u062f\u0629\" \/>\n<script type=\"application\/ld+json\" class=\"yoast-schema-graph\">{\"@context\":\"https:\\\/\\\/schema.org\",\"@graph\":[{\"@type\":[\"WebPage\",\"ItemPage\"],\"@id\":\"https:\\\/\\\/vitablanca.ma\\\/produit\\\/codeage-glutathion-liposomal-60-capsules-vegetales-250-mg-piece\\\/\",\"url\":\"https:\\\/\\\/vitablanca.ma\\\/produit\\\/codeage-glutathion-liposomal-60-capsules-vegetales-250-mg-piece\\\/\",\"name\":\"Partagez ce produitCODEAGE Glutathion liposomal - Maroc Prix\",\"isPartOf\":{\"@id\":\"https:\\\/\\\/vitablanca.ma\\\/#website\"},\"primaryImageOfPage\":{\"@id\":\"https:\\\/\\\/vitablanca.ma\\\/produit\\\/codeage-glutathion-liposomal-60-capsules-vegetales-250-mg-piece\\\/#primaryimage\"},\"image\":{\"@id\":\"https:\\\/\\\/vitablanca.ma\\\/produit\\\/codeage-glutathion-liposomal-60-capsules-vegetales-250-mg-piece\\\/#primaryimage\"},\"thumbnailUrl\":\"https:\\\/\\\/vitablanca.ma\\\/wp-content\\\/uploads\\\/2026\\\/04\\\/codeage-glutathion-liposomal-60-capsules-vegetales-250-mg.jpg\",\"datePublished\":\"2026-04-08T22:55:26+00:00\",\"description\":\"Codeage Glutathion Liposomal 250 mg (60 capsules) \u2013 Compl\u00e9ment antioxydant pour soutenir la d\u00e9toxification, la protection cellulaire et l\u2019immunit\u00e9.\",\"breadcrumb\":{\"@id\":\"https:\\\/\\\/vitablanca.ma\\\/produit\\\/codeage-glutathion-liposomal-60-capsules-vegetales-250-mg-piece\\\/#breadcrumb\"},\"inLanguage\":\"ar\",\"potentialAction\":[{\"@type\":\"ReadAction\",\"target\":[\"https:\\\/\\\/vitablanca.ma\\\/produit\\\/codeage-glutathion-liposomal-60-capsules-vegetales-250-mg-piece\\\/\"]}]},{\"@type\":\"ImageObject\",\"inLanguage\":\"ar\",\"@id\":\"https:\\\/\\\/vitablanca.ma\\\/produit\\\/codeage-glutathion-liposomal-60-capsules-vegetales-250-mg-piece\\\/#primaryimage\",\"url\":\"https:\\\/\\\/vitablanca.ma\\\/wp-content\\\/uploads\\\/2026\\\/04\\\/codeage-glutathion-liposomal-60-capsules-vegetales-250-mg.jpg\",\"contentUrl\":\"https:\\\/\\\/vitablanca.ma\\\/wp-content\\\/uploads\\\/2026\\\/04\\\/codeage-glutathion-liposomal-60-capsules-vegetales-250-mg.jpg\",\"width\":680,\"height\":680},{\"@type\":\"BreadcrumbList\",\"@id\":\"https:\\\/\\\/vitablanca.ma\\\/produit\\\/codeage-glutathion-liposomal-60-capsules-vegetales-250-mg-piece\\\/#breadcrumb\",\"itemListElement\":[{\"@type\":\"ListItem\",\"position\":1,\"name\":\"Home\",\"item\":\"https:\\\/\\\/vitablanca.ma\\\/\"},{\"@type\":\"ListItem\",\"position\":2,\"name\":\"Tous Les Produits\",\"item\":\"https:\\\/\\\/vitablanca.ma\\\/tous-les-produits\\\/\"},{\"@type\":\"ListItem\",\"position\":3,\"name\":\"CODEAGE Glutathion liposomal, 60 capsules v\u00e9g\u00e9tales (250 mg pi\u00e8ce)\"}]},{\"@type\":\"WebSite\",\"@id\":\"https:\\\/\\\/vitablanca.ma\\\/#website\",\"url\":\"https:\\\/\\\/vitablanca.ma\\\/\",\"name\":\"VitaBlanca.ma | Compl\u00e9ments alimentaires, sant\u00e9 & beaut\u00e9 au Maroc\",\"description\":\"vendre vitamines et compl\u00e9ments premium des USA &amp; Canada, Nouvelle Z\u00e9lande,Maroc (NOW Foods, Solgar, Manuka). Livraison rapide partout au Maroc.\",\"publisher\":{\"@id\":\"https:\\\/\\\/vitablanca.ma\\\/#organization\"},\"alternateName\":\"VitaBlanca.ma\",\"potentialAction\":[{\"@type\":\"SearchAction\",\"target\":{\"@type\":\"EntryPoint\",\"urlTemplate\":\"https:\\\/\\\/vitablanca.ma\\\/?s={search_term_string}\"},\"query-input\":{\"@type\":\"PropertyValueSpecification\",\"valueRequired\":true,\"valueName\":\"search_term_string\"}}],\"inLanguage\":\"ar\"},{\"@type\":\"Organization\",\"@id\":\"https:\\\/\\\/vitablanca.ma\\\/#organization\",\"name\":\"VitaBlanca\",\"url\":\"https:\\\/\\\/vitablanca.ma\\\/\",\"logo\":{\"@type\":\"ImageObject\",\"inLanguage\":\"ar\",\"@id\":\"https:\\\/\\\/vitablanca.ma\\\/#\\\/schema\\\/logo\\\/image\\\/\",\"url\":\"https:\\\/\\\/vitablanca.ma\\\/wp-content\\\/uploads\\\/2025\\\/05\\\/cropped-vitablanca.png\",\"contentUrl\":\"https:\\\/\\\/vitablanca.ma\\\/wp-content\\\/uploads\\\/2025\\\/05\\\/cropped-vitablanca.png\",\"width\":360,\"height\":67,\"caption\":\"VitaBlanca\"},\"image\":{\"@id\":\"https:\\\/\\\/vitablanca.ma\\\/#\\\/schema\\\/logo\\\/image\\\/\"},\"sameAs\":[\"https:\\\/\\\/www.facebook.com\\\/profile.php?id=61576678196717\",\"https:\\\/\\\/www.tiktok.com\\\/@vitablanca.ma\",\"https:\\\/\\\/www.instagram.com\\\/vitablanca.ma\\\/\"]}]}<\/script>\n<!-- \/ Yoast SEO plugin. -->","yoast_head_json":{"title":"Partagez ce produitCODEAGE Glutathion liposomal - Maroc Prix","description":"Codeage Glutathion Liposomal 250 mg (60 capsules) \u2013 Compl\u00e9ment antioxydant pour soutenir la d\u00e9toxification, la protection cellulaire et l\u2019immunit\u00e9.","robots":{"index":"index","follow":"follow","max-snippet":"max-snippet:-1","max-image-preview":"max-image-preview:large","max-video-preview":"max-video-preview:-1"},"canonical":"https:\/\/vitablanca.ma\/ar\/product-2\/codeage-glutathion-liposomal-60-capsules-vegetales-250-mg-piece\/","og_locale":"ar_AR","og_type":"article","og_title":"Partagez ce produitCODEAGE Glutathion liposomal - Maroc Prix","og_description":"Codeage Glutathion Liposomal 250 mg (60 capsules) \u2013 Compl\u00e9ment antioxydant pour soutenir la d\u00e9toxification, la protection cellulaire et l\u2019immunit\u00e9.","og_url":"https:\/\/vitablanca.ma\/ar\/product-2\/codeage-glutathion-liposomal-60-capsules-vegetales-250-mg-piece\/","og_site_name":"Vitablanca.ma &ndash; Sant&eacute;, vitalit&eacute; et bien-&ecirc;tre pour tous les Marocains","article_publisher":"https:\/\/www.facebook.com\/profile.php?id=61576678196717","og_image":[{"width":680,"height":680,"url":"https:\/\/vitablanca.ma\/wp-content\/uploads\/2026\/04\/codeage-glutathion-liposomal-60-capsules-vegetales-250-mg.jpg","type":"image\/jpeg"}],"twitter_card":"summary_large_image","twitter_misc":{"\u0648\u0642\u062a \u0627\u0644\u0642\u0631\u0627\u0621\u0629 \u0627\u0644\u0645\u064f\u0642\u062f\u0651\u0631":"\u062f\u0642\u064a\u0642\u0629 \u0648\u0627\u062d\u062f\u0629"},"schema":{"@context":"https:\/\/schema.org","@graph":[{"@type":["WebPage","ItemPage"],"@id":"https:\/\/vitablanca.ma\/produit\/codeage-glutathion-liposomal-60-capsules-vegetales-250-mg-piece\/","url":"https:\/\/vitablanca.ma\/produit\/codeage-glutathion-liposomal-60-capsules-vegetales-250-mg-piece\/","name":"Partagez ce produitCODEAGE Glutathion liposomal - Maroc Prix","isPartOf":{"@id":"https:\/\/vitablanca.ma\/#website"},"primaryImageOfPage":{"@id":"https:\/\/vitablanca.ma\/produit\/codeage-glutathion-liposomal-60-capsules-vegetales-250-mg-piece\/#primaryimage"},"image":{"@id":"https:\/\/vitablanca.ma\/produit\/codeage-glutathion-liposomal-60-capsules-vegetales-250-mg-piece\/#primaryimage"},"thumbnailUrl":"https:\/\/vitablanca.ma\/wp-content\/uploads\/2026\/04\/codeage-glutathion-liposomal-60-capsules-vegetales-250-mg.jpg","datePublished":"2026-04-08T22:55:26+00:00","description":"Codeage Glutathion Liposomal 250 mg (60 capsules) \u2013 Compl\u00e9ment antioxydant pour soutenir la d\u00e9toxification, la protection cellulaire et l\u2019immunit\u00e9.","breadcrumb":{"@id":"https:\/\/vitablanca.ma\/produit\/codeage-glutathion-liposomal-60-capsules-vegetales-250-mg-piece\/#breadcrumb"},"inLanguage":"ar","potentialAction":[{"@type":"ReadAction","target":["https:\/\/vitablanca.ma\/produit\/codeage-glutathion-liposomal-60-capsules-vegetales-250-mg-piece\/"]}]},{"@type":"ImageObject","inLanguage":"ar","@id":"https:\/\/vitablanca.ma\/produit\/codeage-glutathion-liposomal-60-capsules-vegetales-250-mg-piece\/#primaryimage","url":"https:\/\/vitablanca.ma\/wp-content\/uploads\/2026\/04\/codeage-glutathion-liposomal-60-capsules-vegetales-250-mg.jpg","contentUrl":"https:\/\/vitablanca.ma\/wp-content\/uploads\/2026\/04\/codeage-glutathion-liposomal-60-capsules-vegetales-250-mg.jpg","width":680,"height":680},{"@type":"BreadcrumbList","@id":"https:\/\/vitablanca.ma\/produit\/codeage-glutathion-liposomal-60-capsules-vegetales-250-mg-piece\/#breadcrumb","itemListElement":[{"@type":"ListItem","position":1,"name":"Home","item":"https:\/\/vitablanca.ma\/"},{"@type":"ListItem","position":2,"name":"Tous Les Produits","item":"https:\/\/vitablanca.ma\/tous-les-produits\/"},{"@type":"ListItem","position":3,"name":"CODEAGE Glutathion liposomal, 60 capsules v\u00e9g\u00e9tales (250 mg pi\u00e8ce)"}]},{"@type":"WebSite","@id":"https:\/\/vitablanca.ma\/#website","url":"https:\/\/vitablanca.ma\/","name":"VitaBlanca.ma | \u0627\u0644\u0645\u0643\u0645\u0644\u0627\u062a \u0627\u0644\u063a\u0630\u0627\u0626\u064a\u0629\u060c \u0627\u0644\u0635\u062d\u0629 \u0648\u0627\u0644\u062c\u0645\u0627\u0644 \u0641\u064a \u0627\u0644\u0645\u063a\u0631\u0628","description":"\u0646\u0628\u064a\u0639 \u0641\u064a\u062a\u0627\u0645\u064a\u0646\u0627\u062a \u0648\u0645\u0643\u0645\u0644\u0627\u062a \u063a\u0630\u0627\u0626\u064a\u0629 \u0641\u0627\u062e\u0631\u0629 \u0645\u0646 \u0627\u0644\u0648\u0644\u0627\u064a\u0627\u062a \u0627\u0644\u0645\u062a\u062d\u062f\u0629 \u0627\u0644\u0623\u0645\u0631\u064a\u0643\u064a\u0629 \u0648\u0643\u0646\u062f\u0627 \u0648\u0646\u064a\u0648\u0632\u064a\u0644\u0646\u062f\u0627 \u0648\u0627\u0644\u0645\u063a\u0631\u0628 (\u0646\u0627\u0648 \u0641\u0648\u062f\u0632\u060c \u0633\u0648\u0644\u062c\u0627\u0631\u060c \u0645\u0627\u0646\u0648\u0643\u0627). \u062a\u0648\u0635\u064a\u0644 \u0633\u0631\u064a\u0639 \u0625\u0644\u0649 \u062c\u0645\u064a\u0639 \u0623\u0646\u062d\u0627\u0621 \u0627\u0644\u0645\u063a\u0631\u0628.","publisher":{"@id":"https:\/\/vitablanca.ma\/#organization"},"alternateName":"VitaBlanca.ma","potentialAction":[{"@type":"SearchAction","target":{"@type":"EntryPoint","urlTemplate":"https:\/\/vitablanca.ma\/?s={search_term_string}"},"query-input":{"@type":"PropertyValueSpecification","valueRequired":true,"valueName":"search_term_string"}}],"inLanguage":"ar"},{"@type":"Organization","@id":"https:\/\/vitablanca.ma\/#organization","name":"\u0641\u064a\u062a\u0627\u0628\u0644\u0627\u0646\u0643\u0627","url":"https:\/\/vitablanca.ma\/","logo":{"@type":"ImageObject","inLanguage":"ar","@id":"https:\/\/vitablanca.ma\/#\/schema\/logo\/image\/","url":"https:\/\/vitablanca.ma\/wp-content\/uploads\/2025\/05\/cropped-vitablanca.png","contentUrl":"https:\/\/vitablanca.ma\/wp-content\/uploads\/2025\/05\/cropped-vitablanca.png","width":360,"height":67,"caption":"VitaBlanca"},"image":{"@id":"https:\/\/vitablanca.ma\/#\/schema\/logo\/image\/"},"sameAs":["https:\/\/www.facebook.com\/profile.php?id=61576678196717","https:\/\/www.tiktok.com\/@vitablanca.ma","https:\/\/www.instagram.com\/vitablanca.ma\/"]}]}},"jetpack_sharing_enabled":true,"_links":{"self":[{"href":"https:\/\/vitablanca.ma\/ar\/wp-json\/wp\/v2\/product\/34949","targetHints":{"allow":["GET"]}}],"collection":[{"href":"https:\/\/vitablanca.ma\/ar\/wp-json\/wp\/v2\/product"}],"about":[{"href":"https:\/\/vitablanca.ma\/ar\/wp-json\/wp\/v2\/types\/product"}],"wp:featuredmedia":[{"embeddable":true,"href":"https:\/\/vitablanca.ma\/ar\/wp-json\/wp\/v2\/media\/34950"}],"wp:attachment":[{"href":"https:\/\/vitablanca.ma\/ar\/wp-json\/wp\/v2\/media?parent=34949"}],"wp:term":[{"taxonomy":"product_brand","embeddable":true,"href":"https:\/\/vitablanca.ma\/ar\/wp-json\/wp\/v2\/product_brand?post=34949"},{"taxonomy":"product_cat","embeddable":true,"href":"https:\/\/vitablanca.ma\/ar\/wp-json\/wp\/v2\/product_cat?post=34949"},{"taxonomy":"product_tag","embeddable":true,"href":"https:\/\/vitablanca.ma\/ar\/wp-json\/wp\/v2\/product_tag?post=34949"}],"curies":[{"name":"wp","href":"https:\/\/api.w.org\/{rel}","templated":true}]}}