{"id":34930,"date":"2026-04-08T21:59:43","date_gmt":"2026-04-08T21:59:43","guid":{"rendered":"https:\/\/vitablanca.ma\/?post_type=product&#038;p=34930"},"modified":"2026-04-08T21:59:44","modified_gmt":"2026-04-08T21:59:44","slug":"sports-research-l-theanine-200-mg-60-capsules-a-enveloppe-molle","status":"publish","type":"product","link":"https:\/\/vitablanca.ma\/ar\/product-2\/sports-research-l-theanine-200-mg-60-capsules-a-enveloppe-molle\/","title":{"rendered":"Sports Research L-th\u00e9anine, 200 mg, 60 capsules \u00e0 enveloppe molle"},"content":{"rendered":"<p>La L-th\u00e9anine de SR\u00ae avec de la Suntheanine\u00ae est une forme premium de L-th\u00e9anine sans OGM qui peut aider \u00e0 maintenir un \u00e9tat de relaxation alerte sans somnolence.<\/p>\n<p>\u0627\u0644\u0627\u0633\u062a\u062e\u062f\u0627\u0645 \u0627\u0644\u0645\u0642\u062a\u0631\u062d<\/p>\n<p>En compl\u00e9ment alimentaire pour des adultes en bonne sant\u00e9, prenez une capsule \u00e0 enveloppe molle liquide par jour au moment ou en dehors des repas.<\/p>\n<p>\u0645\u0643\u0645\u0644 \u063a\u0630\u0627\u0626\u064a<\/p>\n<p>\u00c9labor\u00e9e \u00e0 partir d&rsquo;ingr\u00e9dients sans OGM<\/p>\n<p>\u062e\u0627\u0644\u064a \u0645\u0646 \u0627\u0644\u063a\u0644\u0648\u062a\u064a\u0646<\/p>\n<p>BPF actuelles &#8211; Bonnes Pratiques de Fabrication<\/p>\n<p>Qualit\u00e9 test\u00e9e par un organisme tiers<\/p>\n<p>Certifi\u00e9 sans OGM par Igen<\/p>\n<p>Formul\u00e9 \u00e0 base d&rsquo;huile de coco<\/p>","protected":false},"excerpt":{"rendered":"<p>Double efficacit\u00e9<\/p>\n<p>Relaxation et concentration<\/p>\n<p>\u00c0 base de Suntheanine\u00ae et d&rsquo;huile de coco<\/p>\n<p>\u0645\u0643\u0645\u0644 \u063a\u0630\u0627\u0626\u064a<\/p>\n<p>\u00c9labor\u00e9e \u00e0 partir d&rsquo;ingr\u00e9dients sans OGM<\/p>\n<p>\u062e\u0627\u0644\u064a \u0645\u0646 \u0627\u0644\u063a\u0644\u0648\u062a\u064a\u0646<\/p>","protected":false},"featured_media":34931,"template":"","meta":{"om_disable_all_campaigns":false},"product_brand":[],"product_cat":[95,304,19],"product_tag":[2467,12065,1726,12064,181,796,12061,12068,1729,12062,4368,8890,3913,12069,875,12060,12066,1740,12063,12059,12067],"class_list":{"0":"post-34930","1":"product","2":"type-product","3":"status-publish","4":"has-post-thumbnail","6":"product_cat-antioxydants","7":"product_cat-supplements-vitaminiques-mineraux-multiples","8":"product_cat-vitamines-supplements-dietetiques","9":"product_tag-anti-stress-naturel-2","10":"product_tag-anxiete-et-stress","11":"product_tag-bien-etre-mental","12":"product_tag-calmant-naturel","13":"product_tag-complement-alimentaire","14":"product_tag-complement-relaxation","15":"product_tag-concentration-mentale","16":"product_tag-energie-calme","17":"product_tag-equilibre-nerveux","18":"product_tag-focus-et-attention","19":"product_tag-gestion-du-stress","20":"product_tag-l-theanine","21":"product_tag-l-theanine-200-mg","22":"product_tag-maroc-complement-alimentaire","23":"product_tag-nootropique-naturel","24":"product_tag-reduction-du-stress","25":"product_tag-relaxation-sans-somnolence","26":"product_tag-sante-mentale","27":"product_tag-sommeil-de-qualite","28":"product_tag-sports-research-l-theanine","29":"product_tag-supplement-l-theanine","31":"first","32":"instock","33":"taxable","34":"shipping-taxable","35":"purchasable","36":"product-type-simple"},"yoast_head":"<!-- This site is optimized with the Yoast SEO plugin v27.4 - https:\/\/yoast.com\/product\/yoast-seo-wordpress\/ -->\n<title>Sports Research L-th\u00e9anine, 200 mg, 60 capsules - Maroc Prix<\/title>\n<meta name=\"description\" content=\"Sports Research L-Th\u00e9anine 200 mg (60 capsules) \u2013 Compl\u00e9ment naturel pour favoriser la relaxation, r\u00e9duire le stress et am\u00e9liorer la concentration\" \/>\n<meta name=\"robots\" content=\"index, follow, max-snippet:-1, max-image-preview:large, max-video-preview:-1\" \/>\n<link rel=\"canonical\" href=\"https:\/\/vitablanca.ma\/ar\/product-2\/sports-research-l-theanine-200-mg-60-capsules-a-enveloppe-molle\/\" \/>\n<meta property=\"og:locale\" content=\"ar_AR\" \/>\n<meta property=\"og:type\" content=\"article\" \/>\n<meta property=\"og:title\" content=\"Sports Research L-th\u00e9anine, 200 mg, 60 capsules - Maroc Prix\" \/>\n<meta property=\"og:description\" content=\"Sports Research L-Th\u00e9anine 200 mg (60 capsules) \u2013 Compl\u00e9ment naturel pour favoriser la relaxation, r\u00e9duire le stress et am\u00e9liorer la concentration\" \/>\n<meta property=\"og:url\" content=\"https:\/\/vitablanca.ma\/ar\/product-2\/sports-research-l-theanine-200-mg-60-capsules-a-enveloppe-molle\/\" \/>\n<meta property=\"og:site_name\" content=\"Vitablanca.ma &ndash; Sant&eacute;, vitalit&eacute; et bien-&ecirc;tre pour tous les Marocains\" \/>\n<meta property=\"article:publisher\" content=\"https:\/\/www.facebook.com\/profile.php?id=61576678196717\" \/>\n<meta property=\"article:modified_time\" content=\"2026-04-08T21:59:44+00:00\" \/>\n<meta property=\"og:image\" content=\"https:\/\/vitablanca.ma\/wp-content\/uploads\/2026\/04\/sports-research-l-theanine-200-mg-60-capsules-a-enveloppe-molle-.jpg\" \/>\n\t<meta property=\"og:image:width\" content=\"680\" \/>\n\t<meta property=\"og:image:height\" content=\"680\" \/>\n\t<meta property=\"og:image:type\" content=\"image\/jpeg\" \/>\n<meta name=\"twitter:card\" content=\"summary_large_image\" \/>\n<meta name=\"twitter:label1\" content=\"\u0648\u0642\u062a \u0627\u0644\u0642\u0631\u0627\u0621\u0629 \u0627\u0644\u0645\u064f\u0642\u062f\u0651\u0631\" \/>\n\t<meta name=\"twitter:data1\" content=\"\u062f\u0642\u064a\u0642\u0629 \u0648\u0627\u062d\u062f\u0629\" \/>\n<script type=\"application\/ld+json\" class=\"yoast-schema-graph\">{\"@context\":\"https:\\\/\\\/schema.org\",\"@graph\":[{\"@type\":[\"WebPage\",\"ItemPage\"],\"@id\":\"https:\\\/\\\/vitablanca.ma\\\/produit\\\/sports-research-l-theanine-200-mg-60-capsules-a-enveloppe-molle\\\/\",\"url\":\"https:\\\/\\\/vitablanca.ma\\\/produit\\\/sports-research-l-theanine-200-mg-60-capsules-a-enveloppe-molle\\\/\",\"name\":\"Sports Research L-th\u00e9anine, 200 mg, 60 capsules - Maroc Prix\",\"isPartOf\":{\"@id\":\"https:\\\/\\\/vitablanca.ma\\\/#website\"},\"primaryImageOfPage\":{\"@id\":\"https:\\\/\\\/vitablanca.ma\\\/produit\\\/sports-research-l-theanine-200-mg-60-capsules-a-enveloppe-molle\\\/#primaryimage\"},\"image\":{\"@id\":\"https:\\\/\\\/vitablanca.ma\\\/produit\\\/sports-research-l-theanine-200-mg-60-capsules-a-enveloppe-molle\\\/#primaryimage\"},\"thumbnailUrl\":\"https:\\\/\\\/vitablanca.ma\\\/wp-content\\\/uploads\\\/2026\\\/04\\\/sports-research-l-theanine-200-mg-60-capsules-a-enveloppe-molle-.jpg\",\"datePublished\":\"2026-04-08T21:59:43+00:00\",\"dateModified\":\"2026-04-08T21:59:44+00:00\",\"description\":\"Sports Research L-Th\u00e9anine 200 mg (60 capsules) \u2013 Compl\u00e9ment naturel pour favoriser la relaxation, r\u00e9duire le stress et am\u00e9liorer la concentration\",\"breadcrumb\":{\"@id\":\"https:\\\/\\\/vitablanca.ma\\\/produit\\\/sports-research-l-theanine-200-mg-60-capsules-a-enveloppe-molle\\\/#breadcrumb\"},\"inLanguage\":\"ar\",\"potentialAction\":[{\"@type\":\"ReadAction\",\"target\":[\"https:\\\/\\\/vitablanca.ma\\\/produit\\\/sports-research-l-theanine-200-mg-60-capsules-a-enveloppe-molle\\\/\"]}]},{\"@type\":\"ImageObject\",\"inLanguage\":\"ar\",\"@id\":\"https:\\\/\\\/vitablanca.ma\\\/produit\\\/sports-research-l-theanine-200-mg-60-capsules-a-enveloppe-molle\\\/#primaryimage\",\"url\":\"https:\\\/\\\/vitablanca.ma\\\/wp-content\\\/uploads\\\/2026\\\/04\\\/sports-research-l-theanine-200-mg-60-capsules-a-enveloppe-molle-.jpg\",\"contentUrl\":\"https:\\\/\\\/vitablanca.ma\\\/wp-content\\\/uploads\\\/2026\\\/04\\\/sports-research-l-theanine-200-mg-60-capsules-a-enveloppe-molle-.jpg\",\"width\":680,\"height\":680},{\"@type\":\"BreadcrumbList\",\"@id\":\"https:\\\/\\\/vitablanca.ma\\\/produit\\\/sports-research-l-theanine-200-mg-60-capsules-a-enveloppe-molle\\\/#breadcrumb\",\"itemListElement\":[{\"@type\":\"ListItem\",\"position\":1,\"name\":\"Home\",\"item\":\"https:\\\/\\\/vitablanca.ma\\\/\"},{\"@type\":\"ListItem\",\"position\":2,\"name\":\"Tous Les Produits\",\"item\":\"https:\\\/\\\/vitablanca.ma\\\/tous-les-produits\\\/\"},{\"@type\":\"ListItem\",\"position\":3,\"name\":\"Sports Research L-th\u00e9anine, 200 mg, 60 capsules \u00e0 enveloppe molle\"}]},{\"@type\":\"WebSite\",\"@id\":\"https:\\\/\\\/vitablanca.ma\\\/#website\",\"url\":\"https:\\\/\\\/vitablanca.ma\\\/\",\"name\":\"VitaBlanca.ma | Compl\u00e9ments alimentaires, sant\u00e9 & beaut\u00e9 au Maroc\",\"description\":\"vendre vitamines et compl\u00e9ments premium des USA &amp; Canada, Nouvelle Z\u00e9lande,Maroc (NOW Foods, Solgar, Manuka). Livraison rapide partout au Maroc.\",\"publisher\":{\"@id\":\"https:\\\/\\\/vitablanca.ma\\\/#organization\"},\"alternateName\":\"VitaBlanca.ma\",\"potentialAction\":[{\"@type\":\"SearchAction\",\"target\":{\"@type\":\"EntryPoint\",\"urlTemplate\":\"https:\\\/\\\/vitablanca.ma\\\/?s={search_term_string}\"},\"query-input\":{\"@type\":\"PropertyValueSpecification\",\"valueRequired\":true,\"valueName\":\"search_term_string\"}}],\"inLanguage\":\"ar\"},{\"@type\":\"Organization\",\"@id\":\"https:\\\/\\\/vitablanca.ma\\\/#organization\",\"name\":\"VitaBlanca\",\"url\":\"https:\\\/\\\/vitablanca.ma\\\/\",\"logo\":{\"@type\":\"ImageObject\",\"inLanguage\":\"ar\",\"@id\":\"https:\\\/\\\/vitablanca.ma\\\/#\\\/schema\\\/logo\\\/image\\\/\",\"url\":\"https:\\\/\\\/vitablanca.ma\\\/wp-content\\\/uploads\\\/2025\\\/05\\\/cropped-vitablanca.png\",\"contentUrl\":\"https:\\\/\\\/vitablanca.ma\\\/wp-content\\\/uploads\\\/2025\\\/05\\\/cropped-vitablanca.png\",\"width\":360,\"height\":67,\"caption\":\"VitaBlanca\"},\"image\":{\"@id\":\"https:\\\/\\\/vitablanca.ma\\\/#\\\/schema\\\/logo\\\/image\\\/\"},\"sameAs\":[\"https:\\\/\\\/www.facebook.com\\\/profile.php?id=61576678196717\",\"https:\\\/\\\/www.tiktok.com\\\/@vitablanca.ma\",\"https:\\\/\\\/www.instagram.com\\\/vitablanca.ma\\\/\"]}]}<\/script>\n<!-- \/ Yoast SEO plugin. -->","yoast_head_json":{"title":"Sports Research L-th\u00e9anine, 200 mg, 60 capsules - Maroc Prix","description":"Sports Research L-Th\u00e9anine 200 mg (60 capsules) \u2013 Compl\u00e9ment naturel pour favoriser la relaxation, r\u00e9duire le stress et am\u00e9liorer la concentration","robots":{"index":"index","follow":"follow","max-snippet":"max-snippet:-1","max-image-preview":"max-image-preview:large","max-video-preview":"max-video-preview:-1"},"canonical":"https:\/\/vitablanca.ma\/ar\/product-2\/sports-research-l-theanine-200-mg-60-capsules-a-enveloppe-molle\/","og_locale":"ar_AR","og_type":"article","og_title":"Sports Research L-th\u00e9anine, 200 mg, 60 capsules - Maroc Prix","og_description":"Sports Research L-Th\u00e9anine 200 mg (60 capsules) \u2013 Compl\u00e9ment naturel pour favoriser la relaxation, r\u00e9duire le stress et am\u00e9liorer la concentration","og_url":"https:\/\/vitablanca.ma\/ar\/product-2\/sports-research-l-theanine-200-mg-60-capsules-a-enveloppe-molle\/","og_site_name":"Vitablanca.ma &ndash; Sant&eacute;, vitalit&eacute; et bien-&ecirc;tre pour tous les Marocains","article_publisher":"https:\/\/www.facebook.com\/profile.php?id=61576678196717","article_modified_time":"2026-04-08T21:59:44+00:00","og_image":[{"width":680,"height":680,"url":"https:\/\/vitablanca.ma\/wp-content\/uploads\/2026\/04\/sports-research-l-theanine-200-mg-60-capsules-a-enveloppe-molle-.jpg","type":"image\/jpeg"}],"twitter_card":"summary_large_image","twitter_misc":{"\u0648\u0642\u062a \u0627\u0644\u0642\u0631\u0627\u0621\u0629 \u0627\u0644\u0645\u064f\u0642\u062f\u0651\u0631":"\u062f\u0642\u064a\u0642\u0629 \u0648\u0627\u062d\u062f\u0629"},"schema":{"@context":"https:\/\/schema.org","@graph":[{"@type":["WebPage","ItemPage"],"@id":"https:\/\/vitablanca.ma\/produit\/sports-research-l-theanine-200-mg-60-capsules-a-enveloppe-molle\/","url":"https:\/\/vitablanca.ma\/produit\/sports-research-l-theanine-200-mg-60-capsules-a-enveloppe-molle\/","name":"Sports Research L-th\u00e9anine, 200 mg, 60 capsules - Maroc Prix","isPartOf":{"@id":"https:\/\/vitablanca.ma\/#website"},"primaryImageOfPage":{"@id":"https:\/\/vitablanca.ma\/produit\/sports-research-l-theanine-200-mg-60-capsules-a-enveloppe-molle\/#primaryimage"},"image":{"@id":"https:\/\/vitablanca.ma\/produit\/sports-research-l-theanine-200-mg-60-capsules-a-enveloppe-molle\/#primaryimage"},"thumbnailUrl":"https:\/\/vitablanca.ma\/wp-content\/uploads\/2026\/04\/sports-research-l-theanine-200-mg-60-capsules-a-enveloppe-molle-.jpg","datePublished":"2026-04-08T21:59:43+00:00","dateModified":"2026-04-08T21:59:44+00:00","description":"Sports Research L-Th\u00e9anine 200 mg (60 capsules) \u2013 Compl\u00e9ment naturel pour favoriser la relaxation, r\u00e9duire le stress et am\u00e9liorer la concentration","breadcrumb":{"@id":"https:\/\/vitablanca.ma\/produit\/sports-research-l-theanine-200-mg-60-capsules-a-enveloppe-molle\/#breadcrumb"},"inLanguage":"ar","potentialAction":[{"@type":"ReadAction","target":["https:\/\/vitablanca.ma\/produit\/sports-research-l-theanine-200-mg-60-capsules-a-enveloppe-molle\/"]}]},{"@type":"ImageObject","inLanguage":"ar","@id":"https:\/\/vitablanca.ma\/produit\/sports-research-l-theanine-200-mg-60-capsules-a-enveloppe-molle\/#primaryimage","url":"https:\/\/vitablanca.ma\/wp-content\/uploads\/2026\/04\/sports-research-l-theanine-200-mg-60-capsules-a-enveloppe-molle-.jpg","contentUrl":"https:\/\/vitablanca.ma\/wp-content\/uploads\/2026\/04\/sports-research-l-theanine-200-mg-60-capsules-a-enveloppe-molle-.jpg","width":680,"height":680},{"@type":"BreadcrumbList","@id":"https:\/\/vitablanca.ma\/produit\/sports-research-l-theanine-200-mg-60-capsules-a-enveloppe-molle\/#breadcrumb","itemListElement":[{"@type":"ListItem","position":1,"name":"Home","item":"https:\/\/vitablanca.ma\/"},{"@type":"ListItem","position":2,"name":"Tous Les Produits","item":"https:\/\/vitablanca.ma\/tous-les-produits\/"},{"@type":"ListItem","position":3,"name":"Sports Research L-th\u00e9anine, 200 mg, 60 capsules \u00e0 enveloppe molle"}]},{"@type":"WebSite","@id":"https:\/\/vitablanca.ma\/#website","url":"https:\/\/vitablanca.ma\/","name":"VitaBlanca.ma | \u0627\u0644\u0645\u0643\u0645\u0644\u0627\u062a \u0627\u0644\u063a\u0630\u0627\u0626\u064a\u0629\u060c \u0627\u0644\u0635\u062d\u0629 \u0648\u0627\u0644\u062c\u0645\u0627\u0644 \u0641\u064a \u0627\u0644\u0645\u063a\u0631\u0628","description":"\u0646\u0628\u064a\u0639 \u0641\u064a\u062a\u0627\u0645\u064a\u0646\u0627\u062a \u0648\u0645\u0643\u0645\u0644\u0627\u062a \u063a\u0630\u0627\u0626\u064a\u0629 \u0641\u0627\u062e\u0631\u0629 \u0645\u0646 \u0627\u0644\u0648\u0644\u0627\u064a\u0627\u062a \u0627\u0644\u0645\u062a\u062d\u062f\u0629 \u0627\u0644\u0623\u0645\u0631\u064a\u0643\u064a\u0629 \u0648\u0643\u0646\u062f\u0627 \u0648\u0646\u064a\u0648\u0632\u064a\u0644\u0646\u062f\u0627 \u0648\u0627\u0644\u0645\u063a\u0631\u0628 (\u0646\u0627\u0648 \u0641\u0648\u062f\u0632\u060c \u0633\u0648\u0644\u062c\u0627\u0631\u060c \u0645\u0627\u0646\u0648\u0643\u0627). \u062a\u0648\u0635\u064a\u0644 \u0633\u0631\u064a\u0639 \u0625\u0644\u0649 \u062c\u0645\u064a\u0639 \u0623\u0646\u062d\u0627\u0621 \u0627\u0644\u0645\u063a\u0631\u0628.","publisher":{"@id":"https:\/\/vitablanca.ma\/#organization"},"alternateName":"VitaBlanca.ma","potentialAction":[{"@type":"SearchAction","target":{"@type":"EntryPoint","urlTemplate":"https:\/\/vitablanca.ma\/?s={search_term_string}"},"query-input":{"@type":"PropertyValueSpecification","valueRequired":true,"valueName":"search_term_string"}}],"inLanguage":"ar"},{"@type":"Organization","@id":"https:\/\/vitablanca.ma\/#organization","name":"\u0641\u064a\u062a\u0627\u0628\u0644\u0627\u0646\u0643\u0627","url":"https:\/\/vitablanca.ma\/","logo":{"@type":"ImageObject","inLanguage":"ar","@id":"https:\/\/vitablanca.ma\/#\/schema\/logo\/image\/","url":"https:\/\/vitablanca.ma\/wp-content\/uploads\/2025\/05\/cropped-vitablanca.png","contentUrl":"https:\/\/vitablanca.ma\/wp-content\/uploads\/2025\/05\/cropped-vitablanca.png","width":360,"height":67,"caption":"VitaBlanca"},"image":{"@id":"https:\/\/vitablanca.ma\/#\/schema\/logo\/image\/"},"sameAs":["https:\/\/www.facebook.com\/profile.php?id=61576678196717","https:\/\/www.tiktok.com\/@vitablanca.ma","https:\/\/www.instagram.com\/vitablanca.ma\/"]}]}},"jetpack_sharing_enabled":true,"_links":{"self":[{"href":"https:\/\/vitablanca.ma\/ar\/wp-json\/wp\/v2\/product\/34930","targetHints":{"allow":["GET"]}}],"collection":[{"href":"https:\/\/vitablanca.ma\/ar\/wp-json\/wp\/v2\/product"}],"about":[{"href":"https:\/\/vitablanca.ma\/ar\/wp-json\/wp\/v2\/types\/product"}],"wp:featuredmedia":[{"embeddable":true,"href":"https:\/\/vitablanca.ma\/ar\/wp-json\/wp\/v2\/media\/34931"}],"wp:attachment":[{"href":"https:\/\/vitablanca.ma\/ar\/wp-json\/wp\/v2\/media?parent=34930"}],"wp:term":[{"taxonomy":"product_brand","embeddable":true,"href":"https:\/\/vitablanca.ma\/ar\/wp-json\/wp\/v2\/product_brand?post=34930"},{"taxonomy":"product_cat","embeddable":true,"href":"https:\/\/vitablanca.ma\/ar\/wp-json\/wp\/v2\/product_cat?post=34930"},{"taxonomy":"product_tag","embeddable":true,"href":"https:\/\/vitablanca.ma\/ar\/wp-json\/wp\/v2\/product_tag?post=34930"}],"curies":[{"name":"wp","href":"https:\/\/api.w.org\/{rel}","templated":true}]}}