{"id":34914,"date":"2026-04-08T21:34:22","date_gmt":"2026-04-08T21:34:22","guid":{"rendered":"https:\/\/vitablanca.ma\/?post_type=product&#038;p=34914"},"modified":"2026-04-08T21:34:35","modified_gmt":"2026-04-08T21:34:35","slug":"solgar-b-complex-avec-formule-antistress-a-la-vitamine-c-100-comprimes","status":"publish","type":"product","link":"https:\/\/vitablanca.ma\/ar\/product-2\/solgar-b-complex-avec-formule-antistress-a-la-vitamine-c-100-comprimes\/","title":{"rendered":"Solgar B-Complex avec formule antistress \u00e0 la vitamine C, 100 comprim\u00e9s"},"content":{"rendered":"<p>Les vitamines du complexe B sont n\u00e9cessaires au m\u00e9tabolisme des glucides, des lipides et des prot\u00e9ines, qui transforment les aliments en \u00e9nergie.*<\/p>\n<p>Le complexe de vitamines B est n\u00e9cessaire pour le m\u00e9tabolisme des glucides, lipides et prot\u00e9ines qui transforment la nourriture en \u00e9nergie.<\/p>\n<p>M\u00e9tabolisme \u00e9nerg\u00e9tique, syst\u00e8me nerveux \/ soutien immunitaire<\/p>\n<p>\u0627\u0633\u062a\u0642\u0644\u0627\u0628 \u0627\u0644\u0637\u0627\u0642\u0629<\/p>\n<p>Syst\u00e8me nerveux \/ Support immunitaire<\/p>\n<p>\u062e\u0627\u0644\u064a \u0645\u0646 \u0627\u0644\u063a\u0644\u0648\u062a\u064a\u0646\u060c \u062e\u0627\u0644\u064a \u0645\u0646 \u0627\u0644\u0642\u0645\u062d\u060c \u062e\u0627\u0644\u064a \u0645\u0646 \u0627\u0644\u0644\u0627\u0643\u062a\u0648\u0632<\/p>\n<p>\u0645\u0646\u0627\u0633\u0628 \u0644\u0646\u0638\u0627\u0645 \u063a\u0630\u0627\u0626\u064a \u0646\u0628\u0627\u062a\u064a<\/p>\n<p>\u0645\u0646\u062a\u062c \u0645\u0639\u062a\u0645\u062f \u062e\u0627\u0644\u064d \u0645\u0646 \u0627\u0644\u063a\u0644\u0648\u062a\u064a\u0646<\/p>\n<p>\u0645\u0643\u0645\u0644 \u063a\u0630\u0627\u0626\u064a<\/p>","protected":false},"excerpt":{"rendered":"<p>Les vitamines du complexe B sont n\u00e9cessaires au m\u00e9tabolisme des glucides, des lipides et des prot\u00e9ines, qui transforment les aliments en \u00e9nergie.* Le complexe de vitamines B est n\u00e9cessaire pour le m\u00e9tabolisme des glucides, lipides et prot\u00e9ines qui transforment la nourriture en \u00e9nergie. M\u00e9tabolisme \u00e9nerg\u00e9tique, syst\u00e8me nerveux \/ soutien immunitaire M\u00e9tabolisme \u00e9nerg\u00e9tique Syst\u00e8me nerveux \/ [&hellip;]<\/p>\n","protected":false},"featured_media":34919,"template":"","meta":{"om_disable_all_campaigns":false},"product_brand":[42],"product_cat":[7965,130],"product_tag":[12033,1699,12035,181,12038,4268,12040,12039,768,12034,12037,1740,10756,12041,12042,226,12032,12031,12036,10749],"class_list":{"0":"post-34914","1":"product","2":"type-product","3":"status-publish","4":"has-post-thumbnail","6":"product_brand-solgar-prix-maroc","7":"product_cat-vitamine-b-2","8":"product_cat-vitamines","9":"product_tag-anti-stress-vitamines","10":"product_tag-bien-etre","11":"product_tag-boost-energie","12":"product_tag-complement-alimentaire","13":"product_tag-complement-antistress","14":"product_tag-complement-energie","15":"product_tag-complement-maroc","16":"product_tag-concentration-memoire","17":"product_tag-energie-naturelle","18":"product_tag-fatigue-et-stress","19":"product_tag-immunite-vitamine-c","20":"product_tag-sante-mentale","21":"product_tag-solgar-b-complex","22":"product_tag-stress-fatigue","23":"product_tag-support-nerveux","24":"product_tag-systeme-nerveux","25":"product_tag-vitamine-b-avec-vitamine-c","26":"product_tag-vitamine-b-complex","27":"product_tag-vitamines-b1-b2-b3-b6-b12","28":"product_tag-vitamines-groupe-b","30":"first","31":"instock","32":"taxable","33":"shipping-taxable","34":"purchasable","35":"product-type-simple"},"yoast_head":"<!-- This site is optimized with the Yoast SEO plugin v27.4 - https:\/\/yoast.com\/product\/yoast-seo-wordpress\/ -->\n<title>Solgar B-Complex , 100 comprim\u00e9s - Maroc Prix<\/title>\n<meta name=\"description\" content=\"Solgar B-Complex avec Vitamine C (100 comprim\u00e9s) \u2013 Formule antistress pour soutenir le syst\u00e8me nerveux, r\u00e9duire la fatigue et booster l\u2019\u00e9nergie.\" \/>\n<meta name=\"robots\" content=\"index, follow, max-snippet:-1, max-image-preview:large, max-video-preview:-1\" \/>\n<link rel=\"canonical\" href=\"https:\/\/vitablanca.ma\/ar\/product-2\/solgar-b-complex-avec-formule-antistress-a-la-vitamine-c-100-comprimes\/\" \/>\n<meta property=\"og:locale\" content=\"ar_AR\" \/>\n<meta property=\"og:type\" content=\"article\" \/>\n<meta property=\"og:title\" content=\"Solgar B-Complex , 100 comprim\u00e9s - Maroc Prix\" \/>\n<meta property=\"og:description\" content=\"Solgar B-Complex avec Vitamine C (100 comprim\u00e9s) \u2013 Formule antistress pour soutenir le syst\u00e8me nerveux, r\u00e9duire la fatigue et booster l\u2019\u00e9nergie.\" \/>\n<meta property=\"og:url\" content=\"https:\/\/vitablanca.ma\/ar\/product-2\/solgar-b-complex-avec-formule-antistress-a-la-vitamine-c-100-comprimes\/\" \/>\n<meta property=\"og:site_name\" content=\"Vitablanca.ma &ndash; Sant&eacute;, vitalit&eacute; et bien-&ecirc;tre pour tous les Marocains\" \/>\n<meta property=\"article:publisher\" content=\"https:\/\/www.facebook.com\/profile.php?id=61576678196717\" \/>\n<meta property=\"article:modified_time\" content=\"2026-04-08T21:34:35+00:00\" \/>\n<meta property=\"og:image\" content=\"https:\/\/vitablanca.ma\/wp-content\/uploads\/2026\/04\/solgar-b-complex-avec-formule-antistress-a-la-vitamine-c-100-comprimes-.jpg\" \/>\n\t<meta property=\"og:image:width\" content=\"680\" \/>\n\t<meta property=\"og:image:height\" content=\"680\" \/>\n\t<meta property=\"og:image:type\" content=\"image\/jpeg\" \/>\n<meta name=\"twitter:card\" content=\"summary_large_image\" \/>\n<meta name=\"twitter:label1\" content=\"\u0648\u0642\u062a \u0627\u0644\u0642\u0631\u0627\u0621\u0629 \u0627\u0644\u0645\u064f\u0642\u062f\u0651\u0631\" \/>\n\t<meta name=\"twitter:data1\" content=\"\u062f\u0642\u064a\u0642\u0629 \u0648\u0627\u062d\u062f\u0629\" \/>\n<script type=\"application\/ld+json\" class=\"yoast-schema-graph\">{\"@context\":\"https:\\\/\\\/schema.org\",\"@graph\":[{\"@type\":[\"WebPage\",\"ItemPage\"],\"@id\":\"https:\\\/\\\/vitablanca.ma\\\/produit\\\/solgar-b-complex-avec-formule-antistress-a-la-vitamine-c-100-comprimes\\\/\",\"url\":\"https:\\\/\\\/vitablanca.ma\\\/produit\\\/solgar-b-complex-avec-formule-antistress-a-la-vitamine-c-100-comprimes\\\/\",\"name\":\"Solgar B-Complex , 100 comprim\u00e9s - Maroc Prix\",\"isPartOf\":{\"@id\":\"https:\\\/\\\/vitablanca.ma\\\/#website\"},\"primaryImageOfPage\":{\"@id\":\"https:\\\/\\\/vitablanca.ma\\\/produit\\\/solgar-b-complex-avec-formule-antistress-a-la-vitamine-c-100-comprimes\\\/#primaryimage\"},\"image\":{\"@id\":\"https:\\\/\\\/vitablanca.ma\\\/produit\\\/solgar-b-complex-avec-formule-antistress-a-la-vitamine-c-100-comprimes\\\/#primaryimage\"},\"thumbnailUrl\":\"https:\\\/\\\/vitablanca.ma\\\/wp-content\\\/uploads\\\/2026\\\/04\\\/solgar-b-complex-avec-formule-antistress-a-la-vitamine-c-100-comprimes-.jpg\",\"datePublished\":\"2026-04-08T21:34:22+00:00\",\"dateModified\":\"2026-04-08T21:34:35+00:00\",\"description\":\"Solgar B-Complex avec Vitamine C (100 comprim\u00e9s) \u2013 Formule antistress pour soutenir le syst\u00e8me nerveux, r\u00e9duire la fatigue et booster l\u2019\u00e9nergie.\",\"breadcrumb\":{\"@id\":\"https:\\\/\\\/vitablanca.ma\\\/produit\\\/solgar-b-complex-avec-formule-antistress-a-la-vitamine-c-100-comprimes\\\/#breadcrumb\"},\"inLanguage\":\"ar\",\"potentialAction\":[{\"@type\":\"ReadAction\",\"target\":[\"https:\\\/\\\/vitablanca.ma\\\/produit\\\/solgar-b-complex-avec-formule-antistress-a-la-vitamine-c-100-comprimes\\\/\"]}]},{\"@type\":\"ImageObject\",\"inLanguage\":\"ar\",\"@id\":\"https:\\\/\\\/vitablanca.ma\\\/produit\\\/solgar-b-complex-avec-formule-antistress-a-la-vitamine-c-100-comprimes\\\/#primaryimage\",\"url\":\"https:\\\/\\\/vitablanca.ma\\\/wp-content\\\/uploads\\\/2026\\\/04\\\/solgar-b-complex-avec-formule-antistress-a-la-vitamine-c-100-comprimes-.jpg\",\"contentUrl\":\"https:\\\/\\\/vitablanca.ma\\\/wp-content\\\/uploads\\\/2026\\\/04\\\/solgar-b-complex-avec-formule-antistress-a-la-vitamine-c-100-comprimes-.jpg\",\"width\":680,\"height\":680},{\"@type\":\"BreadcrumbList\",\"@id\":\"https:\\\/\\\/vitablanca.ma\\\/produit\\\/solgar-b-complex-avec-formule-antistress-a-la-vitamine-c-100-comprimes\\\/#breadcrumb\",\"itemListElement\":[{\"@type\":\"ListItem\",\"position\":1,\"name\":\"Home\",\"item\":\"https:\\\/\\\/vitablanca.ma\\\/\"},{\"@type\":\"ListItem\",\"position\":2,\"name\":\"Tous Les Produits\",\"item\":\"https:\\\/\\\/vitablanca.ma\\\/tous-les-produits\\\/\"},{\"@type\":\"ListItem\",\"position\":3,\"name\":\"Solgar B-Complex avec formule antistress \u00e0 la vitamine C, 100 comprim\u00e9s\"}]},{\"@type\":\"WebSite\",\"@id\":\"https:\\\/\\\/vitablanca.ma\\\/#website\",\"url\":\"https:\\\/\\\/vitablanca.ma\\\/\",\"name\":\"VitaBlanca.ma | Compl\u00e9ments alimentaires, sant\u00e9 & beaut\u00e9 au Maroc\",\"description\":\"vendre vitamines et compl\u00e9ments premium des USA &amp; Canada, Nouvelle Z\u00e9lande,Maroc (NOW Foods, Solgar, Manuka). Livraison rapide partout au Maroc.\",\"publisher\":{\"@id\":\"https:\\\/\\\/vitablanca.ma\\\/#organization\"},\"alternateName\":\"VitaBlanca.ma\",\"potentialAction\":[{\"@type\":\"SearchAction\",\"target\":{\"@type\":\"EntryPoint\",\"urlTemplate\":\"https:\\\/\\\/vitablanca.ma\\\/?s={search_term_string}\"},\"query-input\":{\"@type\":\"PropertyValueSpecification\",\"valueRequired\":true,\"valueName\":\"search_term_string\"}}],\"inLanguage\":\"ar\"},{\"@type\":\"Organization\",\"@id\":\"https:\\\/\\\/vitablanca.ma\\\/#organization\",\"name\":\"VitaBlanca\",\"url\":\"https:\\\/\\\/vitablanca.ma\\\/\",\"logo\":{\"@type\":\"ImageObject\",\"inLanguage\":\"ar\",\"@id\":\"https:\\\/\\\/vitablanca.ma\\\/#\\\/schema\\\/logo\\\/image\\\/\",\"url\":\"https:\\\/\\\/vitablanca.ma\\\/wp-content\\\/uploads\\\/2025\\\/05\\\/cropped-vitablanca.png\",\"contentUrl\":\"https:\\\/\\\/vitablanca.ma\\\/wp-content\\\/uploads\\\/2025\\\/05\\\/cropped-vitablanca.png\",\"width\":360,\"height\":67,\"caption\":\"VitaBlanca\"},\"image\":{\"@id\":\"https:\\\/\\\/vitablanca.ma\\\/#\\\/schema\\\/logo\\\/image\\\/\"},\"sameAs\":[\"https:\\\/\\\/www.facebook.com\\\/profile.php?id=61576678196717\",\"https:\\\/\\\/www.tiktok.com\\\/@vitablanca.ma\",\"https:\\\/\\\/www.instagram.com\\\/vitablanca.ma\\\/\"]}]}<\/script>\n<!-- \/ Yoast SEO plugin. -->","yoast_head_json":{"title":"Solgar B-Complex , 100 comprim\u00e9s - Maroc Prix","description":"Solgar B-Complex avec Vitamine C (100 comprim\u00e9s) \u2013 Formule antistress pour soutenir le syst\u00e8me nerveux, r\u00e9duire la fatigue et booster l\u2019\u00e9nergie.","robots":{"index":"index","follow":"follow","max-snippet":"max-snippet:-1","max-image-preview":"max-image-preview:large","max-video-preview":"max-video-preview:-1"},"canonical":"https:\/\/vitablanca.ma\/ar\/product-2\/solgar-b-complex-avec-formule-antistress-a-la-vitamine-c-100-comprimes\/","og_locale":"ar_AR","og_type":"article","og_title":"Solgar B-Complex , 100 comprim\u00e9s - Maroc Prix","og_description":"Solgar B-Complex avec Vitamine C (100 comprim\u00e9s) \u2013 Formule antistress pour soutenir le syst\u00e8me nerveux, r\u00e9duire la fatigue et booster l\u2019\u00e9nergie.","og_url":"https:\/\/vitablanca.ma\/ar\/product-2\/solgar-b-complex-avec-formule-antistress-a-la-vitamine-c-100-comprimes\/","og_site_name":"Vitablanca.ma &ndash; Sant&eacute;, vitalit&eacute; et bien-&ecirc;tre pour tous les Marocains","article_publisher":"https:\/\/www.facebook.com\/profile.php?id=61576678196717","article_modified_time":"2026-04-08T21:34:35+00:00","og_image":[{"width":680,"height":680,"url":"https:\/\/vitablanca.ma\/wp-content\/uploads\/2026\/04\/solgar-b-complex-avec-formule-antistress-a-la-vitamine-c-100-comprimes-.jpg","type":"image\/jpeg"}],"twitter_card":"summary_large_image","twitter_misc":{"\u0648\u0642\u062a \u0627\u0644\u0642\u0631\u0627\u0621\u0629 \u0627\u0644\u0645\u064f\u0642\u062f\u0651\u0631":"\u062f\u0642\u064a\u0642\u0629 \u0648\u0627\u062d\u062f\u0629"},"schema":{"@context":"https:\/\/schema.org","@graph":[{"@type":["WebPage","ItemPage"],"@id":"https:\/\/vitablanca.ma\/produit\/solgar-b-complex-avec-formule-antistress-a-la-vitamine-c-100-comprimes\/","url":"https:\/\/vitablanca.ma\/produit\/solgar-b-complex-avec-formule-antistress-a-la-vitamine-c-100-comprimes\/","name":"Solgar B-Complex , 100 comprim\u00e9s - Maroc Prix","isPartOf":{"@id":"https:\/\/vitablanca.ma\/#website"},"primaryImageOfPage":{"@id":"https:\/\/vitablanca.ma\/produit\/solgar-b-complex-avec-formule-antistress-a-la-vitamine-c-100-comprimes\/#primaryimage"},"image":{"@id":"https:\/\/vitablanca.ma\/produit\/solgar-b-complex-avec-formule-antistress-a-la-vitamine-c-100-comprimes\/#primaryimage"},"thumbnailUrl":"https:\/\/vitablanca.ma\/wp-content\/uploads\/2026\/04\/solgar-b-complex-avec-formule-antistress-a-la-vitamine-c-100-comprimes-.jpg","datePublished":"2026-04-08T21:34:22+00:00","dateModified":"2026-04-08T21:34:35+00:00","description":"Solgar B-Complex avec Vitamine C (100 comprim\u00e9s) \u2013 Formule antistress pour soutenir le syst\u00e8me nerveux, r\u00e9duire la fatigue et booster l\u2019\u00e9nergie.","breadcrumb":{"@id":"https:\/\/vitablanca.ma\/produit\/solgar-b-complex-avec-formule-antistress-a-la-vitamine-c-100-comprimes\/#breadcrumb"},"inLanguage":"ar","potentialAction":[{"@type":"ReadAction","target":["https:\/\/vitablanca.ma\/produit\/solgar-b-complex-avec-formule-antistress-a-la-vitamine-c-100-comprimes\/"]}]},{"@type":"ImageObject","inLanguage":"ar","@id":"https:\/\/vitablanca.ma\/produit\/solgar-b-complex-avec-formule-antistress-a-la-vitamine-c-100-comprimes\/#primaryimage","url":"https:\/\/vitablanca.ma\/wp-content\/uploads\/2026\/04\/solgar-b-complex-avec-formule-antistress-a-la-vitamine-c-100-comprimes-.jpg","contentUrl":"https:\/\/vitablanca.ma\/wp-content\/uploads\/2026\/04\/solgar-b-complex-avec-formule-antistress-a-la-vitamine-c-100-comprimes-.jpg","width":680,"height":680},{"@type":"BreadcrumbList","@id":"https:\/\/vitablanca.ma\/produit\/solgar-b-complex-avec-formule-antistress-a-la-vitamine-c-100-comprimes\/#breadcrumb","itemListElement":[{"@type":"ListItem","position":1,"name":"Home","item":"https:\/\/vitablanca.ma\/"},{"@type":"ListItem","position":2,"name":"Tous Les Produits","item":"https:\/\/vitablanca.ma\/tous-les-produits\/"},{"@type":"ListItem","position":3,"name":"Solgar B-Complex avec formule antistress \u00e0 la vitamine C, 100 comprim\u00e9s"}]},{"@type":"WebSite","@id":"https:\/\/vitablanca.ma\/#website","url":"https:\/\/vitablanca.ma\/","name":"VitaBlanca.ma | \u0627\u0644\u0645\u0643\u0645\u0644\u0627\u062a \u0627\u0644\u063a\u0630\u0627\u0626\u064a\u0629\u060c \u0627\u0644\u0635\u062d\u0629 \u0648\u0627\u0644\u062c\u0645\u0627\u0644 \u0641\u064a \u0627\u0644\u0645\u063a\u0631\u0628","description":"\u0646\u0628\u064a\u0639 \u0641\u064a\u062a\u0627\u0645\u064a\u0646\u0627\u062a \u0648\u0645\u0643\u0645\u0644\u0627\u062a \u063a\u0630\u0627\u0626\u064a\u0629 \u0641\u0627\u062e\u0631\u0629 \u0645\u0646 \u0627\u0644\u0648\u0644\u0627\u064a\u0627\u062a \u0627\u0644\u0645\u062a\u062d\u062f\u0629 \u0627\u0644\u0623\u0645\u0631\u064a\u0643\u064a\u0629 \u0648\u0643\u0646\u062f\u0627 \u0648\u0646\u064a\u0648\u0632\u064a\u0644\u0646\u062f\u0627 \u0648\u0627\u0644\u0645\u063a\u0631\u0628 (\u0646\u0627\u0648 \u0641\u0648\u062f\u0632\u060c \u0633\u0648\u0644\u062c\u0627\u0631\u060c \u0645\u0627\u0646\u0648\u0643\u0627). \u062a\u0648\u0635\u064a\u0644 \u0633\u0631\u064a\u0639 \u0625\u0644\u0649 \u062c\u0645\u064a\u0639 \u0623\u0646\u062d\u0627\u0621 \u0627\u0644\u0645\u063a\u0631\u0628.","publisher":{"@id":"https:\/\/vitablanca.ma\/#organization"},"alternateName":"VitaBlanca.ma","potentialAction":[{"@type":"SearchAction","target":{"@type":"EntryPoint","urlTemplate":"https:\/\/vitablanca.ma\/?s={search_term_string}"},"query-input":{"@type":"PropertyValueSpecification","valueRequired":true,"valueName":"search_term_string"}}],"inLanguage":"ar"},{"@type":"Organization","@id":"https:\/\/vitablanca.ma\/#organization","name":"\u0641\u064a\u062a\u0627\u0628\u0644\u0627\u0646\u0643\u0627","url":"https:\/\/vitablanca.ma\/","logo":{"@type":"ImageObject","inLanguage":"ar","@id":"https:\/\/vitablanca.ma\/#\/schema\/logo\/image\/","url":"https:\/\/vitablanca.ma\/wp-content\/uploads\/2025\/05\/cropped-vitablanca.png","contentUrl":"https:\/\/vitablanca.ma\/wp-content\/uploads\/2025\/05\/cropped-vitablanca.png","width":360,"height":67,"caption":"VitaBlanca"},"image":{"@id":"https:\/\/vitablanca.ma\/#\/schema\/logo\/image\/"},"sameAs":["https:\/\/www.facebook.com\/profile.php?id=61576678196717","https:\/\/www.tiktok.com\/@vitablanca.ma","https:\/\/www.instagram.com\/vitablanca.ma\/"]}]}},"jetpack_sharing_enabled":true,"_links":{"self":[{"href":"https:\/\/vitablanca.ma\/ar\/wp-json\/wp\/v2\/product\/34914","targetHints":{"allow":["GET"]}}],"collection":[{"href":"https:\/\/vitablanca.ma\/ar\/wp-json\/wp\/v2\/product"}],"about":[{"href":"https:\/\/vitablanca.ma\/ar\/wp-json\/wp\/v2\/types\/product"}],"wp:featuredmedia":[{"embeddable":true,"href":"https:\/\/vitablanca.ma\/ar\/wp-json\/wp\/v2\/media\/34919"}],"wp:attachment":[{"href":"https:\/\/vitablanca.ma\/ar\/wp-json\/wp\/v2\/media?parent=34914"}],"wp:term":[{"taxonomy":"product_brand","embeddable":true,"href":"https:\/\/vitablanca.ma\/ar\/wp-json\/wp\/v2\/product_brand?post=34914"},{"taxonomy":"product_cat","embeddable":true,"href":"https:\/\/vitablanca.ma\/ar\/wp-json\/wp\/v2\/product_cat?post=34914"},{"taxonomy":"product_tag","embeddable":true,"href":"https:\/\/vitablanca.ma\/ar\/wp-json\/wp\/v2\/product_tag?post=34914"}],"curies":[{"name":"wp","href":"https:\/\/api.w.org\/{rel}","templated":true}]}}