{"id":34467,"date":"2026-03-23T23:05:54","date_gmt":"2026-03-23T23:05:54","guid":{"rendered":"https:\/\/vitablanca.ma\/?post_type=product&#038;p=34467"},"modified":"2026-03-28T17:51:49","modified_gmt":"2026-03-28T17:51:49","slug":"21st-century-complexe-de-vitamine-b-avec-vitamine-c-100-comprimes-maroc-prix","status":"publish","type":"product","link":"https:\/\/vitablanca.ma\/ar\/product-2\/21st-century-complexe-de-vitamine-b-avec-vitamine-c-100-comprimes-maroc-prix\/","title":{"rendered":"21st Century, Complexe de vitamine B avec vitamine C, 100 comprim\u00e9s"},"content":{"rendered":"<div class=\"row item-row\">\n<div class=\"col-xs-24\">\n<div>\n<p>Les vitamines\u00a0B d\u00e9pendent les unes des autres et ont des fonctions identiques\u00a0; elles aident \u00e0 convertir les aliments en \u00e9nergie et \u00e0 entretenir le syst\u00e8me nerveux et les tissus corporels.<\/p>\n<\/div>\n<\/div>\n<\/div>\n<div class=\"row item-row\">\n<div class=\"col-xs-24\">\n<h3><strong>Usage sugg\u00e9r\u00e9<\/strong><\/h3>\n<div class=\"prodOverviewDetail\">\n<p>En tant que compl\u00e9ment vitamin\u00e9 chez l\u2019adulte, prenez un (1) comprim\u00e9 par jour au cours d\u2019un repas ou tel que prescrit par un professionnel de la sant\u00e9. Ne d\u00e9passez pas la dose recommand\u00e9e.<\/p>\n<\/div>\n<\/div>\n<\/div>\n<div class=\"row item-row\">\n<div class=\"col-xs-24\">\n<h3><strong>Autres ingr\u00e9dients<\/strong><\/h3>\n<div class=\"prodOverviewIngred\">\n<p>Cellulose, croscarmellose sodique, acide st\u00e9arique. Contient < 2 % de : gomme d\u2019acacia, silicate de magn\u00e9sium, st\u00e9arate de magn\u00e9sium, poly\u00e9thyl\u00e8ne glycol, alcool polyvinylique, silice, dioxyde de titane.<\/p>\n<p>Sans sucre ajout\u00e9, levure, conservateurs ou ar\u00f4mes artificiels.<\/p>\n<\/div>\n<\/div>\n<\/div>\n<div class=\"row item-row\">\n<div class=\"col-xs-24\">\n<h3><strong>Avertissements<\/strong><\/h3>\n<div class=\"prodOverviewDetail\">\n<p>Les r\u00e9sultats individuels peuvent varier.<\/p>\n<p>Consulter un professionnel de la sant\u00e9 avant d\u2019en faire l\u2019usage si vous \u00eates enceinte, si vous allaitez, si vous prenez des m\u00e9dicaments, si vous souffrez d\u2019un probl\u00e8me de sant\u00e9 ou si vous pr\u00e9voyez une intervention m\u00e9dicale. Cessez l\u2019utilisation et contactez un m\u00e9decin en cas d\u2019effets ind\u00e9sirables.<\/p>\n<p>Tenir hors de port\u00e9e des enfants. Ne pas utiliser si le produit semble avoir \u00e9t\u00e9 alt\u00e9r\u00e9 ou si le sceau est bris\u00e9. Conserver \u00e0 temp\u00e9rature ambiante.<\/p>\n<table border=\"1\" width=\"100%\" cellspacing=\"0\" cellpadding=\"3\">\n<tbody>\n<tr valign=\"top\">\n<td colspan=\"3\"><strong>Propri\u00e9t\u00e9s<\/strong><\/td>\n<\/tr>\n<tr valign=\"top\">\n<td colspan=\"3\"><strong>Portion\u00a0:<\/strong>\u00a01\u00a0comprim\u00e9<\/td>\n<\/tr>\n<tr valign=\"top\" data-id=\"froala_329\">\n<td width=\"70%\"><\/td>\n<td width=\"15%\"><strong>Quantit\u00e9 par portion<\/strong><\/td>\n<td width=\"15%\"><strong>%\u00a0d\u2019apport journalier<\/strong><\/td>\n<\/tr>\n<tr valign=\"top\" data-id=\"froala_330\">\n<td>Vitamine\u00a0C (sous forme d\u2019acide ascorbique)<\/td>\n<td>300\u00a0mg<\/td>\n<td>333\u00a0%<\/td>\n<\/tr>\n<tr valign=\"top\" data-id=\"froala_331\">\n<td>Thiamine (sous forme de mononitrate de thiamine [vitamine\u00a0B1])<\/td>\n<td>15\u00a0mg<\/td>\n<td>1250\u00a0%<\/td>\n<\/tr>\n<tr valign=\"top\" data-id=\"froala_332\">\n<td>Riboflavine (vitamine\u00a0B2)<\/td>\n<td>14,3\u00a0mg<\/td>\n<td>1100\u00a0%<\/td>\n<\/tr>\n<tr valign=\"top\" data-id=\"froala_333\">\n<td>Niacine (sous forme de nicotinamide)<\/td>\n<td>50\u00a0mg<\/td>\n<td>313\u00a0%<\/td>\n<\/tr>\n<tr valign=\"top\" data-id=\"froala_334\">\n<td>Vitamine\u00a0B6 (sous forme de chlorhydrate de pyridoxine)<\/td>\n<td>5\u00a0mg<\/td>\n<td>294\u00a0%<\/td>\n<\/tr>\n<tr valign=\"top\" data-id=\"froala_335\">\n<td>Acide pantoth\u00e9nique (sous forme de D-pantoth\u00e9nate de calcium)<\/td>\n<td>10\u00a0mg<\/td>\n<td>200\u00a0%<\/td>\n<\/tr>\n<tr valign=\"top\" data-id=\"froala_336\">\n<td class=\"fr-selected-cell\">Calcium (sous forme de carbonate de calcium et de phosphate dicalcique)<\/td>\n<td>175\u00a0mg<\/td>\n<td>13\u00a0%<\/td>\n<\/tr>\n<\/tbody>\n<\/table>\n<\/div>\n<\/div>\n<\/div>\n","protected":false},"excerpt":{"rendered":"<ul>\n<li>Soutien \u00e9nerg\u00e9tique<\/li>\n<li>Compl\u00e9ment vitamin\u00e9<\/li>\n<li>\u062e\u0627\u0644\u064a \u0645\u0646 \u0627\u0644\u063a\u0644\u0648\u062a\u064a\u0646<\/li>\n<li>\u062e\u0627\u0644\u064a\u0629 \u0645\u0646 \u0627\u0644\u0643\u0627\u0626\u0646\u0627\u062a \u0627\u0644\u0645\u0639\u062f\u0644\u0629 \u0648\u0631\u0627\u062b\u064a\u064b\u0627<\/li>\n<li>\u0645\u0646\u0627\u0633\u0628 \u0644\u0644\u0646\u0628\u0627\u062a\u064a\u064a\u0646<\/li>\n<li>Qualit\u00e9 garantie &#8211; Produit test\u00e9 en laboratoire<\/li>\n<li>Qualit\u00e9 de confiance depuis plus de 30\u00a0ans<\/li>\n<\/ul>","protected":false},"featured_media":34468,"template":"","meta":{"om_disable_all_campaigns":false},"product_brand":[83],"product_cat":[9587,18,8967,3366,9040,7965,7977,7963],"product_tag":[11781,7000,181,11997,398,3492,1029,226,470,183],"class_list":{"0":"post-34467","1":"product","2":"type-product","3":"status-publish","4":"has-post-thumbnail","6":"product_brand-now-foods-maroc-prix","7":"product_cat-acide-ascorbique","8":"product_cat-beaute-sante","9":"product_cat-complements","10":"product_cat-complements-alimentaires-au-maroc-vitablanca","11":"product_cat-complexe-de-vitamines-b","12":"product_cat-vitamine-b-2","13":"product_cat-vitamine-c-2","14":"product_cat-vitamines-2","15":"product_tag-100-comprimes","16":"product_tag-21st-century","17":"product_tag-complement-alimentaire","18":"product_tag-complexe-vitamines-b","19":"product_tag-energie","20":"product_tag-maroc","21":"product_tag-systeme-immunitaire","22":"product_tag-systeme-nerveux","23":"product_tag-vitamine-c","24":"product_tag-vitamines","26":"first","27":"instock","28":"sale","29":"taxable","30":"shipping-taxable","31":"purchasable","32":"product-type-simple"},"yoast_head":"<!-- This site is optimized with the Yoast SEO plugin v27.5 - https:\/\/yoast.com\/product\/yoast-seo-wordpress\/ -->\n<title>21st Century Complexe Vitamines B + C 100 Caps \u2013 Maroc Prix<\/title>\n<meta name=\"description\" content=\"21st Century Complexe vitamines B avec vitamine C, 100 comprim\u00e9s. Soutient l\u2019\u00e9nergie, le syst\u00e8me nerveux et l\u2019immunit\u00e9 au quotidien. Disponible au Maroc.\" \/>\n<meta name=\"robots\" content=\"index, follow, max-snippet:-1, max-image-preview:large, max-video-preview:-1\" \/>\n<link rel=\"canonical\" href=\"https:\/\/vitablanca.ma\/ar\/product-2\/21st-century-complexe-de-vitamine-b-avec-vitamine-c-100-comprimes-maroc-prix\/\" \/>\n<meta property=\"og:locale\" content=\"ar_AR\" \/>\n<meta property=\"og:type\" content=\"article\" \/>\n<meta property=\"og:title\" content=\"21st Century Complexe Vitamines B + C 100 Caps \u2013 Maroc Prix\" \/>\n<meta property=\"og:description\" content=\"21st Century Complexe vitamines B avec vitamine C, 100 comprim\u00e9s. Soutient l\u2019\u00e9nergie, le syst\u00e8me nerveux et l\u2019immunit\u00e9 au quotidien. Disponible au Maroc.\" \/>\n<meta property=\"og:url\" content=\"https:\/\/vitablanca.ma\/ar\/product-2\/21st-century-complexe-de-vitamine-b-avec-vitamine-c-100-comprimes-maroc-prix\/\" \/>\n<meta property=\"og:site_name\" content=\"Vitablanca.ma &ndash; Sant&eacute;, vitalit&eacute; et bien-&ecirc;tre pour tous les Marocains\" \/>\n<meta property=\"article:publisher\" content=\"https:\/\/www.facebook.com\/profile.php?id=61576678196717\" \/>\n<meta property=\"article:modified_time\" content=\"2026-03-28T17:51:49+00:00\" \/>\n<meta property=\"og:image\" content=\"https:\/\/vitablanca.ma\/wp-content\/uploads\/2026\/03\/21st-Century-Complexe-de-vitamine-B-avec-vitamine-C-100-comprimes1.jpg\" \/>\n\t<meta property=\"og:image:width\" content=\"1600\" \/>\n\t<meta property=\"og:image:height\" content=\"1600\" \/>\n\t<meta property=\"og:image:type\" content=\"image\/jpeg\" \/>\n<meta name=\"twitter:card\" content=\"summary_large_image\" \/>\n<meta name=\"twitter:label1\" content=\"\u0648\u0642\u062a \u0627\u0644\u0642\u0631\u0627\u0621\u0629 \u0627\u0644\u0645\u064f\u0642\u062f\u0651\u0631\" \/>\n\t<meta name=\"twitter:data1\" content=\"\u062f\u0642\u064a\u0642\u062a\u0627\u0646\" \/>\n<script type=\"application\/ld+json\" class=\"yoast-schema-graph\">{\"@context\":\"https:\\\/\\\/schema.org\",\"@graph\":[{\"@type\":[\"WebPage\",\"ItemPage\"],\"@id\":\"https:\\\/\\\/vitablanca.ma\\\/produit\\\/21st-century-complexe-de-vitamine-b-avec-vitamine-c-100-comprimes-maroc-prix\\\/\",\"url\":\"https:\\\/\\\/vitablanca.ma\\\/produit\\\/21st-century-complexe-de-vitamine-b-avec-vitamine-c-100-comprimes-maroc-prix\\\/\",\"name\":\"21st Century Complexe Vitamines B + C 100 Caps \u2013 Maroc Prix\",\"isPartOf\":{\"@id\":\"https:\\\/\\\/vitablanca.ma\\\/#website\"},\"primaryImageOfPage\":{\"@id\":\"https:\\\/\\\/vitablanca.ma\\\/produit\\\/21st-century-complexe-de-vitamine-b-avec-vitamine-c-100-comprimes-maroc-prix\\\/#primaryimage\"},\"image\":{\"@id\":\"https:\\\/\\\/vitablanca.ma\\\/produit\\\/21st-century-complexe-de-vitamine-b-avec-vitamine-c-100-comprimes-maroc-prix\\\/#primaryimage\"},\"thumbnailUrl\":\"https:\\\/\\\/vitablanca.ma\\\/wp-content\\\/uploads\\\/2026\\\/03\\\/21st-Century-Complexe-de-vitamine-B-avec-vitamine-C-100-comprimes1.jpg\",\"datePublished\":\"2026-03-23T23:05:54+00:00\",\"dateModified\":\"2026-03-28T17:51:49+00:00\",\"description\":\"21st Century Complexe vitamines B avec vitamine C, 100 comprim\u00e9s. Soutient l\u2019\u00e9nergie, le syst\u00e8me nerveux et l\u2019immunit\u00e9 au quotidien. Disponible au Maroc.\",\"breadcrumb\":{\"@id\":\"https:\\\/\\\/vitablanca.ma\\\/produit\\\/21st-century-complexe-de-vitamine-b-avec-vitamine-c-100-comprimes-maroc-prix\\\/#breadcrumb\"},\"inLanguage\":\"ar\",\"potentialAction\":[{\"@type\":\"ReadAction\",\"target\":[\"https:\\\/\\\/vitablanca.ma\\\/produit\\\/21st-century-complexe-de-vitamine-b-avec-vitamine-c-100-comprimes-maroc-prix\\\/\"]}]},{\"@type\":\"ImageObject\",\"inLanguage\":\"ar\",\"@id\":\"https:\\\/\\\/vitablanca.ma\\\/produit\\\/21st-century-complexe-de-vitamine-b-avec-vitamine-c-100-comprimes-maroc-prix\\\/#primaryimage\",\"url\":\"https:\\\/\\\/vitablanca.ma\\\/wp-content\\\/uploads\\\/2026\\\/03\\\/21st-Century-Complexe-de-vitamine-B-avec-vitamine-C-100-comprimes1.jpg\",\"contentUrl\":\"https:\\\/\\\/vitablanca.ma\\\/wp-content\\\/uploads\\\/2026\\\/03\\\/21st-Century-Complexe-de-vitamine-B-avec-vitamine-C-100-comprimes1.jpg\",\"width\":1600,\"height\":1600},{\"@type\":\"BreadcrumbList\",\"@id\":\"https:\\\/\\\/vitablanca.ma\\\/produit\\\/21st-century-complexe-de-vitamine-b-avec-vitamine-c-100-comprimes-maroc-prix\\\/#breadcrumb\",\"itemListElement\":[{\"@type\":\"ListItem\",\"position\":1,\"name\":\"Home\",\"item\":\"https:\\\/\\\/vitablanca.ma\\\/\"},{\"@type\":\"ListItem\",\"position\":2,\"name\":\"Tous Les Produits\",\"item\":\"https:\\\/\\\/vitablanca.ma\\\/tous-les-produits\\\/\"},{\"@type\":\"ListItem\",\"position\":3,\"name\":\"21st Century, Complexe de vitamine B avec vitamine C, 100 comprim\u00e9s\"}]},{\"@type\":\"WebSite\",\"@id\":\"https:\\\/\\\/vitablanca.ma\\\/#website\",\"url\":\"https:\\\/\\\/vitablanca.ma\\\/\",\"name\":\"VitaBlanca.ma | Compl\u00e9ments alimentaires, sant\u00e9 & beaut\u00e9 au Maroc\",\"description\":\"vendre vitamines et compl\u00e9ments premium des USA &amp; Canada, Nouvelle Z\u00e9lande,Maroc (NOW Foods, Solgar, Manuka). Livraison rapide partout au Maroc.\",\"publisher\":{\"@id\":\"https:\\\/\\\/vitablanca.ma\\\/#organization\"},\"alternateName\":\"VitaBlanca.ma\",\"potentialAction\":[{\"@type\":\"SearchAction\",\"target\":{\"@type\":\"EntryPoint\",\"urlTemplate\":\"https:\\\/\\\/vitablanca.ma\\\/?s={search_term_string}\"},\"query-input\":{\"@type\":\"PropertyValueSpecification\",\"valueRequired\":true,\"valueName\":\"search_term_string\"}}],\"inLanguage\":\"ar\"},{\"@type\":\"Organization\",\"@id\":\"https:\\\/\\\/vitablanca.ma\\\/#organization\",\"name\":\"VitaBlanca\",\"url\":\"https:\\\/\\\/vitablanca.ma\\\/\",\"logo\":{\"@type\":\"ImageObject\",\"inLanguage\":\"ar\",\"@id\":\"https:\\\/\\\/vitablanca.ma\\\/#\\\/schema\\\/logo\\\/image\\\/\",\"url\":\"https:\\\/\\\/vitablanca.ma\\\/wp-content\\\/uploads\\\/2025\\\/05\\\/cropped-vitablanca.png\",\"contentUrl\":\"https:\\\/\\\/vitablanca.ma\\\/wp-content\\\/uploads\\\/2025\\\/05\\\/cropped-vitablanca.png\",\"width\":360,\"height\":67,\"caption\":\"VitaBlanca\"},\"image\":{\"@id\":\"https:\\\/\\\/vitablanca.ma\\\/#\\\/schema\\\/logo\\\/image\\\/\"},\"sameAs\":[\"https:\\\/\\\/www.facebook.com\\\/profile.php?id=61576678196717\",\"https:\\\/\\\/www.tiktok.com\\\/@vitablanca.ma\",\"https:\\\/\\\/www.instagram.com\\\/vitablanca.ma\\\/\"]}]}<\/script>\n<!-- \/ Yoast SEO plugin. -->","yoast_head_json":{"title":"21st Century Complexe Vitamines B + C 100 Caps \u2013 Maroc Prix","description":"21st Century Complexe vitamines B avec vitamine C, 100 comprim\u00e9s. Soutient l\u2019\u00e9nergie, le syst\u00e8me nerveux et l\u2019immunit\u00e9 au quotidien. Disponible au Maroc.","robots":{"index":"index","follow":"follow","max-snippet":"max-snippet:-1","max-image-preview":"max-image-preview:large","max-video-preview":"max-video-preview:-1"},"canonical":"https:\/\/vitablanca.ma\/ar\/product-2\/21st-century-complexe-de-vitamine-b-avec-vitamine-c-100-comprimes-maroc-prix\/","og_locale":"ar_AR","og_type":"article","og_title":"21st Century Complexe Vitamines B + C 100 Caps \u2013 Maroc Prix","og_description":"21st Century Complexe vitamines B avec vitamine C, 100 comprim\u00e9s. Soutient l\u2019\u00e9nergie, le syst\u00e8me nerveux et l\u2019immunit\u00e9 au quotidien. Disponible au Maroc.","og_url":"https:\/\/vitablanca.ma\/ar\/product-2\/21st-century-complexe-de-vitamine-b-avec-vitamine-c-100-comprimes-maroc-prix\/","og_site_name":"Vitablanca.ma &ndash; Sant&eacute;, vitalit&eacute; et bien-&ecirc;tre pour tous les Marocains","article_publisher":"https:\/\/www.facebook.com\/profile.php?id=61576678196717","article_modified_time":"2026-03-28T17:51:49+00:00","og_image":[{"width":1600,"height":1600,"url":"https:\/\/vitablanca.ma\/wp-content\/uploads\/2026\/03\/21st-Century-Complexe-de-vitamine-B-avec-vitamine-C-100-comprimes1.jpg","type":"image\/jpeg"}],"twitter_card":"summary_large_image","twitter_misc":{"\u0648\u0642\u062a \u0627\u0644\u0642\u0631\u0627\u0621\u0629 \u0627\u0644\u0645\u064f\u0642\u062f\u0651\u0631":"\u062f\u0642\u064a\u0642\u062a\u0627\u0646"},"schema":{"@context":"https:\/\/schema.org","@graph":[{"@type":["WebPage","ItemPage"],"@id":"https:\/\/vitablanca.ma\/produit\/21st-century-complexe-de-vitamine-b-avec-vitamine-c-100-comprimes-maroc-prix\/","url":"https:\/\/vitablanca.ma\/produit\/21st-century-complexe-de-vitamine-b-avec-vitamine-c-100-comprimes-maroc-prix\/","name":"21st Century Complexe Vitamines B + C 100 Caps \u2013 Maroc Prix","isPartOf":{"@id":"https:\/\/vitablanca.ma\/#website"},"primaryImageOfPage":{"@id":"https:\/\/vitablanca.ma\/produit\/21st-century-complexe-de-vitamine-b-avec-vitamine-c-100-comprimes-maroc-prix\/#primaryimage"},"image":{"@id":"https:\/\/vitablanca.ma\/produit\/21st-century-complexe-de-vitamine-b-avec-vitamine-c-100-comprimes-maroc-prix\/#primaryimage"},"thumbnailUrl":"https:\/\/vitablanca.ma\/wp-content\/uploads\/2026\/03\/21st-Century-Complexe-de-vitamine-B-avec-vitamine-C-100-comprimes1.jpg","datePublished":"2026-03-23T23:05:54+00:00","dateModified":"2026-03-28T17:51:49+00:00","description":"21st Century Complexe vitamines B avec vitamine C, 100 comprim\u00e9s. Soutient l\u2019\u00e9nergie, le syst\u00e8me nerveux et l\u2019immunit\u00e9 au quotidien. Disponible au Maroc.","breadcrumb":{"@id":"https:\/\/vitablanca.ma\/produit\/21st-century-complexe-de-vitamine-b-avec-vitamine-c-100-comprimes-maroc-prix\/#breadcrumb"},"inLanguage":"ar","potentialAction":[{"@type":"ReadAction","target":["https:\/\/vitablanca.ma\/produit\/21st-century-complexe-de-vitamine-b-avec-vitamine-c-100-comprimes-maroc-prix\/"]}]},{"@type":"ImageObject","inLanguage":"ar","@id":"https:\/\/vitablanca.ma\/produit\/21st-century-complexe-de-vitamine-b-avec-vitamine-c-100-comprimes-maroc-prix\/#primaryimage","url":"https:\/\/vitablanca.ma\/wp-content\/uploads\/2026\/03\/21st-Century-Complexe-de-vitamine-B-avec-vitamine-C-100-comprimes1.jpg","contentUrl":"https:\/\/vitablanca.ma\/wp-content\/uploads\/2026\/03\/21st-Century-Complexe-de-vitamine-B-avec-vitamine-C-100-comprimes1.jpg","width":1600,"height":1600},{"@type":"BreadcrumbList","@id":"https:\/\/vitablanca.ma\/produit\/21st-century-complexe-de-vitamine-b-avec-vitamine-c-100-comprimes-maroc-prix\/#breadcrumb","itemListElement":[{"@type":"ListItem","position":1,"name":"Home","item":"https:\/\/vitablanca.ma\/"},{"@type":"ListItem","position":2,"name":"Tous Les Produits","item":"https:\/\/vitablanca.ma\/tous-les-produits\/"},{"@type":"ListItem","position":3,"name":"21st Century, Complexe de vitamine B avec vitamine C, 100 comprim\u00e9s"}]},{"@type":"WebSite","@id":"https:\/\/vitablanca.ma\/#website","url":"https:\/\/vitablanca.ma\/","name":"VitaBlanca.ma | \u0627\u0644\u0645\u0643\u0645\u0644\u0627\u062a \u0627\u0644\u063a\u0630\u0627\u0626\u064a\u0629\u060c \u0627\u0644\u0635\u062d\u0629 \u0648\u0627\u0644\u062c\u0645\u0627\u0644 \u0641\u064a \u0627\u0644\u0645\u063a\u0631\u0628","description":"\u0646\u0628\u064a\u0639 \u0641\u064a\u062a\u0627\u0645\u064a\u0646\u0627\u062a \u0648\u0645\u0643\u0645\u0644\u0627\u062a \u063a\u0630\u0627\u0626\u064a\u0629 \u0641\u0627\u062e\u0631\u0629 \u0645\u0646 \u0627\u0644\u0648\u0644\u0627\u064a\u0627\u062a \u0627\u0644\u0645\u062a\u062d\u062f\u0629 \u0627\u0644\u0623\u0645\u0631\u064a\u0643\u064a\u0629 \u0648\u0643\u0646\u062f\u0627 \u0648\u0646\u064a\u0648\u0632\u064a\u0644\u0646\u062f\u0627 \u0648\u0627\u0644\u0645\u063a\u0631\u0628 (\u0646\u0627\u0648 \u0641\u0648\u062f\u0632\u060c \u0633\u0648\u0644\u062c\u0627\u0631\u060c \u0645\u0627\u0646\u0648\u0643\u0627). \u062a\u0648\u0635\u064a\u0644 \u0633\u0631\u064a\u0639 \u0625\u0644\u0649 \u062c\u0645\u064a\u0639 \u0623\u0646\u062d\u0627\u0621 \u0627\u0644\u0645\u063a\u0631\u0628.","publisher":{"@id":"https:\/\/vitablanca.ma\/#organization"},"alternateName":"VitaBlanca.ma","potentialAction":[{"@type":"SearchAction","target":{"@type":"EntryPoint","urlTemplate":"https:\/\/vitablanca.ma\/?s={search_term_string}"},"query-input":{"@type":"PropertyValueSpecification","valueRequired":true,"valueName":"search_term_string"}}],"inLanguage":"ar"},{"@type":"Organization","@id":"https:\/\/vitablanca.ma\/#organization","name":"\u0641\u064a\u062a\u0627\u0628\u0644\u0627\u0646\u0643\u0627","url":"https:\/\/vitablanca.ma\/","logo":{"@type":"ImageObject","inLanguage":"ar","@id":"https:\/\/vitablanca.ma\/#\/schema\/logo\/image\/","url":"https:\/\/vitablanca.ma\/wp-content\/uploads\/2025\/05\/cropped-vitablanca.png","contentUrl":"https:\/\/vitablanca.ma\/wp-content\/uploads\/2025\/05\/cropped-vitablanca.png","width":360,"height":67,"caption":"VitaBlanca"},"image":{"@id":"https:\/\/vitablanca.ma\/#\/schema\/logo\/image\/"},"sameAs":["https:\/\/www.facebook.com\/profile.php?id=61576678196717","https:\/\/www.tiktok.com\/@vitablanca.ma","https:\/\/www.instagram.com\/vitablanca.ma\/"]}]}},"jetpack_sharing_enabled":true,"_links":{"self":[{"href":"https:\/\/vitablanca.ma\/ar\/wp-json\/wp\/v2\/product\/34467","targetHints":{"allow":["GET"]}}],"collection":[{"href":"https:\/\/vitablanca.ma\/ar\/wp-json\/wp\/v2\/product"}],"about":[{"href":"https:\/\/vitablanca.ma\/ar\/wp-json\/wp\/v2\/types\/product"}],"wp:featuredmedia":[{"embeddable":true,"href":"https:\/\/vitablanca.ma\/ar\/wp-json\/wp\/v2\/media\/34468"}],"wp:attachment":[{"href":"https:\/\/vitablanca.ma\/ar\/wp-json\/wp\/v2\/media?parent=34467"}],"wp:term":[{"taxonomy":"product_brand","embeddable":true,"href":"https:\/\/vitablanca.ma\/ar\/wp-json\/wp\/v2\/product_brand?post=34467"},{"taxonomy":"product_cat","embeddable":true,"href":"https:\/\/vitablanca.ma\/ar\/wp-json\/wp\/v2\/product_cat?post=34467"},{"taxonomy":"product_tag","embeddable":true,"href":"https:\/\/vitablanca.ma\/ar\/wp-json\/wp\/v2\/product_tag?post=34467"}],"curies":[{"name":"wp","href":"https:\/\/api.w.org\/{rel}","templated":true}]}}