{"id":34325,"date":"2026-03-18T15:17:27","date_gmt":"2026-03-18T15:17:27","guid":{"rendered":"https:\/\/vitablanca.ma\/?post_type=product&#038;p=34325"},"modified":"2026-03-28T17:51:50","modified_gmt":"2026-03-28T17:51:50","slug":"mason-natural-vitamine-k2-100-comprimes-maroc-prix","status":"publish","type":"product","link":"https:\/\/vitablanca.ma\/ar\/product-2\/mason-natural-vitamine-k2-100-comprimes-maroc-prix\/","title":{"rendered":"Mason Natural, Vitamine K2, 100 comprim\u00e9s"},"content":{"rendered":"<div class=\"row item-row\">\n<div class=\"col-xs-24\">\n<div>\n<p>Vous vous demandez probablement en quoi les lipides peuvent \u00eatre importants pour la sant\u00e9 des os. Il s\u2019av\u00e8re que certaines vitamines essentielles sont liposolubles, ce qui signifie qu\u2019elles n\u00e9cessitent des graisses pour \u00eatre correctement absorb\u00e9es et utilis\u00e9es dans le corps. La vitamine\u00a0K2 liposoluble est tr\u00e8s utile pour la sant\u00e9 et la formation des os. La vitamine\u00a0K2 peut aider \u00e0 renforcer la liaison du calcium \u00e0 la matrice osseuse, ce qui favorise une densit\u00e9 et une r\u00e9sistance osseuses saines. La vitamine\u00a0K2 offre ces bienfaits en soutenant des taux naturels et sains d\u2019ost\u00e9ocalcine, une hormone importante pour la formation des os.<\/p>\n<\/div>\n<\/div>\n<\/div>\n<div class=\"row item-row\">\n<div class=\"col-xs-24\">\n<h3><strong>Usage sugg\u00e9r\u00e9<\/strong><\/h3>\n<div class=\"prodOverviewDetail\">\n<p>En compl\u00e9ment alimentaire chez l\u2019adulte, prenez un\u00a0comprim\u00e9 par jour, de pr\u00e9f\u00e9rence au moment du repas.<\/p>\n<\/div>\n<\/div>\n<\/div>\n<div class=\"row item-row\">\n<div class=\"col-xs-24\">\n<h3><strong>Autres ingr\u00e9dients<\/strong><\/h3>\n<div class=\"prodOverviewIngred\">\n<p>Cellulose microcristalline, acide st\u00e9arique, croscarmellose sodique, st\u00e9arate de magn\u00e9sium v\u00e9g\u00e9tal, dioxyde de silicium, acacia, amidon de ma\u00efs.<\/p>\n<p>Garanti sans\u00a0: sucre, levure, soja, bl\u00e9, produits laitiers, poisson, fruits \u00e0 coque, arachides, \u0153ufs, parfum, colorants ou ar\u00f4mes artificiels, conservateurs, produits d\u2019origine animale, ni crustac\u00e9s.<\/p>\n<\/div>\n<\/div>\n<\/div>\n<div class=\"row item-row\">\n<div class=\"col-xs-24\">\n<h3><strong>Avertissements<\/strong><\/h3>\n<div class=\"prodOverviewDetail\">\n<p>Ne prenez pas de vitamine K si vous souffrez de l\u00e9sions h\u00e9patiques\/r\u00e9nales ou si vous prenez des anticoagulants tels que l\u2019aspirine, l\u2019h\u00e9parine et le Coumadin\u00ae.<\/p>\n<p>Si vous \u00eates enceinte, allaitez, suivez un traitement m\u00e9dical ou souffrez d\u2019une affection m\u00e9dicale, consultez votre m\u00e9decin avant d\u2019utiliser ce produit. Cesser l\u2019utilisation et consulter un m\u00e9decin en cas de r\u00e9actions ind\u00e9sirables.<\/p>\n<p>Tenir hors de port\u00e9e des enfants.<\/p>\n<p>Opercule de protection\u00a0: ne pas utiliser le produit si l\u2019opercule semble alt\u00e9r\u00e9.<\/p>\n<p>Conserver dans un endroit sec, \u00e0 temp\u00e9rature ambiante contr\u00f4l\u00e9e\u00a0: 20 \u00b0C ET 25 \u00b0C.<\/p>\n<table border=\"1\" width=\"100%\" cellspacing=\"0\" cellpadding=\"3\">\n<tbody>\n<tr align=\"left\" valign=\"top\">\n<td colspan=\"3\"><strong>Propri\u00e9t\u00e9s<\/strong><\/td>\n<\/tr>\n<tr align=\"left\" valign=\"top\">\n<td colspan=\"3\"><strong>Portion\u00a0:\u00a0<\/strong>1\u00a0comprim\u00e9<\/td>\n<\/tr>\n<tr align=\"left\" valign=\"top\">\n<td colspan=\"3\"><strong>Portions par contenant\u00a0:<\/strong>\u00a0100<\/td>\n<\/tr>\n<tr align=\"left\" valign=\"top\">\n<td width=\"70%\"><\/td>\n<td width=\"15%\"><strong>Quantit\u00e9 par portion<\/strong><\/td>\n<td width=\"15%\"><strong>%\u00a0d\u2019apport journalier<\/strong><\/td>\n<\/tr>\n<tr align=\"left\" valign=\"top\">\n<td class=\"\">Vitamine\u00a0K (sous forme de m\u00e9naquinone-4 [K2])<\/td>\n<td>100\u00a0\u00b5g<\/td>\n<td>80\u00a0%<\/td>\n<\/tr>\n<tr>\n<td>Calcium (sous forme de phosphate dicalcique)<\/td>\n<td>40\u00a0mg<\/td>\n<td>4\u00a0%<\/td>\n<\/tr>\n<\/tbody>\n<\/table>\n<\/div>\n<\/div>\n<\/div>\n","protected":false},"excerpt":{"rendered":"<ul>\n<li>Entreprise cr\u00e9\u00e9e en 1967<\/li>\n<li>100\u00a0\u00b5g<\/li>\n<li>Sant\u00e9 osseuse et m\u00e9tabolisme du calcium<\/li>\n<li>\u0645\u0643\u0645\u0644 \u063a\u0630\u0627\u0626\u064a<\/li>\n<li>Sans soja<\/li>\n<li>\u062e\u0627\u0644\u064a \u0645\u0646 \u0627\u0644\u063a\u0644\u0648\u062a\u064a\u0646<\/li>\n<li>Garantie Mason &#8211; Test\u00e9 en laboratoire<\/li>\n<li>BPF actuelles &#8211; Certifi\u00e9 conforme aux Bonnes Pratiques de Fabrication<\/li>\n<li>Sans sodium<\/li>\n<\/ul>","protected":false},"featured_media":34326,"template":"","meta":{"om_disable_all_campaigns":false},"product_brand":[3445],"product_cat":[18,8967,3366,7976,7963],"product_tag":[11781,1699,299,181,3492,11989,834,929,4703,183],"class_list":{"0":"post-34325","1":"product","2":"type-product","3":"status-publish","4":"has-post-thumbnail","6":"product_brand-mason-natural","7":"product_cat-beaute-sante","8":"product_cat-complements","9":"product_cat-complements-alimentaires-au-maroc-vitablanca","10":"product_cat-vitamine-k-2","11":"product_cat-vitamines-2","12":"product_tag-100-comprimes","13":"product_tag-bien-etre","14":"product_tag-calcium","15":"product_tag-complement-alimentaire","16":"product_tag-maroc","17":"product_tag-mason-natural","18":"product_tag-sante-cardiovasculaire","19":"product_tag-sante-des-os","20":"product_tag-vitamine-k2","21":"product_tag-vitamines","23":"first","24":"instock","25":"sale","26":"taxable","27":"shipping-taxable","28":"purchasable","29":"product-type-simple"},"yoast_head":"<!-- This site is optimized with the Yoast SEO plugin v27.5 - https:\/\/yoast.com\/product\/yoast-seo-wordpress\/ -->\n<title>Mason Natural Vitamine K2 100 Comprim\u00e9s \u2013 Maroc Prix<\/title>\n<meta name=\"description\" content=\"Mason Natural Vitamine K2, 100 comprim\u00e9s. Aide \u00e0 soutenir la sant\u00e9 des os, la bonne utilisation du calcium et la fonction cardiovasculaire. Disponible Maroc\" \/>\n<meta name=\"robots\" content=\"index, follow, max-snippet:-1, max-image-preview:large, max-video-preview:-1\" \/>\n<link rel=\"canonical\" href=\"https:\/\/vitablanca.ma\/ar\/product-2\/mason-natural-vitamine-k2-100-comprimes-maroc-prix\/\" \/>\n<meta property=\"og:locale\" content=\"ar_AR\" \/>\n<meta property=\"og:type\" content=\"article\" \/>\n<meta property=\"og:title\" content=\"Mason Natural Vitamine K2 100 Comprim\u00e9s \u2013 Maroc Prix\" \/>\n<meta property=\"og:description\" content=\"Mason Natural Vitamine K2, 100 comprim\u00e9s. Aide \u00e0 soutenir la sant\u00e9 des os, la bonne utilisation du calcium et la fonction cardiovasculaire. Disponible Maroc\" \/>\n<meta property=\"og:url\" content=\"https:\/\/vitablanca.ma\/ar\/product-2\/mason-natural-vitamine-k2-100-comprimes-maroc-prix\/\" \/>\n<meta property=\"og:site_name\" content=\"Vitablanca.ma &ndash; Sant&eacute;, vitalit&eacute; et bien-&ecirc;tre pour tous les Marocains\" \/>\n<meta property=\"article:publisher\" content=\"https:\/\/www.facebook.com\/profile.php?id=61576678196717\" \/>\n<meta property=\"article:modified_time\" content=\"2026-03-28T17:51:50+00:00\" \/>\n<meta property=\"og:image\" content=\"https:\/\/vitablanca.ma\/wp-content\/uploads\/2026\/03\/Mason-Natural-Vitamine-K2-100-comprimes1.jpg\" \/>\n\t<meta property=\"og:image:width\" content=\"1600\" \/>\n\t<meta property=\"og:image:height\" content=\"1600\" \/>\n\t<meta property=\"og:image:type\" content=\"image\/jpeg\" \/>\n<meta name=\"twitter:card\" content=\"summary_large_image\" \/>\n<meta name=\"twitter:label1\" content=\"\u0648\u0642\u062a \u0627\u0644\u0642\u0631\u0627\u0621\u0629 \u0627\u0644\u0645\u064f\u0642\u062f\u0651\u0631\" \/>\n\t<meta name=\"twitter:data1\" content=\"\u062f\u0642\u064a\u0642\u062a\u0627\u0646\" \/>\n<script type=\"application\/ld+json\" class=\"yoast-schema-graph\">{\"@context\":\"https:\\\/\\\/schema.org\",\"@graph\":[{\"@type\":[\"WebPage\",\"ItemPage\"],\"@id\":\"https:\\\/\\\/vitablanca.ma\\\/produit\\\/mason-natural-vitamine-k2-100-comprimes-maroc-prix\\\/\",\"url\":\"https:\\\/\\\/vitablanca.ma\\\/produit\\\/mason-natural-vitamine-k2-100-comprimes-maroc-prix\\\/\",\"name\":\"Mason Natural Vitamine K2 100 Comprim\u00e9s \u2013 Maroc Prix\",\"isPartOf\":{\"@id\":\"https:\\\/\\\/vitablanca.ma\\\/#website\"},\"primaryImageOfPage\":{\"@id\":\"https:\\\/\\\/vitablanca.ma\\\/produit\\\/mason-natural-vitamine-k2-100-comprimes-maroc-prix\\\/#primaryimage\"},\"image\":{\"@id\":\"https:\\\/\\\/vitablanca.ma\\\/produit\\\/mason-natural-vitamine-k2-100-comprimes-maroc-prix\\\/#primaryimage\"},\"thumbnailUrl\":\"https:\\\/\\\/vitablanca.ma\\\/wp-content\\\/uploads\\\/2026\\\/03\\\/Mason-Natural-Vitamine-K2-100-comprimes1.jpg\",\"datePublished\":\"2026-03-18T15:17:27+00:00\",\"dateModified\":\"2026-03-28T17:51:50+00:00\",\"description\":\"Mason Natural Vitamine K2, 100 comprim\u00e9s. Aide \u00e0 soutenir la sant\u00e9 des os, la bonne utilisation du calcium et la fonction cardiovasculaire. Disponible Maroc\",\"breadcrumb\":{\"@id\":\"https:\\\/\\\/vitablanca.ma\\\/produit\\\/mason-natural-vitamine-k2-100-comprimes-maroc-prix\\\/#breadcrumb\"},\"inLanguage\":\"ar\",\"potentialAction\":[{\"@type\":\"ReadAction\",\"target\":[\"https:\\\/\\\/vitablanca.ma\\\/produit\\\/mason-natural-vitamine-k2-100-comprimes-maroc-prix\\\/\"]}]},{\"@type\":\"ImageObject\",\"inLanguage\":\"ar\",\"@id\":\"https:\\\/\\\/vitablanca.ma\\\/produit\\\/mason-natural-vitamine-k2-100-comprimes-maroc-prix\\\/#primaryimage\",\"url\":\"https:\\\/\\\/vitablanca.ma\\\/wp-content\\\/uploads\\\/2026\\\/03\\\/Mason-Natural-Vitamine-K2-100-comprimes1.jpg\",\"contentUrl\":\"https:\\\/\\\/vitablanca.ma\\\/wp-content\\\/uploads\\\/2026\\\/03\\\/Mason-Natural-Vitamine-K2-100-comprimes1.jpg\",\"width\":1600,\"height\":1600},{\"@type\":\"BreadcrumbList\",\"@id\":\"https:\\\/\\\/vitablanca.ma\\\/produit\\\/mason-natural-vitamine-k2-100-comprimes-maroc-prix\\\/#breadcrumb\",\"itemListElement\":[{\"@type\":\"ListItem\",\"position\":1,\"name\":\"Home\",\"item\":\"https:\\\/\\\/vitablanca.ma\\\/\"},{\"@type\":\"ListItem\",\"position\":2,\"name\":\"Tous Les Produits\",\"item\":\"https:\\\/\\\/vitablanca.ma\\\/tous-les-produits\\\/\"},{\"@type\":\"ListItem\",\"position\":3,\"name\":\"Mason Natural, Vitamine K2, 100 comprim\u00e9s\"}]},{\"@type\":\"WebSite\",\"@id\":\"https:\\\/\\\/vitablanca.ma\\\/#website\",\"url\":\"https:\\\/\\\/vitablanca.ma\\\/\",\"name\":\"VitaBlanca.ma | Compl\u00e9ments alimentaires, sant\u00e9 & beaut\u00e9 au Maroc\",\"description\":\"vendre vitamines et compl\u00e9ments premium des USA &amp; Canada, Nouvelle Z\u00e9lande,Maroc (NOW Foods, Solgar, Manuka). Livraison rapide partout au Maroc.\",\"publisher\":{\"@id\":\"https:\\\/\\\/vitablanca.ma\\\/#organization\"},\"alternateName\":\"VitaBlanca.ma\",\"potentialAction\":[{\"@type\":\"SearchAction\",\"target\":{\"@type\":\"EntryPoint\",\"urlTemplate\":\"https:\\\/\\\/vitablanca.ma\\\/?s={search_term_string}\"},\"query-input\":{\"@type\":\"PropertyValueSpecification\",\"valueRequired\":true,\"valueName\":\"search_term_string\"}}],\"inLanguage\":\"ar\"},{\"@type\":\"Organization\",\"@id\":\"https:\\\/\\\/vitablanca.ma\\\/#organization\",\"name\":\"VitaBlanca\",\"url\":\"https:\\\/\\\/vitablanca.ma\\\/\",\"logo\":{\"@type\":\"ImageObject\",\"inLanguage\":\"ar\",\"@id\":\"https:\\\/\\\/vitablanca.ma\\\/#\\\/schema\\\/logo\\\/image\\\/\",\"url\":\"https:\\\/\\\/vitablanca.ma\\\/wp-content\\\/uploads\\\/2025\\\/05\\\/cropped-vitablanca.png\",\"contentUrl\":\"https:\\\/\\\/vitablanca.ma\\\/wp-content\\\/uploads\\\/2025\\\/05\\\/cropped-vitablanca.png\",\"width\":360,\"height\":67,\"caption\":\"VitaBlanca\"},\"image\":{\"@id\":\"https:\\\/\\\/vitablanca.ma\\\/#\\\/schema\\\/logo\\\/image\\\/\"},\"sameAs\":[\"https:\\\/\\\/www.facebook.com\\\/profile.php?id=61576678196717\",\"https:\\\/\\\/www.tiktok.com\\\/@vitablanca.ma\",\"https:\\\/\\\/www.instagram.com\\\/vitablanca.ma\\\/\"]}]}<\/script>\n<!-- \/ Yoast SEO plugin. -->","yoast_head_json":{"title":"Mason Natural Vitamine K2 100 Comprim\u00e9s \u2013 Maroc Prix","description":"Mason Natural Vitamine K2, 100 comprim\u00e9s. Aide \u00e0 soutenir la sant\u00e9 des os, la bonne utilisation du calcium et la fonction cardiovasculaire. Disponible Maroc","robots":{"index":"index","follow":"follow","max-snippet":"max-snippet:-1","max-image-preview":"max-image-preview:large","max-video-preview":"max-video-preview:-1"},"canonical":"https:\/\/vitablanca.ma\/ar\/product-2\/mason-natural-vitamine-k2-100-comprimes-maroc-prix\/","og_locale":"ar_AR","og_type":"article","og_title":"Mason Natural Vitamine K2 100 Comprim\u00e9s \u2013 Maroc Prix","og_description":"Mason Natural Vitamine K2, 100 comprim\u00e9s. Aide \u00e0 soutenir la sant\u00e9 des os, la bonne utilisation du calcium et la fonction cardiovasculaire. Disponible Maroc","og_url":"https:\/\/vitablanca.ma\/ar\/product-2\/mason-natural-vitamine-k2-100-comprimes-maroc-prix\/","og_site_name":"Vitablanca.ma &ndash; Sant&eacute;, vitalit&eacute; et bien-&ecirc;tre pour tous les Marocains","article_publisher":"https:\/\/www.facebook.com\/profile.php?id=61576678196717","article_modified_time":"2026-03-28T17:51:50+00:00","og_image":[{"width":1600,"height":1600,"url":"https:\/\/vitablanca.ma\/wp-content\/uploads\/2026\/03\/Mason-Natural-Vitamine-K2-100-comprimes1.jpg","type":"image\/jpeg"}],"twitter_card":"summary_large_image","twitter_misc":{"\u0648\u0642\u062a \u0627\u0644\u0642\u0631\u0627\u0621\u0629 \u0627\u0644\u0645\u064f\u0642\u062f\u0651\u0631":"\u062f\u0642\u064a\u0642\u062a\u0627\u0646"},"schema":{"@context":"https:\/\/schema.org","@graph":[{"@type":["WebPage","ItemPage"],"@id":"https:\/\/vitablanca.ma\/produit\/mason-natural-vitamine-k2-100-comprimes-maroc-prix\/","url":"https:\/\/vitablanca.ma\/produit\/mason-natural-vitamine-k2-100-comprimes-maroc-prix\/","name":"Mason Natural Vitamine K2 100 Comprim\u00e9s \u2013 Maroc Prix","isPartOf":{"@id":"https:\/\/vitablanca.ma\/#website"},"primaryImageOfPage":{"@id":"https:\/\/vitablanca.ma\/produit\/mason-natural-vitamine-k2-100-comprimes-maroc-prix\/#primaryimage"},"image":{"@id":"https:\/\/vitablanca.ma\/produit\/mason-natural-vitamine-k2-100-comprimes-maroc-prix\/#primaryimage"},"thumbnailUrl":"https:\/\/vitablanca.ma\/wp-content\/uploads\/2026\/03\/Mason-Natural-Vitamine-K2-100-comprimes1.jpg","datePublished":"2026-03-18T15:17:27+00:00","dateModified":"2026-03-28T17:51:50+00:00","description":"Mason Natural Vitamine K2, 100 comprim\u00e9s. Aide \u00e0 soutenir la sant\u00e9 des os, la bonne utilisation du calcium et la fonction cardiovasculaire. Disponible Maroc","breadcrumb":{"@id":"https:\/\/vitablanca.ma\/produit\/mason-natural-vitamine-k2-100-comprimes-maroc-prix\/#breadcrumb"},"inLanguage":"ar","potentialAction":[{"@type":"ReadAction","target":["https:\/\/vitablanca.ma\/produit\/mason-natural-vitamine-k2-100-comprimes-maroc-prix\/"]}]},{"@type":"ImageObject","inLanguage":"ar","@id":"https:\/\/vitablanca.ma\/produit\/mason-natural-vitamine-k2-100-comprimes-maroc-prix\/#primaryimage","url":"https:\/\/vitablanca.ma\/wp-content\/uploads\/2026\/03\/Mason-Natural-Vitamine-K2-100-comprimes1.jpg","contentUrl":"https:\/\/vitablanca.ma\/wp-content\/uploads\/2026\/03\/Mason-Natural-Vitamine-K2-100-comprimes1.jpg","width":1600,"height":1600},{"@type":"BreadcrumbList","@id":"https:\/\/vitablanca.ma\/produit\/mason-natural-vitamine-k2-100-comprimes-maroc-prix\/#breadcrumb","itemListElement":[{"@type":"ListItem","position":1,"name":"Home","item":"https:\/\/vitablanca.ma\/"},{"@type":"ListItem","position":2,"name":"Tous Les Produits","item":"https:\/\/vitablanca.ma\/tous-les-produits\/"},{"@type":"ListItem","position":3,"name":"Mason Natural, Vitamine K2, 100 comprim\u00e9s"}]},{"@type":"WebSite","@id":"https:\/\/vitablanca.ma\/#website","url":"https:\/\/vitablanca.ma\/","name":"VitaBlanca.ma | \u0627\u0644\u0645\u0643\u0645\u0644\u0627\u062a \u0627\u0644\u063a\u0630\u0627\u0626\u064a\u0629\u060c \u0627\u0644\u0635\u062d\u0629 \u0648\u0627\u0644\u062c\u0645\u0627\u0644 \u0641\u064a \u0627\u0644\u0645\u063a\u0631\u0628","description":"\u0646\u0628\u064a\u0639 \u0641\u064a\u062a\u0627\u0645\u064a\u0646\u0627\u062a \u0648\u0645\u0643\u0645\u0644\u0627\u062a \u063a\u0630\u0627\u0626\u064a\u0629 \u0641\u0627\u062e\u0631\u0629 \u0645\u0646 \u0627\u0644\u0648\u0644\u0627\u064a\u0627\u062a \u0627\u0644\u0645\u062a\u062d\u062f\u0629 \u0627\u0644\u0623\u0645\u0631\u064a\u0643\u064a\u0629 \u0648\u0643\u0646\u062f\u0627 \u0648\u0646\u064a\u0648\u0632\u064a\u0644\u0646\u062f\u0627 \u0648\u0627\u0644\u0645\u063a\u0631\u0628 (\u0646\u0627\u0648 \u0641\u0648\u062f\u0632\u060c \u0633\u0648\u0644\u062c\u0627\u0631\u060c \u0645\u0627\u0646\u0648\u0643\u0627). \u062a\u0648\u0635\u064a\u0644 \u0633\u0631\u064a\u0639 \u0625\u0644\u0649 \u062c\u0645\u064a\u0639 \u0623\u0646\u062d\u0627\u0621 \u0627\u0644\u0645\u063a\u0631\u0628.","publisher":{"@id":"https:\/\/vitablanca.ma\/#organization"},"alternateName":"VitaBlanca.ma","potentialAction":[{"@type":"SearchAction","target":{"@type":"EntryPoint","urlTemplate":"https:\/\/vitablanca.ma\/?s={search_term_string}"},"query-input":{"@type":"PropertyValueSpecification","valueRequired":true,"valueName":"search_term_string"}}],"inLanguage":"ar"},{"@type":"Organization","@id":"https:\/\/vitablanca.ma\/#organization","name":"\u0641\u064a\u062a\u0627\u0628\u0644\u0627\u0646\u0643\u0627","url":"https:\/\/vitablanca.ma\/","logo":{"@type":"ImageObject","inLanguage":"ar","@id":"https:\/\/vitablanca.ma\/#\/schema\/logo\/image\/","url":"https:\/\/vitablanca.ma\/wp-content\/uploads\/2025\/05\/cropped-vitablanca.png","contentUrl":"https:\/\/vitablanca.ma\/wp-content\/uploads\/2025\/05\/cropped-vitablanca.png","width":360,"height":67,"caption":"VitaBlanca"},"image":{"@id":"https:\/\/vitablanca.ma\/#\/schema\/logo\/image\/"},"sameAs":["https:\/\/www.facebook.com\/profile.php?id=61576678196717","https:\/\/www.tiktok.com\/@vitablanca.ma","https:\/\/www.instagram.com\/vitablanca.ma\/"]}]}},"jetpack_sharing_enabled":true,"_links":{"self":[{"href":"https:\/\/vitablanca.ma\/ar\/wp-json\/wp\/v2\/product\/34325","targetHints":{"allow":["GET"]}}],"collection":[{"href":"https:\/\/vitablanca.ma\/ar\/wp-json\/wp\/v2\/product"}],"about":[{"href":"https:\/\/vitablanca.ma\/ar\/wp-json\/wp\/v2\/types\/product"}],"wp:featuredmedia":[{"embeddable":true,"href":"https:\/\/vitablanca.ma\/ar\/wp-json\/wp\/v2\/media\/34326"}],"wp:attachment":[{"href":"https:\/\/vitablanca.ma\/ar\/wp-json\/wp\/v2\/media?parent=34325"}],"wp:term":[{"taxonomy":"product_brand","embeddable":true,"href":"https:\/\/vitablanca.ma\/ar\/wp-json\/wp\/v2\/product_brand?post=34325"},{"taxonomy":"product_cat","embeddable":true,"href":"https:\/\/vitablanca.ma\/ar\/wp-json\/wp\/v2\/product_cat?post=34325"},{"taxonomy":"product_tag","embeddable":true,"href":"https:\/\/vitablanca.ma\/ar\/wp-json\/wp\/v2\/product_tag?post=34325"}],"curies":[{"name":"wp","href":"https:\/\/api.w.org\/{rel}","templated":true}]}}