{"id":34316,"date":"2026-03-18T14:50:37","date_gmt":"2026-03-18T14:50:37","guid":{"rendered":"https:\/\/vitablanca.ma\/?post_type=product&#038;p=34316"},"modified":"2026-03-28T17:51:51","modified_gmt":"2026-03-28T17:51:51","slug":"california-gold-nutrition-vitamines-d3-k2-sous-forme-de-mk-7-180-capsules-vegetales-maroc-prix","status":"publish","type":"product","link":"https:\/\/vitablanca.ma\/ar\/product-2\/california-gold-nutrition-vitamines-d3-k2-sous-forme-de-mk-7-180-capsules-vegetales-maroc-prix\/","title":{"rendered":"California Gold Nutrition, Vitamines D3 + K2 sous forme de MK-7, 180 capsules v\u00e9g\u00e9tales"},"content":{"rendered":"<div class=\"row item-row\">\n<div class=\"col-xs-24\">\n<h3><strong>Usage sugg\u00e9r\u00e9<\/strong><\/h3>\n<div class=\"prodOverviewDetail\">\n<p>Prenez 1 capsule par jour au cours d\u2019un repas. Respectez les consignes d\u2019utilisation donn\u00e9es par un professionnel de sant\u00e9 qualifi\u00e9.<\/p>\n<\/div>\n<\/div>\n<\/div>\n<div class=\"row item-row\">\n<div class=\"col-xs-24\">\n<h3><strong>Autres ingr\u00e9dients<\/strong><\/h3>\n<div class=\"prodOverviewIngred\">\n<p><strong>Ingr\u00e9dients principaux<\/strong><br \/>\nVitamine\u00a0D (sous forme de vitamine\u00a0D3, chol\u00e9calcif\u00e9rol), Vitamine K2 (sous forme de m\u00e9naquinone-7 [MK-7]).<\/p>\n<p><strong>Autres ingr\u00e9dients<\/strong><br \/>\nCellulose microcristalline, cellulose modifi\u00e9e (capsule v\u00e9g\u00e9tale en hypromellose), st\u00e9arate de magn\u00e9sium, phosphate dicalcique, dioxyde de silicium (silice) et huile TCM.<\/p>\n<p>Produit \u00e9labor\u00e9 sans lait, \u0153ufs, poisson, crustac\u00e9s, fruits \u00e0 coque, arachides, bl\u00e9, soja, s\u00e9same, ni gluten. Produit dans un \u00e9tablissement enregistr\u00e9 aupr\u00e8s de la FDA, audit\u00e9 par une organisation tierce, et respectant les BPF actuelles (certifi\u00e9) susceptible de transformer d\u2019autres produits qui contiennent ces allerg\u00e8nes ou ingr\u00e9dients.<\/p>\n<\/div>\n<\/div>\n<\/div>\n<div class=\"row item-row\">\n<div class=\"col-xs-24\">\n<h3><strong>Avertissements<\/strong><\/h3>\n<div class=\"prodOverviewDetail\">\n<p><strong>Tenir hors de port\u00e9e des enfants.<\/strong>\u00a0Les femmes enceintes ou allaitantes, les personnes atteintes d\u2019une maladie chronique, les personnes \u00e2g\u00e9es, les personnes de moins de 18 ans, les personnes qui prennent des m\u00e9dicaments sur ordonnance (par exemple, des anticoagulants) ainsi que les personnes atteintes d\u2019une affection m\u00e9dicale diagnostiqu\u00e9e doivent consulter un m\u00e9decin, un pharmacien, un autre professionnel de sant\u00e9 ou un naturopathe avant de prendre des compl\u00e9ments alimentaires.<\/p>\n<p><strong>Scell\u00e9 pour votre protection. Ne pas utiliser si l\u2019opercule est absent ou rompu. \u00c0 conserver dans un endroit frais et sec. \u00c0 conserver \u00e0 l\u2019abri de la chaleur, de la lumi\u00e8re et de l\u2019humidit\u00e9.<\/strong><\/p>\n<table border=\"1\" width=\"100%\" cellspacing=\"0\" cellpadding=\"3\">\n<tbody>\n<tr align=\"left\" valign=\"top\">\n<td colspan=\"3\"><strong>Valeurs<\/strong>\u00a0<strong>nutritionnelles<\/strong><\/td>\n<\/tr>\n<tr align=\"left\" valign=\"top\">\n<td colspan=\"3\"><strong>Portion :\u00a0<\/strong>1\u00a0capsule<\/td>\n<\/tr>\n<tr align=\"left\" valign=\"top\">\n<td colspan=\"3\"><strong>Portions par contenant :\u00a0<\/strong>180<\/td>\n<\/tr>\n<tr align=\"left\" valign=\"top\">\n<td><\/td>\n<td><strong>Quantit\u00e9 par portion<\/strong><\/td>\n<td><strong>%\u00a0d\u2019apport journalier<\/strong><\/td>\n<\/tr>\n<tr align=\"left\" valign=\"top\">\n<td>Vitamine\u00a0D (sous forme de vitamine\u00a0D3, chol\u00e9calcif\u00e9rol)<\/td>\n<td>125\u00a0\u00b5g (5000\u00a0UI)<\/td>\n<td>625\u00a0%<\/td>\n<\/tr>\n<tr align=\"left\" valign=\"top\">\n<td>Vitamine K2 (sous forme de m\u00e9naquinone-7 [MK-7])<\/td>\n<td>120\u00a0\u00b5g<\/td>\n<td>*<\/td>\n<\/tr>\n<tr align=\"left\" valign=\"top\">\n<td colspan=\"3\">Apport journalier non \u00e9tabli.<\/td>\n<\/tr>\n<\/tbody>\n<\/table>\n<\/div>\n<\/div>\n<\/div>\n","protected":false},"excerpt":{"rendered":"<ul>\n<li>Contient un m\u00e9lange de vitamines D3 et K2<\/li>\n<li>Soutien osseux et cardiovasculaire*<\/li>\n<li>Formule synergique*<\/li>\n<li>Produit formul\u00e9 sans gluten, ni OGM, ni soja<\/li>\n<\/ul>","protected":false},"featured_media":34317,"template":"","meta":{"om_disable_all_campaigns":false},"product_brand":[2176],"product_cat":[18,8967,3366,7976,11985,7963,9031],"product_tag":[11986,299,11036,181,3492,8944,834,929,153,4703],"class_list":{"0":"post-34316","1":"product","2":"type-product","3":"status-publish","4":"has-post-thumbnail","6":"product_brand-california-gold-nutrition","7":"product_cat-beaute-sante","8":"product_cat-complements","9":"product_cat-complements-alimentaires-au-maroc-vitablanca","10":"product_cat-vitamine-k-2","11":"product_cat-vitamine-k2-mk-7","12":"product_cat-vitamines-2","13":"product_cat-vitamines-d3-et-k2","14":"product_tag-180-capsules-vegetales","15":"product_tag-calcium","16":"product_tag-california-gold-nutrition","17":"product_tag-complement-alimentaire","18":"product_tag-maroc","19":"product_tag-mk-7","20":"product_tag-sante-cardiovasculaire","21":"product_tag-sante-des-os","22":"product_tag-vitamine-d3","23":"product_tag-vitamine-k2","25":"first","26":"instock","27":"sale","28":"taxable","29":"shipping-taxable","30":"purchasable","31":"product-type-simple"},"yoast_head":"<!-- This site is optimized with the Yoast SEO plugin v27.5 - https:\/\/yoast.com\/product\/yoast-seo-wordpress\/ -->\n<title>California Gold Nutrition Vitamine D3 + K2 MK-7 180 \u2013 Maroc Prix<\/title>\n<meta name=\"description\" content=\"California Gold Nutrition Vitamines D3 + K2 MK-7, 180 capsules v\u00e9g. Formule essentielle pour soutenir la sant\u00e9 des os, du c\u0153ur et l\u2019absorption du calcium.\" \/>\n<meta name=\"robots\" content=\"index, follow, max-snippet:-1, max-image-preview:large, max-video-preview:-1\" \/>\n<link rel=\"canonical\" href=\"https:\/\/vitablanca.ma\/ar\/product-2\/california-gold-nutrition-vitamines-d3-k2-sous-forme-de-mk-7-180-capsules-vegetales-maroc-prix\/\" \/>\n<meta property=\"og:locale\" content=\"ar_AR\" \/>\n<meta property=\"og:type\" content=\"article\" \/>\n<meta property=\"og:title\" content=\"California Gold Nutrition Vitamine D3 + K2 MK-7 180 \u2013 Maroc Prix\" \/>\n<meta property=\"og:description\" content=\"California Gold Nutrition Vitamines D3 + K2 MK-7, 180 capsules v\u00e9g. Formule essentielle pour soutenir la sant\u00e9 des os, du c\u0153ur et l\u2019absorption du calcium.\" \/>\n<meta property=\"og:url\" content=\"https:\/\/vitablanca.ma\/ar\/product-2\/california-gold-nutrition-vitamines-d3-k2-sous-forme-de-mk-7-180-capsules-vegetales-maroc-prix\/\" \/>\n<meta property=\"og:site_name\" content=\"Vitablanca.ma &ndash; Sant&eacute;, vitalit&eacute; et bien-&ecirc;tre pour tous les Marocains\" \/>\n<meta property=\"article:publisher\" content=\"https:\/\/www.facebook.com\/profile.php?id=61576678196717\" \/>\n<meta property=\"article:modified_time\" content=\"2026-03-28T17:51:51+00:00\" \/>\n<meta property=\"og:image\" content=\"https:\/\/vitablanca.ma\/wp-content\/uploads\/2026\/03\/California-Gold-Nutrition-Vitamines-D3-K2-sous-forme-de-MK-7-180-capsules-vegetales1.jpg\" \/>\n\t<meta property=\"og:image:width\" content=\"1600\" \/>\n\t<meta property=\"og:image:height\" content=\"1600\" \/>\n\t<meta property=\"og:image:type\" content=\"image\/jpeg\" \/>\n<meta name=\"twitter:card\" content=\"summary_large_image\" \/>\n<meta name=\"twitter:label1\" content=\"\u0648\u0642\u062a \u0627\u0644\u0642\u0631\u0627\u0621\u0629 \u0627\u0644\u0645\u064f\u0642\u062f\u0651\u0631\" \/>\n\t<meta name=\"twitter:data1\" content=\"\u062f\u0642\u064a\u0642\u062a\u0627\u0646\" \/>\n<script type=\"application\/ld+json\" class=\"yoast-schema-graph\">{\"@context\":\"https:\\\/\\\/schema.org\",\"@graph\":[{\"@type\":[\"WebPage\",\"ItemPage\"],\"@id\":\"https:\\\/\\\/vitablanca.ma\\\/produit\\\/california-gold-nutrition-vitamines-d3-k2-sous-forme-de-mk-7-180-capsules-vegetales-maroc-prix\\\/\",\"url\":\"https:\\\/\\\/vitablanca.ma\\\/produit\\\/california-gold-nutrition-vitamines-d3-k2-sous-forme-de-mk-7-180-capsules-vegetales-maroc-prix\\\/\",\"name\":\"California Gold Nutrition Vitamine D3 + K2 MK-7 180 \u2013 Maroc Prix\",\"isPartOf\":{\"@id\":\"https:\\\/\\\/vitablanca.ma\\\/#website\"},\"primaryImageOfPage\":{\"@id\":\"https:\\\/\\\/vitablanca.ma\\\/produit\\\/california-gold-nutrition-vitamines-d3-k2-sous-forme-de-mk-7-180-capsules-vegetales-maroc-prix\\\/#primaryimage\"},\"image\":{\"@id\":\"https:\\\/\\\/vitablanca.ma\\\/produit\\\/california-gold-nutrition-vitamines-d3-k2-sous-forme-de-mk-7-180-capsules-vegetales-maroc-prix\\\/#primaryimage\"},\"thumbnailUrl\":\"https:\\\/\\\/vitablanca.ma\\\/wp-content\\\/uploads\\\/2026\\\/03\\\/California-Gold-Nutrition-Vitamines-D3-K2-sous-forme-de-MK-7-180-capsules-vegetales1.jpg\",\"datePublished\":\"2026-03-18T14:50:37+00:00\",\"dateModified\":\"2026-03-28T17:51:51+00:00\",\"description\":\"California Gold Nutrition Vitamines D3 + K2 MK-7, 180 capsules v\u00e9g. Formule essentielle pour soutenir la sant\u00e9 des os, du c\u0153ur et l\u2019absorption du calcium.\",\"breadcrumb\":{\"@id\":\"https:\\\/\\\/vitablanca.ma\\\/produit\\\/california-gold-nutrition-vitamines-d3-k2-sous-forme-de-mk-7-180-capsules-vegetales-maroc-prix\\\/#breadcrumb\"},\"inLanguage\":\"ar\",\"potentialAction\":[{\"@type\":\"ReadAction\",\"target\":[\"https:\\\/\\\/vitablanca.ma\\\/produit\\\/california-gold-nutrition-vitamines-d3-k2-sous-forme-de-mk-7-180-capsules-vegetales-maroc-prix\\\/\"]}]},{\"@type\":\"ImageObject\",\"inLanguage\":\"ar\",\"@id\":\"https:\\\/\\\/vitablanca.ma\\\/produit\\\/california-gold-nutrition-vitamines-d3-k2-sous-forme-de-mk-7-180-capsules-vegetales-maroc-prix\\\/#primaryimage\",\"url\":\"https:\\\/\\\/vitablanca.ma\\\/wp-content\\\/uploads\\\/2026\\\/03\\\/California-Gold-Nutrition-Vitamines-D3-K2-sous-forme-de-MK-7-180-capsules-vegetales1.jpg\",\"contentUrl\":\"https:\\\/\\\/vitablanca.ma\\\/wp-content\\\/uploads\\\/2026\\\/03\\\/California-Gold-Nutrition-Vitamines-D3-K2-sous-forme-de-MK-7-180-capsules-vegetales1.jpg\",\"width\":1600,\"height\":1600},{\"@type\":\"BreadcrumbList\",\"@id\":\"https:\\\/\\\/vitablanca.ma\\\/produit\\\/california-gold-nutrition-vitamines-d3-k2-sous-forme-de-mk-7-180-capsules-vegetales-maroc-prix\\\/#breadcrumb\",\"itemListElement\":[{\"@type\":\"ListItem\",\"position\":1,\"name\":\"Home\",\"item\":\"https:\\\/\\\/vitablanca.ma\\\/\"},{\"@type\":\"ListItem\",\"position\":2,\"name\":\"Tous Les Produits\",\"item\":\"https:\\\/\\\/vitablanca.ma\\\/tous-les-produits\\\/\"},{\"@type\":\"ListItem\",\"position\":3,\"name\":\"California Gold Nutrition, Vitamines D3 + K2 sous forme de MK-7, 180 capsules v\u00e9g\u00e9tales\"}]},{\"@type\":\"WebSite\",\"@id\":\"https:\\\/\\\/vitablanca.ma\\\/#website\",\"url\":\"https:\\\/\\\/vitablanca.ma\\\/\",\"name\":\"VitaBlanca.ma | Compl\u00e9ments alimentaires, sant\u00e9 & beaut\u00e9 au Maroc\",\"description\":\"vendre vitamines et compl\u00e9ments premium des USA &amp; Canada, Nouvelle Z\u00e9lande,Maroc (NOW Foods, Solgar, Manuka). Livraison rapide partout au Maroc.\",\"publisher\":{\"@id\":\"https:\\\/\\\/vitablanca.ma\\\/#organization\"},\"alternateName\":\"VitaBlanca.ma\",\"potentialAction\":[{\"@type\":\"SearchAction\",\"target\":{\"@type\":\"EntryPoint\",\"urlTemplate\":\"https:\\\/\\\/vitablanca.ma\\\/?s={search_term_string}\"},\"query-input\":{\"@type\":\"PropertyValueSpecification\",\"valueRequired\":true,\"valueName\":\"search_term_string\"}}],\"inLanguage\":\"ar\"},{\"@type\":\"Organization\",\"@id\":\"https:\\\/\\\/vitablanca.ma\\\/#organization\",\"name\":\"VitaBlanca\",\"url\":\"https:\\\/\\\/vitablanca.ma\\\/\",\"logo\":{\"@type\":\"ImageObject\",\"inLanguage\":\"ar\",\"@id\":\"https:\\\/\\\/vitablanca.ma\\\/#\\\/schema\\\/logo\\\/image\\\/\",\"url\":\"https:\\\/\\\/vitablanca.ma\\\/wp-content\\\/uploads\\\/2025\\\/05\\\/cropped-vitablanca.png\",\"contentUrl\":\"https:\\\/\\\/vitablanca.ma\\\/wp-content\\\/uploads\\\/2025\\\/05\\\/cropped-vitablanca.png\",\"width\":360,\"height\":67,\"caption\":\"VitaBlanca\"},\"image\":{\"@id\":\"https:\\\/\\\/vitablanca.ma\\\/#\\\/schema\\\/logo\\\/image\\\/\"},\"sameAs\":[\"https:\\\/\\\/www.facebook.com\\\/profile.php?id=61576678196717\",\"https:\\\/\\\/www.tiktok.com\\\/@vitablanca.ma\",\"https:\\\/\\\/www.instagram.com\\\/vitablanca.ma\\\/\"]}]}<\/script>\n<!-- \/ Yoast SEO plugin. -->","yoast_head_json":{"title":"California Gold Nutrition Vitamine D3 + K2 MK-7 180 \u2013 Maroc Prix","description":"California Gold Nutrition Vitamines D3 + K2 MK-7, 180 capsules v\u00e9g. Formule essentielle pour soutenir la sant\u00e9 des os, du c\u0153ur et l\u2019absorption du calcium.","robots":{"index":"index","follow":"follow","max-snippet":"max-snippet:-1","max-image-preview":"max-image-preview:large","max-video-preview":"max-video-preview:-1"},"canonical":"https:\/\/vitablanca.ma\/ar\/product-2\/california-gold-nutrition-vitamines-d3-k2-sous-forme-de-mk-7-180-capsules-vegetales-maroc-prix\/","og_locale":"ar_AR","og_type":"article","og_title":"California Gold Nutrition Vitamine D3 + K2 MK-7 180 \u2013 Maroc Prix","og_description":"California Gold Nutrition Vitamines D3 + K2 MK-7, 180 capsules v\u00e9g. Formule essentielle pour soutenir la sant\u00e9 des os, du c\u0153ur et l\u2019absorption du calcium.","og_url":"https:\/\/vitablanca.ma\/ar\/product-2\/california-gold-nutrition-vitamines-d3-k2-sous-forme-de-mk-7-180-capsules-vegetales-maroc-prix\/","og_site_name":"Vitablanca.ma &ndash; Sant&eacute;, vitalit&eacute; et bien-&ecirc;tre pour tous les Marocains","article_publisher":"https:\/\/www.facebook.com\/profile.php?id=61576678196717","article_modified_time":"2026-03-28T17:51:51+00:00","og_image":[{"width":1600,"height":1600,"url":"https:\/\/vitablanca.ma\/wp-content\/uploads\/2026\/03\/California-Gold-Nutrition-Vitamines-D3-K2-sous-forme-de-MK-7-180-capsules-vegetales1.jpg","type":"image\/jpeg"}],"twitter_card":"summary_large_image","twitter_misc":{"\u0648\u0642\u062a \u0627\u0644\u0642\u0631\u0627\u0621\u0629 \u0627\u0644\u0645\u064f\u0642\u062f\u0651\u0631":"\u062f\u0642\u064a\u0642\u062a\u0627\u0646"},"schema":{"@context":"https:\/\/schema.org","@graph":[{"@type":["WebPage","ItemPage"],"@id":"https:\/\/vitablanca.ma\/produit\/california-gold-nutrition-vitamines-d3-k2-sous-forme-de-mk-7-180-capsules-vegetales-maroc-prix\/","url":"https:\/\/vitablanca.ma\/produit\/california-gold-nutrition-vitamines-d3-k2-sous-forme-de-mk-7-180-capsules-vegetales-maroc-prix\/","name":"California Gold Nutrition Vitamine D3 + K2 MK-7 180 \u2013 Maroc Prix","isPartOf":{"@id":"https:\/\/vitablanca.ma\/#website"},"primaryImageOfPage":{"@id":"https:\/\/vitablanca.ma\/produit\/california-gold-nutrition-vitamines-d3-k2-sous-forme-de-mk-7-180-capsules-vegetales-maroc-prix\/#primaryimage"},"image":{"@id":"https:\/\/vitablanca.ma\/produit\/california-gold-nutrition-vitamines-d3-k2-sous-forme-de-mk-7-180-capsules-vegetales-maroc-prix\/#primaryimage"},"thumbnailUrl":"https:\/\/vitablanca.ma\/wp-content\/uploads\/2026\/03\/California-Gold-Nutrition-Vitamines-D3-K2-sous-forme-de-MK-7-180-capsules-vegetales1.jpg","datePublished":"2026-03-18T14:50:37+00:00","dateModified":"2026-03-28T17:51:51+00:00","description":"California Gold Nutrition Vitamines D3 + K2 MK-7, 180 capsules v\u00e9g. Formule essentielle pour soutenir la sant\u00e9 des os, du c\u0153ur et l\u2019absorption du calcium.","breadcrumb":{"@id":"https:\/\/vitablanca.ma\/produit\/california-gold-nutrition-vitamines-d3-k2-sous-forme-de-mk-7-180-capsules-vegetales-maroc-prix\/#breadcrumb"},"inLanguage":"ar","potentialAction":[{"@type":"ReadAction","target":["https:\/\/vitablanca.ma\/produit\/california-gold-nutrition-vitamines-d3-k2-sous-forme-de-mk-7-180-capsules-vegetales-maroc-prix\/"]}]},{"@type":"ImageObject","inLanguage":"ar","@id":"https:\/\/vitablanca.ma\/produit\/california-gold-nutrition-vitamines-d3-k2-sous-forme-de-mk-7-180-capsules-vegetales-maroc-prix\/#primaryimage","url":"https:\/\/vitablanca.ma\/wp-content\/uploads\/2026\/03\/California-Gold-Nutrition-Vitamines-D3-K2-sous-forme-de-MK-7-180-capsules-vegetales1.jpg","contentUrl":"https:\/\/vitablanca.ma\/wp-content\/uploads\/2026\/03\/California-Gold-Nutrition-Vitamines-D3-K2-sous-forme-de-MK-7-180-capsules-vegetales1.jpg","width":1600,"height":1600},{"@type":"BreadcrumbList","@id":"https:\/\/vitablanca.ma\/produit\/california-gold-nutrition-vitamines-d3-k2-sous-forme-de-mk-7-180-capsules-vegetales-maroc-prix\/#breadcrumb","itemListElement":[{"@type":"ListItem","position":1,"name":"Home","item":"https:\/\/vitablanca.ma\/"},{"@type":"ListItem","position":2,"name":"Tous Les Produits","item":"https:\/\/vitablanca.ma\/tous-les-produits\/"},{"@type":"ListItem","position":3,"name":"California Gold Nutrition, Vitamines D3 + K2 sous forme de MK-7, 180 capsules v\u00e9g\u00e9tales"}]},{"@type":"WebSite","@id":"https:\/\/vitablanca.ma\/#website","url":"https:\/\/vitablanca.ma\/","name":"VitaBlanca.ma | \u0627\u0644\u0645\u0643\u0645\u0644\u0627\u062a \u0627\u0644\u063a\u0630\u0627\u0626\u064a\u0629\u060c \u0627\u0644\u0635\u062d\u0629 \u0648\u0627\u0644\u062c\u0645\u0627\u0644 \u0641\u064a \u0627\u0644\u0645\u063a\u0631\u0628","description":"\u0646\u0628\u064a\u0639 \u0641\u064a\u062a\u0627\u0645\u064a\u0646\u0627\u062a \u0648\u0645\u0643\u0645\u0644\u0627\u062a \u063a\u0630\u0627\u0626\u064a\u0629 \u0641\u0627\u062e\u0631\u0629 \u0645\u0646 \u0627\u0644\u0648\u0644\u0627\u064a\u0627\u062a \u0627\u0644\u0645\u062a\u062d\u062f\u0629 \u0627\u0644\u0623\u0645\u0631\u064a\u0643\u064a\u0629 \u0648\u0643\u0646\u062f\u0627 \u0648\u0646\u064a\u0648\u0632\u064a\u0644\u0646\u062f\u0627 \u0648\u0627\u0644\u0645\u063a\u0631\u0628 (\u0646\u0627\u0648 \u0641\u0648\u062f\u0632\u060c \u0633\u0648\u0644\u062c\u0627\u0631\u060c \u0645\u0627\u0646\u0648\u0643\u0627). \u062a\u0648\u0635\u064a\u0644 \u0633\u0631\u064a\u0639 \u0625\u0644\u0649 \u062c\u0645\u064a\u0639 \u0623\u0646\u062d\u0627\u0621 \u0627\u0644\u0645\u063a\u0631\u0628.","publisher":{"@id":"https:\/\/vitablanca.ma\/#organization"},"alternateName":"VitaBlanca.ma","potentialAction":[{"@type":"SearchAction","target":{"@type":"EntryPoint","urlTemplate":"https:\/\/vitablanca.ma\/?s={search_term_string}"},"query-input":{"@type":"PropertyValueSpecification","valueRequired":true,"valueName":"search_term_string"}}],"inLanguage":"ar"},{"@type":"Organization","@id":"https:\/\/vitablanca.ma\/#organization","name":"\u0641\u064a\u062a\u0627\u0628\u0644\u0627\u0646\u0643\u0627","url":"https:\/\/vitablanca.ma\/","logo":{"@type":"ImageObject","inLanguage":"ar","@id":"https:\/\/vitablanca.ma\/#\/schema\/logo\/image\/","url":"https:\/\/vitablanca.ma\/wp-content\/uploads\/2025\/05\/cropped-vitablanca.png","contentUrl":"https:\/\/vitablanca.ma\/wp-content\/uploads\/2025\/05\/cropped-vitablanca.png","width":360,"height":67,"caption":"VitaBlanca"},"image":{"@id":"https:\/\/vitablanca.ma\/#\/schema\/logo\/image\/"},"sameAs":["https:\/\/www.facebook.com\/profile.php?id=61576678196717","https:\/\/www.tiktok.com\/@vitablanca.ma","https:\/\/www.instagram.com\/vitablanca.ma\/"]}]}},"jetpack_sharing_enabled":true,"_links":{"self":[{"href":"https:\/\/vitablanca.ma\/ar\/wp-json\/wp\/v2\/product\/34316","targetHints":{"allow":["GET"]}}],"collection":[{"href":"https:\/\/vitablanca.ma\/ar\/wp-json\/wp\/v2\/product"}],"about":[{"href":"https:\/\/vitablanca.ma\/ar\/wp-json\/wp\/v2\/types\/product"}],"wp:featuredmedia":[{"embeddable":true,"href":"https:\/\/vitablanca.ma\/ar\/wp-json\/wp\/v2\/media\/34317"}],"wp:attachment":[{"href":"https:\/\/vitablanca.ma\/ar\/wp-json\/wp\/v2\/media?parent=34316"}],"wp:term":[{"taxonomy":"product_brand","embeddable":true,"href":"https:\/\/vitablanca.ma\/ar\/wp-json\/wp\/v2\/product_brand?post=34316"},{"taxonomy":"product_cat","embeddable":true,"href":"https:\/\/vitablanca.ma\/ar\/wp-json\/wp\/v2\/product_cat?post=34316"},{"taxonomy":"product_tag","embeddable":true,"href":"https:\/\/vitablanca.ma\/ar\/wp-json\/wp\/v2\/product_tag?post=34316"}],"curies":[{"name":"wp","href":"https:\/\/api.w.org\/{rel}","templated":true}]}}