{"id":34266,"date":"2026-03-17T02:45:15","date_gmt":"2026-03-17T02:45:15","guid":{"rendered":"https:\/\/vitablanca.ma\/?post_type=product&#038;p=34266"},"modified":"2026-03-28T17:51:52","modified_gmt":"2026-03-28T17:51:52","slug":"now-foods-extrait-de-chou-palmiste-160-mg-90-capsules-a-enveloppe-molle-maroc-prix","status":"publish","type":"product","link":"https:\/\/vitablanca.ma\/ar\/product-2\/now-foods-extrait-de-chou-palmiste-160-mg-90-capsules-a-enveloppe-molle-maroc-prix\/","title":{"rendered":"NOW Foods, Extrait de chou palmiste, 160 mg, 90 capsules \u00e0 enveloppe molle"},"content":{"rendered":"<div class=\"row item-row\">\n<div class=\"col-xs-24\">\n<div>\n<p>L\u2019extrait de chou palmiste de NOW\u00ae est un compl\u00e9ment nutritionnel con\u00e7u pour favoriser une fonction saine de la prostate. Des \u00e9tudes indiquent que l\u2019extrait de chou palmiste peut contribuer \u00e0 un flux urinaire sain et au bon fonctionnement de la prostate. La formule contient du zinc ajout\u00e9, car c\u2019est un min\u00e9ral essentiel qui est particuli\u00e8rement important pour la fonction endocrinienne et la sant\u00e9 reproductive globale. L\u2019huile de graines de courge forme la base de ce produit et apporte des acides gras essentiels et des phytost\u00e9rols importants pour la sant\u00e9 des hommes. Le palmier nain, l\u2019huile de graines de courge et le zinc sont donc particuli\u00e8rement utiles pour pr\u00e9server la fonction reproductive chez les hommes.<\/p>\n<\/div>\n<\/div>\n<\/div>\n<div class=\"row item-row\">\n<div class=\"col-xs-24\">\n<h3><strong>Usage sugg\u00e9r\u00e9<\/strong><\/h3>\n<div class=\"prodOverviewDetail\">\n<p>Prenez 2 capsules \u00e0 enveloppe molle deux fois par jour en mangeant.<\/p>\n<\/div>\n<\/div>\n<\/div>\n<div class=\"row item-row\">\n<div class=\"col-xs-24\">\n<h3><strong>Autres ingr\u00e9dients<\/strong><\/h3>\n<div class=\"prodOverviewIngred\">\n<p>Capsule \u00e0 enveloppe molle (g\u00e9latine bovine [sans ESB], Glyc\u00e9rine, Eau, caroube) et cire d\u2019abeille.<\/p>\n<p>Non fabriqu\u00e9 avec de la levure, bl\u00e9, gluten, soja, lait, oeuf, poisson ou fruits de mer.<\/p>\n<p>Produit dans une installation BPF qui traite d\u2019autres ingr\u00e9dients contenant ces allerg\u00e8nes.<\/p>\n<\/div>\n<\/div>\n<\/div>\n<div class=\"row item-row\">\n<div class=\"col-xs-24\">\n<h3><strong>Avertissements<\/strong><\/h3>\n<div class=\"prodOverviewDetail\">\n<p><strong>Attention\u00a0:\u00a0<\/strong>R\u00e9serv\u00e9 aux adultes. Consulter un m\u00e9decin si vous \u00eates enceinte, allaitez, prenez des m\u00e9dicaments ou pr\u00e9sentez une affection m\u00e9dicale.<\/p>\n<p>Tenir hors de port\u00e9e des enfants.<\/p>\n<p>Une variation naturelle de couleur peut se produire.<\/p>\n<p>Conserver dans un endroit frais et sec apr\u00e8s ouverture.<\/p>\n<table border=\"1\" width=\"100%\" cellspacing=\"0\" cellpadding=\"3\">\n<tbody>\n<tr>\n<td colspan=\"3\"><strong>Faits sur les suppl\u00e9ments<\/strong><\/td>\n<\/tr>\n<tr>\n<td colspan=\"3\"><strong>Portion\u00a0:<\/strong>\u00a02\u00a0capsules \u00e0 enveloppe molle<\/td>\n<\/tr>\n<tr>\n<td colspan=\"3\"><strong>Portions par contenant\u00a0:<\/strong>\u00a045<\/td>\n<\/tr>\n<tr>\n<td><\/td>\n<td><strong>Quantit\u00e9 par portion<\/strong><\/td>\n<td><strong>% de la valeur quotidienne<\/strong><\/td>\n<\/tr>\n<tr>\n<td>Calories<\/td>\n<td>15<\/td>\n<td><\/td>\n<\/tr>\n<tr>\n<td>Gras total<\/td>\n<td>1 g<\/td>\n<td>1%**<\/td>\n<\/tr>\n<tr>\n<td>Prot\u00e9ine<\/td>\n<td><1 g<\/td>\n<td>2%**<\/td>\n<\/tr>\n<tr>\n<td>Zinc (\u00e0 partir de gluconate de zinc)<\/td>\n<td>20 mg<\/td>\n<td>182%<\/td>\n<\/tr>\n<tr>\n<td>Extrait de baie de chou palmiste<\/td>\n<td>160 mg<\/td>\n<td>*<\/td>\n<\/tr>\n<tr>\n<td>Huile de graines de courge<\/td>\n<td>1 g (1 000 mg)<\/td>\n<td>*<\/td>\n<\/tr>\n<tr>\n<td colspan=\"3\">**Les valeurs quotidiennes en pourcentage sont bas\u00e9es sur un r\u00e9gime alimentaire de 2 000 calories.<br \/>\nValeur quotidienne non \u00e9tablie.<\/td>\n<\/tr>\n<\/tbody>\n<\/table>\n<\/div>\n<\/div>\n<\/div>\n","protected":false},"excerpt":{"rendered":"<ul>\n<li>Sant\u00e9 masculine<\/li>\n<li>Huile de graine de courge et zinc<\/li>\n<li>Favorise le bon fonctionnement de la prostate<\/li>\n<li>\u0645\u0643\u0645\u0644 \u063a\u0630\u0627\u0626\u064a<\/li>\n<li>Casher, contient de la g\u00e9latine<\/li>\n<li>\u0627\u0644\u0646\u0628\u0627\u062a\u0627\u062a\/\u0627\u0644\u0623\u0639\u0634\u0627\u0628<\/li>\n<li>\u0634\u0631\u0643\u0629 \u0639\u0627\u0626\u0644\u064a\u0629 \u0645\u0646\u0630 \u0639\u0627\u0645 1968<\/li>\n<li>\u0636\u0645\u0627\u0646 \u062c\u0648\u062f\u0629 GMP<\/li>\n<\/ul>","protected":false},"featured_media":34267,"template":"","meta":{"om_disable_all_campaigns":false},"product_brand":[83],"product_cat":[18,3366,11956,11955,8101,11957,8038],"product_tag":[345,11960,11961,11958,181,3492,88,2438,266,11959],"class_list":{"0":"post-34266","1":"product","2":"type-product","3":"status-publish","4":"has-post-thumbnail","6":"product_brand-now-foods-maroc-prix","7":"product_cat-beaute-sante","8":"product_cat-complements-alimentaires-au-maroc-vitablanca","9":"product_cat-extrait-de-palmier-de-floride","10":"product_cat-palmier-de-floride","11":"product_cat-plantes","12":"product_cat-prostate","13":"product_cat-sante-masculine","14":"product_tag-equilibre-hormonal","15":"product_tag-160-mg","16":"product_tag-90-softgels","17":"product_tag-chou-palmiste","18":"product_tag-complement-alimentaire","19":"product_tag-maroc","20":"product_tag-now-foods","21":"product_tag-sante-de-la-prostate","22":"product_tag-sante-masculine","23":"product_tag-saw-palmetto","25":"first","26":"instock","27":"sale","28":"taxable","29":"shipping-taxable","30":"purchasable","31":"product-type-simple"},"yoast_head":"<!-- This site is optimized with the Yoast SEO plugin v27.5 - https:\/\/yoast.com\/product\/yoast-seo-wordpress\/ -->\n<title>NOW Foods Extrait de Chou Palmiste 160 mg 90 Cap \u2013 Maroc Prix<\/title>\n<meta name=\"description\" content=\"NOW Foods extrait de chou palmiste 160 mg, 90 capsules. Compl\u00e9ment \u00e0 base de plante pour soutenir la sant\u00e9 de la prostate et l\u2019\u00e9quilibre hormonal masculin.\" \/>\n<meta name=\"robots\" content=\"index, follow, max-snippet:-1, max-image-preview:large, max-video-preview:-1\" \/>\n<link rel=\"canonical\" href=\"https:\/\/vitablanca.ma\/ar\/product-2\/now-foods-extrait-de-chou-palmiste-160-mg-90-capsules-a-enveloppe-molle-maroc-prix\/\" \/>\n<meta property=\"og:locale\" content=\"ar_AR\" \/>\n<meta property=\"og:type\" content=\"article\" \/>\n<meta property=\"og:title\" content=\"NOW Foods Extrait de Chou Palmiste 160 mg 90 Cap \u2013 Maroc Prix\" \/>\n<meta property=\"og:description\" content=\"NOW Foods extrait de chou palmiste 160 mg, 90 capsules. Compl\u00e9ment \u00e0 base de plante pour soutenir la sant\u00e9 de la prostate et l\u2019\u00e9quilibre hormonal masculin.\" \/>\n<meta property=\"og:url\" content=\"https:\/\/vitablanca.ma\/ar\/product-2\/now-foods-extrait-de-chou-palmiste-160-mg-90-capsules-a-enveloppe-molle-maroc-prix\/\" \/>\n<meta property=\"og:site_name\" content=\"Vitablanca.ma &ndash; Sant&eacute;, vitalit&eacute; et bien-&ecirc;tre pour tous les Marocains\" \/>\n<meta property=\"article:publisher\" content=\"https:\/\/www.facebook.com\/profile.php?id=61576678196717\" \/>\n<meta property=\"article:modified_time\" content=\"2026-03-28T17:51:52+00:00\" \/>\n<meta property=\"og:image\" content=\"https:\/\/vitablanca.ma\/wp-content\/uploads\/2026\/03\/NOW-Foods-Extrait-de-chou-palmiste-160-mg-90-capsules-a-enveloppe-molle1.jpg\" \/>\n\t<meta property=\"og:image:width\" content=\"1600\" \/>\n\t<meta property=\"og:image:height\" content=\"1600\" \/>\n\t<meta property=\"og:image:type\" content=\"image\/jpeg\" \/>\n<meta name=\"twitter:card\" content=\"summary_large_image\" \/>\n<meta name=\"twitter:label1\" content=\"\u0648\u0642\u062a \u0627\u0644\u0642\u0631\u0627\u0621\u0629 \u0627\u0644\u0645\u064f\u0642\u062f\u0651\u0631\" \/>\n\t<meta name=\"twitter:data1\" content=\"\u062f\u0642\u064a\u0642\u062a\u0627\u0646\" \/>\n<script type=\"application\/ld+json\" class=\"yoast-schema-graph\">{\"@context\":\"https:\\\/\\\/schema.org\",\"@graph\":[{\"@type\":[\"WebPage\",\"ItemPage\"],\"@id\":\"https:\\\/\\\/vitablanca.ma\\\/produit\\\/now-foods-extrait-de-chou-palmiste-160-mg-90-capsules-a-enveloppe-molle-maroc-prix\\\/\",\"url\":\"https:\\\/\\\/vitablanca.ma\\\/produit\\\/now-foods-extrait-de-chou-palmiste-160-mg-90-capsules-a-enveloppe-molle-maroc-prix\\\/\",\"name\":\"NOW Foods Extrait de Chou Palmiste 160 mg 90 Cap \u2013 Maroc Prix\",\"isPartOf\":{\"@id\":\"https:\\\/\\\/vitablanca.ma\\\/#website\"},\"primaryImageOfPage\":{\"@id\":\"https:\\\/\\\/vitablanca.ma\\\/produit\\\/now-foods-extrait-de-chou-palmiste-160-mg-90-capsules-a-enveloppe-molle-maroc-prix\\\/#primaryimage\"},\"image\":{\"@id\":\"https:\\\/\\\/vitablanca.ma\\\/produit\\\/now-foods-extrait-de-chou-palmiste-160-mg-90-capsules-a-enveloppe-molle-maroc-prix\\\/#primaryimage\"},\"thumbnailUrl\":\"https:\\\/\\\/vitablanca.ma\\\/wp-content\\\/uploads\\\/2026\\\/03\\\/NOW-Foods-Extrait-de-chou-palmiste-160-mg-90-capsules-a-enveloppe-molle1.jpg\",\"datePublished\":\"2026-03-17T02:45:15+00:00\",\"dateModified\":\"2026-03-28T17:51:52+00:00\",\"description\":\"NOW Foods extrait de chou palmiste 160 mg, 90 capsules. Compl\u00e9ment \u00e0 base de plante pour soutenir la sant\u00e9 de la prostate et l\u2019\u00e9quilibre hormonal masculin.\",\"breadcrumb\":{\"@id\":\"https:\\\/\\\/vitablanca.ma\\\/produit\\\/now-foods-extrait-de-chou-palmiste-160-mg-90-capsules-a-enveloppe-molle-maroc-prix\\\/#breadcrumb\"},\"inLanguage\":\"ar\",\"potentialAction\":[{\"@type\":\"ReadAction\",\"target\":[\"https:\\\/\\\/vitablanca.ma\\\/produit\\\/now-foods-extrait-de-chou-palmiste-160-mg-90-capsules-a-enveloppe-molle-maroc-prix\\\/\"]}]},{\"@type\":\"ImageObject\",\"inLanguage\":\"ar\",\"@id\":\"https:\\\/\\\/vitablanca.ma\\\/produit\\\/now-foods-extrait-de-chou-palmiste-160-mg-90-capsules-a-enveloppe-molle-maroc-prix\\\/#primaryimage\",\"url\":\"https:\\\/\\\/vitablanca.ma\\\/wp-content\\\/uploads\\\/2026\\\/03\\\/NOW-Foods-Extrait-de-chou-palmiste-160-mg-90-capsules-a-enveloppe-molle1.jpg\",\"contentUrl\":\"https:\\\/\\\/vitablanca.ma\\\/wp-content\\\/uploads\\\/2026\\\/03\\\/NOW-Foods-Extrait-de-chou-palmiste-160-mg-90-capsules-a-enveloppe-molle1.jpg\",\"width\":1600,\"height\":1600},{\"@type\":\"BreadcrumbList\",\"@id\":\"https:\\\/\\\/vitablanca.ma\\\/produit\\\/now-foods-extrait-de-chou-palmiste-160-mg-90-capsules-a-enveloppe-molle-maroc-prix\\\/#breadcrumb\",\"itemListElement\":[{\"@type\":\"ListItem\",\"position\":1,\"name\":\"Home\",\"item\":\"https:\\\/\\\/vitablanca.ma\\\/\"},{\"@type\":\"ListItem\",\"position\":2,\"name\":\"Tous Les Produits\",\"item\":\"https:\\\/\\\/vitablanca.ma\\\/tous-les-produits\\\/\"},{\"@type\":\"ListItem\",\"position\":3,\"name\":\"NOW Foods, Extrait de chou palmiste, 160 mg, 90 capsules \u00e0 enveloppe molle\"}]},{\"@type\":\"WebSite\",\"@id\":\"https:\\\/\\\/vitablanca.ma\\\/#website\",\"url\":\"https:\\\/\\\/vitablanca.ma\\\/\",\"name\":\"VitaBlanca.ma | Compl\u00e9ments alimentaires, sant\u00e9 & beaut\u00e9 au Maroc\",\"description\":\"vendre vitamines et compl\u00e9ments premium des USA &amp; Canada, Nouvelle Z\u00e9lande,Maroc (NOW Foods, Solgar, Manuka). Livraison rapide partout au Maroc.\",\"publisher\":{\"@id\":\"https:\\\/\\\/vitablanca.ma\\\/#organization\"},\"alternateName\":\"VitaBlanca.ma\",\"potentialAction\":[{\"@type\":\"SearchAction\",\"target\":{\"@type\":\"EntryPoint\",\"urlTemplate\":\"https:\\\/\\\/vitablanca.ma\\\/?s={search_term_string}\"},\"query-input\":{\"@type\":\"PropertyValueSpecification\",\"valueRequired\":true,\"valueName\":\"search_term_string\"}}],\"inLanguage\":\"ar\"},{\"@type\":\"Organization\",\"@id\":\"https:\\\/\\\/vitablanca.ma\\\/#organization\",\"name\":\"VitaBlanca\",\"url\":\"https:\\\/\\\/vitablanca.ma\\\/\",\"logo\":{\"@type\":\"ImageObject\",\"inLanguage\":\"ar\",\"@id\":\"https:\\\/\\\/vitablanca.ma\\\/#\\\/schema\\\/logo\\\/image\\\/\",\"url\":\"https:\\\/\\\/vitablanca.ma\\\/wp-content\\\/uploads\\\/2025\\\/05\\\/cropped-vitablanca.png\",\"contentUrl\":\"https:\\\/\\\/vitablanca.ma\\\/wp-content\\\/uploads\\\/2025\\\/05\\\/cropped-vitablanca.png\",\"width\":360,\"height\":67,\"caption\":\"VitaBlanca\"},\"image\":{\"@id\":\"https:\\\/\\\/vitablanca.ma\\\/#\\\/schema\\\/logo\\\/image\\\/\"},\"sameAs\":[\"https:\\\/\\\/www.facebook.com\\\/profile.php?id=61576678196717\",\"https:\\\/\\\/www.tiktok.com\\\/@vitablanca.ma\",\"https:\\\/\\\/www.instagram.com\\\/vitablanca.ma\\\/\"]}]}<\/script>\n<!-- \/ Yoast SEO plugin. -->","yoast_head_json":{"title":"NOW Foods Extrait de Chou Palmiste 160 mg 90 Cap \u2013 Maroc Prix","description":"NOW Foods extrait de chou palmiste 160 mg, 90 capsules. Compl\u00e9ment \u00e0 base de plante pour soutenir la sant\u00e9 de la prostate et l\u2019\u00e9quilibre hormonal masculin.","robots":{"index":"index","follow":"follow","max-snippet":"max-snippet:-1","max-image-preview":"max-image-preview:large","max-video-preview":"max-video-preview:-1"},"canonical":"https:\/\/vitablanca.ma\/ar\/product-2\/now-foods-extrait-de-chou-palmiste-160-mg-90-capsules-a-enveloppe-molle-maroc-prix\/","og_locale":"ar_AR","og_type":"article","og_title":"NOW Foods Extrait de Chou Palmiste 160 mg 90 Cap \u2013 Maroc Prix","og_description":"NOW Foods extrait de chou palmiste 160 mg, 90 capsules. Compl\u00e9ment \u00e0 base de plante pour soutenir la sant\u00e9 de la prostate et l\u2019\u00e9quilibre hormonal masculin.","og_url":"https:\/\/vitablanca.ma\/ar\/product-2\/now-foods-extrait-de-chou-palmiste-160-mg-90-capsules-a-enveloppe-molle-maroc-prix\/","og_site_name":"Vitablanca.ma &ndash; Sant&eacute;, vitalit&eacute; et bien-&ecirc;tre pour tous les Marocains","article_publisher":"https:\/\/www.facebook.com\/profile.php?id=61576678196717","article_modified_time":"2026-03-28T17:51:52+00:00","og_image":[{"width":1600,"height":1600,"url":"https:\/\/vitablanca.ma\/wp-content\/uploads\/2026\/03\/NOW-Foods-Extrait-de-chou-palmiste-160-mg-90-capsules-a-enveloppe-molle1.jpg","type":"image\/jpeg"}],"twitter_card":"summary_large_image","twitter_misc":{"\u0648\u0642\u062a \u0627\u0644\u0642\u0631\u0627\u0621\u0629 \u0627\u0644\u0645\u064f\u0642\u062f\u0651\u0631":"\u062f\u0642\u064a\u0642\u062a\u0627\u0646"},"schema":{"@context":"https:\/\/schema.org","@graph":[{"@type":["WebPage","ItemPage"],"@id":"https:\/\/vitablanca.ma\/produit\/now-foods-extrait-de-chou-palmiste-160-mg-90-capsules-a-enveloppe-molle-maroc-prix\/","url":"https:\/\/vitablanca.ma\/produit\/now-foods-extrait-de-chou-palmiste-160-mg-90-capsules-a-enveloppe-molle-maroc-prix\/","name":"NOW Foods Extrait de Chou Palmiste 160 mg 90 Cap \u2013 Maroc Prix","isPartOf":{"@id":"https:\/\/vitablanca.ma\/#website"},"primaryImageOfPage":{"@id":"https:\/\/vitablanca.ma\/produit\/now-foods-extrait-de-chou-palmiste-160-mg-90-capsules-a-enveloppe-molle-maroc-prix\/#primaryimage"},"image":{"@id":"https:\/\/vitablanca.ma\/produit\/now-foods-extrait-de-chou-palmiste-160-mg-90-capsules-a-enveloppe-molle-maroc-prix\/#primaryimage"},"thumbnailUrl":"https:\/\/vitablanca.ma\/wp-content\/uploads\/2026\/03\/NOW-Foods-Extrait-de-chou-palmiste-160-mg-90-capsules-a-enveloppe-molle1.jpg","datePublished":"2026-03-17T02:45:15+00:00","dateModified":"2026-03-28T17:51:52+00:00","description":"NOW Foods extrait de chou palmiste 160 mg, 90 capsules. Compl\u00e9ment \u00e0 base de plante pour soutenir la sant\u00e9 de la prostate et l\u2019\u00e9quilibre hormonal masculin.","breadcrumb":{"@id":"https:\/\/vitablanca.ma\/produit\/now-foods-extrait-de-chou-palmiste-160-mg-90-capsules-a-enveloppe-molle-maroc-prix\/#breadcrumb"},"inLanguage":"ar","potentialAction":[{"@type":"ReadAction","target":["https:\/\/vitablanca.ma\/produit\/now-foods-extrait-de-chou-palmiste-160-mg-90-capsules-a-enveloppe-molle-maroc-prix\/"]}]},{"@type":"ImageObject","inLanguage":"ar","@id":"https:\/\/vitablanca.ma\/produit\/now-foods-extrait-de-chou-palmiste-160-mg-90-capsules-a-enveloppe-molle-maroc-prix\/#primaryimage","url":"https:\/\/vitablanca.ma\/wp-content\/uploads\/2026\/03\/NOW-Foods-Extrait-de-chou-palmiste-160-mg-90-capsules-a-enveloppe-molle1.jpg","contentUrl":"https:\/\/vitablanca.ma\/wp-content\/uploads\/2026\/03\/NOW-Foods-Extrait-de-chou-palmiste-160-mg-90-capsules-a-enveloppe-molle1.jpg","width":1600,"height":1600},{"@type":"BreadcrumbList","@id":"https:\/\/vitablanca.ma\/produit\/now-foods-extrait-de-chou-palmiste-160-mg-90-capsules-a-enveloppe-molle-maroc-prix\/#breadcrumb","itemListElement":[{"@type":"ListItem","position":1,"name":"Home","item":"https:\/\/vitablanca.ma\/"},{"@type":"ListItem","position":2,"name":"Tous Les Produits","item":"https:\/\/vitablanca.ma\/tous-les-produits\/"},{"@type":"ListItem","position":3,"name":"NOW Foods, Extrait de chou palmiste, 160 mg, 90 capsules \u00e0 enveloppe molle"}]},{"@type":"WebSite","@id":"https:\/\/vitablanca.ma\/#website","url":"https:\/\/vitablanca.ma\/","name":"VitaBlanca.ma | \u0627\u0644\u0645\u0643\u0645\u0644\u0627\u062a \u0627\u0644\u063a\u0630\u0627\u0626\u064a\u0629\u060c \u0627\u0644\u0635\u062d\u0629 \u0648\u0627\u0644\u062c\u0645\u0627\u0644 \u0641\u064a \u0627\u0644\u0645\u063a\u0631\u0628","description":"\u0646\u0628\u064a\u0639 \u0641\u064a\u062a\u0627\u0645\u064a\u0646\u0627\u062a \u0648\u0645\u0643\u0645\u0644\u0627\u062a \u063a\u0630\u0627\u0626\u064a\u0629 \u0641\u0627\u062e\u0631\u0629 \u0645\u0646 \u0627\u0644\u0648\u0644\u0627\u064a\u0627\u062a \u0627\u0644\u0645\u062a\u062d\u062f\u0629 \u0627\u0644\u0623\u0645\u0631\u064a\u0643\u064a\u0629 \u0648\u0643\u0646\u062f\u0627 \u0648\u0646\u064a\u0648\u0632\u064a\u0644\u0646\u062f\u0627 \u0648\u0627\u0644\u0645\u063a\u0631\u0628 (\u0646\u0627\u0648 \u0641\u0648\u062f\u0632\u060c \u0633\u0648\u0644\u062c\u0627\u0631\u060c \u0645\u0627\u0646\u0648\u0643\u0627). \u062a\u0648\u0635\u064a\u0644 \u0633\u0631\u064a\u0639 \u0625\u0644\u0649 \u062c\u0645\u064a\u0639 \u0623\u0646\u062d\u0627\u0621 \u0627\u0644\u0645\u063a\u0631\u0628.","publisher":{"@id":"https:\/\/vitablanca.ma\/#organization"},"alternateName":"VitaBlanca.ma","potentialAction":[{"@type":"SearchAction","target":{"@type":"EntryPoint","urlTemplate":"https:\/\/vitablanca.ma\/?s={search_term_string}"},"query-input":{"@type":"PropertyValueSpecification","valueRequired":true,"valueName":"search_term_string"}}],"inLanguage":"ar"},{"@type":"Organization","@id":"https:\/\/vitablanca.ma\/#organization","name":"\u0641\u064a\u062a\u0627\u0628\u0644\u0627\u0646\u0643\u0627","url":"https:\/\/vitablanca.ma\/","logo":{"@type":"ImageObject","inLanguage":"ar","@id":"https:\/\/vitablanca.ma\/#\/schema\/logo\/image\/","url":"https:\/\/vitablanca.ma\/wp-content\/uploads\/2025\/05\/cropped-vitablanca.png","contentUrl":"https:\/\/vitablanca.ma\/wp-content\/uploads\/2025\/05\/cropped-vitablanca.png","width":360,"height":67,"caption":"VitaBlanca"},"image":{"@id":"https:\/\/vitablanca.ma\/#\/schema\/logo\/image\/"},"sameAs":["https:\/\/www.facebook.com\/profile.php?id=61576678196717","https:\/\/www.tiktok.com\/@vitablanca.ma","https:\/\/www.instagram.com\/vitablanca.ma\/"]}]}},"jetpack_sharing_enabled":true,"_links":{"self":[{"href":"https:\/\/vitablanca.ma\/ar\/wp-json\/wp\/v2\/product\/34266","targetHints":{"allow":["GET"]}}],"collection":[{"href":"https:\/\/vitablanca.ma\/ar\/wp-json\/wp\/v2\/product"}],"about":[{"href":"https:\/\/vitablanca.ma\/ar\/wp-json\/wp\/v2\/types\/product"}],"wp:featuredmedia":[{"embeddable":true,"href":"https:\/\/vitablanca.ma\/ar\/wp-json\/wp\/v2\/media\/34267"}],"wp:attachment":[{"href":"https:\/\/vitablanca.ma\/ar\/wp-json\/wp\/v2\/media?parent=34266"}],"wp:term":[{"taxonomy":"product_brand","embeddable":true,"href":"https:\/\/vitablanca.ma\/ar\/wp-json\/wp\/v2\/product_brand?post=34266"},{"taxonomy":"product_cat","embeddable":true,"href":"https:\/\/vitablanca.ma\/ar\/wp-json\/wp\/v2\/product_cat?post=34266"},{"taxonomy":"product_tag","embeddable":true,"href":"https:\/\/vitablanca.ma\/ar\/wp-json\/wp\/v2\/product_tag?post=34266"}],"curies":[{"name":"wp","href":"https:\/\/api.w.org\/{rel}","templated":true}]}}