{"id":34220,"date":"2026-03-16T00:26:48","date_gmt":"2026-03-16T00:26:48","guid":{"rendered":"https:\/\/vitablanca.ma\/?post_type=product&#038;p=34220"},"modified":"2026-03-28T17:51:53","modified_gmt":"2026-03-28T17:51:53","slug":"now-foods-nicotinamide-1000-mg-90-comprimes-maroc-prix","status":"publish","type":"product","link":"https:\/\/vitablanca.ma\/ar\/product-2\/now-foods-nicotinamide-1000-mg-90-comprimes-maroc-prix\/","title":{"rendered":"NOW Foods, Nicotinamide, 1000 mg, 90 comprim\u00e9s"},"content":{"rendered":"<div class=\"row item-row\">\n<div class=\"col-xs-24\">\n<div>\n<p>Le niacinamide (vitamine\u00a0B3) est une forme de niacine, une vitamine\u00a0B hydrosoluble. C\u2019est un d\u00e9riv\u00e9 de la niacine qui ne provoque pas les rougeurs normalement associ\u00e9es \u00e0 la prise de fortes doses de niacine. Le niacinamide est facilement converti en formes bioactives de niacine \u2013 NAD+, NADH, NADP et NADPH \u2013 qui sont des cofacteurs vitaux dans la production d\u2019\u00e9nergie cellulaire et sont essentielles pour le maintien de la stabilit\u00e9 de l\u2019ADN.<\/p>\n<\/div>\n<\/div>\n<\/div>\n<div class=\"row item-row\">\n<div class=\"col-xs-24\">\n<h3><strong>\u0627\u0644\u0627\u0633\u062a\u062e\u062f\u0627\u0645 \u0627\u0644\u0645\u0642\u062a\u0631\u062d<\/strong><\/h3>\n<div class=\"prodOverviewDetail\">\n<p>Prenez 1\u00a0comprim\u00e9 par jour au cours d\u2019un repas.<\/p>\n<\/div>\n<\/div>\n<\/div>\n<div class=\"row item-row\">\n<div class=\"col-xs-24\">\n<h3><strong>\u0627\u0644\u0645\u0643\u0648\u0646\u0627\u062a \u0627\u0644\u0623\u062e\u0631\u0649<\/strong><\/h3>\n<div class=\"prodOverviewIngred\">\n<p>Cellulose microcristalline, Acide st\u00e9arique (source v\u00e9g\u00e9tale), enrobage v\u00e9g\u00e9tarien \u2018hypromellose (cellulose), Acide st\u00e9arique (source v\u00e9g\u00e9tale), l\u00e9cithine de tournesol, citrate de tri\u00e9thyle#93; et dioxyde de silicium.<\/p>\n<p>Non fabriqu\u00e9 avec du bl\u00e9, gluten, soja, lait, oeuf, poisson, coquillage, Ingr\u00e9dients \u00e0 base de noix ou de s\u00e9same. Produit dans une installation BPF qui traite d\u2019autres ingr\u00e9dients contenant ces allerg\u00e8nes.<\/p>\n<p>Fabriqu\u00e9 et test\u00e9 aux \u00c9tats-Unis avec des ingr\u00e9dients provenant du monde entier.<\/p>\n<\/div>\n<\/div>\n<\/div>\n<div class=\"row item-row\">\n<div class=\"col-xs-24\">\n<h3><strong>\u062a\u062d\u0630\u064a\u0631\u0627\u062a<\/strong><\/h3>\n<div class=\"prodOverviewDetail\">\n<p>R\u00e9serv\u00e9 aux adultes. Consultez un m\u00e9decin si vous \u00eates enceinte, allaitez, prenez des m\u00e9dicaments ou pr\u00e9sentez une affection m\u00e9dicale (probl\u00e8mes h\u00e9patiques, ulc\u00e8res \u00e0 l\u2019estomac, diab\u00e8te, goutte, etc.) Tenir hors de port\u00e9e des enfants.<\/p>\n<p>Des variations de couleur naturelles peuvent se produire dans ce produit.<\/p>\n<p>Conserver dans un endroit frais et sec apr\u00e8s ouverture.<\/p>\n<p>La nicotinamide et la niacine sont deux formes diff\u00e9rentes de vitamine B3. La nicotinamide ne provoque pas de rougeurs li\u00e9es \u00e0 la niacine.<\/p>\n<table border=\"1\" width=\"100%\" cellspacing=\"0\" cellpadding=\"3\">\n<tbody>\n<tr valign=\"top\">\n<td colspan=\"3\"><strong>Faits sur les suppl\u00e9ments<\/strong><\/td>\n<\/tr>\n<tr valign=\"top\">\n<td colspan=\"3\"><strong>Portion\u00a0:<\/strong>\u00a01\u00a0comprim\u00e9<\/td>\n<\/tr>\n<tr valign=\"top\">\n<td><\/td>\n<td><strong>Quantit\u00e9 par portion<\/strong><\/td>\n<td><strong>% Valeur quotidienne<\/strong><\/td>\n<\/tr>\n<tr valign=\"top\">\n<td>Niacine (sous forme de nicotinamide) (vitamine\u00a0B3)<\/td>\n<td>1 000 mg<\/td>\n<td>6250\u00a0%<\/td>\n<\/tr>\n<\/tbody>\n<\/table>\n<\/div>\n<\/div>\n<\/div>","protected":false},"excerpt":{"rendered":"<ul>\n<li>\u0625\u0646\u062a\u0627\u062c \u0627\u0644\u0637\u0627\u0642\u0629<\/li>\n<li>Vitamine B-3, sans rougeurs<\/li>\n<li>\u062e\u0627\u0644\u064a\u0629 \u0645\u0646 \u0627\u0644\u0643\u0627\u0626\u0646\u0627\u062a \u0627\u0644\u0645\u0639\u062f\u0644\u0629 \u0648\u0631\u0627\u062b\u064a\u064b\u0627<\/li>\n<li>\u0645\u0643\u0645\u0644 \u063a\u0630\u0627\u0626\u064a<\/li>\n<li>V\u00e9g\u00e9tarien\/V\u00e9gan<\/li>\n<li>\u0627\u0644\u0641\u064a\u062a\u0627\u0645\u064a\u0646\u0627\u062a<\/li>\n<li>\u0634\u0631\u0643\u0629 \u0639\u0627\u0626\u0644\u064a\u0629 \u0645\u0646\u0630 \u0639\u0627\u0645 1968<\/li>\n<li id=\"isPasted\">\u0636\u0645\u0627\u0646 \u062c\u0648\u062f\u0629 GMP<\/li>\n<\/ul>","protected":false},"featured_media":34222,"template":"","meta":{"om_disable_all_campaigns":false},"product_brand":[83],"product_cat":[18,8967,3366,7965,8906,7963],"product_tag":[8976,7752,181,965,3492,11948,88,5072,1719,1733],"class_list":{"0":"post-34220","1":"product","2":"type-product","3":"status-publish","4":"has-post-thumbnail","6":"product_brand-now-foods-maroc-prix","7":"product_cat-beaute-sante","8":"product_cat-complements","9":"product_cat-complements-alimentaires-au-maroc-vitablanca","10":"product_cat-vitamine-b-2","11":"product_cat-vitamine-b3-niacine","12":"product_cat-vitamines-2","13":"product_tag-1000-mg","14":"product_tag-90-comprimes","15":"product_tag-complement-alimentaire","16":"product_tag-energie-cellulaire","17":"product_tag-maroc","18":"product_tag-nicotinamide","19":"product_tag-now-foods","20":"product_tag-sante-de-la-peau","21":"product_tag-vitamine-b3","22":"product_tag-vitamines-b","24":"first","25":"instock","26":"sale","27":"taxable","28":"shipping-taxable","29":"purchasable","30":"product-type-simple"},"yoast_head":"<!-- This site is optimized with the Yoast SEO plugin v27.5 - https:\/\/yoast.com\/product\/yoast-seo-wordpress\/ -->\n<title>NOW Foods Nicotinamide 1000 mg 90 Comprim\u00e9s \u2013 Maroc Prix<\/title>\n<meta name=\"description\" content=\"NOW Foods Nicotinamide 1000 mg, 90 comprim\u00e9s. Forme de vitamine B3 qui soutient l\u2019\u00e9nergie cellulaire, le m\u00e9tabolisme et la sant\u00e9 de la peau. Disponible\" \/>\n<meta name=\"robots\" content=\"index, follow, max-snippet:-1, max-image-preview:large, max-video-preview:-1\" \/>\n<link rel=\"canonical\" href=\"https:\/\/vitablanca.ma\/ar\/product-2\/now-foods-nicotinamide-1000-mg-90-comprimes-maroc-prix\/\" \/>\n<meta property=\"og:locale\" content=\"ar_AR\" \/>\n<meta property=\"og:type\" content=\"article\" \/>\n<meta property=\"og:title\" content=\"NOW Foods Nicotinamide 1000 mg 90 Comprim\u00e9s \u2013 Maroc Prix\" \/>\n<meta property=\"og:description\" content=\"NOW Foods Nicotinamide 1000 mg, 90 comprim\u00e9s. Forme de vitamine B3 qui soutient l\u2019\u00e9nergie cellulaire, le m\u00e9tabolisme et la sant\u00e9 de la peau. Disponible\" \/>\n<meta property=\"og:url\" content=\"https:\/\/vitablanca.ma\/ar\/product-2\/now-foods-nicotinamide-1000-mg-90-comprimes-maroc-prix\/\" \/>\n<meta property=\"og:site_name\" content=\"Vitablanca.ma &ndash; Sant&eacute;, vitalit&eacute; et bien-&ecirc;tre pour tous les Marocains\" \/>\n<meta property=\"article:publisher\" content=\"https:\/\/www.facebook.com\/profile.php?id=61576678196717\" \/>\n<meta property=\"article:modified_time\" content=\"2026-03-28T17:51:53+00:00\" \/>\n<meta property=\"og:image\" content=\"https:\/\/vitablanca.ma\/wp-content\/uploads\/2026\/03\/NOW-Foods-Nicotinamide-1000-mg-90-comprimes1.jpg\" \/>\n\t<meta property=\"og:image:width\" content=\"1600\" \/>\n\t<meta property=\"og:image:height\" content=\"1600\" \/>\n\t<meta property=\"og:image:type\" content=\"image\/jpeg\" \/>\n<meta name=\"twitter:card\" content=\"summary_large_image\" \/>\n<meta name=\"twitter:label1\" content=\"\u0648\u0642\u062a \u0627\u0644\u0642\u0631\u0627\u0621\u0629 \u0627\u0644\u0645\u064f\u0642\u062f\u0651\u0631\" \/>\n\t<meta name=\"twitter:data1\" content=\"\u062f\u0642\u064a\u0642\u062a\u0627\u0646\" \/>\n<script type=\"application\/ld+json\" class=\"yoast-schema-graph\">{\"@context\":\"https:\\\/\\\/schema.org\",\"@graph\":[{\"@type\":[\"WebPage\",\"ItemPage\"],\"@id\":\"https:\\\/\\\/vitablanca.ma\\\/produit\\\/now-foods-nicotinamide-1000-mg-90-comprimes-maroc-prix\\\/\",\"url\":\"https:\\\/\\\/vitablanca.ma\\\/produit\\\/now-foods-nicotinamide-1000-mg-90-comprimes-maroc-prix\\\/\",\"name\":\"NOW Foods Nicotinamide 1000 mg 90 Comprim\u00e9s \u2013 Maroc Prix\",\"isPartOf\":{\"@id\":\"https:\\\/\\\/vitablanca.ma\\\/#website\"},\"primaryImageOfPage\":{\"@id\":\"https:\\\/\\\/vitablanca.ma\\\/produit\\\/now-foods-nicotinamide-1000-mg-90-comprimes-maroc-prix\\\/#primaryimage\"},\"image\":{\"@id\":\"https:\\\/\\\/vitablanca.ma\\\/produit\\\/now-foods-nicotinamide-1000-mg-90-comprimes-maroc-prix\\\/#primaryimage\"},\"thumbnailUrl\":\"https:\\\/\\\/vitablanca.ma\\\/wp-content\\\/uploads\\\/2026\\\/03\\\/NOW-Foods-Nicotinamide-1000-mg-90-comprimes1.jpg\",\"datePublished\":\"2026-03-16T00:26:48+00:00\",\"dateModified\":\"2026-03-28T17:51:53+00:00\",\"description\":\"NOW Foods Nicotinamide 1000 mg, 90 comprim\u00e9s. Forme de vitamine B3 qui soutient l\u2019\u00e9nergie cellulaire, le m\u00e9tabolisme et la sant\u00e9 de la peau. Disponible\",\"breadcrumb\":{\"@id\":\"https:\\\/\\\/vitablanca.ma\\\/produit\\\/now-foods-nicotinamide-1000-mg-90-comprimes-maroc-prix\\\/#breadcrumb\"},\"inLanguage\":\"ar\",\"potentialAction\":[{\"@type\":\"ReadAction\",\"target\":[\"https:\\\/\\\/vitablanca.ma\\\/produit\\\/now-foods-nicotinamide-1000-mg-90-comprimes-maroc-prix\\\/\"]}]},{\"@type\":\"ImageObject\",\"inLanguage\":\"ar\",\"@id\":\"https:\\\/\\\/vitablanca.ma\\\/produit\\\/now-foods-nicotinamide-1000-mg-90-comprimes-maroc-prix\\\/#primaryimage\",\"url\":\"https:\\\/\\\/vitablanca.ma\\\/wp-content\\\/uploads\\\/2026\\\/03\\\/NOW-Foods-Nicotinamide-1000-mg-90-comprimes1.jpg\",\"contentUrl\":\"https:\\\/\\\/vitablanca.ma\\\/wp-content\\\/uploads\\\/2026\\\/03\\\/NOW-Foods-Nicotinamide-1000-mg-90-comprimes1.jpg\",\"width\":1600,\"height\":1600},{\"@type\":\"BreadcrumbList\",\"@id\":\"https:\\\/\\\/vitablanca.ma\\\/produit\\\/now-foods-nicotinamide-1000-mg-90-comprimes-maroc-prix\\\/#breadcrumb\",\"itemListElement\":[{\"@type\":\"ListItem\",\"position\":1,\"name\":\"Home\",\"item\":\"https:\\\/\\\/vitablanca.ma\\\/\"},{\"@type\":\"ListItem\",\"position\":2,\"name\":\"Tous Les Produits\",\"item\":\"https:\\\/\\\/vitablanca.ma\\\/tous-les-produits\\\/\"},{\"@type\":\"ListItem\",\"position\":3,\"name\":\"NOW Foods, Nicotinamide, 1000 mg, 90 comprim\u00e9s\"}]},{\"@type\":\"WebSite\",\"@id\":\"https:\\\/\\\/vitablanca.ma\\\/#website\",\"url\":\"https:\\\/\\\/vitablanca.ma\\\/\",\"name\":\"VitaBlanca.ma | Compl\u00e9ments alimentaires, sant\u00e9 & beaut\u00e9 au Maroc\",\"description\":\"vendre vitamines et compl\u00e9ments premium des USA &amp; Canada, Nouvelle Z\u00e9lande,Maroc (NOW Foods, Solgar, Manuka). Livraison rapide partout au Maroc.\",\"publisher\":{\"@id\":\"https:\\\/\\\/vitablanca.ma\\\/#organization\"},\"alternateName\":\"VitaBlanca.ma\",\"potentialAction\":[{\"@type\":\"SearchAction\",\"target\":{\"@type\":\"EntryPoint\",\"urlTemplate\":\"https:\\\/\\\/vitablanca.ma\\\/?s={search_term_string}\"},\"query-input\":{\"@type\":\"PropertyValueSpecification\",\"valueRequired\":true,\"valueName\":\"search_term_string\"}}],\"inLanguage\":\"ar\"},{\"@type\":\"Organization\",\"@id\":\"https:\\\/\\\/vitablanca.ma\\\/#organization\",\"name\":\"VitaBlanca\",\"url\":\"https:\\\/\\\/vitablanca.ma\\\/\",\"logo\":{\"@type\":\"ImageObject\",\"inLanguage\":\"ar\",\"@id\":\"https:\\\/\\\/vitablanca.ma\\\/#\\\/schema\\\/logo\\\/image\\\/\",\"url\":\"https:\\\/\\\/vitablanca.ma\\\/wp-content\\\/uploads\\\/2025\\\/05\\\/cropped-vitablanca.png\",\"contentUrl\":\"https:\\\/\\\/vitablanca.ma\\\/wp-content\\\/uploads\\\/2025\\\/05\\\/cropped-vitablanca.png\",\"width\":360,\"height\":67,\"caption\":\"VitaBlanca\"},\"image\":{\"@id\":\"https:\\\/\\\/vitablanca.ma\\\/#\\\/schema\\\/logo\\\/image\\\/\"},\"sameAs\":[\"https:\\\/\\\/www.facebook.com\\\/profile.php?id=61576678196717\",\"https:\\\/\\\/www.tiktok.com\\\/@vitablanca.ma\",\"https:\\\/\\\/www.instagram.com\\\/vitablanca.ma\\\/\"]}]}<\/script>\n<!-- \/ Yoast SEO plugin. -->","yoast_head_json":{"title":"NOW Foods Nicotinamide 1000 mg 90 Comprim\u00e9s \u2013 Maroc Prix","description":"NOW Foods Nicotinamide 1000 mg, 90 comprim\u00e9s. Forme de vitamine B3 qui soutient l\u2019\u00e9nergie cellulaire, le m\u00e9tabolisme et la sant\u00e9 de la peau. Disponible","robots":{"index":"index","follow":"follow","max-snippet":"max-snippet:-1","max-image-preview":"max-image-preview:large","max-video-preview":"max-video-preview:-1"},"canonical":"https:\/\/vitablanca.ma\/ar\/product-2\/now-foods-nicotinamide-1000-mg-90-comprimes-maroc-prix\/","og_locale":"ar_AR","og_type":"article","og_title":"NOW Foods Nicotinamide 1000 mg 90 Comprim\u00e9s \u2013 Maroc Prix","og_description":"NOW Foods Nicotinamide 1000 mg, 90 comprim\u00e9s. Forme de vitamine B3 qui soutient l\u2019\u00e9nergie cellulaire, le m\u00e9tabolisme et la sant\u00e9 de la peau. Disponible","og_url":"https:\/\/vitablanca.ma\/ar\/product-2\/now-foods-nicotinamide-1000-mg-90-comprimes-maroc-prix\/","og_site_name":"Vitablanca.ma &ndash; Sant&eacute;, vitalit&eacute; et bien-&ecirc;tre pour tous les Marocains","article_publisher":"https:\/\/www.facebook.com\/profile.php?id=61576678196717","article_modified_time":"2026-03-28T17:51:53+00:00","og_image":[{"width":1600,"height":1600,"url":"https:\/\/vitablanca.ma\/wp-content\/uploads\/2026\/03\/NOW-Foods-Nicotinamide-1000-mg-90-comprimes1.jpg","type":"image\/jpeg"}],"twitter_card":"summary_large_image","twitter_misc":{"\u0648\u0642\u062a \u0627\u0644\u0642\u0631\u0627\u0621\u0629 \u0627\u0644\u0645\u064f\u0642\u062f\u0651\u0631":"\u062f\u0642\u064a\u0642\u062a\u0627\u0646"},"schema":{"@context":"https:\/\/schema.org","@graph":[{"@type":["WebPage","ItemPage"],"@id":"https:\/\/vitablanca.ma\/produit\/now-foods-nicotinamide-1000-mg-90-comprimes-maroc-prix\/","url":"https:\/\/vitablanca.ma\/produit\/now-foods-nicotinamide-1000-mg-90-comprimes-maroc-prix\/","name":"NOW Foods Nicotinamide 1000 mg 90 Comprim\u00e9s \u2013 Maroc Prix","isPartOf":{"@id":"https:\/\/vitablanca.ma\/#website"},"primaryImageOfPage":{"@id":"https:\/\/vitablanca.ma\/produit\/now-foods-nicotinamide-1000-mg-90-comprimes-maroc-prix\/#primaryimage"},"image":{"@id":"https:\/\/vitablanca.ma\/produit\/now-foods-nicotinamide-1000-mg-90-comprimes-maroc-prix\/#primaryimage"},"thumbnailUrl":"https:\/\/vitablanca.ma\/wp-content\/uploads\/2026\/03\/NOW-Foods-Nicotinamide-1000-mg-90-comprimes1.jpg","datePublished":"2026-03-16T00:26:48+00:00","dateModified":"2026-03-28T17:51:53+00:00","description":"NOW Foods Nicotinamide 1000 mg, 90 comprim\u00e9s. Forme de vitamine B3 qui soutient l\u2019\u00e9nergie cellulaire, le m\u00e9tabolisme et la sant\u00e9 de la peau. Disponible","breadcrumb":{"@id":"https:\/\/vitablanca.ma\/produit\/now-foods-nicotinamide-1000-mg-90-comprimes-maroc-prix\/#breadcrumb"},"inLanguage":"ar","potentialAction":[{"@type":"ReadAction","target":["https:\/\/vitablanca.ma\/produit\/now-foods-nicotinamide-1000-mg-90-comprimes-maroc-prix\/"]}]},{"@type":"ImageObject","inLanguage":"ar","@id":"https:\/\/vitablanca.ma\/produit\/now-foods-nicotinamide-1000-mg-90-comprimes-maroc-prix\/#primaryimage","url":"https:\/\/vitablanca.ma\/wp-content\/uploads\/2026\/03\/NOW-Foods-Nicotinamide-1000-mg-90-comprimes1.jpg","contentUrl":"https:\/\/vitablanca.ma\/wp-content\/uploads\/2026\/03\/NOW-Foods-Nicotinamide-1000-mg-90-comprimes1.jpg","width":1600,"height":1600},{"@type":"BreadcrumbList","@id":"https:\/\/vitablanca.ma\/produit\/now-foods-nicotinamide-1000-mg-90-comprimes-maroc-prix\/#breadcrumb","itemListElement":[{"@type":"ListItem","position":1,"name":"Home","item":"https:\/\/vitablanca.ma\/"},{"@type":"ListItem","position":2,"name":"Tous Les Produits","item":"https:\/\/vitablanca.ma\/tous-les-produits\/"},{"@type":"ListItem","position":3,"name":"NOW Foods, Nicotinamide, 1000 mg, 90 comprim\u00e9s"}]},{"@type":"WebSite","@id":"https:\/\/vitablanca.ma\/#website","url":"https:\/\/vitablanca.ma\/","name":"VitaBlanca.ma | \u0627\u0644\u0645\u0643\u0645\u0644\u0627\u062a \u0627\u0644\u063a\u0630\u0627\u0626\u064a\u0629\u060c \u0627\u0644\u0635\u062d\u0629 \u0648\u0627\u0644\u062c\u0645\u0627\u0644 \u0641\u064a \u0627\u0644\u0645\u063a\u0631\u0628","description":"\u0646\u0628\u064a\u0639 \u0641\u064a\u062a\u0627\u0645\u064a\u0646\u0627\u062a \u0648\u0645\u0643\u0645\u0644\u0627\u062a \u063a\u0630\u0627\u0626\u064a\u0629 \u0641\u0627\u062e\u0631\u0629 \u0645\u0646 \u0627\u0644\u0648\u0644\u0627\u064a\u0627\u062a \u0627\u0644\u0645\u062a\u062d\u062f\u0629 \u0627\u0644\u0623\u0645\u0631\u064a\u0643\u064a\u0629 \u0648\u0643\u0646\u062f\u0627 \u0648\u0646\u064a\u0648\u0632\u064a\u0644\u0646\u062f\u0627 \u0648\u0627\u0644\u0645\u063a\u0631\u0628 (\u0646\u0627\u0648 \u0641\u0648\u062f\u0632\u060c \u0633\u0648\u0644\u062c\u0627\u0631\u060c \u0645\u0627\u0646\u0648\u0643\u0627). \u062a\u0648\u0635\u064a\u0644 \u0633\u0631\u064a\u0639 \u0625\u0644\u0649 \u062c\u0645\u064a\u0639 \u0623\u0646\u062d\u0627\u0621 \u0627\u0644\u0645\u063a\u0631\u0628.","publisher":{"@id":"https:\/\/vitablanca.ma\/#organization"},"alternateName":"VitaBlanca.ma","potentialAction":[{"@type":"SearchAction","target":{"@type":"EntryPoint","urlTemplate":"https:\/\/vitablanca.ma\/?s={search_term_string}"},"query-input":{"@type":"PropertyValueSpecification","valueRequired":true,"valueName":"search_term_string"}}],"inLanguage":"ar"},{"@type":"Organization","@id":"https:\/\/vitablanca.ma\/#organization","name":"\u0641\u064a\u062a\u0627\u0628\u0644\u0627\u0646\u0643\u0627","url":"https:\/\/vitablanca.ma\/","logo":{"@type":"ImageObject","inLanguage":"ar","@id":"https:\/\/vitablanca.ma\/#\/schema\/logo\/image\/","url":"https:\/\/vitablanca.ma\/wp-content\/uploads\/2025\/05\/cropped-vitablanca.png","contentUrl":"https:\/\/vitablanca.ma\/wp-content\/uploads\/2025\/05\/cropped-vitablanca.png","width":360,"height":67,"caption":"VitaBlanca"},"image":{"@id":"https:\/\/vitablanca.ma\/#\/schema\/logo\/image\/"},"sameAs":["https:\/\/www.facebook.com\/profile.php?id=61576678196717","https:\/\/www.tiktok.com\/@vitablanca.ma","https:\/\/www.instagram.com\/vitablanca.ma\/"]}]}},"jetpack_sharing_enabled":true,"_links":{"self":[{"href":"https:\/\/vitablanca.ma\/ar\/wp-json\/wp\/v2\/product\/34220","targetHints":{"allow":["GET"]}}],"collection":[{"href":"https:\/\/vitablanca.ma\/ar\/wp-json\/wp\/v2\/product"}],"about":[{"href":"https:\/\/vitablanca.ma\/ar\/wp-json\/wp\/v2\/types\/product"}],"wp:featuredmedia":[{"embeddable":true,"href":"https:\/\/vitablanca.ma\/ar\/wp-json\/wp\/v2\/media\/34222"}],"wp:attachment":[{"href":"https:\/\/vitablanca.ma\/ar\/wp-json\/wp\/v2\/media?parent=34220"}],"wp:term":[{"taxonomy":"product_brand","embeddable":true,"href":"https:\/\/vitablanca.ma\/ar\/wp-json\/wp\/v2\/product_brand?post=34220"},{"taxonomy":"product_cat","embeddable":true,"href":"https:\/\/vitablanca.ma\/ar\/wp-json\/wp\/v2\/product_cat?post=34220"},{"taxonomy":"product_tag","embeddable":true,"href":"https:\/\/vitablanca.ma\/ar\/wp-json\/wp\/v2\/product_tag?post=34220"}],"curies":[{"name":"wp","href":"https:\/\/api.w.org\/{rel}","templated":true}]}}