{"id":34193,"date":"2026-03-15T12:50:58","date_gmt":"2026-03-15T12:50:58","guid":{"rendered":"https:\/\/vitablanca.ma\/?post_type=product&#038;p=34193"},"modified":"2026-03-28T17:51:54","modified_gmt":"2026-03-28T17:51:54","slug":"fairhaven-health-motilityboost-pour-hommes-60-capsules-maroc-prix","status":"publish","type":"product","link":"https:\/\/vitablanca.ma\/ar\/product-2\/fairhaven-health-motilityboost-pour-hommes-60-capsules-maroc-prix\/","title":{"rendered":"Fairhaven Health, MotilityBoost\u00ae pour hommes, 60 capsules"},"content":{"rendered":"<div class=\"row item-row\">\n<div class=\"col-xs-24\">\n<div>\n<p>Faites confiance aux nutriments les plus connus pour favoriser la motilit\u00e9 des spermatozo\u00efdes. La sant\u00e9 reproductive est un travail d\u2019\u00e9quipe. Dans deux tiers des cas, le partenaire masculin joue un certain r\u00f4le dans les probl\u00e8mes de fertilit\u00e9 et pourrait d\u00e8s lors b\u00e9n\u00e9ficier d\u2019un soutien nutritionnel suppl\u00e9mentaire. MotilityBoost pour hommes contient un grand nombre de plantes et de nutriments populaires pour maintenir une fonction spermatique saine.<\/p>\n<\/div>\n<\/div>\n<\/div>\n<div class=\"row item-row\">\n<div class=\"col-xs-24\">\n<h3><strong>\u0627\u0644\u0627\u0633\u062a\u062e\u062f\u0627\u0645 \u0627\u0644\u0645\u0642\u062a\u0631\u062d<\/strong><\/h3>\n<div class=\"prodOverviewDetail\">\n<p>Prenez 2 capsules par jour ou suivez les recommandations d\u2019un professionnel de la sant\u00e9.<\/p>\n<\/div>\n<\/div>\n<\/div>\n<div class=\"row item-row\">\n<div class=\"col-xs-24\">\n<h3><strong>\u0627\u0644\u0645\u0643\u0648\u0646\u0627\u062a \u0627\u0644\u0623\u062e\u0631\u0649<\/strong><\/h3>\n<div class=\"prodOverviewIngred\">\n<p>capsule v\u00e9g\u00e9tarienne (cellulose), silice, lipide de son de riz.<\/p>\n<p>Sans : gluten, laiterie, arachide, noix, poisson, coquillage, soja, s\u00e9same, oeuf, Ar\u00f4mes artificiels, colorants, \u00e9dulcorants, ni excipients inutiles.<\/p>\n<\/div>\n<\/div>\n<\/div>\n<div class=\"row item-row\">\n<div class=\"col-xs-24\">\n<h3><strong>\u062a\u062d\u0630\u064a\u0631\u0627\u062a<\/strong><\/h3>\n<div class=\"prodOverviewDetail\">\n<p>\u00c0 conserver scell\u00e9 dans un endroit frais et sec. Tenir hors de port\u00e9e des enfants. Utiliser uniquement si l\u2019opercule de protection est intact.<\/p>\n<p>Ne prenez que comme indiqu\u00e9. veuillez consulter un professionnel de la sant\u00e9 avant d\u2019utiliser ce produit.<\/p>\n<table border=\"1\" width=\"100%\" cellspacing=\"0\" cellpadding=\"3\">\n<tbody>\n<tr align=\"left\" valign=\"top\">\n<td colspan=\"3\"><strong>Faits sur les suppl\u00e9ments<\/strong><\/td>\n<\/tr>\n<tr align=\"left\" valign=\"top\">\n<td colspan=\"3\"><strong>Portion\u00a0:<\/strong>\u00a02\u00a0capsules<\/td>\n<\/tr>\n<tr align=\"left\" valign=\"top\">\n<td colspan=\"3\"><strong>Portions par contenant\u00a0:<\/strong>\u00a030<\/td>\n<\/tr>\n<tr align=\"left\" valign=\"top\">\n<td><\/td>\n<td><strong>Quantit\u00e9 par portion<\/strong><\/td>\n<td><strong>% Valeur quotidienne<\/strong><\/td>\n<\/tr>\n<tr align=\"left\" valign=\"top\">\n<td>\u0641\u064a\u062a\u0627\u0645\u064a\u0646 \u06286<br \/>\n(50 % de pyridoxal-5-phosphate, 50 % de pyridoxine hydrochloride)<\/td>\n<td>25 mg<\/td>\n<td>1471%<\/td>\n<\/tr>\n<tr align=\"left\" valign=\"top\">\n<td>Vitamine B12 (sous forme de m\u00e9thylcobalamine)<\/td>\n<td>500 mcg<\/td>\n<td>20\u00a0833\u00a0%<\/td>\n<\/tr>\n<tr align=\"left\" valign=\"top\">\n<td>\u0625\u0644-\u0623\u0631\u062c\u064a\u0646\u064a\u0646<\/td>\n<td>850\u00a0mg<\/td>\n<td>*<\/td>\n<\/tr>\n<tr align=\"left\" valign=\"top\">\n<td>Carnitine (issue de L-carnitine et de L-tartrate)<\/td>\n<td>250 mg<\/td>\n<td>*<\/td>\n<\/tr>\n<tr align=\"left\" valign=\"top\">\n<td>Querc\u00e9tine (issue de querc\u00e9tine dihydrate)<\/td>\n<td>225 mg<\/td>\n<td>*<\/td>\n<\/tr>\n<tr align=\"left\" valign=\"top\">\n<td>Extrait de graine de pois mascate (standardis\u00e9 \u00e0 15 % de L-Dopa)<\/td>\n<td>100 \u0645\u0644\u063a<\/td>\n<td>*<\/td>\n<\/tr>\n<tr align=\"left\" valign=\"top\">\n<td>CoenzymeQ10<\/td>\n<td>30 mg<\/td>\n<td>*<\/td>\n<\/tr>\n<tr align=\"left\" valign=\"top\">\n<td colspan=\"3\">*La valeur quotidienne (VQ) n\u2019est pas \u00e9tablie.<\/td>\n<\/tr>\n<\/tbody>\n<\/table>\n<\/div>\n<\/div>\n<\/div>","protected":false},"excerpt":{"rendered":"<ul>\n<li>Fertilit\u00e9<\/li>\n<li>Favorise la motilit\u00e9 pour la sant\u00e9 reproductive masculine<\/li>\n<li>\u0645\u0643\u0645\u0644 \u063a\u0630\u0627\u0626\u064a<\/li>\n<li>V\u00e9gan et sans OGM<\/li>\n<\/ul>","protected":false},"featured_media":34194,"template":"","meta":{"om_disable_all_campaigns":false},"product_brand":[339],"product_cat":[18,8967,3366,11939,8038],"product_tag":[4083,10816,181,3348,11943,11941,3492,11942,11940,3887],"class_list":{"0":"post-34193","1":"product","2":"type-product","3":"status-publish","4":"has-post-thumbnail","6":"product_brand-fairhaven-health","7":"product_cat-beaute-sante","8":"product_cat-complements","9":"product_cat-complements-alimentaires-au-maroc-vitablanca","10":"product_cat-mens-fertility","11":"product_cat-sante-masculine","12":"product_tag-60-capsules","13":"product_tag-bien-etre-masculin","14":"product_tag-complement-alimentaire","15":"product_tag-fairhaven-health","16":"product_tag-fertilite","17":"product_tag-fertilite-masculine","18":"product_tag-maroc","19":"product_tag-motilite-des-spermatozoides","20":"product_tag-motilityboost","21":"product_tag-sante-reproductive","23":"first","24":"instock","25":"sale","26":"taxable","27":"shipping-taxable","28":"purchasable","29":"product-type-simple"},"yoast_head":"<!-- This site is optimized with the Yoast SEO plugin v27.5 - https:\/\/yoast.com\/product\/yoast-seo-wordpress\/ -->\n<title>Fairhaven Health MotilityBoost pour Hommes 60 Caps \u2013 Maroc Prix<\/title>\n<meta name=\"description\" content=\"Fairhaven Health MotilityBoost pour hommes, 60 capsules. Compl\u00e9ment con\u00e7u pour soutenir la fertilit\u00e9 masculine et la motilit\u00e9 des spermatozo\u00efdes. Disponible\" \/>\n<meta name=\"robots\" content=\"index, follow, max-snippet:-1, max-image-preview:large, max-video-preview:-1\" \/>\n<link rel=\"canonical\" href=\"https:\/\/vitablanca.ma\/ar\/product-2\/fairhaven-health-motilityboost-pour-hommes-60-capsules-maroc-prix\/\" \/>\n<meta property=\"og:locale\" content=\"ar_AR\" \/>\n<meta property=\"og:type\" content=\"article\" \/>\n<meta property=\"og:title\" content=\"Fairhaven Health MotilityBoost pour Hommes 60 Caps \u2013 Maroc Prix\" \/>\n<meta property=\"og:description\" content=\"Fairhaven Health MotilityBoost pour hommes, 60 capsules. Compl\u00e9ment con\u00e7u pour soutenir la fertilit\u00e9 masculine et la motilit\u00e9 des spermatozo\u00efdes. Disponible\" \/>\n<meta property=\"og:url\" content=\"https:\/\/vitablanca.ma\/ar\/product-2\/fairhaven-health-motilityboost-pour-hommes-60-capsules-maroc-prix\/\" \/>\n<meta property=\"og:site_name\" content=\"Vitablanca.ma &ndash; Sant&eacute;, vitalit&eacute; et bien-&ecirc;tre pour tous les Marocains\" \/>\n<meta property=\"article:publisher\" content=\"https:\/\/www.facebook.com\/profile.php?id=61576678196717\" \/>\n<meta property=\"article:modified_time\" content=\"2026-03-28T17:51:54+00:00\" \/>\n<meta property=\"og:image\" content=\"https:\/\/vitablanca.ma\/wp-content\/uploads\/2026\/03\/Fairhaven-Health-MotilityBoost\u00ae-pour-hommes-60-capsules1.jpg\" \/>\n\t<meta property=\"og:image:width\" content=\"1600\" \/>\n\t<meta property=\"og:image:height\" content=\"1600\" \/>\n\t<meta property=\"og:image:type\" content=\"image\/jpeg\" \/>\n<meta name=\"twitter:card\" content=\"summary_large_image\" \/>\n<meta name=\"twitter:label1\" content=\"\u0648\u0642\u062a \u0627\u0644\u0642\u0631\u0627\u0621\u0629 \u0627\u0644\u0645\u064f\u0642\u062f\u0651\u0631\" \/>\n\t<meta name=\"twitter:data1\" content=\"\u062f\u0642\u064a\u0642\u062a\u0627\u0646\" \/>\n<script type=\"application\/ld+json\" class=\"yoast-schema-graph\">{\"@context\":\"https:\\\/\\\/schema.org\",\"@graph\":[{\"@type\":[\"WebPage\",\"ItemPage\"],\"@id\":\"https:\\\/\\\/vitablanca.ma\\\/produit\\\/fairhaven-health-motilityboost-pour-hommes-60-capsules-maroc-prix\\\/\",\"url\":\"https:\\\/\\\/vitablanca.ma\\\/produit\\\/fairhaven-health-motilityboost-pour-hommes-60-capsules-maroc-prix\\\/\",\"name\":\"Fairhaven Health MotilityBoost pour Hommes 60 Caps \u2013 Maroc Prix\",\"isPartOf\":{\"@id\":\"https:\\\/\\\/vitablanca.ma\\\/#website\"},\"primaryImageOfPage\":{\"@id\":\"https:\\\/\\\/vitablanca.ma\\\/produit\\\/fairhaven-health-motilityboost-pour-hommes-60-capsules-maroc-prix\\\/#primaryimage\"},\"image\":{\"@id\":\"https:\\\/\\\/vitablanca.ma\\\/produit\\\/fairhaven-health-motilityboost-pour-hommes-60-capsules-maroc-prix\\\/#primaryimage\"},\"thumbnailUrl\":\"https:\\\/\\\/vitablanca.ma\\\/wp-content\\\/uploads\\\/2026\\\/03\\\/Fairhaven-Health-MotilityBoost\u00ae-pour-hommes-60-capsules1.jpg\",\"datePublished\":\"2026-03-15T12:50:58+00:00\",\"dateModified\":\"2026-03-28T17:51:54+00:00\",\"description\":\"Fairhaven Health MotilityBoost pour hommes, 60 capsules. Compl\u00e9ment con\u00e7u pour soutenir la fertilit\u00e9 masculine et la motilit\u00e9 des spermatozo\u00efdes. Disponible\",\"breadcrumb\":{\"@id\":\"https:\\\/\\\/vitablanca.ma\\\/produit\\\/fairhaven-health-motilityboost-pour-hommes-60-capsules-maroc-prix\\\/#breadcrumb\"},\"inLanguage\":\"ar\",\"potentialAction\":[{\"@type\":\"ReadAction\",\"target\":[\"https:\\\/\\\/vitablanca.ma\\\/produit\\\/fairhaven-health-motilityboost-pour-hommes-60-capsules-maroc-prix\\\/\"]}]},{\"@type\":\"ImageObject\",\"inLanguage\":\"ar\",\"@id\":\"https:\\\/\\\/vitablanca.ma\\\/produit\\\/fairhaven-health-motilityboost-pour-hommes-60-capsules-maroc-prix\\\/#primaryimage\",\"url\":\"https:\\\/\\\/vitablanca.ma\\\/wp-content\\\/uploads\\\/2026\\\/03\\\/Fairhaven-Health-MotilityBoost\u00ae-pour-hommes-60-capsules1.jpg\",\"contentUrl\":\"https:\\\/\\\/vitablanca.ma\\\/wp-content\\\/uploads\\\/2026\\\/03\\\/Fairhaven-Health-MotilityBoost\u00ae-pour-hommes-60-capsules1.jpg\",\"width\":1600,\"height\":1600},{\"@type\":\"BreadcrumbList\",\"@id\":\"https:\\\/\\\/vitablanca.ma\\\/produit\\\/fairhaven-health-motilityboost-pour-hommes-60-capsules-maroc-prix\\\/#breadcrumb\",\"itemListElement\":[{\"@type\":\"ListItem\",\"position\":1,\"name\":\"Home\",\"item\":\"https:\\\/\\\/vitablanca.ma\\\/\"},{\"@type\":\"ListItem\",\"position\":2,\"name\":\"Tous Les Produits\",\"item\":\"https:\\\/\\\/vitablanca.ma\\\/tous-les-produits\\\/\"},{\"@type\":\"ListItem\",\"position\":3,\"name\":\"Fairhaven Health, MotilityBoost\u00ae pour hommes, 60 capsules\"}]},{\"@type\":\"WebSite\",\"@id\":\"https:\\\/\\\/vitablanca.ma\\\/#website\",\"url\":\"https:\\\/\\\/vitablanca.ma\\\/\",\"name\":\"VitaBlanca.ma | Compl\u00e9ments alimentaires, sant\u00e9 & beaut\u00e9 au Maroc\",\"description\":\"vendre vitamines et compl\u00e9ments premium des USA &amp; Canada, Nouvelle Z\u00e9lande,Maroc (NOW Foods, Solgar, Manuka). Livraison rapide partout au Maroc.\",\"publisher\":{\"@id\":\"https:\\\/\\\/vitablanca.ma\\\/#organization\"},\"alternateName\":\"VitaBlanca.ma\",\"potentialAction\":[{\"@type\":\"SearchAction\",\"target\":{\"@type\":\"EntryPoint\",\"urlTemplate\":\"https:\\\/\\\/vitablanca.ma\\\/?s={search_term_string}\"},\"query-input\":{\"@type\":\"PropertyValueSpecification\",\"valueRequired\":true,\"valueName\":\"search_term_string\"}}],\"inLanguage\":\"ar\"},{\"@type\":\"Organization\",\"@id\":\"https:\\\/\\\/vitablanca.ma\\\/#organization\",\"name\":\"VitaBlanca\",\"url\":\"https:\\\/\\\/vitablanca.ma\\\/\",\"logo\":{\"@type\":\"ImageObject\",\"inLanguage\":\"ar\",\"@id\":\"https:\\\/\\\/vitablanca.ma\\\/#\\\/schema\\\/logo\\\/image\\\/\",\"url\":\"https:\\\/\\\/vitablanca.ma\\\/wp-content\\\/uploads\\\/2025\\\/05\\\/cropped-vitablanca.png\",\"contentUrl\":\"https:\\\/\\\/vitablanca.ma\\\/wp-content\\\/uploads\\\/2025\\\/05\\\/cropped-vitablanca.png\",\"width\":360,\"height\":67,\"caption\":\"VitaBlanca\"},\"image\":{\"@id\":\"https:\\\/\\\/vitablanca.ma\\\/#\\\/schema\\\/logo\\\/image\\\/\"},\"sameAs\":[\"https:\\\/\\\/www.facebook.com\\\/profile.php?id=61576678196717\",\"https:\\\/\\\/www.tiktok.com\\\/@vitablanca.ma\",\"https:\\\/\\\/www.instagram.com\\\/vitablanca.ma\\\/\"]}]}<\/script>\n<!-- \/ Yoast SEO plugin. -->","yoast_head_json":{"title":"Fairhaven Health MotilityBoost pour Hommes 60 Caps \u2013 Maroc Prix","description":"Fairhaven Health MotilityBoost pour hommes, 60 capsules. Compl\u00e9ment con\u00e7u pour soutenir la fertilit\u00e9 masculine et la motilit\u00e9 des spermatozo\u00efdes. Disponible","robots":{"index":"index","follow":"follow","max-snippet":"max-snippet:-1","max-image-preview":"max-image-preview:large","max-video-preview":"max-video-preview:-1"},"canonical":"https:\/\/vitablanca.ma\/ar\/product-2\/fairhaven-health-motilityboost-pour-hommes-60-capsules-maroc-prix\/","og_locale":"ar_AR","og_type":"article","og_title":"Fairhaven Health MotilityBoost pour Hommes 60 Caps \u2013 Maroc Prix","og_description":"Fairhaven Health MotilityBoost pour hommes, 60 capsules. Compl\u00e9ment con\u00e7u pour soutenir la fertilit\u00e9 masculine et la motilit\u00e9 des spermatozo\u00efdes. Disponible","og_url":"https:\/\/vitablanca.ma\/ar\/product-2\/fairhaven-health-motilityboost-pour-hommes-60-capsules-maroc-prix\/","og_site_name":"Vitablanca.ma &ndash; Sant&eacute;, vitalit&eacute; et bien-&ecirc;tre pour tous les Marocains","article_publisher":"https:\/\/www.facebook.com\/profile.php?id=61576678196717","article_modified_time":"2026-03-28T17:51:54+00:00","og_image":[{"width":1600,"height":1600,"url":"https:\/\/vitablanca.ma\/wp-content\/uploads\/2026\/03\/Fairhaven-Health-MotilityBoost\u00ae-pour-hommes-60-capsules1.jpg","type":"image\/jpeg"}],"twitter_card":"summary_large_image","twitter_misc":{"\u0648\u0642\u062a \u0627\u0644\u0642\u0631\u0627\u0621\u0629 \u0627\u0644\u0645\u064f\u0642\u062f\u0651\u0631":"\u062f\u0642\u064a\u0642\u062a\u0627\u0646"},"schema":{"@context":"https:\/\/schema.org","@graph":[{"@type":["WebPage","ItemPage"],"@id":"https:\/\/vitablanca.ma\/produit\/fairhaven-health-motilityboost-pour-hommes-60-capsules-maroc-prix\/","url":"https:\/\/vitablanca.ma\/produit\/fairhaven-health-motilityboost-pour-hommes-60-capsules-maroc-prix\/","name":"Fairhaven Health MotilityBoost pour Hommes 60 Caps \u2013 Maroc Prix","isPartOf":{"@id":"https:\/\/vitablanca.ma\/#website"},"primaryImageOfPage":{"@id":"https:\/\/vitablanca.ma\/produit\/fairhaven-health-motilityboost-pour-hommes-60-capsules-maroc-prix\/#primaryimage"},"image":{"@id":"https:\/\/vitablanca.ma\/produit\/fairhaven-health-motilityboost-pour-hommes-60-capsules-maroc-prix\/#primaryimage"},"thumbnailUrl":"https:\/\/vitablanca.ma\/wp-content\/uploads\/2026\/03\/Fairhaven-Health-MotilityBoost\u00ae-pour-hommes-60-capsules1.jpg","datePublished":"2026-03-15T12:50:58+00:00","dateModified":"2026-03-28T17:51:54+00:00","description":"Fairhaven Health MotilityBoost pour hommes, 60 capsules. Compl\u00e9ment con\u00e7u pour soutenir la fertilit\u00e9 masculine et la motilit\u00e9 des spermatozo\u00efdes. Disponible","breadcrumb":{"@id":"https:\/\/vitablanca.ma\/produit\/fairhaven-health-motilityboost-pour-hommes-60-capsules-maroc-prix\/#breadcrumb"},"inLanguage":"ar","potentialAction":[{"@type":"ReadAction","target":["https:\/\/vitablanca.ma\/produit\/fairhaven-health-motilityboost-pour-hommes-60-capsules-maroc-prix\/"]}]},{"@type":"ImageObject","inLanguage":"ar","@id":"https:\/\/vitablanca.ma\/produit\/fairhaven-health-motilityboost-pour-hommes-60-capsules-maroc-prix\/#primaryimage","url":"https:\/\/vitablanca.ma\/wp-content\/uploads\/2026\/03\/Fairhaven-Health-MotilityBoost\u00ae-pour-hommes-60-capsules1.jpg","contentUrl":"https:\/\/vitablanca.ma\/wp-content\/uploads\/2026\/03\/Fairhaven-Health-MotilityBoost\u00ae-pour-hommes-60-capsules1.jpg","width":1600,"height":1600},{"@type":"BreadcrumbList","@id":"https:\/\/vitablanca.ma\/produit\/fairhaven-health-motilityboost-pour-hommes-60-capsules-maroc-prix\/#breadcrumb","itemListElement":[{"@type":"ListItem","position":1,"name":"Home","item":"https:\/\/vitablanca.ma\/"},{"@type":"ListItem","position":2,"name":"Tous Les Produits","item":"https:\/\/vitablanca.ma\/tous-les-produits\/"},{"@type":"ListItem","position":3,"name":"Fairhaven Health, MotilityBoost\u00ae pour hommes, 60 capsules"}]},{"@type":"WebSite","@id":"https:\/\/vitablanca.ma\/#website","url":"https:\/\/vitablanca.ma\/","name":"VitaBlanca.ma | \u0627\u0644\u0645\u0643\u0645\u0644\u0627\u062a \u0627\u0644\u063a\u0630\u0627\u0626\u064a\u0629\u060c \u0627\u0644\u0635\u062d\u0629 \u0648\u0627\u0644\u062c\u0645\u0627\u0644 \u0641\u064a \u0627\u0644\u0645\u063a\u0631\u0628","description":"\u0646\u0628\u064a\u0639 \u0641\u064a\u062a\u0627\u0645\u064a\u0646\u0627\u062a \u0648\u0645\u0643\u0645\u0644\u0627\u062a \u063a\u0630\u0627\u0626\u064a\u0629 \u0641\u0627\u062e\u0631\u0629 \u0645\u0646 \u0627\u0644\u0648\u0644\u0627\u064a\u0627\u062a \u0627\u0644\u0645\u062a\u062d\u062f\u0629 \u0627\u0644\u0623\u0645\u0631\u064a\u0643\u064a\u0629 \u0648\u0643\u0646\u062f\u0627 \u0648\u0646\u064a\u0648\u0632\u064a\u0644\u0646\u062f\u0627 \u0648\u0627\u0644\u0645\u063a\u0631\u0628 (\u0646\u0627\u0648 \u0641\u0648\u062f\u0632\u060c \u0633\u0648\u0644\u062c\u0627\u0631\u060c \u0645\u0627\u0646\u0648\u0643\u0627). \u062a\u0648\u0635\u064a\u0644 \u0633\u0631\u064a\u0639 \u0625\u0644\u0649 \u062c\u0645\u064a\u0639 \u0623\u0646\u062d\u0627\u0621 \u0627\u0644\u0645\u063a\u0631\u0628.","publisher":{"@id":"https:\/\/vitablanca.ma\/#organization"},"alternateName":"VitaBlanca.ma","potentialAction":[{"@type":"SearchAction","target":{"@type":"EntryPoint","urlTemplate":"https:\/\/vitablanca.ma\/?s={search_term_string}"},"query-input":{"@type":"PropertyValueSpecification","valueRequired":true,"valueName":"search_term_string"}}],"inLanguage":"ar"},{"@type":"Organization","@id":"https:\/\/vitablanca.ma\/#organization","name":"\u0641\u064a\u062a\u0627\u0628\u0644\u0627\u0646\u0643\u0627","url":"https:\/\/vitablanca.ma\/","logo":{"@type":"ImageObject","inLanguage":"ar","@id":"https:\/\/vitablanca.ma\/#\/schema\/logo\/image\/","url":"https:\/\/vitablanca.ma\/wp-content\/uploads\/2025\/05\/cropped-vitablanca.png","contentUrl":"https:\/\/vitablanca.ma\/wp-content\/uploads\/2025\/05\/cropped-vitablanca.png","width":360,"height":67,"caption":"VitaBlanca"},"image":{"@id":"https:\/\/vitablanca.ma\/#\/schema\/logo\/image\/"},"sameAs":["https:\/\/www.facebook.com\/profile.php?id=61576678196717","https:\/\/www.tiktok.com\/@vitablanca.ma","https:\/\/www.instagram.com\/vitablanca.ma\/"]}]}},"jetpack_sharing_enabled":true,"_links":{"self":[{"href":"https:\/\/vitablanca.ma\/ar\/wp-json\/wp\/v2\/product\/34193","targetHints":{"allow":["GET"]}}],"collection":[{"href":"https:\/\/vitablanca.ma\/ar\/wp-json\/wp\/v2\/product"}],"about":[{"href":"https:\/\/vitablanca.ma\/ar\/wp-json\/wp\/v2\/types\/product"}],"wp:featuredmedia":[{"embeddable":true,"href":"https:\/\/vitablanca.ma\/ar\/wp-json\/wp\/v2\/media\/34194"}],"wp:attachment":[{"href":"https:\/\/vitablanca.ma\/ar\/wp-json\/wp\/v2\/media?parent=34193"}],"wp:term":[{"taxonomy":"product_brand","embeddable":true,"href":"https:\/\/vitablanca.ma\/ar\/wp-json\/wp\/v2\/product_brand?post=34193"},{"taxonomy":"product_cat","embeddable":true,"href":"https:\/\/vitablanca.ma\/ar\/wp-json\/wp\/v2\/product_cat?post=34193"},{"taxonomy":"product_tag","embeddable":true,"href":"https:\/\/vitablanca.ma\/ar\/wp-json\/wp\/v2\/product_tag?post=34193"}],"curies":[{"name":"wp","href":"https:\/\/api.w.org\/{rel}","templated":true}]}}