{"id":34181,"date":"2026-03-15T12:05:56","date_gmt":"2026-03-15T12:05:56","guid":{"rendered":"https:\/\/vitablanca.ma\/?post_type=product&#038;p=34181"},"modified":"2026-03-28T17:51:55","modified_gmt":"2026-03-28T17:51:55","slug":"natrol-melatonine-dissolution-rapide-agrumes-10-mg-60-comprimes-maroc-prix","status":"publish","type":"product","link":"https:\/\/vitablanca.ma\/ar\/product-2\/natrol-melatonine-dissolution-rapide-agrumes-10-mg-60-comprimes-maroc-prix\/","title":{"rendered":"Natrol, M\u00e9latonine, Dissolution rapide, Agrumes, 10 mg, 60 comprim\u00e9s"},"content":{"rendered":"<div class=\"row item-row\">\n<div class=\"col-xs-24\">\n<div>\n<p><strong>M\u00e9latonine 10\u00a0mg \u00e0 dissolution rapide de Natrol\u00ae\u00a0:<\/strong><\/p>\n<p>un d\u00e9licieux comprim\u00e9 qui se dissout vite pour vous aider \u00e0 vous endormir rapidement.<\/p>\n<p>Ce produit est utile en cas d\u2019insomnies occasionnelles.<\/p>\n<\/div>\n<\/div>\n<\/div>\n<div class=\"row item-row\">\n<div class=\"col-xs-24\">\n<h3><strong>\u0627\u0644\u0627\u0633\u062a\u062e\u062f\u0627\u0645 \u0627\u0644\u0645\u0642\u062a\u0631\u062d<\/strong><\/h3>\n<div class=\"prodOverviewDetail\">\n<p>Prenez 1\u00a0comprim\u00e9 30\u00a0minutes avant le coucher. Dissoudre dans la bouche ou m\u00e2cher avant d\u2019avaler. Pas besoin d\u2019eau.<\/p>\n<\/div>\n<\/div>\n<\/div>\n<div class=\"row item-row\">\n<div class=\"col-xs-24\">\n<h3><strong>\u0627\u0644\u0645\u0643\u0648\u0646\u0627\u062a \u0627\u0644\u0623\u062e\u0631\u0649<\/strong><\/h3>\n<div class=\"prodOverviewIngred\">\n<p>Xylitol, maltodextrine, carmellose, polysaccharides de soja, crospovidone, dioxyde de silicium, acide malique, amidon alimentaire modifi\u00e9, ar\u00f4mes naturels, acide st\u00e9arique, extrait de betterave, st\u00e9arate de magn\u00e9sium, acide citrique.<\/p>\n<p>Contient\u00a0: Bl\u00e9 et soja.<\/p>\n<p>Sans\u00a0: lait, \u0153ufs, poisson, crustac\u00e9s, fruits \u00e0 coque, arachides, levure, colorants, ar\u00f4mes ou conservateurs artificiels.<\/p>\n<\/div>\n<\/div>\n<\/div>\n<div class=\"row item-row\">\n<div class=\"col-xs-24\">\n<h3><strong>\u062a\u062d\u0630\u064a\u0631\u0627\u062a<\/strong><\/h3>\n<div class=\"prodOverviewDetail\">\n<p>Ce produit n\u2019est pas destin\u00e9 aux individus de moins de 18\u00a0ans. Ce produit n\u2019est pas destin\u00e9 \u00e0 traiter l\u2019insomnie ou d\u2019autres troubles du sommeil. Consultez un m\u00e9decin avant d\u2019utiliser ce produit si vous prenez des m\u00e9dicaments, pr\u00e9sentez une affection m\u00e9dicale, si vous \u00eates enceinte ou allaitez, si vous pr\u00e9sentez une affection auto-immune ou un trouble d\u00e9pressif. La m\u00e9latonine peut provoquer de la somnolence\u00a0; ne pas prendre lorsque vous conduisez, utilisez des \u00e9quipements lourds ou consommez de l\u2019alcool. En cas d\u2019effets ind\u00e9sirables, cessez l\u2019utilisation. Pour une utilisation occasionnelle \u00e0 court terme uniquement. Utiliser uniquement comme indiqu\u00e9 et ne pas d\u00e9passer la dose sugg\u00e9r\u00e9e. Ce produit ne doit jamais remplacer des pratiques de sommeil saines.<\/p>\n<p>\u064a\u062d\u0641\u0638 \u0628\u0639\u064a\u062f\u0627 \u0639\u0646 \u0645\u062a\u0646\u0627\u0648\u0644 \u0627\u0644\u0623\u0637\u0641\u0627\u0644.<\/p>\n<p>\u00c0 conserver dans un endroit frais et sec.<\/p>\n<p id=\"isPasted\">Ne pas utiliser si l\u2019opercule de protection est perc\u00e9 ou manquant.<\/p>\n<\/div>\n<\/div>\n<\/div>\n<div class=\"row item-row\">\n<div class=\"col-xs-24\">\n<table border=\"1\" width=\"100%\" cellspacing=\"0\" cellpadding=\"3\">\n<tbody>\n<tr align=\"left\" valign=\"top\">\n<td colspan=\"3\"><strong>\u0645\u0644\u0643\u064a\u0627\u062a<\/strong><\/td>\n<\/tr>\n<tr align=\"left\" valign=\"top\">\n<td colspan=\"3\"><strong>Portion\u00a0:\u00a0<\/strong>1\u00a0comprim\u00e9<\/td>\n<\/tr>\n<tr align=\"left\" valign=\"top\">\n<td colspan=\"3\"><strong>Portions par contenant\u00a0:\u00a0<\/strong>60<\/td>\n<\/tr>\n<tr align=\"left\" valign=\"top\">\n<td width=\"70%\"><\/td>\n<td width=\"15%\"><strong>Quantit\u00e9 par portion<\/strong><\/td>\n<td width=\"15%\"><strong>%\u00a0d\u2019apport journalier<\/strong><\/td>\n<\/tr>\n<tr align=\"left\" valign=\"top\">\n<td>\u0627\u0644\u0645\u064a\u0644\u0627\u062a\u0648\u0646\u064a\u0646<\/td>\n<td>10\u00a0mg<\/td>\n<td>*<\/td>\n<\/tr>\n<tr align=\"left\" valign=\"top\">\n<td colspan=\"3\">*\u00a0Apport journalier (AJ) non \u00e9tabli.<\/td>\n<\/tr>\n<\/tbody>\n<\/table>\n<h3><\/h3>\n<\/div>\n<\/div>","protected":false},"excerpt":{"rendered":"<ul>\n<li>Aide au sommeil<\/li>\n<li id=\"isPasted\">Ne contient aucun m\u00e9dicament<\/li>\n<li>Vous aide \u00e0 vous endormir plus rapidement et \u00e0 dormir plus longtemps<\/li>\n<li>R\u00e9veillez-vous en forme<\/li>\n<li>\u0645\u0643\u0645\u0644 \u063a\u0630\u0627\u0626\u064a<\/li>\n<li>Et autres ar\u00f4mes naturels<\/li>\n<\/ul>","protected":false},"featured_media":34183,"template":"","meta":{"om_disable_all_campaigns":false},"product_brand":[2357],"product_cat":[18,8967,3366,11935,8037],"product_tag":[11126,2310,181,11936,1706,3492,10840,9044,1742,5267],"class_list":{"0":"post-34181","1":"product","2":"type-product","3":"status-publish","4":"has-post-thumbnail","6":"product_brand-natrol-prix-maroc","7":"product_cat-beaute-sante","8":"product_cat-complements","9":"product_cat-complements-alimentaires-au-maroc-vitablanca","10":"product_cat-melatonine","11":"product_cat-sommeil","12":"product_tag-10-mg","13":"product_tag-60-comprimes","14":"product_tag-complement-alimentaire","15":"product_tag-cycle-veille-sommeil","16":"product_tag-dissolution-rapide","17":"product_tag-maroc","18":"product_tag-melatonine","19":"product_tag-natrol","20":"product_tag-relaxation","21":"product_tag-sommeil","23":"first","24":"instock","25":"sale","26":"taxable","27":"shipping-taxable","28":"purchasable","29":"product-type-simple"},"yoast_head":"<!-- This site is optimized with the Yoast SEO plugin v27.5 - https:\/\/yoast.com\/product\/yoast-seo-wordpress\/ -->\n<title>Natrol M\u00e9latonine 10 mg Dissolution Rapide Agrumes \u2013 Maroc Prix<\/title>\n<meta name=\"description\" content=\"M\u00e9latonine 10 mg \u00e0 dissolution rapide saveur agrumes, 60 comprim\u00e9s. Aide \u00e0 favoriser un sommeil rapide et r\u00e9parateur et \u00e0 r\u00e9guler le cycle veille-sommeil.\" \/>\n<meta name=\"robots\" content=\"index, follow, max-snippet:-1, max-image-preview:large, max-video-preview:-1\" \/>\n<link rel=\"canonical\" href=\"https:\/\/vitablanca.ma\/ar\/product-2\/natrol-melatonine-dissolution-rapide-agrumes-10-mg-60-comprimes-maroc-prix\/\" \/>\n<meta property=\"og:locale\" content=\"ar_AR\" \/>\n<meta property=\"og:type\" content=\"article\" \/>\n<meta property=\"og:title\" content=\"Natrol M\u00e9latonine 10 mg Dissolution Rapide Agrumes \u2013 Maroc Prix\" \/>\n<meta property=\"og:description\" content=\"M\u00e9latonine 10 mg \u00e0 dissolution rapide saveur agrumes, 60 comprim\u00e9s. Aide \u00e0 favoriser un sommeil rapide et r\u00e9parateur et \u00e0 r\u00e9guler le cycle veille-sommeil.\" \/>\n<meta property=\"og:url\" content=\"https:\/\/vitablanca.ma\/ar\/product-2\/natrol-melatonine-dissolution-rapide-agrumes-10-mg-60-comprimes-maroc-prix\/\" \/>\n<meta property=\"og:site_name\" content=\"Vitablanca.ma &ndash; Sant&eacute;, vitalit&eacute; et bien-&ecirc;tre pour tous les Marocains\" \/>\n<meta property=\"article:publisher\" content=\"https:\/\/www.facebook.com\/profile.php?id=61576678196717\" \/>\n<meta property=\"article:modified_time\" content=\"2026-03-28T17:51:55+00:00\" \/>\n<meta property=\"og:image\" content=\"https:\/\/vitablanca.ma\/wp-content\/uploads\/2026\/03\/Natrol-Melatonine-Dissolution-rapide-Agrumes-10-mg-60-comprimes1.jpg\" \/>\n\t<meta property=\"og:image:width\" content=\"1600\" \/>\n\t<meta property=\"og:image:height\" content=\"1600\" \/>\n\t<meta property=\"og:image:type\" content=\"image\/jpeg\" \/>\n<meta name=\"twitter:card\" content=\"summary_large_image\" \/>\n<meta name=\"twitter:label1\" content=\"\u0648\u0642\u062a \u0627\u0644\u0642\u0631\u0627\u0621\u0629 \u0627\u0644\u0645\u064f\u0642\u062f\u0651\u0631\" \/>\n\t<meta name=\"twitter:data1\" content=\"\u062f\u0642\u064a\u0642\u062a\u0627\u0646\" \/>\n<script type=\"application\/ld+json\" class=\"yoast-schema-graph\">{\"@context\":\"https:\\\/\\\/schema.org\",\"@graph\":[{\"@type\":[\"WebPage\",\"ItemPage\"],\"@id\":\"https:\\\/\\\/vitablanca.ma\\\/produit\\\/natrol-melatonine-dissolution-rapide-agrumes-10-mg-60-comprimes-maroc-prix\\\/\",\"url\":\"https:\\\/\\\/vitablanca.ma\\\/produit\\\/natrol-melatonine-dissolution-rapide-agrumes-10-mg-60-comprimes-maroc-prix\\\/\",\"name\":\"Natrol M\u00e9latonine 10 mg Dissolution Rapide Agrumes \u2013 Maroc Prix\",\"isPartOf\":{\"@id\":\"https:\\\/\\\/vitablanca.ma\\\/#website\"},\"primaryImageOfPage\":{\"@id\":\"https:\\\/\\\/vitablanca.ma\\\/produit\\\/natrol-melatonine-dissolution-rapide-agrumes-10-mg-60-comprimes-maroc-prix\\\/#primaryimage\"},\"image\":{\"@id\":\"https:\\\/\\\/vitablanca.ma\\\/produit\\\/natrol-melatonine-dissolution-rapide-agrumes-10-mg-60-comprimes-maroc-prix\\\/#primaryimage\"},\"thumbnailUrl\":\"https:\\\/\\\/vitablanca.ma\\\/wp-content\\\/uploads\\\/2026\\\/03\\\/Natrol-Melatonine-Dissolution-rapide-Agrumes-10-mg-60-comprimes1.jpg\",\"datePublished\":\"2026-03-15T12:05:56+00:00\",\"dateModified\":\"2026-03-28T17:51:55+00:00\",\"description\":\"M\u00e9latonine 10 mg \u00e0 dissolution rapide saveur agrumes, 60 comprim\u00e9s. Aide \u00e0 favoriser un sommeil rapide et r\u00e9parateur et \u00e0 r\u00e9guler le cycle veille-sommeil.\",\"breadcrumb\":{\"@id\":\"https:\\\/\\\/vitablanca.ma\\\/produit\\\/natrol-melatonine-dissolution-rapide-agrumes-10-mg-60-comprimes-maroc-prix\\\/#breadcrumb\"},\"inLanguage\":\"ar\",\"potentialAction\":[{\"@type\":\"ReadAction\",\"target\":[\"https:\\\/\\\/vitablanca.ma\\\/produit\\\/natrol-melatonine-dissolution-rapide-agrumes-10-mg-60-comprimes-maroc-prix\\\/\"]}]},{\"@type\":\"ImageObject\",\"inLanguage\":\"ar\",\"@id\":\"https:\\\/\\\/vitablanca.ma\\\/produit\\\/natrol-melatonine-dissolution-rapide-agrumes-10-mg-60-comprimes-maroc-prix\\\/#primaryimage\",\"url\":\"https:\\\/\\\/vitablanca.ma\\\/wp-content\\\/uploads\\\/2026\\\/03\\\/Natrol-Melatonine-Dissolution-rapide-Agrumes-10-mg-60-comprimes1.jpg\",\"contentUrl\":\"https:\\\/\\\/vitablanca.ma\\\/wp-content\\\/uploads\\\/2026\\\/03\\\/Natrol-Melatonine-Dissolution-rapide-Agrumes-10-mg-60-comprimes1.jpg\",\"width\":1600,\"height\":1600},{\"@type\":\"BreadcrumbList\",\"@id\":\"https:\\\/\\\/vitablanca.ma\\\/produit\\\/natrol-melatonine-dissolution-rapide-agrumes-10-mg-60-comprimes-maroc-prix\\\/#breadcrumb\",\"itemListElement\":[{\"@type\":\"ListItem\",\"position\":1,\"name\":\"Home\",\"item\":\"https:\\\/\\\/vitablanca.ma\\\/\"},{\"@type\":\"ListItem\",\"position\":2,\"name\":\"Tous Les Produits\",\"item\":\"https:\\\/\\\/vitablanca.ma\\\/tous-les-produits\\\/\"},{\"@type\":\"ListItem\",\"position\":3,\"name\":\"Natrol, M\u00e9latonine, Dissolution rapide, Agrumes, 10 mg, 60 comprim\u00e9s\"}]},{\"@type\":\"WebSite\",\"@id\":\"https:\\\/\\\/vitablanca.ma\\\/#website\",\"url\":\"https:\\\/\\\/vitablanca.ma\\\/\",\"name\":\"VitaBlanca.ma | Compl\u00e9ments alimentaires, sant\u00e9 & beaut\u00e9 au Maroc\",\"description\":\"vendre vitamines et compl\u00e9ments premium des USA &amp; Canada, Nouvelle Z\u00e9lande,Maroc (NOW Foods, Solgar, Manuka). Livraison rapide partout au Maroc.\",\"publisher\":{\"@id\":\"https:\\\/\\\/vitablanca.ma\\\/#organization\"},\"alternateName\":\"VitaBlanca.ma\",\"potentialAction\":[{\"@type\":\"SearchAction\",\"target\":{\"@type\":\"EntryPoint\",\"urlTemplate\":\"https:\\\/\\\/vitablanca.ma\\\/?s={search_term_string}\"},\"query-input\":{\"@type\":\"PropertyValueSpecification\",\"valueRequired\":true,\"valueName\":\"search_term_string\"}}],\"inLanguage\":\"ar\"},{\"@type\":\"Organization\",\"@id\":\"https:\\\/\\\/vitablanca.ma\\\/#organization\",\"name\":\"VitaBlanca\",\"url\":\"https:\\\/\\\/vitablanca.ma\\\/\",\"logo\":{\"@type\":\"ImageObject\",\"inLanguage\":\"ar\",\"@id\":\"https:\\\/\\\/vitablanca.ma\\\/#\\\/schema\\\/logo\\\/image\\\/\",\"url\":\"https:\\\/\\\/vitablanca.ma\\\/wp-content\\\/uploads\\\/2025\\\/05\\\/cropped-vitablanca.png\",\"contentUrl\":\"https:\\\/\\\/vitablanca.ma\\\/wp-content\\\/uploads\\\/2025\\\/05\\\/cropped-vitablanca.png\",\"width\":360,\"height\":67,\"caption\":\"VitaBlanca\"},\"image\":{\"@id\":\"https:\\\/\\\/vitablanca.ma\\\/#\\\/schema\\\/logo\\\/image\\\/\"},\"sameAs\":[\"https:\\\/\\\/www.facebook.com\\\/profile.php?id=61576678196717\",\"https:\\\/\\\/www.tiktok.com\\\/@vitablanca.ma\",\"https:\\\/\\\/www.instagram.com\\\/vitablanca.ma\\\/\"]}]}<\/script>\n<!-- \/ Yoast SEO plugin. -->","yoast_head_json":{"title":"Natrol M\u00e9latonine 10 mg Dissolution Rapide Agrumes \u2013 Maroc Prix","description":"M\u00e9latonine 10 mg \u00e0 dissolution rapide saveur agrumes, 60 comprim\u00e9s. Aide \u00e0 favoriser un sommeil rapide et r\u00e9parateur et \u00e0 r\u00e9guler le cycle veille-sommeil.","robots":{"index":"index","follow":"follow","max-snippet":"max-snippet:-1","max-image-preview":"max-image-preview:large","max-video-preview":"max-video-preview:-1"},"canonical":"https:\/\/vitablanca.ma\/ar\/product-2\/natrol-melatonine-dissolution-rapide-agrumes-10-mg-60-comprimes-maroc-prix\/","og_locale":"ar_AR","og_type":"article","og_title":"Natrol M\u00e9latonine 10 mg Dissolution Rapide Agrumes \u2013 Maroc Prix","og_description":"M\u00e9latonine 10 mg \u00e0 dissolution rapide saveur agrumes, 60 comprim\u00e9s. Aide \u00e0 favoriser un sommeil rapide et r\u00e9parateur et \u00e0 r\u00e9guler le cycle veille-sommeil.","og_url":"https:\/\/vitablanca.ma\/ar\/product-2\/natrol-melatonine-dissolution-rapide-agrumes-10-mg-60-comprimes-maroc-prix\/","og_site_name":"Vitablanca.ma &ndash; Sant&eacute;, vitalit&eacute; et bien-&ecirc;tre pour tous les Marocains","article_publisher":"https:\/\/www.facebook.com\/profile.php?id=61576678196717","article_modified_time":"2026-03-28T17:51:55+00:00","og_image":[{"width":1600,"height":1600,"url":"https:\/\/vitablanca.ma\/wp-content\/uploads\/2026\/03\/Natrol-Melatonine-Dissolution-rapide-Agrumes-10-mg-60-comprimes1.jpg","type":"image\/jpeg"}],"twitter_card":"summary_large_image","twitter_misc":{"\u0648\u0642\u062a \u0627\u0644\u0642\u0631\u0627\u0621\u0629 \u0627\u0644\u0645\u064f\u0642\u062f\u0651\u0631":"\u062f\u0642\u064a\u0642\u062a\u0627\u0646"},"schema":{"@context":"https:\/\/schema.org","@graph":[{"@type":["WebPage","ItemPage"],"@id":"https:\/\/vitablanca.ma\/produit\/natrol-melatonine-dissolution-rapide-agrumes-10-mg-60-comprimes-maroc-prix\/","url":"https:\/\/vitablanca.ma\/produit\/natrol-melatonine-dissolution-rapide-agrumes-10-mg-60-comprimes-maroc-prix\/","name":"Natrol M\u00e9latonine 10 mg Dissolution Rapide Agrumes \u2013 Maroc Prix","isPartOf":{"@id":"https:\/\/vitablanca.ma\/#website"},"primaryImageOfPage":{"@id":"https:\/\/vitablanca.ma\/produit\/natrol-melatonine-dissolution-rapide-agrumes-10-mg-60-comprimes-maroc-prix\/#primaryimage"},"image":{"@id":"https:\/\/vitablanca.ma\/produit\/natrol-melatonine-dissolution-rapide-agrumes-10-mg-60-comprimes-maroc-prix\/#primaryimage"},"thumbnailUrl":"https:\/\/vitablanca.ma\/wp-content\/uploads\/2026\/03\/Natrol-Melatonine-Dissolution-rapide-Agrumes-10-mg-60-comprimes1.jpg","datePublished":"2026-03-15T12:05:56+00:00","dateModified":"2026-03-28T17:51:55+00:00","description":"M\u00e9latonine 10 mg \u00e0 dissolution rapide saveur agrumes, 60 comprim\u00e9s. Aide \u00e0 favoriser un sommeil rapide et r\u00e9parateur et \u00e0 r\u00e9guler le cycle veille-sommeil.","breadcrumb":{"@id":"https:\/\/vitablanca.ma\/produit\/natrol-melatonine-dissolution-rapide-agrumes-10-mg-60-comprimes-maroc-prix\/#breadcrumb"},"inLanguage":"ar","potentialAction":[{"@type":"ReadAction","target":["https:\/\/vitablanca.ma\/produit\/natrol-melatonine-dissolution-rapide-agrumes-10-mg-60-comprimes-maroc-prix\/"]}]},{"@type":"ImageObject","inLanguage":"ar","@id":"https:\/\/vitablanca.ma\/produit\/natrol-melatonine-dissolution-rapide-agrumes-10-mg-60-comprimes-maroc-prix\/#primaryimage","url":"https:\/\/vitablanca.ma\/wp-content\/uploads\/2026\/03\/Natrol-Melatonine-Dissolution-rapide-Agrumes-10-mg-60-comprimes1.jpg","contentUrl":"https:\/\/vitablanca.ma\/wp-content\/uploads\/2026\/03\/Natrol-Melatonine-Dissolution-rapide-Agrumes-10-mg-60-comprimes1.jpg","width":1600,"height":1600},{"@type":"BreadcrumbList","@id":"https:\/\/vitablanca.ma\/produit\/natrol-melatonine-dissolution-rapide-agrumes-10-mg-60-comprimes-maroc-prix\/#breadcrumb","itemListElement":[{"@type":"ListItem","position":1,"name":"Home","item":"https:\/\/vitablanca.ma\/"},{"@type":"ListItem","position":2,"name":"Tous Les Produits","item":"https:\/\/vitablanca.ma\/tous-les-produits\/"},{"@type":"ListItem","position":3,"name":"Natrol, M\u00e9latonine, Dissolution rapide, Agrumes, 10 mg, 60 comprim\u00e9s"}]},{"@type":"WebSite","@id":"https:\/\/vitablanca.ma\/#website","url":"https:\/\/vitablanca.ma\/","name":"VitaBlanca.ma | \u0627\u0644\u0645\u0643\u0645\u0644\u0627\u062a \u0627\u0644\u063a\u0630\u0627\u0626\u064a\u0629\u060c \u0627\u0644\u0635\u062d\u0629 \u0648\u0627\u0644\u062c\u0645\u0627\u0644 \u0641\u064a \u0627\u0644\u0645\u063a\u0631\u0628","description":"\u0646\u0628\u064a\u0639 \u0641\u064a\u062a\u0627\u0645\u064a\u0646\u0627\u062a \u0648\u0645\u0643\u0645\u0644\u0627\u062a \u063a\u0630\u0627\u0626\u064a\u0629 \u0641\u0627\u062e\u0631\u0629 \u0645\u0646 \u0627\u0644\u0648\u0644\u0627\u064a\u0627\u062a \u0627\u0644\u0645\u062a\u062d\u062f\u0629 \u0627\u0644\u0623\u0645\u0631\u064a\u0643\u064a\u0629 \u0648\u0643\u0646\u062f\u0627 \u0648\u0646\u064a\u0648\u0632\u064a\u0644\u0646\u062f\u0627 \u0648\u0627\u0644\u0645\u063a\u0631\u0628 (\u0646\u0627\u0648 \u0641\u0648\u062f\u0632\u060c \u0633\u0648\u0644\u062c\u0627\u0631\u060c \u0645\u0627\u0646\u0648\u0643\u0627). \u062a\u0648\u0635\u064a\u0644 \u0633\u0631\u064a\u0639 \u0625\u0644\u0649 \u062c\u0645\u064a\u0639 \u0623\u0646\u062d\u0627\u0621 \u0627\u0644\u0645\u063a\u0631\u0628.","publisher":{"@id":"https:\/\/vitablanca.ma\/#organization"},"alternateName":"VitaBlanca.ma","potentialAction":[{"@type":"SearchAction","target":{"@type":"EntryPoint","urlTemplate":"https:\/\/vitablanca.ma\/?s={search_term_string}"},"query-input":{"@type":"PropertyValueSpecification","valueRequired":true,"valueName":"search_term_string"}}],"inLanguage":"ar"},{"@type":"Organization","@id":"https:\/\/vitablanca.ma\/#organization","name":"\u0641\u064a\u062a\u0627\u0628\u0644\u0627\u0646\u0643\u0627","url":"https:\/\/vitablanca.ma\/","logo":{"@type":"ImageObject","inLanguage":"ar","@id":"https:\/\/vitablanca.ma\/#\/schema\/logo\/image\/","url":"https:\/\/vitablanca.ma\/wp-content\/uploads\/2025\/05\/cropped-vitablanca.png","contentUrl":"https:\/\/vitablanca.ma\/wp-content\/uploads\/2025\/05\/cropped-vitablanca.png","width":360,"height":67,"caption":"VitaBlanca"},"image":{"@id":"https:\/\/vitablanca.ma\/#\/schema\/logo\/image\/"},"sameAs":["https:\/\/www.facebook.com\/profile.php?id=61576678196717","https:\/\/www.tiktok.com\/@vitablanca.ma","https:\/\/www.instagram.com\/vitablanca.ma\/"]}]}},"jetpack_sharing_enabled":true,"_links":{"self":[{"href":"https:\/\/vitablanca.ma\/ar\/wp-json\/wp\/v2\/product\/34181","targetHints":{"allow":["GET"]}}],"collection":[{"href":"https:\/\/vitablanca.ma\/ar\/wp-json\/wp\/v2\/product"}],"about":[{"href":"https:\/\/vitablanca.ma\/ar\/wp-json\/wp\/v2\/types\/product"}],"wp:featuredmedia":[{"embeddable":true,"href":"https:\/\/vitablanca.ma\/ar\/wp-json\/wp\/v2\/media\/34183"}],"wp:attachment":[{"href":"https:\/\/vitablanca.ma\/ar\/wp-json\/wp\/v2\/media?parent=34181"}],"wp:term":[{"taxonomy":"product_brand","embeddable":true,"href":"https:\/\/vitablanca.ma\/ar\/wp-json\/wp\/v2\/product_brand?post=34181"},{"taxonomy":"product_cat","embeddable":true,"href":"https:\/\/vitablanca.ma\/ar\/wp-json\/wp\/v2\/product_cat?post=34181"},{"taxonomy":"product_tag","embeddable":true,"href":"https:\/\/vitablanca.ma\/ar\/wp-json\/wp\/v2\/product_tag?post=34181"}],"curies":[{"name":"wp","href":"https:\/\/api.w.org\/{rel}","templated":true}]}}