{"id":34124,"date":"2026-03-13T01:58:20","date_gmt":"2026-03-13T01:58:20","guid":{"rendered":"https:\/\/vitablanca.ma\/?post_type=product&#038;p=34124"},"modified":"2026-03-28T17:51:56","modified_gmt":"2026-03-28T17:51:56","slug":"thompson-maca-525-mg-60-capsules-vegetariennes-maroc-prix","status":"publish","type":"product","link":"https:\/\/vitablanca.ma\/ar\/product-2\/thompson-maca-525-mg-60-capsules-vegetariennes-maroc-prix\/","title":{"rendered":"Thompson, Maca, 525 mg, 60 capsules v\u00e9g\u00e9tariennes"},"content":{"rendered":"<div>\n<h3><strong>\u0627\u0644\u0627\u0633\u062a\u062e\u062f\u0627\u0645 \u0627\u0644\u0645\u0642\u062a\u0631\u062d<\/strong><\/h3>\n<div>\n<p>Utiliser uniquement comme indiqu\u00e9. Prenez une (1) capsule v\u00e9g\u00e9tarienne par jour avec un repas ou un verre d&rsquo;eau.<\/p>\n<\/div>\n<\/div>\n<div>\n<h3><strong>\u062a\u062d\u0630\u064a\u0631\u0627\u062a<\/strong><\/h3>\n<div>\n<p>Ne pas utiliser si l&rsquo;opercule de protection est perc\u00e9 ou manquant. Tenir hors de port\u00e9e des enfants. Informer votre professionnel de la sant\u00e9 qualifi\u00e9 de l&rsquo;utilisation de ce produit.<\/p>\n<p>\u00c0 conserver dans un endroit frais et sec.<\/p>\n<p>Avertissement \u00e9mis par l&rsquo;\u00c9tat de Californie\u00a0: Peut provoquer des probl\u00e8mes de reproduction. Proposition\u00a065 de l&rsquo;\u00c9tat de Californie<\/p>\n<div class=\"supplement-facts-container\">\n<table border=\"1\" width=\"100%\" cellspacing=\"0\" cellpadding=\"3\">\n<tbody>\n<tr valign=\"top\">\n<td colspan=\"3\"><strong>\u0645\u0644\u0643\u064a\u0627\u062a<\/strong><\/td>\n<\/tr>\n<tr valign=\"top\">\n<td colspan=\"3\"><strong>Portion\u00a0:\u00a0<\/strong>1\u00a0capsule v\u00e9g\u00e9tarienne<\/td>\n<\/tr>\n<tr valign=\"top\">\n<td width=\"70%\"><\/td>\n<td width=\"15%\"><strong>Quantit\u00e9 par portion<\/strong><\/td>\n<td width=\"15%\"><strong>%\u00a0d&rsquo;apport journalier<\/strong><\/td>\n<\/tr>\n<tr valign=\"top\">\n<td>Racine de maca (Lepidium meyenii)<\/td>\n<td>525\u00a0mg<\/td>\n<td>*<\/td>\n<\/tr>\n<tr valign=\"top\">\n<td colspan=\"3\">*\u00a0Apport journalier non \u00e9tabli.<\/td>\n<\/tr>\n<\/tbody>\n<\/table>\n<\/div>\n<div>\n<h3><strong>\u0627\u0644\u0645\u0643\u0648\u0646\u0627\u062a \u0627\u0644\u0623\u062e\u0631\u0649<\/strong><\/h3>\n<div>\n<p>Capsule en cellulose v\u00e9g\u00e9tale.<\/p>\n<\/div>\n<\/div>\n<\/div>\n<\/div>","protected":false},"excerpt":{"rendered":"<ul>\n<li>Depuis 1932<\/li>\n<li>D&rsquo;origine p\u00e9ruvienne<\/li>\n<li>Frais &#8211; Sain<\/li>\n<li>Une fois par jour<\/li>\n<li>\u0645\u0643\u0645\u0644 \u063a\u0630\u0627\u0626\u064a<\/li>\n<\/ul>","protected":false},"featured_media":34125,"template":"","meta":{"om_disable_all_campaigns":false},"product_brand":[2364],"product_cat":[18,8967,3366,8077,8101],"product_tag":[345,3318,181,398,11910,11925,3492,10440,11801,4307],"class_list":{"0":"post-34124","1":"product","2":"type-product","3":"status-publish","4":"has-post-thumbnail","6":"product_brand-thompson","7":"product_cat-beaute-sante","8":"product_cat-complements","9":"product_cat-complements-alimentaires-au-maroc-vitablanca","10":"product_cat-maca","11":"product_cat-plantes","12":"product_tag-equilibre-hormonal","13":"product_tag-capsules-vegetariennes","14":"product_tag-complement-alimentaire","15":"product_tag-energie","16":"product_tag-maca","17":"product_tag-maca-525-mg","18":"product_tag-maroc","19":"product_tag-plantes-adaptogenes","20":"product_tag-thompson","21":"product_tag-vitalite","23":"first","24":"instock","25":"sale","26":"taxable","27":"shipping-taxable","28":"purchasable","29":"product-type-simple"},"yoast_head":"<!-- This site is optimized with the Yoast SEO plugin v27.5 - https:\/\/yoast.com\/product\/yoast-seo-wordpress\/ -->\n<title>Thompson Maca 525 mg 60 Capsules V\u00e9g\u00e9tariennes \u2013 Maroc Prix<\/title>\n<meta name=\"description\" content=\"Thompson Maca 525 mg, 60 capsules v\u00e9g\u00e9tariennes. Compl\u00e9ment naturel \u00e0 base de racine de maca pour soutenir l\u2019\u00e9nergie, la vitalit\u00e9 et l\u2019\u00e9quilibre hormonal.\" \/>\n<meta name=\"robots\" content=\"index, follow, max-snippet:-1, max-image-preview:large, max-video-preview:-1\" \/>\n<link rel=\"canonical\" href=\"https:\/\/vitablanca.ma\/ar\/product-2\/thompson-maca-525-mg-60-capsules-vegetariennes-maroc-prix\/\" \/>\n<meta property=\"og:locale\" content=\"ar_AR\" \/>\n<meta property=\"og:type\" content=\"article\" \/>\n<meta property=\"og:title\" content=\"Thompson Maca 525 mg 60 Capsules V\u00e9g\u00e9tariennes \u2013 Maroc Prix\" \/>\n<meta property=\"og:description\" content=\"Thompson Maca 525 mg, 60 capsules v\u00e9g\u00e9tariennes. Compl\u00e9ment naturel \u00e0 base de racine de maca pour soutenir l\u2019\u00e9nergie, la vitalit\u00e9 et l\u2019\u00e9quilibre hormonal.\" \/>\n<meta property=\"og:url\" content=\"https:\/\/vitablanca.ma\/ar\/product-2\/thompson-maca-525-mg-60-capsules-vegetariennes-maroc-prix\/\" \/>\n<meta property=\"og:site_name\" content=\"Vitablanca.ma &ndash; Sant&eacute;, vitalit&eacute; et bien-&ecirc;tre pour tous les Marocains\" \/>\n<meta property=\"article:publisher\" content=\"https:\/\/www.facebook.com\/profile.php?id=61576678196717\" \/>\n<meta property=\"article:modified_time\" content=\"2026-03-28T17:51:56+00:00\" \/>\n<meta property=\"og:image\" content=\"https:\/\/vitablanca.ma\/wp-content\/uploads\/2026\/03\/Thompson-Maca-525-mg-60-capsules-vegetariennes-1.jpg\" \/>\n\t<meta property=\"og:image:width\" content=\"1600\" \/>\n\t<meta property=\"og:image:height\" content=\"1600\" \/>\n\t<meta property=\"og:image:type\" content=\"image\/jpeg\" \/>\n<meta name=\"twitter:card\" content=\"summary_large_image\" \/>\n<meta name=\"twitter:label1\" content=\"\u0648\u0642\u062a \u0627\u0644\u0642\u0631\u0627\u0621\u0629 \u0627\u0644\u0645\u064f\u0642\u062f\u0651\u0631\" \/>\n\t<meta name=\"twitter:data1\" content=\"\u062f\u0642\u064a\u0642\u0629 \u0648\u0627\u062d\u062f\u0629\" \/>\n<script type=\"application\/ld+json\" class=\"yoast-schema-graph\">{\"@context\":\"https:\\\/\\\/schema.org\",\"@graph\":[{\"@type\":[\"WebPage\",\"ItemPage\"],\"@id\":\"https:\\\/\\\/vitablanca.ma\\\/produit\\\/thompson-maca-525-mg-60-capsules-vegetariennes-maroc-prix\\\/\",\"url\":\"https:\\\/\\\/vitablanca.ma\\\/produit\\\/thompson-maca-525-mg-60-capsules-vegetariennes-maroc-prix\\\/\",\"name\":\"Thompson Maca 525 mg 60 Capsules V\u00e9g\u00e9tariennes \u2013 Maroc Prix\",\"isPartOf\":{\"@id\":\"https:\\\/\\\/vitablanca.ma\\\/#website\"},\"primaryImageOfPage\":{\"@id\":\"https:\\\/\\\/vitablanca.ma\\\/produit\\\/thompson-maca-525-mg-60-capsules-vegetariennes-maroc-prix\\\/#primaryimage\"},\"image\":{\"@id\":\"https:\\\/\\\/vitablanca.ma\\\/produit\\\/thompson-maca-525-mg-60-capsules-vegetariennes-maroc-prix\\\/#primaryimage\"},\"thumbnailUrl\":\"https:\\\/\\\/vitablanca.ma\\\/wp-content\\\/uploads\\\/2026\\\/03\\\/Thompson-Maca-525-mg-60-capsules-vegetariennes-1.jpg\",\"datePublished\":\"2026-03-13T01:58:20+00:00\",\"dateModified\":\"2026-03-28T17:51:56+00:00\",\"description\":\"Thompson Maca 525 mg, 60 capsules v\u00e9g\u00e9tariennes. Compl\u00e9ment naturel \u00e0 base de racine de maca pour soutenir l\u2019\u00e9nergie, la vitalit\u00e9 et l\u2019\u00e9quilibre hormonal.\",\"breadcrumb\":{\"@id\":\"https:\\\/\\\/vitablanca.ma\\\/produit\\\/thompson-maca-525-mg-60-capsules-vegetariennes-maroc-prix\\\/#breadcrumb\"},\"inLanguage\":\"ar\",\"potentialAction\":[{\"@type\":\"ReadAction\",\"target\":[\"https:\\\/\\\/vitablanca.ma\\\/produit\\\/thompson-maca-525-mg-60-capsules-vegetariennes-maroc-prix\\\/\"]}]},{\"@type\":\"ImageObject\",\"inLanguage\":\"ar\",\"@id\":\"https:\\\/\\\/vitablanca.ma\\\/produit\\\/thompson-maca-525-mg-60-capsules-vegetariennes-maroc-prix\\\/#primaryimage\",\"url\":\"https:\\\/\\\/vitablanca.ma\\\/wp-content\\\/uploads\\\/2026\\\/03\\\/Thompson-Maca-525-mg-60-capsules-vegetariennes-1.jpg\",\"contentUrl\":\"https:\\\/\\\/vitablanca.ma\\\/wp-content\\\/uploads\\\/2026\\\/03\\\/Thompson-Maca-525-mg-60-capsules-vegetariennes-1.jpg\",\"width\":1600,\"height\":1600},{\"@type\":\"BreadcrumbList\",\"@id\":\"https:\\\/\\\/vitablanca.ma\\\/produit\\\/thompson-maca-525-mg-60-capsules-vegetariennes-maroc-prix\\\/#breadcrumb\",\"itemListElement\":[{\"@type\":\"ListItem\",\"position\":1,\"name\":\"Home\",\"item\":\"https:\\\/\\\/vitablanca.ma\\\/\"},{\"@type\":\"ListItem\",\"position\":2,\"name\":\"Tous Les Produits\",\"item\":\"https:\\\/\\\/vitablanca.ma\\\/tous-les-produits\\\/\"},{\"@type\":\"ListItem\",\"position\":3,\"name\":\"Thompson, Maca, 525 mg, 60 capsules v\u00e9g\u00e9tariennes\"}]},{\"@type\":\"WebSite\",\"@id\":\"https:\\\/\\\/vitablanca.ma\\\/#website\",\"url\":\"https:\\\/\\\/vitablanca.ma\\\/\",\"name\":\"VitaBlanca.ma | Compl\u00e9ments alimentaires, sant\u00e9 & beaut\u00e9 au Maroc\",\"description\":\"vendre vitamines et compl\u00e9ments premium des USA &amp; Canada, Nouvelle Z\u00e9lande,Maroc (NOW Foods, Solgar, Manuka). Livraison rapide partout au Maroc.\",\"publisher\":{\"@id\":\"https:\\\/\\\/vitablanca.ma\\\/#organization\"},\"alternateName\":\"VitaBlanca.ma\",\"potentialAction\":[{\"@type\":\"SearchAction\",\"target\":{\"@type\":\"EntryPoint\",\"urlTemplate\":\"https:\\\/\\\/vitablanca.ma\\\/?s={search_term_string}\"},\"query-input\":{\"@type\":\"PropertyValueSpecification\",\"valueRequired\":true,\"valueName\":\"search_term_string\"}}],\"inLanguage\":\"ar\"},{\"@type\":\"Organization\",\"@id\":\"https:\\\/\\\/vitablanca.ma\\\/#organization\",\"name\":\"VitaBlanca\",\"url\":\"https:\\\/\\\/vitablanca.ma\\\/\",\"logo\":{\"@type\":\"ImageObject\",\"inLanguage\":\"ar\",\"@id\":\"https:\\\/\\\/vitablanca.ma\\\/#\\\/schema\\\/logo\\\/image\\\/\",\"url\":\"https:\\\/\\\/vitablanca.ma\\\/wp-content\\\/uploads\\\/2025\\\/05\\\/cropped-vitablanca.png\",\"contentUrl\":\"https:\\\/\\\/vitablanca.ma\\\/wp-content\\\/uploads\\\/2025\\\/05\\\/cropped-vitablanca.png\",\"width\":360,\"height\":67,\"caption\":\"VitaBlanca\"},\"image\":{\"@id\":\"https:\\\/\\\/vitablanca.ma\\\/#\\\/schema\\\/logo\\\/image\\\/\"},\"sameAs\":[\"https:\\\/\\\/www.facebook.com\\\/profile.php?id=61576678196717\",\"https:\\\/\\\/www.tiktok.com\\\/@vitablanca.ma\",\"https:\\\/\\\/www.instagram.com\\\/vitablanca.ma\\\/\"]}]}<\/script>\n<!-- \/ Yoast SEO plugin. -->","yoast_head_json":{"title":"Thompson Maca 525 mg 60 Capsules V\u00e9g\u00e9tariennes \u2013 Maroc Prix","description":"Thompson Maca 525 mg, 60 capsules v\u00e9g\u00e9tariennes. Compl\u00e9ment naturel \u00e0 base de racine de maca pour soutenir l\u2019\u00e9nergie, la vitalit\u00e9 et l\u2019\u00e9quilibre hormonal.","robots":{"index":"index","follow":"follow","max-snippet":"max-snippet:-1","max-image-preview":"max-image-preview:large","max-video-preview":"max-video-preview:-1"},"canonical":"https:\/\/vitablanca.ma\/ar\/product-2\/thompson-maca-525-mg-60-capsules-vegetariennes-maroc-prix\/","og_locale":"ar_AR","og_type":"article","og_title":"Thompson Maca 525 mg 60 Capsules V\u00e9g\u00e9tariennes \u2013 Maroc Prix","og_description":"Thompson Maca 525 mg, 60 capsules v\u00e9g\u00e9tariennes. Compl\u00e9ment naturel \u00e0 base de racine de maca pour soutenir l\u2019\u00e9nergie, la vitalit\u00e9 et l\u2019\u00e9quilibre hormonal.","og_url":"https:\/\/vitablanca.ma\/ar\/product-2\/thompson-maca-525-mg-60-capsules-vegetariennes-maroc-prix\/","og_site_name":"Vitablanca.ma &ndash; Sant&eacute;, vitalit&eacute; et bien-&ecirc;tre pour tous les Marocains","article_publisher":"https:\/\/www.facebook.com\/profile.php?id=61576678196717","article_modified_time":"2026-03-28T17:51:56+00:00","og_image":[{"width":1600,"height":1600,"url":"https:\/\/vitablanca.ma\/wp-content\/uploads\/2026\/03\/Thompson-Maca-525-mg-60-capsules-vegetariennes-1.jpg","type":"image\/jpeg"}],"twitter_card":"summary_large_image","twitter_misc":{"\u0648\u0642\u062a \u0627\u0644\u0642\u0631\u0627\u0621\u0629 \u0627\u0644\u0645\u064f\u0642\u062f\u0651\u0631":"\u062f\u0642\u064a\u0642\u0629 \u0648\u0627\u062d\u062f\u0629"},"schema":{"@context":"https:\/\/schema.org","@graph":[{"@type":["WebPage","ItemPage"],"@id":"https:\/\/vitablanca.ma\/produit\/thompson-maca-525-mg-60-capsules-vegetariennes-maroc-prix\/","url":"https:\/\/vitablanca.ma\/produit\/thompson-maca-525-mg-60-capsules-vegetariennes-maroc-prix\/","name":"Thompson Maca 525 mg 60 Capsules V\u00e9g\u00e9tariennes \u2013 Maroc Prix","isPartOf":{"@id":"https:\/\/vitablanca.ma\/#website"},"primaryImageOfPage":{"@id":"https:\/\/vitablanca.ma\/produit\/thompson-maca-525-mg-60-capsules-vegetariennes-maroc-prix\/#primaryimage"},"image":{"@id":"https:\/\/vitablanca.ma\/produit\/thompson-maca-525-mg-60-capsules-vegetariennes-maroc-prix\/#primaryimage"},"thumbnailUrl":"https:\/\/vitablanca.ma\/wp-content\/uploads\/2026\/03\/Thompson-Maca-525-mg-60-capsules-vegetariennes-1.jpg","datePublished":"2026-03-13T01:58:20+00:00","dateModified":"2026-03-28T17:51:56+00:00","description":"Thompson Maca 525 mg, 60 capsules v\u00e9g\u00e9tariennes. Compl\u00e9ment naturel \u00e0 base de racine de maca pour soutenir l\u2019\u00e9nergie, la vitalit\u00e9 et l\u2019\u00e9quilibre hormonal.","breadcrumb":{"@id":"https:\/\/vitablanca.ma\/produit\/thompson-maca-525-mg-60-capsules-vegetariennes-maroc-prix\/#breadcrumb"},"inLanguage":"ar","potentialAction":[{"@type":"ReadAction","target":["https:\/\/vitablanca.ma\/produit\/thompson-maca-525-mg-60-capsules-vegetariennes-maroc-prix\/"]}]},{"@type":"ImageObject","inLanguage":"ar","@id":"https:\/\/vitablanca.ma\/produit\/thompson-maca-525-mg-60-capsules-vegetariennes-maroc-prix\/#primaryimage","url":"https:\/\/vitablanca.ma\/wp-content\/uploads\/2026\/03\/Thompson-Maca-525-mg-60-capsules-vegetariennes-1.jpg","contentUrl":"https:\/\/vitablanca.ma\/wp-content\/uploads\/2026\/03\/Thompson-Maca-525-mg-60-capsules-vegetariennes-1.jpg","width":1600,"height":1600},{"@type":"BreadcrumbList","@id":"https:\/\/vitablanca.ma\/produit\/thompson-maca-525-mg-60-capsules-vegetariennes-maroc-prix\/#breadcrumb","itemListElement":[{"@type":"ListItem","position":1,"name":"Home","item":"https:\/\/vitablanca.ma\/"},{"@type":"ListItem","position":2,"name":"Tous Les Produits","item":"https:\/\/vitablanca.ma\/tous-les-produits\/"},{"@type":"ListItem","position":3,"name":"Thompson, Maca, 525 mg, 60 capsules v\u00e9g\u00e9tariennes"}]},{"@type":"WebSite","@id":"https:\/\/vitablanca.ma\/#website","url":"https:\/\/vitablanca.ma\/","name":"VitaBlanca.ma | \u0627\u0644\u0645\u0643\u0645\u0644\u0627\u062a \u0627\u0644\u063a\u0630\u0627\u0626\u064a\u0629\u060c \u0627\u0644\u0635\u062d\u0629 \u0648\u0627\u0644\u062c\u0645\u0627\u0644 \u0641\u064a \u0627\u0644\u0645\u063a\u0631\u0628","description":"\u0646\u0628\u064a\u0639 \u0641\u064a\u062a\u0627\u0645\u064a\u0646\u0627\u062a \u0648\u0645\u0643\u0645\u0644\u0627\u062a \u063a\u0630\u0627\u0626\u064a\u0629 \u0641\u0627\u062e\u0631\u0629 \u0645\u0646 \u0627\u0644\u0648\u0644\u0627\u064a\u0627\u062a \u0627\u0644\u0645\u062a\u062d\u062f\u0629 \u0627\u0644\u0623\u0645\u0631\u064a\u0643\u064a\u0629 \u0648\u0643\u0646\u062f\u0627 \u0648\u0646\u064a\u0648\u0632\u064a\u0644\u0646\u062f\u0627 \u0648\u0627\u0644\u0645\u063a\u0631\u0628 (\u0646\u0627\u0648 \u0641\u0648\u062f\u0632\u060c \u0633\u0648\u0644\u062c\u0627\u0631\u060c \u0645\u0627\u0646\u0648\u0643\u0627). \u062a\u0648\u0635\u064a\u0644 \u0633\u0631\u064a\u0639 \u0625\u0644\u0649 \u062c\u0645\u064a\u0639 \u0623\u0646\u062d\u0627\u0621 \u0627\u0644\u0645\u063a\u0631\u0628.","publisher":{"@id":"https:\/\/vitablanca.ma\/#organization"},"alternateName":"VitaBlanca.ma","potentialAction":[{"@type":"SearchAction","target":{"@type":"EntryPoint","urlTemplate":"https:\/\/vitablanca.ma\/?s={search_term_string}"},"query-input":{"@type":"PropertyValueSpecification","valueRequired":true,"valueName":"search_term_string"}}],"inLanguage":"ar"},{"@type":"Organization","@id":"https:\/\/vitablanca.ma\/#organization","name":"\u0641\u064a\u062a\u0627\u0628\u0644\u0627\u0646\u0643\u0627","url":"https:\/\/vitablanca.ma\/","logo":{"@type":"ImageObject","inLanguage":"ar","@id":"https:\/\/vitablanca.ma\/#\/schema\/logo\/image\/","url":"https:\/\/vitablanca.ma\/wp-content\/uploads\/2025\/05\/cropped-vitablanca.png","contentUrl":"https:\/\/vitablanca.ma\/wp-content\/uploads\/2025\/05\/cropped-vitablanca.png","width":360,"height":67,"caption":"VitaBlanca"},"image":{"@id":"https:\/\/vitablanca.ma\/#\/schema\/logo\/image\/"},"sameAs":["https:\/\/www.facebook.com\/profile.php?id=61576678196717","https:\/\/www.tiktok.com\/@vitablanca.ma","https:\/\/www.instagram.com\/vitablanca.ma\/"]}]}},"jetpack_sharing_enabled":true,"_links":{"self":[{"href":"https:\/\/vitablanca.ma\/ar\/wp-json\/wp\/v2\/product\/34124","targetHints":{"allow":["GET"]}}],"collection":[{"href":"https:\/\/vitablanca.ma\/ar\/wp-json\/wp\/v2\/product"}],"about":[{"href":"https:\/\/vitablanca.ma\/ar\/wp-json\/wp\/v2\/types\/product"}],"wp:featuredmedia":[{"embeddable":true,"href":"https:\/\/vitablanca.ma\/ar\/wp-json\/wp\/v2\/media\/34125"}],"wp:attachment":[{"href":"https:\/\/vitablanca.ma\/ar\/wp-json\/wp\/v2\/media?parent=34124"}],"wp:term":[{"taxonomy":"product_brand","embeddable":true,"href":"https:\/\/vitablanca.ma\/ar\/wp-json\/wp\/v2\/product_brand?post=34124"},{"taxonomy":"product_cat","embeddable":true,"href":"https:\/\/vitablanca.ma\/ar\/wp-json\/wp\/v2\/product_cat?post=34124"},{"taxonomy":"product_tag","embeddable":true,"href":"https:\/\/vitablanca.ma\/ar\/wp-json\/wp\/v2\/product_tag?post=34124"}],"curies":[{"name":"wp","href":"https:\/\/api.w.org\/{rel}","templated":true}]}}