{"id":34105,"date":"2026-03-12T22:59:24","date_gmt":"2026-03-12T22:59:24","guid":{"rendered":"https:\/\/vitablanca.ma\/?post_type=product&#038;p=34105"},"modified":"2026-03-28T17:51:57","modified_gmt":"2026-03-28T17:51:57","slug":"california-gold-nutrition-peptides-de-collagene-marin-hydrolyse-non-aromatise-200-g-maroc-prix","status":"publish","type":"product","link":"https:\/\/vitablanca.ma\/ar\/product-2\/california-gold-nutrition-peptides-de-collagene-marin-hydrolyse-non-aromatise-200-g-maroc-prix\/","title":{"rendered":"California Gold Nutrition, Peptides de collag\u00e8ne marin hydrolys\u00e9, Non aromatis\u00e9, 200 g"},"content":{"rendered":"<div class=\"row item-row\">\n<div class=\"col-xs-24\">\n<h3><strong>\u0627\u0644\u0627\u0633\u062a\u062e\u062f\u0627\u0645 \u0627\u0644\u0645\u0642\u062a\u0631\u062d<\/strong><\/h3>\n<div class=\"prodOverviewDetail\">\n<p id=\"isPasted\">M\u00e9langez 1 mesure par jour dans 175 \u00e0 250 ml d\u2019eau ou de jus \u00e0 temp\u00e9rature ambiante et agitez bien (pour obtenir de meilleurs r\u00e9sultats, effectuez le m\u00e9lange dans un shaker). Buvez le m\u00e9lange \u00e0 jeun au moins 1 heure avant ou 2 heures apr\u00e8s les repas. Id\u00e9alement \u00e0 prendre selon les recommandations d\u2019un professionnel de sant\u00e9 qualifi\u00e9.<\/p>\n<p><strong>Remarque\u00a0:<\/strong>\u00a05 grammes par mesure est une moyenne. Les mesures peuvent d\u00e9vier l\u00e9g\u00e8rement des 5 grammes selon la technique de pr\u00e9l\u00e8vement employ\u00e9e.<\/p>\n<\/div>\n<\/div>\n<\/div>\n<div class=\"row item-row\">\n<div class=\"col-xs-24\">\n<h3><strong>\u0627\u0644\u0645\u0643\u0648\u0646\u0627\u062a \u0627\u0644\u0623\u062e\u0631\u0649<\/strong><\/h3>\n<div class=\"prodOverviewIngred\">\n<p id=\"isPasted\"><strong>Ingr\u00e9dients principaux<br \/>\n<\/strong>Peptides de collag\u00e8ne marin hydrolys\u00e9<\/p>\n<p><strong>\u0627\u0644\u0645\u0643\u0648\u0646\u0627\u062a \u0627\u0644\u0623\u062e\u0631\u0649<br \/>\n<\/strong>Aucun<\/p>\n<p>Contient : poisson (un ou plusieurs dans la liste suivante : barramundi ou vivaneau rouge)<\/p>\n<p>Produit \u00e9labor\u00e9 sans lait, \u0153ufs, crustac\u00e9s, fruits \u00e0 coque, arachides, bl\u00e9, soja, s\u00e9same, ni gluten. Produit dans un \u00e9tablissement enregistr\u00e9 aupr\u00e8s de la FDA, audit\u00e9 par une organisation tierce, et respectant les BPF actuelles (certifi\u00e9) susceptible de transformer d\u2019autres produits qui contiennent ces allerg\u00e8nes ou ingr\u00e9dients.<\/p>\n<\/div>\n<\/div>\n<\/div>\n<div class=\"row item-row\">\n<div class=\"col-xs-24\">\n<h3><strong>\u062a\u062d\u0630\u064a\u0631\u0627\u062a<\/strong><\/h3>\n<div class=\"prodOverviewDetail\">\n<p id=\"isPasted\"><strong>\u064a\u062d\u0641\u0638 \u0628\u0639\u064a\u062f\u0627 \u0639\u0646 \u0645\u062a\u0646\u0627\u0648\u0644 \u0627\u0644\u0623\u0637\u0641\u0627\u0644.\u00a0<\/strong>Demander l\u2019avis d\u2019un m\u00e9decin, d\u2019un pharmacien, d\u2019un autre professionnel de la sant\u00e9 qualifi\u00e9 ou d\u2019un naturopathe avant de prendre des compl\u00e9ments.<\/p>\n<p><strong>Scell\u00e9 pour votre protection. Ne pas utiliser si l\u2019opercule est absent ou rompu. \u00c0 conserver dans un endroit frais et sec. Conserver \u00e0 l\u2019abri de la chaleur, de la lumi\u00e8re et de l\u2019humidit\u00e9.<\/strong><\/p>\n<p><strong>L\u2019ar\u00f4me, la couleur, la consistance et le go\u00fbt peuvent varier.<\/strong><\/p>\n<p><strong>CE PRODUIT EST EMBALL\u00c9 ET VENDU AU POIDS ET NON AU VOLUME. UNE AGGLOM\u00c9RATION\u00a0<\/strong><strong>DU CONTENU PEUT SE PRODUIRE AVEC LE TEMPS.<\/strong><\/p>\n<p><strong>AVERTISSEMENT\u00a0: <\/strong><\/p>\n<p><strong>Utiliser ce produit comme compl\u00e9ment alimentaire uniquement. Ne pas utiliser ce produit dans le cadre d\u2019une perte de poids.<\/strong><\/p>\n<p><strong>CONTIENT UN ABSORBEUR D\u2019HUMIDIT\u00c9 DE QUALIT\u00c9 ALIMENTAIRE POUR MAINTENIR LA FRA\u00ceCHEUR DU PRODUIT. NE PAS MANGER.\u00a0<\/strong><\/p>\n<table border=\"1\" width=\"100%\" cellspacing=\"0\" cellpadding=\"3\">\n<tbody>\n<tr>\n<td colspan=\"3\"><strong>Valeurs nutritionnelles<\/strong><\/td>\n<\/tr>\n<tr>\n<td colspan=\"3\"><strong>\u0627\u0644\u062a\u0642\u062f\u064a\u0645:\u00a0<\/strong>1\u00a0mesure (5\u00a0g)<\/td>\n<\/tr>\n<tr>\n<td colspan=\"3\"><strong>Portions par contenant\u00a0:<\/strong>\u00a040<\/td>\n<\/tr>\n<tr>\n<td><\/td>\n<td><strong>Quantit\u00e9 par portion<\/strong><\/td>\n<td><strong>%\u00a0d\u2019apport journalier<\/strong><\/td>\n<\/tr>\n<tr>\n<td>Calories<\/td>\n<td>20<\/td>\n<td><\/td>\n<\/tr>\n<tr>\n<td>Prot\u00e9ines<\/td>\n<td>4\u00a0g<\/td>\n<td><1\u00a0%*<\/td>\n<\/tr>\n<tr>\n<td>Sodium<\/td>\n<td>10\u00a0mg<\/td>\n<td><1\u00a0%<\/td>\n<\/tr>\n<tr>\n<td>Peptides de collag\u00e8ne marin hydrolys\u00e9s<\/td>\n<td>5\u00a0g<\/td>\n<td>*<\/td>\n<\/tr>\n<tr>\n<td colspan=\"3\">*\u00a0Pourcentage d\u2019apport journalier bas\u00e9 sur un r\u00e9gime \u00e0 2000\u00a0calories.<br \/>\nApport journalier non \u00e9tabli.<\/td>\n<\/tr>\n<\/tbody>\n<\/table>\n<\/div>\n<\/div>\n<\/div>","protected":false},"excerpt":{"rendered":"<ul>\n<li>Collag\u00e8ne hydrolys\u00e9 par voie enzymatique pour une meilleure absorption et une meilleure biodisponibilit\u00e9<\/li>\n<li>Pr\u00e9serve la bonne sant\u00e9 des cheveux, de la peau, des ongles, des articulations et des os*<\/li>\n<li>Contient du collag\u00e8ne marin issu de poissons sauvages<\/li>\n<\/ul>","protected":false},"featured_media":34106,"template":"","meta":{"om_disable_all_campaigns":false},"product_brand":[2176],"product_cat":[18,8967,3366,8875,8062],"product_tag":[11918,5079,11036,7744,288,11917,181,3492,1746,11024],"class_list":{"0":"post-34105","1":"product","2":"type-product","3":"status-publish","4":"has-post-thumbnail","6":"product_brand-california-gold-nutrition","7":"product_cat-beaute-sante","8":"product_cat-complements","9":"product_cat-complements-alimentaires-au-maroc-vitablanca","10":"product_cat-complements-de-collagene","11":"product_cat-os-articulations-et-cartilage","12":"product_tag-200-g","13":"product_tag-articulations","14":"product_tag-california-gold-nutrition","15":"product_tag-cheveux-et-ongles","16":"product_tag-collagene-hydrolyse","17":"product_tag-collagene-marin","18":"product_tag-complement-alimentaire","19":"product_tag-maroc","20":"product_tag-peau","21":"product_tag-peptides-de-collagene","23":"first","24":"instock","25":"sale","26":"taxable","27":"shipping-taxable","28":"purchasable","29":"product-type-simple"},"yoast_head":"<!-- This site is optimized with the Yoast SEO plugin v27.5 - https:\/\/yoast.com\/product\/yoast-seo-wordpress\/ -->\n<title>California Gold Nutrition Collag\u00e8ne Marin Hydrolys\u00e9 \u2013 Maroc Prix<\/title>\n<meta name=\"description\" content=\"California Gold Nutrition peptides de collag\u00e8ne marin hydrolys\u00e9, non aromatis\u00e9. Soutient la sant\u00e9 de la peau, des cheveux, des ongles et des articulations\" \/>\n<meta name=\"robots\" content=\"index, follow, max-snippet:-1, max-image-preview:large, max-video-preview:-1\" \/>\n<link rel=\"canonical\" href=\"https:\/\/vitablanca.ma\/ar\/product-2\/california-gold-nutrition-peptides-de-collagene-marin-hydrolyse-non-aromatise-200-g-maroc-prix\/\" \/>\n<meta property=\"og:locale\" content=\"ar_AR\" \/>\n<meta property=\"og:type\" content=\"article\" \/>\n<meta property=\"og:title\" content=\"California Gold Nutrition Collag\u00e8ne Marin Hydrolys\u00e9 \u2013 Maroc Prix\" \/>\n<meta property=\"og:description\" content=\"California Gold Nutrition peptides de collag\u00e8ne marin hydrolys\u00e9, non aromatis\u00e9. Soutient la sant\u00e9 de la peau, des cheveux, des ongles et des articulations\" \/>\n<meta property=\"og:url\" content=\"https:\/\/vitablanca.ma\/ar\/product-2\/california-gold-nutrition-peptides-de-collagene-marin-hydrolyse-non-aromatise-200-g-maroc-prix\/\" \/>\n<meta property=\"og:site_name\" content=\"Vitablanca.ma &ndash; Sant&eacute;, vitalit&eacute; et bien-&ecirc;tre pour tous les Marocains\" \/>\n<meta property=\"article:publisher\" content=\"https:\/\/www.facebook.com\/profile.php?id=61576678196717\" \/>\n<meta property=\"article:modified_time\" content=\"2026-03-28T17:51:57+00:00\" \/>\n<meta property=\"og:image\" content=\"https:\/\/vitablanca.ma\/wp-content\/uploads\/2026\/03\/California-Gold-Nutrition-Peptides-de-collagene-marin-hydrolyse-Non-aromatise-200-g1.jpg\" \/>\n\t<meta property=\"og:image:width\" content=\"1600\" \/>\n\t<meta property=\"og:image:height\" content=\"1600\" \/>\n\t<meta property=\"og:image:type\" content=\"image\/jpeg\" \/>\n<meta name=\"twitter:card\" content=\"summary_large_image\" \/>\n<meta name=\"twitter:label1\" content=\"\u0648\u0642\u062a \u0627\u0644\u0642\u0631\u0627\u0621\u0629 \u0627\u0644\u0645\u064f\u0642\u062f\u0651\u0631\" \/>\n\t<meta name=\"twitter:data1\" content=\"\u062f\u0642\u064a\u0642\u062a\u0627\u0646\" \/>\n<script type=\"application\/ld+json\" class=\"yoast-schema-graph\">{\"@context\":\"https:\\\/\\\/schema.org\",\"@graph\":[{\"@type\":[\"WebPage\",\"ItemPage\"],\"@id\":\"https:\\\/\\\/vitablanca.ma\\\/produit\\\/california-gold-nutrition-peptides-de-collagene-marin-hydrolyse-non-aromatise-200-g-maroc-prix\\\/\",\"url\":\"https:\\\/\\\/vitablanca.ma\\\/produit\\\/california-gold-nutrition-peptides-de-collagene-marin-hydrolyse-non-aromatise-200-g-maroc-prix\\\/\",\"name\":\"California Gold Nutrition Collag\u00e8ne Marin Hydrolys\u00e9 \u2013 Maroc Prix\",\"isPartOf\":{\"@id\":\"https:\\\/\\\/vitablanca.ma\\\/#website\"},\"primaryImageOfPage\":{\"@id\":\"https:\\\/\\\/vitablanca.ma\\\/produit\\\/california-gold-nutrition-peptides-de-collagene-marin-hydrolyse-non-aromatise-200-g-maroc-prix\\\/#primaryimage\"},\"image\":{\"@id\":\"https:\\\/\\\/vitablanca.ma\\\/produit\\\/california-gold-nutrition-peptides-de-collagene-marin-hydrolyse-non-aromatise-200-g-maroc-prix\\\/#primaryimage\"},\"thumbnailUrl\":\"https:\\\/\\\/vitablanca.ma\\\/wp-content\\\/uploads\\\/2026\\\/03\\\/California-Gold-Nutrition-Peptides-de-collagene-marin-hydrolyse-Non-aromatise-200-g1.jpg\",\"datePublished\":\"2026-03-12T22:59:24+00:00\",\"dateModified\":\"2026-03-28T17:51:57+00:00\",\"description\":\"California Gold Nutrition peptides de collag\u00e8ne marin hydrolys\u00e9, non aromatis\u00e9. Soutient la sant\u00e9 de la peau, des cheveux, des ongles et des articulations\",\"breadcrumb\":{\"@id\":\"https:\\\/\\\/vitablanca.ma\\\/produit\\\/california-gold-nutrition-peptides-de-collagene-marin-hydrolyse-non-aromatise-200-g-maroc-prix\\\/#breadcrumb\"},\"inLanguage\":\"ar\",\"potentialAction\":[{\"@type\":\"ReadAction\",\"target\":[\"https:\\\/\\\/vitablanca.ma\\\/produit\\\/california-gold-nutrition-peptides-de-collagene-marin-hydrolyse-non-aromatise-200-g-maroc-prix\\\/\"]}]},{\"@type\":\"ImageObject\",\"inLanguage\":\"ar\",\"@id\":\"https:\\\/\\\/vitablanca.ma\\\/produit\\\/california-gold-nutrition-peptides-de-collagene-marin-hydrolyse-non-aromatise-200-g-maroc-prix\\\/#primaryimage\",\"url\":\"https:\\\/\\\/vitablanca.ma\\\/wp-content\\\/uploads\\\/2026\\\/03\\\/California-Gold-Nutrition-Peptides-de-collagene-marin-hydrolyse-Non-aromatise-200-g1.jpg\",\"contentUrl\":\"https:\\\/\\\/vitablanca.ma\\\/wp-content\\\/uploads\\\/2026\\\/03\\\/California-Gold-Nutrition-Peptides-de-collagene-marin-hydrolyse-Non-aromatise-200-g1.jpg\",\"width\":1600,\"height\":1600},{\"@type\":\"BreadcrumbList\",\"@id\":\"https:\\\/\\\/vitablanca.ma\\\/produit\\\/california-gold-nutrition-peptides-de-collagene-marin-hydrolyse-non-aromatise-200-g-maroc-prix\\\/#breadcrumb\",\"itemListElement\":[{\"@type\":\"ListItem\",\"position\":1,\"name\":\"Home\",\"item\":\"https:\\\/\\\/vitablanca.ma\\\/\"},{\"@type\":\"ListItem\",\"position\":2,\"name\":\"Tous Les Produits\",\"item\":\"https:\\\/\\\/vitablanca.ma\\\/tous-les-produits\\\/\"},{\"@type\":\"ListItem\",\"position\":3,\"name\":\"California Gold Nutrition, Peptides de collag\u00e8ne marin hydrolys\u00e9, Non aromatis\u00e9, 200 g\"}]},{\"@type\":\"WebSite\",\"@id\":\"https:\\\/\\\/vitablanca.ma\\\/#website\",\"url\":\"https:\\\/\\\/vitablanca.ma\\\/\",\"name\":\"VitaBlanca.ma | Compl\u00e9ments alimentaires, sant\u00e9 & beaut\u00e9 au Maroc\",\"description\":\"vendre vitamines et compl\u00e9ments premium des USA &amp; Canada, Nouvelle Z\u00e9lande,Maroc (NOW Foods, Solgar, Manuka). Livraison rapide partout au Maroc.\",\"publisher\":{\"@id\":\"https:\\\/\\\/vitablanca.ma\\\/#organization\"},\"alternateName\":\"VitaBlanca.ma\",\"potentialAction\":[{\"@type\":\"SearchAction\",\"target\":{\"@type\":\"EntryPoint\",\"urlTemplate\":\"https:\\\/\\\/vitablanca.ma\\\/?s={search_term_string}\"},\"query-input\":{\"@type\":\"PropertyValueSpecification\",\"valueRequired\":true,\"valueName\":\"search_term_string\"}}],\"inLanguage\":\"ar\"},{\"@type\":\"Organization\",\"@id\":\"https:\\\/\\\/vitablanca.ma\\\/#organization\",\"name\":\"VitaBlanca\",\"url\":\"https:\\\/\\\/vitablanca.ma\\\/\",\"logo\":{\"@type\":\"ImageObject\",\"inLanguage\":\"ar\",\"@id\":\"https:\\\/\\\/vitablanca.ma\\\/#\\\/schema\\\/logo\\\/image\\\/\",\"url\":\"https:\\\/\\\/vitablanca.ma\\\/wp-content\\\/uploads\\\/2025\\\/05\\\/cropped-vitablanca.png\",\"contentUrl\":\"https:\\\/\\\/vitablanca.ma\\\/wp-content\\\/uploads\\\/2025\\\/05\\\/cropped-vitablanca.png\",\"width\":360,\"height\":67,\"caption\":\"VitaBlanca\"},\"image\":{\"@id\":\"https:\\\/\\\/vitablanca.ma\\\/#\\\/schema\\\/logo\\\/image\\\/\"},\"sameAs\":[\"https:\\\/\\\/www.facebook.com\\\/profile.php?id=61576678196717\",\"https:\\\/\\\/www.tiktok.com\\\/@vitablanca.ma\",\"https:\\\/\\\/www.instagram.com\\\/vitablanca.ma\\\/\"]}]}<\/script>\n<!-- \/ Yoast SEO plugin. -->","yoast_head_json":{"title":"California Gold Nutrition Collag\u00e8ne Marin Hydrolys\u00e9 \u2013 Maroc Prix","description":"California Gold Nutrition peptides de collag\u00e8ne marin hydrolys\u00e9, non aromatis\u00e9. Soutient la sant\u00e9 de la peau, des cheveux, des ongles et des articulations","robots":{"index":"index","follow":"follow","max-snippet":"max-snippet:-1","max-image-preview":"max-image-preview:large","max-video-preview":"max-video-preview:-1"},"canonical":"https:\/\/vitablanca.ma\/ar\/product-2\/california-gold-nutrition-peptides-de-collagene-marin-hydrolyse-non-aromatise-200-g-maroc-prix\/","og_locale":"ar_AR","og_type":"article","og_title":"California Gold Nutrition Collag\u00e8ne Marin Hydrolys\u00e9 \u2013 Maroc Prix","og_description":"California Gold Nutrition peptides de collag\u00e8ne marin hydrolys\u00e9, non aromatis\u00e9. Soutient la sant\u00e9 de la peau, des cheveux, des ongles et des articulations","og_url":"https:\/\/vitablanca.ma\/ar\/product-2\/california-gold-nutrition-peptides-de-collagene-marin-hydrolyse-non-aromatise-200-g-maroc-prix\/","og_site_name":"Vitablanca.ma &ndash; Sant&eacute;, vitalit&eacute; et bien-&ecirc;tre pour tous les Marocains","article_publisher":"https:\/\/www.facebook.com\/profile.php?id=61576678196717","article_modified_time":"2026-03-28T17:51:57+00:00","og_image":[{"width":1600,"height":1600,"url":"https:\/\/vitablanca.ma\/wp-content\/uploads\/2026\/03\/California-Gold-Nutrition-Peptides-de-collagene-marin-hydrolyse-Non-aromatise-200-g1.jpg","type":"image\/jpeg"}],"twitter_card":"summary_large_image","twitter_misc":{"\u0648\u0642\u062a \u0627\u0644\u0642\u0631\u0627\u0621\u0629 \u0627\u0644\u0645\u064f\u0642\u062f\u0651\u0631":"\u062f\u0642\u064a\u0642\u062a\u0627\u0646"},"schema":{"@context":"https:\/\/schema.org","@graph":[{"@type":["WebPage","ItemPage"],"@id":"https:\/\/vitablanca.ma\/produit\/california-gold-nutrition-peptides-de-collagene-marin-hydrolyse-non-aromatise-200-g-maroc-prix\/","url":"https:\/\/vitablanca.ma\/produit\/california-gold-nutrition-peptides-de-collagene-marin-hydrolyse-non-aromatise-200-g-maroc-prix\/","name":"California Gold Nutrition Collag\u00e8ne Marin Hydrolys\u00e9 \u2013 Maroc Prix","isPartOf":{"@id":"https:\/\/vitablanca.ma\/#website"},"primaryImageOfPage":{"@id":"https:\/\/vitablanca.ma\/produit\/california-gold-nutrition-peptides-de-collagene-marin-hydrolyse-non-aromatise-200-g-maroc-prix\/#primaryimage"},"image":{"@id":"https:\/\/vitablanca.ma\/produit\/california-gold-nutrition-peptides-de-collagene-marin-hydrolyse-non-aromatise-200-g-maroc-prix\/#primaryimage"},"thumbnailUrl":"https:\/\/vitablanca.ma\/wp-content\/uploads\/2026\/03\/California-Gold-Nutrition-Peptides-de-collagene-marin-hydrolyse-Non-aromatise-200-g1.jpg","datePublished":"2026-03-12T22:59:24+00:00","dateModified":"2026-03-28T17:51:57+00:00","description":"California Gold Nutrition peptides de collag\u00e8ne marin hydrolys\u00e9, non aromatis\u00e9. Soutient la sant\u00e9 de la peau, des cheveux, des ongles et des articulations","breadcrumb":{"@id":"https:\/\/vitablanca.ma\/produit\/california-gold-nutrition-peptides-de-collagene-marin-hydrolyse-non-aromatise-200-g-maroc-prix\/#breadcrumb"},"inLanguage":"ar","potentialAction":[{"@type":"ReadAction","target":["https:\/\/vitablanca.ma\/produit\/california-gold-nutrition-peptides-de-collagene-marin-hydrolyse-non-aromatise-200-g-maroc-prix\/"]}]},{"@type":"ImageObject","inLanguage":"ar","@id":"https:\/\/vitablanca.ma\/produit\/california-gold-nutrition-peptides-de-collagene-marin-hydrolyse-non-aromatise-200-g-maroc-prix\/#primaryimage","url":"https:\/\/vitablanca.ma\/wp-content\/uploads\/2026\/03\/California-Gold-Nutrition-Peptides-de-collagene-marin-hydrolyse-Non-aromatise-200-g1.jpg","contentUrl":"https:\/\/vitablanca.ma\/wp-content\/uploads\/2026\/03\/California-Gold-Nutrition-Peptides-de-collagene-marin-hydrolyse-Non-aromatise-200-g1.jpg","width":1600,"height":1600},{"@type":"BreadcrumbList","@id":"https:\/\/vitablanca.ma\/produit\/california-gold-nutrition-peptides-de-collagene-marin-hydrolyse-non-aromatise-200-g-maroc-prix\/#breadcrumb","itemListElement":[{"@type":"ListItem","position":1,"name":"Home","item":"https:\/\/vitablanca.ma\/"},{"@type":"ListItem","position":2,"name":"Tous Les Produits","item":"https:\/\/vitablanca.ma\/tous-les-produits\/"},{"@type":"ListItem","position":3,"name":"California Gold Nutrition, Peptides de collag\u00e8ne marin hydrolys\u00e9, Non aromatis\u00e9, 200 g"}]},{"@type":"WebSite","@id":"https:\/\/vitablanca.ma\/#website","url":"https:\/\/vitablanca.ma\/","name":"VitaBlanca.ma | \u0627\u0644\u0645\u0643\u0645\u0644\u0627\u062a \u0627\u0644\u063a\u0630\u0627\u0626\u064a\u0629\u060c \u0627\u0644\u0635\u062d\u0629 \u0648\u0627\u0644\u062c\u0645\u0627\u0644 \u0641\u064a \u0627\u0644\u0645\u063a\u0631\u0628","description":"\u0646\u0628\u064a\u0639 \u0641\u064a\u062a\u0627\u0645\u064a\u0646\u0627\u062a \u0648\u0645\u0643\u0645\u0644\u0627\u062a \u063a\u0630\u0627\u0626\u064a\u0629 \u0641\u0627\u062e\u0631\u0629 \u0645\u0646 \u0627\u0644\u0648\u0644\u0627\u064a\u0627\u062a \u0627\u0644\u0645\u062a\u062d\u062f\u0629 \u0627\u0644\u0623\u0645\u0631\u064a\u0643\u064a\u0629 \u0648\u0643\u0646\u062f\u0627 \u0648\u0646\u064a\u0648\u0632\u064a\u0644\u0646\u062f\u0627 \u0648\u0627\u0644\u0645\u063a\u0631\u0628 (\u0646\u0627\u0648 \u0641\u0648\u062f\u0632\u060c \u0633\u0648\u0644\u062c\u0627\u0631\u060c \u0645\u0627\u0646\u0648\u0643\u0627). \u062a\u0648\u0635\u064a\u0644 \u0633\u0631\u064a\u0639 \u0625\u0644\u0649 \u062c\u0645\u064a\u0639 \u0623\u0646\u062d\u0627\u0621 \u0627\u0644\u0645\u063a\u0631\u0628.","publisher":{"@id":"https:\/\/vitablanca.ma\/#organization"},"alternateName":"VitaBlanca.ma","potentialAction":[{"@type":"SearchAction","target":{"@type":"EntryPoint","urlTemplate":"https:\/\/vitablanca.ma\/?s={search_term_string}"},"query-input":{"@type":"PropertyValueSpecification","valueRequired":true,"valueName":"search_term_string"}}],"inLanguage":"ar"},{"@type":"Organization","@id":"https:\/\/vitablanca.ma\/#organization","name":"\u0641\u064a\u062a\u0627\u0628\u0644\u0627\u0646\u0643\u0627","url":"https:\/\/vitablanca.ma\/","logo":{"@type":"ImageObject","inLanguage":"ar","@id":"https:\/\/vitablanca.ma\/#\/schema\/logo\/image\/","url":"https:\/\/vitablanca.ma\/wp-content\/uploads\/2025\/05\/cropped-vitablanca.png","contentUrl":"https:\/\/vitablanca.ma\/wp-content\/uploads\/2025\/05\/cropped-vitablanca.png","width":360,"height":67,"caption":"VitaBlanca"},"image":{"@id":"https:\/\/vitablanca.ma\/#\/schema\/logo\/image\/"},"sameAs":["https:\/\/www.facebook.com\/profile.php?id=61576678196717","https:\/\/www.tiktok.com\/@vitablanca.ma","https:\/\/www.instagram.com\/vitablanca.ma\/"]}]}},"jetpack_sharing_enabled":true,"_links":{"self":[{"href":"https:\/\/vitablanca.ma\/ar\/wp-json\/wp\/v2\/product\/34105","targetHints":{"allow":["GET"]}}],"collection":[{"href":"https:\/\/vitablanca.ma\/ar\/wp-json\/wp\/v2\/product"}],"about":[{"href":"https:\/\/vitablanca.ma\/ar\/wp-json\/wp\/v2\/types\/product"}],"wp:featuredmedia":[{"embeddable":true,"href":"https:\/\/vitablanca.ma\/ar\/wp-json\/wp\/v2\/media\/34106"}],"wp:attachment":[{"href":"https:\/\/vitablanca.ma\/ar\/wp-json\/wp\/v2\/media?parent=34105"}],"wp:term":[{"taxonomy":"product_brand","embeddable":true,"href":"https:\/\/vitablanca.ma\/ar\/wp-json\/wp\/v2\/product_brand?post=34105"},{"taxonomy":"product_cat","embeddable":true,"href":"https:\/\/vitablanca.ma\/ar\/wp-json\/wp\/v2\/product_cat?post=34105"},{"taxonomy":"product_tag","embeddable":true,"href":"https:\/\/vitablanca.ma\/ar\/wp-json\/wp\/v2\/product_tag?post=34105"}],"curies":[{"name":"wp","href":"https:\/\/api.w.org\/{rel}","templated":true}]}}